{"id":1662,"date":"2025-01-06T09:34:57","date_gmt":"2025-01-06T09:34:57","guid":{"rendered":"https:\/\/yazmed.ma\/?post_type=product&#038;p=1662"},"modified":"2025-07-02T19:11:16","modified_gmt":"2025-07-02T19:11:16","slug":"spirometre-minispir-portable-maroc","status":"publish","type":"product","link":"https:\/\/yazmed.ma\/ar\/product\/spirometre-minispir-portable-maroc\/","title":{"rendered":"Spirom\u00e8tre Minispir La spirom\u00e9trie-Maroc"},"content":{"rendered":"<p><strong>\u00a0Spirom\u00e8tre Minispir<\/strong><\/p>\n<h3><strong>Description du produit Spirom\u00e8tre Minispir :<\/strong><\/h3>\n<p>Le spirom\u00e8tre Minispir de MIR est id\u00e9al pour la spirom\u00e9trie en pneumologie et en m\u00e9decine g\u00e9n\u00e9rale. L\u2019examen est r\u00e9alis\u00e9 gr\u00e2ce \u00e0 la turbine bidirectionnelle digitale et r\u00e9pond aux standards modernes de spirom\u00e9trie. Avec le logiciel WinspiroPRO, le spirom\u00e8tre fournit d\u2019excellents r\u00e9sultats : affichage en temps r\u00e9el de la courbe de capacit\u00e9 respiratoire, large choix de fonctions compl\u00e9mentaires (par exemple graphiques de tendance sp\u00e9cifiques aux patients, pronostics et comparaison des bronchodilatateurs) et int\u00e9gration sans barri\u00e8re au syst\u00e8me du cabinet via l\u2019interface GDT et le standard HL7.<\/p>\n<h3><strong>Caract\u00e9ristiques principales du produit Spirom\u00e8tre Minispir :<\/strong><\/h3>\n<ul>\n<li><strong>TEST TEMPS R\u00c9EL :\u00a0Spirom\u00e9trie : CVF, CV, CVI, VVM, PR\u00c9\/POST<\/strong><\/li>\n<li><strong>S&rsquo;EMPORTE PARTOUT :\u00a0Alimentation via USB, sans m\u00e9moire interne, sans \u00e9cran, sans entretien, \u00e9tui de transport inclus<\/strong><\/li>\n<li><strong>CONFORMIT\u00c9 ATS\/ERS 2019 :\u00a0Et autres normes incluant ISO 26782 (pour spirom\u00e9trie), ISO 23747 (pour DEP), etc. CE0476, FDA 510 (k)<\/strong><\/li>\n<li><strong>PARAM\u00c8TRES DE SPIROM\u00c9TRIE :\u00a0Spirom\u00e9trie : CVF, VEMS1, VEMS1\/CVF%, VEMS3, VEMS3\/CVF%, VEMS6, VEMS1\/VEMS6%, DEP, DEF25, DEF50, DEF75, DEF2575, TEF, ELA, EVOL, CVIF, VIMS1, DIP, VIMS1\/FIVC%, DIP, VRI, CV, CVI, CI, VRE, VEMS1\/CV%, VC, VE, FR, tI, tE, tI\/tTOT, VC\/tI, VVM<\/strong><\/li>\n<li><strong>CONNEXION Via USB :Test en temps r\u00e9el sur \u00e9cran de PC, connexion \u00e0 votre EHR\/EMR, impression de rapport m\u00e9dical, etc.<\/strong><\/li>\n<\/ul>\n<h3><strong>Caract\u00e9ristiques Particuli\u00e8res du produit Spirom\u00e8tre Minispir :<\/strong><\/h3>\n<p>ENSEMBLES ET VALEURS TH\u00c9ORIQUES:\u00a0Large s\u00e9lection, incluant comparaison %Th\u00e9or., Z-score et LLN. \u00c9quations GLI comprises.<\/p>\n<p>PRATIQUE G\u00c9N\u00c9RALE :Simple d&#8217;emploi, courbe de spirom\u00e9trie en temps r\u00e9el et r\u00e9sultats complets du test disponibles en mode PC.<\/p>\n<p>CONNECTIVIT\u00c9 EHR\/EMR :\u00a0Via PC, int\u00e9gration avec la base de donn\u00e9es des patients sur votre EHR\/EMR (en HL7, GDT).<\/p>\n<p>PR\u00c9VENTION COVID-19 :\u00a0Ensemble jetable complet avec filtre antiviral disponible pour r\u00e9duire le risque de contamination crois\u00e9e<\/p>\n<h4><strong>Points forts:<\/strong><\/h4>\n<ul>\n<li>\u00a0<strong>Se connecte directement au port USB du PC<\/strong><\/li>\n<li><strong>Boucles d\u00e9bit\/volume et courbes volume\/temps en temps r\u00e9el avec comparaison PRE\/POST<\/strong><\/li>\n<li><strong>Interpr\u00e9tation avanc\u00e9e du test de spirom\u00e9trie<\/strong><\/li>\n<li><strong>Animations pour incentives p\u00e9diatriques<\/strong><\/li>\n<li><strong>Estimation de l&rsquo;\u00e2ge pulmonaire (ELA)<\/strong><\/li>\n<li><strong>Test de provocation \u00e0 la m\u00e9thacholine et au mannitol, avec courbe dose-r\u00e9ponse VEMS<\/strong><\/li>\n<li><strong>\u00a0Capteur de temp\u00e9rature pour conversion BTPS<\/strong><\/li>\n<li><strong>\u00a0Oxym\u00e9trie en ligne (facultatif)<\/strong><\/li>\n<\/ul>\n<h4><strong>Toujours inclus :<\/strong><\/h4>\n<ul>\n<li>\u00c9tui de transport<\/li>\n<li>C\u00e2ble USB<\/li>\n<li>Pince-nez<\/li>\n<\/ul>","protected":false},"excerpt":{"rendered":"<p><strong>\u00a0Spirom\u00e8tre Minispir<\/strong><\/p>\n<h3><strong>Description du produit Spirom\u00e8tre Minispir :<\/strong><\/h3>\n<p>Le spirom\u00e8tre Minispir de MIR est id\u00e9al pour la spirom\u00e9trie en pneumologie et en m\u00e9decine g\u00e9n\u00e9rale. L\u2019examen est r\u00e9alis\u00e9 gr\u00e2ce \u00e0 la turbine bidirectionnelle digitale et r\u00e9pond aux standards modernes de spirom\u00e9trie. Avec le logiciel WinspiroPRO, le spirom\u00e8tre fournit d\u2019excellents r\u00e9sultats : affichage en temps r\u00e9el de la courbe de capacit\u00e9 respiratoire, large choix de fonctions compl\u00e9mentaires (par exemple graphiques de tendance sp\u00e9cifiques aux patients, pronostics et comparaison des bronchodilatateurs) et int\u00e9gration sans barri\u00e8re au syst\u00e8me du cabinet via l\u2019interface GDT et le standard HL7.<\/p>\n<p class=\"lightfont\"><span class=\"like-h3\"><strong>Principales caract\u00e9ristiques<\/strong><\/span><\/p>\n<ul class=\"normal\">\n<li>\n<h5>Tests en temps r\u00e9el via PC<\/h5>\n<\/li>\n<li>\n<h5>Les param\u00e8tres mesur\u00e9s incluent DEP, FEV1 et Fev1\/FVC<\/h5>\n<\/li>\n<li>\n<h5>Fiabilit\u00e9 am\u00e9lior\u00e9e<\/h5>\n<\/li>\n<li>\n<h5>Options de connectivit\u00e9 DSE\/DME<\/h5>\n<\/li>\n<li>\n<h5>C\u00e2ble USB int\u00e9gr\u00e9 pour des tests efficaces et fiables<\/h5>\n<\/li>\n<li>\n<h5>Appareil portable pour une portabilit\u00e9 compl\u00e8te<\/h5>\n<\/li>\n<li>\n<h5>Compatible ATS\/ERS 2019<\/h5>\n<\/li>\n<\/ul>","protected":false},"featured_media":1901,"comment_status":"open","ping_status":"closed","template":"","meta":[],"product_brand":[],"product_cat":[50,58],"product_tag":[160],"class_list":{"0":"post-1662","1":"product","2":"type-product","3":"status-publish","4":"has-post-thumbnail","6":"product_cat-appareillages-diagnostic","7":"product_cat-nouvelle-collection","8":"product_tag-spirometre-minispir","10":"first","11":"instock","12":"taxable","13":"shipping-taxable","14":"purchasable","15":"product-type-simple"},"yoast_head":"<!-- This site is optimized with the Yoast SEO plugin v26.9 - https:\/\/yoast.com\/product\/yoast-seo-wordpress\/ -->\n<title>Spirom\u00e8tre Minispir La spirom\u00e9trie-Maroc - YAZMED<\/title>\n<meta name=\"robots\" content=\"index, follow, max-snippet:-1, max-image-preview:large, max-video-preview:-1\" \/>\n<link rel=\"canonical\" href=\"https:\/\/yazmed.ma\/ar\/product\/spirometre-minispir-la-spirometrie\/\" \/>\n<meta property=\"og:locale\" content=\"ar_AR\" \/>\n<meta property=\"og:type\" content=\"article\" \/>\n<meta property=\"og:title\" content=\"Spirom\u00e8tre Minispir La spirom\u00e9trie-Maroc - YAZMED\" \/>\n<meta property=\"og:description\" content=\"\u00a0Spirom\u00e8tre Minispir Description du produit Spirom\u00e8tre Minispir : Le spirom\u00e8tre Minispir de MIR est id\u00e9al pour la spirom\u00e9trie en pneumologie et en m\u00e9decine g\u00e9n\u00e9rale. L\u2019examen est r\u00e9alis\u00e9 gr\u00e2ce \u00e0 la turbine bidirectionnelle digitale et r\u00e9pond aux standards modernes de spirom\u00e9trie. Avec le logiciel WinspiroPRO, le spirom\u00e8tre fournit d\u2019excellents r\u00e9sultats : affichage en temps r\u00e9el de la courbe de capacit\u00e9 respiratoire, large choix de fonctions compl\u00e9mentaires (par exemple graphiques de tendance sp\u00e9cifiques aux patients, pronostics et comparaison des bronchodilatateurs) et int\u00e9gration sans barri\u00e8re au syst\u00e8me du cabinet via l\u2019interface GDT et le standard HL7. Principales caract\u00e9ristiques     Tests en temps r\u00e9el via PC    Les param\u00e8tres mesur\u00e9s incluent DEP, FEV1 et Fev1\/FVC    Fiabilit\u00e9 am\u00e9lior\u00e9e    Options de connectivit\u00e9 DSE\/DME    C\u00e2ble USB int\u00e9gr\u00e9 pour des tests efficaces et fiables    Appareil portable pour une portabilit\u00e9 compl\u00e8te    Compatible ATS\/ERS 2019\" \/>\n<meta property=\"og:url\" content=\"https:\/\/yazmed.ma\/ar\/product\/spirometre-minispir-la-spirometrie\/\" \/>\n<meta property=\"og:site_name\" content=\"YAZMED\" \/>\n<meta property=\"article:publisher\" content=\"https:\/\/www.facebook.com\/azenkouky\" \/>\n<meta property=\"article:modified_time\" content=\"2025-07-02T19:11:16+00:00\" \/>\n<meta property=\"og:image\" content=\"https:\/\/yazmed.ma\/wp-content\/uploads\/2025\/01\/Design-sans-titre-76.png\" \/>\n\t<meta property=\"og:image:width\" content=\"570\" \/>\n\t<meta property=\"og:image:height\" content=\"517\" \/>\n\t<meta property=\"og:image:type\" content=\"image\/png\" \/>\n<meta name=\"twitter:card\" content=\"summary_large_image\" \/>\n<meta name=\"twitter:label1\" content=\"Est. reading time\" \/>\n\t<meta name=\"twitter:data1\" content=\"2 minutes\" \/>\n<script type=\"application\/ld+json\" class=\"yoast-schema-graph\">{\"@context\":\"https:\/\/schema.org\",\"@graph\":[{\"@type\":\"WebPage\",\"@id\":\"https:\/\/yazmed.ma\/product\/spirometre-minispir-la-spirometrie\/\",\"url\":\"https:\/\/yazmed.ma\/product\/spirometre-minispir-la-spirometrie\/\",\"name\":\"Spirom\u00e8tre Minispir La spirom\u00e9trie-Maroc - YAZMED\",\"isPartOf\":{\"@id\":\"https:\/\/yazmed.ma\/#website\"},\"primaryImageOfPage\":{\"@id\":\"https:\/\/yazmed.ma\/product\/spirometre-minispir-la-spirometrie\/#primaryimage\"},\"image\":{\"@id\":\"https:\/\/yazmed.ma\/product\/spirometre-minispir-la-spirometrie\/#primaryimage\"},\"thumbnailUrl\":\"https:\/\/yazmed.ma\/wp-content\/uploads\/2025\/01\/Design-sans-titre-76.png\",\"datePublished\":\"2025-01-06T09:34:57+00:00\",\"dateModified\":\"2025-07-02T19:11:16+00:00\",\"breadcrumb\":{\"@id\":\"https:\/\/yazmed.ma\/product\/spirometre-minispir-la-spirometrie\/#breadcrumb\"},\"inLanguage\":\"ary\",\"potentialAction\":[{\"@type\":\"ReadAction\",\"target\":[\"https:\/\/yazmed.ma\/product\/spirometre-minispir-la-spirometrie\/\"]}]},{\"@type\":\"ImageObject\",\"inLanguage\":\"ary\",\"@id\":\"https:\/\/yazmed.ma\/product\/spirometre-minispir-la-spirometrie\/#primaryimage\",\"url\":\"https:\/\/yazmed.ma\/wp-content\/uploads\/2025\/01\/Design-sans-titre-76.png\",\"contentUrl\":\"https:\/\/yazmed.ma\/wp-content\/uploads\/2025\/01\/Design-sans-titre-76.png\",\"width\":570,\"height\":517,\"caption\":\"Spirom\u00e8tre Minispir La spirom\u00e9trie Yazmed Maroc\"},{\"@type\":\"BreadcrumbList\",\"@id\":\"https:\/\/yazmed.ma\/product\/spirometre-minispir-la-spirometrie\/#breadcrumb\",\"itemListElement\":[{\"@type\":\"ListItem\",\"position\":1,\"name\":\"Accueil\",\"item\":\"https:\/\/yazmed.ma\/\"},{\"@type\":\"ListItem\",\"position\":2,\"name\":\"Shop\",\"item\":\"https:\/\/yazmed.ma\/shop-2\/\"},{\"@type\":\"ListItem\",\"position\":3,\"name\":\"Spirom\u00e8tre Minispir La spirom\u00e9trie\"}]},{\"@type\":\"WebSite\",\"@id\":\"https:\/\/yazmed.ma\/#website\",\"url\":\"https:\/\/yazmed.ma\/\",\"name\":\"Yazmed\",\"description\":\"LEADER DU MAT\u00c9RIEL M\u00c9DICAL AU MAROC\",\"publisher\":{\"@id\":\"https:\/\/yazmed.ma\/#organization\"},\"potentialAction\":[{\"@type\":\"SearchAction\",\"target\":{\"@type\":\"EntryPoint\",\"urlTemplate\":\"https:\/\/yazmed.ma\/?s={search_term_string}\"},\"query-input\":{\"@type\":\"PropertyValueSpecification\",\"valueRequired\":true,\"valueName\":\"search_term_string\"}}],\"inLanguage\":\"ary\"},{\"@type\":\"Organization\",\"@id\":\"https:\/\/yazmed.ma\/#organization\",\"name\":\"Yazmed Healthcare\",\"url\":\"https:\/\/yazmed.ma\/\",\"logo\":{\"@type\":\"ImageObject\",\"inLanguage\":\"ary\",\"@id\":\"https:\/\/yazmed.ma\/#\/schema\/logo\/image\/\",\"url\":\"https:\/\/yazmed.ma\/wp-content\/uploads\/2024\/12\/3.png\",\"contentUrl\":\"https:\/\/yazmed.ma\/wp-content\/uploads\/2024\/12\/3.png\",\"width\":250,\"height\":70,\"caption\":\"Yazmed Healthcare\"},\"image\":{\"@id\":\"https:\/\/yazmed.ma\/#\/schema\/logo\/image\/\"},\"sameAs\":[\"https:\/\/www.facebook.com\/azenkouky\",\"https:\/\/www.instagram.com\/yazmedhealthcare\",\"https:\/\/www.linkedin.com\/in\/yazmed-healthcare-1b4955295\"]}]}<\/script>\n<!-- \/ Yoast SEO plugin. -->","yoast_head_json":{"title":"Spirom\u00e8tre Minispir La spirom\u00e9trie-Maroc - YAZMED","robots":{"index":"index","follow":"follow","max-snippet":"max-snippet:-1","max-image-preview":"max-image-preview:large","max-video-preview":"max-video-preview:-1"},"canonical":"https:\/\/yazmed.ma\/ar\/product\/spirometre-minispir-la-spirometrie\/","og_locale":"ar_AR","og_type":"article","og_title":"Spirom\u00e8tre Minispir La spirom\u00e9trie-Maroc - YAZMED","og_description":"\u00a0Spirom\u00e8tre Minispir Description du produit Spirom\u00e8tre Minispir : Le spirom\u00e8tre Minispir de MIR est id\u00e9al pour la spirom\u00e9trie en pneumologie et en m\u00e9decine g\u00e9n\u00e9rale. L\u2019examen est r\u00e9alis\u00e9 gr\u00e2ce \u00e0 la turbine bidirectionnelle digitale et r\u00e9pond aux standards modernes de spirom\u00e9trie. Avec le logiciel WinspiroPRO, le spirom\u00e8tre fournit d\u2019excellents r\u00e9sultats : affichage en temps r\u00e9el de la courbe de capacit\u00e9 respiratoire, large choix de fonctions compl\u00e9mentaires (par exemple graphiques de tendance sp\u00e9cifiques aux patients, pronostics et comparaison des bronchodilatateurs) et int\u00e9gration sans barri\u00e8re au syst\u00e8me du cabinet via l\u2019interface GDT et le standard HL7. Principales caract\u00e9ristiques     Tests en temps r\u00e9el via PC    Les param\u00e8tres mesur\u00e9s incluent DEP, FEV1 et Fev1\/FVC    Fiabilit\u00e9 am\u00e9lior\u00e9e    Options de connectivit\u00e9 DSE\/DME    C\u00e2ble USB int\u00e9gr\u00e9 pour des tests efficaces et fiables    Appareil portable pour une portabilit\u00e9 compl\u00e8te    Compatible ATS\/ERS 2019","og_url":"https:\/\/yazmed.ma\/ar\/product\/spirometre-minispir-la-spirometrie\/","og_site_name":"YAZMED","article_publisher":"https:\/\/www.facebook.com\/azenkouky","article_modified_time":"2025-07-02T19:11:16+00:00","og_image":[{"width":570,"height":517,"url":"https:\/\/yazmed.ma\/wp-content\/uploads\/2025\/01\/Design-sans-titre-76.png","type":"image\/png"}],"twitter_card":"summary_large_image","twitter_misc":{"Est. reading time":"2 minutes"},"schema":{"@context":"https:\/\/schema.org","@graph":[{"@type":"WebPage","@id":"https:\/\/yazmed.ma\/product\/spirometre-minispir-la-spirometrie\/","url":"https:\/\/yazmed.ma\/product\/spirometre-minispir-la-spirometrie\/","name":"Spirom\u00e8tre Minispir La spirom\u00e9trie-Maroc - YAZMED","isPartOf":{"@id":"https:\/\/yazmed.ma\/#website"},"primaryImageOfPage":{"@id":"https:\/\/yazmed.ma\/product\/spirometre-minispir-la-spirometrie\/#primaryimage"},"image":{"@id":"https:\/\/yazmed.ma\/product\/spirometre-minispir-la-spirometrie\/#primaryimage"},"thumbnailUrl":"https:\/\/yazmed.ma\/wp-content\/uploads\/2025\/01\/Design-sans-titre-76.png","datePublished":"2025-01-06T09:34:57+00:00","dateModified":"2025-07-02T19:11:16+00:00","breadcrumb":{"@id":"https:\/\/yazmed.ma\/product\/spirometre-minispir-la-spirometrie\/#breadcrumb"},"inLanguage":"ary","potentialAction":[{"@type":"ReadAction","target":["https:\/\/yazmed.ma\/product\/spirometre-minispir-la-spirometrie\/"]}]},{"@type":"ImageObject","inLanguage":"ary","@id":"https:\/\/yazmed.ma\/product\/spirometre-minispir-la-spirometrie\/#primaryimage","url":"https:\/\/yazmed.ma\/wp-content\/uploads\/2025\/01\/Design-sans-titre-76.png","contentUrl":"https:\/\/yazmed.ma\/wp-content\/uploads\/2025\/01\/Design-sans-titre-76.png","width":570,"height":517,"caption":"Spirom\u00e8tre Minispir La spirom\u00e9trie Yazmed Maroc"},{"@type":"BreadcrumbList","@id":"https:\/\/yazmed.ma\/product\/spirometre-minispir-la-spirometrie\/#breadcrumb","itemListElement":[{"@type":"ListItem","position":1,"name":"Accueil","item":"https:\/\/yazmed.ma\/"},{"@type":"ListItem","position":2,"name":"Shop","item":"https:\/\/yazmed.ma\/shop-2\/"},{"@type":"ListItem","position":3,"name":"Spirom\u00e8tre Minispir La spirom\u00e9trie"}]},{"@type":"WebSite","@id":"https:\/\/yazmed.ma\/#website","url":"https:\/\/yazmed.ma\/","name":"Yazmed","description":"LEADER DU MAT\u00c9RIEL M\u00c9DICAL AU MAROC","publisher":{"@id":"https:\/\/yazmed.ma\/#organization"},"potentialAction":[{"@type":"SearchAction","target":{"@type":"EntryPoint","urlTemplate":"https:\/\/yazmed.ma\/?s={search_term_string}"},"query-input":{"@type":"PropertyValueSpecification","valueRequired":true,"valueName":"search_term_string"}}],"inLanguage":"ary"},{"@type":"Organization","@id":"https:\/\/yazmed.ma\/#organization","name":"Yazmed Healthcare","url":"https:\/\/yazmed.ma\/","logo":{"@type":"ImageObject","inLanguage":"ary","@id":"https:\/\/yazmed.ma\/#\/schema\/logo\/image\/","url":"https:\/\/yazmed.ma\/wp-content\/uploads\/2024\/12\/3.png","contentUrl":"https:\/\/yazmed.ma\/wp-content\/uploads\/2024\/12\/3.png","width":250,"height":70,"caption":"Yazmed Healthcare"},"image":{"@id":"https:\/\/yazmed.ma\/#\/schema\/logo\/image\/"},"sameAs":["https:\/\/www.facebook.com\/azenkouky","https:\/\/www.instagram.com\/yazmedhealthcare","https:\/\/www.linkedin.com\/in\/yazmed-healthcare-1b4955295"]}]}},"_links":{"self":[{"href":"https:\/\/yazmed.ma\/ar\/wp-json\/wp\/v2\/product\/1662","targetHints":{"allow":["GET"]}}],"collection":[{"href":"https:\/\/yazmed.ma\/ar\/wp-json\/wp\/v2\/product"}],"about":[{"href":"https:\/\/yazmed.ma\/ar\/wp-json\/wp\/v2\/types\/product"}],"replies":[{"embeddable":true,"href":"https:\/\/yazmed.ma\/ar\/wp-json\/wp\/v2\/comments?post=1662"}],"version-history":[{"count":1,"href":"https:\/\/yazmed.ma\/ar\/wp-json\/wp\/v2\/product\/1662\/revisions"}],"predecessor-version":[{"id":2589,"href":"https:\/\/yazmed.ma\/ar\/wp-json\/wp\/v2\/product\/1662\/revisions\/2589"}],"wp:featuredmedia":[{"embeddable":true,"href":"https:\/\/yazmed.ma\/ar\/wp-json\/wp\/v2\/media\/1901"}],"wp:attachment":[{"href":"https:\/\/yazmed.ma\/ar\/wp-json\/wp\/v2\/media?parent=1662"}],"wp:term":[{"taxonomy":"product_brand","embeddable":true,"href":"https:\/\/yazmed.ma\/ar\/wp-json\/wp\/v2\/product_brand?post=1662"},{"taxonomy":"product_cat","embeddable":true,"href":"https:\/\/yazmed.ma\/ar\/wp-json\/wp\/v2\/product_cat?post=1662"},{"taxonomy":"product_tag","embeddable":true,"href":"https:\/\/yazmed.ma\/ar\/wp-json\/wp\/v2\/product_tag?post=1662"}],"curies":[{"name":"wp","href":"https:\/\/api.w.org\/{rel}","templated":true}]}}