{"id":1655,"date":"2025-01-05T20:23:06","date_gmt":"2025-01-05T20:23:06","guid":{"rendered":"https:\/\/yazmed.ma\/?post_type=product&#038;p=1655"},"modified":"2026-01-04T22:42:43","modified_gmt":"2026-01-04T22:42:43","slug":"canule-esthetique-23g","status":"publish","type":"product","link":"https:\/\/yazmed.ma\/ar\/product\/canule-esthetique-23g\/","title":{"rendered":"CANULE ESTH\u00c9TIQUE 23G"},"content":{"rendered":"<p>&nbsp;<\/p>\n<h3 data-start=\"766\" data-end=\"789\"><img decoding=\"async\" class=\"emoji\" role=\"img\" draggable=\"false\" src=\"https:\/\/s.w.org\/images\/core\/emoji\/16.0.1\/svg\/2705.svg\" alt=\"\u2705\" \/>Caract\u00e9ristiques<\/h3>\n<p><img decoding=\"async\" class=\"emoji\" role=\"img\" draggable=\"false\" src=\"https:\/\/s.w.org\/images\/core\/emoji\/16.0.1\/svg\/2705.svg\" alt=\"\u2705\" \/>\u00a0Pointe\u00a0<strong data-start=\"903\" data-end=\"930\">blunt (non-traumatique)<\/strong>\u00a0pour minimiser les douleurs<\/p>\n<p><strong data-start=\"963\" data-end=\"989\"><img decoding=\"async\" class=\"emoji\" role=\"img\" draggable=\"false\" src=\"https:\/\/s.w.org\/images\/core\/emoji\/16.0.1\/svg\/2705.svg\" alt=\"\u2705\" \/>\u00a0Souplesse et pr\u00e9cision<\/strong>\u00a0dans l\u2019injection<\/p>\n<p><strong data-start=\"1011\" data-end=\"1029\"><img decoding=\"async\" class=\"emoji\" role=\"img\" draggable=\"false\" src=\"https:\/\/s.w.org\/images\/core\/emoji\/16.0.1\/svg\/2705.svg\" alt=\"\u2705\" \/>\u00a0Moins de bleus<\/strong>, moins d\u2019inflammation post-traitement<\/p>\n<p><img decoding=\"async\" class=\"emoji\" role=\"img\" draggable=\"false\" src=\"https:\/\/s.w.org\/images\/core\/emoji\/16.0.1\/svg\/2705.svg\" alt=\"\u2705\" \/>\u00a0Compatibilit\u00e9 : injections d\u2019acide hyaluronique, PRP, m\u00e9soth\u00e9rapie<\/p>\n<p><img decoding=\"async\" class=\"emoji\" role=\"img\" draggable=\"false\" src=\"https:\/\/s.w.org\/images\/core\/emoji\/16.0.1\/svg\/2705.svg\" alt=\"\u2705\" \/>\u00a0Usage unique,\u00a0<strong data-start=\"1231\" data-end=\"1261\">st\u00e9rile et \u00e0 usage m\u00e9dical<\/strong><\/p>\n<p><img decoding=\"async\" class=\"emoji\" role=\"img\" draggable=\"false\" src=\"https:\/\/s.w.org\/images\/core\/emoji\/16.0.1\/svg\/2705.svg\" alt=\"\u2705\" \/>\u00a0Pr\u00e9sentation : 1 canule + 1 trocart d\u2019introduction<\/p>\n<p>Adapt\u00e9e aux injections sous-cutan\u00e9es profondes ou superficielles<\/p>\n<p>&nbsp;<\/p>","protected":false},"excerpt":{"rendered":"<h4>Les\u00a0 Micro canule esth\u00e9tique 23G<\/h4>\n<p>est un dispositif m\u00e9dical st\u00e9rile, \u00e0 usage unique, con\u00e7u pour les <a class=\"mw-redirect\" title=\"\" href=\"https:\/\/fr.wikipedia.org\/wiki\/Micro-injection\">micro-injection<\/a>\u00a0de produits de comblement (comme l&rsquo;acide hyaluronique) en m\u00e9decine esth\u00e9tique. Souple et dot\u00e9e d\u2019un embout arrondi non traumatique, elle permet une injection douce, pr\u00e9cise et s\u00e9curis\u00e9e, tout en r\u00e9duisant les risques d\u2019h\u00e9matomes, de douleur ou de l\u00e9sions vasculaires.<\/p>\n<p>&nbsp;<\/p>","protected":false},"featured_media":3083,"comment_status":"open","ping_status":"closed","template":"","meta":[],"product_brand":[],"product_cat":[52],"product_tag":[302],"class_list":{"0":"post-1655","1":"product","2":"type-product","3":"status-publish","4":"has-post-thumbnail","6":"product_cat-consommable-medical","7":"product_tag-micro-cannule-injection","9":"first","10":"instock","11":"sale","12":"taxable","13":"shipping-taxable","14":"purchasable","15":"product-type-variable"},"yoast_head":"<!-- This site is optimized with the Yoast SEO plugin v26.9 - https:\/\/yoast.com\/product\/yoast-seo-wordpress\/ -->\n<title>CANULE ESTH\u00c9TIQUE 23G - YAZMED<\/title>\n<meta name=\"robots\" content=\"index, follow, max-snippet:-1, max-image-preview:large, max-video-preview:-1\" \/>\n<link rel=\"canonical\" href=\"https:\/\/yazmed.ma\/ar\/product\/canule-esthetique\/\" \/>\n<meta property=\"og:locale\" content=\"ar_AR\" \/>\n<meta property=\"og:type\" content=\"article\" \/>\n<meta property=\"og:title\" content=\"CANULE ESTH\u00c9TIQUE 23G - YAZMED\" \/>\n<meta property=\"og:description\" content=\"Les\u00a0 Micro canule esth\u00e9tique 23G est un dispositif m\u00e9dical st\u00e9rile, \u00e0 usage unique, con\u00e7u pour les micro-injection\u00a0de produits de comblement (comme l&#039;acide hyaluronique) en m\u00e9decine esth\u00e9tique. Souple et dot\u00e9e d\u2019un embout arrondi non traumatique, elle permet une injection douce, pr\u00e9cise et s\u00e9curis\u00e9e, tout en r\u00e9duisant les risques d\u2019h\u00e9matomes, de douleur ou de l\u00e9sions vasculaires.  &nbsp;\" \/>\n<meta property=\"og:url\" content=\"https:\/\/yazmed.ma\/ar\/product\/canule-esthetique\/\" \/>\n<meta property=\"og:site_name\" content=\"YAZMED\" \/>\n<meta property=\"article:publisher\" content=\"https:\/\/www.facebook.com\/azenkouky\" \/>\n<meta property=\"article:modified_time\" content=\"2026-01-04T22:42:43+00:00\" \/>\n<meta property=\"og:image\" content=\"https:\/\/yazmed.ma\/wp-content\/uploads\/2025\/01\/CANUULE-ESTHE.webp\" \/>\n\t<meta property=\"og:image:width\" content=\"800\" \/>\n\t<meta property=\"og:image:height\" content=\"800\" \/>\n\t<meta property=\"og:image:type\" content=\"image\/webp\" \/>\n<meta name=\"twitter:card\" content=\"summary_large_image\" \/>\n<meta name=\"twitter:label1\" content=\"Est. reading time\" \/>\n\t<meta name=\"twitter:data1\" content=\"1 minute\" \/>\n<script type=\"application\/ld+json\" class=\"yoast-schema-graph\">{\"@context\":\"https:\/\/schema.org\",\"@graph\":[{\"@type\":\"WebPage\",\"@id\":\"https:\/\/yazmed.ma\/product\/canule-esthetique\/\",\"url\":\"https:\/\/yazmed.ma\/product\/canule-esthetique\/\",\"name\":\"CANULE ESTH\u00c9TIQUE 23G - YAZMED\",\"isPartOf\":{\"@id\":\"https:\/\/yazmed.ma\/#website\"},\"primaryImageOfPage\":{\"@id\":\"https:\/\/yazmed.ma\/product\/canule-esthetique\/#primaryimage\"},\"image\":{\"@id\":\"https:\/\/yazmed.ma\/product\/canule-esthetique\/#primaryimage\"},\"thumbnailUrl\":\"https:\/\/yazmed.ma\/wp-content\/uploads\/2025\/01\/CANULE-ESTHETIQUE-23G.webp\",\"datePublished\":\"2025-01-05T20:23:06+00:00\",\"dateModified\":\"2026-01-04T22:42:43+00:00\",\"breadcrumb\":{\"@id\":\"https:\/\/yazmed.ma\/product\/canule-esthetique\/#breadcrumb\"},\"inLanguage\":\"ary\",\"potentialAction\":[{\"@type\":\"ReadAction\",\"target\":[\"https:\/\/yazmed.ma\/product\/canule-esthetique\/\"]}]},{\"@type\":\"ImageObject\",\"inLanguage\":\"ary\",\"@id\":\"https:\/\/yazmed.ma\/product\/canule-esthetique\/#primaryimage\",\"url\":\"https:\/\/yazmed.ma\/wp-content\/uploads\/2025\/01\/CANULE-ESTHETIQUE-23G.webp\",\"contentUrl\":\"https:\/\/yazmed.ma\/wp-content\/uploads\/2025\/01\/CANULE-ESTHETIQUE-23G.webp\",\"width\":300,\"height\":300,\"caption\":\"CANULE ESTH\u00c9TIQUE 23G\"},{\"@type\":\"BreadcrumbList\",\"@id\":\"https:\/\/yazmed.ma\/product\/canule-esthetique\/#breadcrumb\",\"itemListElement\":[{\"@type\":\"ListItem\",\"position\":1,\"name\":\"Accueil\",\"item\":\"https:\/\/yazmed.ma\/\"},{\"@type\":\"ListItem\",\"position\":2,\"name\":\"Shop\",\"item\":\"https:\/\/yazmed.ma\/shop-2\/\"},{\"@type\":\"ListItem\",\"position\":3,\"name\":\"CANULE ESTH\u00c9TIQUE\"}]},{\"@type\":\"WebSite\",\"@id\":\"https:\/\/yazmed.ma\/#website\",\"url\":\"https:\/\/yazmed.ma\/\",\"name\":\"Yazmed\",\"description\":\"LEADER DU MAT\u00c9RIEL M\u00c9DICAL AU MAROC\",\"publisher\":{\"@id\":\"https:\/\/yazmed.ma\/#organization\"},\"potentialAction\":[{\"@type\":\"SearchAction\",\"target\":{\"@type\":\"EntryPoint\",\"urlTemplate\":\"https:\/\/yazmed.ma\/?s={search_term_string}\"},\"query-input\":{\"@type\":\"PropertyValueSpecification\",\"valueRequired\":true,\"valueName\":\"search_term_string\"}}],\"inLanguage\":\"ary\"},{\"@type\":\"Organization\",\"@id\":\"https:\/\/yazmed.ma\/#organization\",\"name\":\"Yazmed Healthcare\",\"url\":\"https:\/\/yazmed.ma\/\",\"logo\":{\"@type\":\"ImageObject\",\"inLanguage\":\"ary\",\"@id\":\"https:\/\/yazmed.ma\/#\/schema\/logo\/image\/\",\"url\":\"https:\/\/yazmed.ma\/wp-content\/uploads\/2024\/12\/3.png\",\"contentUrl\":\"https:\/\/yazmed.ma\/wp-content\/uploads\/2024\/12\/3.png\",\"width\":250,\"height\":70,\"caption\":\"Yazmed Healthcare\"},\"image\":{\"@id\":\"https:\/\/yazmed.ma\/#\/schema\/logo\/image\/\"},\"sameAs\":[\"https:\/\/www.facebook.com\/azenkouky\",\"https:\/\/www.instagram.com\/yazmedhealthcare\",\"https:\/\/www.linkedin.com\/in\/yazmed-healthcare-1b4955295\"]}]}<\/script>\n<!-- \/ Yoast SEO plugin. -->","yoast_head_json":{"title":"CANULE ESTH\u00c9TIQUE 23G - YAZMED","robots":{"index":"index","follow":"follow","max-snippet":"max-snippet:-1","max-image-preview":"max-image-preview:large","max-video-preview":"max-video-preview:-1"},"canonical":"https:\/\/yazmed.ma\/ar\/product\/canule-esthetique\/","og_locale":"ar_AR","og_type":"article","og_title":"CANULE ESTH\u00c9TIQUE 23G - YAZMED","og_description":"Les\u00a0 Micro canule esth\u00e9tique 23G est un dispositif m\u00e9dical st\u00e9rile, \u00e0 usage unique, con\u00e7u pour les micro-injection\u00a0de produits de comblement (comme l'acide hyaluronique) en m\u00e9decine esth\u00e9tique. Souple et dot\u00e9e d\u2019un embout arrondi non traumatique, elle permet une injection douce, pr\u00e9cise et s\u00e9curis\u00e9e, tout en r\u00e9duisant les risques d\u2019h\u00e9matomes, de douleur ou de l\u00e9sions vasculaires.  &nbsp;","og_url":"https:\/\/yazmed.ma\/ar\/product\/canule-esthetique\/","og_site_name":"YAZMED","article_publisher":"https:\/\/www.facebook.com\/azenkouky","article_modified_time":"2026-01-04T22:42:43+00:00","og_image":[{"width":800,"height":800,"url":"https:\/\/yazmed.ma\/wp-content\/uploads\/2025\/01\/CANUULE-ESTHE.webp","type":"image\/webp"}],"twitter_card":"summary_large_image","twitter_misc":{"Est. reading time":"1 minute"},"schema":{"@context":"https:\/\/schema.org","@graph":[{"@type":"WebPage","@id":"https:\/\/yazmed.ma\/product\/canule-esthetique\/","url":"https:\/\/yazmed.ma\/product\/canule-esthetique\/","name":"CANULE ESTH\u00c9TIQUE 23G - YAZMED","isPartOf":{"@id":"https:\/\/yazmed.ma\/#website"},"primaryImageOfPage":{"@id":"https:\/\/yazmed.ma\/product\/canule-esthetique\/#primaryimage"},"image":{"@id":"https:\/\/yazmed.ma\/product\/canule-esthetique\/#primaryimage"},"thumbnailUrl":"https:\/\/yazmed.ma\/wp-content\/uploads\/2025\/01\/CANULE-ESTHETIQUE-23G.webp","datePublished":"2025-01-05T20:23:06+00:00","dateModified":"2026-01-04T22:42:43+00:00","breadcrumb":{"@id":"https:\/\/yazmed.ma\/product\/canule-esthetique\/#breadcrumb"},"inLanguage":"ary","potentialAction":[{"@type":"ReadAction","target":["https:\/\/yazmed.ma\/product\/canule-esthetique\/"]}]},{"@type":"ImageObject","inLanguage":"ary","@id":"https:\/\/yazmed.ma\/product\/canule-esthetique\/#primaryimage","url":"https:\/\/yazmed.ma\/wp-content\/uploads\/2025\/01\/CANULE-ESTHETIQUE-23G.webp","contentUrl":"https:\/\/yazmed.ma\/wp-content\/uploads\/2025\/01\/CANULE-ESTHETIQUE-23G.webp","width":300,"height":300,"caption":"CANULE ESTH\u00c9TIQUE 23G"},{"@type":"BreadcrumbList","@id":"https:\/\/yazmed.ma\/product\/canule-esthetique\/#breadcrumb","itemListElement":[{"@type":"ListItem","position":1,"name":"Accueil","item":"https:\/\/yazmed.ma\/"},{"@type":"ListItem","position":2,"name":"Shop","item":"https:\/\/yazmed.ma\/shop-2\/"},{"@type":"ListItem","position":3,"name":"CANULE ESTH\u00c9TIQUE"}]},{"@type":"WebSite","@id":"https:\/\/yazmed.ma\/#website","url":"https:\/\/yazmed.ma\/","name":"Yazmed","description":"LEADER DU MAT\u00c9RIEL M\u00c9DICAL AU MAROC","publisher":{"@id":"https:\/\/yazmed.ma\/#organization"},"potentialAction":[{"@type":"SearchAction","target":{"@type":"EntryPoint","urlTemplate":"https:\/\/yazmed.ma\/?s={search_term_string}"},"query-input":{"@type":"PropertyValueSpecification","valueRequired":true,"valueName":"search_term_string"}}],"inLanguage":"ary"},{"@type":"Organization","@id":"https:\/\/yazmed.ma\/#organization","name":"Yazmed Healthcare","url":"https:\/\/yazmed.ma\/","logo":{"@type":"ImageObject","inLanguage":"ary","@id":"https:\/\/yazmed.ma\/#\/schema\/logo\/image\/","url":"https:\/\/yazmed.ma\/wp-content\/uploads\/2024\/12\/3.png","contentUrl":"https:\/\/yazmed.ma\/wp-content\/uploads\/2024\/12\/3.png","width":250,"height":70,"caption":"Yazmed Healthcare"},"image":{"@id":"https:\/\/yazmed.ma\/#\/schema\/logo\/image\/"},"sameAs":["https:\/\/www.facebook.com\/azenkouky","https:\/\/www.instagram.com\/yazmedhealthcare","https:\/\/www.linkedin.com\/in\/yazmed-healthcare-1b4955295"]}]}},"_links":{"self":[{"href":"https:\/\/yazmed.ma\/ar\/wp-json\/wp\/v2\/product\/1655","targetHints":{"allow":["GET"]}}],"collection":[{"href":"https:\/\/yazmed.ma\/ar\/wp-json\/wp\/v2\/product"}],"about":[{"href":"https:\/\/yazmed.ma\/ar\/wp-json\/wp\/v2\/types\/product"}],"replies":[{"embeddable":true,"href":"https:\/\/yazmed.ma\/ar\/wp-json\/wp\/v2\/comments?post=1655"}],"version-history":[{"count":1,"href":"https:\/\/yazmed.ma\/ar\/wp-json\/wp\/v2\/product\/1655\/revisions"}],"predecessor-version":[{"id":2862,"href":"https:\/\/yazmed.ma\/ar\/wp-json\/wp\/v2\/product\/1655\/revisions\/2862"}],"wp:featuredmedia":[{"embeddable":true,"href":"https:\/\/yazmed.ma\/ar\/wp-json\/wp\/v2\/media\/3083"}],"wp:attachment":[{"href":"https:\/\/yazmed.ma\/ar\/wp-json\/wp\/v2\/media?parent=1655"}],"wp:term":[{"taxonomy":"product_brand","embeddable":true,"href":"https:\/\/yazmed.ma\/ar\/wp-json\/wp\/v2\/product_brand?post=1655"},{"taxonomy":"product_cat","embeddable":true,"href":"https:\/\/yazmed.ma\/ar\/wp-json\/wp\/v2\/product_cat?post=1655"},{"taxonomy":"product_tag","embeddable":true,"href":"https:\/\/yazmed.ma\/ar\/wp-json\/wp\/v2\/product_tag?post=1655"}],"curies":[{"name":"wp","href":"https:\/\/api.w.org\/{rel}","templated":true}]}}