{"id":1628,"date":"2025-01-05T19:14:36","date_gmt":"2025-01-05T19:14:36","guid":{"rendered":"https:\/\/yazmed.ma\/?post_type=product&#038;p=1628"},"modified":"2026-03-28T14:04:24","modified_gmt":"2026-03-28T14:04:24","slug":"cartouch-dr-pen-a1","status":"publish","type":"product","link":"https:\/\/yazmed.ma\/ar\/product\/cartouch-dr-pen-a1\/","title":{"rendered":"CARTOUCH DR PEN A1 ESTH\u00c9TIQUE"},"content":{"rendered":"<div id=\"availability_feature_div\" class=\"celwidget\" data-feature-name=\"availability\" data-csa-c-type=\"widget\" data-csa-c-content-id=\"availability\" data-csa-c-slot-id=\"availability_feature_div\" data-csa-c-asin=\"B07FF7LTV3\" data-csa-c-is-in-initial-active-row=\"false\" data-csa-c-id=\"evvh57-ecv7fk-vnnk7r-xva87\" data-cel-widget=\"availability_feature_div\">\n<div><\/div>\n<div class=\"a-section a-spacing-mini\">\n<h3 data-start=\"766\" data-end=\"789\"><img decoding=\"async\" class=\"emoji\" role=\"img\" draggable=\"false\" src=\"https:\/\/s.w.org\/images\/core\/emoji\/16.0.1\/svg\/2705.svg\" alt=\"\u2705\" \/>\u00a0Caract\u00e9ristiques<\/h3>\n<\/div>\n<div class=\"a-section a-spacing-mini\"><img decoding=\"async\" class=\"emoji\" role=\"img\" draggable=\"false\" src=\"https:\/\/s.w.org\/images\/core\/emoji\/16.0.1\/svg\/2705.svg\" alt=\"\u2705\" \/> st\u00e9rilis\u00e9e et emball\u00e9e individuellement.<\/div>\n<\/div>\n<div id=\"featurebullets_feature_div\" class=\"celwidget\" data-feature-name=\"featurebullets\" data-csa-c-type=\"widget\" data-csa-c-content-id=\"featurebullets\" data-csa-c-slot-id=\"featurebullets_feature_div\" data-csa-c-asin=\"B07FF7LTV3\" data-csa-c-is-in-initial-active-row=\"false\" data-csa-c-id=\"i3zedi-b9eumi-obuiyk-37tgbv\" data-cel-widget=\"featurebullets_feature_div\">\n<div id=\"feature-bullets\" class=\"a-section a-spacing-medium a-spacing-top-small\">\n<p><span class=\"a-list-item\"><img decoding=\"async\" class=\"emoji\" role=\"img\" draggable=\"false\" src=\"https:\/\/s.w.org\/images\/core\/emoji\/16.0.1\/svg\/2705.svg\" alt=\"\u2705\" \/>\u00a0Chaque aiguille peut \u00eatre utilis\u00e9e 4 \u00e0 6 fois selon le traitement.<\/span><\/p>\n<p><span class=\"a-list-item\"><img decoding=\"async\" class=\"emoji\" role=\"img\" draggable=\"false\" src=\"https:\/\/s.w.org\/images\/core\/emoji\/16.0.1\/svg\/2705.svg\" alt=\"\u2705\" \/>\u00a0Att\u00e9nue l\u2019affaissement de la peau, les t\u00e2ches de vieillesse, les cicatrices (y compris les cicatrices d\u2019acn\u00e9), les pores trop dilat\u00e9s et les dommages caus\u00e9s par le soleil.<\/span><\/p>\n<p><span class=\"a-list-item\"><img decoding=\"async\" class=\"emoji\" role=\"img\" draggable=\"false\" src=\"https:\/\/s.w.org\/images\/core\/emoji\/16.0.1\/svg\/2705.svg\" alt=\"\u2705\" \/>\u00a0Stoppe la perte de cheveux due \u00e0 l\u2019\u00e2ge et restaure la sant\u00e9 et l\u2019\u00e9paisseur de ces cheveux qui font votre fiert\u00e9.<\/span><\/p>\n<p><span class=\"a-list-item\"><img decoding=\"async\" class=\"emoji\" role=\"img\" draggable=\"false\" src=\"https:\/\/s.w.org\/images\/core\/emoji\/16.0.1\/svg\/2705.svg\" alt=\"\u2705\" \/>\u00a0R\u00e9duit les rides profondes et fines ; restaure la beaut\u00e9 naturelle et la jeunesse de la peau ; r\u00e9duit la cellulite et les vergetures.<\/span><\/p>\n<\/div>\n<\/div>\n<p>&nbsp;<\/p>","protected":false},"excerpt":{"rendered":"<h4>CARTOUCHE DR PEN A1 ESTH\u00c9TIQUE<\/h4>\n<p>aiguilles de rechange originales pour stylo \u00e9lectrique \u00e0 micro-aiguilles<\/p>\n<p class=\"a-text-center aplus-container-3 aplus-h1 a-text-bold\">Am\u00e9liore la Peau, Stimule le Collag\u00e8ne pr\u00e9sente sous forme de \u00a0<a title=\"Prot\u00e9ine fibreuse\" href=\"https:\/\/fr.wikipedia.org\/wiki\/Prot%C3%A9ine_fibreuse\">fibrillaire<\/a>.<\/p>\n<p class=\"a-text-center aplus-container-3 aplus-h1 a-text-bold\">R\u00e9duit les Rides et les Cicatrices<\/p>\n<h5 class=\"a-text-center aplus-container-3 aplus-h1 a-text-bold\"><\/h5>","protected":false},"featured_media":3075,"comment_status":"open","ping_status":"closed","template":"","meta":[],"product_brand":[],"product_cat":[52],"product_tag":[],"class_list":{"0":"post-1628","1":"product","2":"type-product","3":"status-publish","4":"has-post-thumbnail","6":"product_cat-consommable-medical","8":"first","9":"instock","10":"taxable","11":"shipping-taxable","12":"purchasable","13":"product-type-variable"},"yoast_head":"<!-- This site is optimized with the Yoast SEO plugin v26.9 - https:\/\/yoast.com\/product\/yoast-seo-wordpress\/ -->\n<title>CARTOUCH DR PEN A1 ESTH\u00c9TIQUE - YAZMED<\/title>\n<meta name=\"robots\" content=\"index, follow, max-snippet:-1, max-image-preview:large, max-video-preview:-1\" \/>\n<link rel=\"canonical\" href=\"https:\/\/yazmed.ma\/ar\/product\/cartouch-dr-pen-a1\/\" \/>\n<meta property=\"og:locale\" content=\"ar_AR\" \/>\n<meta property=\"og:type\" content=\"article\" \/>\n<meta property=\"og:title\" content=\"CARTOUCH DR PEN A1 ESTH\u00c9TIQUE - YAZMED\" \/>\n<meta property=\"og:description\" content=\"CARTOUCHE DR PEN A1 ESTH\u00c9TIQUE aiguilles de rechange originales pour stylo \u00e9lectrique \u00e0 micro-aiguilles Am\u00e9liore la Peau, Stimule le Collag\u00e8ne pr\u00e9sente sous forme de \u00a0fibrillaire. R\u00e9duit les Rides et les Cicatrices\" \/>\n<meta property=\"og:url\" content=\"https:\/\/yazmed.ma\/ar\/product\/cartouch-dr-pen-a1\/\" \/>\n<meta property=\"og:site_name\" content=\"YAZMED\" \/>\n<meta property=\"article:publisher\" content=\"https:\/\/www.facebook.com\/azenkouky\" \/>\n<meta property=\"article:modified_time\" content=\"2026-03-28T14:04:24+00:00\" \/>\n<meta property=\"og:image\" content=\"https:\/\/yazmed.ma\/wp-content\/uploads\/2025\/01\/36pin_500x.webp\" \/>\n\t<meta property=\"og:image:width\" content=\"500\" \/>\n\t<meta property=\"og:image:height\" content=\"500\" \/>\n\t<meta property=\"og:image:type\" content=\"image\/webp\" \/>\n<meta name=\"twitter:card\" content=\"summary_large_image\" \/>\n<meta name=\"twitter:label1\" content=\"Est. reading time\" \/>\n\t<meta name=\"twitter:data1\" content=\"1 minute\" \/>\n<script type=\"application\/ld+json\" class=\"yoast-schema-graph\">{\"@context\":\"https:\/\/schema.org\",\"@graph\":[{\"@type\":\"WebPage\",\"@id\":\"https:\/\/yazmed.ma\/product\/cartouch-dr-pen-a1\/\",\"url\":\"https:\/\/yazmed.ma\/product\/cartouch-dr-pen-a1\/\",\"name\":\"CARTOUCH DR PEN A1 ESTH\u00c9TIQUE - YAZMED\",\"isPartOf\":{\"@id\":\"https:\/\/yazmed.ma\/#website\"},\"primaryImageOfPage\":{\"@id\":\"https:\/\/yazmed.ma\/product\/cartouch-dr-pen-a1\/#primaryimage\"},\"image\":{\"@id\":\"https:\/\/yazmed.ma\/product\/cartouch-dr-pen-a1\/#primaryimage\"},\"thumbnailUrl\":\"https:\/\/yazmed.ma\/wp-content\/uploads\/2025\/01\/CARTOUCHE-DR-PEN-A1.webp\",\"datePublished\":\"2025-01-05T19:14:36+00:00\",\"dateModified\":\"2026-03-28T14:04:24+00:00\",\"breadcrumb\":{\"@id\":\"https:\/\/yazmed.ma\/product\/cartouch-dr-pen-a1\/#breadcrumb\"},\"inLanguage\":\"ary\",\"potentialAction\":[{\"@type\":\"ReadAction\",\"target\":[\"https:\/\/yazmed.ma\/product\/cartouch-dr-pen-a1\/\"]}]},{\"@type\":\"ImageObject\",\"inLanguage\":\"ary\",\"@id\":\"https:\/\/yazmed.ma\/product\/cartouch-dr-pen-a1\/#primaryimage\",\"url\":\"https:\/\/yazmed.ma\/wp-content\/uploads\/2025\/01\/CARTOUCHE-DR-PEN-A1.webp\",\"contentUrl\":\"https:\/\/yazmed.ma\/wp-content\/uploads\/2025\/01\/CARTOUCHE-DR-PEN-A1.webp\",\"width\":300,\"height\":300,\"caption\":\"CARTOUCHE DR PEN A1\"},{\"@type\":\"BreadcrumbList\",\"@id\":\"https:\/\/yazmed.ma\/product\/cartouch-dr-pen-a1\/#breadcrumb\",\"itemListElement\":[{\"@type\":\"ListItem\",\"position\":1,\"name\":\"Accueil\",\"item\":\"https:\/\/yazmed.ma\/\"},{\"@type\":\"ListItem\",\"position\":2,\"name\":\"Shop\",\"item\":\"https:\/\/yazmed.ma\/shop-2\/\"},{\"@type\":\"ListItem\",\"position\":3,\"name\":\"CARTOUCH DR PEN A1 ESTH\u00c9TIQUE\"}]},{\"@type\":\"WebSite\",\"@id\":\"https:\/\/yazmed.ma\/#website\",\"url\":\"https:\/\/yazmed.ma\/\",\"name\":\"Yazmed\",\"description\":\"LEADER DU MAT\u00c9RIEL M\u00c9DICAL AU MAROC\",\"publisher\":{\"@id\":\"https:\/\/yazmed.ma\/#organization\"},\"potentialAction\":[{\"@type\":\"SearchAction\",\"target\":{\"@type\":\"EntryPoint\",\"urlTemplate\":\"https:\/\/yazmed.ma\/?s={search_term_string}\"},\"query-input\":{\"@type\":\"PropertyValueSpecification\",\"valueRequired\":true,\"valueName\":\"search_term_string\"}}],\"inLanguage\":\"ary\"},{\"@type\":\"Organization\",\"@id\":\"https:\/\/yazmed.ma\/#organization\",\"name\":\"Yazmed Healthcare\",\"url\":\"https:\/\/yazmed.ma\/\",\"logo\":{\"@type\":\"ImageObject\",\"inLanguage\":\"ary\",\"@id\":\"https:\/\/yazmed.ma\/#\/schema\/logo\/image\/\",\"url\":\"https:\/\/yazmed.ma\/wp-content\/uploads\/2024\/12\/3.png\",\"contentUrl\":\"https:\/\/yazmed.ma\/wp-content\/uploads\/2024\/12\/3.png\",\"width\":250,\"height\":70,\"caption\":\"Yazmed Healthcare\"},\"image\":{\"@id\":\"https:\/\/yazmed.ma\/#\/schema\/logo\/image\/\"},\"sameAs\":[\"https:\/\/www.facebook.com\/azenkouky\",\"https:\/\/www.instagram.com\/yazmedhealthcare\",\"https:\/\/www.linkedin.com\/in\/yazmed-healthcare-1b4955295\"]}]}<\/script>\n<!-- \/ Yoast SEO plugin. -->","yoast_head_json":{"title":"CARTOUCH DR PEN A1 ESTH\u00c9TIQUE - YAZMED","robots":{"index":"index","follow":"follow","max-snippet":"max-snippet:-1","max-image-preview":"max-image-preview:large","max-video-preview":"max-video-preview:-1"},"canonical":"https:\/\/yazmed.ma\/ar\/product\/cartouch-dr-pen-a1\/","og_locale":"ar_AR","og_type":"article","og_title":"CARTOUCH DR PEN A1 ESTH\u00c9TIQUE - YAZMED","og_description":"CARTOUCHE DR PEN A1 ESTH\u00c9TIQUE aiguilles de rechange originales pour stylo \u00e9lectrique \u00e0 micro-aiguilles Am\u00e9liore la Peau, Stimule le Collag\u00e8ne pr\u00e9sente sous forme de \u00a0fibrillaire. R\u00e9duit les Rides et les Cicatrices","og_url":"https:\/\/yazmed.ma\/ar\/product\/cartouch-dr-pen-a1\/","og_site_name":"YAZMED","article_publisher":"https:\/\/www.facebook.com\/azenkouky","article_modified_time":"2026-03-28T14:04:24+00:00","og_image":[{"width":500,"height":500,"url":"https:\/\/yazmed.ma\/wp-content\/uploads\/2025\/01\/36pin_500x.webp","type":"image\/webp"}],"twitter_card":"summary_large_image","twitter_misc":{"Est. reading time":"1 minute"},"schema":{"@context":"https:\/\/schema.org","@graph":[{"@type":"WebPage","@id":"https:\/\/yazmed.ma\/product\/cartouch-dr-pen-a1\/","url":"https:\/\/yazmed.ma\/product\/cartouch-dr-pen-a1\/","name":"CARTOUCH DR PEN A1 ESTH\u00c9TIQUE - YAZMED","isPartOf":{"@id":"https:\/\/yazmed.ma\/#website"},"primaryImageOfPage":{"@id":"https:\/\/yazmed.ma\/product\/cartouch-dr-pen-a1\/#primaryimage"},"image":{"@id":"https:\/\/yazmed.ma\/product\/cartouch-dr-pen-a1\/#primaryimage"},"thumbnailUrl":"https:\/\/yazmed.ma\/wp-content\/uploads\/2025\/01\/CARTOUCHE-DR-PEN-A1.webp","datePublished":"2025-01-05T19:14:36+00:00","dateModified":"2026-03-28T14:04:24+00:00","breadcrumb":{"@id":"https:\/\/yazmed.ma\/product\/cartouch-dr-pen-a1\/#breadcrumb"},"inLanguage":"ary","potentialAction":[{"@type":"ReadAction","target":["https:\/\/yazmed.ma\/product\/cartouch-dr-pen-a1\/"]}]},{"@type":"ImageObject","inLanguage":"ary","@id":"https:\/\/yazmed.ma\/product\/cartouch-dr-pen-a1\/#primaryimage","url":"https:\/\/yazmed.ma\/wp-content\/uploads\/2025\/01\/CARTOUCHE-DR-PEN-A1.webp","contentUrl":"https:\/\/yazmed.ma\/wp-content\/uploads\/2025\/01\/CARTOUCHE-DR-PEN-A1.webp","width":300,"height":300,"caption":"CARTOUCHE DR PEN A1"},{"@type":"BreadcrumbList","@id":"https:\/\/yazmed.ma\/product\/cartouch-dr-pen-a1\/#breadcrumb","itemListElement":[{"@type":"ListItem","position":1,"name":"Accueil","item":"https:\/\/yazmed.ma\/"},{"@type":"ListItem","position":2,"name":"Shop","item":"https:\/\/yazmed.ma\/shop-2\/"},{"@type":"ListItem","position":3,"name":"CARTOUCH DR PEN A1 ESTH\u00c9TIQUE"}]},{"@type":"WebSite","@id":"https:\/\/yazmed.ma\/#website","url":"https:\/\/yazmed.ma\/","name":"Yazmed","description":"LEADER DU MAT\u00c9RIEL M\u00c9DICAL AU MAROC","publisher":{"@id":"https:\/\/yazmed.ma\/#organization"},"potentialAction":[{"@type":"SearchAction","target":{"@type":"EntryPoint","urlTemplate":"https:\/\/yazmed.ma\/?s={search_term_string}"},"query-input":{"@type":"PropertyValueSpecification","valueRequired":true,"valueName":"search_term_string"}}],"inLanguage":"ary"},{"@type":"Organization","@id":"https:\/\/yazmed.ma\/#organization","name":"Yazmed Healthcare","url":"https:\/\/yazmed.ma\/","logo":{"@type":"ImageObject","inLanguage":"ary","@id":"https:\/\/yazmed.ma\/#\/schema\/logo\/image\/","url":"https:\/\/yazmed.ma\/wp-content\/uploads\/2024\/12\/3.png","contentUrl":"https:\/\/yazmed.ma\/wp-content\/uploads\/2024\/12\/3.png","width":250,"height":70,"caption":"Yazmed Healthcare"},"image":{"@id":"https:\/\/yazmed.ma\/#\/schema\/logo\/image\/"},"sameAs":["https:\/\/www.facebook.com\/azenkouky","https:\/\/www.instagram.com\/yazmedhealthcare","https:\/\/www.linkedin.com\/in\/yazmed-healthcare-1b4955295"]}]}},"_links":{"self":[{"href":"https:\/\/yazmed.ma\/ar\/wp-json\/wp\/v2\/product\/1628","targetHints":{"allow":["GET"]}}],"collection":[{"href":"https:\/\/yazmed.ma\/ar\/wp-json\/wp\/v2\/product"}],"about":[{"href":"https:\/\/yazmed.ma\/ar\/wp-json\/wp\/v2\/types\/product"}],"replies":[{"embeddable":true,"href":"https:\/\/yazmed.ma\/ar\/wp-json\/wp\/v2\/comments?post=1628"}],"version-history":[{"count":2,"href":"https:\/\/yazmed.ma\/ar\/wp-json\/wp\/v2\/product\/1628\/revisions"}],"predecessor-version":[{"id":3301,"href":"https:\/\/yazmed.ma\/ar\/wp-json\/wp\/v2\/product\/1628\/revisions\/3301"}],"wp:featuredmedia":[{"embeddable":true,"href":"https:\/\/yazmed.ma\/ar\/wp-json\/wp\/v2\/media\/3075"}],"wp:attachment":[{"href":"https:\/\/yazmed.ma\/ar\/wp-json\/wp\/v2\/media?parent=1628"}],"wp:term":[{"taxonomy":"product_brand","embeddable":true,"href":"https:\/\/yazmed.ma\/ar\/wp-json\/wp\/v2\/product_brand?post=1628"},{"taxonomy":"product_cat","embeddable":true,"href":"https:\/\/yazmed.ma\/ar\/wp-json\/wp\/v2\/product_cat?post=1628"},{"taxonomy":"product_tag","embeddable":true,"href":"https:\/\/yazmed.ma\/ar\/wp-json\/wp\/v2\/product_tag?post=1628"}],"curies":[{"name":"wp","href":"https:\/\/api.w.org\/{rel}","templated":true}]}}