{"id":1619,"date":"2025-01-05T18:57:05","date_gmt":"2025-01-05T18:57:05","guid":{"rendered":"https:\/\/yazmed.ma\/?post_type=product&#038;p=1619"},"modified":"2026-01-04T22:11:37","modified_gmt":"2026-01-04T22:11:37","slug":"tube-sous-vide-sec-4ml-boite-de-100","status":"publish","type":"product","link":"https:\/\/yazmed.ma\/ar\/product\/tube-sous-vide-sec-4ml-boite-de-100\/","title":{"rendered":"Tube sous vide sec 5 ml"},"content":{"rendered":"<h3 data-start=\"766\" data-end=\"789\"><img decoding=\"async\" class=\"emoji\" role=\"img\" draggable=\"false\" src=\"https:\/\/s.w.org\/images\/core\/emoji\/16.0.1\/svg\/2705.svg\" alt=\"\u2705\" \/>\u00a0Caract\u00e9ristiques<\/h3>\n<p><img decoding=\"async\" class=\"emoji\" role=\"img\" draggable=\"false\" src=\"https:\/\/s.w.org\/images\/core\/emoji\/16.0.1\/svg\/2705.svg\" alt=\"\u2705\" \/>\u00a0Couleur du bouchon : Rouge.<\/p>\n<p><img decoding=\"async\" class=\"emoji\" role=\"img\" draggable=\"false\" src=\"https:\/\/s.w.org\/images\/core\/emoji\/16.0.1\/svg\/2705.svg\" alt=\"\u2705\" \/>\u00a0Volume d\u2019aspiration : 0.5ml,1ml,4ml.<\/p>\n<p><img decoding=\"async\" class=\"emoji\" role=\"img\" draggable=\"false\" src=\"https:\/\/s.w.org\/images\/core\/emoji\/16.0.1\/svg\/2705.svg\" alt=\"\u2705\" \/>\u00a0Mati\u00e8re: Verre\/Poly\u00e9thyl\u00e8ne t\u00e9r\u00e9phtalate.<\/p>\n<p><img decoding=\"async\" class=\"emoji\" role=\"img\" draggable=\"false\" src=\"https:\/\/s.w.org\/images\/core\/emoji\/16.0.1\/svg\/2705.svg\" alt=\"\u2705\" \/>\u00a0Emballage : 100 tubes\/Boite.<\/p>\n<p><img decoding=\"async\" class=\"emoji\" role=\"img\" draggable=\"false\" src=\"https:\/\/s.w.org\/images\/core\/emoji\/16.0.1\/svg\/2705.svg\" alt=\"\u2705\" \/>\u00a0Applications : Analyse biochimique, analyse immunologique, test PCR,, etc\u2026<\/p>","protected":false},"excerpt":{"rendered":"<h3>Tube sous vide sec 5 ml<\/h3>\n<p>Un\u00a0<strong class=\"Yjhzub\" data-processed=\"true\"><a class=\"GI370e\" href=\"https:\/\/www.google.com\/search?q=tube+sous+vide&amp;sca_esv=a8d116dd7e3648b9&amp;biw=1280&amp;bih=551&amp;sxsrf=AE3TifN_mTnG9iwGY2HRRf7zev-uzch6WQ%3A1767564091897&amp;ei=O-Naaa_INunKi-gPi6eL0Ao&amp;ved=2ahUKEwi9uav48vKRAxW69AIHHU-6DoIQgK4QegQIARAB&amp;uact=5&amp;oq=TUBE+SOUS+VIDE+&amp;gs_lp=Egxnd3Mtd2l6LXNlcnAiD1RVQkUgU09VUyBWSURFIDIFEAAYgAQyBRAAGIAEMgUQABiABDIFEAAYgAQyBhAAGBYYHjIGEAAYFhgeMgYQABgWGB4yBhAAGBYYHjIGEAAYFhgeMgYQABgWGB5Ikj9QjQVYkTNwAngBkAEDmAFyoAHvGqoBBTE1LjIwuAEDyAEA-AEBmAISoAL6DagCFMICChAAGLADGNYEGEfCAgQQIxgnwgIIEAAYogQYiQXCAgUQABjvBcICCBAAGIAEGKIEwgINECMYgAQYJxiKBRjqAsICBxAjGCcY6gLCAg8QIxiABBgTGCcYigUY6gLCAg0QIxjwBRgnGMkCGOoCwgIQEC4YAxi0AhjqAhiPAdgBAcICEBAAGAMYtAIY6gIYjwHYAQHCAgoQIxiABBgnGIoFwgIKEAAYgAQYQxiKBcICCxAAGIAEGLEDGIMBwgIQECMY8AUYgAQYJxjJAhiKBcICBBAAGAPCAg0QABiABBixAxhDGIoFwgIIEAAYgAQYywHCAgoQABiABBgUGIcCmAML8QUR2Ktv8rS8YIgGAZAGCLoGBggBEAEYCpIHBDMuMTWgB_r2AbIHBDEuMTW4B-cNwgcHMC42LjkuM8gHWYAIAA&amp;sclient=gws-wiz-serp&amp;mstk=AUtExfD91hR3o8U0pFbf_xVbHO9dyqvB7d0PCh13yxGz1ejXriifLb1soe7__SFCcjlDOO8xIzeg4DijikfzogsuBVj6gBRZOh_7x7au7Zk85OiZpPcypfCFGU3BlZtdBlvCTILr3LvhMyKFNXI_fnygE2bmCE6zNlm7_QNLdRb3Yelstw1hVggaWsrKbA-4rGwHTL--NxlSN30yb7KBP_WL9BAHgcabrECxcIZMyTrKLliRVEl8zevVU_jLhm-Cszsxf2C2NnNG6YFjS30nI27YgwuCLNk-64nfR_lYGgpgjajIRFd6xwNVtD83njyB4GJatg&amp;csui=3\" data-wiz-uids=\"SbTM1c_c\" data-ved=\"2ahUKEwi9uav48vKRAxW69AIHHU-6DoIQgK4QegQIARAB\" data-hveid=\"CAEQAQ\" data-processed=\"true\">tube sous vide<\/a><\/strong> est un r\u00e9cipient scell\u00e9 avec une pression interne r\u00e9duite<\/p>\n<p>utilis\u00e9 principalement pour le pr\u00e9l\u00e8vement sanguin (syst\u00e8me Vacutainer) afin d&rsquo;assurer un remplissage automatique<\/p>","protected":false},"featured_media":1620,"comment_status":"open","ping_status":"closed","template":"","meta":[],"product_brand":[],"product_cat":[52],"product_tag":[],"class_list":{"0":"post-1619","1":"product","2":"type-product","3":"status-publish","4":"has-post-thumbnail","6":"product_cat-consommable-medical","8":"first","9":"instock","10":"taxable","11":"shipping-taxable","12":"purchasable","13":"product-type-simple"},"yoast_head":"<!-- This site is optimized with the Yoast SEO plugin v26.9 - https:\/\/yoast.com\/product\/yoast-seo-wordpress\/ -->\n<title>Tube sous vide sec 5 ml - YAZMED<\/title>\n<meta name=\"robots\" content=\"index, follow, max-snippet:-1, max-image-preview:large, max-video-preview:-1\" \/>\n<link rel=\"canonical\" href=\"https:\/\/yazmed.ma\/ar\/product\/tube-sous-vide-sec-4ml-boite-de-100\/\" \/>\n<meta property=\"og:locale\" content=\"ar_AR\" \/>\n<meta property=\"og:type\" content=\"article\" \/>\n<meta property=\"og:title\" content=\"Tube sous vide sec 5 ml - YAZMED\" \/>\n<meta property=\"og:description\" content=\"Tube sous vide sec 5 ml Un\u00a0tube sous vide est un r\u00e9cipient scell\u00e9 avec une pression interne r\u00e9duite  utilis\u00e9 principalement pour le pr\u00e9l\u00e8vement sanguin (syst\u00e8me Vacutainer) afin d&#039;assurer un remplissage automatique\" \/>\n<meta property=\"og:url\" content=\"https:\/\/yazmed.ma\/ar\/product\/tube-sous-vide-sec-4ml-boite-de-100\/\" \/>\n<meta property=\"og:site_name\" content=\"YAZMED\" \/>\n<meta property=\"article:publisher\" content=\"https:\/\/www.facebook.com\/azenkouky\" \/>\n<meta property=\"article:modified_time\" content=\"2026-01-04T22:11:37+00:00\" \/>\n<meta property=\"og:image\" content=\"https:\/\/yazmed.ma\/wp-content\/uploads\/2025\/01\/tsv-PET.jpg\" \/>\n\t<meta property=\"og:image:width\" content=\"1200\" \/>\n\t<meta property=\"og:image:height\" content=\"1200\" \/>\n\t<meta property=\"og:image:type\" content=\"image\/jpeg\" \/>\n<meta name=\"twitter:card\" content=\"summary_large_image\" \/>\n<meta name=\"twitter:label1\" content=\"Est. reading time\" \/>\n\t<meta name=\"twitter:data1\" content=\"1 minute\" \/>\n<script type=\"application\/ld+json\" class=\"yoast-schema-graph\">{\"@context\":\"https:\/\/schema.org\",\"@graph\":[{\"@type\":\"WebPage\",\"@id\":\"https:\/\/yazmed.ma\/product\/tube-sous-vide-sec-4ml-boite-de-100\/\",\"url\":\"https:\/\/yazmed.ma\/product\/tube-sous-vide-sec-4ml-boite-de-100\/\",\"name\":\"Tube sous vide sec 5 ml - YAZMED\",\"isPartOf\":{\"@id\":\"https:\/\/yazmed.ma\/#website\"},\"primaryImageOfPage\":{\"@id\":\"https:\/\/yazmed.ma\/product\/tube-sous-vide-sec-4ml-boite-de-100\/#primaryimage\"},\"image\":{\"@id\":\"https:\/\/yazmed.ma\/product\/tube-sous-vide-sec-4ml-boite-de-100\/#primaryimage\"},\"thumbnailUrl\":\"https:\/\/yazmed.ma\/wp-content\/uploads\/2025\/01\/tsv-PET.jpg\",\"datePublished\":\"2025-01-05T18:57:05+00:00\",\"dateModified\":\"2026-01-04T22:11:37+00:00\",\"breadcrumb\":{\"@id\":\"https:\/\/yazmed.ma\/product\/tube-sous-vide-sec-4ml-boite-de-100\/#breadcrumb\"},\"inLanguage\":\"ary\",\"potentialAction\":[{\"@type\":\"ReadAction\",\"target\":[\"https:\/\/yazmed.ma\/product\/tube-sous-vide-sec-4ml-boite-de-100\/\"]}]},{\"@type\":\"ImageObject\",\"inLanguage\":\"ary\",\"@id\":\"https:\/\/yazmed.ma\/product\/tube-sous-vide-sec-4ml-boite-de-100\/#primaryimage\",\"url\":\"https:\/\/yazmed.ma\/wp-content\/uploads\/2025\/01\/tsv-PET.jpg\",\"contentUrl\":\"https:\/\/yazmed.ma\/wp-content\/uploads\/2025\/01\/tsv-PET.jpg\",\"width\":1200,\"height\":1200,\"caption\":\"Tube sous vide sec 4ml Boite de 100 Yazmed Maroc\"},{\"@type\":\"BreadcrumbList\",\"@id\":\"https:\/\/yazmed.ma\/product\/tube-sous-vide-sec-4ml-boite-de-100\/#breadcrumb\",\"itemListElement\":[{\"@type\":\"ListItem\",\"position\":1,\"name\":\"Accueil\",\"item\":\"https:\/\/yazmed.ma\/\"},{\"@type\":\"ListItem\",\"position\":2,\"name\":\"Shop\",\"item\":\"https:\/\/yazmed.ma\/shop-2\/\"},{\"@type\":\"ListItem\",\"position\":3,\"name\":\"Tube sous vide sec 4ml Boite de 100\"}]},{\"@type\":\"WebSite\",\"@id\":\"https:\/\/yazmed.ma\/#website\",\"url\":\"https:\/\/yazmed.ma\/\",\"name\":\"Yazmed\",\"description\":\"LEADER DU MAT\u00c9RIEL M\u00c9DICAL AU MAROC\",\"publisher\":{\"@id\":\"https:\/\/yazmed.ma\/#organization\"},\"potentialAction\":[{\"@type\":\"SearchAction\",\"target\":{\"@type\":\"EntryPoint\",\"urlTemplate\":\"https:\/\/yazmed.ma\/?s={search_term_string}\"},\"query-input\":{\"@type\":\"PropertyValueSpecification\",\"valueRequired\":true,\"valueName\":\"search_term_string\"}}],\"inLanguage\":\"ary\"},{\"@type\":\"Organization\",\"@id\":\"https:\/\/yazmed.ma\/#organization\",\"name\":\"Yazmed Healthcare\",\"url\":\"https:\/\/yazmed.ma\/\",\"logo\":{\"@type\":\"ImageObject\",\"inLanguage\":\"ary\",\"@id\":\"https:\/\/yazmed.ma\/#\/schema\/logo\/image\/\",\"url\":\"https:\/\/yazmed.ma\/wp-content\/uploads\/2024\/12\/3.png\",\"contentUrl\":\"https:\/\/yazmed.ma\/wp-content\/uploads\/2024\/12\/3.png\",\"width\":250,\"height\":70,\"caption\":\"Yazmed Healthcare\"},\"image\":{\"@id\":\"https:\/\/yazmed.ma\/#\/schema\/logo\/image\/\"},\"sameAs\":[\"https:\/\/www.facebook.com\/azenkouky\",\"https:\/\/www.instagram.com\/yazmedhealthcare\",\"https:\/\/www.linkedin.com\/in\/yazmed-healthcare-1b4955295\"]}]}<\/script>\n<!-- \/ Yoast SEO plugin. -->","yoast_head_json":{"title":"Tube sous vide sec 5 ml - YAZMED","robots":{"index":"index","follow":"follow","max-snippet":"max-snippet:-1","max-image-preview":"max-image-preview:large","max-video-preview":"max-video-preview:-1"},"canonical":"https:\/\/yazmed.ma\/ar\/product\/tube-sous-vide-sec-4ml-boite-de-100\/","og_locale":"ar_AR","og_type":"article","og_title":"Tube sous vide sec 5 ml - YAZMED","og_description":"Tube sous vide sec 5 ml Un\u00a0tube sous vide est un r\u00e9cipient scell\u00e9 avec une pression interne r\u00e9duite  utilis\u00e9 principalement pour le pr\u00e9l\u00e8vement sanguin (syst\u00e8me Vacutainer) afin d'assurer un remplissage automatique","og_url":"https:\/\/yazmed.ma\/ar\/product\/tube-sous-vide-sec-4ml-boite-de-100\/","og_site_name":"YAZMED","article_publisher":"https:\/\/www.facebook.com\/azenkouky","article_modified_time":"2026-01-04T22:11:37+00:00","og_image":[{"width":1200,"height":1200,"url":"https:\/\/yazmed.ma\/wp-content\/uploads\/2025\/01\/tsv-PET.jpg","type":"image\/jpeg"}],"twitter_card":"summary_large_image","twitter_misc":{"Est. reading time":"1 minute"},"schema":{"@context":"https:\/\/schema.org","@graph":[{"@type":"WebPage","@id":"https:\/\/yazmed.ma\/product\/tube-sous-vide-sec-4ml-boite-de-100\/","url":"https:\/\/yazmed.ma\/product\/tube-sous-vide-sec-4ml-boite-de-100\/","name":"Tube sous vide sec 5 ml - YAZMED","isPartOf":{"@id":"https:\/\/yazmed.ma\/#website"},"primaryImageOfPage":{"@id":"https:\/\/yazmed.ma\/product\/tube-sous-vide-sec-4ml-boite-de-100\/#primaryimage"},"image":{"@id":"https:\/\/yazmed.ma\/product\/tube-sous-vide-sec-4ml-boite-de-100\/#primaryimage"},"thumbnailUrl":"https:\/\/yazmed.ma\/wp-content\/uploads\/2025\/01\/tsv-PET.jpg","datePublished":"2025-01-05T18:57:05+00:00","dateModified":"2026-01-04T22:11:37+00:00","breadcrumb":{"@id":"https:\/\/yazmed.ma\/product\/tube-sous-vide-sec-4ml-boite-de-100\/#breadcrumb"},"inLanguage":"ary","potentialAction":[{"@type":"ReadAction","target":["https:\/\/yazmed.ma\/product\/tube-sous-vide-sec-4ml-boite-de-100\/"]}]},{"@type":"ImageObject","inLanguage":"ary","@id":"https:\/\/yazmed.ma\/product\/tube-sous-vide-sec-4ml-boite-de-100\/#primaryimage","url":"https:\/\/yazmed.ma\/wp-content\/uploads\/2025\/01\/tsv-PET.jpg","contentUrl":"https:\/\/yazmed.ma\/wp-content\/uploads\/2025\/01\/tsv-PET.jpg","width":1200,"height":1200,"caption":"Tube sous vide sec 4ml Boite de 100 Yazmed Maroc"},{"@type":"BreadcrumbList","@id":"https:\/\/yazmed.ma\/product\/tube-sous-vide-sec-4ml-boite-de-100\/#breadcrumb","itemListElement":[{"@type":"ListItem","position":1,"name":"Accueil","item":"https:\/\/yazmed.ma\/"},{"@type":"ListItem","position":2,"name":"Shop","item":"https:\/\/yazmed.ma\/shop-2\/"},{"@type":"ListItem","position":3,"name":"Tube sous vide sec 4ml Boite de 100"}]},{"@type":"WebSite","@id":"https:\/\/yazmed.ma\/#website","url":"https:\/\/yazmed.ma\/","name":"Yazmed","description":"LEADER DU MAT\u00c9RIEL M\u00c9DICAL AU MAROC","publisher":{"@id":"https:\/\/yazmed.ma\/#organization"},"potentialAction":[{"@type":"SearchAction","target":{"@type":"EntryPoint","urlTemplate":"https:\/\/yazmed.ma\/?s={search_term_string}"},"query-input":{"@type":"PropertyValueSpecification","valueRequired":true,"valueName":"search_term_string"}}],"inLanguage":"ary"},{"@type":"Organization","@id":"https:\/\/yazmed.ma\/#organization","name":"Yazmed Healthcare","url":"https:\/\/yazmed.ma\/","logo":{"@type":"ImageObject","inLanguage":"ary","@id":"https:\/\/yazmed.ma\/#\/schema\/logo\/image\/","url":"https:\/\/yazmed.ma\/wp-content\/uploads\/2024\/12\/3.png","contentUrl":"https:\/\/yazmed.ma\/wp-content\/uploads\/2024\/12\/3.png","width":250,"height":70,"caption":"Yazmed Healthcare"},"image":{"@id":"https:\/\/yazmed.ma\/#\/schema\/logo\/image\/"},"sameAs":["https:\/\/www.facebook.com\/azenkouky","https:\/\/www.instagram.com\/yazmedhealthcare","https:\/\/www.linkedin.com\/in\/yazmed-healthcare-1b4955295"]}]}},"_links":{"self":[{"href":"https:\/\/yazmed.ma\/ar\/wp-json\/wp\/v2\/product\/1619","targetHints":{"allow":["GET"]}}],"collection":[{"href":"https:\/\/yazmed.ma\/ar\/wp-json\/wp\/v2\/product"}],"about":[{"href":"https:\/\/yazmed.ma\/ar\/wp-json\/wp\/v2\/types\/product"}],"replies":[{"embeddable":true,"href":"https:\/\/yazmed.ma\/ar\/wp-json\/wp\/v2\/comments?post=1619"}],"version-history":[{"count":1,"href":"https:\/\/yazmed.ma\/ar\/wp-json\/wp\/v2\/product\/1619\/revisions"}],"predecessor-version":[{"id":3079,"href":"https:\/\/yazmed.ma\/ar\/wp-json\/wp\/v2\/product\/1619\/revisions\/3079"}],"wp:featuredmedia":[{"embeddable":true,"href":"https:\/\/yazmed.ma\/ar\/wp-json\/wp\/v2\/media\/1620"}],"wp:attachment":[{"href":"https:\/\/yazmed.ma\/ar\/wp-json\/wp\/v2\/media?parent=1619"}],"wp:term":[{"taxonomy":"product_brand","embeddable":true,"href":"https:\/\/yazmed.ma\/ar\/wp-json\/wp\/v2\/product_brand?post=1619"},{"taxonomy":"product_cat","embeddable":true,"href":"https:\/\/yazmed.ma\/ar\/wp-json\/wp\/v2\/product_cat?post=1619"},{"taxonomy":"product_tag","embeddable":true,"href":"https:\/\/yazmed.ma\/ar\/wp-json\/wp\/v2\/product_tag?post=1619"}],"curies":[{"name":"wp","href":"https:\/\/api.w.org\/{rel}","templated":true}]}}