{"id":1616,"date":"2025-01-05T18:53:45","date_gmt":"2025-01-05T18:53:45","guid":{"rendered":"https:\/\/yazmed.ma\/?post_type=product&#038;p=1616"},"modified":"2026-01-04T22:04:19","modified_gmt":"2026-01-04T22:04:19","slug":"tube-heparine-de-lithium-5ml","status":"publish","type":"product","link":"https:\/\/yazmed.ma\/ar\/product\/tube-heparine-de-lithium-5ml\/","title":{"rendered":"Tube h\u00e9parine de lithium 5ML"},"content":{"rendered":"<div class=\"Y3BBE\" data-sfc-cp=\"\" data-hveid=\"CAIQAA\" data-processed=\"true\"><strong class=\"Yjhzub\" data-processed=\"true\"><img decoding=\"async\" class=\"emoji\" role=\"img\" draggable=\"false\" src=\"https:\/\/s.w.org\/images\/core\/emoji\/16.0.1\/svg\/2705.svg\" alt=\"\u2705\" \/>Avantages Cl\u00e9s\u00a0<\/strong><\/div>\n<p><span class=\"T286Pc\" data-sfc-cp=\"\" data-processed=\"true\"><strong class=\"Yjhzub\" data-processed=\"true\"><img decoding=\"async\" class=\"emoji\" role=\"img\" draggable=\"false\" src=\"https:\/\/s.w.org\/images\/core\/emoji\/16.0.1\/svg\/2705.svg\" alt=\"\u2705\" \/>Action Rapide<\/strong>\u00a0: L&rsquo;h\u00e9parine agit vite pour emp\u00eacher la formation de caillots, essentielle pour les analyses urgentes.<\/span><\/p>\n<p><span class=\"T286Pc\" data-sfc-cp=\"\" data-processed=\"true\"><strong class=\"Yjhzub\" data-processed=\"true\"><img decoding=\"async\" class=\"emoji\" role=\"img\" draggable=\"false\" src=\"https:\/\/s.w.org\/images\/core\/emoji\/16.0.1\/svg\/2705.svg\" alt=\"\u2705\" \/>Obtention de Plasma<\/strong>\u00a0: Permet d&rsquo;analyser le plasma (partie liquide du sang) directement, sans attendre la coagulation compl\u00e8te, ce qui est utile pour les tests biochimiques et ionogrammes.<\/span><\/p>\n<p><span class=\"T286Pc\" data-sfc-cp=\"\" data-processed=\"true\"><strong class=\"Yjhzub\" data-processed=\"true\"><img decoding=\"async\" class=\"emoji\" role=\"img\" draggable=\"false\" src=\"https:\/\/s.w.org\/images\/core\/emoji\/16.0.1\/svg\/2705.svg\" alt=\"\u2705\" \/>Efficace pour les Urgences<\/strong>\u00a0: R\u00e9duit le temps d&rsquo;attente des r\u00e9sultats en acc\u00e9l\u00e9rant la phase de centrifugation, ce qui est vital pour la prise en charge des patients.<\/span><\/p>","protected":false},"excerpt":{"rendered":"<h3>\u00a0tube h\u00e9parin\u00e9 5ML<\/h3>\n<p>pr\u00e9l\u00e8vement sanguin sous vide, reconnaissable \u00e0 son bouchon vert, contenante (de <a class=\"mw-redirect\" title=\"\" href=\"https:\/\/fr.wikipedia.org\/wiki\/Deut%C3%A9rure_de_lithium\">lithium<\/a>, de sodium ou d&rsquo;ammonium) pulv\u00e9ris\u00e9e sur ses parois, qui agit comme un anticoagulant pour emp\u00eacher la coagulation du sang, permettant ainsi l&rsquo;obtention de plasma<\/p>\n<p><img decoding=\"async\" class=\"\" src=\"https:\/\/www.dispoma.com\/wp-content\/uploads\/2024\/05\/kdim-logo.jpg\" alt=\"KDIM\" width=\"76\" height=\"76\" \/><\/p>","protected":false},"featured_media":3078,"comment_status":"open","ping_status":"closed","template":"","meta":[],"product_brand":[],"product_cat":[52],"product_tag":[241],"class_list":{"0":"post-1616","1":"product","2":"type-product","3":"status-publish","4":"has-post-thumbnail","6":"product_cat-consommable-medical","7":"product_tag-tube-heparine-5ml","9":"first","10":"instock","11":"taxable","12":"shipping-taxable","13":"purchasable","14":"product-type-simple"},"yoast_head":"<!-- This site is optimized with the Yoast SEO plugin v26.9 - https:\/\/yoast.com\/product\/yoast-seo-wordpress\/ -->\n<title>Tube h\u00e9parine de lithium 5ML - YAZMED<\/title>\n<meta name=\"robots\" content=\"index, follow, max-snippet:-1, max-image-preview:large, max-video-preview:-1\" \/>\n<link rel=\"canonical\" href=\"https:\/\/yazmed.ma\/ar\/product\/tube-sous-vide-heparine-de-lithium-4ml\/\" \/>\n<meta property=\"og:locale\" content=\"ar_AR\" \/>\n<meta property=\"og:type\" content=\"article\" \/>\n<meta property=\"og:title\" content=\"Tube h\u00e9parine de lithium 5ML - YAZMED\" \/>\n<meta property=\"og:description\" content=\"\u00a0tube h\u00e9parin\u00e9 5ML pr\u00e9l\u00e8vement sanguin sous vide, reconnaissable \u00e0 son bouchon vert, contenante (de lithium, de sodium ou d&#039;ammonium) pulv\u00e9ris\u00e9e sur ses parois, qui agit comme un anticoagulant pour emp\u00eacher la coagulation du sang, permettant ainsi l&#039;obtention de plasma\" \/>\n<meta property=\"og:url\" content=\"https:\/\/yazmed.ma\/ar\/product\/tube-sous-vide-heparine-de-lithium-4ml\/\" \/>\n<meta property=\"og:site_name\" content=\"YAZMED\" \/>\n<meta property=\"article:publisher\" content=\"https:\/\/www.facebook.com\/azenkouky\" \/>\n<meta property=\"article:modified_time\" content=\"2026-01-04T22:04:19+00:00\" \/>\n<meta property=\"og:image\" content=\"https:\/\/yazmed.ma\/wp-content\/uploads\/2025\/01\/TSV-Heparine.jpg\" \/>\n\t<meta property=\"og:image:width\" content=\"1200\" \/>\n\t<meta property=\"og:image:height\" content=\"1200\" \/>\n\t<meta property=\"og:image:type\" content=\"image\/jpeg\" \/>\n<meta name=\"twitter:card\" content=\"summary_large_image\" \/>\n<meta name=\"twitter:label1\" content=\"Est. reading time\" \/>\n\t<meta name=\"twitter:data1\" content=\"1 minute\" \/>\n<script type=\"application\/ld+json\" class=\"yoast-schema-graph\">{\"@context\":\"https:\/\/schema.org\",\"@graph\":[{\"@type\":\"WebPage\",\"@id\":\"https:\/\/yazmed.ma\/product\/tube-sous-vide-heparine-de-lithium-4ml\/\",\"url\":\"https:\/\/yazmed.ma\/product\/tube-sous-vide-heparine-de-lithium-4ml\/\",\"name\":\"Tube h\u00e9parine de lithium 5ML - YAZMED\",\"isPartOf\":{\"@id\":\"https:\/\/yazmed.ma\/#website\"},\"primaryImageOfPage\":{\"@id\":\"https:\/\/yazmed.ma\/product\/tube-sous-vide-heparine-de-lithium-4ml\/#primaryimage\"},\"image\":{\"@id\":\"https:\/\/yazmed.ma\/product\/tube-sous-vide-heparine-de-lithium-4ml\/#primaryimage\"},\"thumbnailUrl\":\"https:\/\/yazmed.ma\/wp-content\/uploads\/2025\/01\/Tube-heparine-de-lithium-5ML.webp\",\"datePublished\":\"2025-01-05T18:53:45+00:00\",\"dateModified\":\"2026-01-04T22:04:19+00:00\",\"breadcrumb\":{\"@id\":\"https:\/\/yazmed.ma\/product\/tube-sous-vide-heparine-de-lithium-4ml\/#breadcrumb\"},\"inLanguage\":\"ary\",\"potentialAction\":[{\"@type\":\"ReadAction\",\"target\":[\"https:\/\/yazmed.ma\/product\/tube-sous-vide-heparine-de-lithium-4ml\/\"]}]},{\"@type\":\"ImageObject\",\"inLanguage\":\"ary\",\"@id\":\"https:\/\/yazmed.ma\/product\/tube-sous-vide-heparine-de-lithium-4ml\/#primaryimage\",\"url\":\"https:\/\/yazmed.ma\/wp-content\/uploads\/2025\/01\/Tube-heparine-de-lithium-5ML.webp\",\"contentUrl\":\"https:\/\/yazmed.ma\/wp-content\/uploads\/2025\/01\/Tube-heparine-de-lithium-5ML.webp\",\"width\":300,\"height\":300,\"caption\":\"Tube h\u00e9parine de lithium 5ML\"},{\"@type\":\"BreadcrumbList\",\"@id\":\"https:\/\/yazmed.ma\/product\/tube-sous-vide-heparine-de-lithium-4ml\/#breadcrumb\",\"itemListElement\":[{\"@type\":\"ListItem\",\"position\":1,\"name\":\"Accueil\",\"item\":\"https:\/\/yazmed.ma\/\"},{\"@type\":\"ListItem\",\"position\":2,\"name\":\"Shop\",\"item\":\"https:\/\/yazmed.ma\/shop-2\/\"},{\"@type\":\"ListItem\",\"position\":3,\"name\":\"Tube sous vide h\u00e9parine de lithium 4ML\"}]},{\"@type\":\"WebSite\",\"@id\":\"https:\/\/yazmed.ma\/#website\",\"url\":\"https:\/\/yazmed.ma\/\",\"name\":\"Yazmed\",\"description\":\"LEADER DU MAT\u00c9RIEL M\u00c9DICAL AU MAROC\",\"publisher\":{\"@id\":\"https:\/\/yazmed.ma\/#organization\"},\"potentialAction\":[{\"@type\":\"SearchAction\",\"target\":{\"@type\":\"EntryPoint\",\"urlTemplate\":\"https:\/\/yazmed.ma\/?s={search_term_string}\"},\"query-input\":{\"@type\":\"PropertyValueSpecification\",\"valueRequired\":true,\"valueName\":\"search_term_string\"}}],\"inLanguage\":\"ary\"},{\"@type\":\"Organization\",\"@id\":\"https:\/\/yazmed.ma\/#organization\",\"name\":\"Yazmed Healthcare\",\"url\":\"https:\/\/yazmed.ma\/\",\"logo\":{\"@type\":\"ImageObject\",\"inLanguage\":\"ary\",\"@id\":\"https:\/\/yazmed.ma\/#\/schema\/logo\/image\/\",\"url\":\"https:\/\/yazmed.ma\/wp-content\/uploads\/2024\/12\/3.png\",\"contentUrl\":\"https:\/\/yazmed.ma\/wp-content\/uploads\/2024\/12\/3.png\",\"width\":250,\"height\":70,\"caption\":\"Yazmed Healthcare\"},\"image\":{\"@id\":\"https:\/\/yazmed.ma\/#\/schema\/logo\/image\/\"},\"sameAs\":[\"https:\/\/www.facebook.com\/azenkouky\",\"https:\/\/www.instagram.com\/yazmedhealthcare\",\"https:\/\/www.linkedin.com\/in\/yazmed-healthcare-1b4955295\"]}]}<\/script>\n<!-- \/ Yoast SEO plugin. -->","yoast_head_json":{"title":"Tube h\u00e9parine de lithium 5ML - YAZMED","robots":{"index":"index","follow":"follow","max-snippet":"max-snippet:-1","max-image-preview":"max-image-preview:large","max-video-preview":"max-video-preview:-1"},"canonical":"https:\/\/yazmed.ma\/ar\/product\/tube-sous-vide-heparine-de-lithium-4ml\/","og_locale":"ar_AR","og_type":"article","og_title":"Tube h\u00e9parine de lithium 5ML - YAZMED","og_description":"\u00a0tube h\u00e9parin\u00e9 5ML pr\u00e9l\u00e8vement sanguin sous vide, reconnaissable \u00e0 son bouchon vert, contenante (de lithium, de sodium ou d'ammonium) pulv\u00e9ris\u00e9e sur ses parois, qui agit comme un anticoagulant pour emp\u00eacher la coagulation du sang, permettant ainsi l'obtention de plasma","og_url":"https:\/\/yazmed.ma\/ar\/product\/tube-sous-vide-heparine-de-lithium-4ml\/","og_site_name":"YAZMED","article_publisher":"https:\/\/www.facebook.com\/azenkouky","article_modified_time":"2026-01-04T22:04:19+00:00","og_image":[{"width":1200,"height":1200,"url":"https:\/\/yazmed.ma\/wp-content\/uploads\/2025\/01\/TSV-Heparine.jpg","type":"image\/jpeg"}],"twitter_card":"summary_large_image","twitter_misc":{"Est. reading time":"1 minute"},"schema":{"@context":"https:\/\/schema.org","@graph":[{"@type":"WebPage","@id":"https:\/\/yazmed.ma\/product\/tube-sous-vide-heparine-de-lithium-4ml\/","url":"https:\/\/yazmed.ma\/product\/tube-sous-vide-heparine-de-lithium-4ml\/","name":"Tube h\u00e9parine de lithium 5ML - YAZMED","isPartOf":{"@id":"https:\/\/yazmed.ma\/#website"},"primaryImageOfPage":{"@id":"https:\/\/yazmed.ma\/product\/tube-sous-vide-heparine-de-lithium-4ml\/#primaryimage"},"image":{"@id":"https:\/\/yazmed.ma\/product\/tube-sous-vide-heparine-de-lithium-4ml\/#primaryimage"},"thumbnailUrl":"https:\/\/yazmed.ma\/wp-content\/uploads\/2025\/01\/Tube-heparine-de-lithium-5ML.webp","datePublished":"2025-01-05T18:53:45+00:00","dateModified":"2026-01-04T22:04:19+00:00","breadcrumb":{"@id":"https:\/\/yazmed.ma\/product\/tube-sous-vide-heparine-de-lithium-4ml\/#breadcrumb"},"inLanguage":"ary","potentialAction":[{"@type":"ReadAction","target":["https:\/\/yazmed.ma\/product\/tube-sous-vide-heparine-de-lithium-4ml\/"]}]},{"@type":"ImageObject","inLanguage":"ary","@id":"https:\/\/yazmed.ma\/product\/tube-sous-vide-heparine-de-lithium-4ml\/#primaryimage","url":"https:\/\/yazmed.ma\/wp-content\/uploads\/2025\/01\/Tube-heparine-de-lithium-5ML.webp","contentUrl":"https:\/\/yazmed.ma\/wp-content\/uploads\/2025\/01\/Tube-heparine-de-lithium-5ML.webp","width":300,"height":300,"caption":"Tube h\u00e9parine de lithium 5ML"},{"@type":"BreadcrumbList","@id":"https:\/\/yazmed.ma\/product\/tube-sous-vide-heparine-de-lithium-4ml\/#breadcrumb","itemListElement":[{"@type":"ListItem","position":1,"name":"Accueil","item":"https:\/\/yazmed.ma\/"},{"@type":"ListItem","position":2,"name":"Shop","item":"https:\/\/yazmed.ma\/shop-2\/"},{"@type":"ListItem","position":3,"name":"Tube sous vide h\u00e9parine de lithium 4ML"}]},{"@type":"WebSite","@id":"https:\/\/yazmed.ma\/#website","url":"https:\/\/yazmed.ma\/","name":"Yazmed","description":"LEADER DU MAT\u00c9RIEL M\u00c9DICAL AU MAROC","publisher":{"@id":"https:\/\/yazmed.ma\/#organization"},"potentialAction":[{"@type":"SearchAction","target":{"@type":"EntryPoint","urlTemplate":"https:\/\/yazmed.ma\/?s={search_term_string}"},"query-input":{"@type":"PropertyValueSpecification","valueRequired":true,"valueName":"search_term_string"}}],"inLanguage":"ary"},{"@type":"Organization","@id":"https:\/\/yazmed.ma\/#organization","name":"Yazmed Healthcare","url":"https:\/\/yazmed.ma\/","logo":{"@type":"ImageObject","inLanguage":"ary","@id":"https:\/\/yazmed.ma\/#\/schema\/logo\/image\/","url":"https:\/\/yazmed.ma\/wp-content\/uploads\/2024\/12\/3.png","contentUrl":"https:\/\/yazmed.ma\/wp-content\/uploads\/2024\/12\/3.png","width":250,"height":70,"caption":"Yazmed Healthcare"},"image":{"@id":"https:\/\/yazmed.ma\/#\/schema\/logo\/image\/"},"sameAs":["https:\/\/www.facebook.com\/azenkouky","https:\/\/www.instagram.com\/yazmedhealthcare","https:\/\/www.linkedin.com\/in\/yazmed-healthcare-1b4955295"]}]}},"_links":{"self":[{"href":"https:\/\/yazmed.ma\/ar\/wp-json\/wp\/v2\/product\/1616","targetHints":{"allow":["GET"]}}],"collection":[{"href":"https:\/\/yazmed.ma\/ar\/wp-json\/wp\/v2\/product"}],"about":[{"href":"https:\/\/yazmed.ma\/ar\/wp-json\/wp\/v2\/types\/product"}],"replies":[{"embeddable":true,"href":"https:\/\/yazmed.ma\/ar\/wp-json\/wp\/v2\/comments?post=1616"}],"version-history":[{"count":1,"href":"https:\/\/yazmed.ma\/ar\/wp-json\/wp\/v2\/product\/1616\/revisions"}],"predecessor-version":[{"id":2854,"href":"https:\/\/yazmed.ma\/ar\/wp-json\/wp\/v2\/product\/1616\/revisions\/2854"}],"wp:featuredmedia":[{"embeddable":true,"href":"https:\/\/yazmed.ma\/ar\/wp-json\/wp\/v2\/media\/3078"}],"wp:attachment":[{"href":"https:\/\/yazmed.ma\/ar\/wp-json\/wp\/v2\/media?parent=1616"}],"wp:term":[{"taxonomy":"product_brand","embeddable":true,"href":"https:\/\/yazmed.ma\/ar\/wp-json\/wp\/v2\/product_brand?post=1616"},{"taxonomy":"product_cat","embeddable":true,"href":"https:\/\/yazmed.ma\/ar\/wp-json\/wp\/v2\/product_cat?post=1616"},{"taxonomy":"product_tag","embeddable":true,"href":"https:\/\/yazmed.ma\/ar\/wp-json\/wp\/v2\/product_tag?post=1616"}],"curies":[{"name":"wp","href":"https:\/\/api.w.org\/{rel}","templated":true}]}}