{"id":1613,"date":"2025-01-05T18:42:02","date_gmt":"2025-01-05T18:42:02","guid":{"rendered":"https:\/\/yazmed.ma\/?post_type=product&#038;p=1613"},"modified":"2025-01-05T18:42:03","modified_gmt":"2025-01-05T18:42:03","slug":"concentrateur-doxygene-5l-avec-nebuliseur-2","status":"publish","type":"product","link":"https:\/\/yazmed.ma\/ar\/product\/concentrateur-doxygene-5l-avec-nebuliseur-2\/","title":{"rendered":"Concentrateur d&rsquo;oxyg\u00e8ne 5L avec n\u00e9buliseur"},"content":{"rendered":"","protected":false},"excerpt":{"rendered":"<p><strong>Garantie :\u00a0<\/strong>1 an\u00a0<em><u>(SAV &amp; pi\u00e8ces de rechanges assur\u00e9s)<\/u><\/em><\/p>\n<p><strong>Caract\u00e9ristiques :<\/strong><\/p>\n<p>&#8211; Flux max: 5 L\/min<\/p>\n<p>&#8211; Puret\u00e9 d&rsquo;oxyg\u00e8ne: 93-96%<\/p>\n<p>&#8211; Puissance: 480 watts<\/p>\n<p>&#8211; Poids: 25 Kg<\/p>\n<ul>\n<li>Performant, silencieux et robuste Optimox-5 est parfait m\u00eame pour une utilisation continue de 24h\/24h.<\/li>\n<li>Tamis mol\u00e9culaires durable et efficient.<\/li>\n<li>Ecran LCD lumineux pour les r\u00e9glages de l&rsquo;appareil<\/li>\n<li>Alarme de puret\u00e9 d&rsquo;oxyg\u00e8ne incluse.<\/li>\n<li>Certifi\u00e9 CE, ISO 13485 et approuv\u00e9 par TUV SUD<\/li>\n<\/ul>","protected":false},"featured_media":1614,"comment_status":"open","ping_status":"closed","template":"","meta":[],"product_brand":[],"product_cat":[50],"product_tag":[],"class_list":{"0":"post-1613","1":"product","2":"type-product","3":"status-publish","4":"has-post-thumbnail","6":"product_cat-appareillages-diagnostic","8":"first","9":"instock","10":"taxable","11":"shipping-taxable","12":"purchasable","13":"product-type-simple"},"yoast_head":"<!-- This site is optimized with the Yoast SEO plugin v26.9 - https:\/\/yoast.com\/product\/yoast-seo-wordpress\/ -->\n<title>Concentrateur d&#039;oxyg\u00e8ne 5L avec n\u00e9buliseur - YAZMED<\/title>\n<meta name=\"robots\" content=\"index, follow, max-snippet:-1, max-image-preview:large, max-video-preview:-1\" \/>\n<link rel=\"canonical\" href=\"https:\/\/yazmed.ma\/ar\/product\/concentrateur-doxygene-5l-avec-nebuliseur-2\/\" \/>\n<meta property=\"og:locale\" content=\"ar_AR\" \/>\n<meta property=\"og:type\" content=\"article\" \/>\n<meta property=\"og:title\" content=\"Concentrateur d&#039;oxyg\u00e8ne 5L avec n\u00e9buliseur - YAZMED\" \/>\n<meta property=\"og:description\" content=\"Garantie :\u00a01 an\u00a0(SAV &amp; pi\u00e8ces de rechanges assur\u00e9s)  Caract\u00e9ristiques :  - Flux max: 5 L\/min  - Puret\u00e9 d&#039;oxyg\u00e8ne: 93-96%  - Puissance: 480 watts  - Poids: 25 Kg   Performant, silencieux et robuste Optimox-5 est parfait m\u00eame pour une utilisation continue de 24h\/24h.  Tamis mol\u00e9culaires durable et efficient.  Ecran LCD lumineux pour les r\u00e9glages de l&#039;appareil  Alarme de puret\u00e9 d&#039;oxyg\u00e8ne incluse.  Certifi\u00e9 CE, ISO 13485 et approuv\u00e9 par TUV SUD\" \/>\n<meta property=\"og:url\" content=\"https:\/\/yazmed.ma\/ar\/product\/concentrateur-doxygene-5l-avec-nebuliseur-2\/\" \/>\n<meta property=\"og:site_name\" content=\"YAZMED\" \/>\n<meta property=\"article:publisher\" content=\"https:\/\/www.facebook.com\/azenkouky\" \/>\n<meta property=\"article:modified_time\" content=\"2025-01-05T18:42:03+00:00\" \/>\n<meta property=\"og:image\" content=\"https:\/\/yazmed.ma\/wp-content\/uploads\/2025\/01\/ecdca961-724d-4403-a3a7-55b12368bdd7-1.jpg\" \/>\n\t<meta property=\"og:image:width\" content=\"1772\" \/>\n\t<meta property=\"og:image:height\" content=\"1772\" \/>\n\t<meta property=\"og:image:type\" content=\"image\/jpeg\" \/>\n<meta name=\"twitter:card\" content=\"summary_large_image\" \/>\n<meta name=\"twitter:label1\" content=\"Est. reading time\" \/>\n\t<meta name=\"twitter:data1\" content=\"1 minute\" \/>\n<script type=\"application\/ld+json\" class=\"yoast-schema-graph\">{\"@context\":\"https:\/\/schema.org\",\"@graph\":[{\"@type\":\"WebPage\",\"@id\":\"https:\/\/yazmed.ma\/product\/concentrateur-doxygene-5l-avec-nebuliseur-2\/\",\"url\":\"https:\/\/yazmed.ma\/product\/concentrateur-doxygene-5l-avec-nebuliseur-2\/\",\"name\":\"Concentrateur d'oxyg\u00e8ne 5L avec n\u00e9buliseur - YAZMED\",\"isPartOf\":{\"@id\":\"https:\/\/yazmed.ma\/#website\"},\"primaryImageOfPage\":{\"@id\":\"https:\/\/yazmed.ma\/product\/concentrateur-doxygene-5l-avec-nebuliseur-2\/#primaryimage\"},\"image\":{\"@id\":\"https:\/\/yazmed.ma\/product\/concentrateur-doxygene-5l-avec-nebuliseur-2\/#primaryimage\"},\"thumbnailUrl\":\"https:\/\/yazmed.ma\/wp-content\/uploads\/2025\/01\/ecdca961-724d-4403-a3a7-55b12368bdd7-1.jpg\",\"datePublished\":\"2025-01-05T18:42:02+00:00\",\"dateModified\":\"2025-01-05T18:42:03+00:00\",\"breadcrumb\":{\"@id\":\"https:\/\/yazmed.ma\/product\/concentrateur-doxygene-5l-avec-nebuliseur-2\/#breadcrumb\"},\"inLanguage\":\"ary\",\"potentialAction\":[{\"@type\":\"ReadAction\",\"target\":[\"https:\/\/yazmed.ma\/product\/concentrateur-doxygene-5l-avec-nebuliseur-2\/\"]}]},{\"@type\":\"ImageObject\",\"inLanguage\":\"ary\",\"@id\":\"https:\/\/yazmed.ma\/product\/concentrateur-doxygene-5l-avec-nebuliseur-2\/#primaryimage\",\"url\":\"https:\/\/yazmed.ma\/wp-content\/uploads\/2025\/01\/ecdca961-724d-4403-a3a7-55b12368bdd7-1.jpg\",\"contentUrl\":\"https:\/\/yazmed.ma\/wp-content\/uploads\/2025\/01\/ecdca961-724d-4403-a3a7-55b12368bdd7-1.jpg\",\"width\":1772,\"height\":1772,\"caption\":\"Concentrateur d\u2019oxyg\u00e8ne 5L avec n\u00e9buliseur Yazmed Maroc\"},{\"@type\":\"BreadcrumbList\",\"@id\":\"https:\/\/yazmed.ma\/product\/concentrateur-doxygene-5l-avec-nebuliseur-2\/#breadcrumb\",\"itemListElement\":[{\"@type\":\"ListItem\",\"position\":1,\"name\":\"Accueil\",\"item\":\"https:\/\/yazmed.ma\/\"},{\"@type\":\"ListItem\",\"position\":2,\"name\":\"Shop\",\"item\":\"https:\/\/yazmed.ma\/shop-2\/\"},{\"@type\":\"ListItem\",\"position\":3,\"name\":\"Concentrateur d&#8217;oxyg\u00e8ne 5L avec n\u00e9buliseur\"}]},{\"@type\":\"WebSite\",\"@id\":\"https:\/\/yazmed.ma\/#website\",\"url\":\"https:\/\/yazmed.ma\/\",\"name\":\"Yazmed\",\"description\":\"LEADER DU MAT\u00c9RIEL M\u00c9DICAL AU MAROC\",\"publisher\":{\"@id\":\"https:\/\/yazmed.ma\/#organization\"},\"potentialAction\":[{\"@type\":\"SearchAction\",\"target\":{\"@type\":\"EntryPoint\",\"urlTemplate\":\"https:\/\/yazmed.ma\/?s={search_term_string}\"},\"query-input\":{\"@type\":\"PropertyValueSpecification\",\"valueRequired\":true,\"valueName\":\"search_term_string\"}}],\"inLanguage\":\"ary\"},{\"@type\":\"Organization\",\"@id\":\"https:\/\/yazmed.ma\/#organization\",\"name\":\"Yazmed Healthcare\",\"url\":\"https:\/\/yazmed.ma\/\",\"logo\":{\"@type\":\"ImageObject\",\"inLanguage\":\"ary\",\"@id\":\"https:\/\/yazmed.ma\/#\/schema\/logo\/image\/\",\"url\":\"https:\/\/yazmed.ma\/wp-content\/uploads\/2024\/12\/3.png\",\"contentUrl\":\"https:\/\/yazmed.ma\/wp-content\/uploads\/2024\/12\/3.png\",\"width\":250,\"height\":70,\"caption\":\"Yazmed Healthcare\"},\"image\":{\"@id\":\"https:\/\/yazmed.ma\/#\/schema\/logo\/image\/\"},\"sameAs\":[\"https:\/\/www.facebook.com\/azenkouky\",\"https:\/\/www.instagram.com\/yazmedhealthcare\",\"https:\/\/www.linkedin.com\/in\/yazmed-healthcare-1b4955295\"]}]}<\/script>\n<!-- \/ Yoast SEO plugin. -->","yoast_head_json":{"title":"Concentrateur d'oxyg\u00e8ne 5L avec n\u00e9buliseur - YAZMED","robots":{"index":"index","follow":"follow","max-snippet":"max-snippet:-1","max-image-preview":"max-image-preview:large","max-video-preview":"max-video-preview:-1"},"canonical":"https:\/\/yazmed.ma\/ar\/product\/concentrateur-doxygene-5l-avec-nebuliseur-2\/","og_locale":"ar_AR","og_type":"article","og_title":"Concentrateur d'oxyg\u00e8ne 5L avec n\u00e9buliseur - YAZMED","og_description":"Garantie :\u00a01 an\u00a0(SAV &amp; pi\u00e8ces de rechanges assur\u00e9s)  Caract\u00e9ristiques :  - Flux max: 5 L\/min  - Puret\u00e9 d'oxyg\u00e8ne: 93-96%  - Puissance: 480 watts  - Poids: 25 Kg   Performant, silencieux et robuste Optimox-5 est parfait m\u00eame pour une utilisation continue de 24h\/24h.  Tamis mol\u00e9culaires durable et efficient.  Ecran LCD lumineux pour les r\u00e9glages de l'appareil  Alarme de puret\u00e9 d'oxyg\u00e8ne incluse.  Certifi\u00e9 CE, ISO 13485 et approuv\u00e9 par TUV SUD","og_url":"https:\/\/yazmed.ma\/ar\/product\/concentrateur-doxygene-5l-avec-nebuliseur-2\/","og_site_name":"YAZMED","article_publisher":"https:\/\/www.facebook.com\/azenkouky","article_modified_time":"2025-01-05T18:42:03+00:00","og_image":[{"width":1772,"height":1772,"url":"https:\/\/yazmed.ma\/wp-content\/uploads\/2025\/01\/ecdca961-724d-4403-a3a7-55b12368bdd7-1.jpg","type":"image\/jpeg"}],"twitter_card":"summary_large_image","twitter_misc":{"Est. reading time":"1 minute"},"schema":{"@context":"https:\/\/schema.org","@graph":[{"@type":"WebPage","@id":"https:\/\/yazmed.ma\/product\/concentrateur-doxygene-5l-avec-nebuliseur-2\/","url":"https:\/\/yazmed.ma\/product\/concentrateur-doxygene-5l-avec-nebuliseur-2\/","name":"Concentrateur d'oxyg\u00e8ne 5L avec n\u00e9buliseur - YAZMED","isPartOf":{"@id":"https:\/\/yazmed.ma\/#website"},"primaryImageOfPage":{"@id":"https:\/\/yazmed.ma\/product\/concentrateur-doxygene-5l-avec-nebuliseur-2\/#primaryimage"},"image":{"@id":"https:\/\/yazmed.ma\/product\/concentrateur-doxygene-5l-avec-nebuliseur-2\/#primaryimage"},"thumbnailUrl":"https:\/\/yazmed.ma\/wp-content\/uploads\/2025\/01\/ecdca961-724d-4403-a3a7-55b12368bdd7-1.jpg","datePublished":"2025-01-05T18:42:02+00:00","dateModified":"2025-01-05T18:42:03+00:00","breadcrumb":{"@id":"https:\/\/yazmed.ma\/product\/concentrateur-doxygene-5l-avec-nebuliseur-2\/#breadcrumb"},"inLanguage":"ary","potentialAction":[{"@type":"ReadAction","target":["https:\/\/yazmed.ma\/product\/concentrateur-doxygene-5l-avec-nebuliseur-2\/"]}]},{"@type":"ImageObject","inLanguage":"ary","@id":"https:\/\/yazmed.ma\/product\/concentrateur-doxygene-5l-avec-nebuliseur-2\/#primaryimage","url":"https:\/\/yazmed.ma\/wp-content\/uploads\/2025\/01\/ecdca961-724d-4403-a3a7-55b12368bdd7-1.jpg","contentUrl":"https:\/\/yazmed.ma\/wp-content\/uploads\/2025\/01\/ecdca961-724d-4403-a3a7-55b12368bdd7-1.jpg","width":1772,"height":1772,"caption":"Concentrateur d\u2019oxyg\u00e8ne 5L avec n\u00e9buliseur Yazmed Maroc"},{"@type":"BreadcrumbList","@id":"https:\/\/yazmed.ma\/product\/concentrateur-doxygene-5l-avec-nebuliseur-2\/#breadcrumb","itemListElement":[{"@type":"ListItem","position":1,"name":"Accueil","item":"https:\/\/yazmed.ma\/"},{"@type":"ListItem","position":2,"name":"Shop","item":"https:\/\/yazmed.ma\/shop-2\/"},{"@type":"ListItem","position":3,"name":"Concentrateur d&#8217;oxyg\u00e8ne 5L avec n\u00e9buliseur"}]},{"@type":"WebSite","@id":"https:\/\/yazmed.ma\/#website","url":"https:\/\/yazmed.ma\/","name":"Yazmed","description":"LEADER DU MAT\u00c9RIEL M\u00c9DICAL AU MAROC","publisher":{"@id":"https:\/\/yazmed.ma\/#organization"},"potentialAction":[{"@type":"SearchAction","target":{"@type":"EntryPoint","urlTemplate":"https:\/\/yazmed.ma\/?s={search_term_string}"},"query-input":{"@type":"PropertyValueSpecification","valueRequired":true,"valueName":"search_term_string"}}],"inLanguage":"ary"},{"@type":"Organization","@id":"https:\/\/yazmed.ma\/#organization","name":"Yazmed Healthcare","url":"https:\/\/yazmed.ma\/","logo":{"@type":"ImageObject","inLanguage":"ary","@id":"https:\/\/yazmed.ma\/#\/schema\/logo\/image\/","url":"https:\/\/yazmed.ma\/wp-content\/uploads\/2024\/12\/3.png","contentUrl":"https:\/\/yazmed.ma\/wp-content\/uploads\/2024\/12\/3.png","width":250,"height":70,"caption":"Yazmed Healthcare"},"image":{"@id":"https:\/\/yazmed.ma\/#\/schema\/logo\/image\/"},"sameAs":["https:\/\/www.facebook.com\/azenkouky","https:\/\/www.instagram.com\/yazmedhealthcare","https:\/\/www.linkedin.com\/in\/yazmed-healthcare-1b4955295"]}]}},"_links":{"self":[{"href":"https:\/\/yazmed.ma\/ar\/wp-json\/wp\/v2\/product\/1613","targetHints":{"allow":["GET"]}}],"collection":[{"href":"https:\/\/yazmed.ma\/ar\/wp-json\/wp\/v2\/product"}],"about":[{"href":"https:\/\/yazmed.ma\/ar\/wp-json\/wp\/v2\/types\/product"}],"replies":[{"embeddable":true,"href":"https:\/\/yazmed.ma\/ar\/wp-json\/wp\/v2\/comments?post=1613"}],"version-history":[{"count":0,"href":"https:\/\/yazmed.ma\/ar\/wp-json\/wp\/v2\/product\/1613\/revisions"}],"wp:featuredmedia":[{"embeddable":true,"href":"https:\/\/yazmed.ma\/ar\/wp-json\/wp\/v2\/media\/1614"}],"wp:attachment":[{"href":"https:\/\/yazmed.ma\/ar\/wp-json\/wp\/v2\/media?parent=1613"}],"wp:term":[{"taxonomy":"product_brand","embeddable":true,"href":"https:\/\/yazmed.ma\/ar\/wp-json\/wp\/v2\/product_brand?post=1613"},{"taxonomy":"product_cat","embeddable":true,"href":"https:\/\/yazmed.ma\/ar\/wp-json\/wp\/v2\/product_cat?post=1613"},{"taxonomy":"product_tag","embeddable":true,"href":"https:\/\/yazmed.ma\/ar\/wp-json\/wp\/v2\/product_tag?post=1613"}],"curies":[{"name":"wp","href":"https:\/\/api.w.org\/{rel}","templated":true}]}}