{"id":1610,"date":"2025-01-05T18:34:54","date_gmt":"2025-01-05T18:34:54","guid":{"rendered":"https:\/\/yazmed.ma\/?post_type=product&#038;p=1610"},"modified":"2025-12-15T19:26:35","modified_gmt":"2025-12-15T19:26:35","slug":"nebuliseur-compact-beurer-h58","status":"publish","type":"product","link":"https:\/\/yazmed.ma\/ar\/product\/nebuliseur-compact-beurer-h58\/","title":{"rendered":"N\u00e9buliseur compact &#8211; Beurer H58"},"content":{"rendered":"<p>&nbsp;<\/p>\n<p><strong><img decoding=\"async\" class=\"emoji\" role=\"img\" draggable=\"false\" src=\"https:\/\/s.w.org\/images\/core\/emoji\/16.0.1\/svg\/2705.svg\" alt=\"\u2705\" \/>Haute performance\u00a0 Pour un temps d&rsquo;inhalation bref<\/strong><\/p>\n<p><strong><img decoding=\"async\" class=\"emoji\" role=\"img\" draggable=\"false\" src=\"https:\/\/s.w.org\/images\/core\/emoji\/16.0.1\/svg\/2705.svg\" alt=\"\u2705\" \/>Accessoires Masque pour adulte fourni<\/strong><\/p>\n<p><strong><img decoding=\"async\" class=\"emoji\" role=\"img\" draggable=\"false\" src=\"https:\/\/s.w.org\/images\/core\/emoji\/16.0.1\/svg\/2705.svg\" alt=\"\u2705\" \/>\u00a0L&rsquo;appareil est \u00e9quip\u00e9 d&rsquo;un n\u00e9buliseur pour un temps d&rsquo;inhalation bref<\/strong><\/p>\n<p><strong>Accessoires<\/strong><\/p>\n<p><img decoding=\"async\" class=\"\" src=\"https:\/\/eclazon.ma\/wp-content\/uploads\/2024\/07\/telechargement-200x100.jpg\" width=\"108\" height=\"54\" \/><\/p>","protected":false},"excerpt":{"rendered":"<h3>Le n\u00e9buliseur IH 58<\/h3>\n<p>Permette une <a href=\"https:\/\/fr.wikipedia.org\/wiki\/N%C3%A9buliseur\">n\u00e9bulisation<\/a> l\u00e9ger et silencieux offre une haute performance avec des dimensions compactes. C&rsquo;est pourquoi c&rsquo;est aussi une aide id\u00e9ale en voyage en cas de rhume, d&rsquo;asthme et d&rsquo;autres maladies des voies respiratoires.<\/p>\n<p>Technologie \u00e0 compresseur avec, air comprim\u00e9<\/p>\n<p>* Pour le traitement des voies respiratoires sup\u00e9rieures et inf\u00e9rieures, des rhumes, de l&rsquo;asthme, des maladies des voies respiratoires<\/p>\n<p><img decoding=\"async\" class=\"\" src=\"https:\/\/eclazon.ma\/wp-content\/uploads\/2024\/07\/telechargement-200x100.jpg\" width=\"108\" height=\"54\" \/><\/p>","protected":false},"featured_media":2955,"comment_status":"open","ping_status":"closed","template":"","meta":[],"product_brand":[],"product_cat":[50],"product_tag":[],"class_list":{"0":"post-1610","1":"product","2":"type-product","3":"status-publish","4":"has-post-thumbnail","6":"product_cat-appareillages-diagnostic","8":"first","9":"instock","10":"taxable","11":"shipping-taxable","12":"purchasable","13":"product-type-simple"},"yoast_head":"<!-- This site is optimized with the Yoast SEO plugin v26.9 - https:\/\/yoast.com\/product\/yoast-seo-wordpress\/ -->\n<title>N\u00e9buliseur compact - Beurer H58 - YAZMED<\/title>\n<meta name=\"robots\" content=\"index, follow, max-snippet:-1, max-image-preview:large, max-video-preview:-1\" \/>\n<link rel=\"canonical\" href=\"https:\/\/yazmed.ma\/ar\/product\/nebuliseur-compact-beurer\/\" \/>\n<meta property=\"og:locale\" content=\"ar_AR\" \/>\n<meta property=\"og:type\" content=\"article\" \/>\n<meta property=\"og:title\" content=\"N\u00e9buliseur compact - Beurer H58 - YAZMED\" \/>\n<meta property=\"og:description\" content=\"Le n\u00e9buliseur IH 58 Permette une n\u00e9bulisation l\u00e9ger et silencieux offre une haute performance avec des dimensions compactes. C&#039;est pourquoi c&#039;est aussi une aide id\u00e9ale en voyage en cas de rhume, d&#039;asthme et d&#039;autres maladies des voies respiratoires.  Technologie \u00e0 compresseur avec, air comprim\u00e9  * Pour le traitement des voies respiratoires sup\u00e9rieures et inf\u00e9rieures, des rhumes, de l&#039;asthme, des maladies des voies respiratoires\" \/>\n<meta property=\"og:url\" content=\"https:\/\/yazmed.ma\/ar\/product\/nebuliseur-compact-beurer\/\" \/>\n<meta property=\"og:site_name\" content=\"YAZMED\" \/>\n<meta property=\"article:publisher\" content=\"https:\/\/www.facebook.com\/azenkouky\" \/>\n<meta property=\"article:modified_time\" content=\"2025-12-15T19:26:35+00:00\" \/>\n<meta property=\"og:image\" content=\"https:\/\/yazmed.ma\/wp-content\/uploads\/2025\/01\/b17f11c6-ae90-412c-8d96-7bf5784a6191.jpg\" \/>\n\t<meta property=\"og:image:width\" content=\"1920\" \/>\n\t<meta property=\"og:image:height\" content=\"1920\" \/>\n\t<meta property=\"og:image:type\" content=\"image\/jpeg\" \/>\n<meta name=\"twitter:card\" content=\"summary_large_image\" \/>\n<meta name=\"twitter:label1\" content=\"Est. reading time\" \/>\n\t<meta name=\"twitter:data1\" content=\"1 minute\" \/>\n<script type=\"application\/ld+json\" class=\"yoast-schema-graph\">{\"@context\":\"https:\/\/schema.org\",\"@graph\":[{\"@type\":\"WebPage\",\"@id\":\"https:\/\/yazmed.ma\/product\/nebuliseur-compact-beurer\/\",\"url\":\"https:\/\/yazmed.ma\/product\/nebuliseur-compact-beurer\/\",\"name\":\"N\u00e9buliseur compact - Beurer H58 - YAZMED\",\"isPartOf\":{\"@id\":\"https:\/\/yazmed.ma\/#website\"},\"primaryImageOfPage\":{\"@id\":\"https:\/\/yazmed.ma\/product\/nebuliseur-compact-beurer\/#primaryimage\"},\"image\":{\"@id\":\"https:\/\/yazmed.ma\/product\/nebuliseur-compact-beurer\/#primaryimage\"},\"thumbnailUrl\":\"https:\/\/yazmed.ma\/wp-content\/uploads\/2025\/01\/Nebuliseur-compact-Beurer-H58.webp\",\"datePublished\":\"2025-01-05T18:34:54+00:00\",\"dateModified\":\"2025-12-15T19:26:35+00:00\",\"breadcrumb\":{\"@id\":\"https:\/\/yazmed.ma\/product\/nebuliseur-compact-beurer\/#breadcrumb\"},\"inLanguage\":\"ary\",\"potentialAction\":[{\"@type\":\"ReadAction\",\"target\":[\"https:\/\/yazmed.ma\/product\/nebuliseur-compact-beurer\/\"]}]},{\"@type\":\"ImageObject\",\"inLanguage\":\"ary\",\"@id\":\"https:\/\/yazmed.ma\/product\/nebuliseur-compact-beurer\/#primaryimage\",\"url\":\"https:\/\/yazmed.ma\/wp-content\/uploads\/2025\/01\/Nebuliseur-compact-Beurer-H58.webp\",\"contentUrl\":\"https:\/\/yazmed.ma\/wp-content\/uploads\/2025\/01\/Nebuliseur-compact-Beurer-H58.webp\",\"width\":570,\"height\":517,\"caption\":\"N\u00e9buliseur compact - Beurer H58 Yazmed Maroc\"},{\"@type\":\"BreadcrumbList\",\"@id\":\"https:\/\/yazmed.ma\/product\/nebuliseur-compact-beurer\/#breadcrumb\",\"itemListElement\":[{\"@type\":\"ListItem\",\"position\":1,\"name\":\"Accueil\",\"item\":\"https:\/\/yazmed.ma\/\"},{\"@type\":\"ListItem\",\"position\":2,\"name\":\"Shop\",\"item\":\"https:\/\/yazmed.ma\/shop-2\/\"},{\"@type\":\"ListItem\",\"position\":3,\"name\":\"N\u00e9buliseur compact &#8211; Beurer\"}]},{\"@type\":\"WebSite\",\"@id\":\"https:\/\/yazmed.ma\/#website\",\"url\":\"https:\/\/yazmed.ma\/\",\"name\":\"Yazmed\",\"description\":\"LEADER DU MAT\u00c9RIEL M\u00c9DICAL AU MAROC\",\"publisher\":{\"@id\":\"https:\/\/yazmed.ma\/#organization\"},\"potentialAction\":[{\"@type\":\"SearchAction\",\"target\":{\"@type\":\"EntryPoint\",\"urlTemplate\":\"https:\/\/yazmed.ma\/?s={search_term_string}\"},\"query-input\":{\"@type\":\"PropertyValueSpecification\",\"valueRequired\":true,\"valueName\":\"search_term_string\"}}],\"inLanguage\":\"ary\"},{\"@type\":\"Organization\",\"@id\":\"https:\/\/yazmed.ma\/#organization\",\"name\":\"Yazmed Healthcare\",\"url\":\"https:\/\/yazmed.ma\/\",\"logo\":{\"@type\":\"ImageObject\",\"inLanguage\":\"ary\",\"@id\":\"https:\/\/yazmed.ma\/#\/schema\/logo\/image\/\",\"url\":\"https:\/\/yazmed.ma\/wp-content\/uploads\/2024\/12\/3.png\",\"contentUrl\":\"https:\/\/yazmed.ma\/wp-content\/uploads\/2024\/12\/3.png\",\"width\":250,\"height\":70,\"caption\":\"Yazmed Healthcare\"},\"image\":{\"@id\":\"https:\/\/yazmed.ma\/#\/schema\/logo\/image\/\"},\"sameAs\":[\"https:\/\/www.facebook.com\/azenkouky\",\"https:\/\/www.instagram.com\/yazmedhealthcare\",\"https:\/\/www.linkedin.com\/in\/yazmed-healthcare-1b4955295\"]}]}<\/script>\n<!-- \/ Yoast SEO plugin. -->","yoast_head_json":{"title":"N\u00e9buliseur compact - Beurer H58 - YAZMED","robots":{"index":"index","follow":"follow","max-snippet":"max-snippet:-1","max-image-preview":"max-image-preview:large","max-video-preview":"max-video-preview:-1"},"canonical":"https:\/\/yazmed.ma\/ar\/product\/nebuliseur-compact-beurer\/","og_locale":"ar_AR","og_type":"article","og_title":"N\u00e9buliseur compact - Beurer H58 - YAZMED","og_description":"Le n\u00e9buliseur IH 58 Permette une n\u00e9bulisation l\u00e9ger et silencieux offre une haute performance avec des dimensions compactes. C'est pourquoi c'est aussi une aide id\u00e9ale en voyage en cas de rhume, d'asthme et d'autres maladies des voies respiratoires.  Technologie \u00e0 compresseur avec, air comprim\u00e9  * Pour le traitement des voies respiratoires sup\u00e9rieures et inf\u00e9rieures, des rhumes, de l'asthme, des maladies des voies respiratoires","og_url":"https:\/\/yazmed.ma\/ar\/product\/nebuliseur-compact-beurer\/","og_site_name":"YAZMED","article_publisher":"https:\/\/www.facebook.com\/azenkouky","article_modified_time":"2025-12-15T19:26:35+00:00","og_image":[{"width":1920,"height":1920,"url":"https:\/\/yazmed.ma\/wp-content\/uploads\/2025\/01\/b17f11c6-ae90-412c-8d96-7bf5784a6191.jpg","type":"image\/jpeg"}],"twitter_card":"summary_large_image","twitter_misc":{"Est. reading time":"1 minute"},"schema":{"@context":"https:\/\/schema.org","@graph":[{"@type":"WebPage","@id":"https:\/\/yazmed.ma\/product\/nebuliseur-compact-beurer\/","url":"https:\/\/yazmed.ma\/product\/nebuliseur-compact-beurer\/","name":"N\u00e9buliseur compact - Beurer H58 - YAZMED","isPartOf":{"@id":"https:\/\/yazmed.ma\/#website"},"primaryImageOfPage":{"@id":"https:\/\/yazmed.ma\/product\/nebuliseur-compact-beurer\/#primaryimage"},"image":{"@id":"https:\/\/yazmed.ma\/product\/nebuliseur-compact-beurer\/#primaryimage"},"thumbnailUrl":"https:\/\/yazmed.ma\/wp-content\/uploads\/2025\/01\/Nebuliseur-compact-Beurer-H58.webp","datePublished":"2025-01-05T18:34:54+00:00","dateModified":"2025-12-15T19:26:35+00:00","breadcrumb":{"@id":"https:\/\/yazmed.ma\/product\/nebuliseur-compact-beurer\/#breadcrumb"},"inLanguage":"ary","potentialAction":[{"@type":"ReadAction","target":["https:\/\/yazmed.ma\/product\/nebuliseur-compact-beurer\/"]}]},{"@type":"ImageObject","inLanguage":"ary","@id":"https:\/\/yazmed.ma\/product\/nebuliseur-compact-beurer\/#primaryimage","url":"https:\/\/yazmed.ma\/wp-content\/uploads\/2025\/01\/Nebuliseur-compact-Beurer-H58.webp","contentUrl":"https:\/\/yazmed.ma\/wp-content\/uploads\/2025\/01\/Nebuliseur-compact-Beurer-H58.webp","width":570,"height":517,"caption":"N\u00e9buliseur compact - Beurer H58 Yazmed Maroc"},{"@type":"BreadcrumbList","@id":"https:\/\/yazmed.ma\/product\/nebuliseur-compact-beurer\/#breadcrumb","itemListElement":[{"@type":"ListItem","position":1,"name":"Accueil","item":"https:\/\/yazmed.ma\/"},{"@type":"ListItem","position":2,"name":"Shop","item":"https:\/\/yazmed.ma\/shop-2\/"},{"@type":"ListItem","position":3,"name":"N\u00e9buliseur compact &#8211; Beurer"}]},{"@type":"WebSite","@id":"https:\/\/yazmed.ma\/#website","url":"https:\/\/yazmed.ma\/","name":"Yazmed","description":"LEADER DU MAT\u00c9RIEL M\u00c9DICAL AU MAROC","publisher":{"@id":"https:\/\/yazmed.ma\/#organization"},"potentialAction":[{"@type":"SearchAction","target":{"@type":"EntryPoint","urlTemplate":"https:\/\/yazmed.ma\/?s={search_term_string}"},"query-input":{"@type":"PropertyValueSpecification","valueRequired":true,"valueName":"search_term_string"}}],"inLanguage":"ary"},{"@type":"Organization","@id":"https:\/\/yazmed.ma\/#organization","name":"Yazmed Healthcare","url":"https:\/\/yazmed.ma\/","logo":{"@type":"ImageObject","inLanguage":"ary","@id":"https:\/\/yazmed.ma\/#\/schema\/logo\/image\/","url":"https:\/\/yazmed.ma\/wp-content\/uploads\/2024\/12\/3.png","contentUrl":"https:\/\/yazmed.ma\/wp-content\/uploads\/2024\/12\/3.png","width":250,"height":70,"caption":"Yazmed Healthcare"},"image":{"@id":"https:\/\/yazmed.ma\/#\/schema\/logo\/image\/"},"sameAs":["https:\/\/www.facebook.com\/azenkouky","https:\/\/www.instagram.com\/yazmedhealthcare","https:\/\/www.linkedin.com\/in\/yazmed-healthcare-1b4955295"]}]}},"_links":{"self":[{"href":"https:\/\/yazmed.ma\/ar\/wp-json\/wp\/v2\/product\/1610","targetHints":{"allow":["GET"]}}],"collection":[{"href":"https:\/\/yazmed.ma\/ar\/wp-json\/wp\/v2\/product"}],"about":[{"href":"https:\/\/yazmed.ma\/ar\/wp-json\/wp\/v2\/types\/product"}],"replies":[{"embeddable":true,"href":"https:\/\/yazmed.ma\/ar\/wp-json\/wp\/v2\/comments?post=1610"}],"version-history":[{"count":1,"href":"https:\/\/yazmed.ma\/ar\/wp-json\/wp\/v2\/product\/1610\/revisions"}],"predecessor-version":[{"id":2954,"href":"https:\/\/yazmed.ma\/ar\/wp-json\/wp\/v2\/product\/1610\/revisions\/2954"}],"wp:featuredmedia":[{"embeddable":true,"href":"https:\/\/yazmed.ma\/ar\/wp-json\/wp\/v2\/media\/2955"}],"wp:attachment":[{"href":"https:\/\/yazmed.ma\/ar\/wp-json\/wp\/v2\/media?parent=1610"}],"wp:term":[{"taxonomy":"product_brand","embeddable":true,"href":"https:\/\/yazmed.ma\/ar\/wp-json\/wp\/v2\/product_brand?post=1610"},{"taxonomy":"product_cat","embeddable":true,"href":"https:\/\/yazmed.ma\/ar\/wp-json\/wp\/v2\/product_cat?post=1610"},{"taxonomy":"product_tag","embeddable":true,"href":"https:\/\/yazmed.ma\/ar\/wp-json\/wp\/v2\/product_tag?post=1610"}],"curies":[{"name":"wp","href":"https:\/\/api.w.org\/{rel}","templated":true}]}}