{"id":1608,"date":"2025-01-05T18:29:31","date_gmt":"2025-01-05T18:29:31","guid":{"rendered":"https:\/\/yazmed.ma\/?post_type=product&#038;p=1608"},"modified":"2025-07-02T19:27:12","modified_gmt":"2025-07-02T19:27:12","slug":"sonde-toco-pour-cardiotocographe-maroc","status":"publish","type":"product","link":"https:\/\/yazmed.ma\/ar\/product\/sonde-toco-pour-cardiotocographe-maroc\/","title":{"rendered":"Sonde Toco pour cardiotocographe \u2013 Monitoring foetal  Maroc"},"content":{"rendered":"<p data-start=\"332\" data-end=\"705\">La <strong data-start=\"335\" data-end=\"349\">sonde Toco<\/strong> est un accessoire indispensable pour les cardiotocographes, utilis\u00e9e dans le monitoring foetal afin de mesurer les contractions ut\u00e9rines chez les femmes enceintes. Elle garantit un suivi pr\u00e9cis et non invasif de l\u2019activit\u00e9 ut\u00e9rine durant la grossesse et le travail, permettant aux professionnels de sant\u00e9 de surveiller efficacement le bien-\u00eatre du foetus.<\/p>\n<p data-start=\"707\" data-end=\"1012\">Compatible avec la plupart des appareils cardiotocographiques standards, cette sonde Toco offre une haute sensibilit\u00e9, une excellente durabilit\u00e9 et un confort optimal pour la patiente. Elle est id\u00e9ale pour les maternit\u00e9s, cliniques et h\u00f4pitaux au Maroc qui souhaitent assurer un suivi pr\u00e9natal de qualit\u00e9.<\/p>\n<p data-start=\"1014\" data-end=\"1152\">Disponible chez <strong data-start=\"1030\" data-end=\"1040\">Yazmed<\/strong>, fournisseur d\u2019\u00e9quipements m\u00e9dicaux au Maroc, cette sonde Toco respecte les normes m\u00e9dicales les plus strictes.<\/p>","protected":false},"excerpt":{"rendered":"<p>La sonde 3 en 1 pour cardiotocographe\u00a0combine trois capteurs sur un seul c\u00e2ble, chaque capteur dispose d&rsquo;une fonctionnalit\u00e9 :<\/p>\n<ul>\n<li><strong>Sonde 1 :<\/strong>\u00a0Capteur FHR1 permettant la surveillance du rythme cardiaque du f\u0153tus au cours de la grossesse ou lors de l&rsquo;accouchement\u00a0;<\/li>\n<li><strong>Sonde 2\u00a0:<\/strong>\u00a0Capteur TOCO qui sert \u00e0\u00a0 rep\u00e9rer et analyser les contractions ut\u00e9rines lors de l&rsquo;accouchement\u00a0;<\/li>\n<li><strong>Sonde 3\u00a0:<\/strong>\u00a0Capteur FM, ou capteur d&rsquo;\u00e9v\u00e8nement servant \u00e0\u00a0 enregistrer les mouvements f\u0153taux.<\/li>\n<\/ul>","protected":false},"featured_media":1609,"comment_status":"open","ping_status":"closed","template":"","meta":[],"product_brand":[],"product_cat":[50],"product_tag":[162,163,161],"class_list":{"0":"post-1608","1":"product","2":"type-product","3":"status-publish","4":"has-post-thumbnail","6":"product_cat-appareillages-diagnostic","7":"product_tag-cardiotocographe","8":"product_tag-monitoring-foetal","9":"product_tag-sonde-toco","11":"first","12":"instock","13":"taxable","14":"shipping-taxable","15":"purchasable","16":"product-type-simple"},"yoast_head":"<!-- This site is optimized with the Yoast SEO plugin v26.9 - https:\/\/yoast.com\/product\/yoast-seo-wordpress\/ -->\n<title>Sonde Toco pour cardiotocographe \u2013 Monitoring foetal Maroc - YAZMED<\/title>\n<meta name=\"robots\" content=\"index, follow, max-snippet:-1, max-image-preview:large, max-video-preview:-1\" \/>\n<link rel=\"canonical\" href=\"https:\/\/yazmed.ma\/ar\/product\/sonde-toco-cardiotocographe-foetal-monitoring\/\" \/>\n<meta property=\"og:locale\" content=\"ar_AR\" \/>\n<meta property=\"og:type\" content=\"article\" \/>\n<meta property=\"og:title\" content=\"Sonde Toco pour cardiotocographe \u2013 Monitoring foetal Maroc - YAZMED\" \/>\n<meta property=\"og:description\" content=\"La sonde 3 en 1 pour cardiotocographe\u00a0combine trois capteurs sur un seul c\u00e2ble, chaque capteur dispose d&#039;une fonctionnalit\u00e9 :   Sonde 1 :\u00a0Capteur FHR1 permettant la surveillance du rythme cardiaque du f\u0153tus au cours de la grossesse ou lors de l&#039;accouchement\u00a0;  Sonde 2\u00a0:\u00a0Capteur TOCO qui sert \u00e0\u00a0 rep\u00e9rer et analyser les contractions ut\u00e9rines lors de l&#039;accouchement\u00a0;  Sonde 3\u00a0:\u00a0Capteur FM, ou capteur d&#039;\u00e9v\u00e8nement servant \u00e0\u00a0 enregistrer les mouvements f\u0153taux.\" \/>\n<meta property=\"og:url\" content=\"https:\/\/yazmed.ma\/ar\/product\/sonde-toco-cardiotocographe-foetal-monitoring\/\" \/>\n<meta property=\"og:site_name\" content=\"YAZMED\" \/>\n<meta property=\"article:publisher\" content=\"https:\/\/www.facebook.com\/azenkouky\" \/>\n<meta property=\"article:modified_time\" content=\"2025-07-02T19:27:12+00:00\" \/>\n<meta property=\"og:image\" content=\"https:\/\/yazmed.ma\/wp-content\/uploads\/2025\/01\/bab5306f-b6c0-4318-ab6b-e7e538e91ff4.jpg\" \/>\n\t<meta property=\"og:image:width\" content=\"800\" \/>\n\t<meta property=\"og:image:height\" content=\"800\" \/>\n\t<meta property=\"og:image:type\" content=\"image\/jpeg\" \/>\n<meta name=\"twitter:card\" content=\"summary_large_image\" \/>\n<meta name=\"twitter:label1\" content=\"Est. reading time\" \/>\n\t<meta name=\"twitter:data1\" content=\"1 minute\" \/>\n<script type=\"application\/ld+json\" class=\"yoast-schema-graph\">{\"@context\":\"https:\/\/schema.org\",\"@graph\":[{\"@type\":\"WebPage\",\"@id\":\"https:\/\/yazmed.ma\/product\/sonde-toco-cardiotocographe-foetal-monitoring\/\",\"url\":\"https:\/\/yazmed.ma\/product\/sonde-toco-cardiotocographe-foetal-monitoring\/\",\"name\":\"Sonde Toco pour cardiotocographe \u2013 Monitoring foetal Maroc - YAZMED\",\"isPartOf\":{\"@id\":\"https:\/\/yazmed.ma\/#website\"},\"primaryImageOfPage\":{\"@id\":\"https:\/\/yazmed.ma\/product\/sonde-toco-cardiotocographe-foetal-monitoring\/#primaryimage\"},\"image\":{\"@id\":\"https:\/\/yazmed.ma\/product\/sonde-toco-cardiotocographe-foetal-monitoring\/#primaryimage\"},\"thumbnailUrl\":\"https:\/\/yazmed.ma\/wp-content\/uploads\/2025\/01\/bab5306f-b6c0-4318-ab6b-e7e538e91ff4.jpg\",\"datePublished\":\"2025-01-05T18:29:31+00:00\",\"dateModified\":\"2025-07-02T19:27:12+00:00\",\"breadcrumb\":{\"@id\":\"https:\/\/yazmed.ma\/product\/sonde-toco-cardiotocographe-foetal-monitoring\/#breadcrumb\"},\"inLanguage\":\"ary\",\"potentialAction\":[{\"@type\":\"ReadAction\",\"target\":[\"https:\/\/yazmed.ma\/product\/sonde-toco-cardiotocographe-foetal-monitoring\/\"]}]},{\"@type\":\"ImageObject\",\"inLanguage\":\"ary\",\"@id\":\"https:\/\/yazmed.ma\/product\/sonde-toco-cardiotocographe-foetal-monitoring\/#primaryimage\",\"url\":\"https:\/\/yazmed.ma\/wp-content\/uploads\/2025\/01\/bab5306f-b6c0-4318-ab6b-e7e538e91ff4.jpg\",\"contentUrl\":\"https:\/\/yazmed.ma\/wp-content\/uploads\/2025\/01\/bab5306f-b6c0-4318-ab6b-e7e538e91ff4.jpg\",\"width\":800,\"height\":800,\"caption\":\"Sonde Toco cardiotocographe foetal monitoring Yazmed Maroc\"},{\"@type\":\"BreadcrumbList\",\"@id\":\"https:\/\/yazmed.ma\/product\/sonde-toco-cardiotocographe-foetal-monitoring\/#breadcrumb\",\"itemListElement\":[{\"@type\":\"ListItem\",\"position\":1,\"name\":\"Accueil\",\"item\":\"https:\/\/yazmed.ma\/\"},{\"@type\":\"ListItem\",\"position\":2,\"name\":\"Shop\",\"item\":\"https:\/\/yazmed.ma\/shop-2\/\"},{\"@type\":\"ListItem\",\"position\":3,\"name\":\"Sonde Toco cardiotocographe foetal monitoring\"}]},{\"@type\":\"WebSite\",\"@id\":\"https:\/\/yazmed.ma\/#website\",\"url\":\"https:\/\/yazmed.ma\/\",\"name\":\"Yazmed\",\"description\":\"LEADER DU MAT\u00c9RIEL M\u00c9DICAL AU MAROC\",\"publisher\":{\"@id\":\"https:\/\/yazmed.ma\/#organization\"},\"potentialAction\":[{\"@type\":\"SearchAction\",\"target\":{\"@type\":\"EntryPoint\",\"urlTemplate\":\"https:\/\/yazmed.ma\/?s={search_term_string}\"},\"query-input\":{\"@type\":\"PropertyValueSpecification\",\"valueRequired\":true,\"valueName\":\"search_term_string\"}}],\"inLanguage\":\"ary\"},{\"@type\":\"Organization\",\"@id\":\"https:\/\/yazmed.ma\/#organization\",\"name\":\"Yazmed Healthcare\",\"url\":\"https:\/\/yazmed.ma\/\",\"logo\":{\"@type\":\"ImageObject\",\"inLanguage\":\"ary\",\"@id\":\"https:\/\/yazmed.ma\/#\/schema\/logo\/image\/\",\"url\":\"https:\/\/yazmed.ma\/wp-content\/uploads\/2024\/12\/3.png\",\"contentUrl\":\"https:\/\/yazmed.ma\/wp-content\/uploads\/2024\/12\/3.png\",\"width\":250,\"height\":70,\"caption\":\"Yazmed Healthcare\"},\"image\":{\"@id\":\"https:\/\/yazmed.ma\/#\/schema\/logo\/image\/\"},\"sameAs\":[\"https:\/\/www.facebook.com\/azenkouky\",\"https:\/\/www.instagram.com\/yazmedhealthcare\",\"https:\/\/www.linkedin.com\/in\/yazmed-healthcare-1b4955295\"]}]}<\/script>\n<!-- \/ Yoast SEO plugin. -->","yoast_head_json":{"title":"Sonde Toco pour cardiotocographe \u2013 Monitoring foetal Maroc - YAZMED","robots":{"index":"index","follow":"follow","max-snippet":"max-snippet:-1","max-image-preview":"max-image-preview:large","max-video-preview":"max-video-preview:-1"},"canonical":"https:\/\/yazmed.ma\/ar\/product\/sonde-toco-cardiotocographe-foetal-monitoring\/","og_locale":"ar_AR","og_type":"article","og_title":"Sonde Toco pour cardiotocographe \u2013 Monitoring foetal Maroc - YAZMED","og_description":"La sonde 3 en 1 pour cardiotocographe\u00a0combine trois capteurs sur un seul c\u00e2ble, chaque capteur dispose d'une fonctionnalit\u00e9 :   Sonde 1 :\u00a0Capteur FHR1 permettant la surveillance du rythme cardiaque du f\u0153tus au cours de la grossesse ou lors de l'accouchement\u00a0;  Sonde 2\u00a0:\u00a0Capteur TOCO qui sert \u00e0\u00a0 rep\u00e9rer et analyser les contractions ut\u00e9rines lors de l'accouchement\u00a0;  Sonde 3\u00a0:\u00a0Capteur FM, ou capteur d'\u00e9v\u00e8nement servant \u00e0\u00a0 enregistrer les mouvements f\u0153taux.","og_url":"https:\/\/yazmed.ma\/ar\/product\/sonde-toco-cardiotocographe-foetal-monitoring\/","og_site_name":"YAZMED","article_publisher":"https:\/\/www.facebook.com\/azenkouky","article_modified_time":"2025-07-02T19:27:12+00:00","og_image":[{"width":800,"height":800,"url":"https:\/\/yazmed.ma\/wp-content\/uploads\/2025\/01\/bab5306f-b6c0-4318-ab6b-e7e538e91ff4.jpg","type":"image\/jpeg"}],"twitter_card":"summary_large_image","twitter_misc":{"Est. reading time":"1 minute"},"schema":{"@context":"https:\/\/schema.org","@graph":[{"@type":"WebPage","@id":"https:\/\/yazmed.ma\/product\/sonde-toco-cardiotocographe-foetal-monitoring\/","url":"https:\/\/yazmed.ma\/product\/sonde-toco-cardiotocographe-foetal-monitoring\/","name":"Sonde Toco pour cardiotocographe \u2013 Monitoring foetal Maroc - YAZMED","isPartOf":{"@id":"https:\/\/yazmed.ma\/#website"},"primaryImageOfPage":{"@id":"https:\/\/yazmed.ma\/product\/sonde-toco-cardiotocographe-foetal-monitoring\/#primaryimage"},"image":{"@id":"https:\/\/yazmed.ma\/product\/sonde-toco-cardiotocographe-foetal-monitoring\/#primaryimage"},"thumbnailUrl":"https:\/\/yazmed.ma\/wp-content\/uploads\/2025\/01\/bab5306f-b6c0-4318-ab6b-e7e538e91ff4.jpg","datePublished":"2025-01-05T18:29:31+00:00","dateModified":"2025-07-02T19:27:12+00:00","breadcrumb":{"@id":"https:\/\/yazmed.ma\/product\/sonde-toco-cardiotocographe-foetal-monitoring\/#breadcrumb"},"inLanguage":"ary","potentialAction":[{"@type":"ReadAction","target":["https:\/\/yazmed.ma\/product\/sonde-toco-cardiotocographe-foetal-monitoring\/"]}]},{"@type":"ImageObject","inLanguage":"ary","@id":"https:\/\/yazmed.ma\/product\/sonde-toco-cardiotocographe-foetal-monitoring\/#primaryimage","url":"https:\/\/yazmed.ma\/wp-content\/uploads\/2025\/01\/bab5306f-b6c0-4318-ab6b-e7e538e91ff4.jpg","contentUrl":"https:\/\/yazmed.ma\/wp-content\/uploads\/2025\/01\/bab5306f-b6c0-4318-ab6b-e7e538e91ff4.jpg","width":800,"height":800,"caption":"Sonde Toco cardiotocographe foetal monitoring Yazmed Maroc"},{"@type":"BreadcrumbList","@id":"https:\/\/yazmed.ma\/product\/sonde-toco-cardiotocographe-foetal-monitoring\/#breadcrumb","itemListElement":[{"@type":"ListItem","position":1,"name":"Accueil","item":"https:\/\/yazmed.ma\/"},{"@type":"ListItem","position":2,"name":"Shop","item":"https:\/\/yazmed.ma\/shop-2\/"},{"@type":"ListItem","position":3,"name":"Sonde Toco cardiotocographe foetal monitoring"}]},{"@type":"WebSite","@id":"https:\/\/yazmed.ma\/#website","url":"https:\/\/yazmed.ma\/","name":"Yazmed","description":"LEADER DU MAT\u00c9RIEL M\u00c9DICAL AU MAROC","publisher":{"@id":"https:\/\/yazmed.ma\/#organization"},"potentialAction":[{"@type":"SearchAction","target":{"@type":"EntryPoint","urlTemplate":"https:\/\/yazmed.ma\/?s={search_term_string}"},"query-input":{"@type":"PropertyValueSpecification","valueRequired":true,"valueName":"search_term_string"}}],"inLanguage":"ary"},{"@type":"Organization","@id":"https:\/\/yazmed.ma\/#organization","name":"Yazmed Healthcare","url":"https:\/\/yazmed.ma\/","logo":{"@type":"ImageObject","inLanguage":"ary","@id":"https:\/\/yazmed.ma\/#\/schema\/logo\/image\/","url":"https:\/\/yazmed.ma\/wp-content\/uploads\/2024\/12\/3.png","contentUrl":"https:\/\/yazmed.ma\/wp-content\/uploads\/2024\/12\/3.png","width":250,"height":70,"caption":"Yazmed Healthcare"},"image":{"@id":"https:\/\/yazmed.ma\/#\/schema\/logo\/image\/"},"sameAs":["https:\/\/www.facebook.com\/azenkouky","https:\/\/www.instagram.com\/yazmedhealthcare","https:\/\/www.linkedin.com\/in\/yazmed-healthcare-1b4955295"]}]}},"_links":{"self":[{"href":"https:\/\/yazmed.ma\/ar\/wp-json\/wp\/v2\/product\/1608","targetHints":{"allow":["GET"]}}],"collection":[{"href":"https:\/\/yazmed.ma\/ar\/wp-json\/wp\/v2\/product"}],"about":[{"href":"https:\/\/yazmed.ma\/ar\/wp-json\/wp\/v2\/types\/product"}],"replies":[{"embeddable":true,"href":"https:\/\/yazmed.ma\/ar\/wp-json\/wp\/v2\/comments?post=1608"}],"version-history":[{"count":1,"href":"https:\/\/yazmed.ma\/ar\/wp-json\/wp\/v2\/product\/1608\/revisions"}],"predecessor-version":[{"id":2590,"href":"https:\/\/yazmed.ma\/ar\/wp-json\/wp\/v2\/product\/1608\/revisions\/2590"}],"wp:featuredmedia":[{"embeddable":true,"href":"https:\/\/yazmed.ma\/ar\/wp-json\/wp\/v2\/media\/1609"}],"wp:attachment":[{"href":"https:\/\/yazmed.ma\/ar\/wp-json\/wp\/v2\/media?parent=1608"}],"wp:term":[{"taxonomy":"product_brand","embeddable":true,"href":"https:\/\/yazmed.ma\/ar\/wp-json\/wp\/v2\/product_brand?post=1608"},{"taxonomy":"product_cat","embeddable":true,"href":"https:\/\/yazmed.ma\/ar\/wp-json\/wp\/v2\/product_cat?post=1608"},{"taxonomy":"product_tag","embeddable":true,"href":"https:\/\/yazmed.ma\/ar\/wp-json\/wp\/v2\/product_tag?post=1608"}],"curies":[{"name":"wp","href":"https:\/\/api.w.org\/{rel}","templated":true}]}}