{"id":1605,"date":"2025-01-05T18:26:52","date_gmt":"2025-01-05T18:26:52","guid":{"rendered":"https:\/\/yazmed.ma\/?post_type=product&#038;p=1605"},"modified":"2025-07-02T19:30:05","modified_gmt":"2025-07-02T19:30:05","slug":"sonde-jumeaux-pour-tococardiographe-maroc","status":"publish","type":"product","link":"https:\/\/yazmed.ma\/ar\/product\/sonde-jumeaux-pour-tococardiographe-maroc\/","title":{"rendered":"Sonde jumeaux pour tococardiographe \u2013 Monitoring foetal Maroc"},"content":{"rendered":"<p data-start=\"331\" data-end=\"648\">La <strong data-start=\"334\" data-end=\"373\">sonde jumeaux pour tococardiographe<\/strong> est sp\u00e9cialement con\u00e7ue pour le suivi simultan\u00e9 des contractions ut\u00e9rines chez les grossesses g\u00e9mellaires. Cet accessoire m\u00e9dical permet un monitoring foetal pr\u00e9cis et non invasif, garantissant une surveillance optimale des deux b\u00e9b\u00e9s pendant la grossesse et l\u2019accouchement.<\/p>\n<p data-start=\"650\" data-end=\"903\">Compatible avec la plupart des tococardiographes standards, cette sonde offre une haute sensibilit\u00e9 et un confort maximal pour la m\u00e8re. Elle est id\u00e9ale pour les maternit\u00e9s, cliniques et h\u00f4pitaux marocains qui prennent en charge des grossesses multiples.<\/p>\n<p data-start=\"905\" data-end=\"1060\">Disponible chez <strong data-start=\"921\" data-end=\"931\">Yazmed<\/strong>, fournisseur d\u2019\u00e9quipements m\u00e9dicaux au Maroc, cette sonde jumeaux r\u00e9pond aux normes strictes de qualit\u00e9 et de s\u00e9curit\u00e9 m\u00e9dicale.<\/p>","protected":false},"excerpt":{"rendered":"<p>Sonde\u00a0pour tococardiographe &#8211; grossesse g\u00e9mellaire (jumeaux)<\/p>","protected":false},"featured_media":1606,"comment_status":"open","ping_status":"closed","template":"","meta":[],"product_brand":[],"product_cat":[50],"product_tag":[166,164,165],"class_list":{"0":"post-1605","1":"product","2":"type-product","3":"status-publish","4":"has-post-thumbnail","6":"product_cat-appareillages-diagnostic","7":"product_tag-monitoring-foetal-double","8":"product_tag-sonde-jumeaux","9":"product_tag-tococardiographe","11":"first","12":"instock","13":"taxable","14":"shipping-taxable","15":"purchasable","16":"product-type-simple"},"yoast_head":"<!-- This site is optimized with the Yoast SEO plugin v26.9 - https:\/\/yoast.com\/product\/yoast-seo-wordpress\/ -->\n<title>Sonde jumeaux pour tococardiographe \u2013 Monitoring foetal Maroc - YAZMED<\/title>\n<meta name=\"robots\" content=\"index, follow, max-snippet:-1, max-image-preview:large, max-video-preview:-1\" \/>\n<link rel=\"canonical\" href=\"https:\/\/yazmed.ma\/ar\/product\/sonde-jumeaux-tococardiographe-foetal-monitoring\/\" \/>\n<meta property=\"og:locale\" content=\"ar_AR\" \/>\n<meta property=\"og:type\" content=\"article\" \/>\n<meta property=\"og:title\" content=\"Sonde jumeaux pour tococardiographe \u2013 Monitoring foetal Maroc - YAZMED\" \/>\n<meta property=\"og:description\" content=\"Sonde\u00a0pour tococardiographe - grossesse g\u00e9mellaire (jumeaux)\" \/>\n<meta property=\"og:url\" content=\"https:\/\/yazmed.ma\/ar\/product\/sonde-jumeaux-tococardiographe-foetal-monitoring\/\" \/>\n<meta property=\"og:site_name\" content=\"YAZMED\" \/>\n<meta property=\"article:publisher\" content=\"https:\/\/www.facebook.com\/azenkouky\" \/>\n<meta property=\"article:modified_time\" content=\"2025-07-02T19:30:05+00:00\" \/>\n<meta property=\"og:image\" content=\"https:\/\/yazmed.ma\/wp-content\/uploads\/2025\/01\/9f9424d3-8b7d-4744-80d7-4883e699ec07.jpg\" \/>\n\t<meta property=\"og:image:width\" content=\"700\" \/>\n\t<meta property=\"og:image:height\" content=\"636\" \/>\n\t<meta property=\"og:image:type\" content=\"image\/jpeg\" \/>\n<meta name=\"twitter:card\" content=\"summary_large_image\" \/>\n<meta name=\"twitter:label1\" content=\"Est. reading time\" \/>\n\t<meta name=\"twitter:data1\" content=\"1 minute\" \/>\n<script type=\"application\/ld+json\" class=\"yoast-schema-graph\">{\"@context\":\"https:\/\/schema.org\",\"@graph\":[{\"@type\":\"WebPage\",\"@id\":\"https:\/\/yazmed.ma\/product\/sonde-jumeaux-tococardiographe-foetal-monitoring\/\",\"url\":\"https:\/\/yazmed.ma\/product\/sonde-jumeaux-tococardiographe-foetal-monitoring\/\",\"name\":\"Sonde jumeaux pour tococardiographe \u2013 Monitoring foetal Maroc - YAZMED\",\"isPartOf\":{\"@id\":\"https:\/\/yazmed.ma\/#website\"},\"primaryImageOfPage\":{\"@id\":\"https:\/\/yazmed.ma\/product\/sonde-jumeaux-tococardiographe-foetal-monitoring\/#primaryimage\"},\"image\":{\"@id\":\"https:\/\/yazmed.ma\/product\/sonde-jumeaux-tococardiographe-foetal-monitoring\/#primaryimage\"},\"thumbnailUrl\":\"https:\/\/yazmed.ma\/wp-content\/uploads\/2025\/01\/9f9424d3-8b7d-4744-80d7-4883e699ec07.jpg\",\"datePublished\":\"2025-01-05T18:26:52+00:00\",\"dateModified\":\"2025-07-02T19:30:05+00:00\",\"breadcrumb\":{\"@id\":\"https:\/\/yazmed.ma\/product\/sonde-jumeaux-tococardiographe-foetal-monitoring\/#breadcrumb\"},\"inLanguage\":\"ary\",\"potentialAction\":[{\"@type\":\"ReadAction\",\"target\":[\"https:\/\/yazmed.ma\/product\/sonde-jumeaux-tococardiographe-foetal-monitoring\/\"]}]},{\"@type\":\"ImageObject\",\"inLanguage\":\"ary\",\"@id\":\"https:\/\/yazmed.ma\/product\/sonde-jumeaux-tococardiographe-foetal-monitoring\/#primaryimage\",\"url\":\"https:\/\/yazmed.ma\/wp-content\/uploads\/2025\/01\/9f9424d3-8b7d-4744-80d7-4883e699ec07.jpg\",\"contentUrl\":\"https:\/\/yazmed.ma\/wp-content\/uploads\/2025\/01\/9f9424d3-8b7d-4744-80d7-4883e699ec07.jpg\",\"width\":700,\"height\":636,\"caption\":\"Sonde jumeaux Tococardiographe foetal monitoring Yazmed Maroc\"},{\"@type\":\"BreadcrumbList\",\"@id\":\"https:\/\/yazmed.ma\/product\/sonde-jumeaux-tococardiographe-foetal-monitoring\/#breadcrumb\",\"itemListElement\":[{\"@type\":\"ListItem\",\"position\":1,\"name\":\"Accueil\",\"item\":\"https:\/\/yazmed.ma\/\"},{\"@type\":\"ListItem\",\"position\":2,\"name\":\"Shop\",\"item\":\"https:\/\/yazmed.ma\/shop-2\/\"},{\"@type\":\"ListItem\",\"position\":3,\"name\":\"Sonde jumeaux Tococardiographe foetal monitoring\"}]},{\"@type\":\"WebSite\",\"@id\":\"https:\/\/yazmed.ma\/#website\",\"url\":\"https:\/\/yazmed.ma\/\",\"name\":\"Yazmed\",\"description\":\"LEADER DU MAT\u00c9RIEL M\u00c9DICAL AU MAROC\",\"publisher\":{\"@id\":\"https:\/\/yazmed.ma\/#organization\"},\"potentialAction\":[{\"@type\":\"SearchAction\",\"target\":{\"@type\":\"EntryPoint\",\"urlTemplate\":\"https:\/\/yazmed.ma\/?s={search_term_string}\"},\"query-input\":{\"@type\":\"PropertyValueSpecification\",\"valueRequired\":true,\"valueName\":\"search_term_string\"}}],\"inLanguage\":\"ary\"},{\"@type\":\"Organization\",\"@id\":\"https:\/\/yazmed.ma\/#organization\",\"name\":\"Yazmed Healthcare\",\"url\":\"https:\/\/yazmed.ma\/\",\"logo\":{\"@type\":\"ImageObject\",\"inLanguage\":\"ary\",\"@id\":\"https:\/\/yazmed.ma\/#\/schema\/logo\/image\/\",\"url\":\"https:\/\/yazmed.ma\/wp-content\/uploads\/2024\/12\/3.png\",\"contentUrl\":\"https:\/\/yazmed.ma\/wp-content\/uploads\/2024\/12\/3.png\",\"width\":250,\"height\":70,\"caption\":\"Yazmed Healthcare\"},\"image\":{\"@id\":\"https:\/\/yazmed.ma\/#\/schema\/logo\/image\/\"},\"sameAs\":[\"https:\/\/www.facebook.com\/azenkouky\",\"https:\/\/www.instagram.com\/yazmedhealthcare\",\"https:\/\/www.linkedin.com\/in\/yazmed-healthcare-1b4955295\"]}]}<\/script>\n<!-- \/ Yoast SEO plugin. -->","yoast_head_json":{"title":"Sonde jumeaux pour tococardiographe \u2013 Monitoring foetal Maroc - YAZMED","robots":{"index":"index","follow":"follow","max-snippet":"max-snippet:-1","max-image-preview":"max-image-preview:large","max-video-preview":"max-video-preview:-1"},"canonical":"https:\/\/yazmed.ma\/ar\/product\/sonde-jumeaux-tococardiographe-foetal-monitoring\/","og_locale":"ar_AR","og_type":"article","og_title":"Sonde jumeaux pour tococardiographe \u2013 Monitoring foetal Maroc - YAZMED","og_description":"Sonde\u00a0pour tococardiographe - grossesse g\u00e9mellaire (jumeaux)","og_url":"https:\/\/yazmed.ma\/ar\/product\/sonde-jumeaux-tococardiographe-foetal-monitoring\/","og_site_name":"YAZMED","article_publisher":"https:\/\/www.facebook.com\/azenkouky","article_modified_time":"2025-07-02T19:30:05+00:00","og_image":[{"width":700,"height":636,"url":"https:\/\/yazmed.ma\/wp-content\/uploads\/2025\/01\/9f9424d3-8b7d-4744-80d7-4883e699ec07.jpg","type":"image\/jpeg"}],"twitter_card":"summary_large_image","twitter_misc":{"Est. reading time":"1 minute"},"schema":{"@context":"https:\/\/schema.org","@graph":[{"@type":"WebPage","@id":"https:\/\/yazmed.ma\/product\/sonde-jumeaux-tococardiographe-foetal-monitoring\/","url":"https:\/\/yazmed.ma\/product\/sonde-jumeaux-tococardiographe-foetal-monitoring\/","name":"Sonde jumeaux pour tococardiographe \u2013 Monitoring foetal Maroc - YAZMED","isPartOf":{"@id":"https:\/\/yazmed.ma\/#website"},"primaryImageOfPage":{"@id":"https:\/\/yazmed.ma\/product\/sonde-jumeaux-tococardiographe-foetal-monitoring\/#primaryimage"},"image":{"@id":"https:\/\/yazmed.ma\/product\/sonde-jumeaux-tococardiographe-foetal-monitoring\/#primaryimage"},"thumbnailUrl":"https:\/\/yazmed.ma\/wp-content\/uploads\/2025\/01\/9f9424d3-8b7d-4744-80d7-4883e699ec07.jpg","datePublished":"2025-01-05T18:26:52+00:00","dateModified":"2025-07-02T19:30:05+00:00","breadcrumb":{"@id":"https:\/\/yazmed.ma\/product\/sonde-jumeaux-tococardiographe-foetal-monitoring\/#breadcrumb"},"inLanguage":"ary","potentialAction":[{"@type":"ReadAction","target":["https:\/\/yazmed.ma\/product\/sonde-jumeaux-tococardiographe-foetal-monitoring\/"]}]},{"@type":"ImageObject","inLanguage":"ary","@id":"https:\/\/yazmed.ma\/product\/sonde-jumeaux-tococardiographe-foetal-monitoring\/#primaryimage","url":"https:\/\/yazmed.ma\/wp-content\/uploads\/2025\/01\/9f9424d3-8b7d-4744-80d7-4883e699ec07.jpg","contentUrl":"https:\/\/yazmed.ma\/wp-content\/uploads\/2025\/01\/9f9424d3-8b7d-4744-80d7-4883e699ec07.jpg","width":700,"height":636,"caption":"Sonde jumeaux Tococardiographe foetal monitoring Yazmed Maroc"},{"@type":"BreadcrumbList","@id":"https:\/\/yazmed.ma\/product\/sonde-jumeaux-tococardiographe-foetal-monitoring\/#breadcrumb","itemListElement":[{"@type":"ListItem","position":1,"name":"Accueil","item":"https:\/\/yazmed.ma\/"},{"@type":"ListItem","position":2,"name":"Shop","item":"https:\/\/yazmed.ma\/shop-2\/"},{"@type":"ListItem","position":3,"name":"Sonde jumeaux Tococardiographe foetal monitoring"}]},{"@type":"WebSite","@id":"https:\/\/yazmed.ma\/#website","url":"https:\/\/yazmed.ma\/","name":"Yazmed","description":"LEADER DU MAT\u00c9RIEL M\u00c9DICAL AU MAROC","publisher":{"@id":"https:\/\/yazmed.ma\/#organization"},"potentialAction":[{"@type":"SearchAction","target":{"@type":"EntryPoint","urlTemplate":"https:\/\/yazmed.ma\/?s={search_term_string}"},"query-input":{"@type":"PropertyValueSpecification","valueRequired":true,"valueName":"search_term_string"}}],"inLanguage":"ary"},{"@type":"Organization","@id":"https:\/\/yazmed.ma\/#organization","name":"Yazmed Healthcare","url":"https:\/\/yazmed.ma\/","logo":{"@type":"ImageObject","inLanguage":"ary","@id":"https:\/\/yazmed.ma\/#\/schema\/logo\/image\/","url":"https:\/\/yazmed.ma\/wp-content\/uploads\/2024\/12\/3.png","contentUrl":"https:\/\/yazmed.ma\/wp-content\/uploads\/2024\/12\/3.png","width":250,"height":70,"caption":"Yazmed Healthcare"},"image":{"@id":"https:\/\/yazmed.ma\/#\/schema\/logo\/image\/"},"sameAs":["https:\/\/www.facebook.com\/azenkouky","https:\/\/www.instagram.com\/yazmedhealthcare","https:\/\/www.linkedin.com\/in\/yazmed-healthcare-1b4955295"]}]}},"_links":{"self":[{"href":"https:\/\/yazmed.ma\/ar\/wp-json\/wp\/v2\/product\/1605","targetHints":{"allow":["GET"]}}],"collection":[{"href":"https:\/\/yazmed.ma\/ar\/wp-json\/wp\/v2\/product"}],"about":[{"href":"https:\/\/yazmed.ma\/ar\/wp-json\/wp\/v2\/types\/product"}],"replies":[{"embeddable":true,"href":"https:\/\/yazmed.ma\/ar\/wp-json\/wp\/v2\/comments?post=1605"}],"version-history":[{"count":1,"href":"https:\/\/yazmed.ma\/ar\/wp-json\/wp\/v2\/product\/1605\/revisions"}],"predecessor-version":[{"id":2591,"href":"https:\/\/yazmed.ma\/ar\/wp-json\/wp\/v2\/product\/1605\/revisions\/2591"}],"wp:featuredmedia":[{"embeddable":true,"href":"https:\/\/yazmed.ma\/ar\/wp-json\/wp\/v2\/media\/1606"}],"wp:attachment":[{"href":"https:\/\/yazmed.ma\/ar\/wp-json\/wp\/v2\/media?parent=1605"}],"wp:term":[{"taxonomy":"product_brand","embeddable":true,"href":"https:\/\/yazmed.ma\/ar\/wp-json\/wp\/v2\/product_brand?post=1605"},{"taxonomy":"product_cat","embeddable":true,"href":"https:\/\/yazmed.ma\/ar\/wp-json\/wp\/v2\/product_cat?post=1605"},{"taxonomy":"product_tag","embeddable":true,"href":"https:\/\/yazmed.ma\/ar\/wp-json\/wp\/v2\/product_tag?post=1605"}],"curies":[{"name":"wp","href":"https:\/\/api.w.org\/{rel}","templated":true}]}}