{"id":1603,"date":"2025-01-05T18:18:50","date_gmt":"2025-01-05T18:18:50","guid":{"rendered":"https:\/\/yazmed.ma\/?post_type=product&#038;p=1603"},"modified":"2025-07-02T19:31:52","modified_gmt":"2025-07-02T19:31:52","slug":"tensiometre-manuel-spengler-lian-nano-maroc","status":"publish","type":"product","link":"https:\/\/yazmed.ma\/ar\/product\/tensiometre-manuel-spengler-lian-nano-maroc\/","title":{"rendered":"Tensiom\u00e8tre Spengler Lian Nano adulte \u2013  Maroc"},"content":{"rendered":"<p data-start=\"380\" data-end=\"646\">Le <strong data-start=\"383\" data-end=\"424\">tensiom\u00e8tre Spengler Lian Nano adulte<\/strong> est un appareil manuel fiable et pr\u00e9cis destin\u00e9 \u00e0 la mesure de la pression art\u00e9rielle chez les patients adultes. Son design compact et l\u00e9ger facilite une utilisation quotidienne en cabinet m\u00e9dical, clinique ou \u00e0 domicile.<\/p>\n<p data-start=\"648\" data-end=\"903\">Dot\u00e9 d\u2019un manom\u00e8tre robuste et d\u2019un brassard ajustable adapt\u00e9 aux adultes, il garantit des lectures exactes et r\u00e9p\u00e9tables. Ce tensiom\u00e8tre est parfait pour les professionnels de sant\u00e9 et les particuliers cherchant un mat\u00e9riel m\u00e9dical de qualit\u00e9 et durable.<\/p>\n<p data-start=\"905\" data-end=\"1022\">Disponible chez <strong data-start=\"921\" data-end=\"931\">Yazmed<\/strong>, fournisseur d\u2019\u00e9quipements m\u00e9dicaux au Maroc, il assure un excellent rapport qualit\u00e9-prix.<\/p>","protected":false},"excerpt":{"rendered":"<p>Boitier en ABS l\u00e9ger et r\u00e9sistant aux chocs. Lecture des mesures facilit\u00e9e par son grand cadran. Brassard noirs en nylon Oxford tr\u00e8s r\u00e9sistant avec accord rapide en m\u00e9tal \u00e0\u00a0vis. Poire ergonomique et robinet en laiton avec capuchon an ABS. Livr\u00e9 en trousse nylon.<\/p>","protected":false},"featured_media":1903,"comment_status":"open","ping_status":"closed","template":"","meta":[],"product_brand":[],"product_cat":[50],"product_tag":[],"class_list":{"0":"post-1603","1":"product","2":"type-product","3":"status-publish","4":"has-post-thumbnail","6":"product_cat-appareillages-diagnostic","8":"first","9":"instock","10":"taxable","11":"shipping-taxable","12":"purchasable","13":"product-type-simple"},"yoast_head":"<!-- This site is optimized with the Yoast SEO plugin v26.9 - https:\/\/yoast.com\/product\/yoast-seo-wordpress\/ -->\n<title>Tensiom\u00e8tre Spengler Lian Nano adulte \u2013 Maroc - YAZMED<\/title>\n<meta name=\"robots\" content=\"index, follow, max-snippet:-1, max-image-preview:large, max-video-preview:-1\" \/>\n<link rel=\"canonical\" href=\"https:\/\/yazmed.ma\/ar\/product\/tensiometre-spengler-lian-nano-adulte\/\" \/>\n<meta property=\"og:locale\" content=\"ar_AR\" \/>\n<meta property=\"og:type\" content=\"article\" \/>\n<meta property=\"og:title\" content=\"Tensiom\u00e8tre Spengler Lian Nano adulte \u2013 Maroc - YAZMED\" \/>\n<meta property=\"og:description\" content=\"Boitier en ABS l\u00e9ger et r\u00e9sistant aux chocs. Lecture des mesures facilit\u00e9e par son grand cadran. Brassard noirs en nylon Oxford tr\u00e8s r\u00e9sistant avec accord rapide en m\u00e9tal \u00e0\u00a0vis. Poire ergonomique et robinet en laiton avec capuchon an ABS. Livr\u00e9 en trousse nylon.\" \/>\n<meta property=\"og:url\" content=\"https:\/\/yazmed.ma\/ar\/product\/tensiometre-spengler-lian-nano-adulte\/\" \/>\n<meta property=\"og:site_name\" content=\"YAZMED\" \/>\n<meta property=\"article:publisher\" content=\"https:\/\/www.facebook.com\/azenkouky\" \/>\n<meta property=\"article:modified_time\" content=\"2025-07-02T19:31:52+00:00\" \/>\n<meta property=\"og:image\" content=\"https:\/\/yazmed.ma\/wp-content\/uploads\/2025\/01\/Design-sans-titre-79.png\" \/>\n\t<meta property=\"og:image:width\" content=\"570\" \/>\n\t<meta property=\"og:image:height\" content=\"517\" \/>\n\t<meta property=\"og:image:type\" content=\"image\/png\" \/>\n<meta name=\"twitter:card\" content=\"summary_large_image\" \/>\n<meta name=\"twitter:label1\" content=\"Est. reading time\" \/>\n\t<meta name=\"twitter:data1\" content=\"1 minute\" \/>\n<script type=\"application\/ld+json\" class=\"yoast-schema-graph\">{\"@context\":\"https:\/\/schema.org\",\"@graph\":[{\"@type\":\"WebPage\",\"@id\":\"https:\/\/yazmed.ma\/product\/tensiometre-spengler-lian-nano-adulte\/\",\"url\":\"https:\/\/yazmed.ma\/product\/tensiometre-spengler-lian-nano-adulte\/\",\"name\":\"Tensiom\u00e8tre Spengler Lian Nano adulte \u2013 Maroc - YAZMED\",\"isPartOf\":{\"@id\":\"https:\/\/yazmed.ma\/#website\"},\"primaryImageOfPage\":{\"@id\":\"https:\/\/yazmed.ma\/product\/tensiometre-spengler-lian-nano-adulte\/#primaryimage\"},\"image\":{\"@id\":\"https:\/\/yazmed.ma\/product\/tensiometre-spengler-lian-nano-adulte\/#primaryimage\"},\"thumbnailUrl\":\"https:\/\/yazmed.ma\/wp-content\/uploads\/2025\/01\/Design-sans-titre-79.png\",\"datePublished\":\"2025-01-05T18:18:50+00:00\",\"dateModified\":\"2025-07-02T19:31:52+00:00\",\"breadcrumb\":{\"@id\":\"https:\/\/yazmed.ma\/product\/tensiometre-spengler-lian-nano-adulte\/#breadcrumb\"},\"inLanguage\":\"ary\",\"potentialAction\":[{\"@type\":\"ReadAction\",\"target\":[\"https:\/\/yazmed.ma\/product\/tensiometre-spengler-lian-nano-adulte\/\"]}]},{\"@type\":\"ImageObject\",\"inLanguage\":\"ary\",\"@id\":\"https:\/\/yazmed.ma\/product\/tensiometre-spengler-lian-nano-adulte\/#primaryimage\",\"url\":\"https:\/\/yazmed.ma\/wp-content\/uploads\/2025\/01\/Design-sans-titre-79.png\",\"contentUrl\":\"https:\/\/yazmed.ma\/wp-content\/uploads\/2025\/01\/Design-sans-titre-79.png\",\"width\":570,\"height\":517,\"caption\":\"Tensiom\u00e8tre spengler lian nano adulte Yazmed Maroc\"},{\"@type\":\"BreadcrumbList\",\"@id\":\"https:\/\/yazmed.ma\/product\/tensiometre-spengler-lian-nano-adulte\/#breadcrumb\",\"itemListElement\":[{\"@type\":\"ListItem\",\"position\":1,\"name\":\"Accueil\",\"item\":\"https:\/\/yazmed.ma\/\"},{\"@type\":\"ListItem\",\"position\":2,\"name\":\"Shop\",\"item\":\"https:\/\/yazmed.ma\/shop-2\/\"},{\"@type\":\"ListItem\",\"position\":3,\"name\":\"Tensiom\u00e8tre spengler lian nano adulte\"}]},{\"@type\":\"WebSite\",\"@id\":\"https:\/\/yazmed.ma\/#website\",\"url\":\"https:\/\/yazmed.ma\/\",\"name\":\"Yazmed\",\"description\":\"LEADER DU MAT\u00c9RIEL M\u00c9DICAL AU MAROC\",\"publisher\":{\"@id\":\"https:\/\/yazmed.ma\/#organization\"},\"potentialAction\":[{\"@type\":\"SearchAction\",\"target\":{\"@type\":\"EntryPoint\",\"urlTemplate\":\"https:\/\/yazmed.ma\/?s={search_term_string}\"},\"query-input\":{\"@type\":\"PropertyValueSpecification\",\"valueRequired\":true,\"valueName\":\"search_term_string\"}}],\"inLanguage\":\"ary\"},{\"@type\":\"Organization\",\"@id\":\"https:\/\/yazmed.ma\/#organization\",\"name\":\"Yazmed Healthcare\",\"url\":\"https:\/\/yazmed.ma\/\",\"logo\":{\"@type\":\"ImageObject\",\"inLanguage\":\"ary\",\"@id\":\"https:\/\/yazmed.ma\/#\/schema\/logo\/image\/\",\"url\":\"https:\/\/yazmed.ma\/wp-content\/uploads\/2024\/12\/3.png\",\"contentUrl\":\"https:\/\/yazmed.ma\/wp-content\/uploads\/2024\/12\/3.png\",\"width\":250,\"height\":70,\"caption\":\"Yazmed Healthcare\"},\"image\":{\"@id\":\"https:\/\/yazmed.ma\/#\/schema\/logo\/image\/\"},\"sameAs\":[\"https:\/\/www.facebook.com\/azenkouky\",\"https:\/\/www.instagram.com\/yazmedhealthcare\",\"https:\/\/www.linkedin.com\/in\/yazmed-healthcare-1b4955295\"]}]}<\/script>\n<!-- \/ Yoast SEO plugin. -->","yoast_head_json":{"title":"Tensiom\u00e8tre Spengler Lian Nano adulte \u2013 Maroc - YAZMED","robots":{"index":"index","follow":"follow","max-snippet":"max-snippet:-1","max-image-preview":"max-image-preview:large","max-video-preview":"max-video-preview:-1"},"canonical":"https:\/\/yazmed.ma\/ar\/product\/tensiometre-spengler-lian-nano-adulte\/","og_locale":"ar_AR","og_type":"article","og_title":"Tensiom\u00e8tre Spengler Lian Nano adulte \u2013 Maroc - YAZMED","og_description":"Boitier en ABS l\u00e9ger et r\u00e9sistant aux chocs. Lecture des mesures facilit\u00e9e par son grand cadran. Brassard noirs en nylon Oxford tr\u00e8s r\u00e9sistant avec accord rapide en m\u00e9tal \u00e0\u00a0vis. Poire ergonomique et robinet en laiton avec capuchon an ABS. Livr\u00e9 en trousse nylon.","og_url":"https:\/\/yazmed.ma\/ar\/product\/tensiometre-spengler-lian-nano-adulte\/","og_site_name":"YAZMED","article_publisher":"https:\/\/www.facebook.com\/azenkouky","article_modified_time":"2025-07-02T19:31:52+00:00","og_image":[{"width":570,"height":517,"url":"https:\/\/yazmed.ma\/wp-content\/uploads\/2025\/01\/Design-sans-titre-79.png","type":"image\/png"}],"twitter_card":"summary_large_image","twitter_misc":{"Est. reading time":"1 minute"},"schema":{"@context":"https:\/\/schema.org","@graph":[{"@type":"WebPage","@id":"https:\/\/yazmed.ma\/product\/tensiometre-spengler-lian-nano-adulte\/","url":"https:\/\/yazmed.ma\/product\/tensiometre-spengler-lian-nano-adulte\/","name":"Tensiom\u00e8tre Spengler Lian Nano adulte \u2013 Maroc - YAZMED","isPartOf":{"@id":"https:\/\/yazmed.ma\/#website"},"primaryImageOfPage":{"@id":"https:\/\/yazmed.ma\/product\/tensiometre-spengler-lian-nano-adulte\/#primaryimage"},"image":{"@id":"https:\/\/yazmed.ma\/product\/tensiometre-spengler-lian-nano-adulte\/#primaryimage"},"thumbnailUrl":"https:\/\/yazmed.ma\/wp-content\/uploads\/2025\/01\/Design-sans-titre-79.png","datePublished":"2025-01-05T18:18:50+00:00","dateModified":"2025-07-02T19:31:52+00:00","breadcrumb":{"@id":"https:\/\/yazmed.ma\/product\/tensiometre-spengler-lian-nano-adulte\/#breadcrumb"},"inLanguage":"ary","potentialAction":[{"@type":"ReadAction","target":["https:\/\/yazmed.ma\/product\/tensiometre-spengler-lian-nano-adulte\/"]}]},{"@type":"ImageObject","inLanguage":"ary","@id":"https:\/\/yazmed.ma\/product\/tensiometre-spengler-lian-nano-adulte\/#primaryimage","url":"https:\/\/yazmed.ma\/wp-content\/uploads\/2025\/01\/Design-sans-titre-79.png","contentUrl":"https:\/\/yazmed.ma\/wp-content\/uploads\/2025\/01\/Design-sans-titre-79.png","width":570,"height":517,"caption":"Tensiom\u00e8tre spengler lian nano adulte Yazmed Maroc"},{"@type":"BreadcrumbList","@id":"https:\/\/yazmed.ma\/product\/tensiometre-spengler-lian-nano-adulte\/#breadcrumb","itemListElement":[{"@type":"ListItem","position":1,"name":"Accueil","item":"https:\/\/yazmed.ma\/"},{"@type":"ListItem","position":2,"name":"Shop","item":"https:\/\/yazmed.ma\/shop-2\/"},{"@type":"ListItem","position":3,"name":"Tensiom\u00e8tre spengler lian nano adulte"}]},{"@type":"WebSite","@id":"https:\/\/yazmed.ma\/#website","url":"https:\/\/yazmed.ma\/","name":"Yazmed","description":"LEADER DU MAT\u00c9RIEL M\u00c9DICAL AU MAROC","publisher":{"@id":"https:\/\/yazmed.ma\/#organization"},"potentialAction":[{"@type":"SearchAction","target":{"@type":"EntryPoint","urlTemplate":"https:\/\/yazmed.ma\/?s={search_term_string}"},"query-input":{"@type":"PropertyValueSpecification","valueRequired":true,"valueName":"search_term_string"}}],"inLanguage":"ary"},{"@type":"Organization","@id":"https:\/\/yazmed.ma\/#organization","name":"Yazmed Healthcare","url":"https:\/\/yazmed.ma\/","logo":{"@type":"ImageObject","inLanguage":"ary","@id":"https:\/\/yazmed.ma\/#\/schema\/logo\/image\/","url":"https:\/\/yazmed.ma\/wp-content\/uploads\/2024\/12\/3.png","contentUrl":"https:\/\/yazmed.ma\/wp-content\/uploads\/2024\/12\/3.png","width":250,"height":70,"caption":"Yazmed Healthcare"},"image":{"@id":"https:\/\/yazmed.ma\/#\/schema\/logo\/image\/"},"sameAs":["https:\/\/www.facebook.com\/azenkouky","https:\/\/www.instagram.com\/yazmedhealthcare","https:\/\/www.linkedin.com\/in\/yazmed-healthcare-1b4955295"]}]}},"_links":{"self":[{"href":"https:\/\/yazmed.ma\/ar\/wp-json\/wp\/v2\/product\/1603","targetHints":{"allow":["GET"]}}],"collection":[{"href":"https:\/\/yazmed.ma\/ar\/wp-json\/wp\/v2\/product"}],"about":[{"href":"https:\/\/yazmed.ma\/ar\/wp-json\/wp\/v2\/types\/product"}],"replies":[{"embeddable":true,"href":"https:\/\/yazmed.ma\/ar\/wp-json\/wp\/v2\/comments?post=1603"}],"version-history":[{"count":1,"href":"https:\/\/yazmed.ma\/ar\/wp-json\/wp\/v2\/product\/1603\/revisions"}],"predecessor-version":[{"id":2592,"href":"https:\/\/yazmed.ma\/ar\/wp-json\/wp\/v2\/product\/1603\/revisions\/2592"}],"wp:featuredmedia":[{"embeddable":true,"href":"https:\/\/yazmed.ma\/ar\/wp-json\/wp\/v2\/media\/1903"}],"wp:attachment":[{"href":"https:\/\/yazmed.ma\/ar\/wp-json\/wp\/v2\/media?parent=1603"}],"wp:term":[{"taxonomy":"product_brand","embeddable":true,"href":"https:\/\/yazmed.ma\/ar\/wp-json\/wp\/v2\/product_brand?post=1603"},{"taxonomy":"product_cat","embeddable":true,"href":"https:\/\/yazmed.ma\/ar\/wp-json\/wp\/v2\/product_cat?post=1603"},{"taxonomy":"product_tag","embeddable":true,"href":"https:\/\/yazmed.ma\/ar\/wp-json\/wp\/v2\/product_tag?post=1603"}],"curies":[{"name":"wp","href":"https:\/\/api.w.org\/{rel}","templated":true}]}}