{"id":1598,"date":"2025-01-05T18:10:04","date_gmt":"2025-01-05T18:10:04","guid":{"rendered":"https:\/\/yazmed.ma\/?post_type=product&#038;p=1598"},"modified":"2025-12-15T20:46:26","modified_gmt":"2025-12-15T20:46:26","slug":"thermosoudeuse-100-w","status":"publish","type":"product","link":"https:\/\/yazmed.ma\/ar\/product\/thermosoudeuse-100-w\/","title":{"rendered":"Thermosoudeuse 100 W"},"content":{"rendered":"<p><img decoding=\"async\" class=\"emoji\" role=\"img\" draggable=\"false\" src=\"https:\/\/s.w.org\/images\/core\/emoji\/16.0.1\/svg\/2705.svg\" alt=\"\u2705\" \/>\u00a0Caract\u00e9ristiques techniques\u00a0:<\/p>\n<p>&#8211; Alimentation :\u00a0AC 230V, 50Hz (conforme aux normes de s\u00e9curit\u00e9 europ\u00e9ennes).<\/p>\n<p>&#8211; Puissance :\u00a0100 W.<\/p>\n<p>&#8211; Temp\u00e9rature de soudure :\u00a0210\u00b0C.<\/p>\n<p>&#8211; Longueur de rouleau maxi :\u00a0300 mm.<\/p>\n<p>&#8211; Largeur de soudure :\u00a012 mm.<\/p>\n<p>&#8211; R\u00e9glage temp\u00e9rature : automatique.<\/p>\n<p>&#8211; Pr\u00e9-chauffage :\u00a03 min.<\/p>\n<p>Dimensions : L 460 x l 380 x H 290 mm.<\/p>\n<p>Poids :\u00a04.8 kg Net.<\/p>","protected":false},"excerpt":{"rendered":"<h5>Thermosoudeuse contr\u00f4l\u00e9e par microprocesseur, s&rsquo;adapte \u00e0\u00a0tout type de sachets ou gaines de st\u00e9rilisation. Avec r\u00e9glage automatique de la temp\u00e9rature.<\/h5>\n<h5>&#8211; R\u00e9glage automatique de la temp\u00e9rature \u00e9vitant le br\u00fblage des sachets de st\u00e9rilisation.<\/h5>\n<h5>&#8211; Signal sonore et voyant annon\u00e7ant la fin de l&rsquo;op\u00e9ration de soudure.<\/h5>\n<h5>Possibilit\u00e9 de fixer le porte-rouleau au mur pour lib\u00e9rer l&rsquo;espace de travail.<\/h5>\n<p>&nbsp;<\/p>","protected":false},"featured_media":2434,"comment_status":"open","ping_status":"closed","template":"","meta":[],"product_brand":[],"product_cat":[56],"product_tag":[],"class_list":{"0":"post-1598","1":"product","2":"type-product","3":"status-publish","4":"has-post-thumbnail","6":"product_cat-sterilisation-hygiene","8":"first","9":"instock","10":"sale","11":"taxable","12":"shipping-taxable","13":"purchasable","14":"product-type-simple"},"yoast_head":"<!-- This site is optimized with the Yoast SEO plugin v26.9 - https:\/\/yoast.com\/product\/yoast-seo-wordpress\/ -->\n<title>Thermosoudeuse 100 W - YAZMED<\/title>\n<meta name=\"robots\" content=\"index, follow, max-snippet:-1, max-image-preview:large, max-video-preview:-1\" \/>\n<link rel=\"canonical\" href=\"https:\/\/yazmed.ma\/ar\/product\/thermosoudeuse-pour-gaine-de-sterilisation\/\" \/>\n<meta property=\"og:locale\" content=\"ar_AR\" \/>\n<meta property=\"og:type\" content=\"article\" \/>\n<meta property=\"og:title\" content=\"Thermosoudeuse 100 W - YAZMED\" \/>\n<meta property=\"og:description\" content=\"Thermosoudeuse contr\u00f4l\u00e9e par microprocesseur, s&#039;adapte \u00e0\u00a0tout type de sachets ou gaines de st\u00e9rilisation. Avec r\u00e9glage automatique de la temp\u00e9rature. - R\u00e9glage automatique de la temp\u00e9rature \u00e9vitant le br\u00fblage des sachets de st\u00e9rilisation. - Signal sonore et voyant annon\u00e7ant la fin de l&#039;op\u00e9ration de soudure. Possibilit\u00e9 de fixer le porte-rouleau au mur pour lib\u00e9rer l&#039;espace de travail. &nbsp;\" \/>\n<meta property=\"og:url\" content=\"https:\/\/yazmed.ma\/ar\/product\/thermosoudeuse-pour-gaine-de-sterilisation\/\" \/>\n<meta property=\"og:site_name\" content=\"YAZMED\" \/>\n<meta property=\"article:publisher\" content=\"https:\/\/www.facebook.com\/azenkouky\" \/>\n<meta property=\"article:modified_time\" content=\"2025-12-15T20:46:26+00:00\" \/>\n<meta property=\"og:image\" content=\"https:\/\/yazmed.ma\/wp-content\/uploads\/2025\/01\/25c18278-8b7c-4cfe-9ff8-bcb196664c4a.jpg\" \/>\n\t<meta property=\"og:image:width\" content=\"512\" \/>\n\t<meta property=\"og:image:height\" content=\"512\" \/>\n\t<meta property=\"og:image:type\" content=\"image\/jpeg\" \/>\n<meta name=\"twitter:card\" content=\"summary_large_image\" \/>\n<meta name=\"twitter:label1\" content=\"Est. reading time\" \/>\n\t<meta name=\"twitter:data1\" content=\"1 minute\" \/>\n<script type=\"application\/ld+json\" class=\"yoast-schema-graph\">{\"@context\":\"https:\/\/schema.org\",\"@graph\":[{\"@type\":\"WebPage\",\"@id\":\"https:\/\/yazmed.ma\/product\/thermosoudeuse-pour-gaine-de-sterilisation\/\",\"url\":\"https:\/\/yazmed.ma\/product\/thermosoudeuse-pour-gaine-de-sterilisation\/\",\"name\":\"Thermosoudeuse 100 W - YAZMED\",\"isPartOf\":{\"@id\":\"https:\/\/yazmed.ma\/#website\"},\"primaryImageOfPage\":{\"@id\":\"https:\/\/yazmed.ma\/product\/thermosoudeuse-pour-gaine-de-sterilisation\/#primaryimage\"},\"image\":{\"@id\":\"https:\/\/yazmed.ma\/product\/thermosoudeuse-pour-gaine-de-sterilisation\/#primaryimage\"},\"thumbnailUrl\":\"https:\/\/yazmed.ma\/wp-content\/uploads\/2025\/01\/Thermosoudeuse.webp\",\"datePublished\":\"2025-01-05T18:10:04+00:00\",\"dateModified\":\"2025-12-15T20:46:26+00:00\",\"breadcrumb\":{\"@id\":\"https:\/\/yazmed.ma\/product\/thermosoudeuse-pour-gaine-de-sterilisation\/#breadcrumb\"},\"inLanguage\":\"ary\",\"potentialAction\":[{\"@type\":\"ReadAction\",\"target\":[\"https:\/\/yazmed.ma\/product\/thermosoudeuse-pour-gaine-de-sterilisation\/\"]}]},{\"@type\":\"ImageObject\",\"inLanguage\":\"ary\",\"@id\":\"https:\/\/yazmed.ma\/product\/thermosoudeuse-pour-gaine-de-sterilisation\/#primaryimage\",\"url\":\"https:\/\/yazmed.ma\/wp-content\/uploads\/2025\/01\/Thermosoudeuse.webp\",\"contentUrl\":\"https:\/\/yazmed.ma\/wp-content\/uploads\/2025\/01\/Thermosoudeuse.webp\",\"width\":512,\"height\":512,\"caption\":\"Thermosoudeuse\"},{\"@type\":\"BreadcrumbList\",\"@id\":\"https:\/\/yazmed.ma\/product\/thermosoudeuse-pour-gaine-de-sterilisation\/#breadcrumb\",\"itemListElement\":[{\"@type\":\"ListItem\",\"position\":1,\"name\":\"Accueil\",\"item\":\"https:\/\/yazmed.ma\/\"},{\"@type\":\"ListItem\",\"position\":2,\"name\":\"Shop\",\"item\":\"https:\/\/yazmed.ma\/shop-2\/\"},{\"@type\":\"ListItem\",\"position\":3,\"name\":\"Thermosoudeuse pour gaine de st\u00e9rilisation\"}]},{\"@type\":\"WebSite\",\"@id\":\"https:\/\/yazmed.ma\/#website\",\"url\":\"https:\/\/yazmed.ma\/\",\"name\":\"Yazmed\",\"description\":\"LEADER DU MAT\u00c9RIEL M\u00c9DICAL AU MAROC\",\"publisher\":{\"@id\":\"https:\/\/yazmed.ma\/#organization\"},\"potentialAction\":[{\"@type\":\"SearchAction\",\"target\":{\"@type\":\"EntryPoint\",\"urlTemplate\":\"https:\/\/yazmed.ma\/?s={search_term_string}\"},\"query-input\":{\"@type\":\"PropertyValueSpecification\",\"valueRequired\":true,\"valueName\":\"search_term_string\"}}],\"inLanguage\":\"ary\"},{\"@type\":\"Organization\",\"@id\":\"https:\/\/yazmed.ma\/#organization\",\"name\":\"Yazmed Healthcare\",\"url\":\"https:\/\/yazmed.ma\/\",\"logo\":{\"@type\":\"ImageObject\",\"inLanguage\":\"ary\",\"@id\":\"https:\/\/yazmed.ma\/#\/schema\/logo\/image\/\",\"url\":\"https:\/\/yazmed.ma\/wp-content\/uploads\/2024\/12\/3.png\",\"contentUrl\":\"https:\/\/yazmed.ma\/wp-content\/uploads\/2024\/12\/3.png\",\"width\":250,\"height\":70,\"caption\":\"Yazmed Healthcare\"},\"image\":{\"@id\":\"https:\/\/yazmed.ma\/#\/schema\/logo\/image\/\"},\"sameAs\":[\"https:\/\/www.facebook.com\/azenkouky\",\"https:\/\/www.instagram.com\/yazmedhealthcare\",\"https:\/\/www.linkedin.com\/in\/yazmed-healthcare-1b4955295\"]}]}<\/script>\n<!-- \/ Yoast SEO plugin. -->","yoast_head_json":{"title":"Thermosoudeuse 100 W - YAZMED","robots":{"index":"index","follow":"follow","max-snippet":"max-snippet:-1","max-image-preview":"max-image-preview:large","max-video-preview":"max-video-preview:-1"},"canonical":"https:\/\/yazmed.ma\/ar\/product\/thermosoudeuse-pour-gaine-de-sterilisation\/","og_locale":"ar_AR","og_type":"article","og_title":"Thermosoudeuse 100 W - YAZMED","og_description":"Thermosoudeuse contr\u00f4l\u00e9e par microprocesseur, s'adapte \u00e0\u00a0tout type de sachets ou gaines de st\u00e9rilisation. Avec r\u00e9glage automatique de la temp\u00e9rature. - R\u00e9glage automatique de la temp\u00e9rature \u00e9vitant le br\u00fblage des sachets de st\u00e9rilisation. - Signal sonore et voyant annon\u00e7ant la fin de l'op\u00e9ration de soudure. Possibilit\u00e9 de fixer le porte-rouleau au mur pour lib\u00e9rer l'espace de travail. &nbsp;","og_url":"https:\/\/yazmed.ma\/ar\/product\/thermosoudeuse-pour-gaine-de-sterilisation\/","og_site_name":"YAZMED","article_publisher":"https:\/\/www.facebook.com\/azenkouky","article_modified_time":"2025-12-15T20:46:26+00:00","og_image":[{"width":512,"height":512,"url":"https:\/\/yazmed.ma\/wp-content\/uploads\/2025\/01\/25c18278-8b7c-4cfe-9ff8-bcb196664c4a.jpg","type":"image\/jpeg"}],"twitter_card":"summary_large_image","twitter_misc":{"Est. reading time":"1 minute"},"schema":{"@context":"https:\/\/schema.org","@graph":[{"@type":"WebPage","@id":"https:\/\/yazmed.ma\/product\/thermosoudeuse-pour-gaine-de-sterilisation\/","url":"https:\/\/yazmed.ma\/product\/thermosoudeuse-pour-gaine-de-sterilisation\/","name":"Thermosoudeuse 100 W - YAZMED","isPartOf":{"@id":"https:\/\/yazmed.ma\/#website"},"primaryImageOfPage":{"@id":"https:\/\/yazmed.ma\/product\/thermosoudeuse-pour-gaine-de-sterilisation\/#primaryimage"},"image":{"@id":"https:\/\/yazmed.ma\/product\/thermosoudeuse-pour-gaine-de-sterilisation\/#primaryimage"},"thumbnailUrl":"https:\/\/yazmed.ma\/wp-content\/uploads\/2025\/01\/Thermosoudeuse.webp","datePublished":"2025-01-05T18:10:04+00:00","dateModified":"2025-12-15T20:46:26+00:00","breadcrumb":{"@id":"https:\/\/yazmed.ma\/product\/thermosoudeuse-pour-gaine-de-sterilisation\/#breadcrumb"},"inLanguage":"ary","potentialAction":[{"@type":"ReadAction","target":["https:\/\/yazmed.ma\/product\/thermosoudeuse-pour-gaine-de-sterilisation\/"]}]},{"@type":"ImageObject","inLanguage":"ary","@id":"https:\/\/yazmed.ma\/product\/thermosoudeuse-pour-gaine-de-sterilisation\/#primaryimage","url":"https:\/\/yazmed.ma\/wp-content\/uploads\/2025\/01\/Thermosoudeuse.webp","contentUrl":"https:\/\/yazmed.ma\/wp-content\/uploads\/2025\/01\/Thermosoudeuse.webp","width":512,"height":512,"caption":"Thermosoudeuse"},{"@type":"BreadcrumbList","@id":"https:\/\/yazmed.ma\/product\/thermosoudeuse-pour-gaine-de-sterilisation\/#breadcrumb","itemListElement":[{"@type":"ListItem","position":1,"name":"Accueil","item":"https:\/\/yazmed.ma\/"},{"@type":"ListItem","position":2,"name":"Shop","item":"https:\/\/yazmed.ma\/shop-2\/"},{"@type":"ListItem","position":3,"name":"Thermosoudeuse pour gaine de st\u00e9rilisation"}]},{"@type":"WebSite","@id":"https:\/\/yazmed.ma\/#website","url":"https:\/\/yazmed.ma\/","name":"Yazmed","description":"LEADER DU MAT\u00c9RIEL M\u00c9DICAL AU MAROC","publisher":{"@id":"https:\/\/yazmed.ma\/#organization"},"potentialAction":[{"@type":"SearchAction","target":{"@type":"EntryPoint","urlTemplate":"https:\/\/yazmed.ma\/?s={search_term_string}"},"query-input":{"@type":"PropertyValueSpecification","valueRequired":true,"valueName":"search_term_string"}}],"inLanguage":"ary"},{"@type":"Organization","@id":"https:\/\/yazmed.ma\/#organization","name":"Yazmed Healthcare","url":"https:\/\/yazmed.ma\/","logo":{"@type":"ImageObject","inLanguage":"ary","@id":"https:\/\/yazmed.ma\/#\/schema\/logo\/image\/","url":"https:\/\/yazmed.ma\/wp-content\/uploads\/2024\/12\/3.png","contentUrl":"https:\/\/yazmed.ma\/wp-content\/uploads\/2024\/12\/3.png","width":250,"height":70,"caption":"Yazmed Healthcare"},"image":{"@id":"https:\/\/yazmed.ma\/#\/schema\/logo\/image\/"},"sameAs":["https:\/\/www.facebook.com\/azenkouky","https:\/\/www.instagram.com\/yazmedhealthcare","https:\/\/www.linkedin.com\/in\/yazmed-healthcare-1b4955295"]}]}},"_links":{"self":[{"href":"https:\/\/yazmed.ma\/ar\/wp-json\/wp\/v2\/product\/1598","targetHints":{"allow":["GET"]}}],"collection":[{"href":"https:\/\/yazmed.ma\/ar\/wp-json\/wp\/v2\/product"}],"about":[{"href":"https:\/\/yazmed.ma\/ar\/wp-json\/wp\/v2\/types\/product"}],"replies":[{"embeddable":true,"href":"https:\/\/yazmed.ma\/ar\/wp-json\/wp\/v2\/comments?post=1598"}],"version-history":[{"count":1,"href":"https:\/\/yazmed.ma\/ar\/wp-json\/wp\/v2\/product\/1598\/revisions"}],"predecessor-version":[{"id":2963,"href":"https:\/\/yazmed.ma\/ar\/wp-json\/wp\/v2\/product\/1598\/revisions\/2963"}],"wp:featuredmedia":[{"embeddable":true,"href":"https:\/\/yazmed.ma\/ar\/wp-json\/wp\/v2\/media\/2434"}],"wp:attachment":[{"href":"https:\/\/yazmed.ma\/ar\/wp-json\/wp\/v2\/media?parent=1598"}],"wp:term":[{"taxonomy":"product_brand","embeddable":true,"href":"https:\/\/yazmed.ma\/ar\/wp-json\/wp\/v2\/product_brand?post=1598"},{"taxonomy":"product_cat","embeddable":true,"href":"https:\/\/yazmed.ma\/ar\/wp-json\/wp\/v2\/product_cat?post=1598"},{"taxonomy":"product_tag","embeddable":true,"href":"https:\/\/yazmed.ma\/ar\/wp-json\/wp\/v2\/product_tag?post=1598"}],"curies":[{"name":"wp","href":"https:\/\/api.w.org\/{rel}","templated":true}]}}