{"id":1589,"date":"2025-01-01T20:58:04","date_gmt":"2025-01-01T20:58:04","guid":{"rendered":"https:\/\/yazmed.ma\/?post_type=product&#038;p=1589"},"modified":"2026-01-04T22:23:54","modified_gmt":"2026-01-04T22:23:54","slug":"anuscope-sterile-uu25","status":"publish","type":"product","link":"https:\/\/yazmed.ma\/ar\/product\/anuscope-sterile-uu25\/","title":{"rendered":"ANUSCOPE ST\u00c9RILE UU25"},"content":{"rendered":"<h2><em><strong><img decoding=\"async\" class=\"emoji\" role=\"img\" draggable=\"false\" src=\"https:\/\/s.w.org\/images\/core\/emoji\/16.0.1\/svg\/2705.svg\" alt=\"\u2705\" \/>Description<\/strong><\/em><\/h2>\n<p><em><strong><img decoding=\"async\" class=\"emoji\" role=\"img\" draggable=\"false\" src=\"https:\/\/s.w.org\/images\/core\/emoji\/16.0.1\/svg\/2705.svg\" alt=\"\u2705\" \/><\/strong>Anuscopes a usage unique\u00a0<\/em><\/p>\n<p><em><img decoding=\"async\" class=\"emoji\" role=\"img\" draggable=\"false\" src=\"https:\/\/s.w.org\/images\/core\/emoji\/16.0.1\/svg\/2705.svg\" alt=\"\u2705\" \/>St\u00e9riles a usage unique pour examen endo-rectal .<\/em><br \/>\n<em>-En poly\u00e9thyl\u00e8ne sans latex et sans phtalates.<\/em><\/p>\n<p><em><img decoding=\"async\" class=\"emoji\" role=\"img\" draggable=\"false\" src=\"https:\/\/s.w.org\/images\/core\/emoji\/16.0.1\/svg\/2705.svg\" alt=\"\u2705\" \/>S\u00e9curit\u00e9 : pas de risque de contamination<\/em><\/p>\n<p><em><img decoding=\"async\" class=\"emoji\" role=\"img\" draggable=\"false\" src=\"https:\/\/s.w.org\/images\/core\/emoji\/16.0.1\/svg\/2705.svg\" alt=\"\u2705\" \/>Confort : pas de sensation de froid.<\/em><\/p>\n<p><em><img decoding=\"async\" class=\"emoji\" role=\"img\" draggable=\"false\" src=\"https:\/\/s.w.org\/images\/core\/emoji\/16.0.1\/svg\/2705.svg\" alt=\"\u2705\" \/>Existe en 3 gamme de bord droit:<\/em><\/p>\n<p><em>-taille p\u00e9diatrique :<\/em><\/p>\n<p><em>Pour les anus \u00e9troits ou st\u00e9nos\u00e9s L 60 mm \u00d8 18 mm<\/em><\/p>\n<p><em>taille Moyen :<\/em><\/p>\n<p><em>Pour la premi\u00e8re consultation, la photocoagulation\u00a0L 68 mm \u00d8 20 mm<\/em><\/p>\n<p><em>\u00a0taille Adulte :<\/em><\/p>\n<p><em>Pour les ligatures \u00e9lastiques et les consultations L 70 mm \u00d8 22 mm<\/em><\/p>\n<p><em>Et deux gamme bord biseaut\u00e9 :<\/em><\/p>\n<p><em>Anuscope taille P\u00e9diatrique<strong> :<\/strong><\/em><\/p>\n<p><a href=\"https:\/\/a-legrand.com\/a-usage-unique-\/247-326-anuscope-adulte-long.html#\/8-manche_anuscope-pour_manche_eclaireur\/86-emballage-emballage_unitaire_en_papier_recyclable\" target=\"_blank\" rel=\"noopener\">Anuscope adulte long<\/a><\/p>\n<p>&nbsp;<\/p>","protected":false},"excerpt":{"rendered":"<h4><strong>Anuscope st\u00e9riles \u00e0 usage unique<\/strong> UU25<\/h4>\n<p>sont des dispositifs m\u00e9dicaux utilis\u00e9s par les proctologues, professionnels de Sant\u00e9 sp\u00e9cialis\u00e9 dans les pathologies li\u00e9es \u00e0 l&rsquo;anus et au <a title=\"\" href=\"https:\/\/fr.wikipedia.org\/wiki\/Rectum\">rectum<\/a>.<\/p>\n<p>Ideal pour l&rsquo;examen du\u00a0 bas du rectum ainsi que les muqueuses internes afin de d\u00e9celer d&rsquo;\u00e9ventuelles infections, h\u00e9morro\u00efdes ou maladies.<\/p>\n<p>Ses avantages:<\/p>\n<p>&#8211; Particuli\u00e8rement adapt\u00e9 pour les patients en surpoids<\/p>\n<p>&#8211; Evite la fermeture des fesses sur la partie proximale<br \/>\n&#8211; Permet de bien ausculter toute la longueur du canal anal<br \/>\n&#8211; Facilite la consultation en position d\u00e9cubitus lat\u00e9ral<br \/>\n&#8211; Conditionnement adapt\u00e9 \u00e0 un usage ponctuel avec 10 unit\u00e9s par bo\u00eete<\/p>\n<p>&#8211;\u00a0Dispositif en plastique v\u00e9g\u00e9tal<\/p>\n<p>-convient pour les interventions ligature \u00e9lastique ainsi que les consultations.<\/p>\n<p><img decoding=\"async\" class=\"wp-image-2510\" title=\"logo 1709204930\" src=\"https:\/\/yazmed.ma\/wp-content\/uploads\/2025\/01\/logo-1709204930.png\" alt=\"logo 1709204930\" width=\"112\" height=\"44\" srcset=\"https:\/\/yazmed.ma\/wp-content\/uploads\/2025\/01\/logo-1709204930.png 250w, https:\/\/yazmed.ma\/wp-content\/uploads\/2025\/01\/logo-1709204930-18x7.png 18w, https:\/\/yazmed.ma\/wp-content\/uploads\/2025\/01\/logo-1709204930-90x35.png 90w\" sizes=\"(max-width: 112px) 100vw, 112px\" \/><\/p>\n<p>&nbsp;<\/p>\n<p>&nbsp;<\/p>","protected":false},"featured_media":2309,"comment_status":"open","ping_status":"closed","template":"","meta":[],"product_brand":[],"product_cat":[52],"product_tag":[114,113],"class_list":{"0":"post-1589","1":"product","2":"type-product","3":"status-publish","4":"has-post-thumbnail","6":"product_cat-consommable-medical","7":"product_tag-anuscope-jetable","8":"product_tag-anuscope-sterile","10":"first","11":"instock","12":"taxable","13":"shipping-taxable","14":"purchasable","15":"product-type-simple"},"yoast_head":"<!-- This site is optimized with the Yoast SEO plugin v26.9 - https:\/\/yoast.com\/product\/yoast-seo-wordpress\/ -->\n<title>ANUSCOPE ST\u00c9RILE UU25 - YAZMED<\/title>\n<meta name=\"robots\" content=\"index, follow, max-snippet:-1, max-image-preview:large, max-video-preview:-1\" \/>\n<link rel=\"canonical\" href=\"https:\/\/yazmed.ma\/ar\/product\/anuscope-jetable-sterile-proctologie\/\" \/>\n<meta property=\"og:locale\" content=\"ar_AR\" \/>\n<meta property=\"og:type\" content=\"article\" \/>\n<meta property=\"og:title\" content=\"ANUSCOPE ST\u00c9RILE UU25 - YAZMED\" \/>\n<meta property=\"og:description\" content=\"Anuscope st\u00e9riles \u00e0 usage unique UU25 sont des dispositifs m\u00e9dicaux utilis\u00e9s par les proctologues, professionnels de Sant\u00e9 sp\u00e9cialis\u00e9 dans les pathologies li\u00e9es \u00e0 l&#039;anus et au rectum.  Ideal pour l&#039;examen du\u00a0 bas du rectum ainsi que les muqueuses internes afin de d\u00e9celer d&#039;\u00e9ventuelles infections, h\u00e9morro\u00efdes ou maladies.  Ses avantages:  - Particuli\u00e8rement adapt\u00e9 pour les patients en surpoids  - Evite la fermeture des fesses sur la partie proximale - Permet de bien ausculter toute la longueur du canal anal - Facilite la consultation en position d\u00e9cubitus lat\u00e9ral - Conditionnement adapt\u00e9 \u00e0 un usage ponctuel avec 10 unit\u00e9s par bo\u00eete  -\u00a0Dispositif en plastique v\u00e9g\u00e9tal  -convient pour les interventions ligature \u00e9lastique ainsi que les consultations.    &nbsp;  &nbsp;\" \/>\n<meta property=\"og:url\" content=\"https:\/\/yazmed.ma\/ar\/product\/anuscope-jetable-sterile-proctologie\/\" \/>\n<meta property=\"og:site_name\" content=\"YAZMED\" \/>\n<meta property=\"article:publisher\" content=\"https:\/\/www.facebook.com\/azenkouky\" \/>\n<meta property=\"article:modified_time\" content=\"2026-01-04T22:23:54+00:00\" \/>\n<meta property=\"og:image\" content=\"https:\/\/yazmed.ma\/wp-content\/uploads\/2025\/01\/Design-sans-titre-72.png\" \/>\n\t<meta property=\"og:image:width\" content=\"570\" \/>\n\t<meta property=\"og:image:height\" content=\"517\" \/>\n\t<meta property=\"og:image:type\" content=\"image\/png\" \/>\n<meta name=\"twitter:card\" content=\"summary_large_image\" \/>\n<meta name=\"twitter:label1\" content=\"Est. reading time\" \/>\n\t<meta name=\"twitter:data1\" content=\"1 minute\" \/>\n<script type=\"application\/ld+json\" class=\"yoast-schema-graph\">{\"@context\":\"https:\/\/schema.org\",\"@graph\":[{\"@type\":\"WebPage\",\"@id\":\"https:\/\/yazmed.ma\/product\/anuscope-jetable-sterile-proctologie\/\",\"url\":\"https:\/\/yazmed.ma\/product\/anuscope-jetable-sterile-proctologie\/\",\"name\":\"ANUSCOPE ST\u00c9RILE UU25 - YAZMED\",\"isPartOf\":{\"@id\":\"https:\/\/yazmed.ma\/#website\"},\"primaryImageOfPage\":{\"@id\":\"https:\/\/yazmed.ma\/product\/anuscope-jetable-sterile-proctologie\/#primaryimage\"},\"image\":{\"@id\":\"https:\/\/yazmed.ma\/product\/anuscope-jetable-sterile-proctologie\/#primaryimage\"},\"thumbnailUrl\":\"https:\/\/yazmed.ma\/wp-content\/uploads\/2025\/01\/ANUSCOPE.webp\",\"datePublished\":\"2025-01-01T20:58:04+00:00\",\"dateModified\":\"2026-01-04T22:23:54+00:00\",\"breadcrumb\":{\"@id\":\"https:\/\/yazmed.ma\/product\/anuscope-jetable-sterile-proctologie\/#breadcrumb\"},\"inLanguage\":\"ary\",\"potentialAction\":[{\"@type\":\"ReadAction\",\"target\":[\"https:\/\/yazmed.ma\/product\/anuscope-jetable-sterile-proctologie\/\"]}]},{\"@type\":\"ImageObject\",\"inLanguage\":\"ary\",\"@id\":\"https:\/\/yazmed.ma\/product\/anuscope-jetable-sterile-proctologie\/#primaryimage\",\"url\":\"https:\/\/yazmed.ma\/wp-content\/uploads\/2025\/01\/ANUSCOPE.webp\",\"contentUrl\":\"https:\/\/yazmed.ma\/wp-content\/uploads\/2025\/01\/ANUSCOPE.webp\",\"width\":450,\"height\":450,\"caption\":\"ANUSCOPE\"},{\"@type\":\"BreadcrumbList\",\"@id\":\"https:\/\/yazmed.ma\/product\/anuscope-jetable-sterile-proctologie\/#breadcrumb\",\"itemListElement\":[{\"@type\":\"ListItem\",\"position\":1,\"name\":\"Accueil\",\"item\":\"https:\/\/yazmed.ma\/\"},{\"@type\":\"ListItem\",\"position\":2,\"name\":\"Shop\",\"item\":\"https:\/\/yazmed.ma\/shop-2\/\"},{\"@type\":\"ListItem\",\"position\":3,\"name\":\"ANUSCOPE JETABLE ST\u00c9RILE PROCTOLOGIE\"}]},{\"@type\":\"WebSite\",\"@id\":\"https:\/\/yazmed.ma\/#website\",\"url\":\"https:\/\/yazmed.ma\/\",\"name\":\"Yazmed\",\"description\":\"LEADER DU MAT\u00c9RIEL M\u00c9DICAL AU MAROC\",\"publisher\":{\"@id\":\"https:\/\/yazmed.ma\/#organization\"},\"potentialAction\":[{\"@type\":\"SearchAction\",\"target\":{\"@type\":\"EntryPoint\",\"urlTemplate\":\"https:\/\/yazmed.ma\/?s={search_term_string}\"},\"query-input\":{\"@type\":\"PropertyValueSpecification\",\"valueRequired\":true,\"valueName\":\"search_term_string\"}}],\"inLanguage\":\"ary\"},{\"@type\":\"Organization\",\"@id\":\"https:\/\/yazmed.ma\/#organization\",\"name\":\"Yazmed Healthcare\",\"url\":\"https:\/\/yazmed.ma\/\",\"logo\":{\"@type\":\"ImageObject\",\"inLanguage\":\"ary\",\"@id\":\"https:\/\/yazmed.ma\/#\/schema\/logo\/image\/\",\"url\":\"https:\/\/yazmed.ma\/wp-content\/uploads\/2024\/12\/3.png\",\"contentUrl\":\"https:\/\/yazmed.ma\/wp-content\/uploads\/2024\/12\/3.png\",\"width\":250,\"height\":70,\"caption\":\"Yazmed Healthcare\"},\"image\":{\"@id\":\"https:\/\/yazmed.ma\/#\/schema\/logo\/image\/\"},\"sameAs\":[\"https:\/\/www.facebook.com\/azenkouky\",\"https:\/\/www.instagram.com\/yazmedhealthcare\",\"https:\/\/www.linkedin.com\/in\/yazmed-healthcare-1b4955295\"]}]}<\/script>\n<!-- \/ Yoast SEO plugin. -->","yoast_head_json":{"title":"ANUSCOPE ST\u00c9RILE UU25 - YAZMED","robots":{"index":"index","follow":"follow","max-snippet":"max-snippet:-1","max-image-preview":"max-image-preview:large","max-video-preview":"max-video-preview:-1"},"canonical":"https:\/\/yazmed.ma\/ar\/product\/anuscope-jetable-sterile-proctologie\/","og_locale":"ar_AR","og_type":"article","og_title":"ANUSCOPE ST\u00c9RILE UU25 - YAZMED","og_description":"Anuscope st\u00e9riles \u00e0 usage unique UU25 sont des dispositifs m\u00e9dicaux utilis\u00e9s par les proctologues, professionnels de Sant\u00e9 sp\u00e9cialis\u00e9 dans les pathologies li\u00e9es \u00e0 l'anus et au rectum.  Ideal pour l'examen du\u00a0 bas du rectum ainsi que les muqueuses internes afin de d\u00e9celer d'\u00e9ventuelles infections, h\u00e9morro\u00efdes ou maladies.  Ses avantages:  - Particuli\u00e8rement adapt\u00e9 pour les patients en surpoids  - Evite la fermeture des fesses sur la partie proximale - Permet de bien ausculter toute la longueur du canal anal - Facilite la consultation en position d\u00e9cubitus lat\u00e9ral - Conditionnement adapt\u00e9 \u00e0 un usage ponctuel avec 10 unit\u00e9s par bo\u00eete  -\u00a0Dispositif en plastique v\u00e9g\u00e9tal  -convient pour les interventions ligature \u00e9lastique ainsi que les consultations.    &nbsp;  &nbsp;","og_url":"https:\/\/yazmed.ma\/ar\/product\/anuscope-jetable-sterile-proctologie\/","og_site_name":"YAZMED","article_publisher":"https:\/\/www.facebook.com\/azenkouky","article_modified_time":"2026-01-04T22:23:54+00:00","og_image":[{"width":570,"height":517,"url":"https:\/\/yazmed.ma\/wp-content\/uploads\/2025\/01\/Design-sans-titre-72.png","type":"image\/png"}],"twitter_card":"summary_large_image","twitter_misc":{"Est. reading time":"1 minute"},"schema":{"@context":"https:\/\/schema.org","@graph":[{"@type":"WebPage","@id":"https:\/\/yazmed.ma\/product\/anuscope-jetable-sterile-proctologie\/","url":"https:\/\/yazmed.ma\/product\/anuscope-jetable-sterile-proctologie\/","name":"ANUSCOPE ST\u00c9RILE UU25 - YAZMED","isPartOf":{"@id":"https:\/\/yazmed.ma\/#website"},"primaryImageOfPage":{"@id":"https:\/\/yazmed.ma\/product\/anuscope-jetable-sterile-proctologie\/#primaryimage"},"image":{"@id":"https:\/\/yazmed.ma\/product\/anuscope-jetable-sterile-proctologie\/#primaryimage"},"thumbnailUrl":"https:\/\/yazmed.ma\/wp-content\/uploads\/2025\/01\/ANUSCOPE.webp","datePublished":"2025-01-01T20:58:04+00:00","dateModified":"2026-01-04T22:23:54+00:00","breadcrumb":{"@id":"https:\/\/yazmed.ma\/product\/anuscope-jetable-sterile-proctologie\/#breadcrumb"},"inLanguage":"ary","potentialAction":[{"@type":"ReadAction","target":["https:\/\/yazmed.ma\/product\/anuscope-jetable-sterile-proctologie\/"]}]},{"@type":"ImageObject","inLanguage":"ary","@id":"https:\/\/yazmed.ma\/product\/anuscope-jetable-sterile-proctologie\/#primaryimage","url":"https:\/\/yazmed.ma\/wp-content\/uploads\/2025\/01\/ANUSCOPE.webp","contentUrl":"https:\/\/yazmed.ma\/wp-content\/uploads\/2025\/01\/ANUSCOPE.webp","width":450,"height":450,"caption":"ANUSCOPE"},{"@type":"BreadcrumbList","@id":"https:\/\/yazmed.ma\/product\/anuscope-jetable-sterile-proctologie\/#breadcrumb","itemListElement":[{"@type":"ListItem","position":1,"name":"Accueil","item":"https:\/\/yazmed.ma\/"},{"@type":"ListItem","position":2,"name":"Shop","item":"https:\/\/yazmed.ma\/shop-2\/"},{"@type":"ListItem","position":3,"name":"ANUSCOPE JETABLE ST\u00c9RILE PROCTOLOGIE"}]},{"@type":"WebSite","@id":"https:\/\/yazmed.ma\/#website","url":"https:\/\/yazmed.ma\/","name":"Yazmed","description":"LEADER DU MAT\u00c9RIEL M\u00c9DICAL AU MAROC","publisher":{"@id":"https:\/\/yazmed.ma\/#organization"},"potentialAction":[{"@type":"SearchAction","target":{"@type":"EntryPoint","urlTemplate":"https:\/\/yazmed.ma\/?s={search_term_string}"},"query-input":{"@type":"PropertyValueSpecification","valueRequired":true,"valueName":"search_term_string"}}],"inLanguage":"ary"},{"@type":"Organization","@id":"https:\/\/yazmed.ma\/#organization","name":"Yazmed Healthcare","url":"https:\/\/yazmed.ma\/","logo":{"@type":"ImageObject","inLanguage":"ary","@id":"https:\/\/yazmed.ma\/#\/schema\/logo\/image\/","url":"https:\/\/yazmed.ma\/wp-content\/uploads\/2024\/12\/3.png","contentUrl":"https:\/\/yazmed.ma\/wp-content\/uploads\/2024\/12\/3.png","width":250,"height":70,"caption":"Yazmed Healthcare"},"image":{"@id":"https:\/\/yazmed.ma\/#\/schema\/logo\/image\/"},"sameAs":["https:\/\/www.facebook.com\/azenkouky","https:\/\/www.instagram.com\/yazmedhealthcare","https:\/\/www.linkedin.com\/in\/yazmed-healthcare-1b4955295"]}]}},"_links":{"self":[{"href":"https:\/\/yazmed.ma\/ar\/wp-json\/wp\/v2\/product\/1589","targetHints":{"allow":["GET"]}}],"collection":[{"href":"https:\/\/yazmed.ma\/ar\/wp-json\/wp\/v2\/product"}],"about":[{"href":"https:\/\/yazmed.ma\/ar\/wp-json\/wp\/v2\/types\/product"}],"replies":[{"embeddable":true,"href":"https:\/\/yazmed.ma\/ar\/wp-json\/wp\/v2\/comments?post=1589"}],"version-history":[{"count":1,"href":"https:\/\/yazmed.ma\/ar\/wp-json\/wp\/v2\/product\/1589\/revisions"}],"predecessor-version":[{"id":3080,"href":"https:\/\/yazmed.ma\/ar\/wp-json\/wp\/v2\/product\/1589\/revisions\/3080"}],"wp:featuredmedia":[{"embeddable":true,"href":"https:\/\/yazmed.ma\/ar\/wp-json\/wp\/v2\/media\/2309"}],"wp:attachment":[{"href":"https:\/\/yazmed.ma\/ar\/wp-json\/wp\/v2\/media?parent=1589"}],"wp:term":[{"taxonomy":"product_brand","embeddable":true,"href":"https:\/\/yazmed.ma\/ar\/wp-json\/wp\/v2\/product_brand?post=1589"},{"taxonomy":"product_cat","embeddable":true,"href":"https:\/\/yazmed.ma\/ar\/wp-json\/wp\/v2\/product_cat?post=1589"},{"taxonomy":"product_tag","embeddable":true,"href":"https:\/\/yazmed.ma\/ar\/wp-json\/wp\/v2\/product_tag?post=1589"}],"curies":[{"name":"wp","href":"https:\/\/api.w.org\/{rel}","templated":true}]}}