{"id":1582,"date":"2025-01-01T20:30:09","date_gmt":"2025-01-01T20:30:09","guid":{"rendered":"https:\/\/yazmed.ma\/?post_type=product&#038;p=1582"},"modified":"2025-07-02T19:33:08","modified_gmt":"2025-07-02T19:33:08","slug":"lampe-scialytique-plafonnier-7000k-maroc","status":"publish","type":"product","link":"https:\/\/yazmed.ma\/ar\/product\/lampe-scialytique-plafonnier-7000k-maroc\/","title":{"rendered":"Lampe scialytique op\u00e9ratoire plafonnier 7000K"},"content":{"rendered":"<h1 class=\"page-title\"><span class=\"base\" data-ui-id=\"page-title-wrapper\">Lampe scialytique op\u00e9ratoire plafonnier<\/span><\/h1>\n<p>MERCI DE NOUS CONTACTER POUR LA FICHE TECHNIQUE<\/p>","protected":false},"excerpt":{"rendered":"<div class=\"page-title-wrapper product\">\n<h1 class=\"page-title\"><span class=\"base\" data-ui-id=\"page-title-wrapper\">Lampe scialytique op\u00e9ratoire plafonnier<\/span><\/h1>\n<\/div>\n<div class=\"product attribute overview\">\n<div class=\"value\">\n<p>Les lampes scialytiques MINSTON sont dot\u00e9es de la technologie la plus r\u00e9cente d\u2019\u00e9clairage \u00e0 LED blanc chaud, l\u2019indice de rendu des couleurs et la temp\u00e9rature des couleurs sont parfaits.<br \/>\nElles sont fabriqu\u00e9es avec les caract\u00e9ristiques excellentes suivantes :<br \/>\nIllumination adapt\u00e9e aux diff\u00e9rents types d\u2019interventions chirurgicales.<br \/>\nLes LED sont focalis\u00e9es et d\u00e9livrent une lumi\u00e8re profonde sans ombre.<br \/>\nMeilleur indice de rendu des couleurs restituant les couleurs comme dans la lumi\u00e8re naturelle.<br \/>\nConception sp\u00e9ciale pour l\u2019exigence des salles d\u2019op\u00e9ration \u00e0 flux laminaire.<br \/>\nPanneau de configuration avec \u00e9cran tactile permettant le r\u00e9glage de l\u2019intensit\u00e9 lumineuse, la temp\u00e9rature<br \/>\ndes couleurs et le champ lumineux.<br \/>\n<strong>References disponibles :<\/strong><\/p>\n<p>\u00e0 <strong>1<\/strong>\u00a0coupole de\u00a0<strong>70 cm.<\/strong><\/p>\n<\/div>\n<\/div>","protected":false},"featured_media":1855,"comment_status":"open","ping_status":"closed","template":"","meta":[],"product_brand":[],"product_cat":[51,50],"product_tag":[],"class_list":{"0":"post-1582","1":"product","2":"type-product","3":"status-publish","4":"has-post-thumbnail","6":"product_cat-bloc-et-reanimation","7":"product_cat-appareillages-diagnostic","9":"first","10":"instock","11":"taxable","12":"shipping-taxable","13":"product-type-simple"},"yoast_head":"<!-- This site is optimized with the Yoast SEO plugin v26.9 - https:\/\/yoast.com\/product\/yoast-seo-wordpress\/ -->\n<title>Lampe scialytique op\u00e9ratoire plafonnier 7000K - YAZMED<\/title>\n<meta name=\"robots\" content=\"index, follow, max-snippet:-1, max-image-preview:large, max-video-preview:-1\" \/>\n<link rel=\"canonical\" href=\"https:\/\/yazmed.ma\/ar\/product\/lampe-scialytique-operatoire-plafonnier-7000k\/\" \/>\n<meta property=\"og:locale\" content=\"ar_AR\" \/>\n<meta property=\"og:type\" content=\"article\" \/>\n<meta property=\"og:title\" content=\"Lampe scialytique op\u00e9ratoire plafonnier 7000K - YAZMED\" \/>\n<meta property=\"og:description\" content=\"Lampe scialytique op\u00e9ratoire plafonnier     Les lampes scialytiques MINSTON sont dot\u00e9es de la technologie la plus r\u00e9cente d\u2019\u00e9clairage \u00e0 LED blanc chaud, l\u2019indice de rendu des couleurs et la temp\u00e9rature des couleurs sont parfaits. Elles sont fabriqu\u00e9es avec les caract\u00e9ristiques excellentes suivantes : Illumination adapt\u00e9e aux diff\u00e9rents types d\u2019interventions chirurgicales. Les LED sont focalis\u00e9es et d\u00e9livrent une lumi\u00e8re profonde sans ombre. Meilleur indice de rendu des couleurs restituant les couleurs comme dans la lumi\u00e8re naturelle. Conception sp\u00e9ciale pour l\u2019exigence des salles d\u2019op\u00e9ration \u00e0 flux laminaire. Panneau de configuration avec \u00e9cran tactile permettant le r\u00e9glage de l\u2019intensit\u00e9 lumineuse, la temp\u00e9rature des couleurs et le champ lumineux. References disponibles :  \u00e0 1\u00a0coupole de\u00a070 cm.\" \/>\n<meta property=\"og:url\" content=\"https:\/\/yazmed.ma\/ar\/product\/lampe-scialytique-operatoire-plafonnier-7000k\/\" \/>\n<meta property=\"og:site_name\" content=\"YAZMED\" \/>\n<meta property=\"article:publisher\" content=\"https:\/\/www.facebook.com\/azenkouky\" \/>\n<meta property=\"article:modified_time\" content=\"2025-07-02T19:33:08+00:00\" \/>\n<meta property=\"og:image\" content=\"https:\/\/yazmed.ma\/wp-content\/uploads\/2025\/01\/Design-sans-titre-32.png\" \/>\n\t<meta property=\"og:image:width\" content=\"570\" \/>\n\t<meta property=\"og:image:height\" content=\"517\" \/>\n\t<meta property=\"og:image:type\" content=\"image\/png\" \/>\n<meta name=\"twitter:card\" content=\"summary_large_image\" \/>\n<meta name=\"twitter:label1\" content=\"Est. reading time\" \/>\n\t<meta name=\"twitter:data1\" content=\"1 minute\" \/>\n<script type=\"application\/ld+json\" class=\"yoast-schema-graph\">{\"@context\":\"https:\/\/schema.org\",\"@graph\":[{\"@type\":\"WebPage\",\"@id\":\"https:\/\/yazmed.ma\/product\/lampe-scialytique-operatoire-plafonnier-7000k\/\",\"url\":\"https:\/\/yazmed.ma\/product\/lampe-scialytique-operatoire-plafonnier-7000k\/\",\"name\":\"Lampe scialytique op\u00e9ratoire plafonnier 7000K - YAZMED\",\"isPartOf\":{\"@id\":\"https:\/\/yazmed.ma\/#website\"},\"primaryImageOfPage\":{\"@id\":\"https:\/\/yazmed.ma\/product\/lampe-scialytique-operatoire-plafonnier-7000k\/#primaryimage\"},\"image\":{\"@id\":\"https:\/\/yazmed.ma\/product\/lampe-scialytique-operatoire-plafonnier-7000k\/#primaryimage\"},\"thumbnailUrl\":\"https:\/\/yazmed.ma\/wp-content\/uploads\/2025\/01\/Design-sans-titre-32.png\",\"datePublished\":\"2025-01-01T20:30:09+00:00\",\"dateModified\":\"2025-07-02T19:33:08+00:00\",\"breadcrumb\":{\"@id\":\"https:\/\/yazmed.ma\/product\/lampe-scialytique-operatoire-plafonnier-7000k\/#breadcrumb\"},\"inLanguage\":\"ary\",\"potentialAction\":[{\"@type\":\"ReadAction\",\"target\":[\"https:\/\/yazmed.ma\/product\/lampe-scialytique-operatoire-plafonnier-7000k\/\"]}]},{\"@type\":\"ImageObject\",\"inLanguage\":\"ary\",\"@id\":\"https:\/\/yazmed.ma\/product\/lampe-scialytique-operatoire-plafonnier-7000k\/#primaryimage\",\"url\":\"https:\/\/yazmed.ma\/wp-content\/uploads\/2025\/01\/Design-sans-titre-32.png\",\"contentUrl\":\"https:\/\/yazmed.ma\/wp-content\/uploads\/2025\/01\/Design-sans-titre-32.png\",\"width\":570,\"height\":517,\"caption\":\"Lampe scialytique op\u00e9ratoire plafonnier 7000K Yazmed Maroc\"},{\"@type\":\"BreadcrumbList\",\"@id\":\"https:\/\/yazmed.ma\/product\/lampe-scialytique-operatoire-plafonnier-7000k\/#breadcrumb\",\"itemListElement\":[{\"@type\":\"ListItem\",\"position\":1,\"name\":\"Accueil\",\"item\":\"https:\/\/yazmed.ma\/\"},{\"@type\":\"ListItem\",\"position\":2,\"name\":\"Shop\",\"item\":\"https:\/\/yazmed.ma\/shop-2\/\"},{\"@type\":\"ListItem\",\"position\":3,\"name\":\"Lampe scialytique op\u00e9ratoire plafonnier 7000K\"}]},{\"@type\":\"WebSite\",\"@id\":\"https:\/\/yazmed.ma\/#website\",\"url\":\"https:\/\/yazmed.ma\/\",\"name\":\"Yazmed\",\"description\":\"LEADER DU MAT\u00c9RIEL M\u00c9DICAL AU MAROC\",\"publisher\":{\"@id\":\"https:\/\/yazmed.ma\/#organization\"},\"potentialAction\":[{\"@type\":\"SearchAction\",\"target\":{\"@type\":\"EntryPoint\",\"urlTemplate\":\"https:\/\/yazmed.ma\/?s={search_term_string}\"},\"query-input\":{\"@type\":\"PropertyValueSpecification\",\"valueRequired\":true,\"valueName\":\"search_term_string\"}}],\"inLanguage\":\"ary\"},{\"@type\":\"Organization\",\"@id\":\"https:\/\/yazmed.ma\/#organization\",\"name\":\"Yazmed Healthcare\",\"url\":\"https:\/\/yazmed.ma\/\",\"logo\":{\"@type\":\"ImageObject\",\"inLanguage\":\"ary\",\"@id\":\"https:\/\/yazmed.ma\/#\/schema\/logo\/image\/\",\"url\":\"https:\/\/yazmed.ma\/wp-content\/uploads\/2024\/12\/3.png\",\"contentUrl\":\"https:\/\/yazmed.ma\/wp-content\/uploads\/2024\/12\/3.png\",\"width\":250,\"height\":70,\"caption\":\"Yazmed Healthcare\"},\"image\":{\"@id\":\"https:\/\/yazmed.ma\/#\/schema\/logo\/image\/\"},\"sameAs\":[\"https:\/\/www.facebook.com\/azenkouky\",\"https:\/\/www.instagram.com\/yazmedhealthcare\",\"https:\/\/www.linkedin.com\/in\/yazmed-healthcare-1b4955295\"]}]}<\/script>\n<!-- \/ Yoast SEO plugin. -->","yoast_head_json":{"title":"Lampe scialytique op\u00e9ratoire plafonnier 7000K - YAZMED","robots":{"index":"index","follow":"follow","max-snippet":"max-snippet:-1","max-image-preview":"max-image-preview:large","max-video-preview":"max-video-preview:-1"},"canonical":"https:\/\/yazmed.ma\/ar\/product\/lampe-scialytique-operatoire-plafonnier-7000k\/","og_locale":"ar_AR","og_type":"article","og_title":"Lampe scialytique op\u00e9ratoire plafonnier 7000K - YAZMED","og_description":"Lampe scialytique op\u00e9ratoire plafonnier     Les lampes scialytiques MINSTON sont dot\u00e9es de la technologie la plus r\u00e9cente d\u2019\u00e9clairage \u00e0 LED blanc chaud, l\u2019indice de rendu des couleurs et la temp\u00e9rature des couleurs sont parfaits. Elles sont fabriqu\u00e9es avec les caract\u00e9ristiques excellentes suivantes : Illumination adapt\u00e9e aux diff\u00e9rents types d\u2019interventions chirurgicales. Les LED sont focalis\u00e9es et d\u00e9livrent une lumi\u00e8re profonde sans ombre. Meilleur indice de rendu des couleurs restituant les couleurs comme dans la lumi\u00e8re naturelle. Conception sp\u00e9ciale pour l\u2019exigence des salles d\u2019op\u00e9ration \u00e0 flux laminaire. Panneau de configuration avec \u00e9cran tactile permettant le r\u00e9glage de l\u2019intensit\u00e9 lumineuse, la temp\u00e9rature des couleurs et le champ lumineux. References disponibles :  \u00e0 1\u00a0coupole de\u00a070 cm.","og_url":"https:\/\/yazmed.ma\/ar\/product\/lampe-scialytique-operatoire-plafonnier-7000k\/","og_site_name":"YAZMED","article_publisher":"https:\/\/www.facebook.com\/azenkouky","article_modified_time":"2025-07-02T19:33:08+00:00","og_image":[{"width":570,"height":517,"url":"https:\/\/yazmed.ma\/wp-content\/uploads\/2025\/01\/Design-sans-titre-32.png","type":"image\/png"}],"twitter_card":"summary_large_image","twitter_misc":{"Est. reading time":"1 minute"},"schema":{"@context":"https:\/\/schema.org","@graph":[{"@type":"WebPage","@id":"https:\/\/yazmed.ma\/product\/lampe-scialytique-operatoire-plafonnier-7000k\/","url":"https:\/\/yazmed.ma\/product\/lampe-scialytique-operatoire-plafonnier-7000k\/","name":"Lampe scialytique op\u00e9ratoire plafonnier 7000K - YAZMED","isPartOf":{"@id":"https:\/\/yazmed.ma\/#website"},"primaryImageOfPage":{"@id":"https:\/\/yazmed.ma\/product\/lampe-scialytique-operatoire-plafonnier-7000k\/#primaryimage"},"image":{"@id":"https:\/\/yazmed.ma\/product\/lampe-scialytique-operatoire-plafonnier-7000k\/#primaryimage"},"thumbnailUrl":"https:\/\/yazmed.ma\/wp-content\/uploads\/2025\/01\/Design-sans-titre-32.png","datePublished":"2025-01-01T20:30:09+00:00","dateModified":"2025-07-02T19:33:08+00:00","breadcrumb":{"@id":"https:\/\/yazmed.ma\/product\/lampe-scialytique-operatoire-plafonnier-7000k\/#breadcrumb"},"inLanguage":"ary","potentialAction":[{"@type":"ReadAction","target":["https:\/\/yazmed.ma\/product\/lampe-scialytique-operatoire-plafonnier-7000k\/"]}]},{"@type":"ImageObject","inLanguage":"ary","@id":"https:\/\/yazmed.ma\/product\/lampe-scialytique-operatoire-plafonnier-7000k\/#primaryimage","url":"https:\/\/yazmed.ma\/wp-content\/uploads\/2025\/01\/Design-sans-titre-32.png","contentUrl":"https:\/\/yazmed.ma\/wp-content\/uploads\/2025\/01\/Design-sans-titre-32.png","width":570,"height":517,"caption":"Lampe scialytique op\u00e9ratoire plafonnier 7000K Yazmed Maroc"},{"@type":"BreadcrumbList","@id":"https:\/\/yazmed.ma\/product\/lampe-scialytique-operatoire-plafonnier-7000k\/#breadcrumb","itemListElement":[{"@type":"ListItem","position":1,"name":"Accueil","item":"https:\/\/yazmed.ma\/"},{"@type":"ListItem","position":2,"name":"Shop","item":"https:\/\/yazmed.ma\/shop-2\/"},{"@type":"ListItem","position":3,"name":"Lampe scialytique op\u00e9ratoire plafonnier 7000K"}]},{"@type":"WebSite","@id":"https:\/\/yazmed.ma\/#website","url":"https:\/\/yazmed.ma\/","name":"Yazmed","description":"LEADER DU MAT\u00c9RIEL M\u00c9DICAL AU MAROC","publisher":{"@id":"https:\/\/yazmed.ma\/#organization"},"potentialAction":[{"@type":"SearchAction","target":{"@type":"EntryPoint","urlTemplate":"https:\/\/yazmed.ma\/?s={search_term_string}"},"query-input":{"@type":"PropertyValueSpecification","valueRequired":true,"valueName":"search_term_string"}}],"inLanguage":"ary"},{"@type":"Organization","@id":"https:\/\/yazmed.ma\/#organization","name":"Yazmed Healthcare","url":"https:\/\/yazmed.ma\/","logo":{"@type":"ImageObject","inLanguage":"ary","@id":"https:\/\/yazmed.ma\/#\/schema\/logo\/image\/","url":"https:\/\/yazmed.ma\/wp-content\/uploads\/2024\/12\/3.png","contentUrl":"https:\/\/yazmed.ma\/wp-content\/uploads\/2024\/12\/3.png","width":250,"height":70,"caption":"Yazmed Healthcare"},"image":{"@id":"https:\/\/yazmed.ma\/#\/schema\/logo\/image\/"},"sameAs":["https:\/\/www.facebook.com\/azenkouky","https:\/\/www.instagram.com\/yazmedhealthcare","https:\/\/www.linkedin.com\/in\/yazmed-healthcare-1b4955295"]}]}},"_links":{"self":[{"href":"https:\/\/yazmed.ma\/ar\/wp-json\/wp\/v2\/product\/1582","targetHints":{"allow":["GET"]}}],"collection":[{"href":"https:\/\/yazmed.ma\/ar\/wp-json\/wp\/v2\/product"}],"about":[{"href":"https:\/\/yazmed.ma\/ar\/wp-json\/wp\/v2\/types\/product"}],"replies":[{"embeddable":true,"href":"https:\/\/yazmed.ma\/ar\/wp-json\/wp\/v2\/comments?post=1582"}],"version-history":[{"count":0,"href":"https:\/\/yazmed.ma\/ar\/wp-json\/wp\/v2\/product\/1582\/revisions"}],"wp:featuredmedia":[{"embeddable":true,"href":"https:\/\/yazmed.ma\/ar\/wp-json\/wp\/v2\/media\/1855"}],"wp:attachment":[{"href":"https:\/\/yazmed.ma\/ar\/wp-json\/wp\/v2\/media?parent=1582"}],"wp:term":[{"taxonomy":"product_brand","embeddable":true,"href":"https:\/\/yazmed.ma\/ar\/wp-json\/wp\/v2\/product_brand?post=1582"},{"taxonomy":"product_cat","embeddable":true,"href":"https:\/\/yazmed.ma\/ar\/wp-json\/wp\/v2\/product_cat?post=1582"},{"taxonomy":"product_tag","embeddable":true,"href":"https:\/\/yazmed.ma\/ar\/wp-json\/wp\/v2\/product_tag?post=1582"}],"curies":[{"name":"wp","href":"https:\/\/api.w.org\/{rel}","templated":true}]}}