{"id":1578,"date":"2025-01-01T20:19:28","date_gmt":"2025-01-01T20:19:28","guid":{"rendered":"https:\/\/yazmed.ma\/?post_type=product&#038;p=1578"},"modified":"2025-06-23T12:57:04","modified_gmt":"2025-06-23T12:57:04","slug":"la-pompe-a-perfusion","status":"publish","type":"product","link":"https:\/\/yazmed.ma\/ar\/product\/la-pompe-a-perfusion\/","title":{"rendered":"La pompe \u00e0 perfusion SP750"},"content":{"rendered":"<p><strong>Caract\u00e9ristiques Techniques:<\/strong><\/p>\n<ul>\n<li>\u2022 Ecran LCD\u00a0: 2.8\u2019\u2019<\/li>\n<li>\u2022\u00a0Informations d\u2019affichage : d\u00e9bit, volume total, volume\u00a0 de perfusion accumul\u00e9, temps r\u00e9siduel.<\/li>\n<li>\u2022\u00a0D\u00e9bit de perfusion\u00a0: 1 ~699ml\/h par incr\u00e9ment de 1ml\/h<\/li>\n<li>\u00a0\u2022\u00a0Volume total\u00a0: 1-9999ml par incr\u00e9ment de 1ml<\/li>\n<li>\u2022\u00a0Pr\u00e9cision \u00b1 5%<\/li>\n<li>\u2022\u00a0Mode de fonctionnement\u00a0: Continu<\/li>\n<li>\u2022\u00a0Fonctions d\u2019alarme\u00a0: Fin et Pr\u00e9-fin de perfusion, \u00e9tat MVO\/ KVO (maintien de veine ouverte, batterie\u00a0 \u00a0 \u00a0 \u00a0faible, panne de courant \/ panne de pression \/ panne fermeture de porte, \u00a0d\u00e9tection de bulles d\u2019air \/ de\u00a0 \u00a0porte ouverte et d\u2019obstruction du set de perfusion, \u00a0rappel de perfusion et d\u00e9faillance de moteur.<\/li>\n<li>\u2022\u00a0D\u00e9tecteur de bulles d\u2019air\u00a0: Ultrasonique<\/li>\n<li>\u2022\u00a0D\u00e9bit M.V.O\/K.V.O (Maintien de Veine Ouverte)\u00a0: 1ml\/h (par d\u00e9faut \u2013 ne peut \u00eatre r\u00e9gl\u00e9)<\/li>\n<li>\u2022\u00a0Type de pompe\u00a0: P\u00e9ristaltique.<\/li>\n<li>\u2022\u00a0Sensibilit\u00e9 du capteur de pression\u00a0: 1 \u00e0 3 niveaux<\/li>\n<li>\u2022\u00a0Norme d\u2019\u00e9tanch\u00e9it\u00e9 IPX2<\/li>\n<li>\u2022\u00a0Classe de s\u00e9curit\u00e9: classe I type BF<\/li>\n<li>\u2022\u00a0Alimentation :<br \/>\nAC:100~240V, 50\/60Hz<br \/>\nBatterie rechargeable Li-polym\u00e8re, 7.4 V\/5000mAh<br \/>\nAutonomie de la batterie : 4h (avec un d\u00e9bit de 25 ml\/h)<\/li>\n<li>Langue : Anglais ;<\/li>\n<li>Dimensions : 143.6 x 151.8 x 195.3 mm<\/li>\n<li>Poids : 1.9 kg<\/li>\n<li>Certification : CE 0123<\/li>\n<\/ul>","protected":false},"excerpt":{"rendered":"<h4>La pompe \u00e0 perfusion\u00a0<strong>SP750<\/strong><\/h4>\n<p>est une pompe volum\u00e9trique\u00a0 qui sert \u00e0 r\u00e9guler automatiquement le d\u00e9bit de perfusion des solutions administr\u00e9es par voie intraveineuse. La pompe, munie d&rsquo;un microprocesseur, utilise un m\u00e9canisme \u00e0 d\u00e9placement de volume p\u00e9ristaltique lin\u00e9aire pour r\u00e9guler le d\u00e9bit \u00e0 la vitesse d\u00e9sir\u00e9e.<\/p>\n<p>Il s\u2019agit d\u2019une pompe \u00e0 perfusion, qui se caract\u00e9rise par sa haute s\u00e9curit\u00e9, sa facilit\u00e9 d&rsquo;utilisation et sa longue dur\u00e9e de vie.<br \/>\nLe contr\u00f4le du d\u00e9bit avec une grande pr\u00e9cision et des mesures d&rsquo;alarme compl\u00e8tes garantissent la s\u00e9curit\u00e9 du patient et un effet th\u00e9rapeutique optimal.<\/p>\n<p><em>Utilisation\u00a0:<\/em> poches de m\u00e9dicaments, poches de nutrition et poches de s\u00e9rums physiologiques\u2026\u00a0 (Cette pompe ne peut pas \u00eatre utilis\u00e9e pour la transfusion sanguine)<\/p>\n<p><img decoding=\"async\" class=\"wp-image-2501\" title=\"CONTEC LOGO\" src=\"https:\/\/yazmed.ma\/wp-content\/uploads\/2025\/01\/CONTEC-LOGO.png\" alt=\"CONTEC LOGO\" width=\"121\" height=\"50\" srcset=\"https:\/\/yazmed.ma\/wp-content\/uploads\/2025\/01\/CONTEC-LOGO.png 223w, https:\/\/yazmed.ma\/wp-content\/uploads\/2025\/01\/CONTEC-LOGO-18x7.png 18w, https:\/\/yazmed.ma\/wp-content\/uploads\/2025\/01\/CONTEC-LOGO-90x37.png 90w\" sizes=\"(max-width: 121px) 100vw, 121px\" \/><\/p>\n<p>&nbsp;<\/p>","protected":false},"featured_media":1861,"comment_status":"open","ping_status":"closed","template":"","meta":[],"product_brand":[],"product_cat":[51,50],"product_tag":[110],"class_list":{"0":"post-1578","1":"product","2":"type-product","3":"status-publish","4":"has-post-thumbnail","6":"product_cat-bloc-et-reanimation","7":"product_cat-appareillages-diagnostic","8":"product_tag-pompe-a-perfusion","10":"first","11":"instock","12":"taxable","13":"shipping-taxable","14":"purchasable","15":"product-type-simple"},"yoast_head":"<!-- This site is optimized with the Yoast SEO plugin v26.9 - https:\/\/yoast.com\/product\/yoast-seo-wordpress\/ -->\n<title>La pompe \u00e0 perfusion SP750 - YAZMED<\/title>\n<meta name=\"robots\" content=\"index, follow, max-snippet:-1, max-image-preview:large, max-video-preview:-1\" \/>\n<link rel=\"canonical\" href=\"https:\/\/yazmed.ma\/ar\/product\/la-pompe-a-perfusion-sp750\/\" \/>\n<meta property=\"og:locale\" content=\"ar_AR\" \/>\n<meta property=\"og:type\" content=\"article\" \/>\n<meta property=\"og:title\" content=\"La pompe \u00e0 perfusion SP750 - YAZMED\" \/>\n<meta property=\"og:description\" content=\"La pompe \u00e0 perfusion\u00a0SP750 est une pompe volum\u00e9trique\u00a0 qui sert \u00e0 r\u00e9guler automatiquement le d\u00e9bit de perfusion des solutions administr\u00e9es par voie intraveineuse. La pompe, munie d&#039;un microprocesseur, utilise un m\u00e9canisme \u00e0 d\u00e9placement de volume p\u00e9ristaltique lin\u00e9aire pour r\u00e9guler le d\u00e9bit \u00e0 la vitesse d\u00e9sir\u00e9e.  Il s\u2019agit d\u2019une pompe \u00e0 perfusion, qui se caract\u00e9rise par sa haute s\u00e9curit\u00e9, sa facilit\u00e9 d&#039;utilisation et sa longue dur\u00e9e de vie. Le contr\u00f4le du d\u00e9bit avec une grande pr\u00e9cision et des mesures d&#039;alarme compl\u00e8tes garantissent la s\u00e9curit\u00e9 du patient et un effet th\u00e9rapeutique optimal.  Utilisation\u00a0: poches de m\u00e9dicaments, poches de nutrition et poches de s\u00e9rums physiologiques\u2026\u00a0 (Cette pompe ne peut pas \u00eatre utilis\u00e9e pour la transfusion sanguine)    &nbsp;\" \/>\n<meta property=\"og:url\" content=\"https:\/\/yazmed.ma\/ar\/product\/la-pompe-a-perfusion-sp750\/\" \/>\n<meta property=\"og:site_name\" content=\"YAZMED\" \/>\n<meta property=\"article:publisher\" content=\"https:\/\/www.facebook.com\/azenkouky\" \/>\n<meta property=\"article:modified_time\" content=\"2025-06-23T12:57:04+00:00\" \/>\n<meta property=\"og:image\" content=\"https:\/\/yazmed.ma\/wp-content\/uploads\/2025\/01\/Design-sans-titre-38.png\" \/>\n\t<meta property=\"og:image:width\" content=\"570\" \/>\n\t<meta property=\"og:image:height\" content=\"517\" \/>\n\t<meta property=\"og:image:type\" content=\"image\/png\" \/>\n<meta name=\"twitter:card\" content=\"summary_large_image\" \/>\n<meta name=\"twitter:label1\" content=\"Est. reading time\" \/>\n\t<meta name=\"twitter:data1\" content=\"3 minutes\" \/>\n<script type=\"application\/ld+json\" class=\"yoast-schema-graph\">{\"@context\":\"https:\/\/schema.org\",\"@graph\":[{\"@type\":\"WebPage\",\"@id\":\"https:\/\/yazmed.ma\/product\/la-pompe-a-perfusion-sp750\/\",\"url\":\"https:\/\/yazmed.ma\/product\/la-pompe-a-perfusion-sp750\/\",\"name\":\"La pompe \u00e0 perfusion SP750 - YAZMED\",\"isPartOf\":{\"@id\":\"https:\/\/yazmed.ma\/#website\"},\"primaryImageOfPage\":{\"@id\":\"https:\/\/yazmed.ma\/product\/la-pompe-a-perfusion-sp750\/#primaryimage\"},\"image\":{\"@id\":\"https:\/\/yazmed.ma\/product\/la-pompe-a-perfusion-sp750\/#primaryimage\"},\"thumbnailUrl\":\"https:\/\/yazmed.ma\/wp-content\/uploads\/2025\/01\/Design-sans-titre-38.png\",\"datePublished\":\"2025-01-01T20:19:28+00:00\",\"dateModified\":\"2025-06-23T12:57:04+00:00\",\"breadcrumb\":{\"@id\":\"https:\/\/yazmed.ma\/product\/la-pompe-a-perfusion-sp750\/#breadcrumb\"},\"inLanguage\":\"ary\",\"potentialAction\":[{\"@type\":\"ReadAction\",\"target\":[\"https:\/\/yazmed.ma\/product\/la-pompe-a-perfusion-sp750\/\"]}]},{\"@type\":\"ImageObject\",\"inLanguage\":\"ary\",\"@id\":\"https:\/\/yazmed.ma\/product\/la-pompe-a-perfusion-sp750\/#primaryimage\",\"url\":\"https:\/\/yazmed.ma\/wp-content\/uploads\/2025\/01\/Design-sans-titre-38.png\",\"contentUrl\":\"https:\/\/yazmed.ma\/wp-content\/uploads\/2025\/01\/Design-sans-titre-38.png\",\"width\":570,\"height\":517,\"caption\":\"La pompe \u00e0 perfusion SP750 Yazmed Maroc\"},{\"@type\":\"BreadcrumbList\",\"@id\":\"https:\/\/yazmed.ma\/product\/la-pompe-a-perfusion-sp750\/#breadcrumb\",\"itemListElement\":[{\"@type\":\"ListItem\",\"position\":1,\"name\":\"Accueil\",\"item\":\"https:\/\/yazmed.ma\/\"},{\"@type\":\"ListItem\",\"position\":2,\"name\":\"Shop\",\"item\":\"https:\/\/yazmed.ma\/shop-2\/\"},{\"@type\":\"ListItem\",\"position\":3,\"name\":\"La pompe \u00e0 perfusion SP750\"}]},{\"@type\":\"WebSite\",\"@id\":\"https:\/\/yazmed.ma\/#website\",\"url\":\"https:\/\/yazmed.ma\/\",\"name\":\"Yazmed\",\"description\":\"LEADER DU MAT\u00c9RIEL M\u00c9DICAL AU MAROC\",\"publisher\":{\"@id\":\"https:\/\/yazmed.ma\/#organization\"},\"potentialAction\":[{\"@type\":\"SearchAction\",\"target\":{\"@type\":\"EntryPoint\",\"urlTemplate\":\"https:\/\/yazmed.ma\/?s={search_term_string}\"},\"query-input\":{\"@type\":\"PropertyValueSpecification\",\"valueRequired\":true,\"valueName\":\"search_term_string\"}}],\"inLanguage\":\"ary\"},{\"@type\":\"Organization\",\"@id\":\"https:\/\/yazmed.ma\/#organization\",\"name\":\"Yazmed Healthcare\",\"url\":\"https:\/\/yazmed.ma\/\",\"logo\":{\"@type\":\"ImageObject\",\"inLanguage\":\"ary\",\"@id\":\"https:\/\/yazmed.ma\/#\/schema\/logo\/image\/\",\"url\":\"https:\/\/yazmed.ma\/wp-content\/uploads\/2024\/12\/3.png\",\"contentUrl\":\"https:\/\/yazmed.ma\/wp-content\/uploads\/2024\/12\/3.png\",\"width\":250,\"height\":70,\"caption\":\"Yazmed Healthcare\"},\"image\":{\"@id\":\"https:\/\/yazmed.ma\/#\/schema\/logo\/image\/\"},\"sameAs\":[\"https:\/\/www.facebook.com\/azenkouky\",\"https:\/\/www.instagram.com\/yazmedhealthcare\",\"https:\/\/www.linkedin.com\/in\/yazmed-healthcare-1b4955295\"]}]}<\/script>\n<!-- \/ Yoast SEO plugin. -->","yoast_head_json":{"title":"La pompe \u00e0 perfusion SP750 - YAZMED","robots":{"index":"index","follow":"follow","max-snippet":"max-snippet:-1","max-image-preview":"max-image-preview:large","max-video-preview":"max-video-preview:-1"},"canonical":"https:\/\/yazmed.ma\/ar\/product\/la-pompe-a-perfusion-sp750\/","og_locale":"ar_AR","og_type":"article","og_title":"La pompe \u00e0 perfusion SP750 - YAZMED","og_description":"La pompe \u00e0 perfusion\u00a0SP750 est une pompe volum\u00e9trique\u00a0 qui sert \u00e0 r\u00e9guler automatiquement le d\u00e9bit de perfusion des solutions administr\u00e9es par voie intraveineuse. La pompe, munie d'un microprocesseur, utilise un m\u00e9canisme \u00e0 d\u00e9placement de volume p\u00e9ristaltique lin\u00e9aire pour r\u00e9guler le d\u00e9bit \u00e0 la vitesse d\u00e9sir\u00e9e.  Il s\u2019agit d\u2019une pompe \u00e0 perfusion, qui se caract\u00e9rise par sa haute s\u00e9curit\u00e9, sa facilit\u00e9 d'utilisation et sa longue dur\u00e9e de vie. Le contr\u00f4le du d\u00e9bit avec une grande pr\u00e9cision et des mesures d'alarme compl\u00e8tes garantissent la s\u00e9curit\u00e9 du patient et un effet th\u00e9rapeutique optimal.  Utilisation\u00a0: poches de m\u00e9dicaments, poches de nutrition et poches de s\u00e9rums physiologiques\u2026\u00a0 (Cette pompe ne peut pas \u00eatre utilis\u00e9e pour la transfusion sanguine)    &nbsp;","og_url":"https:\/\/yazmed.ma\/ar\/product\/la-pompe-a-perfusion-sp750\/","og_site_name":"YAZMED","article_publisher":"https:\/\/www.facebook.com\/azenkouky","article_modified_time":"2025-06-23T12:57:04+00:00","og_image":[{"width":570,"height":517,"url":"https:\/\/yazmed.ma\/wp-content\/uploads\/2025\/01\/Design-sans-titre-38.png","type":"image\/png"}],"twitter_card":"summary_large_image","twitter_misc":{"Est. reading time":"3 minutes"},"schema":{"@context":"https:\/\/schema.org","@graph":[{"@type":"WebPage","@id":"https:\/\/yazmed.ma\/product\/la-pompe-a-perfusion-sp750\/","url":"https:\/\/yazmed.ma\/product\/la-pompe-a-perfusion-sp750\/","name":"La pompe \u00e0 perfusion SP750 - YAZMED","isPartOf":{"@id":"https:\/\/yazmed.ma\/#website"},"primaryImageOfPage":{"@id":"https:\/\/yazmed.ma\/product\/la-pompe-a-perfusion-sp750\/#primaryimage"},"image":{"@id":"https:\/\/yazmed.ma\/product\/la-pompe-a-perfusion-sp750\/#primaryimage"},"thumbnailUrl":"https:\/\/yazmed.ma\/wp-content\/uploads\/2025\/01\/Design-sans-titre-38.png","datePublished":"2025-01-01T20:19:28+00:00","dateModified":"2025-06-23T12:57:04+00:00","breadcrumb":{"@id":"https:\/\/yazmed.ma\/product\/la-pompe-a-perfusion-sp750\/#breadcrumb"},"inLanguage":"ary","potentialAction":[{"@type":"ReadAction","target":["https:\/\/yazmed.ma\/product\/la-pompe-a-perfusion-sp750\/"]}]},{"@type":"ImageObject","inLanguage":"ary","@id":"https:\/\/yazmed.ma\/product\/la-pompe-a-perfusion-sp750\/#primaryimage","url":"https:\/\/yazmed.ma\/wp-content\/uploads\/2025\/01\/Design-sans-titre-38.png","contentUrl":"https:\/\/yazmed.ma\/wp-content\/uploads\/2025\/01\/Design-sans-titre-38.png","width":570,"height":517,"caption":"La pompe \u00e0 perfusion SP750 Yazmed Maroc"},{"@type":"BreadcrumbList","@id":"https:\/\/yazmed.ma\/product\/la-pompe-a-perfusion-sp750\/#breadcrumb","itemListElement":[{"@type":"ListItem","position":1,"name":"Accueil","item":"https:\/\/yazmed.ma\/"},{"@type":"ListItem","position":2,"name":"Shop","item":"https:\/\/yazmed.ma\/shop-2\/"},{"@type":"ListItem","position":3,"name":"La pompe \u00e0 perfusion SP750"}]},{"@type":"WebSite","@id":"https:\/\/yazmed.ma\/#website","url":"https:\/\/yazmed.ma\/","name":"Yazmed","description":"LEADER DU MAT\u00c9RIEL M\u00c9DICAL AU MAROC","publisher":{"@id":"https:\/\/yazmed.ma\/#organization"},"potentialAction":[{"@type":"SearchAction","target":{"@type":"EntryPoint","urlTemplate":"https:\/\/yazmed.ma\/?s={search_term_string}"},"query-input":{"@type":"PropertyValueSpecification","valueRequired":true,"valueName":"search_term_string"}}],"inLanguage":"ary"},{"@type":"Organization","@id":"https:\/\/yazmed.ma\/#organization","name":"Yazmed Healthcare","url":"https:\/\/yazmed.ma\/","logo":{"@type":"ImageObject","inLanguage":"ary","@id":"https:\/\/yazmed.ma\/#\/schema\/logo\/image\/","url":"https:\/\/yazmed.ma\/wp-content\/uploads\/2024\/12\/3.png","contentUrl":"https:\/\/yazmed.ma\/wp-content\/uploads\/2024\/12\/3.png","width":250,"height":70,"caption":"Yazmed Healthcare"},"image":{"@id":"https:\/\/yazmed.ma\/#\/schema\/logo\/image\/"},"sameAs":["https:\/\/www.facebook.com\/azenkouky","https:\/\/www.instagram.com\/yazmedhealthcare","https:\/\/www.linkedin.com\/in\/yazmed-healthcare-1b4955295"]}]}},"_links":{"self":[{"href":"https:\/\/yazmed.ma\/ar\/wp-json\/wp\/v2\/product\/1578","targetHints":{"allow":["GET"]}}],"collection":[{"href":"https:\/\/yazmed.ma\/ar\/wp-json\/wp\/v2\/product"}],"about":[{"href":"https:\/\/yazmed.ma\/ar\/wp-json\/wp\/v2\/types\/product"}],"replies":[{"embeddable":true,"href":"https:\/\/yazmed.ma\/ar\/wp-json\/wp\/v2\/comments?post=1578"}],"version-history":[{"count":0,"href":"https:\/\/yazmed.ma\/ar\/wp-json\/wp\/v2\/product\/1578\/revisions"}],"wp:featuredmedia":[{"embeddable":true,"href":"https:\/\/yazmed.ma\/ar\/wp-json\/wp\/v2\/media\/1861"}],"wp:attachment":[{"href":"https:\/\/yazmed.ma\/ar\/wp-json\/wp\/v2\/media?parent=1578"}],"wp:term":[{"taxonomy":"product_brand","embeddable":true,"href":"https:\/\/yazmed.ma\/ar\/wp-json\/wp\/v2\/product_brand?post=1578"},{"taxonomy":"product_cat","embeddable":true,"href":"https:\/\/yazmed.ma\/ar\/wp-json\/wp\/v2\/product_cat?post=1578"},{"taxonomy":"product_tag","embeddable":true,"href":"https:\/\/yazmed.ma\/ar\/wp-json\/wp\/v2\/product_tag?post=1578"}],"curies":[{"name":"wp","href":"https:\/\/api.w.org\/{rel}","templated":true}]}}