{"id":1569,"date":"2025-01-01T19:43:42","date_gmt":"2025-01-01T19:43:42","guid":{"rendered":"https:\/\/yazmed.ma\/?post_type=product&#038;p=1569"},"modified":"2025-08-05T13:51:03","modified_gmt":"2025-08-05T13:51:03","slug":"ventouse-ecg","status":"publish","type":"product","link":"https:\/\/yazmed.ma\/ar\/product\/ventouse-ecg\/","title":{"rendered":"\u00a0Ventouse ECG M\u00e9tallique 6P"},"content":{"rendered":"<h3><strong>\u00a0 \u00a0 \u00a0Caract\u00e9ristiques cl\u00e9s des ventouse\u00a0\u00a0<\/strong><\/h3>\n<ul>\n<li><strong>Adh\u00e9rence par ventouse<\/strong>\u00a0: Offre une fixation ferme et s\u00e9curis\u00e9e sur la peau, minimisant les risques de d\u00e9placement ou de d\u00e9connexion pendant les tests.<\/li>\n<li><strong>Conductivit\u00e9 m\u00e9tallique<\/strong>\u00a0: Fabriqu\u00e9es avec un contact m\u00e9tallique de qualit\u00e9 pour une transmission des signaux ECG pr\u00e9cise et fiable.<\/li>\n<li><strong>Confort du patient<\/strong>\u00a0: Design ergonomique qui assure une utilisation confortable et r\u00e9duit les risques d\u2019irritation m\u00eame lors d\u2019examens prolong\u00e9s.<\/li>\n<li><strong>Durabilit\u00e9 et entretien facile<\/strong>\u00a0: Construites pour r\u00e9sister \u00e0 l\u2019usure et faciles \u00e0 nettoyer, garantissant une longue dur\u00e9e de vie et une performance constante.<\/li>\n<li><strong>Diam\u00e8tre de la balle:<\/strong>\u00a032mm<\/li>\n<li><strong>Composition:<\/strong>\u00a0Cuivre (Cu)<\/li>\n<li><strong>Placage:<\/strong>\u00a0Ag \/ AgCl<\/li>\n<li><strong>Utilisation pour:<\/strong>\u00a0adulte \/ p\u00e9diatrique<\/li>\n<li><strong>Composants principaux:<\/strong>\u00a0Balle et \u00e9lectrode<\/li>\n<li><strong>Convient pour:<\/strong>\u00a0GE \/ Marquette, Siemens, Schiller Bionet, Mortala, Burdick et tous les ECG.<\/li>\n<\/ul>\n<p><img decoding=\"async\" class=\"\" src=\"https:\/\/metkomedical.com\/images\/logo.png\" width=\"151\" height=\"37\" \/><\/p>","protected":false},"excerpt":{"rendered":"<p><strong>\u00a0ventouse ECG m\u00e9tallique 6\u00a0<\/strong><\/p>\n<p>con\u00e7ues pour offrir une performance sup\u00e9rieure lors des examens <a href=\"https:\/\/fr.wikipedia.org\/wiki\/%C3%89lectrocardiographie\">\u00e9lectrocardiographiques<\/a>. Ces \u00e9lectrodes de haute qualit\u00e9 garantissent une connexion stable et une transmission optimale des signaux cardiaques, assurant des trac\u00e9s ECG clairs et pr\u00e9cis.<\/p>\n<p align=\"justify\">Ces (poires) pr\u00e9cordiales sont con\u00e7ues pour l\u2019enregistrement d\u2019\u00e9lectrocardiogrammes de routine. Leur ventouse en m\u00e9tal adh\u00e8re \u00e0 la peau du patient gr\u00e2ce \u00e0 la d\u00e9pression obtenue en pressant la poire.<br \/>\nElles sont adapt\u00e9es \u00e0 des cables dot\u00e9s de diff\u00e9rents types de connexion : fiche banane, pression, pince.<\/p>\n<p align=\"justify\"><img decoding=\"async\" class=\"\" src=\"https:\/\/metkomedical.com\/images\/logo.png\" width=\"192\" height=\"47\" \/><\/p>","protected":false},"featured_media":1570,"comment_status":"open","ping_status":"closed","template":"","meta":[],"product_brand":[],"product_cat":[52],"product_tag":[204,205,203],"class_list":{"0":"post-1569","1":"product","2":"type-product","3":"status-publish","4":"has-post-thumbnail","6":"product_cat-consommable-medical","7":"product_tag-cardiologie","8":"product_tag-poire-ecg","9":"product_tag-ventouse-ecg","11":"first","12":"instock","13":"taxable","14":"shipping-taxable","15":"purchasable","16":"product-type-simple"},"yoast_head":"<!-- This site is optimized with the Yoast SEO plugin v26.9 - https:\/\/yoast.com\/product\/yoast-seo-wordpress\/ -->\n<title>\u00a0Ventouse ECG M\u00e9tallique 6P - YAZMED<\/title>\n<meta name=\"robots\" content=\"index, follow, max-snippet:-1, max-image-preview:large, max-video-preview:-1\" \/>\n<link rel=\"canonical\" href=\"https:\/\/yazmed.ma\/ar\/product\/ventouse-poire-ecg-cc-a-vis-bleu\/\" \/>\n<meta property=\"og:locale\" content=\"ar_AR\" \/>\n<meta property=\"og:type\" content=\"article\" \/>\n<meta property=\"og:title\" content=\"\u00a0Ventouse ECG M\u00e9tallique 6P - YAZMED\" \/>\n<meta property=\"og:description\" content=\"\u00a0ventouse ECG m\u00e9tallique 6\u00a0  con\u00e7ues pour offrir une performance sup\u00e9rieure lors des examens \u00e9lectrocardiographiques. Ces \u00e9lectrodes de haute qualit\u00e9 garantissent une connexion stable et une transmission optimale des signaux cardiaques, assurant des trac\u00e9s ECG clairs et pr\u00e9cis. Ces (poires) pr\u00e9cordiales sont con\u00e7ues pour l\u2019enregistrement d\u2019\u00e9lectrocardiogrammes de routine. Leur ventouse en m\u00e9tal adh\u00e8re \u00e0 la peau du patient gr\u00e2ce \u00e0 la d\u00e9pression obtenue en pressant la poire. Elles sont adapt\u00e9es \u00e0 des cables dot\u00e9s de diff\u00e9rents types de connexion : fiche banane, pression, pince.\" \/>\n<meta property=\"og:url\" content=\"https:\/\/yazmed.ma\/ar\/product\/ventouse-poire-ecg-cc-a-vis-bleu\/\" \/>\n<meta property=\"og:site_name\" content=\"YAZMED\" \/>\n<meta property=\"article:publisher\" content=\"https:\/\/www.facebook.com\/azenkouky\" \/>\n<meta property=\"article:modified_time\" content=\"2025-08-05T13:51:03+00:00\" \/>\n<meta property=\"og:image\" content=\"https:\/\/yazmed.ma\/wp-content\/uploads\/2025\/01\/Design-sans-titre-73.png\" \/>\n\t<meta property=\"og:image:width\" content=\"570\" \/>\n\t<meta property=\"og:image:height\" content=\"517\" \/>\n\t<meta property=\"og:image:type\" content=\"image\/png\" \/>\n<meta name=\"twitter:card\" content=\"summary_large_image\" \/>\n<meta name=\"twitter:label1\" content=\"Est. reading time\" \/>\n\t<meta name=\"twitter:data1\" content=\"1 minute\" \/>\n<script type=\"application\/ld+json\" class=\"yoast-schema-graph\">{\"@context\":\"https:\/\/schema.org\",\"@graph\":[{\"@type\":\"WebPage\",\"@id\":\"https:\/\/yazmed.ma\/product\/ventouse-poire-ecg-cc-a-vis-bleu\/\",\"url\":\"https:\/\/yazmed.ma\/product\/ventouse-poire-ecg-cc-a-vis-bleu\/\",\"name\":\"\u00a0Ventouse ECG M\u00e9tallique 6P - YAZMED\",\"isPartOf\":{\"@id\":\"https:\/\/yazmed.ma\/#website\"},\"primaryImageOfPage\":{\"@id\":\"https:\/\/yazmed.ma\/product\/ventouse-poire-ecg-cc-a-vis-bleu\/#primaryimage\"},\"image\":{\"@id\":\"https:\/\/yazmed.ma\/product\/ventouse-poire-ecg-cc-a-vis-bleu\/#primaryimage\"},\"thumbnailUrl\":\"https:\/\/yazmed.ma\/wp-content\/uploads\/2025\/01\/VENTOUSE-POIRE-ECG-CC-A-VIS-BLEU_VENTOUSE-POIRE_421_1.jpeg\",\"datePublished\":\"2025-01-01T19:43:42+00:00\",\"dateModified\":\"2025-08-05T13:51:03+00:00\",\"breadcrumb\":{\"@id\":\"https:\/\/yazmed.ma\/product\/ventouse-poire-ecg-cc-a-vis-bleu\/#breadcrumb\"},\"inLanguage\":\"ary\",\"potentialAction\":[{\"@type\":\"ReadAction\",\"target\":[\"https:\/\/yazmed.ma\/product\/ventouse-poire-ecg-cc-a-vis-bleu\/\"]}]},{\"@type\":\"ImageObject\",\"inLanguage\":\"ary\",\"@id\":\"https:\/\/yazmed.ma\/product\/ventouse-poire-ecg-cc-a-vis-bleu\/#primaryimage\",\"url\":\"https:\/\/yazmed.ma\/wp-content\/uploads\/2025\/01\/VENTOUSE-POIRE-ECG-CC-A-VIS-BLEU_VENTOUSE-POIRE_421_1.jpeg\",\"contentUrl\":\"https:\/\/yazmed.ma\/wp-content\/uploads\/2025\/01\/VENTOUSE-POIRE-ECG-CC-A-VIS-BLEU_VENTOUSE-POIRE_421_1.jpeg\",\"width\":900,\"height\":900,\"caption\":\"VENTOUSE POIRE ECG CC A VIS BLEU VENTOUSE POIRE 421 1\"},{\"@type\":\"BreadcrumbList\",\"@id\":\"https:\/\/yazmed.ma\/product\/ventouse-poire-ecg-cc-a-vis-bleu\/#breadcrumb\",\"itemListElement\":[{\"@type\":\"ListItem\",\"position\":1,\"name\":\"Accueil\",\"item\":\"https:\/\/yazmed.ma\/\"},{\"@type\":\"ListItem\",\"position\":2,\"name\":\"Shop\",\"item\":\"https:\/\/yazmed.ma\/shop-2\/\"},{\"@type\":\"ListItem\",\"position\":3,\"name\":\"VENTOUSE-POIRE ECG CC A VIS \u2013 BLEU\"}]},{\"@type\":\"WebSite\",\"@id\":\"https:\/\/yazmed.ma\/#website\",\"url\":\"https:\/\/yazmed.ma\/\",\"name\":\"Yazmed\",\"description\":\"LEADER DU MAT\u00c9RIEL M\u00c9DICAL AU MAROC\",\"publisher\":{\"@id\":\"https:\/\/yazmed.ma\/#organization\"},\"potentialAction\":[{\"@type\":\"SearchAction\",\"target\":{\"@type\":\"EntryPoint\",\"urlTemplate\":\"https:\/\/yazmed.ma\/?s={search_term_string}\"},\"query-input\":{\"@type\":\"PropertyValueSpecification\",\"valueRequired\":true,\"valueName\":\"search_term_string\"}}],\"inLanguage\":\"ary\"},{\"@type\":\"Organization\",\"@id\":\"https:\/\/yazmed.ma\/#organization\",\"name\":\"Yazmed Healthcare\",\"url\":\"https:\/\/yazmed.ma\/\",\"logo\":{\"@type\":\"ImageObject\",\"inLanguage\":\"ary\",\"@id\":\"https:\/\/yazmed.ma\/#\/schema\/logo\/image\/\",\"url\":\"https:\/\/yazmed.ma\/wp-content\/uploads\/2024\/12\/3.png\",\"contentUrl\":\"https:\/\/yazmed.ma\/wp-content\/uploads\/2024\/12\/3.png\",\"width\":250,\"height\":70,\"caption\":\"Yazmed Healthcare\"},\"image\":{\"@id\":\"https:\/\/yazmed.ma\/#\/schema\/logo\/image\/\"},\"sameAs\":[\"https:\/\/www.facebook.com\/azenkouky\",\"https:\/\/www.instagram.com\/yazmedhealthcare\",\"https:\/\/www.linkedin.com\/in\/yazmed-healthcare-1b4955295\"]}]}<\/script>\n<!-- \/ Yoast SEO plugin. -->","yoast_head_json":{"title":"\u00a0Ventouse ECG M\u00e9tallique 6P - YAZMED","robots":{"index":"index","follow":"follow","max-snippet":"max-snippet:-1","max-image-preview":"max-image-preview:large","max-video-preview":"max-video-preview:-1"},"canonical":"https:\/\/yazmed.ma\/ar\/product\/ventouse-poire-ecg-cc-a-vis-bleu\/","og_locale":"ar_AR","og_type":"article","og_title":"\u00a0Ventouse ECG M\u00e9tallique 6P - YAZMED","og_description":"\u00a0ventouse ECG m\u00e9tallique 6\u00a0  con\u00e7ues pour offrir une performance sup\u00e9rieure lors des examens \u00e9lectrocardiographiques. Ces \u00e9lectrodes de haute qualit\u00e9 garantissent une connexion stable et une transmission optimale des signaux cardiaques, assurant des trac\u00e9s ECG clairs et pr\u00e9cis. Ces (poires) pr\u00e9cordiales sont con\u00e7ues pour l\u2019enregistrement d\u2019\u00e9lectrocardiogrammes de routine. Leur ventouse en m\u00e9tal adh\u00e8re \u00e0 la peau du patient gr\u00e2ce \u00e0 la d\u00e9pression obtenue en pressant la poire. Elles sont adapt\u00e9es \u00e0 des cables dot\u00e9s de diff\u00e9rents types de connexion : fiche banane, pression, pince.","og_url":"https:\/\/yazmed.ma\/ar\/product\/ventouse-poire-ecg-cc-a-vis-bleu\/","og_site_name":"YAZMED","article_publisher":"https:\/\/www.facebook.com\/azenkouky","article_modified_time":"2025-08-05T13:51:03+00:00","og_image":[{"width":570,"height":517,"url":"https:\/\/yazmed.ma\/wp-content\/uploads\/2025\/01\/Design-sans-titre-73.png","type":"image\/png"}],"twitter_card":"summary_large_image","twitter_misc":{"Est. reading time":"1 minute"},"schema":{"@context":"https:\/\/schema.org","@graph":[{"@type":"WebPage","@id":"https:\/\/yazmed.ma\/product\/ventouse-poire-ecg-cc-a-vis-bleu\/","url":"https:\/\/yazmed.ma\/product\/ventouse-poire-ecg-cc-a-vis-bleu\/","name":"\u00a0Ventouse ECG M\u00e9tallique 6P - YAZMED","isPartOf":{"@id":"https:\/\/yazmed.ma\/#website"},"primaryImageOfPage":{"@id":"https:\/\/yazmed.ma\/product\/ventouse-poire-ecg-cc-a-vis-bleu\/#primaryimage"},"image":{"@id":"https:\/\/yazmed.ma\/product\/ventouse-poire-ecg-cc-a-vis-bleu\/#primaryimage"},"thumbnailUrl":"https:\/\/yazmed.ma\/wp-content\/uploads\/2025\/01\/VENTOUSE-POIRE-ECG-CC-A-VIS-BLEU_VENTOUSE-POIRE_421_1.jpeg","datePublished":"2025-01-01T19:43:42+00:00","dateModified":"2025-08-05T13:51:03+00:00","breadcrumb":{"@id":"https:\/\/yazmed.ma\/product\/ventouse-poire-ecg-cc-a-vis-bleu\/#breadcrumb"},"inLanguage":"ary","potentialAction":[{"@type":"ReadAction","target":["https:\/\/yazmed.ma\/product\/ventouse-poire-ecg-cc-a-vis-bleu\/"]}]},{"@type":"ImageObject","inLanguage":"ary","@id":"https:\/\/yazmed.ma\/product\/ventouse-poire-ecg-cc-a-vis-bleu\/#primaryimage","url":"https:\/\/yazmed.ma\/wp-content\/uploads\/2025\/01\/VENTOUSE-POIRE-ECG-CC-A-VIS-BLEU_VENTOUSE-POIRE_421_1.jpeg","contentUrl":"https:\/\/yazmed.ma\/wp-content\/uploads\/2025\/01\/VENTOUSE-POIRE-ECG-CC-A-VIS-BLEU_VENTOUSE-POIRE_421_1.jpeg","width":900,"height":900,"caption":"VENTOUSE POIRE ECG CC A VIS BLEU VENTOUSE POIRE 421 1"},{"@type":"BreadcrumbList","@id":"https:\/\/yazmed.ma\/product\/ventouse-poire-ecg-cc-a-vis-bleu\/#breadcrumb","itemListElement":[{"@type":"ListItem","position":1,"name":"Accueil","item":"https:\/\/yazmed.ma\/"},{"@type":"ListItem","position":2,"name":"Shop","item":"https:\/\/yazmed.ma\/shop-2\/"},{"@type":"ListItem","position":3,"name":"VENTOUSE-POIRE ECG CC A VIS \u2013 BLEU"}]},{"@type":"WebSite","@id":"https:\/\/yazmed.ma\/#website","url":"https:\/\/yazmed.ma\/","name":"Yazmed","description":"LEADER DU MAT\u00c9RIEL M\u00c9DICAL AU MAROC","publisher":{"@id":"https:\/\/yazmed.ma\/#organization"},"potentialAction":[{"@type":"SearchAction","target":{"@type":"EntryPoint","urlTemplate":"https:\/\/yazmed.ma\/?s={search_term_string}"},"query-input":{"@type":"PropertyValueSpecification","valueRequired":true,"valueName":"search_term_string"}}],"inLanguage":"ary"},{"@type":"Organization","@id":"https:\/\/yazmed.ma\/#organization","name":"Yazmed Healthcare","url":"https:\/\/yazmed.ma\/","logo":{"@type":"ImageObject","inLanguage":"ary","@id":"https:\/\/yazmed.ma\/#\/schema\/logo\/image\/","url":"https:\/\/yazmed.ma\/wp-content\/uploads\/2024\/12\/3.png","contentUrl":"https:\/\/yazmed.ma\/wp-content\/uploads\/2024\/12\/3.png","width":250,"height":70,"caption":"Yazmed Healthcare"},"image":{"@id":"https:\/\/yazmed.ma\/#\/schema\/logo\/image\/"},"sameAs":["https:\/\/www.facebook.com\/azenkouky","https:\/\/www.instagram.com\/yazmedhealthcare","https:\/\/www.linkedin.com\/in\/yazmed-healthcare-1b4955295"]}]}},"_links":{"self":[{"href":"https:\/\/yazmed.ma\/ar\/wp-json\/wp\/v2\/product\/1569","targetHints":{"allow":["GET"]}}],"collection":[{"href":"https:\/\/yazmed.ma\/ar\/wp-json\/wp\/v2\/product"}],"about":[{"href":"https:\/\/yazmed.ma\/ar\/wp-json\/wp\/v2\/types\/product"}],"replies":[{"embeddable":true,"href":"https:\/\/yazmed.ma\/ar\/wp-json\/wp\/v2\/comments?post=1569"}],"version-history":[{"count":1,"href":"https:\/\/yazmed.ma\/ar\/wp-json\/wp\/v2\/product\/1569\/revisions"}],"predecessor-version":[{"id":2691,"href":"https:\/\/yazmed.ma\/ar\/wp-json\/wp\/v2\/product\/1569\/revisions\/2691"}],"wp:featuredmedia":[{"embeddable":true,"href":"https:\/\/yazmed.ma\/ar\/wp-json\/wp\/v2\/media\/1570"}],"wp:attachment":[{"href":"https:\/\/yazmed.ma\/ar\/wp-json\/wp\/v2\/media?parent=1569"}],"wp:term":[{"taxonomy":"product_brand","embeddable":true,"href":"https:\/\/yazmed.ma\/ar\/wp-json\/wp\/v2\/product_brand?post=1569"},{"taxonomy":"product_cat","embeddable":true,"href":"https:\/\/yazmed.ma\/ar\/wp-json\/wp\/v2\/product_cat?post=1569"},{"taxonomy":"product_tag","embeddable":true,"href":"https:\/\/yazmed.ma\/ar\/wp-json\/wp\/v2\/product_tag?post=1569"}],"curies":[{"name":"wp","href":"https:\/\/api.w.org\/{rel}","templated":true}]}}