{"id":1564,"date":"2025-01-01T19:28:21","date_gmt":"2025-01-01T19:28:21","guid":{"rendered":"https:\/\/yazmed.ma\/?post_type=product&#038;p=1564"},"modified":"2025-01-01T19:34:39","modified_gmt":"2025-01-01T19:34:39","slug":"curette-aspiration-gynecologique-karman","status":"publish","type":"product","link":"https:\/\/yazmed.ma\/ar\/product\/curette-aspiration-gynecologique-karman\/","title":{"rendered":"CURETTE ASPIRATION GYN\u00c9COLOGIQUE KARMAN"},"content":{"rendered":"<h1 class=\"product_title entry-title\">CURETTE ASPIRATION GYNECOLOGIQUE KARMAN<\/h1>\n<p>GYN\u00c9COLOGIE OBST\u00c9TRIQUE<\/p>","protected":false},"excerpt":{"rendered":"<h2>Description<\/h2>\n<p>La\u00a0<strong>curette de type \u201ckarman\u201d<\/strong>\u00a0est un instrument m\u00e9dical utilis\u00e9 principalement pour les proc\u00e9dures d\u2019aspiration ut\u00e9rine.<\/p>\n<p>L\u2019aspiration avec la\u00a0<strong>canule de Karman<\/strong>\u00a0est moins invasive et souvent moins douloureuse que le curetage par grattage.<\/p>\n<p>Cet instrument,\u00a0<b>st\u00e9rile et \u00e0 usage unique<\/b>, est compos\u00e9 d\u2019un tube souple en plastique flexible. Ainsi qu\u2019un connecteur pour y ins\u00e9rer une seringue ou \u00e0 un dispositif d\u2019aspiration. Le mat\u00e9riau flexible de la canule de Karman\u00a0<b>r\u00e9duit le risque de perforation ut\u00e9rine<\/b>\u00a0par rapport aux instruments rigides.<\/p>","protected":false},"featured_media":1565,"comment_status":"open","ping_status":"closed","template":"","meta":[],"product_brand":[],"product_cat":[52],"product_tag":[],"class_list":{"0":"post-1564","1":"product","2":"type-product","3":"status-publish","4":"has-post-thumbnail","6":"product_cat-consommable-medical","8":"first","9":"instock","10":"taxable","11":"shipping-taxable","12":"purchasable","13":"product-type-variable"},"yoast_head":"<!-- This site is optimized with the Yoast SEO plugin v26.9 - https:\/\/yoast.com\/product\/yoast-seo-wordpress\/ -->\n<title>CURETTE ASPIRATION GYN\u00c9COLOGIQUE KARMAN - YAZMED<\/title>\n<meta name=\"robots\" content=\"index, follow, max-snippet:-1, max-image-preview:large, max-video-preview:-1\" \/>\n<link rel=\"canonical\" href=\"https:\/\/yazmed.ma\/ar\/product\/curette-aspiration-gynecologique-karman\/\" \/>\n<meta property=\"og:locale\" content=\"ar_AR\" \/>\n<meta property=\"og:type\" content=\"article\" \/>\n<meta property=\"og:title\" content=\"CURETTE ASPIRATION GYN\u00c9COLOGIQUE KARMAN - YAZMED\" \/>\n<meta property=\"og:description\" content=\"Description La\u00a0curette de type \u201ckarman\u201d\u00a0est un instrument m\u00e9dical utilis\u00e9 principalement pour les proc\u00e9dures d\u2019aspiration ut\u00e9rine.  L\u2019aspiration avec la\u00a0canule de Karman\u00a0est moins invasive et souvent moins douloureuse que le curetage par grattage.  Cet instrument,\u00a0st\u00e9rile et \u00e0 usage unique, est compos\u00e9 d\u2019un tube souple en plastique flexible. Ainsi qu\u2019un connecteur pour y ins\u00e9rer une seringue ou \u00e0 un dispositif d\u2019aspiration. Le mat\u00e9riau flexible de la canule de Karman\u00a0r\u00e9duit le risque de perforation ut\u00e9rine\u00a0par rapport aux instruments rigides.\" \/>\n<meta property=\"og:url\" content=\"https:\/\/yazmed.ma\/ar\/product\/curette-aspiration-gynecologique-karman\/\" \/>\n<meta property=\"og:site_name\" content=\"YAZMED\" \/>\n<meta property=\"article:publisher\" content=\"https:\/\/www.facebook.com\/azenkouky\" \/>\n<meta property=\"article:modified_time\" content=\"2025-01-01T19:34:39+00:00\" \/>\n<meta property=\"og:image\" content=\"https:\/\/yazmed.ma\/wp-content\/uploads\/2025\/01\/CURETTE-ASPIRATION-GYNECOLOGIQUE-KARMAN_CURETTE-ASPIRATION_235_1.jpeg\" \/>\n\t<meta property=\"og:image:width\" content=\"800\" \/>\n\t<meta property=\"og:image:height\" content=\"800\" \/>\n\t<meta property=\"og:image:type\" content=\"image\/jpeg\" \/>\n<meta name=\"twitter:card\" content=\"summary_large_image\" \/>\n<meta name=\"twitter:label1\" content=\"Est. reading time\" \/>\n\t<meta name=\"twitter:data1\" content=\"1 minute\" \/>\n<script type=\"application\/ld+json\" class=\"yoast-schema-graph\">{\"@context\":\"https:\/\/schema.org\",\"@graph\":[{\"@type\":\"WebPage\",\"@id\":\"https:\/\/yazmed.ma\/product\/curette-aspiration-gynecologique-karman\/\",\"url\":\"https:\/\/yazmed.ma\/product\/curette-aspiration-gynecologique-karman\/\",\"name\":\"CURETTE ASPIRATION GYN\u00c9COLOGIQUE KARMAN - YAZMED\",\"isPartOf\":{\"@id\":\"https:\/\/yazmed.ma\/#website\"},\"primaryImageOfPage\":{\"@id\":\"https:\/\/yazmed.ma\/product\/curette-aspiration-gynecologique-karman\/#primaryimage\"},\"image\":{\"@id\":\"https:\/\/yazmed.ma\/product\/curette-aspiration-gynecologique-karman\/#primaryimage\"},\"thumbnailUrl\":\"https:\/\/yazmed.ma\/wp-content\/uploads\/2025\/01\/CURETTE-ASPIRATION-GYNECOLOGIQUE-KARMAN_CURETTE-ASPIRATION_235_1.jpeg\",\"datePublished\":\"2025-01-01T19:28:21+00:00\",\"dateModified\":\"2025-01-01T19:34:39+00:00\",\"breadcrumb\":{\"@id\":\"https:\/\/yazmed.ma\/product\/curette-aspiration-gynecologique-karman\/#breadcrumb\"},\"inLanguage\":\"ary\",\"potentialAction\":[{\"@type\":\"ReadAction\",\"target\":[\"https:\/\/yazmed.ma\/product\/curette-aspiration-gynecologique-karman\/\"]}]},{\"@type\":\"ImageObject\",\"inLanguage\":\"ary\",\"@id\":\"https:\/\/yazmed.ma\/product\/curette-aspiration-gynecologique-karman\/#primaryimage\",\"url\":\"https:\/\/yazmed.ma\/wp-content\/uploads\/2025\/01\/CURETTE-ASPIRATION-GYNECOLOGIQUE-KARMAN_CURETTE-ASPIRATION_235_1.jpeg\",\"contentUrl\":\"https:\/\/yazmed.ma\/wp-content\/uploads\/2025\/01\/CURETTE-ASPIRATION-GYNECOLOGIQUE-KARMAN_CURETTE-ASPIRATION_235_1.jpeg\",\"width\":800,\"height\":800,\"caption\":\"CURETTE ASPIRATION GYNECOLOGIQUE KARMAN CURETTE ASPIRATION 235 1\"},{\"@type\":\"BreadcrumbList\",\"@id\":\"https:\/\/yazmed.ma\/product\/curette-aspiration-gynecologique-karman\/#breadcrumb\",\"itemListElement\":[{\"@type\":\"ListItem\",\"position\":1,\"name\":\"Accueil\",\"item\":\"https:\/\/yazmed.ma\/\"},{\"@type\":\"ListItem\",\"position\":2,\"name\":\"Shop\",\"item\":\"https:\/\/yazmed.ma\/shop-2\/\"},{\"@type\":\"ListItem\",\"position\":3,\"name\":\"CURETTE ASPIRATION GYN\u00c9COLOGIQUE KARMAN\"}]},{\"@type\":\"WebSite\",\"@id\":\"https:\/\/yazmed.ma\/#website\",\"url\":\"https:\/\/yazmed.ma\/\",\"name\":\"Yazmed\",\"description\":\"LEADER DU MAT\u00c9RIEL M\u00c9DICAL AU MAROC\",\"publisher\":{\"@id\":\"https:\/\/yazmed.ma\/#organization\"},\"potentialAction\":[{\"@type\":\"SearchAction\",\"target\":{\"@type\":\"EntryPoint\",\"urlTemplate\":\"https:\/\/yazmed.ma\/?s={search_term_string}\"},\"query-input\":{\"@type\":\"PropertyValueSpecification\",\"valueRequired\":true,\"valueName\":\"search_term_string\"}}],\"inLanguage\":\"ary\"},{\"@type\":\"Organization\",\"@id\":\"https:\/\/yazmed.ma\/#organization\",\"name\":\"Yazmed Healthcare\",\"url\":\"https:\/\/yazmed.ma\/\",\"logo\":{\"@type\":\"ImageObject\",\"inLanguage\":\"ary\",\"@id\":\"https:\/\/yazmed.ma\/#\/schema\/logo\/image\/\",\"url\":\"https:\/\/yazmed.ma\/wp-content\/uploads\/2024\/12\/3.png\",\"contentUrl\":\"https:\/\/yazmed.ma\/wp-content\/uploads\/2024\/12\/3.png\",\"width\":250,\"height\":70,\"caption\":\"Yazmed Healthcare\"},\"image\":{\"@id\":\"https:\/\/yazmed.ma\/#\/schema\/logo\/image\/\"},\"sameAs\":[\"https:\/\/www.facebook.com\/azenkouky\",\"https:\/\/www.instagram.com\/yazmedhealthcare\",\"https:\/\/www.linkedin.com\/in\/yazmed-healthcare-1b4955295\"]}]}<\/script>\n<!-- \/ Yoast SEO plugin. -->","yoast_head_json":{"title":"CURETTE ASPIRATION GYN\u00c9COLOGIQUE KARMAN - YAZMED","robots":{"index":"index","follow":"follow","max-snippet":"max-snippet:-1","max-image-preview":"max-image-preview:large","max-video-preview":"max-video-preview:-1"},"canonical":"https:\/\/yazmed.ma\/ar\/product\/curette-aspiration-gynecologique-karman\/","og_locale":"ar_AR","og_type":"article","og_title":"CURETTE ASPIRATION GYN\u00c9COLOGIQUE KARMAN - YAZMED","og_description":"Description La\u00a0curette de type \u201ckarman\u201d\u00a0est un instrument m\u00e9dical utilis\u00e9 principalement pour les proc\u00e9dures d\u2019aspiration ut\u00e9rine.  L\u2019aspiration avec la\u00a0canule de Karman\u00a0est moins invasive et souvent moins douloureuse que le curetage par grattage.  Cet instrument,\u00a0st\u00e9rile et \u00e0 usage unique, est compos\u00e9 d\u2019un tube souple en plastique flexible. Ainsi qu\u2019un connecteur pour y ins\u00e9rer une seringue ou \u00e0 un dispositif d\u2019aspiration. Le mat\u00e9riau flexible de la canule de Karman\u00a0r\u00e9duit le risque de perforation ut\u00e9rine\u00a0par rapport aux instruments rigides.","og_url":"https:\/\/yazmed.ma\/ar\/product\/curette-aspiration-gynecologique-karman\/","og_site_name":"YAZMED","article_publisher":"https:\/\/www.facebook.com\/azenkouky","article_modified_time":"2025-01-01T19:34:39+00:00","og_image":[{"width":800,"height":800,"url":"https:\/\/yazmed.ma\/wp-content\/uploads\/2025\/01\/CURETTE-ASPIRATION-GYNECOLOGIQUE-KARMAN_CURETTE-ASPIRATION_235_1.jpeg","type":"image\/jpeg"}],"twitter_card":"summary_large_image","twitter_misc":{"Est. reading time":"1 minute"},"schema":{"@context":"https:\/\/schema.org","@graph":[{"@type":"WebPage","@id":"https:\/\/yazmed.ma\/product\/curette-aspiration-gynecologique-karman\/","url":"https:\/\/yazmed.ma\/product\/curette-aspiration-gynecologique-karman\/","name":"CURETTE ASPIRATION GYN\u00c9COLOGIQUE KARMAN - YAZMED","isPartOf":{"@id":"https:\/\/yazmed.ma\/#website"},"primaryImageOfPage":{"@id":"https:\/\/yazmed.ma\/product\/curette-aspiration-gynecologique-karman\/#primaryimage"},"image":{"@id":"https:\/\/yazmed.ma\/product\/curette-aspiration-gynecologique-karman\/#primaryimage"},"thumbnailUrl":"https:\/\/yazmed.ma\/wp-content\/uploads\/2025\/01\/CURETTE-ASPIRATION-GYNECOLOGIQUE-KARMAN_CURETTE-ASPIRATION_235_1.jpeg","datePublished":"2025-01-01T19:28:21+00:00","dateModified":"2025-01-01T19:34:39+00:00","breadcrumb":{"@id":"https:\/\/yazmed.ma\/product\/curette-aspiration-gynecologique-karman\/#breadcrumb"},"inLanguage":"ary","potentialAction":[{"@type":"ReadAction","target":["https:\/\/yazmed.ma\/product\/curette-aspiration-gynecologique-karman\/"]}]},{"@type":"ImageObject","inLanguage":"ary","@id":"https:\/\/yazmed.ma\/product\/curette-aspiration-gynecologique-karman\/#primaryimage","url":"https:\/\/yazmed.ma\/wp-content\/uploads\/2025\/01\/CURETTE-ASPIRATION-GYNECOLOGIQUE-KARMAN_CURETTE-ASPIRATION_235_1.jpeg","contentUrl":"https:\/\/yazmed.ma\/wp-content\/uploads\/2025\/01\/CURETTE-ASPIRATION-GYNECOLOGIQUE-KARMAN_CURETTE-ASPIRATION_235_1.jpeg","width":800,"height":800,"caption":"CURETTE ASPIRATION GYNECOLOGIQUE KARMAN CURETTE ASPIRATION 235 1"},{"@type":"BreadcrumbList","@id":"https:\/\/yazmed.ma\/product\/curette-aspiration-gynecologique-karman\/#breadcrumb","itemListElement":[{"@type":"ListItem","position":1,"name":"Accueil","item":"https:\/\/yazmed.ma\/"},{"@type":"ListItem","position":2,"name":"Shop","item":"https:\/\/yazmed.ma\/shop-2\/"},{"@type":"ListItem","position":3,"name":"CURETTE ASPIRATION GYN\u00c9COLOGIQUE KARMAN"}]},{"@type":"WebSite","@id":"https:\/\/yazmed.ma\/#website","url":"https:\/\/yazmed.ma\/","name":"Yazmed","description":"LEADER DU MAT\u00c9RIEL M\u00c9DICAL AU MAROC","publisher":{"@id":"https:\/\/yazmed.ma\/#organization"},"potentialAction":[{"@type":"SearchAction","target":{"@type":"EntryPoint","urlTemplate":"https:\/\/yazmed.ma\/?s={search_term_string}"},"query-input":{"@type":"PropertyValueSpecification","valueRequired":true,"valueName":"search_term_string"}}],"inLanguage":"ary"},{"@type":"Organization","@id":"https:\/\/yazmed.ma\/#organization","name":"Yazmed Healthcare","url":"https:\/\/yazmed.ma\/","logo":{"@type":"ImageObject","inLanguage":"ary","@id":"https:\/\/yazmed.ma\/#\/schema\/logo\/image\/","url":"https:\/\/yazmed.ma\/wp-content\/uploads\/2024\/12\/3.png","contentUrl":"https:\/\/yazmed.ma\/wp-content\/uploads\/2024\/12\/3.png","width":250,"height":70,"caption":"Yazmed Healthcare"},"image":{"@id":"https:\/\/yazmed.ma\/#\/schema\/logo\/image\/"},"sameAs":["https:\/\/www.facebook.com\/azenkouky","https:\/\/www.instagram.com\/yazmedhealthcare","https:\/\/www.linkedin.com\/in\/yazmed-healthcare-1b4955295"]}]}},"_links":{"self":[{"href":"https:\/\/yazmed.ma\/ar\/wp-json\/wp\/v2\/product\/1564","targetHints":{"allow":["GET"]}}],"collection":[{"href":"https:\/\/yazmed.ma\/ar\/wp-json\/wp\/v2\/product"}],"about":[{"href":"https:\/\/yazmed.ma\/ar\/wp-json\/wp\/v2\/types\/product"}],"replies":[{"embeddable":true,"href":"https:\/\/yazmed.ma\/ar\/wp-json\/wp\/v2\/comments?post=1564"}],"version-history":[{"count":0,"href":"https:\/\/yazmed.ma\/ar\/wp-json\/wp\/v2\/product\/1564\/revisions"}],"wp:featuredmedia":[{"embeddable":true,"href":"https:\/\/yazmed.ma\/ar\/wp-json\/wp\/v2\/media\/1565"}],"wp:attachment":[{"href":"https:\/\/yazmed.ma\/ar\/wp-json\/wp\/v2\/media?parent=1564"}],"wp:term":[{"taxonomy":"product_brand","embeddable":true,"href":"https:\/\/yazmed.ma\/ar\/wp-json\/wp\/v2\/product_brand?post=1564"},{"taxonomy":"product_cat","embeddable":true,"href":"https:\/\/yazmed.ma\/ar\/wp-json\/wp\/v2\/product_cat?post=1564"},{"taxonomy":"product_tag","embeddable":true,"href":"https:\/\/yazmed.ma\/ar\/wp-json\/wp\/v2\/product_tag?post=1564"}],"curies":[{"name":"wp","href":"https:\/\/api.w.org\/{rel}","templated":true}]}}