{"id":1562,"date":"2025-01-01T19:22:24","date_gmt":"2025-01-01T19:22:24","guid":{"rendered":"https:\/\/yazmed.ma\/?post_type=product&#038;p=1562"},"modified":"2025-06-21T16:16:03","modified_gmt":"2025-06-21T16:16:03","slug":"debimetre-dox2-mural-a-billehumid-200-ml","status":"publish","type":"product","link":"https:\/\/yazmed.ma\/ar\/product\/debimetre-dox2-mural-a-billehumid-200-ml\/","title":{"rendered":"DEBIMETRE D\u2019OX2 MURAL"},"content":{"rendered":"","protected":false},"excerpt":{"rendered":"<h4>DEBIMETRE D\u2019OX2 MURAL A BILLE<\/h4>\n<h2>Description<\/h2>\n<p>\u2022 Le d\u00e9bitm\u00e8tre mural sert \u00e0 r\u00e9gler le d\u00e9bit d\u2019un gaz \u00e0 administrer aux malades par voies respiratoires<\/p>\n<p>\u2022 Normes : En ISO 10079-3 : 2009<\/p>\n<p>\u2022 D\u00e9bitm\u00e8tre \u00e0 bille de 1 L \u00e0 15 L\/Min<\/p>\n<p>\u2022 Flacon humidificateur capacit\u00e9 : 200 ml Description :<\/p>\n<p>\u2022 Le d\u00e9bitm\u00e8tre mural sert \u00e0 r\u00e9gler le d\u00e9bit d\u2019un gaz \u00e0 administrer aux malades par voies respiratoires<\/p>","protected":false},"featured_media":1563,"comment_status":"open","ping_status":"closed","template":"","meta":[],"product_brand":[],"product_cat":[51],"product_tag":[85,84],"class_list":{"0":"post-1562","1":"product","2":"type-product","3":"status-publish","4":"has-post-thumbnail","6":"product_cat-bloc-et-reanimation","7":"product_tag-debimetre","8":"product_tag-debimetre-dox2-mural","10":"first","11":"instock","12":"taxable","13":"shipping-taxable","14":"purchasable","15":"product-type-simple"},"yoast_head":"<!-- This site is optimized with the Yoast SEO plugin v26.9 - https:\/\/yoast.com\/product\/yoast-seo-wordpress\/ -->\n<title>DEBIMETRE D\u2019OX2 MURAL - YAZMED<\/title>\n<meta name=\"robots\" content=\"index, follow, max-snippet:-1, max-image-preview:large, max-video-preview:-1\" \/>\n<link rel=\"canonical\" href=\"https:\/\/yazmed.ma\/ar\/product\/debimetre-dox2-mural-a-billehumid-200-ml\/\" \/>\n<meta property=\"og:locale\" content=\"ar_AR\" \/>\n<meta property=\"og:type\" content=\"article\" \/>\n<meta property=\"og:title\" content=\"DEBIMETRE D\u2019OX2 MURAL - YAZMED\" \/>\n<meta property=\"og:description\" content=\"DEBIMETRE D\u2019OX2 MURAL A BILLE Description \u2022 Le d\u00e9bitm\u00e8tre mural sert \u00e0 r\u00e9gler le d\u00e9bit d\u2019un gaz \u00e0 administrer aux malades par voies respiratoires  \u2022 Normes : En ISO 10079-3 : 2009  \u2022 D\u00e9bitm\u00e8tre \u00e0 bille de 1 L \u00e0 15 L\/Min  \u2022 Flacon humidificateur capacit\u00e9 : 200 ml Description :  \u2022 Le d\u00e9bitm\u00e8tre mural sert \u00e0 r\u00e9gler le d\u00e9bit d\u2019un gaz \u00e0 administrer aux malades par voies respiratoires\" \/>\n<meta property=\"og:url\" content=\"https:\/\/yazmed.ma\/ar\/product\/debimetre-dox2-mural-a-billehumid-200-ml\/\" \/>\n<meta property=\"og:site_name\" content=\"YAZMED\" \/>\n<meta property=\"article:publisher\" content=\"https:\/\/www.facebook.com\/azenkouky\" \/>\n<meta property=\"article:modified_time\" content=\"2025-06-21T16:16:03+00:00\" \/>\n<meta property=\"og:image\" content=\"https:\/\/yazmed.ma\/wp-content\/uploads\/2025\/01\/DEBIMETRE.jpg\" \/>\n\t<meta property=\"og:image:width\" content=\"700\" \/>\n\t<meta property=\"og:image:height\" content=\"636\" \/>\n\t<meta property=\"og:image:type\" content=\"image\/jpeg\" \/>\n<meta name=\"twitter:card\" content=\"summary_large_image\" \/>\n<meta name=\"twitter:label1\" content=\"Est. reading time\" \/>\n\t<meta name=\"twitter:data1\" content=\"1 minute\" \/>\n<script type=\"application\/ld+json\" class=\"yoast-schema-graph\">{\"@context\":\"https:\/\/schema.org\",\"@graph\":[{\"@type\":\"WebPage\",\"@id\":\"https:\/\/yazmed.ma\/product\/debimetre-dox2-mural-a-billehumid-200-ml\/\",\"url\":\"https:\/\/yazmed.ma\/product\/debimetre-dox2-mural-a-billehumid-200-ml\/\",\"name\":\"DEBIMETRE D\u2019OX2 MURAL - YAZMED\",\"isPartOf\":{\"@id\":\"https:\/\/yazmed.ma\/#website\"},\"primaryImageOfPage\":{\"@id\":\"https:\/\/yazmed.ma\/product\/debimetre-dox2-mural-a-billehumid-200-ml\/#primaryimage\"},\"image\":{\"@id\":\"https:\/\/yazmed.ma\/product\/debimetre-dox2-mural-a-billehumid-200-ml\/#primaryimage\"},\"thumbnailUrl\":\"https:\/\/yazmed.ma\/wp-content\/uploads\/2025\/01\/DEBIMETRE.jpg\",\"datePublished\":\"2025-01-01T19:22:24+00:00\",\"dateModified\":\"2025-06-21T16:16:03+00:00\",\"breadcrumb\":{\"@id\":\"https:\/\/yazmed.ma\/product\/debimetre-dox2-mural-a-billehumid-200-ml\/#breadcrumb\"},\"inLanguage\":\"ary\",\"potentialAction\":[{\"@type\":\"ReadAction\",\"target\":[\"https:\/\/yazmed.ma\/product\/debimetre-dox2-mural-a-billehumid-200-ml\/\"]}]},{\"@type\":\"ImageObject\",\"inLanguage\":\"ary\",\"@id\":\"https:\/\/yazmed.ma\/product\/debimetre-dox2-mural-a-billehumid-200-ml\/#primaryimage\",\"url\":\"https:\/\/yazmed.ma\/wp-content\/uploads\/2025\/01\/DEBIMETRE.jpg\",\"contentUrl\":\"https:\/\/yazmed.ma\/wp-content\/uploads\/2025\/01\/DEBIMETRE.jpg\",\"width\":700,\"height\":636,\"caption\":\"DEBIMETRE\"},{\"@type\":\"BreadcrumbList\",\"@id\":\"https:\/\/yazmed.ma\/product\/debimetre-dox2-mural-a-billehumid-200-ml\/#breadcrumb\",\"itemListElement\":[{\"@type\":\"ListItem\",\"position\":1,\"name\":\"Accueil\",\"item\":\"https:\/\/yazmed.ma\/\"},{\"@type\":\"ListItem\",\"position\":2,\"name\":\"Shop\",\"item\":\"https:\/\/yazmed.ma\/shop-2\/\"},{\"@type\":\"ListItem\",\"position\":3,\"name\":\"DEBIMETRE D\u2019OX2 MURAL A BILLE+HUMID 200 ML\"}]},{\"@type\":\"WebSite\",\"@id\":\"https:\/\/yazmed.ma\/#website\",\"url\":\"https:\/\/yazmed.ma\/\",\"name\":\"Yazmed\",\"description\":\"LEADER DU MAT\u00c9RIEL M\u00c9DICAL AU MAROC\",\"publisher\":{\"@id\":\"https:\/\/yazmed.ma\/#organization\"},\"potentialAction\":[{\"@type\":\"SearchAction\",\"target\":{\"@type\":\"EntryPoint\",\"urlTemplate\":\"https:\/\/yazmed.ma\/?s={search_term_string}\"},\"query-input\":{\"@type\":\"PropertyValueSpecification\",\"valueRequired\":true,\"valueName\":\"search_term_string\"}}],\"inLanguage\":\"ary\"},{\"@type\":\"Organization\",\"@id\":\"https:\/\/yazmed.ma\/#organization\",\"name\":\"Yazmed Healthcare\",\"url\":\"https:\/\/yazmed.ma\/\",\"logo\":{\"@type\":\"ImageObject\",\"inLanguage\":\"ary\",\"@id\":\"https:\/\/yazmed.ma\/#\/schema\/logo\/image\/\",\"url\":\"https:\/\/yazmed.ma\/wp-content\/uploads\/2024\/12\/3.png\",\"contentUrl\":\"https:\/\/yazmed.ma\/wp-content\/uploads\/2024\/12\/3.png\",\"width\":250,\"height\":70,\"caption\":\"Yazmed Healthcare\"},\"image\":{\"@id\":\"https:\/\/yazmed.ma\/#\/schema\/logo\/image\/\"},\"sameAs\":[\"https:\/\/www.facebook.com\/azenkouky\",\"https:\/\/www.instagram.com\/yazmedhealthcare\",\"https:\/\/www.linkedin.com\/in\/yazmed-healthcare-1b4955295\"]}]}<\/script>\n<!-- \/ Yoast SEO plugin. -->","yoast_head_json":{"title":"DEBIMETRE D\u2019OX2 MURAL - YAZMED","robots":{"index":"index","follow":"follow","max-snippet":"max-snippet:-1","max-image-preview":"max-image-preview:large","max-video-preview":"max-video-preview:-1"},"canonical":"https:\/\/yazmed.ma\/ar\/product\/debimetre-dox2-mural-a-billehumid-200-ml\/","og_locale":"ar_AR","og_type":"article","og_title":"DEBIMETRE D\u2019OX2 MURAL - YAZMED","og_description":"DEBIMETRE D\u2019OX2 MURAL A BILLE Description \u2022 Le d\u00e9bitm\u00e8tre mural sert \u00e0 r\u00e9gler le d\u00e9bit d\u2019un gaz \u00e0 administrer aux malades par voies respiratoires  \u2022 Normes : En ISO 10079-3 : 2009  \u2022 D\u00e9bitm\u00e8tre \u00e0 bille de 1 L \u00e0 15 L\/Min  \u2022 Flacon humidificateur capacit\u00e9 : 200 ml Description :  \u2022 Le d\u00e9bitm\u00e8tre mural sert \u00e0 r\u00e9gler le d\u00e9bit d\u2019un gaz \u00e0 administrer aux malades par voies respiratoires","og_url":"https:\/\/yazmed.ma\/ar\/product\/debimetre-dox2-mural-a-billehumid-200-ml\/","og_site_name":"YAZMED","article_publisher":"https:\/\/www.facebook.com\/azenkouky","article_modified_time":"2025-06-21T16:16:03+00:00","og_image":[{"width":700,"height":636,"url":"https:\/\/yazmed.ma\/wp-content\/uploads\/2025\/01\/DEBIMETRE.jpg","type":"image\/jpeg"}],"twitter_card":"summary_large_image","twitter_misc":{"Est. reading time":"1 minute"},"schema":{"@context":"https:\/\/schema.org","@graph":[{"@type":"WebPage","@id":"https:\/\/yazmed.ma\/product\/debimetre-dox2-mural-a-billehumid-200-ml\/","url":"https:\/\/yazmed.ma\/product\/debimetre-dox2-mural-a-billehumid-200-ml\/","name":"DEBIMETRE D\u2019OX2 MURAL - YAZMED","isPartOf":{"@id":"https:\/\/yazmed.ma\/#website"},"primaryImageOfPage":{"@id":"https:\/\/yazmed.ma\/product\/debimetre-dox2-mural-a-billehumid-200-ml\/#primaryimage"},"image":{"@id":"https:\/\/yazmed.ma\/product\/debimetre-dox2-mural-a-billehumid-200-ml\/#primaryimage"},"thumbnailUrl":"https:\/\/yazmed.ma\/wp-content\/uploads\/2025\/01\/DEBIMETRE.jpg","datePublished":"2025-01-01T19:22:24+00:00","dateModified":"2025-06-21T16:16:03+00:00","breadcrumb":{"@id":"https:\/\/yazmed.ma\/product\/debimetre-dox2-mural-a-billehumid-200-ml\/#breadcrumb"},"inLanguage":"ary","potentialAction":[{"@type":"ReadAction","target":["https:\/\/yazmed.ma\/product\/debimetre-dox2-mural-a-billehumid-200-ml\/"]}]},{"@type":"ImageObject","inLanguage":"ary","@id":"https:\/\/yazmed.ma\/product\/debimetre-dox2-mural-a-billehumid-200-ml\/#primaryimage","url":"https:\/\/yazmed.ma\/wp-content\/uploads\/2025\/01\/DEBIMETRE.jpg","contentUrl":"https:\/\/yazmed.ma\/wp-content\/uploads\/2025\/01\/DEBIMETRE.jpg","width":700,"height":636,"caption":"DEBIMETRE"},{"@type":"BreadcrumbList","@id":"https:\/\/yazmed.ma\/product\/debimetre-dox2-mural-a-billehumid-200-ml\/#breadcrumb","itemListElement":[{"@type":"ListItem","position":1,"name":"Accueil","item":"https:\/\/yazmed.ma\/"},{"@type":"ListItem","position":2,"name":"Shop","item":"https:\/\/yazmed.ma\/shop-2\/"},{"@type":"ListItem","position":3,"name":"DEBIMETRE D\u2019OX2 MURAL A BILLE+HUMID 200 ML"}]},{"@type":"WebSite","@id":"https:\/\/yazmed.ma\/#website","url":"https:\/\/yazmed.ma\/","name":"Yazmed","description":"LEADER DU MAT\u00c9RIEL M\u00c9DICAL AU MAROC","publisher":{"@id":"https:\/\/yazmed.ma\/#organization"},"potentialAction":[{"@type":"SearchAction","target":{"@type":"EntryPoint","urlTemplate":"https:\/\/yazmed.ma\/?s={search_term_string}"},"query-input":{"@type":"PropertyValueSpecification","valueRequired":true,"valueName":"search_term_string"}}],"inLanguage":"ary"},{"@type":"Organization","@id":"https:\/\/yazmed.ma\/#organization","name":"Yazmed Healthcare","url":"https:\/\/yazmed.ma\/","logo":{"@type":"ImageObject","inLanguage":"ary","@id":"https:\/\/yazmed.ma\/#\/schema\/logo\/image\/","url":"https:\/\/yazmed.ma\/wp-content\/uploads\/2024\/12\/3.png","contentUrl":"https:\/\/yazmed.ma\/wp-content\/uploads\/2024\/12\/3.png","width":250,"height":70,"caption":"Yazmed Healthcare"},"image":{"@id":"https:\/\/yazmed.ma\/#\/schema\/logo\/image\/"},"sameAs":["https:\/\/www.facebook.com\/azenkouky","https:\/\/www.instagram.com\/yazmedhealthcare","https:\/\/www.linkedin.com\/in\/yazmed-healthcare-1b4955295"]}]}},"_links":{"self":[{"href":"https:\/\/yazmed.ma\/ar\/wp-json\/wp\/v2\/product\/1562","targetHints":{"allow":["GET"]}}],"collection":[{"href":"https:\/\/yazmed.ma\/ar\/wp-json\/wp\/v2\/product"}],"about":[{"href":"https:\/\/yazmed.ma\/ar\/wp-json\/wp\/v2\/types\/product"}],"replies":[{"embeddable":true,"href":"https:\/\/yazmed.ma\/ar\/wp-json\/wp\/v2\/comments?post=1562"}],"version-history":[{"count":0,"href":"https:\/\/yazmed.ma\/ar\/wp-json\/wp\/v2\/product\/1562\/revisions"}],"wp:featuredmedia":[{"embeddable":true,"href":"https:\/\/yazmed.ma\/ar\/wp-json\/wp\/v2\/media\/1563"}],"wp:attachment":[{"href":"https:\/\/yazmed.ma\/ar\/wp-json\/wp\/v2\/media?parent=1562"}],"wp:term":[{"taxonomy":"product_brand","embeddable":true,"href":"https:\/\/yazmed.ma\/ar\/wp-json\/wp\/v2\/product_brand?post=1562"},{"taxonomy":"product_cat","embeddable":true,"href":"https:\/\/yazmed.ma\/ar\/wp-json\/wp\/v2\/product_cat?post=1562"},{"taxonomy":"product_tag","embeddable":true,"href":"https:\/\/yazmed.ma\/ar\/wp-json\/wp\/v2\/product_tag?post=1562"}],"curies":[{"name":"wp","href":"https:\/\/api.w.org\/{rel}","templated":true}]}}