{"id":1560,"date":"2025-01-01T19:17:44","date_gmt":"2025-01-01T19:17:44","guid":{"rendered":"https:\/\/yazmed.ma\/?post_type=product&#038;p=1560"},"modified":"2025-06-20T16:16:37","modified_gmt":"2025-06-20T16:16:37","slug":"trousse-coelioscopie-gynecologie","status":"publish","type":"product","link":"https:\/\/yazmed.ma\/ar\/product\/trousse-coelioscopie-gynecologie\/","title":{"rendered":"TROUSSE COELIOSCOPIE GYNECOLOGIE"},"content":{"rendered":"<h2>Description,<\/h2>\n<p><b>Raucodrape Smart Trousse de c\u0153lioscopie gyn\u00e9cologie<\/b>\u00a02 couches, st\u00e9rile.<\/p>\n<p>\u2013 1 champ de table Raucodrape 150 x 190 cm<\/p>\n<p>\u2013 2 serviettes absorbantes Raucodrape 30 x 20 cm<\/p>\n<p>\u2013 2 passe- tubulures Raucodrape 9 x 11 cm<\/p>\n<p>\u2013 1 champ sous fessier Raucodrape Smart 75 x 90 cm<\/p>\n<p>\u2013 1 champ de coelioscopie-gyn\u00e9cologie avec jambi\u00e8res Raucodrape Smart 230 x 307 cm, 2 couches<\/p>\n<p>Fen\u00eatre abdominale adh\u00e9sive 29 x 39 cm<\/p>\n<p>Fen\u00eatre p\u00e9rin\u00e9ale adh\u00e9sive 8 x 15 cm<\/p>\n<p>2 Poches \u00e0 instruments<\/p>\n<p><b>COMPOSITION :<\/b><\/p>\n<p>Les champs Raucodrape sont en 2 couches :<\/p>\n<p>1 couche en non tiss\u00e9 polypropyl\u00e8ne<\/p>\n<p>1 couche en film poly\u00e9thyl\u00e8ne<\/p>\n<p>&nbsp;<\/p>\n<p><b>CARACTERISTIQUES :<br \/>\n<\/b><\/p>\n<p>Ces produits sont hautement absorbants, r\u00e9sistants aux d\u00e9chirures, imperm\u00e9ables aux liquides et bact\u00e9ries, faciles \u00e0<br \/>\nutiliser et r\u00e9pondent aux exigences de la norme ISO 13795.<\/p>","protected":false},"excerpt":{"rendered":"<h4>TROUSSE COELIOSCOPIE GYNECOLOGIE<\/h4>\n<h5>Trousse de c\u0153lioscopie pour interventions gyn\u00e9cologiques. St\u00e9rile, \u00e0 usage unique. Contient tous les instruments n\u00e9cessaires \u00e0 la proc\u00e9dure<\/h5>\n<p data-start=\"1146\" data-end=\"1352\">","protected":false},"featured_media":1561,"comment_status":"open","ping_status":"closed","template":"","meta":[],"product_brand":[],"product_cat":[56],"product_tag":[],"class_list":{"0":"post-1560","1":"product","2":"type-product","3":"status-publish","4":"has-post-thumbnail","6":"product_cat-sterilisation-hygiene","8":"first","9":"instock","10":"taxable","11":"shipping-taxable","12":"purchasable","13":"product-type-simple"},"yoast_head":"<!-- This site is optimized with the Yoast SEO plugin v26.9 - https:\/\/yoast.com\/product\/yoast-seo-wordpress\/ -->\n<title>TROUSSE COELIOSCOPIE GYNECOLOGIE - YAZMED<\/title>\n<meta name=\"robots\" content=\"index, follow, max-snippet:-1, max-image-preview:large, max-video-preview:-1\" \/>\n<link rel=\"canonical\" href=\"https:\/\/yazmed.ma\/ar\/product\/trousse-coelioscopie-gynecologie\/\" \/>\n<meta property=\"og:locale\" content=\"ar_AR\" \/>\n<meta property=\"og:type\" content=\"article\" \/>\n<meta property=\"og:title\" content=\"TROUSSE COELIOSCOPIE GYNECOLOGIE - YAZMED\" \/>\n<meta property=\"og:description\" content=\"TROUSSE COELIOSCOPIE GYNECOLOGIE Trousse de c\u0153lioscopie pour interventions gyn\u00e9cologiques. St\u00e9rile, \u00e0 usage unique. Contient tous les instruments n\u00e9cessaires \u00e0 la proc\u00e9dure\" \/>\n<meta property=\"og:url\" content=\"https:\/\/yazmed.ma\/ar\/product\/trousse-coelioscopie-gynecologie\/\" \/>\n<meta property=\"og:site_name\" content=\"YAZMED\" \/>\n<meta property=\"article:publisher\" content=\"https:\/\/www.facebook.com\/azenkouky\" \/>\n<meta property=\"article:modified_time\" content=\"2025-06-20T16:16:37+00:00\" \/>\n<meta property=\"og:image\" content=\"https:\/\/yazmed.ma\/wp-content\/uploads\/2025\/01\/TROUSSE-COELIOSCOPIE-GYNECOLOGIE_DRAPAGE-CHIRURGICAL_179_1.jpeg\" \/>\n\t<meta property=\"og:image:width\" content=\"300\" \/>\n\t<meta property=\"og:image:height\" content=\"300\" \/>\n\t<meta property=\"og:image:type\" content=\"image\/jpeg\" \/>\n<meta name=\"twitter:card\" content=\"summary_large_image\" \/>\n<meta name=\"twitter:label1\" content=\"Est. reading time\" \/>\n\t<meta name=\"twitter:data1\" content=\"1 minute\" \/>\n<script type=\"application\/ld+json\" class=\"yoast-schema-graph\">{\"@context\":\"https:\/\/schema.org\",\"@graph\":[{\"@type\":\"WebPage\",\"@id\":\"https:\/\/yazmed.ma\/product\/trousse-coelioscopie-gynecologie\/\",\"url\":\"https:\/\/yazmed.ma\/product\/trousse-coelioscopie-gynecologie\/\",\"name\":\"TROUSSE COELIOSCOPIE GYNECOLOGIE - YAZMED\",\"isPartOf\":{\"@id\":\"https:\/\/yazmed.ma\/#website\"},\"primaryImageOfPage\":{\"@id\":\"https:\/\/yazmed.ma\/product\/trousse-coelioscopie-gynecologie\/#primaryimage\"},\"image\":{\"@id\":\"https:\/\/yazmed.ma\/product\/trousse-coelioscopie-gynecologie\/#primaryimage\"},\"thumbnailUrl\":\"https:\/\/yazmed.ma\/wp-content\/uploads\/2025\/01\/TROUSSE-COELIOSCOPIE-GYNECOLOGIE_DRAPAGE-CHIRURGICAL_179_1.jpeg\",\"datePublished\":\"2025-01-01T19:17:44+00:00\",\"dateModified\":\"2025-06-20T16:16:37+00:00\",\"breadcrumb\":{\"@id\":\"https:\/\/yazmed.ma\/product\/trousse-coelioscopie-gynecologie\/#breadcrumb\"},\"inLanguage\":\"ary\",\"potentialAction\":[{\"@type\":\"ReadAction\",\"target\":[\"https:\/\/yazmed.ma\/product\/trousse-coelioscopie-gynecologie\/\"]}]},{\"@type\":\"ImageObject\",\"inLanguage\":\"ary\",\"@id\":\"https:\/\/yazmed.ma\/product\/trousse-coelioscopie-gynecologie\/#primaryimage\",\"url\":\"https:\/\/yazmed.ma\/wp-content\/uploads\/2025\/01\/TROUSSE-COELIOSCOPIE-GYNECOLOGIE_DRAPAGE-CHIRURGICAL_179_1.jpeg\",\"contentUrl\":\"https:\/\/yazmed.ma\/wp-content\/uploads\/2025\/01\/TROUSSE-COELIOSCOPIE-GYNECOLOGIE_DRAPAGE-CHIRURGICAL_179_1.jpeg\",\"width\":300,\"height\":300,\"caption\":\"TROUSSE COELIOSCOPIE GYNECOLOGIE DRAPAGE CHIRURGICAL 179 1\"},{\"@type\":\"BreadcrumbList\",\"@id\":\"https:\/\/yazmed.ma\/product\/trousse-coelioscopie-gynecologie\/#breadcrumb\",\"itemListElement\":[{\"@type\":\"ListItem\",\"position\":1,\"name\":\"Accueil\",\"item\":\"https:\/\/yazmed.ma\/\"},{\"@type\":\"ListItem\",\"position\":2,\"name\":\"Shop\",\"item\":\"https:\/\/yazmed.ma\/shop-2\/\"},{\"@type\":\"ListItem\",\"position\":3,\"name\":\"TROUSSE COELIOSCOPIE GYNECOLOGIE\"}]},{\"@type\":\"WebSite\",\"@id\":\"https:\/\/yazmed.ma\/#website\",\"url\":\"https:\/\/yazmed.ma\/\",\"name\":\"Yazmed\",\"description\":\"LEADER DU MAT\u00c9RIEL M\u00c9DICAL AU MAROC\",\"publisher\":{\"@id\":\"https:\/\/yazmed.ma\/#organization\"},\"potentialAction\":[{\"@type\":\"SearchAction\",\"target\":{\"@type\":\"EntryPoint\",\"urlTemplate\":\"https:\/\/yazmed.ma\/?s={search_term_string}\"},\"query-input\":{\"@type\":\"PropertyValueSpecification\",\"valueRequired\":true,\"valueName\":\"search_term_string\"}}],\"inLanguage\":\"ary\"},{\"@type\":\"Organization\",\"@id\":\"https:\/\/yazmed.ma\/#organization\",\"name\":\"Yazmed Healthcare\",\"url\":\"https:\/\/yazmed.ma\/\",\"logo\":{\"@type\":\"ImageObject\",\"inLanguage\":\"ary\",\"@id\":\"https:\/\/yazmed.ma\/#\/schema\/logo\/image\/\",\"url\":\"https:\/\/yazmed.ma\/wp-content\/uploads\/2024\/12\/3.png\",\"contentUrl\":\"https:\/\/yazmed.ma\/wp-content\/uploads\/2024\/12\/3.png\",\"width\":250,\"height\":70,\"caption\":\"Yazmed Healthcare\"},\"image\":{\"@id\":\"https:\/\/yazmed.ma\/#\/schema\/logo\/image\/\"},\"sameAs\":[\"https:\/\/www.facebook.com\/azenkouky\",\"https:\/\/www.instagram.com\/yazmedhealthcare\",\"https:\/\/www.linkedin.com\/in\/yazmed-healthcare-1b4955295\"]}]}<\/script>\n<!-- \/ Yoast SEO plugin. -->","yoast_head_json":{"title":"TROUSSE COELIOSCOPIE GYNECOLOGIE - YAZMED","robots":{"index":"index","follow":"follow","max-snippet":"max-snippet:-1","max-image-preview":"max-image-preview:large","max-video-preview":"max-video-preview:-1"},"canonical":"https:\/\/yazmed.ma\/ar\/product\/trousse-coelioscopie-gynecologie\/","og_locale":"ar_AR","og_type":"article","og_title":"TROUSSE COELIOSCOPIE GYNECOLOGIE - YAZMED","og_description":"TROUSSE COELIOSCOPIE GYNECOLOGIE Trousse de c\u0153lioscopie pour interventions gyn\u00e9cologiques. St\u00e9rile, \u00e0 usage unique. Contient tous les instruments n\u00e9cessaires \u00e0 la proc\u00e9dure","og_url":"https:\/\/yazmed.ma\/ar\/product\/trousse-coelioscopie-gynecologie\/","og_site_name":"YAZMED","article_publisher":"https:\/\/www.facebook.com\/azenkouky","article_modified_time":"2025-06-20T16:16:37+00:00","og_image":[{"width":300,"height":300,"url":"https:\/\/yazmed.ma\/wp-content\/uploads\/2025\/01\/TROUSSE-COELIOSCOPIE-GYNECOLOGIE_DRAPAGE-CHIRURGICAL_179_1.jpeg","type":"image\/jpeg"}],"twitter_card":"summary_large_image","twitter_misc":{"Est. reading time":"1 minute"},"schema":{"@context":"https:\/\/schema.org","@graph":[{"@type":"WebPage","@id":"https:\/\/yazmed.ma\/product\/trousse-coelioscopie-gynecologie\/","url":"https:\/\/yazmed.ma\/product\/trousse-coelioscopie-gynecologie\/","name":"TROUSSE COELIOSCOPIE GYNECOLOGIE - YAZMED","isPartOf":{"@id":"https:\/\/yazmed.ma\/#website"},"primaryImageOfPage":{"@id":"https:\/\/yazmed.ma\/product\/trousse-coelioscopie-gynecologie\/#primaryimage"},"image":{"@id":"https:\/\/yazmed.ma\/product\/trousse-coelioscopie-gynecologie\/#primaryimage"},"thumbnailUrl":"https:\/\/yazmed.ma\/wp-content\/uploads\/2025\/01\/TROUSSE-COELIOSCOPIE-GYNECOLOGIE_DRAPAGE-CHIRURGICAL_179_1.jpeg","datePublished":"2025-01-01T19:17:44+00:00","dateModified":"2025-06-20T16:16:37+00:00","breadcrumb":{"@id":"https:\/\/yazmed.ma\/product\/trousse-coelioscopie-gynecologie\/#breadcrumb"},"inLanguage":"ary","potentialAction":[{"@type":"ReadAction","target":["https:\/\/yazmed.ma\/product\/trousse-coelioscopie-gynecologie\/"]}]},{"@type":"ImageObject","inLanguage":"ary","@id":"https:\/\/yazmed.ma\/product\/trousse-coelioscopie-gynecologie\/#primaryimage","url":"https:\/\/yazmed.ma\/wp-content\/uploads\/2025\/01\/TROUSSE-COELIOSCOPIE-GYNECOLOGIE_DRAPAGE-CHIRURGICAL_179_1.jpeg","contentUrl":"https:\/\/yazmed.ma\/wp-content\/uploads\/2025\/01\/TROUSSE-COELIOSCOPIE-GYNECOLOGIE_DRAPAGE-CHIRURGICAL_179_1.jpeg","width":300,"height":300,"caption":"TROUSSE COELIOSCOPIE GYNECOLOGIE DRAPAGE CHIRURGICAL 179 1"},{"@type":"BreadcrumbList","@id":"https:\/\/yazmed.ma\/product\/trousse-coelioscopie-gynecologie\/#breadcrumb","itemListElement":[{"@type":"ListItem","position":1,"name":"Accueil","item":"https:\/\/yazmed.ma\/"},{"@type":"ListItem","position":2,"name":"Shop","item":"https:\/\/yazmed.ma\/shop-2\/"},{"@type":"ListItem","position":3,"name":"TROUSSE COELIOSCOPIE GYNECOLOGIE"}]},{"@type":"WebSite","@id":"https:\/\/yazmed.ma\/#website","url":"https:\/\/yazmed.ma\/","name":"Yazmed","description":"LEADER DU MAT\u00c9RIEL M\u00c9DICAL AU MAROC","publisher":{"@id":"https:\/\/yazmed.ma\/#organization"},"potentialAction":[{"@type":"SearchAction","target":{"@type":"EntryPoint","urlTemplate":"https:\/\/yazmed.ma\/?s={search_term_string}"},"query-input":{"@type":"PropertyValueSpecification","valueRequired":true,"valueName":"search_term_string"}}],"inLanguage":"ary"},{"@type":"Organization","@id":"https:\/\/yazmed.ma\/#organization","name":"Yazmed Healthcare","url":"https:\/\/yazmed.ma\/","logo":{"@type":"ImageObject","inLanguage":"ary","@id":"https:\/\/yazmed.ma\/#\/schema\/logo\/image\/","url":"https:\/\/yazmed.ma\/wp-content\/uploads\/2024\/12\/3.png","contentUrl":"https:\/\/yazmed.ma\/wp-content\/uploads\/2024\/12\/3.png","width":250,"height":70,"caption":"Yazmed Healthcare"},"image":{"@id":"https:\/\/yazmed.ma\/#\/schema\/logo\/image\/"},"sameAs":["https:\/\/www.facebook.com\/azenkouky","https:\/\/www.instagram.com\/yazmedhealthcare","https:\/\/www.linkedin.com\/in\/yazmed-healthcare-1b4955295"]}]}},"_links":{"self":[{"href":"https:\/\/yazmed.ma\/ar\/wp-json\/wp\/v2\/product\/1560","targetHints":{"allow":["GET"]}}],"collection":[{"href":"https:\/\/yazmed.ma\/ar\/wp-json\/wp\/v2\/product"}],"about":[{"href":"https:\/\/yazmed.ma\/ar\/wp-json\/wp\/v2\/types\/product"}],"replies":[{"embeddable":true,"href":"https:\/\/yazmed.ma\/ar\/wp-json\/wp\/v2\/comments?post=1560"}],"version-history":[{"count":0,"href":"https:\/\/yazmed.ma\/ar\/wp-json\/wp\/v2\/product\/1560\/revisions"}],"wp:featuredmedia":[{"embeddable":true,"href":"https:\/\/yazmed.ma\/ar\/wp-json\/wp\/v2\/media\/1561"}],"wp:attachment":[{"href":"https:\/\/yazmed.ma\/ar\/wp-json\/wp\/v2\/media?parent=1560"}],"wp:term":[{"taxonomy":"product_brand","embeddable":true,"href":"https:\/\/yazmed.ma\/ar\/wp-json\/wp\/v2\/product_brand?post=1560"},{"taxonomy":"product_cat","embeddable":true,"href":"https:\/\/yazmed.ma\/ar\/wp-json\/wp\/v2\/product_cat?post=1560"},{"taxonomy":"product_tag","embeddable":true,"href":"https:\/\/yazmed.ma\/ar\/wp-json\/wp\/v2\/product_tag?post=1560"}],"curies":[{"name":"wp","href":"https:\/\/api.w.org\/{rel}","templated":true}]}}