{"id":1557,"date":"2025-01-01T19:03:43","date_gmt":"2025-01-01T19:03:43","guid":{"rendered":"https:\/\/yazmed.ma\/?post_type=product&#038;p=1557"},"modified":"2025-12-15T20:24:50","modified_gmt":"2025-12-15T20:24:50","slug":"anios-gel-hydroalcoolique-5l","status":"publish","type":"product","link":"https:\/\/yazmed.ma\/ar\/product\/anios-gel-hydroalcoolique-5l\/","title":{"rendered":"ANIOS Gel  Hydroalcoolique 5L"},"content":{"rendered":"<h3 class=\"\" data-start=\"939\" data-end=\"972\"><strong><img decoding=\"async\" class=\"emoji\" role=\"img\" draggable=\"false\" src=\"https:\/\/s.w.org\/images\/core\/emoji\/16.0.1\/svg\/2705.svg\" alt=\"\u2705\" \/><\/strong>Caract\u00e9ristiques Techniques<\/h3>\n<ul>\n<li><strong>Sans parfum ni colorant<\/strong><\/li>\n<li><strong>\u00a0Actif des 30 secondes<\/strong><\/li>\n<li><strong>\u00a0Conforme aux dernieres normes en vigueur : Bact\u00e9ricide, Fongicide, Mycobact\u00e9ricide, Virucide (EN 14476)<\/strong><\/li>\n<li><strong>\u00a0Teste sous contr\u00f4le dermatologique<\/strong><\/li>\n<li><strong>\u00a0Contient des agents hydratants pour la peau<\/strong><\/li>\n<li><strong>Contient des ingr\u00e9dients apaisants de qualit\u00e9 cosm\u00e9tique, con\u00e7u pour un usage fr\u00e9quent<\/strong><\/li>\n<\/ul>\n<p><img decoding=\"async\" class=\"\" src=\"https:\/\/eclazon.ma\/wp-content\/uploads\/2024\/07\/anios-logo-200x100.jpg\" width=\"140\" height=\"70\" \/><\/p>","protected":false},"excerpt":{"rendered":"<p>&nbsp;<\/p>\n<h3>ANIOS Gel Hydroalcoolique 5L<\/h3>\n<p>gel hydroalcoolique con\u00e7u pour la d\u00e9sinfection et l&rsquo;<a title=\"Hygi\u00e8ne des mains\" href=\"https:\/\/fr.wikipedia.org\/wiki\/Hygi%C3%A8ne_des_mains\">hygi\u00e8ne des mains<\/a>., adapt\u00e9 aux secteurs m\u00e9dical et industriel ainsi qu\u2019\u00e0 une utilisation quotidienne. Sa formule efficace \u00e9limine 99,9 % des bact\u00e9ries, virus et champignons, garantissant une hygi\u00e8ne optimale.<\/p>\n<p><img decoding=\"async\" src=\"https:\/\/eclazon.ma\/wp-content\/uploads\/2024\/07\/anios-logo-200x100.jpg\" \/><\/p>","protected":false},"featured_media":2923,"comment_status":"open","ping_status":"closed","template":"","meta":[],"product_brand":[],"product_cat":[56],"product_tag":[],"class_list":{"0":"post-1557","1":"product","2":"type-product","3":"status-publish","4":"has-post-thumbnail","6":"product_cat-sterilisation-hygiene","8":"first","9":"instock","10":"sale","11":"taxable","12":"shipping-taxable","13":"purchasable","14":"product-type-simple"},"yoast_head":"<!-- This site is optimized with the Yoast SEO plugin v26.9 - https:\/\/yoast.com\/product\/yoast-seo-wordpress\/ -->\n<title>ANIOS Gel Hydroalcoolique 5L - YAZMED<\/title>\n<meta name=\"robots\" content=\"index, follow, max-snippet:-1, max-image-preview:large, max-video-preview:-1\" \/>\n<link rel=\"canonical\" href=\"https:\/\/yazmed.ma\/ar\/product\/gel-desinfectant-hydroalcoolique-des-mains-anios\/\" \/>\n<meta property=\"og:locale\" content=\"ar_AR\" \/>\n<meta property=\"og:type\" content=\"article\" \/>\n<meta property=\"og:title\" content=\"ANIOS Gel Hydroalcoolique 5L - YAZMED\" \/>\n<meta property=\"og:description\" content=\"&nbsp; ANIOS Gel Hydroalcoolique 5L gel hydroalcoolique con\u00e7u pour la d\u00e9sinfection et l&#039;hygi\u00e8ne des mains., adapt\u00e9 aux secteurs m\u00e9dical et industriel ainsi qu\u2019\u00e0 une utilisation quotidienne. Sa formule efficace \u00e9limine 99,9 % des bact\u00e9ries, virus et champignons, garantissant une hygi\u00e8ne optimale.\" \/>\n<meta property=\"og:url\" content=\"https:\/\/yazmed.ma\/ar\/product\/gel-desinfectant-hydroalcoolique-des-mains-anios\/\" \/>\n<meta property=\"og:site_name\" content=\"YAZMED\" \/>\n<meta property=\"article:publisher\" content=\"https:\/\/www.facebook.com\/azenkouky\" \/>\n<meta property=\"article:modified_time\" content=\"2025-12-15T20:24:50+00:00\" \/>\n<meta property=\"og:image\" content=\"https:\/\/yazmed.ma\/wp-content\/uploads\/2025\/01\/Design-sans-titre-83.png\" \/>\n\t<meta property=\"og:image:width\" content=\"570\" \/>\n\t<meta property=\"og:image:height\" content=\"517\" \/>\n\t<meta property=\"og:image:type\" content=\"image\/png\" \/>\n<meta name=\"twitter:card\" content=\"summary_large_image\" \/>\n<meta name=\"twitter:label1\" content=\"Est. reading time\" \/>\n\t<meta name=\"twitter:data1\" content=\"1 minute\" \/>\n<script type=\"application\/ld+json\" class=\"yoast-schema-graph\">{\"@context\":\"https:\/\/schema.org\",\"@graph\":[{\"@type\":\"WebPage\",\"@id\":\"https:\/\/yazmed.ma\/product\/gel-desinfectant-hydroalcoolique-des-mains-anios\/\",\"url\":\"https:\/\/yazmed.ma\/product\/gel-desinfectant-hydroalcoolique-des-mains-anios\/\",\"name\":\"ANIOS Gel Hydroalcoolique 5L - YAZMED\",\"isPartOf\":{\"@id\":\"https:\/\/yazmed.ma\/#website\"},\"primaryImageOfPage\":{\"@id\":\"https:\/\/yazmed.ma\/product\/gel-desinfectant-hydroalcoolique-des-mains-anios\/#primaryimage\"},\"image\":{\"@id\":\"https:\/\/yazmed.ma\/product\/gel-desinfectant-hydroalcoolique-des-mains-anios\/#primaryimage\"},\"thumbnailUrl\":\"https:\/\/yazmed.ma\/wp-content\/uploads\/2025\/01\/Anios-gel-hydroalcooliques-5l.webp\",\"datePublished\":\"2025-01-01T19:03:43+00:00\",\"dateModified\":\"2025-12-15T20:24:50+00:00\",\"breadcrumb\":{\"@id\":\"https:\/\/yazmed.ma\/product\/gel-desinfectant-hydroalcoolique-des-mains-anios\/#breadcrumb\"},\"inLanguage\":\"ary\",\"potentialAction\":[{\"@type\":\"ReadAction\",\"target\":[\"https:\/\/yazmed.ma\/product\/gel-desinfectant-hydroalcoolique-des-mains-anios\/\"]}]},{\"@type\":\"ImageObject\",\"inLanguage\":\"ary\",\"@id\":\"https:\/\/yazmed.ma\/product\/gel-desinfectant-hydroalcoolique-des-mains-anios\/#primaryimage\",\"url\":\"https:\/\/yazmed.ma\/wp-content\/uploads\/2025\/01\/Anios-gel-hydroalcooliques-5l.webp\",\"contentUrl\":\"https:\/\/yazmed.ma\/wp-content\/uploads\/2025\/01\/Anios-gel-hydroalcooliques-5l.webp\",\"width\":450,\"height\":450,\"caption\":\"anios gel hydroalcolique 5l\"},{\"@type\":\"BreadcrumbList\",\"@id\":\"https:\/\/yazmed.ma\/product\/gel-desinfectant-hydroalcoolique-des-mains-anios\/#breadcrumb\",\"itemListElement\":[{\"@type\":\"ListItem\",\"position\":1,\"name\":\"Accueil\",\"item\":\"https:\/\/yazmed.ma\/\"},{\"@type\":\"ListItem\",\"position\":2,\"name\":\"Shop\",\"item\":\"https:\/\/yazmed.ma\/shop-2\/\"},{\"@type\":\"ListItem\",\"position\":3,\"name\":\"Gel d\u00e9sinfectant hydroalcoolique des Mains\"}]},{\"@type\":\"WebSite\",\"@id\":\"https:\/\/yazmed.ma\/#website\",\"url\":\"https:\/\/yazmed.ma\/\",\"name\":\"Yazmed\",\"description\":\"LEADER DU MAT\u00c9RIEL M\u00c9DICAL AU MAROC\",\"publisher\":{\"@id\":\"https:\/\/yazmed.ma\/#organization\"},\"potentialAction\":[{\"@type\":\"SearchAction\",\"target\":{\"@type\":\"EntryPoint\",\"urlTemplate\":\"https:\/\/yazmed.ma\/?s={search_term_string}\"},\"query-input\":{\"@type\":\"PropertyValueSpecification\",\"valueRequired\":true,\"valueName\":\"search_term_string\"}}],\"inLanguage\":\"ary\"},{\"@type\":\"Organization\",\"@id\":\"https:\/\/yazmed.ma\/#organization\",\"name\":\"Yazmed Healthcare\",\"url\":\"https:\/\/yazmed.ma\/\",\"logo\":{\"@type\":\"ImageObject\",\"inLanguage\":\"ary\",\"@id\":\"https:\/\/yazmed.ma\/#\/schema\/logo\/image\/\",\"url\":\"https:\/\/yazmed.ma\/wp-content\/uploads\/2024\/12\/3.png\",\"contentUrl\":\"https:\/\/yazmed.ma\/wp-content\/uploads\/2024\/12\/3.png\",\"width\":250,\"height\":70,\"caption\":\"Yazmed Healthcare\"},\"image\":{\"@id\":\"https:\/\/yazmed.ma\/#\/schema\/logo\/image\/\"},\"sameAs\":[\"https:\/\/www.facebook.com\/azenkouky\",\"https:\/\/www.instagram.com\/yazmedhealthcare\",\"https:\/\/www.linkedin.com\/in\/yazmed-healthcare-1b4955295\"]}]}<\/script>\n<!-- \/ Yoast SEO plugin. -->","yoast_head_json":{"title":"ANIOS Gel Hydroalcoolique 5L - YAZMED","robots":{"index":"index","follow":"follow","max-snippet":"max-snippet:-1","max-image-preview":"max-image-preview:large","max-video-preview":"max-video-preview:-1"},"canonical":"https:\/\/yazmed.ma\/ar\/product\/gel-desinfectant-hydroalcoolique-des-mains-anios\/","og_locale":"ar_AR","og_type":"article","og_title":"ANIOS Gel Hydroalcoolique 5L - YAZMED","og_description":"&nbsp; ANIOS Gel Hydroalcoolique 5L gel hydroalcoolique con\u00e7u pour la d\u00e9sinfection et l'hygi\u00e8ne des mains., adapt\u00e9 aux secteurs m\u00e9dical et industriel ainsi qu\u2019\u00e0 une utilisation quotidienne. Sa formule efficace \u00e9limine 99,9 % des bact\u00e9ries, virus et champignons, garantissant une hygi\u00e8ne optimale.","og_url":"https:\/\/yazmed.ma\/ar\/product\/gel-desinfectant-hydroalcoolique-des-mains-anios\/","og_site_name":"YAZMED","article_publisher":"https:\/\/www.facebook.com\/azenkouky","article_modified_time":"2025-12-15T20:24:50+00:00","og_image":[{"width":570,"height":517,"url":"https:\/\/yazmed.ma\/wp-content\/uploads\/2025\/01\/Design-sans-titre-83.png","type":"image\/png"}],"twitter_card":"summary_large_image","twitter_misc":{"Est. reading time":"1 minute"},"schema":{"@context":"https:\/\/schema.org","@graph":[{"@type":"WebPage","@id":"https:\/\/yazmed.ma\/product\/gel-desinfectant-hydroalcoolique-des-mains-anios\/","url":"https:\/\/yazmed.ma\/product\/gel-desinfectant-hydroalcoolique-des-mains-anios\/","name":"ANIOS Gel Hydroalcoolique 5L - YAZMED","isPartOf":{"@id":"https:\/\/yazmed.ma\/#website"},"primaryImageOfPage":{"@id":"https:\/\/yazmed.ma\/product\/gel-desinfectant-hydroalcoolique-des-mains-anios\/#primaryimage"},"image":{"@id":"https:\/\/yazmed.ma\/product\/gel-desinfectant-hydroalcoolique-des-mains-anios\/#primaryimage"},"thumbnailUrl":"https:\/\/yazmed.ma\/wp-content\/uploads\/2025\/01\/Anios-gel-hydroalcooliques-5l.webp","datePublished":"2025-01-01T19:03:43+00:00","dateModified":"2025-12-15T20:24:50+00:00","breadcrumb":{"@id":"https:\/\/yazmed.ma\/product\/gel-desinfectant-hydroalcoolique-des-mains-anios\/#breadcrumb"},"inLanguage":"ary","potentialAction":[{"@type":"ReadAction","target":["https:\/\/yazmed.ma\/product\/gel-desinfectant-hydroalcoolique-des-mains-anios\/"]}]},{"@type":"ImageObject","inLanguage":"ary","@id":"https:\/\/yazmed.ma\/product\/gel-desinfectant-hydroalcoolique-des-mains-anios\/#primaryimage","url":"https:\/\/yazmed.ma\/wp-content\/uploads\/2025\/01\/Anios-gel-hydroalcooliques-5l.webp","contentUrl":"https:\/\/yazmed.ma\/wp-content\/uploads\/2025\/01\/Anios-gel-hydroalcooliques-5l.webp","width":450,"height":450,"caption":"anios gel hydroalcolique 5l"},{"@type":"BreadcrumbList","@id":"https:\/\/yazmed.ma\/product\/gel-desinfectant-hydroalcoolique-des-mains-anios\/#breadcrumb","itemListElement":[{"@type":"ListItem","position":1,"name":"Accueil","item":"https:\/\/yazmed.ma\/"},{"@type":"ListItem","position":2,"name":"Shop","item":"https:\/\/yazmed.ma\/shop-2\/"},{"@type":"ListItem","position":3,"name":"Gel d\u00e9sinfectant hydroalcoolique des Mains"}]},{"@type":"WebSite","@id":"https:\/\/yazmed.ma\/#website","url":"https:\/\/yazmed.ma\/","name":"Yazmed","description":"LEADER DU MAT\u00c9RIEL M\u00c9DICAL AU MAROC","publisher":{"@id":"https:\/\/yazmed.ma\/#organization"},"potentialAction":[{"@type":"SearchAction","target":{"@type":"EntryPoint","urlTemplate":"https:\/\/yazmed.ma\/?s={search_term_string}"},"query-input":{"@type":"PropertyValueSpecification","valueRequired":true,"valueName":"search_term_string"}}],"inLanguage":"ary"},{"@type":"Organization","@id":"https:\/\/yazmed.ma\/#organization","name":"Yazmed Healthcare","url":"https:\/\/yazmed.ma\/","logo":{"@type":"ImageObject","inLanguage":"ary","@id":"https:\/\/yazmed.ma\/#\/schema\/logo\/image\/","url":"https:\/\/yazmed.ma\/wp-content\/uploads\/2024\/12\/3.png","contentUrl":"https:\/\/yazmed.ma\/wp-content\/uploads\/2024\/12\/3.png","width":250,"height":70,"caption":"Yazmed Healthcare"},"image":{"@id":"https:\/\/yazmed.ma\/#\/schema\/logo\/image\/"},"sameAs":["https:\/\/www.facebook.com\/azenkouky","https:\/\/www.instagram.com\/yazmedhealthcare","https:\/\/www.linkedin.com\/in\/yazmed-healthcare-1b4955295"]}]}},"_links":{"self":[{"href":"https:\/\/yazmed.ma\/ar\/wp-json\/wp\/v2\/product\/1557","targetHints":{"allow":["GET"]}}],"collection":[{"href":"https:\/\/yazmed.ma\/ar\/wp-json\/wp\/v2\/product"}],"about":[{"href":"https:\/\/yazmed.ma\/ar\/wp-json\/wp\/v2\/types\/product"}],"replies":[{"embeddable":true,"href":"https:\/\/yazmed.ma\/ar\/wp-json\/wp\/v2\/comments?post=1557"}],"version-history":[{"count":1,"href":"https:\/\/yazmed.ma\/ar\/wp-json\/wp\/v2\/product\/1557\/revisions"}],"predecessor-version":[{"id":2922,"href":"https:\/\/yazmed.ma\/ar\/wp-json\/wp\/v2\/product\/1557\/revisions\/2922"}],"wp:featuredmedia":[{"embeddable":true,"href":"https:\/\/yazmed.ma\/ar\/wp-json\/wp\/v2\/media\/2923"}],"wp:attachment":[{"href":"https:\/\/yazmed.ma\/ar\/wp-json\/wp\/v2\/media?parent=1557"}],"wp:term":[{"taxonomy":"product_brand","embeddable":true,"href":"https:\/\/yazmed.ma\/ar\/wp-json\/wp\/v2\/product_brand?post=1557"},{"taxonomy":"product_cat","embeddable":true,"href":"https:\/\/yazmed.ma\/ar\/wp-json\/wp\/v2\/product_cat?post=1557"},{"taxonomy":"product_tag","embeddable":true,"href":"https:\/\/yazmed.ma\/ar\/wp-json\/wp\/v2\/product_tag?post=1557"}],"curies":[{"name":"wp","href":"https:\/\/api.w.org\/{rel}","templated":true}]}}