{"id":1554,"date":"2025-01-01T18:51:09","date_gmt":"2025-01-01T18:51:09","guid":{"rendered":"https:\/\/yazmed.ma\/?post_type=product&#038;p=1554"},"modified":"2025-01-01T18:51:10","modified_gmt":"2025-01-01T18:51:10","slug":"compresse-de-gaze-impregnee-sylatulle","status":"publish","type":"product","link":"https:\/\/yazmed.ma\/ar\/product\/compresse-de-gaze-impregnee-sylatulle\/","title":{"rendered":"COMPRESSE DE GAZE IMPR\u00c9GN\u00c9E SYLATULLE"},"content":{"rendered":"<p>Taille: 10cm x 10cm Sylatulle est une compresse en pur coton absorbant, enrichie de gel\u00e9e de paraffine blanche douce, ce qui la rend non adh\u00e9sive et hypoallerg\u00e9nique. Caract\u00e9ristiques : Sylatulle est fabriqu\u00e9e \u00e0 partir de gaze de coton perfor\u00e9e, permettant l\u2019absorption des s\u00e9cr\u00e9tions des plaies tout en laissant respirer la peau. Conditionn\u00e9e individuellement sous emballages st\u00e9riles. St\u00e9rilisation r\u00e9alis\u00e9e par irradiation gamma. Avantages : Enrichie de gel\u00e9e de paraffine, Sylatulle cr\u00e9e une barri\u00e8re protectrice entre la plaie et la compresse, \u00e9vitant ainsi son adh\u00e9rence \u00e0 la blessure et favorisant une gu\u00e9rison acc\u00e9l\u00e9r\u00e9e. Elle pr\u00e9serve les tissus en r\u00e9g\u00e9n\u00e9ration et r\u00e9duit la douleur lors des changements de pansement. La structure de la gaze permet l\u2019\u00e9coulement des exsudats vers un pansement secondaire, emp\u00eachant le dess\u00e8chement des s\u00e9cr\u00e9tions sur la plaie. Peut \u00eatre d\u00e9coup\u00e9e pour s\u2019adapter \u00e0 diff\u00e9rentes tailles de plaies. Indications : Sylatulle est recommand\u00e9e pour le contact direct avec les plaies, dans le cadre du traitement des br\u00fblures, ulc\u00e8res, greffes de peau, et diverses l\u00e9sions traumatiques. Elle sert \u00e9galement de support lors des transplantations cutan\u00e9es. Sous contr\u00f4le m\u00e9dical, Sylatulle peut \u00eatre utilis\u00e9e pour les plaies infect\u00e9es ou celles \u00e0 haut risque d\u2019infection. Mode d\u2019emploi : Ouvrir le sachet st\u00e9rile pour extraire la compresse. Retirer et jeter les films protecteurs de chaque c\u00f4t\u00e9 de la compresse. Manipuler la compresse impr\u00e9gn\u00e9e avec une pince st\u00e9rile. Appliquer d\u00e9licatement sur la plaie. Recouvrir d\u2019un pansement secondaire pour absorber les exc\u00e8s de s\u00e9cr\u00e9tions. Maintenir le tout en place \u00e0 l\u2019aide d\u2019un bandage de fixation<\/p>","protected":false},"excerpt":{"rendered":"<p>Taille: 10cm x 10cm Sylatulle est une compresse en pur coton absorbant, enrichie de gel\u00e9e de paraffine blanche douce, ce qui la rend non adh\u00e9sive et hypoallerg\u00e9nique. Caract\u00e9ristiques : Sylatulle est fabriqu\u00e9e \u00e0 partir de gaze de coton perfor\u00e9e, permettant l\u2019absorption des s\u00e9cr\u00e9tions des plaies tout en laissant respirer la peau. Conditionn\u00e9e individuellement sous emballages<\/p>\n<div class=\"klb-readmore\"><a class=\"c-btn\" href=\"https:\/\/yazmed.ma\/ar\/product\/compresse-de-gaze-impregnee-sylatulle\/\">Read More <i class=\"far fa-plus\"><\/i><\/a><\/div>","protected":false},"featured_media":1555,"comment_status":"open","ping_status":"closed","template":"","meta":[],"product_brand":[],"product_cat":[52],"product_tag":[],"class_list":{"0":"post-1554","1":"product","2":"type-product","3":"status-publish","4":"has-post-thumbnail","6":"product_cat-consommable-medical","8":"first","9":"instock","10":"taxable","11":"shipping-taxable","12":"purchasable","13":"product-type-simple"},"yoast_head":"<!-- This site is optimized with the Yoast SEO plugin v26.9 - https:\/\/yoast.com\/product\/yoast-seo-wordpress\/ -->\n<title>COMPRESSE DE GAZE IMPR\u00c9GN\u00c9E SYLATULLE - YAZMED<\/title>\n<meta name=\"robots\" content=\"index, follow, max-snippet:-1, max-image-preview:large, max-video-preview:-1\" \/>\n<link rel=\"canonical\" href=\"https:\/\/yazmed.ma\/ar\/product\/compresse-de-gaze-impregnee-sylatulle\/\" \/>\n<meta property=\"og:locale\" content=\"ar_AR\" \/>\n<meta property=\"og:type\" content=\"article\" \/>\n<meta property=\"og:title\" content=\"COMPRESSE DE GAZE IMPR\u00c9GN\u00c9E SYLATULLE - YAZMED\" \/>\n<meta property=\"og:description\" content=\"Taille: 10cm x 10cm Sylatulle est une compresse en pur coton absorbant, enrichie de gel\u00e9e de paraffine blanche douce, ce qui la rend non adh\u00e9sive et hypoallerg\u00e9nique. Caract\u00e9ristiques : Sylatulle est fabriqu\u00e9e \u00e0 partir de gaze de coton perfor\u00e9e, permettant l\u2019absorption des s\u00e9cr\u00e9tions des plaies tout en laissant respirer la peau. Conditionn\u00e9e individuellement sous emballagesRead More\" \/>\n<meta property=\"og:url\" content=\"https:\/\/yazmed.ma\/ar\/product\/compresse-de-gaze-impregnee-sylatulle\/\" \/>\n<meta property=\"og:site_name\" content=\"YAZMED\" \/>\n<meta property=\"article:publisher\" content=\"https:\/\/www.facebook.com\/azenkouky\" \/>\n<meta property=\"article:modified_time\" content=\"2025-01-01T18:51:10+00:00\" \/>\n<meta property=\"og:image\" content=\"https:\/\/yazmed.ma\/wp-content\/uploads\/2025\/01\/syla-tull.jpg\" \/>\n\t<meta property=\"og:image:width\" content=\"1000\" \/>\n\t<meta property=\"og:image:height\" content=\"1000\" \/>\n\t<meta property=\"og:image:type\" content=\"image\/jpeg\" \/>\n<meta name=\"twitter:card\" content=\"summary_large_image\" \/>\n<meta name=\"twitter:label1\" content=\"Est. reading time\" \/>\n\t<meta name=\"twitter:data1\" content=\"2 minutes\" \/>\n<script type=\"application\/ld+json\" class=\"yoast-schema-graph\">{\"@context\":\"https:\/\/schema.org\",\"@graph\":[{\"@type\":\"WebPage\",\"@id\":\"https:\/\/yazmed.ma\/product\/compresse-de-gaze-impregnee-sylatulle\/\",\"url\":\"https:\/\/yazmed.ma\/product\/compresse-de-gaze-impregnee-sylatulle\/\",\"name\":\"COMPRESSE DE GAZE IMPR\u00c9GN\u00c9E SYLATULLE - YAZMED\",\"isPartOf\":{\"@id\":\"https:\/\/yazmed.ma\/#website\"},\"primaryImageOfPage\":{\"@id\":\"https:\/\/yazmed.ma\/product\/compresse-de-gaze-impregnee-sylatulle\/#primaryimage\"},\"image\":{\"@id\":\"https:\/\/yazmed.ma\/product\/compresse-de-gaze-impregnee-sylatulle\/#primaryimage\"},\"thumbnailUrl\":\"https:\/\/yazmed.ma\/wp-content\/uploads\/2025\/01\/syla-tull.jpg\",\"datePublished\":\"2025-01-01T18:51:09+00:00\",\"dateModified\":\"2025-01-01T18:51:10+00:00\",\"breadcrumb\":{\"@id\":\"https:\/\/yazmed.ma\/product\/compresse-de-gaze-impregnee-sylatulle\/#breadcrumb\"},\"inLanguage\":\"ary\",\"potentialAction\":[{\"@type\":\"ReadAction\",\"target\":[\"https:\/\/yazmed.ma\/product\/compresse-de-gaze-impregnee-sylatulle\/\"]}]},{\"@type\":\"ImageObject\",\"inLanguage\":\"ary\",\"@id\":\"https:\/\/yazmed.ma\/product\/compresse-de-gaze-impregnee-sylatulle\/#primaryimage\",\"url\":\"https:\/\/yazmed.ma\/wp-content\/uploads\/2025\/01\/syla-tull.jpg\",\"contentUrl\":\"https:\/\/yazmed.ma\/wp-content\/uploads\/2025\/01\/syla-tull.jpg\",\"width\":1000,\"height\":1000,\"caption\":\"COMPRESSE DE GAZE IMPR\u00c9GN\u00c9E SYLATULLE\"},{\"@type\":\"BreadcrumbList\",\"@id\":\"https:\/\/yazmed.ma\/product\/compresse-de-gaze-impregnee-sylatulle\/#breadcrumb\",\"itemListElement\":[{\"@type\":\"ListItem\",\"position\":1,\"name\":\"Accueil\",\"item\":\"https:\/\/yazmed.ma\/\"},{\"@type\":\"ListItem\",\"position\":2,\"name\":\"Shop\",\"item\":\"https:\/\/yazmed.ma\/shop-2\/\"},{\"@type\":\"ListItem\",\"position\":3,\"name\":\"COMPRESSE DE GAZE IMPR\u00c9GN\u00c9E SYLATULLE\"}]},{\"@type\":\"WebSite\",\"@id\":\"https:\/\/yazmed.ma\/#website\",\"url\":\"https:\/\/yazmed.ma\/\",\"name\":\"Yazmed\",\"description\":\"LEADER DU MAT\u00c9RIEL M\u00c9DICAL AU MAROC\",\"publisher\":{\"@id\":\"https:\/\/yazmed.ma\/#organization\"},\"potentialAction\":[{\"@type\":\"SearchAction\",\"target\":{\"@type\":\"EntryPoint\",\"urlTemplate\":\"https:\/\/yazmed.ma\/?s={search_term_string}\"},\"query-input\":{\"@type\":\"PropertyValueSpecification\",\"valueRequired\":true,\"valueName\":\"search_term_string\"}}],\"inLanguage\":\"ary\"},{\"@type\":\"Organization\",\"@id\":\"https:\/\/yazmed.ma\/#organization\",\"name\":\"Yazmed Healthcare\",\"url\":\"https:\/\/yazmed.ma\/\",\"logo\":{\"@type\":\"ImageObject\",\"inLanguage\":\"ary\",\"@id\":\"https:\/\/yazmed.ma\/#\/schema\/logo\/image\/\",\"url\":\"https:\/\/yazmed.ma\/wp-content\/uploads\/2024\/12\/3.png\",\"contentUrl\":\"https:\/\/yazmed.ma\/wp-content\/uploads\/2024\/12\/3.png\",\"width\":250,\"height\":70,\"caption\":\"Yazmed Healthcare\"},\"image\":{\"@id\":\"https:\/\/yazmed.ma\/#\/schema\/logo\/image\/\"},\"sameAs\":[\"https:\/\/www.facebook.com\/azenkouky\",\"https:\/\/www.instagram.com\/yazmedhealthcare\",\"https:\/\/www.linkedin.com\/in\/yazmed-healthcare-1b4955295\"]}]}<\/script>\n<!-- \/ Yoast SEO plugin. -->","yoast_head_json":{"title":"COMPRESSE DE GAZE IMPR\u00c9GN\u00c9E SYLATULLE - YAZMED","robots":{"index":"index","follow":"follow","max-snippet":"max-snippet:-1","max-image-preview":"max-image-preview:large","max-video-preview":"max-video-preview:-1"},"canonical":"https:\/\/yazmed.ma\/ar\/product\/compresse-de-gaze-impregnee-sylatulle\/","og_locale":"ar_AR","og_type":"article","og_title":"COMPRESSE DE GAZE IMPR\u00c9GN\u00c9E SYLATULLE - YAZMED","og_description":"Taille: 10cm x 10cm Sylatulle est une compresse en pur coton absorbant, enrichie de gel\u00e9e de paraffine blanche douce, ce qui la rend non adh\u00e9sive et hypoallerg\u00e9nique. Caract\u00e9ristiques : Sylatulle est fabriqu\u00e9e \u00e0 partir de gaze de coton perfor\u00e9e, permettant l\u2019absorption des s\u00e9cr\u00e9tions des plaies tout en laissant respirer la peau. Conditionn\u00e9e individuellement sous emballagesRead More","og_url":"https:\/\/yazmed.ma\/ar\/product\/compresse-de-gaze-impregnee-sylatulle\/","og_site_name":"YAZMED","article_publisher":"https:\/\/www.facebook.com\/azenkouky","article_modified_time":"2025-01-01T18:51:10+00:00","og_image":[{"width":1000,"height":1000,"url":"https:\/\/yazmed.ma\/wp-content\/uploads\/2025\/01\/syla-tull.jpg","type":"image\/jpeg"}],"twitter_card":"summary_large_image","twitter_misc":{"Est. reading time":"2 minutes"},"schema":{"@context":"https:\/\/schema.org","@graph":[{"@type":"WebPage","@id":"https:\/\/yazmed.ma\/product\/compresse-de-gaze-impregnee-sylatulle\/","url":"https:\/\/yazmed.ma\/product\/compresse-de-gaze-impregnee-sylatulle\/","name":"COMPRESSE DE GAZE IMPR\u00c9GN\u00c9E SYLATULLE - YAZMED","isPartOf":{"@id":"https:\/\/yazmed.ma\/#website"},"primaryImageOfPage":{"@id":"https:\/\/yazmed.ma\/product\/compresse-de-gaze-impregnee-sylatulle\/#primaryimage"},"image":{"@id":"https:\/\/yazmed.ma\/product\/compresse-de-gaze-impregnee-sylatulle\/#primaryimage"},"thumbnailUrl":"https:\/\/yazmed.ma\/wp-content\/uploads\/2025\/01\/syla-tull.jpg","datePublished":"2025-01-01T18:51:09+00:00","dateModified":"2025-01-01T18:51:10+00:00","breadcrumb":{"@id":"https:\/\/yazmed.ma\/product\/compresse-de-gaze-impregnee-sylatulle\/#breadcrumb"},"inLanguage":"ary","potentialAction":[{"@type":"ReadAction","target":["https:\/\/yazmed.ma\/product\/compresse-de-gaze-impregnee-sylatulle\/"]}]},{"@type":"ImageObject","inLanguage":"ary","@id":"https:\/\/yazmed.ma\/product\/compresse-de-gaze-impregnee-sylatulle\/#primaryimage","url":"https:\/\/yazmed.ma\/wp-content\/uploads\/2025\/01\/syla-tull.jpg","contentUrl":"https:\/\/yazmed.ma\/wp-content\/uploads\/2025\/01\/syla-tull.jpg","width":1000,"height":1000,"caption":"COMPRESSE DE GAZE IMPR\u00c9GN\u00c9E SYLATULLE"},{"@type":"BreadcrumbList","@id":"https:\/\/yazmed.ma\/product\/compresse-de-gaze-impregnee-sylatulle\/#breadcrumb","itemListElement":[{"@type":"ListItem","position":1,"name":"Accueil","item":"https:\/\/yazmed.ma\/"},{"@type":"ListItem","position":2,"name":"Shop","item":"https:\/\/yazmed.ma\/shop-2\/"},{"@type":"ListItem","position":3,"name":"COMPRESSE DE GAZE IMPR\u00c9GN\u00c9E SYLATULLE"}]},{"@type":"WebSite","@id":"https:\/\/yazmed.ma\/#website","url":"https:\/\/yazmed.ma\/","name":"Yazmed","description":"LEADER DU MAT\u00c9RIEL M\u00c9DICAL AU MAROC","publisher":{"@id":"https:\/\/yazmed.ma\/#organization"},"potentialAction":[{"@type":"SearchAction","target":{"@type":"EntryPoint","urlTemplate":"https:\/\/yazmed.ma\/?s={search_term_string}"},"query-input":{"@type":"PropertyValueSpecification","valueRequired":true,"valueName":"search_term_string"}}],"inLanguage":"ary"},{"@type":"Organization","@id":"https:\/\/yazmed.ma\/#organization","name":"Yazmed Healthcare","url":"https:\/\/yazmed.ma\/","logo":{"@type":"ImageObject","inLanguage":"ary","@id":"https:\/\/yazmed.ma\/#\/schema\/logo\/image\/","url":"https:\/\/yazmed.ma\/wp-content\/uploads\/2024\/12\/3.png","contentUrl":"https:\/\/yazmed.ma\/wp-content\/uploads\/2024\/12\/3.png","width":250,"height":70,"caption":"Yazmed Healthcare"},"image":{"@id":"https:\/\/yazmed.ma\/#\/schema\/logo\/image\/"},"sameAs":["https:\/\/www.facebook.com\/azenkouky","https:\/\/www.instagram.com\/yazmedhealthcare","https:\/\/www.linkedin.com\/in\/yazmed-healthcare-1b4955295"]}]}},"_links":{"self":[{"href":"https:\/\/yazmed.ma\/ar\/wp-json\/wp\/v2\/product\/1554","targetHints":{"allow":["GET"]}}],"collection":[{"href":"https:\/\/yazmed.ma\/ar\/wp-json\/wp\/v2\/product"}],"about":[{"href":"https:\/\/yazmed.ma\/ar\/wp-json\/wp\/v2\/types\/product"}],"replies":[{"embeddable":true,"href":"https:\/\/yazmed.ma\/ar\/wp-json\/wp\/v2\/comments?post=1554"}],"version-history":[{"count":0,"href":"https:\/\/yazmed.ma\/ar\/wp-json\/wp\/v2\/product\/1554\/revisions"}],"wp:featuredmedia":[{"embeddable":true,"href":"https:\/\/yazmed.ma\/ar\/wp-json\/wp\/v2\/media\/1555"}],"wp:attachment":[{"href":"https:\/\/yazmed.ma\/ar\/wp-json\/wp\/v2\/media?parent=1554"}],"wp:term":[{"taxonomy":"product_brand","embeddable":true,"href":"https:\/\/yazmed.ma\/ar\/wp-json\/wp\/v2\/product_brand?post=1554"},{"taxonomy":"product_cat","embeddable":true,"href":"https:\/\/yazmed.ma\/ar\/wp-json\/wp\/v2\/product_cat?post=1554"},{"taxonomy":"product_tag","embeddable":true,"href":"https:\/\/yazmed.ma\/ar\/wp-json\/wp\/v2\/product_tag?post=1554"}],"curies":[{"name":"wp","href":"https:\/\/api.w.org\/{rel}","templated":true}]}}