{"id":1550,"date":"2025-01-01T17:37:30","date_gmt":"2025-01-01T17:37:30","guid":{"rendered":"https:\/\/yazmed.ma\/?post_type=product&#038;p=1550"},"modified":"2025-01-01T17:38:20","modified_gmt":"2025-01-01T17:38:20","slug":"kit-catheter-de-dialyse-court-terme","status":"publish","type":"product","link":"https:\/\/yazmed.ma\/ar\/product\/kit-catheter-de-dialyse-court-terme\/","title":{"rendered":"KIT CATHETER DE DIALYSE COURT TERME"},"content":{"rendered":"<h2>Description<\/h2>\n<p>LE KIT CATHETER DE DIALYSE COURT TERME de cath\u00e9ter d\u2019h\u00e9modialyse \u00e0 usage unique est destin\u00e9 \u00e0 l\u2019intervention dans les vaisseaux sanguins (par la veine f\u00e9morale, la veine jugulaire interne ou la veine sous-clavi\u00e8re selon le cas) par des ponctions percutan\u00e9es afin d\u2019obtenir un acc\u00e8s de courte dur\u00e9e (moins de 30 jours) .<\/p>\n<p>pour les traitements d\u2019h\u00e9modialyse, d\u2019h\u00e9moperfusion et d\u2019aph\u00e9r\u00e8se. D\u00e9tails du kit de cath\u00e9ter d\u2019h\u00e9modialyse \u00e0 usage unique<\/p>\n<p><strong>1- Luminaire double D<\/strong><\/p>\n<p><strong>2- Dilatateur unique \u00e0 diam\u00e8tre ext\u00e9rieur variable<\/strong><\/p>\n<p><strong>3- Hub de suture rotatif<\/strong><\/p>\n<p><strong>4- Conception de connexion brevet\u00e9e<\/strong><\/p>\n<p><strong>5- Mat\u00e9riau en polyur\u00e9thane flexible<\/strong><\/p>\n<p><strong>6- Sans latex<\/strong><\/p>","protected":false},"excerpt":{"rendered":"<h2><\/h2>\n<p>LE KIT CATH\u00c9TER DE DIALYSE COURT TERME de cath\u00e9ter d\u2019h\u00e9modialyse \u00e0 usage unique<\/p>\n<h3><strong>COURT TERME 1220K<\/strong><\/h3>","protected":false},"featured_media":1551,"comment_status":"open","ping_status":"closed","template":"","meta":[],"product_brand":[],"product_cat":[51],"product_tag":[],"class_list":{"0":"post-1550","1":"product","2":"type-product","3":"status-publish","4":"has-post-thumbnail","6":"product_cat-bloc-et-reanimation","8":"first","9":"instock","10":"taxable","11":"shipping-taxable","12":"purchasable","13":"product-type-simple"},"yoast_head":"<!-- This site is optimized with the Yoast SEO plugin v26.9 - https:\/\/yoast.com\/product\/yoast-seo-wordpress\/ -->\n<title>KIT CATHETER DE DIALYSE COURT TERME - YAZMED<\/title>\n<meta name=\"robots\" content=\"index, follow, max-snippet:-1, max-image-preview:large, max-video-preview:-1\" \/>\n<link rel=\"canonical\" href=\"https:\/\/yazmed.ma\/ar\/product\/kit-catheter-de-dialyse-court-terme\/\" \/>\n<meta property=\"og:locale\" content=\"ar_AR\" \/>\n<meta property=\"og:type\" content=\"article\" \/>\n<meta property=\"og:title\" content=\"KIT CATHETER DE DIALYSE COURT TERME - YAZMED\" \/>\n<meta property=\"og:description\" content=\"LE KIT CATH\u00c9TER DE DIALYSE COURT TERME de cath\u00e9ter d\u2019h\u00e9modialyse \u00e0 usage unique COURT TERME 1220K\" \/>\n<meta property=\"og:url\" content=\"https:\/\/yazmed.ma\/ar\/product\/kit-catheter-de-dialyse-court-terme\/\" \/>\n<meta property=\"og:site_name\" content=\"YAZMED\" \/>\n<meta property=\"article:publisher\" content=\"https:\/\/www.facebook.com\/azenkouky\" \/>\n<meta property=\"article:modified_time\" content=\"2025-01-01T17:38:20+00:00\" \/>\n<meta property=\"og:image\" content=\"https:\/\/yazmed.ma\/wp-content\/uploads\/2025\/01\/Design-sans-titre-30.png\" \/>\n\t<meta property=\"og:image:width\" content=\"570\" \/>\n\t<meta property=\"og:image:height\" content=\"517\" \/>\n\t<meta property=\"og:image:type\" content=\"image\/png\" \/>\n<meta name=\"twitter:card\" content=\"summary_large_image\" \/>\n<meta name=\"twitter:label1\" content=\"Est. reading time\" \/>\n\t<meta name=\"twitter:data1\" content=\"1 minute\" \/>\n<script type=\"application\/ld+json\" class=\"yoast-schema-graph\">{\"@context\":\"https:\/\/schema.org\",\"@graph\":[{\"@type\":\"WebPage\",\"@id\":\"https:\/\/yazmed.ma\/product\/kit-catheter-de-dialyse-court-terme\/\",\"url\":\"https:\/\/yazmed.ma\/product\/kit-catheter-de-dialyse-court-terme\/\",\"name\":\"KIT CATHETER DE DIALYSE COURT TERME - YAZMED\",\"isPartOf\":{\"@id\":\"https:\/\/yazmed.ma\/#website\"},\"primaryImageOfPage\":{\"@id\":\"https:\/\/yazmed.ma\/product\/kit-catheter-de-dialyse-court-terme\/#primaryimage\"},\"image\":{\"@id\":\"https:\/\/yazmed.ma\/product\/kit-catheter-de-dialyse-court-terme\/#primaryimage\"},\"thumbnailUrl\":\"https:\/\/yazmed.ma\/wp-content\/uploads\/2025\/01\/Design-sans-titre-30.png\",\"datePublished\":\"2025-01-01T17:37:30+00:00\",\"dateModified\":\"2025-01-01T17:38:20+00:00\",\"breadcrumb\":{\"@id\":\"https:\/\/yazmed.ma\/product\/kit-catheter-de-dialyse-court-terme\/#breadcrumb\"},\"inLanguage\":\"ary\",\"potentialAction\":[{\"@type\":\"ReadAction\",\"target\":[\"https:\/\/yazmed.ma\/product\/kit-catheter-de-dialyse-court-terme\/\"]}]},{\"@type\":\"ImageObject\",\"inLanguage\":\"ary\",\"@id\":\"https:\/\/yazmed.ma\/product\/kit-catheter-de-dialyse-court-terme\/#primaryimage\",\"url\":\"https:\/\/yazmed.ma\/wp-content\/uploads\/2025\/01\/Design-sans-titre-30.png\",\"contentUrl\":\"https:\/\/yazmed.ma\/wp-content\/uploads\/2025\/01\/Design-sans-titre-30.png\",\"width\":570,\"height\":517,\"caption\":\"KIT CATHETER DE DIALYSE COURT TERME Yazmed Maroc\"},{\"@type\":\"BreadcrumbList\",\"@id\":\"https:\/\/yazmed.ma\/product\/kit-catheter-de-dialyse-court-terme\/#breadcrumb\",\"itemListElement\":[{\"@type\":\"ListItem\",\"position\":1,\"name\":\"Accueil\",\"item\":\"https:\/\/yazmed.ma\/\"},{\"@type\":\"ListItem\",\"position\":2,\"name\":\"Shop\",\"item\":\"https:\/\/yazmed.ma\/shop-2\/\"},{\"@type\":\"ListItem\",\"position\":3,\"name\":\"KIT CATHETER DE DIALYSE COURT TERME\"}]},{\"@type\":\"WebSite\",\"@id\":\"https:\/\/yazmed.ma\/#website\",\"url\":\"https:\/\/yazmed.ma\/\",\"name\":\"Yazmed\",\"description\":\"LEADER DU MAT\u00c9RIEL M\u00c9DICAL AU MAROC\",\"publisher\":{\"@id\":\"https:\/\/yazmed.ma\/#organization\"},\"potentialAction\":[{\"@type\":\"SearchAction\",\"target\":{\"@type\":\"EntryPoint\",\"urlTemplate\":\"https:\/\/yazmed.ma\/?s={search_term_string}\"},\"query-input\":{\"@type\":\"PropertyValueSpecification\",\"valueRequired\":true,\"valueName\":\"search_term_string\"}}],\"inLanguage\":\"ary\"},{\"@type\":\"Organization\",\"@id\":\"https:\/\/yazmed.ma\/#organization\",\"name\":\"Yazmed Healthcare\",\"url\":\"https:\/\/yazmed.ma\/\",\"logo\":{\"@type\":\"ImageObject\",\"inLanguage\":\"ary\",\"@id\":\"https:\/\/yazmed.ma\/#\/schema\/logo\/image\/\",\"url\":\"https:\/\/yazmed.ma\/wp-content\/uploads\/2024\/12\/3.png\",\"contentUrl\":\"https:\/\/yazmed.ma\/wp-content\/uploads\/2024\/12\/3.png\",\"width\":250,\"height\":70,\"caption\":\"Yazmed Healthcare\"},\"image\":{\"@id\":\"https:\/\/yazmed.ma\/#\/schema\/logo\/image\/\"},\"sameAs\":[\"https:\/\/www.facebook.com\/azenkouky\",\"https:\/\/www.instagram.com\/yazmedhealthcare\",\"https:\/\/www.linkedin.com\/in\/yazmed-healthcare-1b4955295\"]}]}<\/script>\n<!-- \/ Yoast SEO plugin. -->","yoast_head_json":{"title":"KIT CATHETER DE DIALYSE COURT TERME - YAZMED","robots":{"index":"index","follow":"follow","max-snippet":"max-snippet:-1","max-image-preview":"max-image-preview:large","max-video-preview":"max-video-preview:-1"},"canonical":"https:\/\/yazmed.ma\/ar\/product\/kit-catheter-de-dialyse-court-terme\/","og_locale":"ar_AR","og_type":"article","og_title":"KIT CATHETER DE DIALYSE COURT TERME - YAZMED","og_description":"LE KIT CATH\u00c9TER DE DIALYSE COURT TERME de cath\u00e9ter d\u2019h\u00e9modialyse \u00e0 usage unique COURT TERME 1220K","og_url":"https:\/\/yazmed.ma\/ar\/product\/kit-catheter-de-dialyse-court-terme\/","og_site_name":"YAZMED","article_publisher":"https:\/\/www.facebook.com\/azenkouky","article_modified_time":"2025-01-01T17:38:20+00:00","og_image":[{"width":570,"height":517,"url":"https:\/\/yazmed.ma\/wp-content\/uploads\/2025\/01\/Design-sans-titre-30.png","type":"image\/png"}],"twitter_card":"summary_large_image","twitter_misc":{"Est. reading time":"1 minute"},"schema":{"@context":"https:\/\/schema.org","@graph":[{"@type":"WebPage","@id":"https:\/\/yazmed.ma\/product\/kit-catheter-de-dialyse-court-terme\/","url":"https:\/\/yazmed.ma\/product\/kit-catheter-de-dialyse-court-terme\/","name":"KIT CATHETER DE DIALYSE COURT TERME - YAZMED","isPartOf":{"@id":"https:\/\/yazmed.ma\/#website"},"primaryImageOfPage":{"@id":"https:\/\/yazmed.ma\/product\/kit-catheter-de-dialyse-court-terme\/#primaryimage"},"image":{"@id":"https:\/\/yazmed.ma\/product\/kit-catheter-de-dialyse-court-terme\/#primaryimage"},"thumbnailUrl":"https:\/\/yazmed.ma\/wp-content\/uploads\/2025\/01\/Design-sans-titre-30.png","datePublished":"2025-01-01T17:37:30+00:00","dateModified":"2025-01-01T17:38:20+00:00","breadcrumb":{"@id":"https:\/\/yazmed.ma\/product\/kit-catheter-de-dialyse-court-terme\/#breadcrumb"},"inLanguage":"ary","potentialAction":[{"@type":"ReadAction","target":["https:\/\/yazmed.ma\/product\/kit-catheter-de-dialyse-court-terme\/"]}]},{"@type":"ImageObject","inLanguage":"ary","@id":"https:\/\/yazmed.ma\/product\/kit-catheter-de-dialyse-court-terme\/#primaryimage","url":"https:\/\/yazmed.ma\/wp-content\/uploads\/2025\/01\/Design-sans-titre-30.png","contentUrl":"https:\/\/yazmed.ma\/wp-content\/uploads\/2025\/01\/Design-sans-titre-30.png","width":570,"height":517,"caption":"KIT CATHETER DE DIALYSE COURT TERME Yazmed Maroc"},{"@type":"BreadcrumbList","@id":"https:\/\/yazmed.ma\/product\/kit-catheter-de-dialyse-court-terme\/#breadcrumb","itemListElement":[{"@type":"ListItem","position":1,"name":"Accueil","item":"https:\/\/yazmed.ma\/"},{"@type":"ListItem","position":2,"name":"Shop","item":"https:\/\/yazmed.ma\/shop-2\/"},{"@type":"ListItem","position":3,"name":"KIT CATHETER DE DIALYSE COURT TERME"}]},{"@type":"WebSite","@id":"https:\/\/yazmed.ma\/#website","url":"https:\/\/yazmed.ma\/","name":"Yazmed","description":"LEADER DU MAT\u00c9RIEL M\u00c9DICAL AU MAROC","publisher":{"@id":"https:\/\/yazmed.ma\/#organization"},"potentialAction":[{"@type":"SearchAction","target":{"@type":"EntryPoint","urlTemplate":"https:\/\/yazmed.ma\/?s={search_term_string}"},"query-input":{"@type":"PropertyValueSpecification","valueRequired":true,"valueName":"search_term_string"}}],"inLanguage":"ary"},{"@type":"Organization","@id":"https:\/\/yazmed.ma\/#organization","name":"Yazmed Healthcare","url":"https:\/\/yazmed.ma\/","logo":{"@type":"ImageObject","inLanguage":"ary","@id":"https:\/\/yazmed.ma\/#\/schema\/logo\/image\/","url":"https:\/\/yazmed.ma\/wp-content\/uploads\/2024\/12\/3.png","contentUrl":"https:\/\/yazmed.ma\/wp-content\/uploads\/2024\/12\/3.png","width":250,"height":70,"caption":"Yazmed Healthcare"},"image":{"@id":"https:\/\/yazmed.ma\/#\/schema\/logo\/image\/"},"sameAs":["https:\/\/www.facebook.com\/azenkouky","https:\/\/www.instagram.com\/yazmedhealthcare","https:\/\/www.linkedin.com\/in\/yazmed-healthcare-1b4955295"]}]}},"_links":{"self":[{"href":"https:\/\/yazmed.ma\/ar\/wp-json\/wp\/v2\/product\/1550","targetHints":{"allow":["GET"]}}],"collection":[{"href":"https:\/\/yazmed.ma\/ar\/wp-json\/wp\/v2\/product"}],"about":[{"href":"https:\/\/yazmed.ma\/ar\/wp-json\/wp\/v2\/types\/product"}],"replies":[{"embeddable":true,"href":"https:\/\/yazmed.ma\/ar\/wp-json\/wp\/v2\/comments?post=1550"}],"version-history":[{"count":0,"href":"https:\/\/yazmed.ma\/ar\/wp-json\/wp\/v2\/product\/1550\/revisions"}],"wp:featuredmedia":[{"embeddable":true,"href":"https:\/\/yazmed.ma\/ar\/wp-json\/wp\/v2\/media\/1551"}],"wp:attachment":[{"href":"https:\/\/yazmed.ma\/ar\/wp-json\/wp\/v2\/media?parent=1550"}],"wp:term":[{"taxonomy":"product_brand","embeddable":true,"href":"https:\/\/yazmed.ma\/ar\/wp-json\/wp\/v2\/product_brand?post=1550"},{"taxonomy":"product_cat","embeddable":true,"href":"https:\/\/yazmed.ma\/ar\/wp-json\/wp\/v2\/product_cat?post=1550"},{"taxonomy":"product_tag","embeddable":true,"href":"https:\/\/yazmed.ma\/ar\/wp-json\/wp\/v2\/product_tag?post=1550"}],"curies":[{"name":"wp","href":"https:\/\/api.w.org\/{rel}","templated":true}]}}