{"id":1523,"date":"2025-01-01T16:25:36","date_gmt":"2025-01-01T16:25:36","guid":{"rendered":"https:\/\/yazmed.ma\/?post_type=product&#038;p=1523"},"modified":"2025-12-21T17:19:03","modified_gmt":"2025-12-21T17:19:03","slug":"laryngoscope-4-lame","status":"publish","type":"product","link":"https:\/\/yazmed.ma\/ar\/product\/laryngoscope-4-lame\/","title":{"rendered":"LARYNGOSCOPE 4 LAME"},"content":{"rendered":"<p><img decoding=\"async\" class=\"emoji\" role=\"img\" draggable=\"false\" src=\"https:\/\/s.w.org\/images\/core\/emoji\/16.0.1\/svg\/2705.svg\" alt=\"\u2705\" \/>Composition<br \/>\n<img decoding=\"async\" class=\"emoji\" role=\"img\" draggable=\"false\" src=\"https:\/\/s.w.org\/images\/core\/emoji\/16.0.1\/svg\/2705.svg\" alt=\"\u2705\" \/>Une poign\u00e9e standard moyenne, longueur: 15 cm, poids 170g.<br \/>\n<img decoding=\"async\" class=\"emoji\" role=\"img\" draggable=\"false\" src=\"https:\/\/s.w.org\/images\/core\/emoji\/16.0.1\/svg\/2705.svg\" alt=\"\u2705\" \/>Lames Macintosh\u00a0 de diff\u00e9rentes tailles.<br \/>\n<img decoding=\"async\" class=\"emoji\" role=\"img\" draggable=\"false\" src=\"https:\/\/s.w.org\/images\/core\/emoji\/16.0.1\/svg\/2705.svg\" alt=\"\u2705\" \/>Bo\u00eete de protection<\/p>\n<p><img decoding=\"async\" class=\"\" src=\"https:\/\/eclazon.ma\/wp-content\/uploads\/2024\/07\/optimum-pro-logo-200x100.jpg\" width=\"102\" height=\"51\" \/><\/p>","protected":false},"excerpt":{"rendered":"<h5>LARYNGOSCOPE QUATRE LAMES AVEC MACINTOCHE<\/h5>\n<p>Le laryngoscope est un instrument utilis\u00e9 pour examiner le larynx et l&rsquo;<a title=\"Intubation trach\u00e9ale\" href=\"https:\/\/fr.wikipedia.org\/wiki\/Intubation_trach%C3%A9ale\">intubation trach\u00e9ale<\/a><\/p>\n<p>sont utilis\u00e9es comme outil principal pour l\u2019examen de l\u2019int\u00e9rieur du larynx et pour la mise en place d\u2019un tube endotrach\u00e9ale.<br \/>\nLe Macintosh est le mod\u00e8le pr\u00e9dominant. Au cours de la laryngoscopie, la pointe ou le bec de la lame entre en contacte avec l\u2019angle form\u00e9 par la base de la langue et l\u2019\u00e9piglotte, ce qui soul\u00e8ve indirectement l\u2019\u00e9piglotte.<\/p>\n<p><img decoding=\"async\" class=\"\" src=\"https:\/\/eclazon.ma\/wp-content\/uploads\/2024\/07\/optimum-pro-logo-200x100.jpg\" width=\"102\" height=\"51\" \/><\/p>","protected":false},"featured_media":3004,"comment_status":"open","ping_status":"closed","template":"","meta":[],"product_brand":[],"product_cat":[51],"product_tag":[271],"class_list":{"0":"post-1523","1":"product","2":"type-product","3":"status-publish","4":"has-post-thumbnail","6":"product_cat-bloc-et-reanimation","7":"product_tag-laryngoscope","9":"first","10":"instock","11":"taxable","12":"shipping-taxable","13":"purchasable","14":"product-type-simple"},"yoast_head":"<!-- This site is optimized with the Yoast SEO plugin v26.9 - https:\/\/yoast.com\/product\/yoast-seo-wordpress\/ -->\n<title>LARYNGOSCOPE 4 LAME - YAZMED<\/title>\n<meta name=\"robots\" content=\"index, follow, max-snippet:-1, max-image-preview:large, max-video-preview:-1\" \/>\n<link rel=\"canonical\" href=\"https:\/\/yazmed.ma\/ar\/product\/laryngoscope-avec-quatre-lames-mcintosh\/\" \/>\n<meta property=\"og:locale\" content=\"ar_AR\" \/>\n<meta property=\"og:type\" content=\"article\" \/>\n<meta property=\"og:title\" content=\"LARYNGOSCOPE 4 LAME - YAZMED\" \/>\n<meta property=\"og:description\" content=\"LARYNGOSCOPE QUATRE LAMES AVEC MACINTOCHE Le laryngoscope est un instrument utilis\u00e9 pour examiner le larynx et l&#039;intubation trach\u00e9ale  sont utilis\u00e9es comme outil principal pour l\u2019examen de l\u2019int\u00e9rieur du larynx et pour la mise en place d\u2019un tube endotrach\u00e9ale. Le Macintosh est le mod\u00e8le pr\u00e9dominant. Au cours de la laryngoscopie, la pointe ou le bec de la lame entre en contacte avec l\u2019angle form\u00e9 par la base de la langue et l\u2019\u00e9piglotte, ce qui soul\u00e8ve indirectement l\u2019\u00e9piglotte.\" \/>\n<meta property=\"og:url\" content=\"https:\/\/yazmed.ma\/ar\/product\/laryngoscope-avec-quatre-lames-mcintosh\/\" \/>\n<meta property=\"og:site_name\" content=\"YAZMED\" \/>\n<meta property=\"article:publisher\" content=\"https:\/\/www.facebook.com\/azenkouky\" \/>\n<meta property=\"article:modified_time\" content=\"2025-12-21T17:19:03+00:00\" \/>\n<meta property=\"og:image\" content=\"https:\/\/yazmed.ma\/wp-content\/uploads\/2025\/01\/LARYNGOSCOPE-AVEC-QUATRE-LAMES-MC-INTOSH_LARYNGOSCOPE_213_1.jpeg\" \/>\n\t<meta property=\"og:image:width\" content=\"900\" \/>\n\t<meta property=\"og:image:height\" content=\"900\" \/>\n\t<meta property=\"og:image:type\" content=\"image\/jpeg\" \/>\n<meta name=\"twitter:card\" content=\"summary_large_image\" \/>\n<meta name=\"twitter:label1\" content=\"Est. reading time\" \/>\n\t<meta name=\"twitter:data1\" content=\"1 minute\" \/>\n<script type=\"application\/ld+json\" class=\"yoast-schema-graph\">{\"@context\":\"https:\/\/schema.org\",\"@graph\":[{\"@type\":\"WebPage\",\"@id\":\"https:\/\/yazmed.ma\/product\/laryngoscope-avec-quatre-lames-mcintosh\/\",\"url\":\"https:\/\/yazmed.ma\/product\/laryngoscope-avec-quatre-lames-mcintosh\/\",\"name\":\"LARYNGOSCOPE 4 LAME - YAZMED\",\"isPartOf\":{\"@id\":\"https:\/\/yazmed.ma\/#website\"},\"primaryImageOfPage\":{\"@id\":\"https:\/\/yazmed.ma\/product\/laryngoscope-avec-quatre-lames-mcintosh\/#primaryimage\"},\"image\":{\"@id\":\"https:\/\/yazmed.ma\/product\/laryngoscope-avec-quatre-lames-mcintosh\/#primaryimage\"},\"thumbnailUrl\":\"https:\/\/yazmed.ma\/wp-content\/uploads\/2025\/01\/LARYNGOSCOPE-MCINTOSH-4.webp\",\"datePublished\":\"2025-01-01T16:25:36+00:00\",\"dateModified\":\"2025-12-21T17:19:03+00:00\",\"breadcrumb\":{\"@id\":\"https:\/\/yazmed.ma\/product\/laryngoscope-avec-quatre-lames-mcintosh\/#breadcrumb\"},\"inLanguage\":\"ary\",\"potentialAction\":[{\"@type\":\"ReadAction\",\"target\":[\"https:\/\/yazmed.ma\/product\/laryngoscope-avec-quatre-lames-mcintosh\/\"]}]},{\"@type\":\"ImageObject\",\"inLanguage\":\"ary\",\"@id\":\"https:\/\/yazmed.ma\/product\/laryngoscope-avec-quatre-lames-mcintosh\/#primaryimage\",\"url\":\"https:\/\/yazmed.ma\/wp-content\/uploads\/2025\/01\/LARYNGOSCOPE-MCINTOSH-4.webp\",\"contentUrl\":\"https:\/\/yazmed.ma\/wp-content\/uploads\/2025\/01\/LARYNGOSCOPE-MCINTOSH-4.webp\",\"width\":300,\"height\":300,\"caption\":\"LARYNGOSCOPE MCINTOSH\"},{\"@type\":\"BreadcrumbList\",\"@id\":\"https:\/\/yazmed.ma\/product\/laryngoscope-avec-quatre-lames-mcintosh\/#breadcrumb\",\"itemListElement\":[{\"@type\":\"ListItem\",\"position\":1,\"name\":\"Accueil\",\"item\":\"https:\/\/yazmed.ma\/\"},{\"@type\":\"ListItem\",\"position\":2,\"name\":\"Shop\",\"item\":\"https:\/\/yazmed.ma\/shop-2\/\"},{\"@type\":\"ListItem\",\"position\":3,\"name\":\"LARYNGOSCOPE QUATRE LAMES\"}]},{\"@type\":\"WebSite\",\"@id\":\"https:\/\/yazmed.ma\/#website\",\"url\":\"https:\/\/yazmed.ma\/\",\"name\":\"Yazmed\",\"description\":\"LEADER DU MAT\u00c9RIEL M\u00c9DICAL AU MAROC\",\"publisher\":{\"@id\":\"https:\/\/yazmed.ma\/#organization\"},\"potentialAction\":[{\"@type\":\"SearchAction\",\"target\":{\"@type\":\"EntryPoint\",\"urlTemplate\":\"https:\/\/yazmed.ma\/?s={search_term_string}\"},\"query-input\":{\"@type\":\"PropertyValueSpecification\",\"valueRequired\":true,\"valueName\":\"search_term_string\"}}],\"inLanguage\":\"ary\"},{\"@type\":\"Organization\",\"@id\":\"https:\/\/yazmed.ma\/#organization\",\"name\":\"Yazmed Healthcare\",\"url\":\"https:\/\/yazmed.ma\/\",\"logo\":{\"@type\":\"ImageObject\",\"inLanguage\":\"ary\",\"@id\":\"https:\/\/yazmed.ma\/#\/schema\/logo\/image\/\",\"url\":\"https:\/\/yazmed.ma\/wp-content\/uploads\/2024\/12\/3.png\",\"contentUrl\":\"https:\/\/yazmed.ma\/wp-content\/uploads\/2024\/12\/3.png\",\"width\":250,\"height\":70,\"caption\":\"Yazmed Healthcare\"},\"image\":{\"@id\":\"https:\/\/yazmed.ma\/#\/schema\/logo\/image\/\"},\"sameAs\":[\"https:\/\/www.facebook.com\/azenkouky\",\"https:\/\/www.instagram.com\/yazmedhealthcare\",\"https:\/\/www.linkedin.com\/in\/yazmed-healthcare-1b4955295\"]}]}<\/script>\n<!-- \/ Yoast SEO plugin. -->","yoast_head_json":{"title":"LARYNGOSCOPE 4 LAME - YAZMED","robots":{"index":"index","follow":"follow","max-snippet":"max-snippet:-1","max-image-preview":"max-image-preview:large","max-video-preview":"max-video-preview:-1"},"canonical":"https:\/\/yazmed.ma\/ar\/product\/laryngoscope-avec-quatre-lames-mcintosh\/","og_locale":"ar_AR","og_type":"article","og_title":"LARYNGOSCOPE 4 LAME - YAZMED","og_description":"LARYNGOSCOPE QUATRE LAMES AVEC MACINTOCHE Le laryngoscope est un instrument utilis\u00e9 pour examiner le larynx et l'intubation trach\u00e9ale  sont utilis\u00e9es comme outil principal pour l\u2019examen de l\u2019int\u00e9rieur du larynx et pour la mise en place d\u2019un tube endotrach\u00e9ale. Le Macintosh est le mod\u00e8le pr\u00e9dominant. Au cours de la laryngoscopie, la pointe ou le bec de la lame entre en contacte avec l\u2019angle form\u00e9 par la base de la langue et l\u2019\u00e9piglotte, ce qui soul\u00e8ve indirectement l\u2019\u00e9piglotte.","og_url":"https:\/\/yazmed.ma\/ar\/product\/laryngoscope-avec-quatre-lames-mcintosh\/","og_site_name":"YAZMED","article_publisher":"https:\/\/www.facebook.com\/azenkouky","article_modified_time":"2025-12-21T17:19:03+00:00","og_image":[{"width":900,"height":900,"url":"https:\/\/yazmed.ma\/wp-content\/uploads\/2025\/01\/LARYNGOSCOPE-AVEC-QUATRE-LAMES-MC-INTOSH_LARYNGOSCOPE_213_1.jpeg","type":"image\/jpeg"}],"twitter_card":"summary_large_image","twitter_misc":{"Est. reading time":"1 minute"},"schema":{"@context":"https:\/\/schema.org","@graph":[{"@type":"WebPage","@id":"https:\/\/yazmed.ma\/product\/laryngoscope-avec-quatre-lames-mcintosh\/","url":"https:\/\/yazmed.ma\/product\/laryngoscope-avec-quatre-lames-mcintosh\/","name":"LARYNGOSCOPE 4 LAME - YAZMED","isPartOf":{"@id":"https:\/\/yazmed.ma\/#website"},"primaryImageOfPage":{"@id":"https:\/\/yazmed.ma\/product\/laryngoscope-avec-quatre-lames-mcintosh\/#primaryimage"},"image":{"@id":"https:\/\/yazmed.ma\/product\/laryngoscope-avec-quatre-lames-mcintosh\/#primaryimage"},"thumbnailUrl":"https:\/\/yazmed.ma\/wp-content\/uploads\/2025\/01\/LARYNGOSCOPE-MCINTOSH-4.webp","datePublished":"2025-01-01T16:25:36+00:00","dateModified":"2025-12-21T17:19:03+00:00","breadcrumb":{"@id":"https:\/\/yazmed.ma\/product\/laryngoscope-avec-quatre-lames-mcintosh\/#breadcrumb"},"inLanguage":"ary","potentialAction":[{"@type":"ReadAction","target":["https:\/\/yazmed.ma\/product\/laryngoscope-avec-quatre-lames-mcintosh\/"]}]},{"@type":"ImageObject","inLanguage":"ary","@id":"https:\/\/yazmed.ma\/product\/laryngoscope-avec-quatre-lames-mcintosh\/#primaryimage","url":"https:\/\/yazmed.ma\/wp-content\/uploads\/2025\/01\/LARYNGOSCOPE-MCINTOSH-4.webp","contentUrl":"https:\/\/yazmed.ma\/wp-content\/uploads\/2025\/01\/LARYNGOSCOPE-MCINTOSH-4.webp","width":300,"height":300,"caption":"LARYNGOSCOPE MCINTOSH"},{"@type":"BreadcrumbList","@id":"https:\/\/yazmed.ma\/product\/laryngoscope-avec-quatre-lames-mcintosh\/#breadcrumb","itemListElement":[{"@type":"ListItem","position":1,"name":"Accueil","item":"https:\/\/yazmed.ma\/"},{"@type":"ListItem","position":2,"name":"Shop","item":"https:\/\/yazmed.ma\/shop-2\/"},{"@type":"ListItem","position":3,"name":"LARYNGOSCOPE QUATRE LAMES"}]},{"@type":"WebSite","@id":"https:\/\/yazmed.ma\/#website","url":"https:\/\/yazmed.ma\/","name":"Yazmed","description":"LEADER DU MAT\u00c9RIEL M\u00c9DICAL AU MAROC","publisher":{"@id":"https:\/\/yazmed.ma\/#organization"},"potentialAction":[{"@type":"SearchAction","target":{"@type":"EntryPoint","urlTemplate":"https:\/\/yazmed.ma\/?s={search_term_string}"},"query-input":{"@type":"PropertyValueSpecification","valueRequired":true,"valueName":"search_term_string"}}],"inLanguage":"ary"},{"@type":"Organization","@id":"https:\/\/yazmed.ma\/#organization","name":"Yazmed Healthcare","url":"https:\/\/yazmed.ma\/","logo":{"@type":"ImageObject","inLanguage":"ary","@id":"https:\/\/yazmed.ma\/#\/schema\/logo\/image\/","url":"https:\/\/yazmed.ma\/wp-content\/uploads\/2024\/12\/3.png","contentUrl":"https:\/\/yazmed.ma\/wp-content\/uploads\/2024\/12\/3.png","width":250,"height":70,"caption":"Yazmed Healthcare"},"image":{"@id":"https:\/\/yazmed.ma\/#\/schema\/logo\/image\/"},"sameAs":["https:\/\/www.facebook.com\/azenkouky","https:\/\/www.instagram.com\/yazmedhealthcare","https:\/\/www.linkedin.com\/in\/yazmed-healthcare-1b4955295"]}]}},"_links":{"self":[{"href":"https:\/\/yazmed.ma\/ar\/wp-json\/wp\/v2\/product\/1523","targetHints":{"allow":["GET"]}}],"collection":[{"href":"https:\/\/yazmed.ma\/ar\/wp-json\/wp\/v2\/product"}],"about":[{"href":"https:\/\/yazmed.ma\/ar\/wp-json\/wp\/v2\/types\/product"}],"replies":[{"embeddable":true,"href":"https:\/\/yazmed.ma\/ar\/wp-json\/wp\/v2\/comments?post=1523"}],"version-history":[{"count":1,"href":"https:\/\/yazmed.ma\/ar\/wp-json\/wp\/v2\/product\/1523\/revisions"}],"predecessor-version":[{"id":3005,"href":"https:\/\/yazmed.ma\/ar\/wp-json\/wp\/v2\/product\/1523\/revisions\/3005"}],"wp:featuredmedia":[{"embeddable":true,"href":"https:\/\/yazmed.ma\/ar\/wp-json\/wp\/v2\/media\/3004"}],"wp:attachment":[{"href":"https:\/\/yazmed.ma\/ar\/wp-json\/wp\/v2\/media?parent=1523"}],"wp:term":[{"taxonomy":"product_brand","embeddable":true,"href":"https:\/\/yazmed.ma\/ar\/wp-json\/wp\/v2\/product_brand?post=1523"},{"taxonomy":"product_cat","embeddable":true,"href":"https:\/\/yazmed.ma\/ar\/wp-json\/wp\/v2\/product_cat?post=1523"},{"taxonomy":"product_tag","embeddable":true,"href":"https:\/\/yazmed.ma\/ar\/wp-json\/wp\/v2\/product_tag?post=1523"}],"curies":[{"name":"wp","href":"https:\/\/api.w.org\/{rel}","templated":true}]}}