{"id":1509,"date":"2024-12-25T19:02:55","date_gmt":"2024-12-25T19:02:55","guid":{"rendered":"https:\/\/yazmed.ma\/?post_type=product&#038;p=1509"},"modified":"2026-02-26T16:16:52","modified_gmt":"2026-02-26T16:16:52","slug":"table-dexamen-electrique-2-plans","status":"publish","type":"product","link":"https:\/\/yazmed.ma\/ar\/product\/table-dexamen-electrique-2-plans\/","title":{"rendered":"Table d\u2019examen \u00e9lectrique"},"content":{"rendered":"<h4>Le<strong>\u00a0divan m\u00e9dical Mobercas CE-2127 :<\/strong><\/h4>\n<p>Fournissant des fonctionnalit\u00e9s tr\u00e8s appr\u00e9ciables \u00e0 un prix tr\u00e8s raisonnable ce mod\u00e8le \u00e9lectrique, \u00e0 brancher \u00e0 une prise secteur, est un outil standard indispensable pour tout praticien g\u00e9n\u00e9raliste.<\/p>\n<p>La table d\u2019examen Mobercas \u00e9lectrique CE-2127 repose sur un socle sobre avec des bras \u00e0 bascule. Lors du mouvement d\u2019\u00e9l\u00e9vation ou d\u2019abaissement de la hauteur du plan horizontal, ce m\u00e9canisme engendre un l\u00e9ger d\u00e9port, c\u2019est la raison pour laquelle nous vous conseillons de ne pas accoler les extr\u00e9mit\u00e9s de votre divan de consultation (cot\u00e9 pied ou cot\u00e9 t\u00eate) \u00e0 proximit\u00e9 directe d\u2019un mur ou d\u2019un autre meuble, car il convient de laisser l\u2019espace environnant libre pour le mouvement de la structure.<\/p>\n<p>Avec ses deux plans et sa sellerie confortable le divan m\u00e9dical Mobercas CE-2127 est un mobilier neutre qui peut r\u00e9pondre aux probl\u00e9matiques de plusieurs disciplines m\u00e9dicales. Pour le rendre plus adapt\u00e9 \u00e0 votre profession, rien de plus simple, il vous suffit d\u2019acqu\u00e9rir des accessoires optionnels comme par exemple des repose-bras ou encore des \u00e9triers de gyn\u00e9cologie.<\/p>\n<p><strong>Sp\u00e9cifit\u00e9s :<\/strong><\/p>\n<ul>\n<li>Syst\u00e8me de r\u00e9glage de hauteur par commande manuelle avec moteur.<\/li>\n<li>Avec d\u00e9port lors de la variation de la haute<\/li>\n<\/ul>","protected":false},"excerpt":{"rendered":"<div class=\"page-title-wrapper product\">\n<h1 class=\"page-title\"><span class=\"base\" data-ui-id=\"page-title-wrapper\">Table d\u2019examen \u00e9lectrique 2 plans<\/span><\/h1>\n<h1 class=\"page-title\"><strong style=\"font-size: 16px;\">plans<\/strong><span style=\"font-size: 16px;\">\u00a0avec porte rouleaux et bouchon facial.<\/span><\/h1>\n<\/div>\n<div class=\"product attribute overview\">\n<div class=\"value\">\n<p>&#8211; R\u00e9glage de la hauteur \u00e9lectrique avec commande manuelle.<br \/>\n&#8211; Dossier pro\/d\u00e9clive r\u00e9glable manuellement.<br \/>\n&#8211; Dossier avec trou visage.<br \/>\n&#8211; Matelas mousse standard\u00a0<strong>5 cm +1cm\u00a0<\/strong>et densite\u00a0<strong>30kg\/m3.<\/strong><br \/>\n&#8211; Porte-rouleaux.<br \/>\n&#8211; Ch\u00e2ssis m\u00e9cano soud\u00e9 en acier, finition peinture poudre \u00e9poxy,cuite au four \u00e0\u00a0<strong>210O.<\/strong><br \/>\nD\u00e9tails simili cuir :<br \/>\n&#8211; Protection antimicrobienne.<br \/>\n&#8211; Protection antibact\u00e9rienne.<br \/>\n&#8211; Protection antifongique.<br \/>\n&#8211; Haute r\u00e9sistance \u00e0 l\u2019abrasion<\/p>\n<\/div>\n<\/div>\n<p><img decoding=\"async\" class=\"\" src=\"https:\/\/yazmed.ma\/wp-content\/uploads\/2024\/12\/telechargement-1.jpg\" width=\"245\" height=\"84\" \/><\/p>\n<p>MADE IN ESPAGNE<\/p>","protected":false},"featured_media":1872,"comment_status":"open","ping_status":"closed","template":"","meta":[],"product_brand":[],"product_cat":[54],"product_tag":[],"class_list":{"0":"post-1509","1":"product","2":"type-product","3":"status-publish","4":"has-post-thumbnail","6":"product_cat-mobilier-medical","8":"first","9":"instock","10":"taxable","11":"shipping-taxable","12":"product-type-simple"},"yoast_head":"<!-- This site is optimized with the Yoast SEO plugin v26.9 - https:\/\/yoast.com\/product\/yoast-seo-wordpress\/ -->\n<title>Table d\u2019examen \u00e9lectrique - YAZMED<\/title>\n<meta name=\"robots\" content=\"index, follow, max-snippet:-1, max-image-preview:large, max-video-preview:-1\" \/>\n<link rel=\"canonical\" href=\"https:\/\/yazmed.ma\/ar\/product\/table-dexamen-electrique-2-plans\/\" \/>\n<meta property=\"og:locale\" content=\"ar_AR\" \/>\n<meta property=\"og:type\" content=\"article\" \/>\n<meta property=\"og:title\" content=\"Table d\u2019examen \u00e9lectrique - YAZMED\" \/>\n<meta property=\"og:description\" content=\"Table d\u2019examen \u00e9lectrique 2 plans plans\u00a0avec porte rouleaux et bouchon facial.     - R\u00e9glage de la hauteur \u00e9lectrique avec commande manuelle. - Dossier pro\/d\u00e9clive r\u00e9glable manuellement. - Dossier avec trou visage. - Matelas mousse standard\u00a05 cm +1cm\u00a0et densite\u00a030kg\/m3. - Porte-rouleaux. - Ch\u00e2ssis m\u00e9cano soud\u00e9 en acier, finition peinture poudre \u00e9poxy,cuite au four \u00e0\u00a0210O. D\u00e9tails simili cuir : - Protection antimicrobienne. - Protection antibact\u00e9rienne. - Protection antifongique. - Haute r\u00e9sistance \u00e0 l\u2019abrasion      MADE IN ESPAGNE\" \/>\n<meta property=\"og:url\" content=\"https:\/\/yazmed.ma\/ar\/product\/table-dexamen-electrique-2-plans\/\" \/>\n<meta property=\"og:site_name\" content=\"YAZMED\" \/>\n<meta property=\"article:publisher\" content=\"https:\/\/www.facebook.com\/azenkouky\" \/>\n<meta property=\"article:modified_time\" content=\"2026-02-26T16:16:52+00:00\" \/>\n<meta property=\"og:image\" content=\"https:\/\/yazmed.ma\/wp-content\/uploads\/2024\/12\/Design-sans-titre-49.png\" \/>\n\t<meta property=\"og:image:width\" content=\"570\" \/>\n\t<meta property=\"og:image:height\" content=\"517\" \/>\n\t<meta property=\"og:image:type\" content=\"image\/png\" \/>\n<meta name=\"twitter:card\" content=\"summary_large_image\" \/>\n<meta name=\"twitter:label1\" content=\"Est. reading time\" \/>\n\t<meta name=\"twitter:data1\" content=\"2 minutes\" \/>\n<script type=\"application\/ld+json\" class=\"yoast-schema-graph\">{\"@context\":\"https:\/\/schema.org\",\"@graph\":[{\"@type\":\"WebPage\",\"@id\":\"https:\/\/yazmed.ma\/product\/table-dexamen-electrique-2-plans\/\",\"url\":\"https:\/\/yazmed.ma\/product\/table-dexamen-electrique-2-plans\/\",\"name\":\"Table d\u2019examen \u00e9lectrique - YAZMED\",\"isPartOf\":{\"@id\":\"https:\/\/yazmed.ma\/#website\"},\"primaryImageOfPage\":{\"@id\":\"https:\/\/yazmed.ma\/product\/table-dexamen-electrique-2-plans\/#primaryimage\"},\"image\":{\"@id\":\"https:\/\/yazmed.ma\/product\/table-dexamen-electrique-2-plans\/#primaryimage\"},\"thumbnailUrl\":\"https:\/\/yazmed.ma\/wp-content\/uploads\/2024\/12\/Design-sans-titre-49.png\",\"datePublished\":\"2024-12-25T19:02:55+00:00\",\"dateModified\":\"2026-02-26T16:16:52+00:00\",\"breadcrumb\":{\"@id\":\"https:\/\/yazmed.ma\/product\/table-dexamen-electrique-2-plans\/#breadcrumb\"},\"inLanguage\":\"ary\",\"potentialAction\":[{\"@type\":\"ReadAction\",\"target\":[\"https:\/\/yazmed.ma\/product\/table-dexamen-electrique-2-plans\/\"]}]},{\"@type\":\"ImageObject\",\"inLanguage\":\"ary\",\"@id\":\"https:\/\/yazmed.ma\/product\/table-dexamen-electrique-2-plans\/#primaryimage\",\"url\":\"https:\/\/yazmed.ma\/wp-content\/uploads\/2024\/12\/Design-sans-titre-49.png\",\"contentUrl\":\"https:\/\/yazmed.ma\/wp-content\/uploads\/2024\/12\/Design-sans-titre-49.png\",\"width\":570,\"height\":517,\"caption\":\"Table d\u2019examen \u00e9lectrique Yazmed Maroc\"},{\"@type\":\"BreadcrumbList\",\"@id\":\"https:\/\/yazmed.ma\/product\/table-dexamen-electrique-2-plans\/#breadcrumb\",\"itemListElement\":[{\"@type\":\"ListItem\",\"position\":1,\"name\":\"Accueil\",\"item\":\"https:\/\/yazmed.ma\/\"},{\"@type\":\"ListItem\",\"position\":2,\"name\":\"Shop\",\"item\":\"https:\/\/yazmed.ma\/shop-2\/\"},{\"@type\":\"ListItem\",\"position\":3,\"name\":\"Table d\u2019examen \u00e9lectrique\"}]},{\"@type\":\"WebSite\",\"@id\":\"https:\/\/yazmed.ma\/#website\",\"url\":\"https:\/\/yazmed.ma\/\",\"name\":\"Yazmed\",\"description\":\"LEADER DU MAT\u00c9RIEL M\u00c9DICAL AU MAROC\",\"publisher\":{\"@id\":\"https:\/\/yazmed.ma\/#organization\"},\"potentialAction\":[{\"@type\":\"SearchAction\",\"target\":{\"@type\":\"EntryPoint\",\"urlTemplate\":\"https:\/\/yazmed.ma\/?s={search_term_string}\"},\"query-input\":{\"@type\":\"PropertyValueSpecification\",\"valueRequired\":true,\"valueName\":\"search_term_string\"}}],\"inLanguage\":\"ary\"},{\"@type\":\"Organization\",\"@id\":\"https:\/\/yazmed.ma\/#organization\",\"name\":\"Yazmed Healthcare\",\"url\":\"https:\/\/yazmed.ma\/\",\"logo\":{\"@type\":\"ImageObject\",\"inLanguage\":\"ary\",\"@id\":\"https:\/\/yazmed.ma\/#\/schema\/logo\/image\/\",\"url\":\"https:\/\/yazmed.ma\/wp-content\/uploads\/2024\/12\/3.png\",\"contentUrl\":\"https:\/\/yazmed.ma\/wp-content\/uploads\/2024\/12\/3.png\",\"width\":250,\"height\":70,\"caption\":\"Yazmed Healthcare\"},\"image\":{\"@id\":\"https:\/\/yazmed.ma\/#\/schema\/logo\/image\/\"},\"sameAs\":[\"https:\/\/www.facebook.com\/azenkouky\",\"https:\/\/www.instagram.com\/yazmedhealthcare\",\"https:\/\/www.linkedin.com\/in\/yazmed-healthcare-1b4955295\"]}]}<\/script>\n<!-- \/ Yoast SEO plugin. -->","yoast_head_json":{"title":"Table d\u2019examen \u00e9lectrique - YAZMED","robots":{"index":"index","follow":"follow","max-snippet":"max-snippet:-1","max-image-preview":"max-image-preview:large","max-video-preview":"max-video-preview:-1"},"canonical":"https:\/\/yazmed.ma\/ar\/product\/table-dexamen-electrique-2-plans\/","og_locale":"ar_AR","og_type":"article","og_title":"Table d\u2019examen \u00e9lectrique - YAZMED","og_description":"Table d\u2019examen \u00e9lectrique 2 plans plans\u00a0avec porte rouleaux et bouchon facial.     - R\u00e9glage de la hauteur \u00e9lectrique avec commande manuelle. - Dossier pro\/d\u00e9clive r\u00e9glable manuellement. - Dossier avec trou visage. - Matelas mousse standard\u00a05 cm +1cm\u00a0et densite\u00a030kg\/m3. - Porte-rouleaux. - Ch\u00e2ssis m\u00e9cano soud\u00e9 en acier, finition peinture poudre \u00e9poxy,cuite au four \u00e0\u00a0210O. D\u00e9tails simili cuir : - Protection antimicrobienne. - Protection antibact\u00e9rienne. - Protection antifongique. - Haute r\u00e9sistance \u00e0 l\u2019abrasion      MADE IN ESPAGNE","og_url":"https:\/\/yazmed.ma\/ar\/product\/table-dexamen-electrique-2-plans\/","og_site_name":"YAZMED","article_publisher":"https:\/\/www.facebook.com\/azenkouky","article_modified_time":"2026-02-26T16:16:52+00:00","og_image":[{"width":570,"height":517,"url":"https:\/\/yazmed.ma\/wp-content\/uploads\/2024\/12\/Design-sans-titre-49.png","type":"image\/png"}],"twitter_card":"summary_large_image","twitter_misc":{"Est. reading time":"2 minutes"},"schema":{"@context":"https:\/\/schema.org","@graph":[{"@type":"WebPage","@id":"https:\/\/yazmed.ma\/product\/table-dexamen-electrique-2-plans\/","url":"https:\/\/yazmed.ma\/product\/table-dexamen-electrique-2-plans\/","name":"Table d\u2019examen \u00e9lectrique - YAZMED","isPartOf":{"@id":"https:\/\/yazmed.ma\/#website"},"primaryImageOfPage":{"@id":"https:\/\/yazmed.ma\/product\/table-dexamen-electrique-2-plans\/#primaryimage"},"image":{"@id":"https:\/\/yazmed.ma\/product\/table-dexamen-electrique-2-plans\/#primaryimage"},"thumbnailUrl":"https:\/\/yazmed.ma\/wp-content\/uploads\/2024\/12\/Design-sans-titre-49.png","datePublished":"2024-12-25T19:02:55+00:00","dateModified":"2026-02-26T16:16:52+00:00","breadcrumb":{"@id":"https:\/\/yazmed.ma\/product\/table-dexamen-electrique-2-plans\/#breadcrumb"},"inLanguage":"ary","potentialAction":[{"@type":"ReadAction","target":["https:\/\/yazmed.ma\/product\/table-dexamen-electrique-2-plans\/"]}]},{"@type":"ImageObject","inLanguage":"ary","@id":"https:\/\/yazmed.ma\/product\/table-dexamen-electrique-2-plans\/#primaryimage","url":"https:\/\/yazmed.ma\/wp-content\/uploads\/2024\/12\/Design-sans-titre-49.png","contentUrl":"https:\/\/yazmed.ma\/wp-content\/uploads\/2024\/12\/Design-sans-titre-49.png","width":570,"height":517,"caption":"Table d\u2019examen \u00e9lectrique Yazmed Maroc"},{"@type":"BreadcrumbList","@id":"https:\/\/yazmed.ma\/product\/table-dexamen-electrique-2-plans\/#breadcrumb","itemListElement":[{"@type":"ListItem","position":1,"name":"Accueil","item":"https:\/\/yazmed.ma\/"},{"@type":"ListItem","position":2,"name":"Shop","item":"https:\/\/yazmed.ma\/shop-2\/"},{"@type":"ListItem","position":3,"name":"Table d\u2019examen \u00e9lectrique"}]},{"@type":"WebSite","@id":"https:\/\/yazmed.ma\/#website","url":"https:\/\/yazmed.ma\/","name":"Yazmed","description":"LEADER DU MAT\u00c9RIEL M\u00c9DICAL AU MAROC","publisher":{"@id":"https:\/\/yazmed.ma\/#organization"},"potentialAction":[{"@type":"SearchAction","target":{"@type":"EntryPoint","urlTemplate":"https:\/\/yazmed.ma\/?s={search_term_string}"},"query-input":{"@type":"PropertyValueSpecification","valueRequired":true,"valueName":"search_term_string"}}],"inLanguage":"ary"},{"@type":"Organization","@id":"https:\/\/yazmed.ma\/#organization","name":"Yazmed Healthcare","url":"https:\/\/yazmed.ma\/","logo":{"@type":"ImageObject","inLanguage":"ary","@id":"https:\/\/yazmed.ma\/#\/schema\/logo\/image\/","url":"https:\/\/yazmed.ma\/wp-content\/uploads\/2024\/12\/3.png","contentUrl":"https:\/\/yazmed.ma\/wp-content\/uploads\/2024\/12\/3.png","width":250,"height":70,"caption":"Yazmed Healthcare"},"image":{"@id":"https:\/\/yazmed.ma\/#\/schema\/logo\/image\/"},"sameAs":["https:\/\/www.facebook.com\/azenkouky","https:\/\/www.instagram.com\/yazmedhealthcare","https:\/\/www.linkedin.com\/in\/yazmed-healthcare-1b4955295"]}]}},"_links":{"self":[{"href":"https:\/\/yazmed.ma\/ar\/wp-json\/wp\/v2\/product\/1509","targetHints":{"allow":["GET"]}}],"collection":[{"href":"https:\/\/yazmed.ma\/ar\/wp-json\/wp\/v2\/product"}],"about":[{"href":"https:\/\/yazmed.ma\/ar\/wp-json\/wp\/v2\/types\/product"}],"replies":[{"embeddable":true,"href":"https:\/\/yazmed.ma\/ar\/wp-json\/wp\/v2\/comments?post=1509"}],"version-history":[{"count":0,"href":"https:\/\/yazmed.ma\/ar\/wp-json\/wp\/v2\/product\/1509\/revisions"}],"wp:featuredmedia":[{"embeddable":true,"href":"https:\/\/yazmed.ma\/ar\/wp-json\/wp\/v2\/media\/1872"}],"wp:attachment":[{"href":"https:\/\/yazmed.ma\/ar\/wp-json\/wp\/v2\/media?parent=1509"}],"wp:term":[{"taxonomy":"product_brand","embeddable":true,"href":"https:\/\/yazmed.ma\/ar\/wp-json\/wp\/v2\/product_brand?post=1509"},{"taxonomy":"product_cat","embeddable":true,"href":"https:\/\/yazmed.ma\/ar\/wp-json\/wp\/v2\/product_cat?post=1509"},{"taxonomy":"product_tag","embeddable":true,"href":"https:\/\/yazmed.ma\/ar\/wp-json\/wp\/v2\/product_tag?post=1509"}],"curies":[{"name":"wp","href":"https:\/\/api.w.org\/{rel}","templated":true}]}}