{"id":1497,"date":"2024-12-25T17:43:11","date_gmt":"2024-12-25T17:43:11","guid":{"rendered":"https:\/\/yazmed.ma\/?post_type=product&#038;p=1497"},"modified":"2026-02-26T16:17:04","modified_gmt":"2026-02-26T16:17:04","slug":"dvan-dexamen-electrique","status":"publish","type":"product","link":"https:\/\/yazmed.ma\/ar\/product\/dvan-dexamen-electrique\/","title":{"rendered":"DVAN D&rsquo;EXAMEN ELECTRIQUE 2 POSITION"},"content":{"rendered":"","protected":false},"excerpt":{"rendered":"<p><strong>DIVAN D&rsquo;EXAMEN ELECTRIQUE<\/strong> 2 POSITION<\/p>\n<h4 data-start=\"1224\" data-end=\"1264\"><strong data-start=\"1231\" data-end=\"1264\">Fonctionnalit\u00e9s principales :<\/strong><\/h4>\n<p data-start=\"1268\" data-end=\"1314\">R\u00e9glage motoris\u00e9 ergonomique pour le praticien assiste par moteur<\/p>\n<p data-start=\"1317\" data-end=\"1348\">Confort optimal pour le patient<\/p>\n<p data-start=\"1351\" data-end=\"1410\">Stabilit\u00e9 renforc\u00e9e gr\u00e2ce \u00e0 une base large et antid\u00e9rapante<\/p>\n<p data-start=\"1413\" data-end=\"1478\">Nettoyage facile avec mat\u00e9riaux r\u00e9sistants aux produits chimiques<\/p>\n<p data-start=\"1413\" data-end=\"1478\">fiche technique<\/p>\n<p data-start=\"1413\" data-end=\"1478\">dimension 180 \/ 60 cm<\/p>\n<p data-start=\"1413\" data-end=\"1478\">hauteur min ; 35 cm<\/p>\n<p data-start=\"1413\" data-end=\"1478\">hauteur max; 85 cm<\/p>\n<p>&nbsp;<\/p>","protected":false},"featured_media":0,"comment_status":"open","ping_status":"closed","template":"","meta":[],"product_brand":[],"product_cat":[54],"product_tag":[],"class_list":{"0":"post-1497","1":"product","2":"type-product","3":"status-publish","5":"product_cat-mobilier-medical","7":"first","8":"instock","9":"taxable","10":"shipping-taxable","11":"product-type-simple"},"yoast_head":"<!-- This site is optimized with the Yoast SEO plugin v26.9 - https:\/\/yoast.com\/product\/yoast-seo-wordpress\/ -->\n<title>DVAN D&#039;EXAMEN ELECTRIQUE 2 POSITION - YAZMED<\/title>\n<meta name=\"robots\" content=\"index, follow, max-snippet:-1, max-image-preview:large, max-video-preview:-1\" \/>\n<link rel=\"canonical\" href=\"https:\/\/yazmed.ma\/ar\/product\/dvan-dexamen-electrique\/\" \/>\n<meta property=\"og:locale\" content=\"ar_AR\" \/>\n<meta property=\"og:type\" content=\"article\" \/>\n<meta property=\"og:title\" content=\"DVAN D&#039;EXAMEN ELECTRIQUE 2 POSITION - YAZMED\" \/>\n<meta property=\"og:description\" content=\"DIVAN D&#039;EXAMEN ELECTRIQUE 2 POSITION Fonctionnalit\u00e9s principales : R\u00e9glage motoris\u00e9 ergonomique pour le praticien assiste par moteur Confort optimal pour le patient Stabilit\u00e9 renforc\u00e9e gr\u00e2ce \u00e0 une base large et antid\u00e9rapante Nettoyage facile avec mat\u00e9riaux r\u00e9sistants aux produits chimiques fiche technique dimension 180 \/ 60 cm hauteur min ; 35 cm hauteur max; 85 cm &nbsp;\" \/>\n<meta property=\"og:url\" content=\"https:\/\/yazmed.ma\/ar\/product\/dvan-dexamen-electrique\/\" \/>\n<meta property=\"og:site_name\" content=\"YAZMED\" \/>\n<meta property=\"article:publisher\" content=\"https:\/\/www.facebook.com\/azenkouky\" \/>\n<meta property=\"article:modified_time\" content=\"2026-02-26T16:17:04+00:00\" \/>\n<meta property=\"og:image\" content=\"https:\/\/yazmed.ma\/wp-content\/uploads\/2024\/12\/Design-sans-titre-19.png\" \/>\n\t<meta property=\"og:image:width\" content=\"570\" \/>\n\t<meta property=\"og:image:height\" content=\"517\" \/>\n\t<meta property=\"og:image:type\" content=\"image\/png\" \/>\n<meta name=\"twitter:card\" content=\"summary_large_image\" \/>\n<meta name=\"twitter:label1\" content=\"Est. reading time\" \/>\n\t<meta name=\"twitter:data1\" content=\"1 minute\" \/>\n<script type=\"application\/ld+json\" class=\"yoast-schema-graph\">{\"@context\":\"https:\/\/schema.org\",\"@graph\":[{\"@type\":\"WebPage\",\"@id\":\"https:\/\/yazmed.ma\/product\/dvan-dexamen-electrique\/\",\"url\":\"https:\/\/yazmed.ma\/product\/dvan-dexamen-electrique\/\",\"name\":\"DVAN D'EXAMEN ELECTRIQUE 2 POSITION - YAZMED\",\"isPartOf\":{\"@id\":\"https:\/\/yazmed.ma\/#website\"},\"datePublished\":\"2024-12-25T17:43:11+00:00\",\"dateModified\":\"2026-02-26T16:17:04+00:00\",\"breadcrumb\":{\"@id\":\"https:\/\/yazmed.ma\/product\/dvan-dexamen-electrique\/#breadcrumb\"},\"inLanguage\":\"ary\",\"potentialAction\":[{\"@type\":\"ReadAction\",\"target\":[\"https:\/\/yazmed.ma\/product\/dvan-dexamen-electrique\/\"]}]},{\"@type\":\"BreadcrumbList\",\"@id\":\"https:\/\/yazmed.ma\/product\/dvan-dexamen-electrique\/#breadcrumb\",\"itemListElement\":[{\"@type\":\"ListItem\",\"position\":1,\"name\":\"Accueil\",\"item\":\"https:\/\/yazmed.ma\/\"},{\"@type\":\"ListItem\",\"position\":2,\"name\":\"Shop\",\"item\":\"https:\/\/yazmed.ma\/shop-2\/\"},{\"@type\":\"ListItem\",\"position\":3,\"name\":\"DVAN D&#8217;EXAMEN ELECTRIQUE 2 POSITION\"}]},{\"@type\":\"WebSite\",\"@id\":\"https:\/\/yazmed.ma\/#website\",\"url\":\"https:\/\/yazmed.ma\/\",\"name\":\"Yazmed\",\"description\":\"LEADER DU MAT\u00c9RIEL M\u00c9DICAL AU MAROC\",\"publisher\":{\"@id\":\"https:\/\/yazmed.ma\/#organization\"},\"potentialAction\":[{\"@type\":\"SearchAction\",\"target\":{\"@type\":\"EntryPoint\",\"urlTemplate\":\"https:\/\/yazmed.ma\/?s={search_term_string}\"},\"query-input\":{\"@type\":\"PropertyValueSpecification\",\"valueRequired\":true,\"valueName\":\"search_term_string\"}}],\"inLanguage\":\"ary\"},{\"@type\":\"Organization\",\"@id\":\"https:\/\/yazmed.ma\/#organization\",\"name\":\"Yazmed Healthcare\",\"url\":\"https:\/\/yazmed.ma\/\",\"logo\":{\"@type\":\"ImageObject\",\"inLanguage\":\"ary\",\"@id\":\"https:\/\/yazmed.ma\/#\/schema\/logo\/image\/\",\"url\":\"https:\/\/yazmed.ma\/wp-content\/uploads\/2024\/12\/3.png\",\"contentUrl\":\"https:\/\/yazmed.ma\/wp-content\/uploads\/2024\/12\/3.png\",\"width\":250,\"height\":70,\"caption\":\"Yazmed Healthcare\"},\"image\":{\"@id\":\"https:\/\/yazmed.ma\/#\/schema\/logo\/image\/\"},\"sameAs\":[\"https:\/\/www.facebook.com\/azenkouky\",\"https:\/\/www.instagram.com\/yazmedhealthcare\",\"https:\/\/www.linkedin.com\/in\/yazmed-healthcare-1b4955295\"]}]}<\/script>\n<!-- \/ Yoast SEO plugin. -->","yoast_head_json":{"title":"DVAN D'EXAMEN ELECTRIQUE 2 POSITION - YAZMED","robots":{"index":"index","follow":"follow","max-snippet":"max-snippet:-1","max-image-preview":"max-image-preview:large","max-video-preview":"max-video-preview:-1"},"canonical":"https:\/\/yazmed.ma\/ar\/product\/dvan-dexamen-electrique\/","og_locale":"ar_AR","og_type":"article","og_title":"DVAN D'EXAMEN ELECTRIQUE 2 POSITION - YAZMED","og_description":"DIVAN D'EXAMEN ELECTRIQUE 2 POSITION Fonctionnalit\u00e9s principales : R\u00e9glage motoris\u00e9 ergonomique pour le praticien assiste par moteur Confort optimal pour le patient Stabilit\u00e9 renforc\u00e9e gr\u00e2ce \u00e0 une base large et antid\u00e9rapante Nettoyage facile avec mat\u00e9riaux r\u00e9sistants aux produits chimiques fiche technique dimension 180 \/ 60 cm hauteur min ; 35 cm hauteur max; 85 cm &nbsp;","og_url":"https:\/\/yazmed.ma\/ar\/product\/dvan-dexamen-electrique\/","og_site_name":"YAZMED","article_publisher":"https:\/\/www.facebook.com\/azenkouky","article_modified_time":"2026-02-26T16:17:04+00:00","og_image":[{"width":570,"height":517,"url":"https:\/\/yazmed.ma\/wp-content\/uploads\/2024\/12\/Design-sans-titre-19.png","type":"image\/png"}],"twitter_card":"summary_large_image","twitter_misc":{"Est. reading time":"1 minute"},"schema":{"@context":"https:\/\/schema.org","@graph":[{"@type":"WebPage","@id":"https:\/\/yazmed.ma\/product\/dvan-dexamen-electrique\/","url":"https:\/\/yazmed.ma\/product\/dvan-dexamen-electrique\/","name":"DVAN D'EXAMEN ELECTRIQUE 2 POSITION - YAZMED","isPartOf":{"@id":"https:\/\/yazmed.ma\/#website"},"datePublished":"2024-12-25T17:43:11+00:00","dateModified":"2026-02-26T16:17:04+00:00","breadcrumb":{"@id":"https:\/\/yazmed.ma\/product\/dvan-dexamen-electrique\/#breadcrumb"},"inLanguage":"ary","potentialAction":[{"@type":"ReadAction","target":["https:\/\/yazmed.ma\/product\/dvan-dexamen-electrique\/"]}]},{"@type":"BreadcrumbList","@id":"https:\/\/yazmed.ma\/product\/dvan-dexamen-electrique\/#breadcrumb","itemListElement":[{"@type":"ListItem","position":1,"name":"Accueil","item":"https:\/\/yazmed.ma\/"},{"@type":"ListItem","position":2,"name":"Shop","item":"https:\/\/yazmed.ma\/shop-2\/"},{"@type":"ListItem","position":3,"name":"DVAN D&#8217;EXAMEN ELECTRIQUE 2 POSITION"}]},{"@type":"WebSite","@id":"https:\/\/yazmed.ma\/#website","url":"https:\/\/yazmed.ma\/","name":"Yazmed","description":"LEADER DU MAT\u00c9RIEL M\u00c9DICAL AU MAROC","publisher":{"@id":"https:\/\/yazmed.ma\/#organization"},"potentialAction":[{"@type":"SearchAction","target":{"@type":"EntryPoint","urlTemplate":"https:\/\/yazmed.ma\/?s={search_term_string}"},"query-input":{"@type":"PropertyValueSpecification","valueRequired":true,"valueName":"search_term_string"}}],"inLanguage":"ary"},{"@type":"Organization","@id":"https:\/\/yazmed.ma\/#organization","name":"Yazmed Healthcare","url":"https:\/\/yazmed.ma\/","logo":{"@type":"ImageObject","inLanguage":"ary","@id":"https:\/\/yazmed.ma\/#\/schema\/logo\/image\/","url":"https:\/\/yazmed.ma\/wp-content\/uploads\/2024\/12\/3.png","contentUrl":"https:\/\/yazmed.ma\/wp-content\/uploads\/2024\/12\/3.png","width":250,"height":70,"caption":"Yazmed Healthcare"},"image":{"@id":"https:\/\/yazmed.ma\/#\/schema\/logo\/image\/"},"sameAs":["https:\/\/www.facebook.com\/azenkouky","https:\/\/www.instagram.com\/yazmedhealthcare","https:\/\/www.linkedin.com\/in\/yazmed-healthcare-1b4955295"]}]}},"_links":{"self":[{"href":"https:\/\/yazmed.ma\/ar\/wp-json\/wp\/v2\/product\/1497","targetHints":{"allow":["GET"]}}],"collection":[{"href":"https:\/\/yazmed.ma\/ar\/wp-json\/wp\/v2\/product"}],"about":[{"href":"https:\/\/yazmed.ma\/ar\/wp-json\/wp\/v2\/types\/product"}],"replies":[{"embeddable":true,"href":"https:\/\/yazmed.ma\/ar\/wp-json\/wp\/v2\/comments?post=1497"}],"version-history":[{"count":0,"href":"https:\/\/yazmed.ma\/ar\/wp-json\/wp\/v2\/product\/1497\/revisions"}],"wp:attachment":[{"href":"https:\/\/yazmed.ma\/ar\/wp-json\/wp\/v2\/media?parent=1497"}],"wp:term":[{"taxonomy":"product_brand","embeddable":true,"href":"https:\/\/yazmed.ma\/ar\/wp-json\/wp\/v2\/product_brand?post=1497"},{"taxonomy":"product_cat","embeddable":true,"href":"https:\/\/yazmed.ma\/ar\/wp-json\/wp\/v2\/product_cat?post=1497"},{"taxonomy":"product_tag","embeddable":true,"href":"https:\/\/yazmed.ma\/ar\/wp-json\/wp\/v2\/product_tag?post=1497"}],"curies":[{"name":"wp","href":"https:\/\/api.w.org\/{rel}","templated":true}]}}