{"id":1492,"date":"2024-12-25T17:14:55","date_gmt":"2024-12-25T17:14:55","guid":{"rendered":"https:\/\/yazmed.ma\/?post_type=product&#038;p=1492"},"modified":"2026-02-26T16:17:12","modified_gmt":"2026-02-26T16:17:12","slug":"table-dexamen-gynecologique","status":"publish","type":"product","link":"https:\/\/yazmed.ma\/ar\/product\/table-dexamen-gynecologique\/","title":{"rendered":"DIVAN D&rsquo;EXAMEN GYN\u00c9COLOGIQUE ELECTRIQUE"},"content":{"rendered":"","protected":false},"excerpt":{"rendered":"<h5>Divan d&rsquo;examen gyn\u00e9cologique \u00e9lectrique<\/h5>\n<p>est con\u00e7u pour offrir confort, s\u00e9curit\u00e9 et ergonomie lors des examens gyn\u00e9cologiques, urologiques ou proctologiques. Gr\u00e2ce \u00e0 ses commandes \u00e9lectriques, il permet des r\u00e9glages fluides de la hauteur, du dossier et de la position de Trendelenburg, optimisant ainsi le travail du praticien et le bien-\u00eatre du patient.<\/p>\n<p>jambi\u00e8re rabattable<\/p>\n<p>structure m\u00e9tallique<\/p>\n<p>Pi\u00e8tement robuste sur patins ventouse r\u00e9glable au sol<\/p>\n<p>Siege forme ergonomique en mousse moule antibact\u00e9rien<\/p>","protected":false},"featured_media":0,"comment_status":"open","ping_status":"closed","template":"","meta":[],"product_brand":[],"product_cat":[54],"product_tag":[92],"class_list":{"0":"post-1492","1":"product","2":"type-product","3":"status-publish","5":"product_cat-mobilier-medical","6":"product_tag-divan-gynecologique","8":"first","9":"instock","10":"taxable","11":"shipping-taxable","12":"product-type-simple"},"yoast_head":"<!-- This site is optimized with the Yoast SEO plugin v26.9 - https:\/\/yoast.com\/product\/yoast-seo-wordpress\/ -->\n<title>DIVAN D&#039;EXAMEN GYN\u00c9COLOGIQUE ELECTRIQUE - YAZMED<\/title>\n<meta name=\"robots\" content=\"index, follow, max-snippet:-1, max-image-preview:large, max-video-preview:-1\" \/>\n<link rel=\"canonical\" href=\"https:\/\/yazmed.ma\/ar\/product\/table-dexamen-gynecologique\/\" \/>\n<meta property=\"og:locale\" content=\"ar_AR\" \/>\n<meta property=\"og:type\" content=\"article\" \/>\n<meta property=\"og:title\" content=\"DIVAN D&#039;EXAMEN GYN\u00c9COLOGIQUE ELECTRIQUE - YAZMED\" \/>\n<meta property=\"og:description\" content=\"Divan d&#039;examen gyn\u00e9cologique \u00e9lectrique est con\u00e7u pour offrir confort, s\u00e9curit\u00e9 et ergonomie lors des examens gyn\u00e9cologiques, urologiques ou proctologiques. Gr\u00e2ce \u00e0 ses commandes \u00e9lectriques, il permet des r\u00e9glages fluides de la hauteur, du dossier et de la position de Trendelenburg, optimisant ainsi le travail du praticien et le bien-\u00eatre du patient.  jambi\u00e8re rabattable  structure m\u00e9tallique  Pi\u00e8tement robuste sur patins ventouse r\u00e9glable au sol  Siege forme ergonomique en mousse moule antibact\u00e9rien\" \/>\n<meta property=\"og:url\" content=\"https:\/\/yazmed.ma\/ar\/product\/table-dexamen-gynecologique\/\" \/>\n<meta property=\"og:site_name\" content=\"YAZMED\" \/>\n<meta property=\"article:publisher\" content=\"https:\/\/www.facebook.com\/azenkouky\" \/>\n<meta property=\"article:modified_time\" content=\"2026-02-26T16:17:12+00:00\" \/>\n<meta property=\"og:image\" content=\"https:\/\/yazmed.ma\/wp-content\/uploads\/2024\/12\/Design-sans-titre-18.png\" \/>\n\t<meta property=\"og:image:width\" content=\"570\" \/>\n\t<meta property=\"og:image:height\" content=\"517\" \/>\n\t<meta property=\"og:image:type\" content=\"image\/png\" \/>\n<meta name=\"twitter:card\" content=\"summary_large_image\" \/>\n<meta name=\"twitter:label1\" content=\"Est. reading time\" \/>\n\t<meta name=\"twitter:data1\" content=\"1 minute\" \/>\n<script type=\"application\/ld+json\" class=\"yoast-schema-graph\">{\"@context\":\"https:\/\/schema.org\",\"@graph\":[{\"@type\":\"WebPage\",\"@id\":\"https:\/\/yazmed.ma\/product\/table-dexamen-gynecologique\/\",\"url\":\"https:\/\/yazmed.ma\/product\/table-dexamen-gynecologique\/\",\"name\":\"DIVAN D'EXAMEN GYN\u00c9COLOGIQUE ELECTRIQUE - YAZMED\",\"isPartOf\":{\"@id\":\"https:\/\/yazmed.ma\/#website\"},\"datePublished\":\"2024-12-25T17:14:55+00:00\",\"dateModified\":\"2026-02-26T16:17:12+00:00\",\"breadcrumb\":{\"@id\":\"https:\/\/yazmed.ma\/product\/table-dexamen-gynecologique\/#breadcrumb\"},\"inLanguage\":\"ary\",\"potentialAction\":[{\"@type\":\"ReadAction\",\"target\":[\"https:\/\/yazmed.ma\/product\/table-dexamen-gynecologique\/\"]}]},{\"@type\":\"BreadcrumbList\",\"@id\":\"https:\/\/yazmed.ma\/product\/table-dexamen-gynecologique\/#breadcrumb\",\"itemListElement\":[{\"@type\":\"ListItem\",\"position\":1,\"name\":\"Accueil\",\"item\":\"https:\/\/yazmed.ma\/\"},{\"@type\":\"ListItem\",\"position\":2,\"name\":\"Shop\",\"item\":\"https:\/\/yazmed.ma\/shop-2\/\"},{\"@type\":\"ListItem\",\"position\":3,\"name\":\"TABLE D&#8217;EXAMEN GYN\u00c9COLOGIQUE ELECTRIQUE\"}]},{\"@type\":\"WebSite\",\"@id\":\"https:\/\/yazmed.ma\/#website\",\"url\":\"https:\/\/yazmed.ma\/\",\"name\":\"Yazmed\",\"description\":\"LEADER DU MAT\u00c9RIEL M\u00c9DICAL AU MAROC\",\"publisher\":{\"@id\":\"https:\/\/yazmed.ma\/#organization\"},\"potentialAction\":[{\"@type\":\"SearchAction\",\"target\":{\"@type\":\"EntryPoint\",\"urlTemplate\":\"https:\/\/yazmed.ma\/?s={search_term_string}\"},\"query-input\":{\"@type\":\"PropertyValueSpecification\",\"valueRequired\":true,\"valueName\":\"search_term_string\"}}],\"inLanguage\":\"ary\"},{\"@type\":\"Organization\",\"@id\":\"https:\/\/yazmed.ma\/#organization\",\"name\":\"Yazmed Healthcare\",\"url\":\"https:\/\/yazmed.ma\/\",\"logo\":{\"@type\":\"ImageObject\",\"inLanguage\":\"ary\",\"@id\":\"https:\/\/yazmed.ma\/#\/schema\/logo\/image\/\",\"url\":\"https:\/\/yazmed.ma\/wp-content\/uploads\/2024\/12\/3.png\",\"contentUrl\":\"https:\/\/yazmed.ma\/wp-content\/uploads\/2024\/12\/3.png\",\"width\":250,\"height\":70,\"caption\":\"Yazmed Healthcare\"},\"image\":{\"@id\":\"https:\/\/yazmed.ma\/#\/schema\/logo\/image\/\"},\"sameAs\":[\"https:\/\/www.facebook.com\/azenkouky\",\"https:\/\/www.instagram.com\/yazmedhealthcare\",\"https:\/\/www.linkedin.com\/in\/yazmed-healthcare-1b4955295\"]}]}<\/script>\n<!-- \/ Yoast SEO plugin. -->","yoast_head_json":{"title":"DIVAN D'EXAMEN GYN\u00c9COLOGIQUE ELECTRIQUE - YAZMED","robots":{"index":"index","follow":"follow","max-snippet":"max-snippet:-1","max-image-preview":"max-image-preview:large","max-video-preview":"max-video-preview:-1"},"canonical":"https:\/\/yazmed.ma\/ar\/product\/table-dexamen-gynecologique\/","og_locale":"ar_AR","og_type":"article","og_title":"DIVAN D'EXAMEN GYN\u00c9COLOGIQUE ELECTRIQUE - YAZMED","og_description":"Divan d'examen gyn\u00e9cologique \u00e9lectrique est con\u00e7u pour offrir confort, s\u00e9curit\u00e9 et ergonomie lors des examens gyn\u00e9cologiques, urologiques ou proctologiques. Gr\u00e2ce \u00e0 ses commandes \u00e9lectriques, il permet des r\u00e9glages fluides de la hauteur, du dossier et de la position de Trendelenburg, optimisant ainsi le travail du praticien et le bien-\u00eatre du patient.  jambi\u00e8re rabattable  structure m\u00e9tallique  Pi\u00e8tement robuste sur patins ventouse r\u00e9glable au sol  Siege forme ergonomique en mousse moule antibact\u00e9rien","og_url":"https:\/\/yazmed.ma\/ar\/product\/table-dexamen-gynecologique\/","og_site_name":"YAZMED","article_publisher":"https:\/\/www.facebook.com\/azenkouky","article_modified_time":"2026-02-26T16:17:12+00:00","og_image":[{"width":570,"height":517,"url":"https:\/\/yazmed.ma\/wp-content\/uploads\/2024\/12\/Design-sans-titre-18.png","type":"image\/png"}],"twitter_card":"summary_large_image","twitter_misc":{"Est. reading time":"1 minute"},"schema":{"@context":"https:\/\/schema.org","@graph":[{"@type":"WebPage","@id":"https:\/\/yazmed.ma\/product\/table-dexamen-gynecologique\/","url":"https:\/\/yazmed.ma\/product\/table-dexamen-gynecologique\/","name":"DIVAN D'EXAMEN GYN\u00c9COLOGIQUE ELECTRIQUE - YAZMED","isPartOf":{"@id":"https:\/\/yazmed.ma\/#website"},"datePublished":"2024-12-25T17:14:55+00:00","dateModified":"2026-02-26T16:17:12+00:00","breadcrumb":{"@id":"https:\/\/yazmed.ma\/product\/table-dexamen-gynecologique\/#breadcrumb"},"inLanguage":"ary","potentialAction":[{"@type":"ReadAction","target":["https:\/\/yazmed.ma\/product\/table-dexamen-gynecologique\/"]}]},{"@type":"BreadcrumbList","@id":"https:\/\/yazmed.ma\/product\/table-dexamen-gynecologique\/#breadcrumb","itemListElement":[{"@type":"ListItem","position":1,"name":"Accueil","item":"https:\/\/yazmed.ma\/"},{"@type":"ListItem","position":2,"name":"Shop","item":"https:\/\/yazmed.ma\/shop-2\/"},{"@type":"ListItem","position":3,"name":"TABLE D&#8217;EXAMEN GYN\u00c9COLOGIQUE ELECTRIQUE"}]},{"@type":"WebSite","@id":"https:\/\/yazmed.ma\/#website","url":"https:\/\/yazmed.ma\/","name":"Yazmed","description":"LEADER DU MAT\u00c9RIEL M\u00c9DICAL AU MAROC","publisher":{"@id":"https:\/\/yazmed.ma\/#organization"},"potentialAction":[{"@type":"SearchAction","target":{"@type":"EntryPoint","urlTemplate":"https:\/\/yazmed.ma\/?s={search_term_string}"},"query-input":{"@type":"PropertyValueSpecification","valueRequired":true,"valueName":"search_term_string"}}],"inLanguage":"ary"},{"@type":"Organization","@id":"https:\/\/yazmed.ma\/#organization","name":"Yazmed Healthcare","url":"https:\/\/yazmed.ma\/","logo":{"@type":"ImageObject","inLanguage":"ary","@id":"https:\/\/yazmed.ma\/#\/schema\/logo\/image\/","url":"https:\/\/yazmed.ma\/wp-content\/uploads\/2024\/12\/3.png","contentUrl":"https:\/\/yazmed.ma\/wp-content\/uploads\/2024\/12\/3.png","width":250,"height":70,"caption":"Yazmed Healthcare"},"image":{"@id":"https:\/\/yazmed.ma\/#\/schema\/logo\/image\/"},"sameAs":["https:\/\/www.facebook.com\/azenkouky","https:\/\/www.instagram.com\/yazmedhealthcare","https:\/\/www.linkedin.com\/in\/yazmed-healthcare-1b4955295"]}]}},"_links":{"self":[{"href":"https:\/\/yazmed.ma\/ar\/wp-json\/wp\/v2\/product\/1492","targetHints":{"allow":["GET"]}}],"collection":[{"href":"https:\/\/yazmed.ma\/ar\/wp-json\/wp\/v2\/product"}],"about":[{"href":"https:\/\/yazmed.ma\/ar\/wp-json\/wp\/v2\/types\/product"}],"replies":[{"embeddable":true,"href":"https:\/\/yazmed.ma\/ar\/wp-json\/wp\/v2\/comments?post=1492"}],"version-history":[{"count":0,"href":"https:\/\/yazmed.ma\/ar\/wp-json\/wp\/v2\/product\/1492\/revisions"}],"wp:attachment":[{"href":"https:\/\/yazmed.ma\/ar\/wp-json\/wp\/v2\/media?parent=1492"}],"wp:term":[{"taxonomy":"product_brand","embeddable":true,"href":"https:\/\/yazmed.ma\/ar\/wp-json\/wp\/v2\/product_brand?post=1492"},{"taxonomy":"product_cat","embeddable":true,"href":"https:\/\/yazmed.ma\/ar\/wp-json\/wp\/v2\/product_cat?post=1492"},{"taxonomy":"product_tag","embeddable":true,"href":"https:\/\/yazmed.ma\/ar\/wp-json\/wp\/v2\/product_tag?post=1492"}],"curies":[{"name":"wp","href":"https:\/\/api.w.org\/{rel}","templated":true}]}}