{"id":1488,"date":"2024-12-25T17:02:39","date_gmt":"2024-12-25T17:02:39","guid":{"rendered":"https:\/\/yazmed.ma\/?post_type=product&#038;p=1488"},"modified":"2026-02-26T16:17:31","modified_gmt":"2026-02-26T16:17:31","slug":"divan-examen-electrique","status":"publish","type":"product","link":"https:\/\/yazmed.ma\/ar\/product\/divan-examen-electrique\/","title":{"rendered":"DIVAN EXAMEN ELECTRIQUE"},"content":{"rendered":"<p>DIVAN D\u2019EXAMEN \u00c9LECTRIQUE<br \/>\n<strong>Fonction\u00a0:<\/strong><\/p>\n<p>Rel\u00e8ve buste assist\u00e9e par moteur \u00e9lectrique<\/p>\n<p>R\u00e9glage en hauteur assist\u00e9 par moteur \u00e9lectrique<\/p>\n<p>Commande manuelle<\/p>\n<p><strong>Structure :<\/strong><\/p>\n<p>Construction interne m\u00e9tallique<br \/>\nRev\u00eatement externe en PVC<br \/>\nDivan port\u00e9 sur colonne m\u00e9tallique embo\u00eet\u00e9trait\u00e9e anti corrosion peinture \u00e9poxy ionique<\/p>\n<p><strong>Si\u00e8ge :<\/strong><\/p>\n<p>Forme ergonomique et design, grand confort<br \/>\nTapisserie moul\u00e9e<br \/>\nMousse moul\u00e9e anti-bact\u00e9rienne haute densit\u00e9 alliant entre confort et durabilit\u00e9.<br \/>\nRev\u00eatement en tissu vinyle classe M1<br \/>\nCouleur au choix suivant la panoplie<\/p>","protected":false},"excerpt":{"rendered":"<p>Longueur :\u00a0<strong>1800 mm<\/strong><br \/>\nLargeur :\u00a0<strong>600 mm<\/strong><br \/>\nHauteur Max\u00a0:\u00a0<strong>800 mm<\/strong><br \/>\nHauteur Min\u00a0:\u00a0<strong>500 mm<\/strong><br \/>\nPoids :\u00a0<strong>60 kg<\/strong><br \/>\nCapacit\u00e9 :\u00a0<strong>200 kg<\/strong><\/p>","protected":false},"featured_media":0,"comment_status":"open","ping_status":"closed","template":"","meta":[],"product_brand":[],"product_cat":[54],"product_tag":[],"class_list":{"0":"post-1488","1":"product","2":"type-product","3":"status-publish","5":"product_cat-mobilier-medical","7":"first","8":"instock","9":"taxable","10":"shipping-taxable","11":"product-type-simple"},"yoast_head":"<!-- This site is optimized with the Yoast SEO plugin v26.9 - https:\/\/yoast.com\/product\/yoast-seo-wordpress\/ -->\n<title>DIVAN EXAMEN ELECTRIQUE - YAZMED<\/title>\n<meta name=\"robots\" content=\"index, follow, max-snippet:-1, max-image-preview:large, max-video-preview:-1\" \/>\n<link rel=\"canonical\" href=\"https:\/\/yazmed.ma\/ar\/product\/divan-examen-electrique\/\" \/>\n<meta property=\"og:locale\" content=\"ar_AR\" \/>\n<meta property=\"og:type\" content=\"article\" \/>\n<meta property=\"og:title\" content=\"DIVAN EXAMEN ELECTRIQUE - YAZMED\" \/>\n<meta property=\"og:description\" content=\"Longueur :\u00a01800 mm Largeur :\u00a0600 mm Hauteur Max\u00a0:\u00a0800 mm Hauteur Min\u00a0:\u00a0500 mm Poids :\u00a060 kg Capacit\u00e9 :\u00a0200 kg\" \/>\n<meta property=\"og:url\" content=\"https:\/\/yazmed.ma\/ar\/product\/divan-examen-electrique\/\" \/>\n<meta property=\"og:site_name\" content=\"YAZMED\" \/>\n<meta property=\"article:publisher\" content=\"https:\/\/www.facebook.com\/azenkouky\" \/>\n<meta property=\"article:modified_time\" content=\"2026-02-26T16:17:31+00:00\" \/>\n<meta property=\"og:image\" content=\"https:\/\/yazmed.ma\/wp-content\/uploads\/2024\/12\/Design-sans-titre-16.png\" \/>\n\t<meta property=\"og:image:width\" content=\"570\" \/>\n\t<meta property=\"og:image:height\" content=\"517\" \/>\n\t<meta property=\"og:image:type\" content=\"image\/png\" \/>\n<meta name=\"twitter:card\" content=\"summary_large_image\" \/>\n<meta name=\"twitter:label1\" content=\"Est. reading time\" \/>\n\t<meta name=\"twitter:data1\" content=\"1 minute\" \/>\n<script type=\"application\/ld+json\" class=\"yoast-schema-graph\">{\"@context\":\"https:\/\/schema.org\",\"@graph\":[{\"@type\":\"WebPage\",\"@id\":\"https:\/\/yazmed.ma\/product\/divan-examen-electrique\/\",\"url\":\"https:\/\/yazmed.ma\/product\/divan-examen-electrique\/\",\"name\":\"DIVAN EXAMEN ELECTRIQUE - YAZMED\",\"isPartOf\":{\"@id\":\"https:\/\/yazmed.ma\/#website\"},\"datePublished\":\"2024-12-25T17:02:39+00:00\",\"dateModified\":\"2026-02-26T16:17:31+00:00\",\"breadcrumb\":{\"@id\":\"https:\/\/yazmed.ma\/product\/divan-examen-electrique\/#breadcrumb\"},\"inLanguage\":\"ary\",\"potentialAction\":[{\"@type\":\"ReadAction\",\"target\":[\"https:\/\/yazmed.ma\/product\/divan-examen-electrique\/\"]}]},{\"@type\":\"BreadcrumbList\",\"@id\":\"https:\/\/yazmed.ma\/product\/divan-examen-electrique\/#breadcrumb\",\"itemListElement\":[{\"@type\":\"ListItem\",\"position\":1,\"name\":\"Accueil\",\"item\":\"https:\/\/yazmed.ma\/\"},{\"@type\":\"ListItem\",\"position\":2,\"name\":\"Shop\",\"item\":\"https:\/\/yazmed.ma\/shop-2\/\"},{\"@type\":\"ListItem\",\"position\":3,\"name\":\"DIVAN EXAMEN ELECTRIQUE\"}]},{\"@type\":\"WebSite\",\"@id\":\"https:\/\/yazmed.ma\/#website\",\"url\":\"https:\/\/yazmed.ma\/\",\"name\":\"Yazmed\",\"description\":\"LEADER DU MAT\u00c9RIEL M\u00c9DICAL AU MAROC\",\"publisher\":{\"@id\":\"https:\/\/yazmed.ma\/#organization\"},\"potentialAction\":[{\"@type\":\"SearchAction\",\"target\":{\"@type\":\"EntryPoint\",\"urlTemplate\":\"https:\/\/yazmed.ma\/?s={search_term_string}\"},\"query-input\":{\"@type\":\"PropertyValueSpecification\",\"valueRequired\":true,\"valueName\":\"search_term_string\"}}],\"inLanguage\":\"ary\"},{\"@type\":\"Organization\",\"@id\":\"https:\/\/yazmed.ma\/#organization\",\"name\":\"Yazmed Healthcare\",\"url\":\"https:\/\/yazmed.ma\/\",\"logo\":{\"@type\":\"ImageObject\",\"inLanguage\":\"ary\",\"@id\":\"https:\/\/yazmed.ma\/#\/schema\/logo\/image\/\",\"url\":\"https:\/\/yazmed.ma\/wp-content\/uploads\/2024\/12\/3.png\",\"contentUrl\":\"https:\/\/yazmed.ma\/wp-content\/uploads\/2024\/12\/3.png\",\"width\":250,\"height\":70,\"caption\":\"Yazmed Healthcare\"},\"image\":{\"@id\":\"https:\/\/yazmed.ma\/#\/schema\/logo\/image\/\"},\"sameAs\":[\"https:\/\/www.facebook.com\/azenkouky\",\"https:\/\/www.instagram.com\/yazmedhealthcare\",\"https:\/\/www.linkedin.com\/in\/yazmed-healthcare-1b4955295\"]}]}<\/script>\n<!-- \/ Yoast SEO plugin. -->","yoast_head_json":{"title":"DIVAN EXAMEN ELECTRIQUE - YAZMED","robots":{"index":"index","follow":"follow","max-snippet":"max-snippet:-1","max-image-preview":"max-image-preview:large","max-video-preview":"max-video-preview:-1"},"canonical":"https:\/\/yazmed.ma\/ar\/product\/divan-examen-electrique\/","og_locale":"ar_AR","og_type":"article","og_title":"DIVAN EXAMEN ELECTRIQUE - YAZMED","og_description":"Longueur :\u00a01800 mm Largeur :\u00a0600 mm Hauteur Max\u00a0:\u00a0800 mm Hauteur Min\u00a0:\u00a0500 mm Poids :\u00a060 kg Capacit\u00e9 :\u00a0200 kg","og_url":"https:\/\/yazmed.ma\/ar\/product\/divan-examen-electrique\/","og_site_name":"YAZMED","article_publisher":"https:\/\/www.facebook.com\/azenkouky","article_modified_time":"2026-02-26T16:17:31+00:00","og_image":[{"width":570,"height":517,"url":"https:\/\/yazmed.ma\/wp-content\/uploads\/2024\/12\/Design-sans-titre-16.png","type":"image\/png"}],"twitter_card":"summary_large_image","twitter_misc":{"Est. reading time":"1 minute"},"schema":{"@context":"https:\/\/schema.org","@graph":[{"@type":"WebPage","@id":"https:\/\/yazmed.ma\/product\/divan-examen-electrique\/","url":"https:\/\/yazmed.ma\/product\/divan-examen-electrique\/","name":"DIVAN EXAMEN ELECTRIQUE - YAZMED","isPartOf":{"@id":"https:\/\/yazmed.ma\/#website"},"datePublished":"2024-12-25T17:02:39+00:00","dateModified":"2026-02-26T16:17:31+00:00","breadcrumb":{"@id":"https:\/\/yazmed.ma\/product\/divan-examen-electrique\/#breadcrumb"},"inLanguage":"ary","potentialAction":[{"@type":"ReadAction","target":["https:\/\/yazmed.ma\/product\/divan-examen-electrique\/"]}]},{"@type":"BreadcrumbList","@id":"https:\/\/yazmed.ma\/product\/divan-examen-electrique\/#breadcrumb","itemListElement":[{"@type":"ListItem","position":1,"name":"Accueil","item":"https:\/\/yazmed.ma\/"},{"@type":"ListItem","position":2,"name":"Shop","item":"https:\/\/yazmed.ma\/shop-2\/"},{"@type":"ListItem","position":3,"name":"DIVAN EXAMEN ELECTRIQUE"}]},{"@type":"WebSite","@id":"https:\/\/yazmed.ma\/#website","url":"https:\/\/yazmed.ma\/","name":"Yazmed","description":"LEADER DU MAT\u00c9RIEL M\u00c9DICAL AU MAROC","publisher":{"@id":"https:\/\/yazmed.ma\/#organization"},"potentialAction":[{"@type":"SearchAction","target":{"@type":"EntryPoint","urlTemplate":"https:\/\/yazmed.ma\/?s={search_term_string}"},"query-input":{"@type":"PropertyValueSpecification","valueRequired":true,"valueName":"search_term_string"}}],"inLanguage":"ary"},{"@type":"Organization","@id":"https:\/\/yazmed.ma\/#organization","name":"Yazmed Healthcare","url":"https:\/\/yazmed.ma\/","logo":{"@type":"ImageObject","inLanguage":"ary","@id":"https:\/\/yazmed.ma\/#\/schema\/logo\/image\/","url":"https:\/\/yazmed.ma\/wp-content\/uploads\/2024\/12\/3.png","contentUrl":"https:\/\/yazmed.ma\/wp-content\/uploads\/2024\/12\/3.png","width":250,"height":70,"caption":"Yazmed Healthcare"},"image":{"@id":"https:\/\/yazmed.ma\/#\/schema\/logo\/image\/"},"sameAs":["https:\/\/www.facebook.com\/azenkouky","https:\/\/www.instagram.com\/yazmedhealthcare","https:\/\/www.linkedin.com\/in\/yazmed-healthcare-1b4955295"]}]}},"_links":{"self":[{"href":"https:\/\/yazmed.ma\/ar\/wp-json\/wp\/v2\/product\/1488","targetHints":{"allow":["GET"]}}],"collection":[{"href":"https:\/\/yazmed.ma\/ar\/wp-json\/wp\/v2\/product"}],"about":[{"href":"https:\/\/yazmed.ma\/ar\/wp-json\/wp\/v2\/types\/product"}],"replies":[{"embeddable":true,"href":"https:\/\/yazmed.ma\/ar\/wp-json\/wp\/v2\/comments?post=1488"}],"version-history":[{"count":0,"href":"https:\/\/yazmed.ma\/ar\/wp-json\/wp\/v2\/product\/1488\/revisions"}],"wp:attachment":[{"href":"https:\/\/yazmed.ma\/ar\/wp-json\/wp\/v2\/media?parent=1488"}],"wp:term":[{"taxonomy":"product_brand","embeddable":true,"href":"https:\/\/yazmed.ma\/ar\/wp-json\/wp\/v2\/product_brand?post=1488"},{"taxonomy":"product_cat","embeddable":true,"href":"https:\/\/yazmed.ma\/ar\/wp-json\/wp\/v2\/product_cat?post=1488"},{"taxonomy":"product_tag","embeddable":true,"href":"https:\/\/yazmed.ma\/ar\/wp-json\/wp\/v2\/product_tag?post=1488"}],"curies":[{"name":"wp","href":"https:\/\/api.w.org\/{rel}","templated":true}]}}