{"id":1465,"date":"2024-12-24T17:32:38","date_gmt":"2024-12-24T17:32:38","guid":{"rendered":"https:\/\/yazmed.ma\/?post_type=product&#038;p=1465"},"modified":"2025-12-10T19:09:53","modified_gmt":"2025-12-10T19:09:53","slug":"alcool-ethylique-a-96","status":"publish","type":"product","link":"https:\/\/yazmed.ma\/ar\/product\/alcool-ethylique-a-96\/","title":{"rendered":"Alcool \u00e9thylique a 96 \u00b0"},"content":{"rendered":"<div class=\"elementor-element elementor-element-1a264a92 elementor-widget elementor-widget-heading\" data-id=\"1a264a92\" data-element_type=\"widget\" data-widget_type=\"heading.default\">\n<div class=\"elementor-widget-container\">\n<h3 class=\"elementor-heading-title elementor-size-default\"><img decoding=\"async\" class=\"emoji\" role=\"img\" draggable=\"false\" src=\"https:\/\/s.w.org\/images\/core\/emoji\/16.0.1\/svg\/2705.svg\" alt=\"\u2705\" \/> Description compl\u00e8te<\/h3>\n<\/div>\n<\/div>\n<div class=\"elementor-element elementor-element-2f092ff elementor-widget elementor-widget-woocommerce-product-content\" data-id=\"2f092ff\" data-element_type=\"widget\" data-widget_type=\"woocommerce-product-content.default\">\n<div class=\"elementor-widget-container\">\n<div>\n<h3 class=\"elementor-heading-title elementor-size-default\"><img decoding=\"async\" class=\"emoji\" role=\"img\" draggable=\"false\" src=\"https:\/\/s.w.org\/images\/core\/emoji\/16.0.1\/svg\/2705.svg\" alt=\"\u2705\" \/><\/h3>\n<p><b>Composition du produit :<\/b>Chlorure de benzalkonium , Alcool \u00e9thylique a 96 \u00b0.<\/div>\n<div><b>Description du produit :<\/b><b><br \/>\n<\/b><b><\/b>Un excellent antiseptique grade pharmaceutique, pour tout usage m\u00e9dical.<\/div>\n<div>\n<p>Efficace, rapide, sur et hypoallerg\u00e9nique.<\/p>\n<p>Prodisphar alcool 96 % vol \u00ae efficacit\u00e9 test\u00e9e selon la norme EN1040,sur les Pseudomonas Aeruginosaet Staphylococcus Aureus en 3 min de contact, et selon la norme EN1276 sur Escherichia coli, et selon la norme EN1275 sur les souches Candida Albicans et Aspergillus Brasiliensis en 5 min de contact<\/p>\n<\/div>\n<div>\n<h3 class=\"elementor-heading-title elementor-size-default\"><img decoding=\"async\" class=\"emoji\" role=\"img\" draggable=\"false\" src=\"https:\/\/s.w.org\/images\/core\/emoji\/16.0.1\/svg\/2705.svg\" alt=\"\u2705\" \/><\/h3>\n<h4>Autorisation du minist\u00e8re de la sant\u00e9 N\u00b0 : 09032016\/UPCHC\/DMP20<\/h4>\n<\/div>\n<\/div>\n<\/div>","protected":false},"excerpt":{"rendered":"<h3>Alcool \u00e9thylique a 96 \u00b0<\/h3>\n<p>est <a title=\"\" href=\"https:\/\/fr.wikipedia.org\/wiki\/Alcool_(chimie)\">Alcool (chimie)<\/a>,antiseptique et d\u00e9sinfectant tr\u00e8s puissant, id\u00e9al pour un usage m\u00e9dical ou domestique. Gr\u00e2ce \u00e0 sa concentration \u00e9lev\u00e9e, est parfait pour st\u00e9riliser les instruments, d\u00e9sinfecter la peau avant une intervention ou nettoyer les surfaces sensibles.<\/p>\n<p><img decoding=\"async\" src=\"https:\/\/eclazon.ma\/wp-content\/uploads\/2024\/07\/prodisphar-200x100.jpg\" \/><\/p>","protected":false},"featured_media":1909,"comment_status":"open","ping_status":"closed","template":"","meta":[],"product_brand":[],"product_cat":[56],"product_tag":[],"class_list":{"0":"post-1465","1":"product","2":"type-product","3":"status-publish","4":"has-post-thumbnail","6":"product_cat-sterilisation-hygiene","8":"first","9":"instock","10":"taxable","11":"shipping-taxable","12":"purchasable","13":"product-type-simple"},"yoast_head":"<!-- This site is optimized with the Yoast SEO plugin v26.9 - https:\/\/yoast.com\/product\/yoast-seo-wordpress\/ -->\n<title>Alcool \u00e9thylique a 96 \u00b0 - YAZMED<\/title>\n<meta name=\"robots\" content=\"index, follow, max-snippet:-1, max-image-preview:large, max-video-preview:-1\" \/>\n<link rel=\"canonical\" href=\"https:\/\/yazmed.ma\/ar\/product\/alcool-ethylique-a-96\/\" \/>\n<meta property=\"og:locale\" content=\"ar_AR\" \/>\n<meta property=\"og:type\" content=\"article\" \/>\n<meta property=\"og:title\" content=\"Alcool \u00e9thylique a 96 \u00b0 - YAZMED\" \/>\n<meta property=\"og:description\" content=\"Alcool \u00e9thylique a 96 \u00b0 est Alcool (chimie),antiseptique et d\u00e9sinfectant tr\u00e8s puissant, id\u00e9al pour un usage m\u00e9dical ou domestique. Gr\u00e2ce \u00e0 sa concentration \u00e9lev\u00e9e, est parfait pour st\u00e9riliser les instruments, d\u00e9sinfecter la peau avant une intervention ou nettoyer les surfaces sensibles.\" \/>\n<meta property=\"og:url\" content=\"https:\/\/yazmed.ma\/ar\/product\/alcool-ethylique-a-96\/\" \/>\n<meta property=\"og:site_name\" content=\"YAZMED\" \/>\n<meta property=\"article:publisher\" content=\"https:\/\/www.facebook.com\/azenkouky\" \/>\n<meta property=\"article:modified_time\" content=\"2025-12-10T19:09:53+00:00\" \/>\n<meta property=\"og:image\" content=\"https:\/\/yazmed.ma\/wp-content\/uploads\/2024\/12\/Design-sans-titre-84.png\" \/>\n\t<meta property=\"og:image:width\" content=\"570\" \/>\n\t<meta property=\"og:image:height\" content=\"517\" \/>\n\t<meta property=\"og:image:type\" content=\"image\/png\" \/>\n<meta name=\"twitter:card\" content=\"summary_large_image\" \/>\n<meta name=\"twitter:label1\" content=\"Est. reading time\" \/>\n\t<meta name=\"twitter:data1\" content=\"1 minute\" \/>\n<script type=\"application\/ld+json\" class=\"yoast-schema-graph\">{\"@context\":\"https:\/\/schema.org\",\"@graph\":[{\"@type\":\"WebPage\",\"@id\":\"https:\/\/yazmed.ma\/product\/alcool-ethylique-a-96\/\",\"url\":\"https:\/\/yazmed.ma\/product\/alcool-ethylique-a-96\/\",\"name\":\"Alcool \u00e9thylique a 96 \u00b0 - YAZMED\",\"isPartOf\":{\"@id\":\"https:\/\/yazmed.ma\/#website\"},\"primaryImageOfPage\":{\"@id\":\"https:\/\/yazmed.ma\/product\/alcool-ethylique-a-96\/#primaryimage\"},\"image\":{\"@id\":\"https:\/\/yazmed.ma\/product\/alcool-ethylique-a-96\/#primaryimage\"},\"thumbnailUrl\":\"https:\/\/yazmed.ma\/wp-content\/uploads\/2024\/12\/Design-sans-titre-84.png\",\"datePublished\":\"2024-12-24T17:32:38+00:00\",\"dateModified\":\"2025-12-10T19:09:53+00:00\",\"breadcrumb\":{\"@id\":\"https:\/\/yazmed.ma\/product\/alcool-ethylique-a-96\/#breadcrumb\"},\"inLanguage\":\"ary\",\"potentialAction\":[{\"@type\":\"ReadAction\",\"target\":[\"https:\/\/yazmed.ma\/product\/alcool-ethylique-a-96\/\"]}]},{\"@type\":\"ImageObject\",\"inLanguage\":\"ary\",\"@id\":\"https:\/\/yazmed.ma\/product\/alcool-ethylique-a-96\/#primaryimage\",\"url\":\"https:\/\/yazmed.ma\/wp-content\/uploads\/2024\/12\/Design-sans-titre-84.png\",\"contentUrl\":\"https:\/\/yazmed.ma\/wp-content\/uploads\/2024\/12\/Design-sans-titre-84.png\",\"width\":570,\"height\":517,\"caption\":\"Alcool \u00e9thylique a 96 \u00b0 Yazmed Maroc\"},{\"@type\":\"BreadcrumbList\",\"@id\":\"https:\/\/yazmed.ma\/product\/alcool-ethylique-a-96\/#breadcrumb\",\"itemListElement\":[{\"@type\":\"ListItem\",\"position\":1,\"name\":\"Accueil\",\"item\":\"https:\/\/yazmed.ma\/\"},{\"@type\":\"ListItem\",\"position\":2,\"name\":\"Shop\",\"item\":\"https:\/\/yazmed.ma\/shop-2\/\"},{\"@type\":\"ListItem\",\"position\":3,\"name\":\"Alcool \u00e9thylique a 96 \u00b0\"}]},{\"@type\":\"WebSite\",\"@id\":\"https:\/\/yazmed.ma\/#website\",\"url\":\"https:\/\/yazmed.ma\/\",\"name\":\"Yazmed\",\"description\":\"LEADER DU MAT\u00c9RIEL M\u00c9DICAL AU MAROC\",\"publisher\":{\"@id\":\"https:\/\/yazmed.ma\/#organization\"},\"potentialAction\":[{\"@type\":\"SearchAction\",\"target\":{\"@type\":\"EntryPoint\",\"urlTemplate\":\"https:\/\/yazmed.ma\/?s={search_term_string}\"},\"query-input\":{\"@type\":\"PropertyValueSpecification\",\"valueRequired\":true,\"valueName\":\"search_term_string\"}}],\"inLanguage\":\"ary\"},{\"@type\":\"Organization\",\"@id\":\"https:\/\/yazmed.ma\/#organization\",\"name\":\"Yazmed Healthcare\",\"url\":\"https:\/\/yazmed.ma\/\",\"logo\":{\"@type\":\"ImageObject\",\"inLanguage\":\"ary\",\"@id\":\"https:\/\/yazmed.ma\/#\/schema\/logo\/image\/\",\"url\":\"https:\/\/yazmed.ma\/wp-content\/uploads\/2024\/12\/3.png\",\"contentUrl\":\"https:\/\/yazmed.ma\/wp-content\/uploads\/2024\/12\/3.png\",\"width\":250,\"height\":70,\"caption\":\"Yazmed Healthcare\"},\"image\":{\"@id\":\"https:\/\/yazmed.ma\/#\/schema\/logo\/image\/\"},\"sameAs\":[\"https:\/\/www.facebook.com\/azenkouky\",\"https:\/\/www.instagram.com\/yazmedhealthcare\",\"https:\/\/www.linkedin.com\/in\/yazmed-healthcare-1b4955295\"]}]}<\/script>\n<!-- \/ Yoast SEO plugin. -->","yoast_head_json":{"title":"Alcool \u00e9thylique a 96 \u00b0 - YAZMED","robots":{"index":"index","follow":"follow","max-snippet":"max-snippet:-1","max-image-preview":"max-image-preview:large","max-video-preview":"max-video-preview:-1"},"canonical":"https:\/\/yazmed.ma\/ar\/product\/alcool-ethylique-a-96\/","og_locale":"ar_AR","og_type":"article","og_title":"Alcool \u00e9thylique a 96 \u00b0 - YAZMED","og_description":"Alcool \u00e9thylique a 96 \u00b0 est Alcool (chimie),antiseptique et d\u00e9sinfectant tr\u00e8s puissant, id\u00e9al pour un usage m\u00e9dical ou domestique. Gr\u00e2ce \u00e0 sa concentration \u00e9lev\u00e9e, est parfait pour st\u00e9riliser les instruments, d\u00e9sinfecter la peau avant une intervention ou nettoyer les surfaces sensibles.","og_url":"https:\/\/yazmed.ma\/ar\/product\/alcool-ethylique-a-96\/","og_site_name":"YAZMED","article_publisher":"https:\/\/www.facebook.com\/azenkouky","article_modified_time":"2025-12-10T19:09:53+00:00","og_image":[{"width":570,"height":517,"url":"https:\/\/yazmed.ma\/wp-content\/uploads\/2024\/12\/Design-sans-titre-84.png","type":"image\/png"}],"twitter_card":"summary_large_image","twitter_misc":{"Est. reading time":"1 minute"},"schema":{"@context":"https:\/\/schema.org","@graph":[{"@type":"WebPage","@id":"https:\/\/yazmed.ma\/product\/alcool-ethylique-a-96\/","url":"https:\/\/yazmed.ma\/product\/alcool-ethylique-a-96\/","name":"Alcool \u00e9thylique a 96 \u00b0 - YAZMED","isPartOf":{"@id":"https:\/\/yazmed.ma\/#website"},"primaryImageOfPage":{"@id":"https:\/\/yazmed.ma\/product\/alcool-ethylique-a-96\/#primaryimage"},"image":{"@id":"https:\/\/yazmed.ma\/product\/alcool-ethylique-a-96\/#primaryimage"},"thumbnailUrl":"https:\/\/yazmed.ma\/wp-content\/uploads\/2024\/12\/Design-sans-titre-84.png","datePublished":"2024-12-24T17:32:38+00:00","dateModified":"2025-12-10T19:09:53+00:00","breadcrumb":{"@id":"https:\/\/yazmed.ma\/product\/alcool-ethylique-a-96\/#breadcrumb"},"inLanguage":"ary","potentialAction":[{"@type":"ReadAction","target":["https:\/\/yazmed.ma\/product\/alcool-ethylique-a-96\/"]}]},{"@type":"ImageObject","inLanguage":"ary","@id":"https:\/\/yazmed.ma\/product\/alcool-ethylique-a-96\/#primaryimage","url":"https:\/\/yazmed.ma\/wp-content\/uploads\/2024\/12\/Design-sans-titre-84.png","contentUrl":"https:\/\/yazmed.ma\/wp-content\/uploads\/2024\/12\/Design-sans-titre-84.png","width":570,"height":517,"caption":"Alcool \u00e9thylique a 96 \u00b0 Yazmed Maroc"},{"@type":"BreadcrumbList","@id":"https:\/\/yazmed.ma\/product\/alcool-ethylique-a-96\/#breadcrumb","itemListElement":[{"@type":"ListItem","position":1,"name":"Accueil","item":"https:\/\/yazmed.ma\/"},{"@type":"ListItem","position":2,"name":"Shop","item":"https:\/\/yazmed.ma\/shop-2\/"},{"@type":"ListItem","position":3,"name":"Alcool \u00e9thylique a 96 \u00b0"}]},{"@type":"WebSite","@id":"https:\/\/yazmed.ma\/#website","url":"https:\/\/yazmed.ma\/","name":"Yazmed","description":"LEADER DU MAT\u00c9RIEL M\u00c9DICAL AU MAROC","publisher":{"@id":"https:\/\/yazmed.ma\/#organization"},"potentialAction":[{"@type":"SearchAction","target":{"@type":"EntryPoint","urlTemplate":"https:\/\/yazmed.ma\/?s={search_term_string}"},"query-input":{"@type":"PropertyValueSpecification","valueRequired":true,"valueName":"search_term_string"}}],"inLanguage":"ary"},{"@type":"Organization","@id":"https:\/\/yazmed.ma\/#organization","name":"Yazmed Healthcare","url":"https:\/\/yazmed.ma\/","logo":{"@type":"ImageObject","inLanguage":"ary","@id":"https:\/\/yazmed.ma\/#\/schema\/logo\/image\/","url":"https:\/\/yazmed.ma\/wp-content\/uploads\/2024\/12\/3.png","contentUrl":"https:\/\/yazmed.ma\/wp-content\/uploads\/2024\/12\/3.png","width":250,"height":70,"caption":"Yazmed Healthcare"},"image":{"@id":"https:\/\/yazmed.ma\/#\/schema\/logo\/image\/"},"sameAs":["https:\/\/www.facebook.com\/azenkouky","https:\/\/www.instagram.com\/yazmedhealthcare","https:\/\/www.linkedin.com\/in\/yazmed-healthcare-1b4955295"]}]}},"_links":{"self":[{"href":"https:\/\/yazmed.ma\/ar\/wp-json\/wp\/v2\/product\/1465","targetHints":{"allow":["GET"]}}],"collection":[{"href":"https:\/\/yazmed.ma\/ar\/wp-json\/wp\/v2\/product"}],"about":[{"href":"https:\/\/yazmed.ma\/ar\/wp-json\/wp\/v2\/types\/product"}],"replies":[{"embeddable":true,"href":"https:\/\/yazmed.ma\/ar\/wp-json\/wp\/v2\/comments?post=1465"}],"version-history":[{"count":1,"href":"https:\/\/yazmed.ma\/ar\/wp-json\/wp\/v2\/product\/1465\/revisions"}],"predecessor-version":[{"id":2925,"href":"https:\/\/yazmed.ma\/ar\/wp-json\/wp\/v2\/product\/1465\/revisions\/2925"}],"wp:featuredmedia":[{"embeddable":true,"href":"https:\/\/yazmed.ma\/ar\/wp-json\/wp\/v2\/media\/1909"}],"wp:attachment":[{"href":"https:\/\/yazmed.ma\/ar\/wp-json\/wp\/v2\/media?parent=1465"}],"wp:term":[{"taxonomy":"product_brand","embeddable":true,"href":"https:\/\/yazmed.ma\/ar\/wp-json\/wp\/v2\/product_brand?post=1465"},{"taxonomy":"product_cat","embeddable":true,"href":"https:\/\/yazmed.ma\/ar\/wp-json\/wp\/v2\/product_cat?post=1465"},{"taxonomy":"product_tag","embeddable":true,"href":"https:\/\/yazmed.ma\/ar\/wp-json\/wp\/v2\/product_tag?post=1465"}],"curies":[{"name":"wp","href":"https:\/\/api.w.org\/{rel}","templated":true}]}}