{"id":1462,"date":"2024-12-24T17:25:25","date_gmt":"2024-12-24T17:25:25","guid":{"rendered":"https:\/\/yazmed.ma\/?post_type=product&#038;p=1462"},"modified":"2025-12-14T18:51:19","modified_gmt":"2025-12-14T18:51:19","slug":"anios-gel-des-mains-gel-hydroalcoolique","status":"publish","type":"product","link":"https:\/\/yazmed.ma\/ar\/product\/anios-gel-des-mains-gel-hydroalcoolique\/","title":{"rendered":"Aniosgel 85 NPC 1L Gel hydroalcoolique"},"content":{"rendered":"<p>&nbsp;<\/p>\n<h2><img decoding=\"async\" class=\"emoji\" role=\"img\" draggable=\"false\" src=\"https:\/\/s.w.org\/images\/core\/emoji\/16.0.1\/svg\/2705.svg\" alt=\"\u2705\" \/>\u00a0Avantages du Aniosgel 85 NPC<\/h2>\n<ul>\n<li>\n<h5><strong>Rapide et Efficace<\/strong>\u00a0: Action antibact\u00e9rienne en 30 secondes, avec une application facile et sans rin\u00e7age.<\/h5>\n<\/li>\n<li>\n<h5><strong>Utilisation Pratique<\/strong>\u00a0: Adapt\u00e9 aux flacons avec pompe pour une application rapide.<\/h5>\n<\/li>\n<li>\n<h5><strong>Protection Maximale<\/strong>\u00a0: Conforme aux normes de d\u00e9sinfection hospitali\u00e8re, garantissant une s\u00e9curit\u00e9 pour les professionnels de sant\u00e9.<\/h5>\n<\/li>\n<\/ul>\n<h5>Commandez <a href=\"https:\/\/www.distrimed.com\/product_info.php?products_id=6849\" target=\"_blank\" rel=\"noopener\"><strong><span class=\"noir pas_gras\">Anios gel 85 NPC Gel hydroalcoolique<\/span><\/strong><\/a><\/h5>\n<h5>\u00a0Au <strong>Meilleur Prix au Maroc<\/strong>pour assurer une hygi\u00e8ne irr\u00e9prochable, que ce soit en milieu m\u00e9dical, en entreprise ou \u00e0 domicile..<\/h5>\n<p><img decoding=\"async\" class=\"\" src=\"https:\/\/eclazon.ma\/wp-content\/uploads\/2024\/07\/anios-logo-200x100.jpg\" width=\"90\" height=\"45\" \/><\/p>","protected":false},"excerpt":{"rendered":"<h4>Anios gel 85 NPC 1L Gel hydroalcoolique<\/h4>\n<p>Gel hydroalcoolique con\u00e7u pour la d\u00e9sinfection hygi\u00e9nique des mains, adapt\u00e9 aux secteurs m\u00e9dical et industriel ainsi qu\u2019\u00e0 une utilisation quotidienne. Sa formule efficace \u00e9limine 99,9 % des bact\u00e9ries, virus et champignons, garantissant une hygi\u00e8ne optimale.<\/p>\n<p>Gel hydroalcoolique\u00a0<b>thixotropique<\/b>\u00a0pour le traitement hygi\u00e9nique et la d\u00e9sinfection chirurgicale des mains par frictions<\/p>\n<h4>Flacon de 1 litre + pompe viss\u00e9e<\/h4>\n<h4>Caract\u00e9ristiques<\/h4>\n<ul>\n<li>\n<h5>Alcool \u00e9thylique : 755 ml\/l<\/h5>\n<\/li>\n<li>\n<h5>Point \u00e9clair du produit : +\/- 23\u00b0C<\/h5>\n<\/li>\n<li>\n<h5>Densit\u00e9 \u00e0 +20\u00b0C : env. 0,863<\/h5>\n<\/li>\n<li>\n<h5>pH \u00e0 +20\u00b0C : environ 5,5 (proche de celui de la peau)<\/h5>\n<\/li>\n<li>\n<h5>Viscosit\u00e9 \u00e0 +20\u00b0C : 1200 \u00e0 2500 mPa.s<\/h5>\n<\/li>\n<li>\n<h5>Stockage : de +5\u00b0C \u00e0 +25\u00b0C<\/h5>\n<\/li>\n<li>\n<h5>Etude d\u2019a\u00e9robiocontamination disponible sur demande<\/h5>\n<\/li>\n<\/ul>\n<p>&nbsp;<\/p>\n<p><img decoding=\"async\" class=\"\" src=\"https:\/\/eclazon.ma\/wp-content\/uploads\/2024\/07\/anios-logo-200x100.jpg\" width=\"90\" height=\"45\" \/><\/p>","protected":false},"featured_media":2563,"comment_status":"open","ping_status":"closed","template":"","meta":[],"product_brand":[191],"product_cat":[56],"product_tag":[147,148,146],"class_list":{"0":"post-1462","1":"product","2":"type-product","3":"status-publish","4":"has-post-thumbnail","6":"product_brand-anios","7":"product_cat-sterilisation-hygiene","8":"product_tag-anios-1l","9":"product_tag-gel-friction-des-mains","10":"product_tag-gel-hydroalcoolique-prix-maroc","12":"first","13":"instock","14":"sale","15":"taxable","16":"shipping-taxable","17":"purchasable","18":"product-type-simple"},"yoast_head":"<!-- This site is optimized with the Yoast SEO plugin v26.9 - https:\/\/yoast.com\/product\/yoast-seo-wordpress\/ -->\n<title>Aniosgel 85 NPC 1L Gel hydroalcoolique - YAZMED<\/title>\n<meta name=\"robots\" content=\"index, follow, max-snippet:-1, max-image-preview:large, max-video-preview:-1\" \/>\n<link rel=\"canonical\" href=\"https:\/\/yazmed.ma\/ar\/product\/anios-gel-des-mains-gel-hydroalcoolique\/\" \/>\n<meta property=\"og:locale\" content=\"ar_AR\" \/>\n<meta property=\"og:type\" content=\"article\" \/>\n<meta property=\"og:title\" content=\"Aniosgel 85 NPC 1L Gel hydroalcoolique - YAZMED\" \/>\n<meta property=\"og:description\" content=\"Anios gel 85 NPC 1L Gel hydroalcoolique Gel hydroalcoolique con\u00e7u pour la d\u00e9sinfection hygi\u00e9nique des mains, adapt\u00e9 aux secteurs m\u00e9dical et industriel ainsi qu\u2019\u00e0 une utilisation quotidienne. Sa formule efficace \u00e9limine 99,9 % des bact\u00e9ries, virus et champignons, garantissant une hygi\u00e8ne optimale.  Gel hydroalcoolique\u00a0thixotropique\u00a0pour le traitement hygi\u00e9nique et la d\u00e9sinfection chirurgicale des mains par frictions Flacon de 1 litre + pompe viss\u00e9e Caract\u00e9ristiques    Alcool \u00e9thylique : 755 ml\/l    Point \u00e9clair du produit : +\/- 23\u00b0C    Densit\u00e9 \u00e0 +20\u00b0C : env. 0,863    pH \u00e0 +20\u00b0C : environ 5,5 (proche de celui de la peau)    Viscosit\u00e9 \u00e0 +20\u00b0C : 1200 \u00e0 2500 mPa.s    Stockage : de +5\u00b0C \u00e0 +25\u00b0C    Etude d\u2019a\u00e9robiocontamination disponible sur demande   &nbsp;\" \/>\n<meta property=\"og:url\" content=\"https:\/\/yazmed.ma\/ar\/product\/anios-gel-des-mains-gel-hydroalcoolique\/\" \/>\n<meta property=\"og:site_name\" content=\"YAZMED\" \/>\n<meta property=\"article:publisher\" content=\"https:\/\/www.facebook.com\/azenkouky\" \/>\n<meta property=\"article:modified_time\" content=\"2025-12-14T18:51:19+00:00\" \/>\n<meta property=\"og:image\" content=\"https:\/\/yazmed.ma\/wp-content\/uploads\/2024\/12\/aniosgel-85-npc-2.jpg\" \/>\n\t<meta property=\"og:image:width\" content=\"800\" \/>\n\t<meta property=\"og:image:height\" content=\"600\" \/>\n\t<meta property=\"og:image:type\" content=\"image\/jpeg\" \/>\n<meta name=\"twitter:card\" content=\"summary_large_image\" \/>\n<meta name=\"twitter:label1\" content=\"Est. reading time\" \/>\n\t<meta name=\"twitter:data1\" content=\"1 minute\" \/>\n<script type=\"application\/ld+json\" class=\"yoast-schema-graph\">{\"@context\":\"https:\/\/schema.org\",\"@graph\":[{\"@type\":\"WebPage\",\"@id\":\"https:\/\/yazmed.ma\/product\/anios-gel-des-mains-gel-hydroalcoolique\/\",\"url\":\"https:\/\/yazmed.ma\/product\/anios-gel-des-mains-gel-hydroalcoolique\/\",\"name\":\"Aniosgel 85 NPC 1L Gel hydroalcoolique - YAZMED\",\"isPartOf\":{\"@id\":\"https:\/\/yazmed.ma\/#website\"},\"primaryImageOfPage\":{\"@id\":\"https:\/\/yazmed.ma\/product\/anios-gel-des-mains-gel-hydroalcoolique\/#primaryimage\"},\"image\":{\"@id\":\"https:\/\/yazmed.ma\/product\/anios-gel-des-mains-gel-hydroalcoolique\/#primaryimage\"},\"thumbnailUrl\":\"https:\/\/yazmed.ma\/wp-content\/uploads\/2024\/12\/Anios-gel-hydroalcoolique-Aniosgel.webp\",\"datePublished\":\"2024-12-24T17:25:25+00:00\",\"dateModified\":\"2025-12-14T18:51:19+00:00\",\"breadcrumb\":{\"@id\":\"https:\/\/yazmed.ma\/product\/anios-gel-des-mains-gel-hydroalcoolique\/#breadcrumb\"},\"inLanguage\":\"ary\",\"potentialAction\":[{\"@type\":\"ReadAction\",\"target\":[\"https:\/\/yazmed.ma\/product\/anios-gel-des-mains-gel-hydroalcoolique\/\"]}]},{\"@type\":\"ImageObject\",\"inLanguage\":\"ary\",\"@id\":\"https:\/\/yazmed.ma\/product\/anios-gel-des-mains-gel-hydroalcoolique\/#primaryimage\",\"url\":\"https:\/\/yazmed.ma\/wp-content\/uploads\/2024\/12\/Anios-gel-hydroalcoolique-Aniosgel.webp\",\"contentUrl\":\"https:\/\/yazmed.ma\/wp-content\/uploads\/2024\/12\/Anios-gel-hydroalcoolique-Aniosgel.webp\",\"width\":570,\"height\":517,\"caption\":\"Aniosgel 85 NPC 1L Gel hydroalcoolique \u2013 Au Meilleur Prix Maroc\"},{\"@type\":\"BreadcrumbList\",\"@id\":\"https:\/\/yazmed.ma\/product\/anios-gel-des-mains-gel-hydroalcoolique\/#breadcrumb\",\"itemListElement\":[{\"@type\":\"ListItem\",\"position\":1,\"name\":\"Accueil\",\"item\":\"https:\/\/yazmed.ma\/\"},{\"@type\":\"ListItem\",\"position\":2,\"name\":\"Shop\",\"item\":\"https:\/\/yazmed.ma\/shop-2\/\"},{\"@type\":\"ListItem\",\"position\":3,\"name\":\"ANIOS GEL DES MAINS Gel hydroalcoolique\"}]},{\"@type\":\"WebSite\",\"@id\":\"https:\/\/yazmed.ma\/#website\",\"url\":\"https:\/\/yazmed.ma\/\",\"name\":\"Yazmed\",\"description\":\"LEADER DU MAT\u00c9RIEL M\u00c9DICAL AU MAROC\",\"publisher\":{\"@id\":\"https:\/\/yazmed.ma\/#organization\"},\"potentialAction\":[{\"@type\":\"SearchAction\",\"target\":{\"@type\":\"EntryPoint\",\"urlTemplate\":\"https:\/\/yazmed.ma\/?s={search_term_string}\"},\"query-input\":{\"@type\":\"PropertyValueSpecification\",\"valueRequired\":true,\"valueName\":\"search_term_string\"}}],\"inLanguage\":\"ary\"},{\"@type\":\"Organization\",\"@id\":\"https:\/\/yazmed.ma\/#organization\",\"name\":\"Yazmed Healthcare\",\"url\":\"https:\/\/yazmed.ma\/\",\"logo\":{\"@type\":\"ImageObject\",\"inLanguage\":\"ary\",\"@id\":\"https:\/\/yazmed.ma\/#\/schema\/logo\/image\/\",\"url\":\"https:\/\/yazmed.ma\/wp-content\/uploads\/2024\/12\/3.png\",\"contentUrl\":\"https:\/\/yazmed.ma\/wp-content\/uploads\/2024\/12\/3.png\",\"width\":250,\"height\":70,\"caption\":\"Yazmed Healthcare\"},\"image\":{\"@id\":\"https:\/\/yazmed.ma\/#\/schema\/logo\/image\/\"},\"sameAs\":[\"https:\/\/www.facebook.com\/azenkouky\",\"https:\/\/www.instagram.com\/yazmedhealthcare\",\"https:\/\/www.linkedin.com\/in\/yazmed-healthcare-1b4955295\"]}]}<\/script>\n<!-- \/ Yoast SEO plugin. -->","yoast_head_json":{"title":"Aniosgel 85 NPC 1L Gel hydroalcoolique - YAZMED","robots":{"index":"index","follow":"follow","max-snippet":"max-snippet:-1","max-image-preview":"max-image-preview:large","max-video-preview":"max-video-preview:-1"},"canonical":"https:\/\/yazmed.ma\/ar\/product\/anios-gel-des-mains-gel-hydroalcoolique\/","og_locale":"ar_AR","og_type":"article","og_title":"Aniosgel 85 NPC 1L Gel hydroalcoolique - YAZMED","og_description":"Anios gel 85 NPC 1L Gel hydroalcoolique Gel hydroalcoolique con\u00e7u pour la d\u00e9sinfection hygi\u00e9nique des mains, adapt\u00e9 aux secteurs m\u00e9dical et industriel ainsi qu\u2019\u00e0 une utilisation quotidienne. Sa formule efficace \u00e9limine 99,9 % des bact\u00e9ries, virus et champignons, garantissant une hygi\u00e8ne optimale.  Gel hydroalcoolique\u00a0thixotropique\u00a0pour le traitement hygi\u00e9nique et la d\u00e9sinfection chirurgicale des mains par frictions Flacon de 1 litre + pompe viss\u00e9e Caract\u00e9ristiques    Alcool \u00e9thylique : 755 ml\/l    Point \u00e9clair du produit : +\/- 23\u00b0C    Densit\u00e9 \u00e0 +20\u00b0C : env. 0,863    pH \u00e0 +20\u00b0C : environ 5,5 (proche de celui de la peau)    Viscosit\u00e9 \u00e0 +20\u00b0C : 1200 \u00e0 2500 mPa.s    Stockage : de +5\u00b0C \u00e0 +25\u00b0C    Etude d\u2019a\u00e9robiocontamination disponible sur demande   &nbsp;","og_url":"https:\/\/yazmed.ma\/ar\/product\/anios-gel-des-mains-gel-hydroalcoolique\/","og_site_name":"YAZMED","article_publisher":"https:\/\/www.facebook.com\/azenkouky","article_modified_time":"2025-12-14T18:51:19+00:00","og_image":[{"width":800,"height":600,"url":"https:\/\/yazmed.ma\/wp-content\/uploads\/2024\/12\/aniosgel-85-npc-2.jpg","type":"image\/jpeg"}],"twitter_card":"summary_large_image","twitter_misc":{"Est. reading time":"1 minute"},"schema":{"@context":"https:\/\/schema.org","@graph":[{"@type":"WebPage","@id":"https:\/\/yazmed.ma\/product\/anios-gel-des-mains-gel-hydroalcoolique\/","url":"https:\/\/yazmed.ma\/product\/anios-gel-des-mains-gel-hydroalcoolique\/","name":"Aniosgel 85 NPC 1L Gel hydroalcoolique - YAZMED","isPartOf":{"@id":"https:\/\/yazmed.ma\/#website"},"primaryImageOfPage":{"@id":"https:\/\/yazmed.ma\/product\/anios-gel-des-mains-gel-hydroalcoolique\/#primaryimage"},"image":{"@id":"https:\/\/yazmed.ma\/product\/anios-gel-des-mains-gel-hydroalcoolique\/#primaryimage"},"thumbnailUrl":"https:\/\/yazmed.ma\/wp-content\/uploads\/2024\/12\/Anios-gel-hydroalcoolique-Aniosgel.webp","datePublished":"2024-12-24T17:25:25+00:00","dateModified":"2025-12-14T18:51:19+00:00","breadcrumb":{"@id":"https:\/\/yazmed.ma\/product\/anios-gel-des-mains-gel-hydroalcoolique\/#breadcrumb"},"inLanguage":"ary","potentialAction":[{"@type":"ReadAction","target":["https:\/\/yazmed.ma\/product\/anios-gel-des-mains-gel-hydroalcoolique\/"]}]},{"@type":"ImageObject","inLanguage":"ary","@id":"https:\/\/yazmed.ma\/product\/anios-gel-des-mains-gel-hydroalcoolique\/#primaryimage","url":"https:\/\/yazmed.ma\/wp-content\/uploads\/2024\/12\/Anios-gel-hydroalcoolique-Aniosgel.webp","contentUrl":"https:\/\/yazmed.ma\/wp-content\/uploads\/2024\/12\/Anios-gel-hydroalcoolique-Aniosgel.webp","width":570,"height":517,"caption":"Aniosgel 85 NPC 1L Gel hydroalcoolique \u2013 Au Meilleur Prix Maroc"},{"@type":"BreadcrumbList","@id":"https:\/\/yazmed.ma\/product\/anios-gel-des-mains-gel-hydroalcoolique\/#breadcrumb","itemListElement":[{"@type":"ListItem","position":1,"name":"Accueil","item":"https:\/\/yazmed.ma\/"},{"@type":"ListItem","position":2,"name":"Shop","item":"https:\/\/yazmed.ma\/shop-2\/"},{"@type":"ListItem","position":3,"name":"ANIOS GEL DES MAINS Gel hydroalcoolique"}]},{"@type":"WebSite","@id":"https:\/\/yazmed.ma\/#website","url":"https:\/\/yazmed.ma\/","name":"Yazmed","description":"LEADER DU MAT\u00c9RIEL M\u00c9DICAL AU MAROC","publisher":{"@id":"https:\/\/yazmed.ma\/#organization"},"potentialAction":[{"@type":"SearchAction","target":{"@type":"EntryPoint","urlTemplate":"https:\/\/yazmed.ma\/?s={search_term_string}"},"query-input":{"@type":"PropertyValueSpecification","valueRequired":true,"valueName":"search_term_string"}}],"inLanguage":"ary"},{"@type":"Organization","@id":"https:\/\/yazmed.ma\/#organization","name":"Yazmed Healthcare","url":"https:\/\/yazmed.ma\/","logo":{"@type":"ImageObject","inLanguage":"ary","@id":"https:\/\/yazmed.ma\/#\/schema\/logo\/image\/","url":"https:\/\/yazmed.ma\/wp-content\/uploads\/2024\/12\/3.png","contentUrl":"https:\/\/yazmed.ma\/wp-content\/uploads\/2024\/12\/3.png","width":250,"height":70,"caption":"Yazmed Healthcare"},"image":{"@id":"https:\/\/yazmed.ma\/#\/schema\/logo\/image\/"},"sameAs":["https:\/\/www.facebook.com\/azenkouky","https:\/\/www.instagram.com\/yazmedhealthcare","https:\/\/www.linkedin.com\/in\/yazmed-healthcare-1b4955295"]}]}},"_links":{"self":[{"href":"https:\/\/yazmed.ma\/ar\/wp-json\/wp\/v2\/product\/1462","targetHints":{"allow":["GET"]}}],"collection":[{"href":"https:\/\/yazmed.ma\/ar\/wp-json\/wp\/v2\/product"}],"about":[{"href":"https:\/\/yazmed.ma\/ar\/wp-json\/wp\/v2\/types\/product"}],"replies":[{"embeddable":true,"href":"https:\/\/yazmed.ma\/ar\/wp-json\/wp\/v2\/comments?post=1462"}],"version-history":[{"count":1,"href":"https:\/\/yazmed.ma\/ar\/wp-json\/wp\/v2\/product\/1462\/revisions"}],"predecessor-version":[{"id":2562,"href":"https:\/\/yazmed.ma\/ar\/wp-json\/wp\/v2\/product\/1462\/revisions\/2562"}],"wp:featuredmedia":[{"embeddable":true,"href":"https:\/\/yazmed.ma\/ar\/wp-json\/wp\/v2\/media\/2563"}],"wp:attachment":[{"href":"https:\/\/yazmed.ma\/ar\/wp-json\/wp\/v2\/media?parent=1462"}],"wp:term":[{"taxonomy":"product_brand","embeddable":true,"href":"https:\/\/yazmed.ma\/ar\/wp-json\/wp\/v2\/product_brand?post=1462"},{"taxonomy":"product_cat","embeddable":true,"href":"https:\/\/yazmed.ma\/ar\/wp-json\/wp\/v2\/product_cat?post=1462"},{"taxonomy":"product_tag","embeddable":true,"href":"https:\/\/yazmed.ma\/ar\/wp-json\/wp\/v2\/product_tag?post=1462"}],"curies":[{"name":"wp","href":"https:\/\/api.w.org\/{rel}","templated":true}]}}