{"id":1460,"date":"2024-12-24T17:14:00","date_gmt":"2024-12-24T17:14:00","guid":{"rendered":"https:\/\/yazmed.ma\/?post_type=product&#038;p=1460"},"modified":"2025-12-14T18:39:30","modified_gmt":"2025-12-14T18:39:30","slug":"detrox","status":"publish","type":"product","link":"https:\/\/yazmed.ma\/ar\/product\/detrox\/","title":{"rendered":"CIDEX DETROX DESINFECTANT 2%"},"content":{"rendered":"<h2><\/h2>\n<p><strong>D\u00e9sinfectant de haut niveau pour dispositifs m\u00e9dicaux et endoscopes \u00e0 base d&rsquo;acide perac\u00e9tique<\/strong><strong>\u00a0<\/strong><\/p>\n<p><strong><img decoding=\"async\" class=\"emoji\" role=\"img\" draggable=\"false\" src=\"https:\/\/s.w.org\/images\/core\/emoji\/16.0.1\/svg\/2705.svg\" alt=\"\u2705\" \/>DOMAINES D&rsquo;UTILISATION :<\/strong><\/p>\n<p>Instruments de chirurgie g\u00e9n\u00e9rale<br \/>\nInstruments d&rsquo;anesth\u00e9sie<br \/>\nInstruments de chirurgie dentaire<br \/>\nEndoscopes rigides et flexibles<br \/>\nInstruments m\u00e9dicaux en plastique, silicone, verre, acrylate et caoutchouc<\/p>\n<p><img decoding=\"async\" class=\"\" src=\"https:\/\/static.tildacdn.com\/tild3633-6232-4634-a138-343734373136\/2_1.svg\" alt=\"Detrox Endo - \u043a\u0443\u043f\u0438\u0442\u044c \u043f\u0440\u043e\u0444\u0435\u0441\u0441\u0438\u043e\u043d\u0430\u043b\u044c\u043d\u044b\u0435 \u0434\u0435\u0437\u0438\u043d\u0444\u0438\u0446\u0438\u0440\u0443\u044e\u0449\u0438\u0435 \u043f\u0440\u0435\u043f\u0430\u0440\u0430\u0442\u044b \u0434\u043b\u044f \u043e\u0431\u0440\u0430\u0431\u043e\u0442\u043a\u0438 \u0438 \u0441\u0442\u0435\u0440\u0438\u043b\u0438\u0437\u0430\u0446\u0438\u0438\" width=\"61\" height=\"61\" \/><\/p>\n<p><a href=\"https:\/\/detrox.com.tr\/en\/label-reading-guide-for-hygiene-and-disinfection-products-what-does-it-mean\/\" target=\"_blank\" rel=\"noopener\"><span dir=\"auto\">Guide de lecture des \u00e9tiquettes des produits d\u2019hygi\u00e8ne et de d\u00e9sinfection : qu\u2019est-ce que cela signifie ?<\/span><\/a><\/p>\n<p>&nbsp;<\/p>","protected":false},"excerpt":{"rendered":"<h5>DETROX DESINFECTANT<\/h5>\n<p><span style=\"font-size: 16px;\">Est un d\u00e9sinfectant \u00e0 froid a base de la glutarald\u00e9hyde a 2% pour la d\u00e9sinfection des instruments chirurgicaux rigides et thermosensibles et qui \u00e9limine l\u2019\u00e9vaporation de la glutarald\u00e9hyde. Son activit\u00e9 du bain est de 28 jours\u00a0<\/span><\/p>\n<p>Co\u00fbt avantageux des produits modernes et de haute qualit\u00e9<\/p>\n<p><img decoding=\"async\" class=\"\" src=\"https:\/\/static.tildacdn.com\/tild3633-6232-4634-a138-343734373136\/2_1.svg\" alt=\"Detrox Endo - \u043a\u0443\u043f\u0438\u0442\u044c \u043f\u0440\u043e\u0444\u0435\u0441\u0441\u0438\u043e\u043d\u0430\u043b\u044c\u043d\u044b\u0435 \u0434\u0435\u0437\u0438\u043d\u0444\u0438\u0446\u0438\u0440\u0443\u044e\u0449\u0438\u0435 \u043f\u0440\u0435\u043f\u0430\u0440\u0430\u0442\u044b \u0434\u043b\u044f \u043e\u0431\u0440\u0430\u0431\u043e\u0442\u043a\u0438 \u0438 \u0441\u0442\u0435\u0440\u0438\u043b\u0438\u0437\u0430\u0446\u0438\u0438\" width=\"61\" height=\"61\" \/><\/p>","protected":false},"featured_media":2945,"comment_status":"open","ping_status":"closed","template":"","meta":[],"product_brand":[],"product_cat":[56],"product_tag":[142,143,74],"class_list":{"0":"post-1460","1":"product","2":"type-product","3":"status-publish","4":"has-post-thumbnail","6":"product_cat-sterilisation-hygiene","7":"product_tag-cidex","8":"product_tag-detrox","9":"product_tag-sterilisation-a-froid","11":"first","12":"instock","13":"sale","14":"taxable","15":"shipping-taxable","16":"purchasable","17":"product-type-simple"},"yoast_head":"<!-- This site is optimized with the Yoast SEO plugin v26.9 - https:\/\/yoast.com\/product\/yoast-seo-wordpress\/ -->\n<title>CIDEX DETROX DESINFECTANT 2% - YAZMED<\/title>\n<meta name=\"robots\" content=\"index, follow, max-snippet:-1, max-image-preview:large, max-video-preview:-1\" \/>\n<link rel=\"canonical\" href=\"https:\/\/yazmed.ma\/ar\/product\/detrox-cedex\/\" \/>\n<meta property=\"og:locale\" content=\"ar_AR\" \/>\n<meta property=\"og:type\" content=\"article\" \/>\n<meta property=\"og:title\" content=\"CIDEX DETROX DESINFECTANT 2% - YAZMED\" \/>\n<meta property=\"og:description\" content=\"DETROX DESINFECTANT Est un d\u00e9sinfectant \u00e0 froid a base de la glutarald\u00e9hyde a 2% pour la d\u00e9sinfection des instruments chirurgicaux rigides et thermosensibles et qui \u00e9limine l\u2019\u00e9vaporation de la glutarald\u00e9hyde. Son activit\u00e9 du bain est de 28 jours\u00a0  Co\u00fbt avantageux des produits modernes et de haute qualit\u00e9\" \/>\n<meta property=\"og:url\" content=\"https:\/\/yazmed.ma\/ar\/product\/detrox-cedex\/\" \/>\n<meta property=\"og:site_name\" content=\"YAZMED\" \/>\n<meta property=\"article:publisher\" content=\"https:\/\/www.facebook.com\/azenkouky\" \/>\n<meta property=\"article:modified_time\" content=\"2025-12-14T18:39:30+00:00\" \/>\n<meta property=\"og:image\" content=\"https:\/\/yazmed.ma\/wp-content\/uploads\/2024\/12\/Design-sans-titre-82.png\" \/>\n\t<meta property=\"og:image:width\" content=\"570\" \/>\n\t<meta property=\"og:image:height\" content=\"517\" \/>\n\t<meta property=\"og:image:type\" content=\"image\/png\" \/>\n<meta name=\"twitter:card\" content=\"summary_large_image\" \/>\n<meta name=\"twitter:label1\" content=\"Est. reading time\" \/>\n\t<meta name=\"twitter:data1\" content=\"1 minute\" \/>\n<script type=\"application\/ld+json\" class=\"yoast-schema-graph\">{\"@context\":\"https:\/\/schema.org\",\"@graph\":[{\"@type\":\"WebPage\",\"@id\":\"https:\/\/yazmed.ma\/product\/detrox-cedex\/\",\"url\":\"https:\/\/yazmed.ma\/product\/detrox-cedex\/\",\"name\":\"CIDEX DETROX DESINFECTANT 2% - YAZMED\",\"isPartOf\":{\"@id\":\"https:\/\/yazmed.ma\/#website\"},\"primaryImageOfPage\":{\"@id\":\"https:\/\/yazmed.ma\/product\/detrox-cedex\/#primaryimage\"},\"image\":{\"@id\":\"https:\/\/yazmed.ma\/product\/detrox-cedex\/#primaryimage\"},\"thumbnailUrl\":\"https:\/\/yazmed.ma\/wp-content\/uploads\/2024\/12\/CIDEX-DETROX-DESINFECTAN.webp\",\"datePublished\":\"2024-12-24T17:14:00+00:00\",\"dateModified\":\"2025-12-14T18:39:30+00:00\",\"breadcrumb\":{\"@id\":\"https:\/\/yazmed.ma\/product\/detrox-cedex\/#breadcrumb\"},\"inLanguage\":\"ary\",\"potentialAction\":[{\"@type\":\"ReadAction\",\"target\":[\"https:\/\/yazmed.ma\/product\/detrox-cedex\/\"]}]},{\"@type\":\"ImageObject\",\"inLanguage\":\"ary\",\"@id\":\"https:\/\/yazmed.ma\/product\/detrox-cedex\/#primaryimage\",\"url\":\"https:\/\/yazmed.ma\/wp-content\/uploads\/2024\/12\/CIDEX-DETROX-DESINFECTAN.webp\",\"contentUrl\":\"https:\/\/yazmed.ma\/wp-content\/uploads\/2024\/12\/CIDEX-DETROX-DESINFECTAN.webp\",\"width\":570,\"height\":517,\"caption\":\"CIDEX DETROX DESINFECTAN\"},{\"@type\":\"BreadcrumbList\",\"@id\":\"https:\/\/yazmed.ma\/product\/detrox-cedex\/#breadcrumb\",\"itemListElement\":[{\"@type\":\"ListItem\",\"position\":1,\"name\":\"Accueil\",\"item\":\"https:\/\/yazmed.ma\/\"},{\"@type\":\"ListItem\",\"position\":2,\"name\":\"Shop\",\"item\":\"https:\/\/yazmed.ma\/shop-2\/\"},{\"@type\":\"ListItem\",\"position\":3,\"name\":\"DETROX CEDEX\"}]},{\"@type\":\"WebSite\",\"@id\":\"https:\/\/yazmed.ma\/#website\",\"url\":\"https:\/\/yazmed.ma\/\",\"name\":\"Yazmed\",\"description\":\"LEADER DU MAT\u00c9RIEL M\u00c9DICAL AU MAROC\",\"publisher\":{\"@id\":\"https:\/\/yazmed.ma\/#organization\"},\"potentialAction\":[{\"@type\":\"SearchAction\",\"target\":{\"@type\":\"EntryPoint\",\"urlTemplate\":\"https:\/\/yazmed.ma\/?s={search_term_string}\"},\"query-input\":{\"@type\":\"PropertyValueSpecification\",\"valueRequired\":true,\"valueName\":\"search_term_string\"}}],\"inLanguage\":\"ary\"},{\"@type\":\"Organization\",\"@id\":\"https:\/\/yazmed.ma\/#organization\",\"name\":\"Yazmed Healthcare\",\"url\":\"https:\/\/yazmed.ma\/\",\"logo\":{\"@type\":\"ImageObject\",\"inLanguage\":\"ary\",\"@id\":\"https:\/\/yazmed.ma\/#\/schema\/logo\/image\/\",\"url\":\"https:\/\/yazmed.ma\/wp-content\/uploads\/2024\/12\/3.png\",\"contentUrl\":\"https:\/\/yazmed.ma\/wp-content\/uploads\/2024\/12\/3.png\",\"width\":250,\"height\":70,\"caption\":\"Yazmed Healthcare\"},\"image\":{\"@id\":\"https:\/\/yazmed.ma\/#\/schema\/logo\/image\/\"},\"sameAs\":[\"https:\/\/www.facebook.com\/azenkouky\",\"https:\/\/www.instagram.com\/yazmedhealthcare\",\"https:\/\/www.linkedin.com\/in\/yazmed-healthcare-1b4955295\"]}]}<\/script>\n<!-- \/ Yoast SEO plugin. -->","yoast_head_json":{"title":"CIDEX DETROX DESINFECTANT 2% - YAZMED","robots":{"index":"index","follow":"follow","max-snippet":"max-snippet:-1","max-image-preview":"max-image-preview:large","max-video-preview":"max-video-preview:-1"},"canonical":"https:\/\/yazmed.ma\/ar\/product\/detrox-cedex\/","og_locale":"ar_AR","og_type":"article","og_title":"CIDEX DETROX DESINFECTANT 2% - YAZMED","og_description":"DETROX DESINFECTANT Est un d\u00e9sinfectant \u00e0 froid a base de la glutarald\u00e9hyde a 2% pour la d\u00e9sinfection des instruments chirurgicaux rigides et thermosensibles et qui \u00e9limine l\u2019\u00e9vaporation de la glutarald\u00e9hyde. Son activit\u00e9 du bain est de 28 jours\u00a0  Co\u00fbt avantageux des produits modernes et de haute qualit\u00e9","og_url":"https:\/\/yazmed.ma\/ar\/product\/detrox-cedex\/","og_site_name":"YAZMED","article_publisher":"https:\/\/www.facebook.com\/azenkouky","article_modified_time":"2025-12-14T18:39:30+00:00","og_image":[{"width":570,"height":517,"url":"https:\/\/yazmed.ma\/wp-content\/uploads\/2024\/12\/Design-sans-titre-82.png","type":"image\/png"}],"twitter_card":"summary_large_image","twitter_misc":{"Est. reading time":"1 minute"},"schema":{"@context":"https:\/\/schema.org","@graph":[{"@type":"WebPage","@id":"https:\/\/yazmed.ma\/product\/detrox-cedex\/","url":"https:\/\/yazmed.ma\/product\/detrox-cedex\/","name":"CIDEX DETROX DESINFECTANT 2% - YAZMED","isPartOf":{"@id":"https:\/\/yazmed.ma\/#website"},"primaryImageOfPage":{"@id":"https:\/\/yazmed.ma\/product\/detrox-cedex\/#primaryimage"},"image":{"@id":"https:\/\/yazmed.ma\/product\/detrox-cedex\/#primaryimage"},"thumbnailUrl":"https:\/\/yazmed.ma\/wp-content\/uploads\/2024\/12\/CIDEX-DETROX-DESINFECTAN.webp","datePublished":"2024-12-24T17:14:00+00:00","dateModified":"2025-12-14T18:39:30+00:00","breadcrumb":{"@id":"https:\/\/yazmed.ma\/product\/detrox-cedex\/#breadcrumb"},"inLanguage":"ary","potentialAction":[{"@type":"ReadAction","target":["https:\/\/yazmed.ma\/product\/detrox-cedex\/"]}]},{"@type":"ImageObject","inLanguage":"ary","@id":"https:\/\/yazmed.ma\/product\/detrox-cedex\/#primaryimage","url":"https:\/\/yazmed.ma\/wp-content\/uploads\/2024\/12\/CIDEX-DETROX-DESINFECTAN.webp","contentUrl":"https:\/\/yazmed.ma\/wp-content\/uploads\/2024\/12\/CIDEX-DETROX-DESINFECTAN.webp","width":570,"height":517,"caption":"CIDEX DETROX DESINFECTAN"},{"@type":"BreadcrumbList","@id":"https:\/\/yazmed.ma\/product\/detrox-cedex\/#breadcrumb","itemListElement":[{"@type":"ListItem","position":1,"name":"Accueil","item":"https:\/\/yazmed.ma\/"},{"@type":"ListItem","position":2,"name":"Shop","item":"https:\/\/yazmed.ma\/shop-2\/"},{"@type":"ListItem","position":3,"name":"DETROX CEDEX"}]},{"@type":"WebSite","@id":"https:\/\/yazmed.ma\/#website","url":"https:\/\/yazmed.ma\/","name":"Yazmed","description":"LEADER DU MAT\u00c9RIEL M\u00c9DICAL AU MAROC","publisher":{"@id":"https:\/\/yazmed.ma\/#organization"},"potentialAction":[{"@type":"SearchAction","target":{"@type":"EntryPoint","urlTemplate":"https:\/\/yazmed.ma\/?s={search_term_string}"},"query-input":{"@type":"PropertyValueSpecification","valueRequired":true,"valueName":"search_term_string"}}],"inLanguage":"ary"},{"@type":"Organization","@id":"https:\/\/yazmed.ma\/#organization","name":"Yazmed Healthcare","url":"https:\/\/yazmed.ma\/","logo":{"@type":"ImageObject","inLanguage":"ary","@id":"https:\/\/yazmed.ma\/#\/schema\/logo\/image\/","url":"https:\/\/yazmed.ma\/wp-content\/uploads\/2024\/12\/3.png","contentUrl":"https:\/\/yazmed.ma\/wp-content\/uploads\/2024\/12\/3.png","width":250,"height":70,"caption":"Yazmed Healthcare"},"image":{"@id":"https:\/\/yazmed.ma\/#\/schema\/logo\/image\/"},"sameAs":["https:\/\/www.facebook.com\/azenkouky","https:\/\/www.instagram.com\/yazmedhealthcare","https:\/\/www.linkedin.com\/in\/yazmed-healthcare-1b4955295"]}]}},"_links":{"self":[{"href":"https:\/\/yazmed.ma\/ar\/wp-json\/wp\/v2\/product\/1460","targetHints":{"allow":["GET"]}}],"collection":[{"href":"https:\/\/yazmed.ma\/ar\/wp-json\/wp\/v2\/product"}],"about":[{"href":"https:\/\/yazmed.ma\/ar\/wp-json\/wp\/v2\/types\/product"}],"replies":[{"embeddable":true,"href":"https:\/\/yazmed.ma\/ar\/wp-json\/wp\/v2\/comments?post=1460"}],"version-history":[{"count":1,"href":"https:\/\/yazmed.ma\/ar\/wp-json\/wp\/v2\/product\/1460\/revisions"}],"predecessor-version":[{"id":2720,"href":"https:\/\/yazmed.ma\/ar\/wp-json\/wp\/v2\/product\/1460\/revisions\/2720"}],"wp:featuredmedia":[{"embeddable":true,"href":"https:\/\/yazmed.ma\/ar\/wp-json\/wp\/v2\/media\/2945"}],"wp:attachment":[{"href":"https:\/\/yazmed.ma\/ar\/wp-json\/wp\/v2\/media?parent=1460"}],"wp:term":[{"taxonomy":"product_brand","embeddable":true,"href":"https:\/\/yazmed.ma\/ar\/wp-json\/wp\/v2\/product_brand?post=1460"},{"taxonomy":"product_cat","embeddable":true,"href":"https:\/\/yazmed.ma\/ar\/wp-json\/wp\/v2\/product_cat?post=1460"},{"taxonomy":"product_tag","embeddable":true,"href":"https:\/\/yazmed.ma\/ar\/wp-json\/wp\/v2\/product_tag?post=1460"}],"curies":[{"name":"wp","href":"https:\/\/api.w.org\/{rel}","templated":true}]}}