{"id":1458,"date":"2024-12-24T17:10:14","date_gmt":"2024-12-24T17:10:14","guid":{"rendered":"https:\/\/yazmed.ma\/?post_type=product&#038;p=1458"},"modified":"2025-12-15T20:40:38","modified_gmt":"2025-12-15T20:40:38","slug":"ruban-indicateur-de-sterilisation-50m","status":"publish","type":"product","link":"https:\/\/yazmed.ma\/ar\/product\/ruban-indicateur-de-sterilisation-50m\/","title":{"rendered":"RUBAN INDICATEUR DE STERILISATION 50M"},"content":{"rendered":"<p>&nbsp;<\/p>\n<p><img decoding=\"async\" class=\"emoji\" role=\"img\" draggable=\"false\" src=\"https:\/\/s.w.org\/images\/core\/emoji\/16.0.1\/svg\/2705.svg\" alt=\"\u2705\" \/>\u00a0 autocollante facile \u00e0 \u00f4ter, permettant de contr\u00f4ler parfaitement le processus<\/p>\n<p><img decoding=\"async\" class=\"\" src=\"https:\/\/eclazon.ma\/wp-content\/uploads\/2024\/07\/anios-logo-200x100.jpg\" width=\"66\" height=\"33\" \/><\/p>\n<p>&nbsp;<\/p>","protected":false},"excerpt":{"rendered":"<h5><strong>RUBAN INDICATEUR DE STERILISATION 5O M<\/strong><\/h5>\n<p>Rubans indicateurs de st\u00e9rilisation autocollants en papier semi-cr\u00eap\u00e9. Il adh\u00e8re sur diff\u00e9rentes surfaces comme le plastique, le m\u00e9tal, les tissus, le papier, le carton, etc.\u00a0 permette de contr\u00f4ler et <a title=\"\" href=\"https:\/\/fr.wikipedia.org\/wiki\/St%C3%A9rilisation_(microbiologie)\">st\u00e9riliser<\/a><\/p>\n<p>Ruban adh\u00e9sif individuel avec indicateur de processus\u00a0 \u00e0 la vapeur (autoclave)<\/p>\n<p><img decoding=\"async\" class=\"\" src=\"https:\/\/eclazon.ma\/wp-content\/uploads\/2024\/07\/anios-logo-200x100.jpg\" width=\"66\" height=\"33\" \/><\/p>","protected":false},"featured_media":2962,"comment_status":"open","ping_status":"closed","template":"","meta":[],"product_brand":[],"product_cat":[56],"product_tag":[],"class_list":{"0":"post-1458","1":"product","2":"type-product","3":"status-publish","4":"has-post-thumbnail","6":"product_cat-sterilisation-hygiene","8":"first","9":"instock","10":"taxable","11":"shipping-taxable","12":"product-type-simple"},"yoast_head":"<!-- This site is optimized with the Yoast SEO plugin v26.9 - https:\/\/yoast.com\/product\/yoast-seo-wordpress\/ -->\n<title>RUBAN INDICATEUR DE STERILISATION 50M - YAZMED<\/title>\n<meta name=\"robots\" content=\"index, follow, max-snippet:-1, max-image-preview:large, max-video-preview:-1\" \/>\n<link rel=\"canonical\" href=\"https:\/\/yazmed.ma\/ar\/product\/ruban-adhesif-indicateur\/\" \/>\n<meta property=\"og:locale\" content=\"ar_AR\" \/>\n<meta property=\"og:type\" content=\"article\" \/>\n<meta property=\"og:title\" content=\"RUBAN INDICATEUR DE STERILISATION 50M - YAZMED\" \/>\n<meta property=\"og:description\" content=\"RUBAN INDICATEUR DE STERILISATION 5O M Rubans indicateurs de st\u00e9rilisation autocollants en papier semi-cr\u00eap\u00e9. Il adh\u00e8re sur diff\u00e9rentes surfaces comme le plastique, le m\u00e9tal, les tissus, le papier, le carton, etc.\u00a0 permette de contr\u00f4ler et st\u00e9riliser  Ruban adh\u00e9sif individuel avec indicateur de processus\u00a0 \u00e0 la vapeur (autoclave)\" \/>\n<meta property=\"og:url\" content=\"https:\/\/yazmed.ma\/ar\/product\/ruban-adhesif-indicateur\/\" \/>\n<meta property=\"og:site_name\" content=\"YAZMED\" \/>\n<meta property=\"article:publisher\" content=\"https:\/\/www.facebook.com\/azenkouky\" \/>\n<meta property=\"article:modified_time\" content=\"2025-12-15T20:40:38+00:00\" \/>\n<meta property=\"og:image\" content=\"https:\/\/yazmed.ma\/wp-content\/uploads\/2024\/12\/rubans-vapeur-1.jpg\" \/>\n\t<meta property=\"og:image:width\" content=\"500\" \/>\n\t<meta property=\"og:image:height\" content=\"500\" \/>\n\t<meta property=\"og:image:type\" content=\"image\/jpeg\" \/>\n<meta name=\"twitter:card\" content=\"summary_large_image\" \/>\n<meta name=\"twitter:label1\" content=\"Est. reading time\" \/>\n\t<meta name=\"twitter:data1\" content=\"1 minute\" \/>\n<script type=\"application\/ld+json\" class=\"yoast-schema-graph\">{\"@context\":\"https:\/\/schema.org\",\"@graph\":[{\"@type\":\"WebPage\",\"@id\":\"https:\/\/yazmed.ma\/product\/ruban-adhesif-indicateur\/\",\"url\":\"https:\/\/yazmed.ma\/product\/ruban-adhesif-indicateur\/\",\"name\":\"RUBAN INDICATEUR DE STERILISATION 50M - YAZMED\",\"isPartOf\":{\"@id\":\"https:\/\/yazmed.ma\/#website\"},\"primaryImageOfPage\":{\"@id\":\"https:\/\/yazmed.ma\/product\/ruban-adhesif-indicateur\/#primaryimage\"},\"image\":{\"@id\":\"https:\/\/yazmed.ma\/product\/ruban-adhesif-indicateur\/#primaryimage\"},\"thumbnailUrl\":\"https:\/\/yazmed.ma\/wp-content\/uploads\/2024\/12\/RUBAN-INDICATEUR-DE-STERILISATION-50M.webp\",\"datePublished\":\"2024-12-24T17:10:14+00:00\",\"dateModified\":\"2025-12-15T20:40:38+00:00\",\"breadcrumb\":{\"@id\":\"https:\/\/yazmed.ma\/product\/ruban-adhesif-indicateur\/#breadcrumb\"},\"inLanguage\":\"ary\",\"potentialAction\":[{\"@type\":\"ReadAction\",\"target\":[\"https:\/\/yazmed.ma\/product\/ruban-adhesif-indicateur\/\"]}]},{\"@type\":\"ImageObject\",\"inLanguage\":\"ary\",\"@id\":\"https:\/\/yazmed.ma\/product\/ruban-adhesif-indicateur\/#primaryimage\",\"url\":\"https:\/\/yazmed.ma\/wp-content\/uploads\/2024\/12\/RUBAN-INDICATEUR-DE-STERILISATION-50M.webp\",\"contentUrl\":\"https:\/\/yazmed.ma\/wp-content\/uploads\/2024\/12\/RUBAN-INDICATEUR-DE-STERILISATION-50M.webp\",\"width\":570,\"height\":517,\"caption\":\"RUBAN INDICATEUR DE STERILISATION 50M\"},{\"@type\":\"BreadcrumbList\",\"@id\":\"https:\/\/yazmed.ma\/product\/ruban-adhesif-indicateur\/#breadcrumb\",\"itemListElement\":[{\"@type\":\"ListItem\",\"position\":1,\"name\":\"Accueil\",\"item\":\"https:\/\/yazmed.ma\/\"},{\"@type\":\"ListItem\",\"position\":2,\"name\":\"Shop\",\"item\":\"https:\/\/yazmed.ma\/shop-2\/\"},{\"@type\":\"ListItem\",\"position\":3,\"name\":\"Ruban Adh\u00e9sif Indicateur\"}]},{\"@type\":\"WebSite\",\"@id\":\"https:\/\/yazmed.ma\/#website\",\"url\":\"https:\/\/yazmed.ma\/\",\"name\":\"Yazmed\",\"description\":\"LEADER DU MAT\u00c9RIEL M\u00c9DICAL AU MAROC\",\"publisher\":{\"@id\":\"https:\/\/yazmed.ma\/#organization\"},\"potentialAction\":[{\"@type\":\"SearchAction\",\"target\":{\"@type\":\"EntryPoint\",\"urlTemplate\":\"https:\/\/yazmed.ma\/?s={search_term_string}\"},\"query-input\":{\"@type\":\"PropertyValueSpecification\",\"valueRequired\":true,\"valueName\":\"search_term_string\"}}],\"inLanguage\":\"ary\"},{\"@type\":\"Organization\",\"@id\":\"https:\/\/yazmed.ma\/#organization\",\"name\":\"Yazmed Healthcare\",\"url\":\"https:\/\/yazmed.ma\/\",\"logo\":{\"@type\":\"ImageObject\",\"inLanguage\":\"ary\",\"@id\":\"https:\/\/yazmed.ma\/#\/schema\/logo\/image\/\",\"url\":\"https:\/\/yazmed.ma\/wp-content\/uploads\/2024\/12\/3.png\",\"contentUrl\":\"https:\/\/yazmed.ma\/wp-content\/uploads\/2024\/12\/3.png\",\"width\":250,\"height\":70,\"caption\":\"Yazmed Healthcare\"},\"image\":{\"@id\":\"https:\/\/yazmed.ma\/#\/schema\/logo\/image\/\"},\"sameAs\":[\"https:\/\/www.facebook.com\/azenkouky\",\"https:\/\/www.instagram.com\/yazmedhealthcare\",\"https:\/\/www.linkedin.com\/in\/yazmed-healthcare-1b4955295\"]}]}<\/script>\n<!-- \/ Yoast SEO plugin. -->","yoast_head_json":{"title":"RUBAN INDICATEUR DE STERILISATION 50M - YAZMED","robots":{"index":"index","follow":"follow","max-snippet":"max-snippet:-1","max-image-preview":"max-image-preview:large","max-video-preview":"max-video-preview:-1"},"canonical":"https:\/\/yazmed.ma\/ar\/product\/ruban-adhesif-indicateur\/","og_locale":"ar_AR","og_type":"article","og_title":"RUBAN INDICATEUR DE STERILISATION 50M - YAZMED","og_description":"RUBAN INDICATEUR DE STERILISATION 5O M Rubans indicateurs de st\u00e9rilisation autocollants en papier semi-cr\u00eap\u00e9. Il adh\u00e8re sur diff\u00e9rentes surfaces comme le plastique, le m\u00e9tal, les tissus, le papier, le carton, etc.\u00a0 permette de contr\u00f4ler et st\u00e9riliser  Ruban adh\u00e9sif individuel avec indicateur de processus\u00a0 \u00e0 la vapeur (autoclave)","og_url":"https:\/\/yazmed.ma\/ar\/product\/ruban-adhesif-indicateur\/","og_site_name":"YAZMED","article_publisher":"https:\/\/www.facebook.com\/azenkouky","article_modified_time":"2025-12-15T20:40:38+00:00","og_image":[{"width":500,"height":500,"url":"https:\/\/yazmed.ma\/wp-content\/uploads\/2024\/12\/rubans-vapeur-1.jpg","type":"image\/jpeg"}],"twitter_card":"summary_large_image","twitter_misc":{"Est. reading time":"1 minute"},"schema":{"@context":"https:\/\/schema.org","@graph":[{"@type":"WebPage","@id":"https:\/\/yazmed.ma\/product\/ruban-adhesif-indicateur\/","url":"https:\/\/yazmed.ma\/product\/ruban-adhesif-indicateur\/","name":"RUBAN INDICATEUR DE STERILISATION 50M - YAZMED","isPartOf":{"@id":"https:\/\/yazmed.ma\/#website"},"primaryImageOfPage":{"@id":"https:\/\/yazmed.ma\/product\/ruban-adhesif-indicateur\/#primaryimage"},"image":{"@id":"https:\/\/yazmed.ma\/product\/ruban-adhesif-indicateur\/#primaryimage"},"thumbnailUrl":"https:\/\/yazmed.ma\/wp-content\/uploads\/2024\/12\/RUBAN-INDICATEUR-DE-STERILISATION-50M.webp","datePublished":"2024-12-24T17:10:14+00:00","dateModified":"2025-12-15T20:40:38+00:00","breadcrumb":{"@id":"https:\/\/yazmed.ma\/product\/ruban-adhesif-indicateur\/#breadcrumb"},"inLanguage":"ary","potentialAction":[{"@type":"ReadAction","target":["https:\/\/yazmed.ma\/product\/ruban-adhesif-indicateur\/"]}]},{"@type":"ImageObject","inLanguage":"ary","@id":"https:\/\/yazmed.ma\/product\/ruban-adhesif-indicateur\/#primaryimage","url":"https:\/\/yazmed.ma\/wp-content\/uploads\/2024\/12\/RUBAN-INDICATEUR-DE-STERILISATION-50M.webp","contentUrl":"https:\/\/yazmed.ma\/wp-content\/uploads\/2024\/12\/RUBAN-INDICATEUR-DE-STERILISATION-50M.webp","width":570,"height":517,"caption":"RUBAN INDICATEUR DE STERILISATION 50M"},{"@type":"BreadcrumbList","@id":"https:\/\/yazmed.ma\/product\/ruban-adhesif-indicateur\/#breadcrumb","itemListElement":[{"@type":"ListItem","position":1,"name":"Accueil","item":"https:\/\/yazmed.ma\/"},{"@type":"ListItem","position":2,"name":"Shop","item":"https:\/\/yazmed.ma\/shop-2\/"},{"@type":"ListItem","position":3,"name":"Ruban Adh\u00e9sif Indicateur"}]},{"@type":"WebSite","@id":"https:\/\/yazmed.ma\/#website","url":"https:\/\/yazmed.ma\/","name":"Yazmed","description":"LEADER DU MAT\u00c9RIEL M\u00c9DICAL AU MAROC","publisher":{"@id":"https:\/\/yazmed.ma\/#organization"},"potentialAction":[{"@type":"SearchAction","target":{"@type":"EntryPoint","urlTemplate":"https:\/\/yazmed.ma\/?s={search_term_string}"},"query-input":{"@type":"PropertyValueSpecification","valueRequired":true,"valueName":"search_term_string"}}],"inLanguage":"ary"},{"@type":"Organization","@id":"https:\/\/yazmed.ma\/#organization","name":"Yazmed Healthcare","url":"https:\/\/yazmed.ma\/","logo":{"@type":"ImageObject","inLanguage":"ary","@id":"https:\/\/yazmed.ma\/#\/schema\/logo\/image\/","url":"https:\/\/yazmed.ma\/wp-content\/uploads\/2024\/12\/3.png","contentUrl":"https:\/\/yazmed.ma\/wp-content\/uploads\/2024\/12\/3.png","width":250,"height":70,"caption":"Yazmed Healthcare"},"image":{"@id":"https:\/\/yazmed.ma\/#\/schema\/logo\/image\/"},"sameAs":["https:\/\/www.facebook.com\/azenkouky","https:\/\/www.instagram.com\/yazmedhealthcare","https:\/\/www.linkedin.com\/in\/yazmed-healthcare-1b4955295"]}]}},"_links":{"self":[{"href":"https:\/\/yazmed.ma\/ar\/wp-json\/wp\/v2\/product\/1458","targetHints":{"allow":["GET"]}}],"collection":[{"href":"https:\/\/yazmed.ma\/ar\/wp-json\/wp\/v2\/product"}],"about":[{"href":"https:\/\/yazmed.ma\/ar\/wp-json\/wp\/v2\/types\/product"}],"replies":[{"embeddable":true,"href":"https:\/\/yazmed.ma\/ar\/wp-json\/wp\/v2\/comments?post=1458"}],"version-history":[{"count":1,"href":"https:\/\/yazmed.ma\/ar\/wp-json\/wp\/v2\/product\/1458\/revisions"}],"predecessor-version":[{"id":2961,"href":"https:\/\/yazmed.ma\/ar\/wp-json\/wp\/v2\/product\/1458\/revisions\/2961"}],"wp:featuredmedia":[{"embeddable":true,"href":"https:\/\/yazmed.ma\/ar\/wp-json\/wp\/v2\/media\/2962"}],"wp:attachment":[{"href":"https:\/\/yazmed.ma\/ar\/wp-json\/wp\/v2\/media?parent=1458"}],"wp:term":[{"taxonomy":"product_brand","embeddable":true,"href":"https:\/\/yazmed.ma\/ar\/wp-json\/wp\/v2\/product_brand?post=1458"},{"taxonomy":"product_cat","embeddable":true,"href":"https:\/\/yazmed.ma\/ar\/wp-json\/wp\/v2\/product_cat?post=1458"},{"taxonomy":"product_tag","embeddable":true,"href":"https:\/\/yazmed.ma\/ar\/wp-json\/wp\/v2\/product_tag?post=1458"}],"curies":[{"name":"wp","href":"https:\/\/api.w.org\/{rel}","templated":true}]}}