{"id":1447,"date":"2024-12-24T16:47:14","date_gmt":"2024-12-24T16:47:14","guid":{"rendered":"https:\/\/yazmed.ma\/?post_type=product&#038;p=1447"},"modified":"2025-06-20T16:22:42","modified_gmt":"2025-06-20T16:22:42","slug":"ciseaux-mayo-droits-14cm-surgicon","status":"publish","type":"product","link":"https:\/\/yazmed.ma\/ar\/product\/ciseaux-mayo-droits-14cm-surgicon\/","title":{"rendered":"CISEAUX MAYO DROITS 14CM \/ SURGICON"},"content":{"rendered":"","protected":false},"excerpt":{"rendered":"<h5>\u00a0Ciseaux Mayo droits 14cm<\/h5>\n<p>sont des instruments chirurgicaux essentiels, con\u00e7us pour effectuer des coupes pr\u00e9cises et nettes dans une vari\u00e9t\u00e9 de tissus. D\u2019une longueur de 14 cm, ces ciseaux droits sont adapt\u00e9s pour une utilisation polyvalente, allant de la coupe de sutures \u00e0 la dissection de tissus plus denses. Leur conception robuste et leur longueur permettent une manipulation ais\u00e9e et un contr\u00f4le optimal pendant les proc\u00e9dures. Les Ciseaux Mayo sont reconnus pour leur durabilit\u00e9 et leur efficacit\u00e9, ce qui en fait un choix pr\u00e9f\u00e9r\u00e9 dans de nombreux contextes chirurgicaux<\/p>","protected":false},"featured_media":2437,"comment_status":"open","ping_status":"closed","template":"","meta":[],"product_brand":[],"product_cat":[53],"product_tag":[],"class_list":{"0":"post-1447","1":"product","2":"type-product","3":"status-publish","4":"has-post-thumbnail","6":"product_cat-instrumentation-sutures","8":"first","9":"instock","10":"taxable","11":"shipping-taxable","12":"purchasable","13":"product-type-simple"},"yoast_head":"<!-- This site is optimized with the Yoast SEO plugin v26.9 - https:\/\/yoast.com\/product\/yoast-seo-wordpress\/ -->\n<title>CISEAUX MAYO DROITS 14CM \/ SURGICON - YAZMED<\/title>\n<meta name=\"robots\" content=\"index, follow, max-snippet:-1, max-image-preview:large, max-video-preview:-1\" \/>\n<link rel=\"canonical\" href=\"https:\/\/yazmed.ma\/ar\/product\/ciseaux-mayo-droits-14cm-surgicon\/\" \/>\n<meta property=\"og:locale\" content=\"ar_AR\" \/>\n<meta property=\"og:type\" content=\"article\" \/>\n<meta property=\"og:title\" content=\"CISEAUX MAYO DROITS 14CM \/ SURGICON - YAZMED\" \/>\n<meta property=\"og:description\" content=\"\u00a0Ciseaux Mayo droits 14cm sont des instruments chirurgicaux essentiels, con\u00e7us pour effectuer des coupes pr\u00e9cises et nettes dans une vari\u00e9t\u00e9 de tissus. D\u2019une longueur de 14 cm, ces ciseaux droits sont adapt\u00e9s pour une utilisation polyvalente, allant de la coupe de sutures \u00e0 la dissection de tissus plus denses. Leur conception robuste et leur longueur permettent une manipulation ais\u00e9e et un contr\u00f4le optimal pendant les proc\u00e9dures. Les Ciseaux Mayo sont reconnus pour leur durabilit\u00e9 et leur efficacit\u00e9, ce qui en fait un choix pr\u00e9f\u00e9r\u00e9 dans de nombreux contextes chirurgicaux\" \/>\n<meta property=\"og:url\" content=\"https:\/\/yazmed.ma\/ar\/product\/ciseaux-mayo-droits-14cm-surgicon\/\" \/>\n<meta property=\"og:site_name\" content=\"YAZMED\" \/>\n<meta property=\"article:publisher\" content=\"https:\/\/www.facebook.com\/azenkouky\" \/>\n<meta property=\"article:modified_time\" content=\"2025-06-20T16:22:42+00:00\" \/>\n<meta property=\"og:image\" content=\"https:\/\/yazmed.ma\/wp-content\/uploads\/2024\/12\/ciseaux-mayo-droits-14-AHHHHHHH.jpg\" \/>\n\t<meta property=\"og:image:width\" content=\"1000\" \/>\n\t<meta property=\"og:image:height\" content=\"1000\" \/>\n\t<meta property=\"og:image:type\" content=\"image\/jpeg\" \/>\n<meta name=\"twitter:card\" content=\"summary_large_image\" \/>\n<meta name=\"twitter:label1\" content=\"Est. reading time\" \/>\n\t<meta name=\"twitter:data1\" content=\"1 minute\" \/>\n<script type=\"application\/ld+json\" class=\"yoast-schema-graph\">{\"@context\":\"https:\/\/schema.org\",\"@graph\":[{\"@type\":\"WebPage\",\"@id\":\"https:\/\/yazmed.ma\/product\/ciseaux-mayo-droits-14cm-surgicon\/\",\"url\":\"https:\/\/yazmed.ma\/product\/ciseaux-mayo-droits-14cm-surgicon\/\",\"name\":\"CISEAUX MAYO DROITS 14CM \/ SURGICON - YAZMED\",\"isPartOf\":{\"@id\":\"https:\/\/yazmed.ma\/#website\"},\"primaryImageOfPage\":{\"@id\":\"https:\/\/yazmed.ma\/product\/ciseaux-mayo-droits-14cm-surgicon\/#primaryimage\"},\"image\":{\"@id\":\"https:\/\/yazmed.ma\/product\/ciseaux-mayo-droits-14cm-surgicon\/#primaryimage\"},\"thumbnailUrl\":\"https:\/\/yazmed.ma\/wp-content\/uploads\/2024\/12\/ciseaux-mayo-droits.webp\",\"datePublished\":\"2024-12-24T16:47:14+00:00\",\"dateModified\":\"2025-06-20T16:22:42+00:00\",\"breadcrumb\":{\"@id\":\"https:\/\/yazmed.ma\/product\/ciseaux-mayo-droits-14cm-surgicon\/#breadcrumb\"},\"inLanguage\":\"ary\",\"potentialAction\":[{\"@type\":\"ReadAction\",\"target\":[\"https:\/\/yazmed.ma\/product\/ciseaux-mayo-droits-14cm-surgicon\/\"]}]},{\"@type\":\"ImageObject\",\"inLanguage\":\"ary\",\"@id\":\"https:\/\/yazmed.ma\/product\/ciseaux-mayo-droits-14cm-surgicon\/#primaryimage\",\"url\":\"https:\/\/yazmed.ma\/wp-content\/uploads\/2024\/12\/ciseaux-mayo-droits.webp\",\"contentUrl\":\"https:\/\/yazmed.ma\/wp-content\/uploads\/2024\/12\/ciseaux-mayo-droits.webp\",\"width\":1000,\"height\":1000,\"caption\":\"ciseaux mayo droits\"},{\"@type\":\"BreadcrumbList\",\"@id\":\"https:\/\/yazmed.ma\/product\/ciseaux-mayo-droits-14cm-surgicon\/#breadcrumb\",\"itemListElement\":[{\"@type\":\"ListItem\",\"position\":1,\"name\":\"Accueil\",\"item\":\"https:\/\/yazmed.ma\/\"},{\"@type\":\"ListItem\",\"position\":2,\"name\":\"Shop\",\"item\":\"https:\/\/yazmed.ma\/shop-2\/\"},{\"@type\":\"ListItem\",\"position\":3,\"name\":\"CISEAUX MAYO DROITS 14CM \/ SURGICON\"}]},{\"@type\":\"WebSite\",\"@id\":\"https:\/\/yazmed.ma\/#website\",\"url\":\"https:\/\/yazmed.ma\/\",\"name\":\"Yazmed\",\"description\":\"LEADER DU MAT\u00c9RIEL M\u00c9DICAL AU MAROC\",\"publisher\":{\"@id\":\"https:\/\/yazmed.ma\/#organization\"},\"potentialAction\":[{\"@type\":\"SearchAction\",\"target\":{\"@type\":\"EntryPoint\",\"urlTemplate\":\"https:\/\/yazmed.ma\/?s={search_term_string}\"},\"query-input\":{\"@type\":\"PropertyValueSpecification\",\"valueRequired\":true,\"valueName\":\"search_term_string\"}}],\"inLanguage\":\"ary\"},{\"@type\":\"Organization\",\"@id\":\"https:\/\/yazmed.ma\/#organization\",\"name\":\"Yazmed Healthcare\",\"url\":\"https:\/\/yazmed.ma\/\",\"logo\":{\"@type\":\"ImageObject\",\"inLanguage\":\"ary\",\"@id\":\"https:\/\/yazmed.ma\/#\/schema\/logo\/image\/\",\"url\":\"https:\/\/yazmed.ma\/wp-content\/uploads\/2024\/12\/3.png\",\"contentUrl\":\"https:\/\/yazmed.ma\/wp-content\/uploads\/2024\/12\/3.png\",\"width\":250,\"height\":70,\"caption\":\"Yazmed Healthcare\"},\"image\":{\"@id\":\"https:\/\/yazmed.ma\/#\/schema\/logo\/image\/\"},\"sameAs\":[\"https:\/\/www.facebook.com\/azenkouky\",\"https:\/\/www.instagram.com\/yazmedhealthcare\",\"https:\/\/www.linkedin.com\/in\/yazmed-healthcare-1b4955295\"]}]}<\/script>\n<!-- \/ Yoast SEO plugin. -->","yoast_head_json":{"title":"CISEAUX MAYO DROITS 14CM \/ SURGICON - YAZMED","robots":{"index":"index","follow":"follow","max-snippet":"max-snippet:-1","max-image-preview":"max-image-preview:large","max-video-preview":"max-video-preview:-1"},"canonical":"https:\/\/yazmed.ma\/ar\/product\/ciseaux-mayo-droits-14cm-surgicon\/","og_locale":"ar_AR","og_type":"article","og_title":"CISEAUX MAYO DROITS 14CM \/ SURGICON - YAZMED","og_description":"\u00a0Ciseaux Mayo droits 14cm sont des instruments chirurgicaux essentiels, con\u00e7us pour effectuer des coupes pr\u00e9cises et nettes dans une vari\u00e9t\u00e9 de tissus. D\u2019une longueur de 14 cm, ces ciseaux droits sont adapt\u00e9s pour une utilisation polyvalente, allant de la coupe de sutures \u00e0 la dissection de tissus plus denses. Leur conception robuste et leur longueur permettent une manipulation ais\u00e9e et un contr\u00f4le optimal pendant les proc\u00e9dures. Les Ciseaux Mayo sont reconnus pour leur durabilit\u00e9 et leur efficacit\u00e9, ce qui en fait un choix pr\u00e9f\u00e9r\u00e9 dans de nombreux contextes chirurgicaux","og_url":"https:\/\/yazmed.ma\/ar\/product\/ciseaux-mayo-droits-14cm-surgicon\/","og_site_name":"YAZMED","article_publisher":"https:\/\/www.facebook.com\/azenkouky","article_modified_time":"2025-06-20T16:22:42+00:00","og_image":[{"width":1000,"height":1000,"url":"https:\/\/yazmed.ma\/wp-content\/uploads\/2024\/12\/ciseaux-mayo-droits-14-AHHHHHHH.jpg","type":"image\/jpeg"}],"twitter_card":"summary_large_image","twitter_misc":{"Est. reading time":"1 minute"},"schema":{"@context":"https:\/\/schema.org","@graph":[{"@type":"WebPage","@id":"https:\/\/yazmed.ma\/product\/ciseaux-mayo-droits-14cm-surgicon\/","url":"https:\/\/yazmed.ma\/product\/ciseaux-mayo-droits-14cm-surgicon\/","name":"CISEAUX MAYO DROITS 14CM \/ SURGICON - YAZMED","isPartOf":{"@id":"https:\/\/yazmed.ma\/#website"},"primaryImageOfPage":{"@id":"https:\/\/yazmed.ma\/product\/ciseaux-mayo-droits-14cm-surgicon\/#primaryimage"},"image":{"@id":"https:\/\/yazmed.ma\/product\/ciseaux-mayo-droits-14cm-surgicon\/#primaryimage"},"thumbnailUrl":"https:\/\/yazmed.ma\/wp-content\/uploads\/2024\/12\/ciseaux-mayo-droits.webp","datePublished":"2024-12-24T16:47:14+00:00","dateModified":"2025-06-20T16:22:42+00:00","breadcrumb":{"@id":"https:\/\/yazmed.ma\/product\/ciseaux-mayo-droits-14cm-surgicon\/#breadcrumb"},"inLanguage":"ary","potentialAction":[{"@type":"ReadAction","target":["https:\/\/yazmed.ma\/product\/ciseaux-mayo-droits-14cm-surgicon\/"]}]},{"@type":"ImageObject","inLanguage":"ary","@id":"https:\/\/yazmed.ma\/product\/ciseaux-mayo-droits-14cm-surgicon\/#primaryimage","url":"https:\/\/yazmed.ma\/wp-content\/uploads\/2024\/12\/ciseaux-mayo-droits.webp","contentUrl":"https:\/\/yazmed.ma\/wp-content\/uploads\/2024\/12\/ciseaux-mayo-droits.webp","width":1000,"height":1000,"caption":"ciseaux mayo droits"},{"@type":"BreadcrumbList","@id":"https:\/\/yazmed.ma\/product\/ciseaux-mayo-droits-14cm-surgicon\/#breadcrumb","itemListElement":[{"@type":"ListItem","position":1,"name":"Accueil","item":"https:\/\/yazmed.ma\/"},{"@type":"ListItem","position":2,"name":"Shop","item":"https:\/\/yazmed.ma\/shop-2\/"},{"@type":"ListItem","position":3,"name":"CISEAUX MAYO DROITS 14CM \/ SURGICON"}]},{"@type":"WebSite","@id":"https:\/\/yazmed.ma\/#website","url":"https:\/\/yazmed.ma\/","name":"Yazmed","description":"LEADER DU MAT\u00c9RIEL M\u00c9DICAL AU MAROC","publisher":{"@id":"https:\/\/yazmed.ma\/#organization"},"potentialAction":[{"@type":"SearchAction","target":{"@type":"EntryPoint","urlTemplate":"https:\/\/yazmed.ma\/?s={search_term_string}"},"query-input":{"@type":"PropertyValueSpecification","valueRequired":true,"valueName":"search_term_string"}}],"inLanguage":"ary"},{"@type":"Organization","@id":"https:\/\/yazmed.ma\/#organization","name":"Yazmed Healthcare","url":"https:\/\/yazmed.ma\/","logo":{"@type":"ImageObject","inLanguage":"ary","@id":"https:\/\/yazmed.ma\/#\/schema\/logo\/image\/","url":"https:\/\/yazmed.ma\/wp-content\/uploads\/2024\/12\/3.png","contentUrl":"https:\/\/yazmed.ma\/wp-content\/uploads\/2024\/12\/3.png","width":250,"height":70,"caption":"Yazmed Healthcare"},"image":{"@id":"https:\/\/yazmed.ma\/#\/schema\/logo\/image\/"},"sameAs":["https:\/\/www.facebook.com\/azenkouky","https:\/\/www.instagram.com\/yazmedhealthcare","https:\/\/www.linkedin.com\/in\/yazmed-healthcare-1b4955295"]}]}},"_links":{"self":[{"href":"https:\/\/yazmed.ma\/ar\/wp-json\/wp\/v2\/product\/1447","targetHints":{"allow":["GET"]}}],"collection":[{"href":"https:\/\/yazmed.ma\/ar\/wp-json\/wp\/v2\/product"}],"about":[{"href":"https:\/\/yazmed.ma\/ar\/wp-json\/wp\/v2\/types\/product"}],"replies":[{"embeddable":true,"href":"https:\/\/yazmed.ma\/ar\/wp-json\/wp\/v2\/comments?post=1447"}],"version-history":[{"count":0,"href":"https:\/\/yazmed.ma\/ar\/wp-json\/wp\/v2\/product\/1447\/revisions"}],"wp:featuredmedia":[{"embeddable":true,"href":"https:\/\/yazmed.ma\/ar\/wp-json\/wp\/v2\/media\/2437"}],"wp:attachment":[{"href":"https:\/\/yazmed.ma\/ar\/wp-json\/wp\/v2\/media?parent=1447"}],"wp:term":[{"taxonomy":"product_brand","embeddable":true,"href":"https:\/\/yazmed.ma\/ar\/wp-json\/wp\/v2\/product_brand?post=1447"},{"taxonomy":"product_cat","embeddable":true,"href":"https:\/\/yazmed.ma\/ar\/wp-json\/wp\/v2\/product_cat?post=1447"},{"taxonomy":"product_tag","embeddable":true,"href":"https:\/\/yazmed.ma\/ar\/wp-json\/wp\/v2\/product_tag?post=1447"}],"curies":[{"name":"wp","href":"https:\/\/api.w.org\/{rel}","templated":true}]}}