{"id":1444,"date":"2024-12-24T16:40:34","date_gmt":"2024-12-24T16:40:34","guid":{"rendered":"https:\/\/yazmed.ma\/?post_type=product&#038;p=1444"},"modified":"2025-09-22T14:03:31","modified_gmt":"2025-09-22T14:03:31","slug":"hysterometre-sims-malleable-330mm","status":"publish","type":"product","link":"https:\/\/yazmed.ma\/ar\/product\/hysterometre-sims-malleable-330mm\/","title":{"rendered":"HYST\u00c9ROM\u00c8TRE SIMS MALL\u00c9ABLE 330MM"},"content":{"rendered":"","protected":false},"excerpt":{"rendered":"<h4>L\u2019Hyst\u00e9rom\u00e8tre Sims<\/h4>\n<p>mall\u00e9able est un outil utilis\u00e9 en gyn\u00e9cologie obst\u00e9trique pour mesurer les dimensions, l\u2019orientation et la sensibilit\u00e9 de l\u2019ut\u00e9rus.<\/p>\n<p>Il peut \u00eatre nettoy\u00e9 manuellement ou en machine avec un d\u00e9tergent compatible avec l\u2019acier inoxydable. L\u2019instrument est autoclavable \u00e0 135\u00b0C pendant 15 minutes.<\/p>\n<p>Caract\u00e9ristiques : longueur de 33 cm.<\/p>","protected":false},"featured_media":1445,"comment_status":"open","ping_status":"closed","template":"","meta":[],"product_brand":[],"product_cat":[53],"product_tag":[],"class_list":{"0":"post-1444","1":"product","2":"type-product","3":"status-publish","4":"has-post-thumbnail","6":"product_cat-instrumentation-sutures","8":"first","9":"instock","10":"taxable","11":"shipping-taxable","12":"purchasable","13":"product-type-simple"},"yoast_head":"<!-- This site is optimized with the Yoast SEO plugin v26.9 - https:\/\/yoast.com\/product\/yoast-seo-wordpress\/ -->\n<title>HYST\u00c9ROM\u00c8TRE SIMS MALL\u00c9ABLE 330MM - YAZMED<\/title>\n<meta name=\"robots\" content=\"index, follow, max-snippet:-1, max-image-preview:large, max-video-preview:-1\" \/>\n<link rel=\"canonical\" href=\"https:\/\/yazmed.ma\/ar\/product\/hysterometre-sims-malleable-330mm\/\" \/>\n<meta property=\"og:locale\" content=\"ar_AR\" \/>\n<meta property=\"og:type\" content=\"article\" \/>\n<meta property=\"og:title\" content=\"HYST\u00c9ROM\u00c8TRE SIMS MALL\u00c9ABLE 330MM - YAZMED\" \/>\n<meta property=\"og:description\" content=\"L\u2019Hyst\u00e9rom\u00e8tre Sims mall\u00e9able est un outil utilis\u00e9 en gyn\u00e9cologie obst\u00e9trique pour mesurer les dimensions, l\u2019orientation et la sensibilit\u00e9 de l\u2019ut\u00e9rus.  Il peut \u00eatre nettoy\u00e9 manuellement ou en machine avec un d\u00e9tergent compatible avec l\u2019acier inoxydable. L\u2019instrument est autoclavable \u00e0 135\u00b0C pendant 15 minutes.  Caract\u00e9ristiques : longueur de 33 cm.\" \/>\n<meta property=\"og:url\" content=\"https:\/\/yazmed.ma\/ar\/product\/hysterometre-sims-malleable-330mm\/\" \/>\n<meta property=\"og:site_name\" content=\"YAZMED\" \/>\n<meta property=\"article:publisher\" content=\"https:\/\/www.facebook.com\/azenkouky\" \/>\n<meta property=\"article:modified_time\" content=\"2025-09-22T14:03:31+00:00\" \/>\n<meta property=\"og:image\" content=\"https:\/\/yazmed.ma\/wp-content\/uploads\/2024\/12\/696802_1_b.jpg\" \/>\n\t<meta property=\"og:image:width\" content=\"900\" \/>\n\t<meta property=\"og:image:height\" content=\"900\" \/>\n\t<meta property=\"og:image:type\" content=\"image\/jpeg\" \/>\n<meta name=\"twitter:card\" content=\"summary_large_image\" \/>\n<meta name=\"twitter:label1\" content=\"Est. reading time\" \/>\n\t<meta name=\"twitter:data1\" content=\"1 minute\" \/>\n<script type=\"application\/ld+json\" class=\"yoast-schema-graph\">{\"@context\":\"https:\/\/schema.org\",\"@graph\":[{\"@type\":\"WebPage\",\"@id\":\"https:\/\/yazmed.ma\/product\/hysterometre-sims-malleable-330mm\/\",\"url\":\"https:\/\/yazmed.ma\/product\/hysterometre-sims-malleable-330mm\/\",\"name\":\"HYST\u00c9ROM\u00c8TRE SIMS MALL\u00c9ABLE 330MM - YAZMED\",\"isPartOf\":{\"@id\":\"https:\/\/yazmed.ma\/#website\"},\"primaryImageOfPage\":{\"@id\":\"https:\/\/yazmed.ma\/product\/hysterometre-sims-malleable-330mm\/#primaryimage\"},\"image\":{\"@id\":\"https:\/\/yazmed.ma\/product\/hysterometre-sims-malleable-330mm\/#primaryimage\"},\"thumbnailUrl\":\"https:\/\/yazmed.ma\/wp-content\/uploads\/2024\/12\/696802_1_b.jpg\",\"datePublished\":\"2024-12-24T16:40:34+00:00\",\"dateModified\":\"2025-09-22T14:03:31+00:00\",\"breadcrumb\":{\"@id\":\"https:\/\/yazmed.ma\/product\/hysterometre-sims-malleable-330mm\/#breadcrumb\"},\"inLanguage\":\"ary\",\"potentialAction\":[{\"@type\":\"ReadAction\",\"target\":[\"https:\/\/yazmed.ma\/product\/hysterometre-sims-malleable-330mm\/\"]}]},{\"@type\":\"ImageObject\",\"inLanguage\":\"ary\",\"@id\":\"https:\/\/yazmed.ma\/product\/hysterometre-sims-malleable-330mm\/#primaryimage\",\"url\":\"https:\/\/yazmed.ma\/wp-content\/uploads\/2024\/12\/696802_1_b.jpg\",\"contentUrl\":\"https:\/\/yazmed.ma\/wp-content\/uploads\/2024\/12\/696802_1_b.jpg\",\"width\":900,\"height\":900,\"caption\":\"HYST\u00c9ROM\u00c8TRE SIMS MALL\u00c9ABLE 330MM Yazmed Maroc\"},{\"@type\":\"BreadcrumbList\",\"@id\":\"https:\/\/yazmed.ma\/product\/hysterometre-sims-malleable-330mm\/#breadcrumb\",\"itemListElement\":[{\"@type\":\"ListItem\",\"position\":1,\"name\":\"Accueil\",\"item\":\"https:\/\/yazmed.ma\/\"},{\"@type\":\"ListItem\",\"position\":2,\"name\":\"Shop\",\"item\":\"https:\/\/yazmed.ma\/shop-2\/\"},{\"@type\":\"ListItem\",\"position\":3,\"name\":\"HYST\u00c9ROM\u00c8TRE SIMS MALL\u00c9ABLE 330MM\"}]},{\"@type\":\"WebSite\",\"@id\":\"https:\/\/yazmed.ma\/#website\",\"url\":\"https:\/\/yazmed.ma\/\",\"name\":\"Yazmed\",\"description\":\"LEADER DU MAT\u00c9RIEL M\u00c9DICAL AU MAROC\",\"publisher\":{\"@id\":\"https:\/\/yazmed.ma\/#organization\"},\"potentialAction\":[{\"@type\":\"SearchAction\",\"target\":{\"@type\":\"EntryPoint\",\"urlTemplate\":\"https:\/\/yazmed.ma\/?s={search_term_string}\"},\"query-input\":{\"@type\":\"PropertyValueSpecification\",\"valueRequired\":true,\"valueName\":\"search_term_string\"}}],\"inLanguage\":\"ary\"},{\"@type\":\"Organization\",\"@id\":\"https:\/\/yazmed.ma\/#organization\",\"name\":\"Yazmed Healthcare\",\"url\":\"https:\/\/yazmed.ma\/\",\"logo\":{\"@type\":\"ImageObject\",\"inLanguage\":\"ary\",\"@id\":\"https:\/\/yazmed.ma\/#\/schema\/logo\/image\/\",\"url\":\"https:\/\/yazmed.ma\/wp-content\/uploads\/2024\/12\/3.png\",\"contentUrl\":\"https:\/\/yazmed.ma\/wp-content\/uploads\/2024\/12\/3.png\",\"width\":250,\"height\":70,\"caption\":\"Yazmed Healthcare\"},\"image\":{\"@id\":\"https:\/\/yazmed.ma\/#\/schema\/logo\/image\/\"},\"sameAs\":[\"https:\/\/www.facebook.com\/azenkouky\",\"https:\/\/www.instagram.com\/yazmedhealthcare\",\"https:\/\/www.linkedin.com\/in\/yazmed-healthcare-1b4955295\"]}]}<\/script>\n<!-- \/ Yoast SEO plugin. -->","yoast_head_json":{"title":"HYST\u00c9ROM\u00c8TRE SIMS MALL\u00c9ABLE 330MM - YAZMED","robots":{"index":"index","follow":"follow","max-snippet":"max-snippet:-1","max-image-preview":"max-image-preview:large","max-video-preview":"max-video-preview:-1"},"canonical":"https:\/\/yazmed.ma\/ar\/product\/hysterometre-sims-malleable-330mm\/","og_locale":"ar_AR","og_type":"article","og_title":"HYST\u00c9ROM\u00c8TRE SIMS MALL\u00c9ABLE 330MM - YAZMED","og_description":"L\u2019Hyst\u00e9rom\u00e8tre Sims mall\u00e9able est un outil utilis\u00e9 en gyn\u00e9cologie obst\u00e9trique pour mesurer les dimensions, l\u2019orientation et la sensibilit\u00e9 de l\u2019ut\u00e9rus.  Il peut \u00eatre nettoy\u00e9 manuellement ou en machine avec un d\u00e9tergent compatible avec l\u2019acier inoxydable. L\u2019instrument est autoclavable \u00e0 135\u00b0C pendant 15 minutes.  Caract\u00e9ristiques : longueur de 33 cm.","og_url":"https:\/\/yazmed.ma\/ar\/product\/hysterometre-sims-malleable-330mm\/","og_site_name":"YAZMED","article_publisher":"https:\/\/www.facebook.com\/azenkouky","article_modified_time":"2025-09-22T14:03:31+00:00","og_image":[{"width":900,"height":900,"url":"https:\/\/yazmed.ma\/wp-content\/uploads\/2024\/12\/696802_1_b.jpg","type":"image\/jpeg"}],"twitter_card":"summary_large_image","twitter_misc":{"Est. reading time":"1 minute"},"schema":{"@context":"https:\/\/schema.org","@graph":[{"@type":"WebPage","@id":"https:\/\/yazmed.ma\/product\/hysterometre-sims-malleable-330mm\/","url":"https:\/\/yazmed.ma\/product\/hysterometre-sims-malleable-330mm\/","name":"HYST\u00c9ROM\u00c8TRE SIMS MALL\u00c9ABLE 330MM - YAZMED","isPartOf":{"@id":"https:\/\/yazmed.ma\/#website"},"primaryImageOfPage":{"@id":"https:\/\/yazmed.ma\/product\/hysterometre-sims-malleable-330mm\/#primaryimage"},"image":{"@id":"https:\/\/yazmed.ma\/product\/hysterometre-sims-malleable-330mm\/#primaryimage"},"thumbnailUrl":"https:\/\/yazmed.ma\/wp-content\/uploads\/2024\/12\/696802_1_b.jpg","datePublished":"2024-12-24T16:40:34+00:00","dateModified":"2025-09-22T14:03:31+00:00","breadcrumb":{"@id":"https:\/\/yazmed.ma\/product\/hysterometre-sims-malleable-330mm\/#breadcrumb"},"inLanguage":"ary","potentialAction":[{"@type":"ReadAction","target":["https:\/\/yazmed.ma\/product\/hysterometre-sims-malleable-330mm\/"]}]},{"@type":"ImageObject","inLanguage":"ary","@id":"https:\/\/yazmed.ma\/product\/hysterometre-sims-malleable-330mm\/#primaryimage","url":"https:\/\/yazmed.ma\/wp-content\/uploads\/2024\/12\/696802_1_b.jpg","contentUrl":"https:\/\/yazmed.ma\/wp-content\/uploads\/2024\/12\/696802_1_b.jpg","width":900,"height":900,"caption":"HYST\u00c9ROM\u00c8TRE SIMS MALL\u00c9ABLE 330MM Yazmed Maroc"},{"@type":"BreadcrumbList","@id":"https:\/\/yazmed.ma\/product\/hysterometre-sims-malleable-330mm\/#breadcrumb","itemListElement":[{"@type":"ListItem","position":1,"name":"Accueil","item":"https:\/\/yazmed.ma\/"},{"@type":"ListItem","position":2,"name":"Shop","item":"https:\/\/yazmed.ma\/shop-2\/"},{"@type":"ListItem","position":3,"name":"HYST\u00c9ROM\u00c8TRE SIMS MALL\u00c9ABLE 330MM"}]},{"@type":"WebSite","@id":"https:\/\/yazmed.ma\/#website","url":"https:\/\/yazmed.ma\/","name":"Yazmed","description":"LEADER DU MAT\u00c9RIEL M\u00c9DICAL AU MAROC","publisher":{"@id":"https:\/\/yazmed.ma\/#organization"},"potentialAction":[{"@type":"SearchAction","target":{"@type":"EntryPoint","urlTemplate":"https:\/\/yazmed.ma\/?s={search_term_string}"},"query-input":{"@type":"PropertyValueSpecification","valueRequired":true,"valueName":"search_term_string"}}],"inLanguage":"ary"},{"@type":"Organization","@id":"https:\/\/yazmed.ma\/#organization","name":"Yazmed Healthcare","url":"https:\/\/yazmed.ma\/","logo":{"@type":"ImageObject","inLanguage":"ary","@id":"https:\/\/yazmed.ma\/#\/schema\/logo\/image\/","url":"https:\/\/yazmed.ma\/wp-content\/uploads\/2024\/12\/3.png","contentUrl":"https:\/\/yazmed.ma\/wp-content\/uploads\/2024\/12\/3.png","width":250,"height":70,"caption":"Yazmed Healthcare"},"image":{"@id":"https:\/\/yazmed.ma\/#\/schema\/logo\/image\/"},"sameAs":["https:\/\/www.facebook.com\/azenkouky","https:\/\/www.instagram.com\/yazmedhealthcare","https:\/\/www.linkedin.com\/in\/yazmed-healthcare-1b4955295"]}]}},"_links":{"self":[{"href":"https:\/\/yazmed.ma\/ar\/wp-json\/wp\/v2\/product\/1444","targetHints":{"allow":["GET"]}}],"collection":[{"href":"https:\/\/yazmed.ma\/ar\/wp-json\/wp\/v2\/product"}],"about":[{"href":"https:\/\/yazmed.ma\/ar\/wp-json\/wp\/v2\/types\/product"}],"replies":[{"embeddable":true,"href":"https:\/\/yazmed.ma\/ar\/wp-json\/wp\/v2\/comments?post=1444"}],"version-history":[{"count":1,"href":"https:\/\/yazmed.ma\/ar\/wp-json\/wp\/v2\/product\/1444\/revisions"}],"predecessor-version":[{"id":2725,"href":"https:\/\/yazmed.ma\/ar\/wp-json\/wp\/v2\/product\/1444\/revisions\/2725"}],"wp:featuredmedia":[{"embeddable":true,"href":"https:\/\/yazmed.ma\/ar\/wp-json\/wp\/v2\/media\/1445"}],"wp:attachment":[{"href":"https:\/\/yazmed.ma\/ar\/wp-json\/wp\/v2\/media?parent=1444"}],"wp:term":[{"taxonomy":"product_brand","embeddable":true,"href":"https:\/\/yazmed.ma\/ar\/wp-json\/wp\/v2\/product_brand?post=1444"},{"taxonomy":"product_cat","embeddable":true,"href":"https:\/\/yazmed.ma\/ar\/wp-json\/wp\/v2\/product_cat?post=1444"},{"taxonomy":"product_tag","embeddable":true,"href":"https:\/\/yazmed.ma\/ar\/wp-json\/wp\/v2\/product_tag?post=1444"}],"curies":[{"name":"wp","href":"https:\/\/api.w.org\/{rel}","templated":true}]}}