{"id":1439,"date":"2024-12-24T16:22:47","date_gmt":"2024-12-24T16:22:47","guid":{"rendered":"https:\/\/yazmed.ma\/?post_type=product&#038;p=1439"},"modified":"2025-12-10T12:26:07","modified_gmt":"2025-12-10T12:26:07","slug":"lame-de-bistouri-11-boite-de-100","status":"publish","type":"product","link":"https:\/\/yazmed.ma\/ar\/product\/lame-de-bistouri-11-boite-de-100\/","title":{"rendered":"Lame De Bistouri 11 \u2013 Boite de 100"},"content":{"rendered":"","protected":false},"excerpt":{"rendered":"<h3><strong>Lames de Bistouri 11<\/strong><\/h3>\n<p>con\u00e7ues pour offrir une pr\u00e9cision chirurgicale optimale dans une large gamme d\u2019interventions m\u00e9dicales et de proc\u00e9dures de dissection. Dot\u00e9e d\u2019une pointe fine et allong\u00e9e, la <a href=\"https:\/\/fr.wikipedia.org\/wiki\/Bistouri\">lame<\/a> num\u00e9ro 11 est id\u00e9ale pour les incisions pr\u00e9cises, les petites coupures, et les proc\u00e9dures n\u00e9cessitant un contr\u00f4le minutieux. Livr\u00e9es en bo\u00eete de 100 elles sont compatibles avec les manches de bistouri standards, garantissant une utilisation pratique et efficace en milieu hospitalier ou en cabinet m\u00e9dical.<\/p>\n<p><img decoding=\"async\" class=\"\" src=\"https:\/\/eclazon.ma\/wp-content\/uploads\/2024\/07\/logo-hunson-200x100.jpg\" width=\"96\" height=\"48\" \/><\/p>","protected":false},"featured_media":2902,"comment_status":"open","ping_status":"closed","template":"","meta":[],"product_brand":[],"product_cat":[52],"product_tag":[],"class_list":{"0":"post-1439","1":"product","2":"type-product","3":"status-publish","4":"has-post-thumbnail","6":"product_cat-consommable-medical","8":"first","9":"instock","10":"taxable","11":"shipping-taxable","12":"purchasable","13":"product-type-variable"},"yoast_head":"<!-- This site is optimized with the Yoast SEO plugin v26.9 - https:\/\/yoast.com\/product\/yoast-seo-wordpress\/ -->\n<title>Lame De Bistouri 11 \u2013 Boite de 100 - YAZMED<\/title>\n<meta name=\"robots\" content=\"index, follow, max-snippet:-1, max-image-preview:large, max-video-preview:-1\" \/>\n<link rel=\"canonical\" href=\"https:\/\/yazmed.ma\/ar\/product\/lame-de-bistouri\/\" \/>\n<meta property=\"og:locale\" content=\"ar_AR\" \/>\n<meta property=\"og:type\" content=\"article\" \/>\n<meta property=\"og:title\" content=\"Lame De Bistouri 11 \u2013 Boite de 100 - YAZMED\" \/>\n<meta property=\"og:description\" content=\"Lames de Bistouri 11 con\u00e7ues pour offrir une pr\u00e9cision chirurgicale optimale dans une large gamme d\u2019interventions m\u00e9dicales et de proc\u00e9dures de dissection. Dot\u00e9e d\u2019une pointe fine et allong\u00e9e, la lame num\u00e9ro 11 est id\u00e9ale pour les incisions pr\u00e9cises, les petites coupures, et les proc\u00e9dures n\u00e9cessitant un contr\u00f4le minutieux. Livr\u00e9es en bo\u00eete de 100 elles sont compatibles avec les manches de bistouri standards, garantissant une utilisation pratique et efficace en milieu hospitalier ou en cabinet m\u00e9dical.\" \/>\n<meta property=\"og:url\" content=\"https:\/\/yazmed.ma\/ar\/product\/lame-de-bistouri\/\" \/>\n<meta property=\"og:site_name\" content=\"YAZMED\" \/>\n<meta property=\"article:publisher\" content=\"https:\/\/www.facebook.com\/azenkouky\" \/>\n<meta property=\"article:modified_time\" content=\"2025-12-10T12:26:07+00:00\" \/>\n<meta property=\"og:image\" content=\"https:\/\/yazmed.ma\/wp-content\/uploads\/2024\/12\/Design-sans-titre-74.png\" \/>\n\t<meta property=\"og:image:width\" content=\"570\" \/>\n\t<meta property=\"og:image:height\" content=\"517\" \/>\n\t<meta property=\"og:image:type\" content=\"image\/png\" \/>\n<meta name=\"twitter:card\" content=\"summary_large_image\" \/>\n<meta name=\"twitter:label1\" content=\"Est. reading time\" \/>\n\t<meta name=\"twitter:data1\" content=\"1 minute\" \/>\n<script type=\"application\/ld+json\" class=\"yoast-schema-graph\">{\"@context\":\"https:\/\/schema.org\",\"@graph\":[{\"@type\":\"WebPage\",\"@id\":\"https:\/\/yazmed.ma\/product\/lame-de-bistouri\/\",\"url\":\"https:\/\/yazmed.ma\/product\/lame-de-bistouri\/\",\"name\":\"Lame De Bistouri 11 \u2013 Boite de 100 - YAZMED\",\"isPartOf\":{\"@id\":\"https:\/\/yazmed.ma\/#website\"},\"primaryImageOfPage\":{\"@id\":\"https:\/\/yazmed.ma\/product\/lame-de-bistouri\/#primaryimage\"},\"image\":{\"@id\":\"https:\/\/yazmed.ma\/product\/lame-de-bistouri\/#primaryimage\"},\"thumbnailUrl\":\"https:\/\/yazmed.ma\/wp-content\/uploads\/2024\/12\/LAME-BISTOURI-11.webp\",\"datePublished\":\"2024-12-24T16:22:47+00:00\",\"dateModified\":\"2025-12-10T12:26:07+00:00\",\"breadcrumb\":{\"@id\":\"https:\/\/yazmed.ma\/product\/lame-de-bistouri\/#breadcrumb\"},\"inLanguage\":\"ary\",\"potentialAction\":[{\"@type\":\"ReadAction\",\"target\":[\"https:\/\/yazmed.ma\/product\/lame-de-bistouri\/\"]}]},{\"@type\":\"ImageObject\",\"inLanguage\":\"ary\",\"@id\":\"https:\/\/yazmed.ma\/product\/lame-de-bistouri\/#primaryimage\",\"url\":\"https:\/\/yazmed.ma\/wp-content\/uploads\/2024\/12\/LAME-BISTOURI-11.webp\",\"contentUrl\":\"https:\/\/yazmed.ma\/wp-content\/uploads\/2024\/12\/LAME-BISTOURI-11.webp\",\"width\":450,\"height\":450,\"caption\":\"Lame De Bistouri N 11\"},{\"@type\":\"BreadcrumbList\",\"@id\":\"https:\/\/yazmed.ma\/product\/lame-de-bistouri\/#breadcrumb\",\"itemListElement\":[{\"@type\":\"ListItem\",\"position\":1,\"name\":\"Accueil\",\"item\":\"https:\/\/yazmed.ma\/\"},{\"@type\":\"ListItem\",\"position\":2,\"name\":\"Shop\",\"item\":\"https:\/\/yazmed.ma\/shop-2\/\"},{\"@type\":\"ListItem\",\"position\":3,\"name\":\"LAME DE BISTOURI\"}]},{\"@type\":\"WebSite\",\"@id\":\"https:\/\/yazmed.ma\/#website\",\"url\":\"https:\/\/yazmed.ma\/\",\"name\":\"Yazmed\",\"description\":\"LEADER DU MAT\u00c9RIEL M\u00c9DICAL AU MAROC\",\"publisher\":{\"@id\":\"https:\/\/yazmed.ma\/#organization\"},\"potentialAction\":[{\"@type\":\"SearchAction\",\"target\":{\"@type\":\"EntryPoint\",\"urlTemplate\":\"https:\/\/yazmed.ma\/?s={search_term_string}\"},\"query-input\":{\"@type\":\"PropertyValueSpecification\",\"valueRequired\":true,\"valueName\":\"search_term_string\"}}],\"inLanguage\":\"ary\"},{\"@type\":\"Organization\",\"@id\":\"https:\/\/yazmed.ma\/#organization\",\"name\":\"Yazmed Healthcare\",\"url\":\"https:\/\/yazmed.ma\/\",\"logo\":{\"@type\":\"ImageObject\",\"inLanguage\":\"ary\",\"@id\":\"https:\/\/yazmed.ma\/#\/schema\/logo\/image\/\",\"url\":\"https:\/\/yazmed.ma\/wp-content\/uploads\/2024\/12\/3.png\",\"contentUrl\":\"https:\/\/yazmed.ma\/wp-content\/uploads\/2024\/12\/3.png\",\"width\":250,\"height\":70,\"caption\":\"Yazmed Healthcare\"},\"image\":{\"@id\":\"https:\/\/yazmed.ma\/#\/schema\/logo\/image\/\"},\"sameAs\":[\"https:\/\/www.facebook.com\/azenkouky\",\"https:\/\/www.instagram.com\/yazmedhealthcare\",\"https:\/\/www.linkedin.com\/in\/yazmed-healthcare-1b4955295\"]}]}<\/script>\n<!-- \/ Yoast SEO plugin. -->","yoast_head_json":{"title":"Lame De Bistouri 11 \u2013 Boite de 100 - YAZMED","robots":{"index":"index","follow":"follow","max-snippet":"max-snippet:-1","max-image-preview":"max-image-preview:large","max-video-preview":"max-video-preview:-1"},"canonical":"https:\/\/yazmed.ma\/ar\/product\/lame-de-bistouri\/","og_locale":"ar_AR","og_type":"article","og_title":"Lame De Bistouri 11 \u2013 Boite de 100 - YAZMED","og_description":"Lames de Bistouri 11 con\u00e7ues pour offrir une pr\u00e9cision chirurgicale optimale dans une large gamme d\u2019interventions m\u00e9dicales et de proc\u00e9dures de dissection. Dot\u00e9e d\u2019une pointe fine et allong\u00e9e, la lame num\u00e9ro 11 est id\u00e9ale pour les incisions pr\u00e9cises, les petites coupures, et les proc\u00e9dures n\u00e9cessitant un contr\u00f4le minutieux. Livr\u00e9es en bo\u00eete de 100 elles sont compatibles avec les manches de bistouri standards, garantissant une utilisation pratique et efficace en milieu hospitalier ou en cabinet m\u00e9dical.","og_url":"https:\/\/yazmed.ma\/ar\/product\/lame-de-bistouri\/","og_site_name":"YAZMED","article_publisher":"https:\/\/www.facebook.com\/azenkouky","article_modified_time":"2025-12-10T12:26:07+00:00","og_image":[{"width":570,"height":517,"url":"https:\/\/yazmed.ma\/wp-content\/uploads\/2024\/12\/Design-sans-titre-74.png","type":"image\/png"}],"twitter_card":"summary_large_image","twitter_misc":{"Est. reading time":"1 minute"},"schema":{"@context":"https:\/\/schema.org","@graph":[{"@type":"WebPage","@id":"https:\/\/yazmed.ma\/product\/lame-de-bistouri\/","url":"https:\/\/yazmed.ma\/product\/lame-de-bistouri\/","name":"Lame De Bistouri 11 \u2013 Boite de 100 - YAZMED","isPartOf":{"@id":"https:\/\/yazmed.ma\/#website"},"primaryImageOfPage":{"@id":"https:\/\/yazmed.ma\/product\/lame-de-bistouri\/#primaryimage"},"image":{"@id":"https:\/\/yazmed.ma\/product\/lame-de-bistouri\/#primaryimage"},"thumbnailUrl":"https:\/\/yazmed.ma\/wp-content\/uploads\/2024\/12\/LAME-BISTOURI-11.webp","datePublished":"2024-12-24T16:22:47+00:00","dateModified":"2025-12-10T12:26:07+00:00","breadcrumb":{"@id":"https:\/\/yazmed.ma\/product\/lame-de-bistouri\/#breadcrumb"},"inLanguage":"ary","potentialAction":[{"@type":"ReadAction","target":["https:\/\/yazmed.ma\/product\/lame-de-bistouri\/"]}]},{"@type":"ImageObject","inLanguage":"ary","@id":"https:\/\/yazmed.ma\/product\/lame-de-bistouri\/#primaryimage","url":"https:\/\/yazmed.ma\/wp-content\/uploads\/2024\/12\/LAME-BISTOURI-11.webp","contentUrl":"https:\/\/yazmed.ma\/wp-content\/uploads\/2024\/12\/LAME-BISTOURI-11.webp","width":450,"height":450,"caption":"Lame De Bistouri N 11"},{"@type":"BreadcrumbList","@id":"https:\/\/yazmed.ma\/product\/lame-de-bistouri\/#breadcrumb","itemListElement":[{"@type":"ListItem","position":1,"name":"Accueil","item":"https:\/\/yazmed.ma\/"},{"@type":"ListItem","position":2,"name":"Shop","item":"https:\/\/yazmed.ma\/shop-2\/"},{"@type":"ListItem","position":3,"name":"LAME DE BISTOURI"}]},{"@type":"WebSite","@id":"https:\/\/yazmed.ma\/#website","url":"https:\/\/yazmed.ma\/","name":"Yazmed","description":"LEADER DU MAT\u00c9RIEL M\u00c9DICAL AU MAROC","publisher":{"@id":"https:\/\/yazmed.ma\/#organization"},"potentialAction":[{"@type":"SearchAction","target":{"@type":"EntryPoint","urlTemplate":"https:\/\/yazmed.ma\/?s={search_term_string}"},"query-input":{"@type":"PropertyValueSpecification","valueRequired":true,"valueName":"search_term_string"}}],"inLanguage":"ary"},{"@type":"Organization","@id":"https:\/\/yazmed.ma\/#organization","name":"Yazmed Healthcare","url":"https:\/\/yazmed.ma\/","logo":{"@type":"ImageObject","inLanguage":"ary","@id":"https:\/\/yazmed.ma\/#\/schema\/logo\/image\/","url":"https:\/\/yazmed.ma\/wp-content\/uploads\/2024\/12\/3.png","contentUrl":"https:\/\/yazmed.ma\/wp-content\/uploads\/2024\/12\/3.png","width":250,"height":70,"caption":"Yazmed Healthcare"},"image":{"@id":"https:\/\/yazmed.ma\/#\/schema\/logo\/image\/"},"sameAs":["https:\/\/www.facebook.com\/azenkouky","https:\/\/www.instagram.com\/yazmedhealthcare","https:\/\/www.linkedin.com\/in\/yazmed-healthcare-1b4955295"]}]}},"_links":{"self":[{"href":"https:\/\/yazmed.ma\/ar\/wp-json\/wp\/v2\/product\/1439","targetHints":{"allow":["GET"]}}],"collection":[{"href":"https:\/\/yazmed.ma\/ar\/wp-json\/wp\/v2\/product"}],"about":[{"href":"https:\/\/yazmed.ma\/ar\/wp-json\/wp\/v2\/types\/product"}],"replies":[{"embeddable":true,"href":"https:\/\/yazmed.ma\/ar\/wp-json\/wp\/v2\/comments?post=1439"}],"version-history":[{"count":1,"href":"https:\/\/yazmed.ma\/ar\/wp-json\/wp\/v2\/product\/1439\/revisions"}],"predecessor-version":[{"id":2901,"href":"https:\/\/yazmed.ma\/ar\/wp-json\/wp\/v2\/product\/1439\/revisions\/2901"}],"wp:featuredmedia":[{"embeddable":true,"href":"https:\/\/yazmed.ma\/ar\/wp-json\/wp\/v2\/media\/2902"}],"wp:attachment":[{"href":"https:\/\/yazmed.ma\/ar\/wp-json\/wp\/v2\/media?parent=1439"}],"wp:term":[{"taxonomy":"product_brand","embeddable":true,"href":"https:\/\/yazmed.ma\/ar\/wp-json\/wp\/v2\/product_brand?post=1439"},{"taxonomy":"product_cat","embeddable":true,"href":"https:\/\/yazmed.ma\/ar\/wp-json\/wp\/v2\/product_cat?post=1439"},{"taxonomy":"product_tag","embeddable":true,"href":"https:\/\/yazmed.ma\/ar\/wp-json\/wp\/v2\/product_tag?post=1439"}],"curies":[{"name":"wp","href":"https:\/\/api.w.org\/{rel}","templated":true}]}}