{"id":1433,"date":"2024-12-24T16:08:30","date_gmt":"2024-12-24T16:08:30","guid":{"rendered":"https:\/\/yazmed.ma\/?post_type=product&#038;p=1433"},"modified":"2025-07-28T21:24:15","modified_gmt":"2025-07-28T21:24:15","slug":"pince-ciceron-retrait-diu","status":"publish","type":"product","link":"https:\/\/yazmed.ma\/ar\/product\/pince-ciceron-retrait-diu\/","title":{"rendered":"Pince Cic\u00e9ron R\u00e9utilisable 210 mm Retrait  DIU"},"content":{"rendered":"<ul class=\"flex flex-col gap-3\">\n<li class=\"text-left\"><a class=\"link link-hover\" href=\"https:\/\/gyneas.com\/pages\/devis\" target=\"_blank\" rel=\"noopener\">Devis Mat\u00e9riel de Gyn\u00e9cologie<\/a><\/li>\n<\/ul>","protected":false},"excerpt":{"rendered":"<p><strong data-start=\"161\" data-end=\"178\">pince Cic\u00e9ron<\/strong>\u00a0en\u00a0<strong data-start=\"182\" data-end=\"207\">acier inoxydable gris<\/strong>\u00a0est un instrument essentiel pour le retrait des st\u00e9rilets. Sa finesse et sa longueur de\u00a0<strong data-start=\"296\" data-end=\"306\">210 mm<\/strong>\u00a0permettent une introduction pr\u00e9cise dans l\u2019endocol, facilitant la pr\u00e9hension des fils du DIU, m\u00eame lorsqu\u2019ils sont invisibles ou remont\u00e9s dans le col de l\u2019ut\u00e9rus.<\/p>\n<h5 data-start=\"473\" data-end=\"518\"><strong data-start=\"477\" data-end=\"516\">Les Avantages de la Pince Cic\u00e9ron :<\/strong><\/h5>\n<ul>\n<li data-start=\"519\" data-end=\"873\">\n<h5><strong data-start=\"521\" data-end=\"541\">Retrait facilit\u00e9<\/strong>\u00a0du DIU, m\u00eame en cas de fils non visibles<\/h5>\n<\/li>\n<li data-start=\"519\" data-end=\"873\">\n<h5><strong data-start=\"587\" data-end=\"607\">Design ultra-fin<\/strong>, pour une manipulation pr\u00e9cise et atraumatique<\/h5>\n<\/li>\n<li data-start=\"519\" data-end=\"873\">\n<h5><strong data-start=\"659\" data-end=\"684\">Excellente pr\u00e9hension<\/strong>, \u00e9vitant tout glissement lors de l\u2019extraction<\/h5>\n<\/li>\n<li data-start=\"519\" data-end=\"873\">\n<h5><strong data-start=\"735\" data-end=\"760\" data-is-only-node=\"\">Acier inoxydable gris<\/strong>, robuste et durable<\/h5>\n<\/li>\n<li data-start=\"519\" data-end=\"873\">\n<h5><strong data-start=\"785\" data-end=\"817\">R\u00e9utilisable et st\u00e9rilisable<\/strong>, compatible avec toutes les m\u00e9thodes de st\u00e9rilisation<\/h5>\n<\/li>\n<\/ul>\n<h5 data-start=\"875\" data-end=\"914\"><strong data-start=\"879\" data-end=\"912\">Caract\u00e9ristiques Techniques :<\/strong><\/h5>\n<ul data-start=\"915\" data-end=\"1032\">\n<li data-start=\"915\" data-end=\"940\">\n<h5>Longueur : 210 mm<\/h5>\n<\/li>\n<li data-start=\"941\" data-end=\"981\">\n<h5>Mat\u00e9riau : Acier inoxydable gris<\/h5>\n<\/li>\n<li data-start=\"982\" data-end=\"1032\">\n<h5>Utilisation : R\u00e9utilisable et st\u00e9rilisable<\/h5>\n<\/li>\n<\/ul>\n<h5 data-start=\"1034\" data-end=\"1127\">Un outil indispensable pour un retrait de st\u00e9rilet en toute s\u00e9curit\u00e9 et avec pr\u00e9cision.<\/h5>","protected":false},"featured_media":2667,"comment_status":"open","ping_status":"closed","template":"","meta":[],"product_brand":[],"product_cat":[53],"product_tag":[],"class_list":{"0":"post-1433","1":"product","2":"type-product","3":"status-publish","4":"has-post-thumbnail","6":"product_cat-instrumentation-sutures","8":"first","9":"instock","10":"taxable","11":"shipping-taxable","12":"purchasable","13":"product-type-variable"},"yoast_head":"<!-- This site is optimized with the Yoast SEO plugin v26.9 - https:\/\/yoast.com\/product\/yoast-seo-wordpress\/ -->\n<title>Pince Cic\u00e9ron R\u00e9utilisable 210 mm Retrait DIU - YAZMED<\/title>\n<meta name=\"robots\" content=\"index, follow, max-snippet:-1, max-image-preview:large, max-video-preview:-1\" \/>\n<link rel=\"canonical\" href=\"https:\/\/yazmed.ma\/ar\/product\/pince-a-biopsie-gynecologique\/\" \/>\n<meta property=\"og:locale\" content=\"ar_AR\" \/>\n<meta property=\"og:type\" content=\"article\" \/>\n<meta property=\"og:title\" content=\"Pince Cic\u00e9ron R\u00e9utilisable 210 mm Retrait DIU - YAZMED\" \/>\n<meta property=\"og:description\" content=\"pince Cic\u00e9ron\u00a0en\u00a0acier inoxydable gris\u00a0est un instrument essentiel pour le retrait des st\u00e9rilets. Sa finesse et sa longueur de\u00a0210 mm\u00a0permettent une introduction pr\u00e9cise dans l\u2019endocol, facilitant la pr\u00e9hension des fils du DIU, m\u00eame lorsqu\u2019ils sont invisibles ou remont\u00e9s dans le col de l\u2019ut\u00e9rus. Les Avantages de la Pince Cic\u00e9ron :    Retrait facilit\u00e9\u00a0du DIU, m\u00eame en cas de fils non visibles    Design ultra-fin, pour une manipulation pr\u00e9cise et atraumatique    Excellente pr\u00e9hension, \u00e9vitant tout glissement lors de l\u2019extraction    Acier inoxydable gris, robuste et durable    R\u00e9utilisable et st\u00e9rilisable, compatible avec toutes les m\u00e9thodes de st\u00e9rilisation   Caract\u00e9ristiques Techniques :    Longueur : 210 mm    Mat\u00e9riau : Acier inoxydable gris    Utilisation : R\u00e9utilisable et st\u00e9rilisable   Un outil indispensable pour un retrait de st\u00e9rilet en toute s\u00e9curit\u00e9 et avec pr\u00e9cision.\" \/>\n<meta property=\"og:url\" content=\"https:\/\/yazmed.ma\/ar\/product\/pince-a-biopsie-gynecologique\/\" \/>\n<meta property=\"og:site_name\" content=\"YAZMED\" \/>\n<meta property=\"article:publisher\" content=\"https:\/\/www.facebook.com\/azenkouky\" \/>\n<meta property=\"article:modified_time\" content=\"2025-07-28T21:24:15+00:00\" \/>\n<meta property=\"og:image\" content=\"https:\/\/yazmed.ma\/wp-content\/uploads\/2024\/12\/Pince-a-biopsie-gynecologique.jpg\" \/>\n\t<meta property=\"og:image:width\" content=\"300\" \/>\n\t<meta property=\"og:image:height\" content=\"400\" \/>\n\t<meta property=\"og:image:type\" content=\"image\/jpeg\" \/>\n<meta name=\"twitter:card\" content=\"summary_large_image\" \/>\n<meta name=\"twitter:label1\" content=\"Est. reading time\" \/>\n\t<meta name=\"twitter:data1\" content=\"1 minute\" \/>\n<script type=\"application\/ld+json\" class=\"yoast-schema-graph\">{\"@context\":\"https:\/\/schema.org\",\"@graph\":[{\"@type\":\"WebPage\",\"@id\":\"https:\/\/yazmed.ma\/product\/pince-a-biopsie-gynecologique\/\",\"url\":\"https:\/\/yazmed.ma\/product\/pince-a-biopsie-gynecologique\/\",\"name\":\"Pince Cic\u00e9ron R\u00e9utilisable 210 mm Retrait DIU - YAZMED\",\"isPartOf\":{\"@id\":\"https:\/\/yazmed.ma\/#website\"},\"primaryImageOfPage\":{\"@id\":\"https:\/\/yazmed.ma\/product\/pince-a-biopsie-gynecologique\/#primaryimage\"},\"image\":{\"@id\":\"https:\/\/yazmed.ma\/product\/pince-a-biopsie-gynecologique\/#primaryimage\"},\"thumbnailUrl\":\"https:\/\/yazmed.ma\/wp-content\/uploads\/2024\/12\/Pince-Ciceron-Reutilisable210m.webp\",\"datePublished\":\"2024-12-24T16:08:30+00:00\",\"dateModified\":\"2025-07-28T21:24:15+00:00\",\"breadcrumb\":{\"@id\":\"https:\/\/yazmed.ma\/product\/pince-a-biopsie-gynecologique\/#breadcrumb\"},\"inLanguage\":\"ary\",\"potentialAction\":[{\"@type\":\"ReadAction\",\"target\":[\"https:\/\/yazmed.ma\/product\/pince-a-biopsie-gynecologique\/\"]}]},{\"@type\":\"ImageObject\",\"inLanguage\":\"ary\",\"@id\":\"https:\/\/yazmed.ma\/product\/pince-a-biopsie-gynecologique\/#primaryimage\",\"url\":\"https:\/\/yazmed.ma\/wp-content\/uploads\/2024\/12\/Pince-Ciceron-Reutilisable210m.webp\",\"contentUrl\":\"https:\/\/yazmed.ma\/wp-content\/uploads\/2024\/12\/Pince-Ciceron-Reutilisable210m.webp\",\"width\":1024,\"height\":1024,\"caption\":\"Pince Cic\u00e9ron Reutilisable\"},{\"@type\":\"BreadcrumbList\",\"@id\":\"https:\/\/yazmed.ma\/product\/pince-a-biopsie-gynecologique\/#breadcrumb\",\"itemListElement\":[{\"@type\":\"ListItem\",\"position\":1,\"name\":\"Accueil\",\"item\":\"https:\/\/yazmed.ma\/\"},{\"@type\":\"ListItem\",\"position\":2,\"name\":\"Shop\",\"item\":\"https:\/\/yazmed.ma\/shop-2\/\"},{\"@type\":\"ListItem\",\"position\":3,\"name\":\"PINCE A BIOPSIE GYN\u00c9COLOGIQUE POUR FROTTIS\"}]},{\"@type\":\"WebSite\",\"@id\":\"https:\/\/yazmed.ma\/#website\",\"url\":\"https:\/\/yazmed.ma\/\",\"name\":\"Yazmed\",\"description\":\"LEADER DU MAT\u00c9RIEL M\u00c9DICAL AU MAROC\",\"publisher\":{\"@id\":\"https:\/\/yazmed.ma\/#organization\"},\"potentialAction\":[{\"@type\":\"SearchAction\",\"target\":{\"@type\":\"EntryPoint\",\"urlTemplate\":\"https:\/\/yazmed.ma\/?s={search_term_string}\"},\"query-input\":{\"@type\":\"PropertyValueSpecification\",\"valueRequired\":true,\"valueName\":\"search_term_string\"}}],\"inLanguage\":\"ary\"},{\"@type\":\"Organization\",\"@id\":\"https:\/\/yazmed.ma\/#organization\",\"name\":\"Yazmed Healthcare\",\"url\":\"https:\/\/yazmed.ma\/\",\"logo\":{\"@type\":\"ImageObject\",\"inLanguage\":\"ary\",\"@id\":\"https:\/\/yazmed.ma\/#\/schema\/logo\/image\/\",\"url\":\"https:\/\/yazmed.ma\/wp-content\/uploads\/2024\/12\/3.png\",\"contentUrl\":\"https:\/\/yazmed.ma\/wp-content\/uploads\/2024\/12\/3.png\",\"width\":250,\"height\":70,\"caption\":\"Yazmed Healthcare\"},\"image\":{\"@id\":\"https:\/\/yazmed.ma\/#\/schema\/logo\/image\/\"},\"sameAs\":[\"https:\/\/www.facebook.com\/azenkouky\",\"https:\/\/www.instagram.com\/yazmedhealthcare\",\"https:\/\/www.linkedin.com\/in\/yazmed-healthcare-1b4955295\"]}]}<\/script>\n<!-- \/ Yoast SEO plugin. -->","yoast_head_json":{"title":"Pince Cic\u00e9ron R\u00e9utilisable 210 mm Retrait DIU - YAZMED","robots":{"index":"index","follow":"follow","max-snippet":"max-snippet:-1","max-image-preview":"max-image-preview:large","max-video-preview":"max-video-preview:-1"},"canonical":"https:\/\/yazmed.ma\/ar\/product\/pince-a-biopsie-gynecologique\/","og_locale":"ar_AR","og_type":"article","og_title":"Pince Cic\u00e9ron R\u00e9utilisable 210 mm Retrait DIU - YAZMED","og_description":"pince Cic\u00e9ron\u00a0en\u00a0acier inoxydable gris\u00a0est un instrument essentiel pour le retrait des st\u00e9rilets. Sa finesse et sa longueur de\u00a0210 mm\u00a0permettent une introduction pr\u00e9cise dans l\u2019endocol, facilitant la pr\u00e9hension des fils du DIU, m\u00eame lorsqu\u2019ils sont invisibles ou remont\u00e9s dans le col de l\u2019ut\u00e9rus. Les Avantages de la Pince Cic\u00e9ron :    Retrait facilit\u00e9\u00a0du DIU, m\u00eame en cas de fils non visibles    Design ultra-fin, pour une manipulation pr\u00e9cise et atraumatique    Excellente pr\u00e9hension, \u00e9vitant tout glissement lors de l\u2019extraction    Acier inoxydable gris, robuste et durable    R\u00e9utilisable et st\u00e9rilisable, compatible avec toutes les m\u00e9thodes de st\u00e9rilisation   Caract\u00e9ristiques Techniques :    Longueur : 210 mm    Mat\u00e9riau : Acier inoxydable gris    Utilisation : R\u00e9utilisable et st\u00e9rilisable   Un outil indispensable pour un retrait de st\u00e9rilet en toute s\u00e9curit\u00e9 et avec pr\u00e9cision.","og_url":"https:\/\/yazmed.ma\/ar\/product\/pince-a-biopsie-gynecologique\/","og_site_name":"YAZMED","article_publisher":"https:\/\/www.facebook.com\/azenkouky","article_modified_time":"2025-07-28T21:24:15+00:00","og_image":[{"width":300,"height":400,"url":"https:\/\/yazmed.ma\/wp-content\/uploads\/2024\/12\/Pince-a-biopsie-gynecologique.jpg","type":"image\/jpeg"}],"twitter_card":"summary_large_image","twitter_misc":{"Est. reading time":"1 minute"},"schema":{"@context":"https:\/\/schema.org","@graph":[{"@type":"WebPage","@id":"https:\/\/yazmed.ma\/product\/pince-a-biopsie-gynecologique\/","url":"https:\/\/yazmed.ma\/product\/pince-a-biopsie-gynecologique\/","name":"Pince Cic\u00e9ron R\u00e9utilisable 210 mm Retrait DIU - YAZMED","isPartOf":{"@id":"https:\/\/yazmed.ma\/#website"},"primaryImageOfPage":{"@id":"https:\/\/yazmed.ma\/product\/pince-a-biopsie-gynecologique\/#primaryimage"},"image":{"@id":"https:\/\/yazmed.ma\/product\/pince-a-biopsie-gynecologique\/#primaryimage"},"thumbnailUrl":"https:\/\/yazmed.ma\/wp-content\/uploads\/2024\/12\/Pince-Ciceron-Reutilisable210m.webp","datePublished":"2024-12-24T16:08:30+00:00","dateModified":"2025-07-28T21:24:15+00:00","breadcrumb":{"@id":"https:\/\/yazmed.ma\/product\/pince-a-biopsie-gynecologique\/#breadcrumb"},"inLanguage":"ary","potentialAction":[{"@type":"ReadAction","target":["https:\/\/yazmed.ma\/product\/pince-a-biopsie-gynecologique\/"]}]},{"@type":"ImageObject","inLanguage":"ary","@id":"https:\/\/yazmed.ma\/product\/pince-a-biopsie-gynecologique\/#primaryimage","url":"https:\/\/yazmed.ma\/wp-content\/uploads\/2024\/12\/Pince-Ciceron-Reutilisable210m.webp","contentUrl":"https:\/\/yazmed.ma\/wp-content\/uploads\/2024\/12\/Pince-Ciceron-Reutilisable210m.webp","width":1024,"height":1024,"caption":"Pince Cic\u00e9ron Reutilisable"},{"@type":"BreadcrumbList","@id":"https:\/\/yazmed.ma\/product\/pince-a-biopsie-gynecologique\/#breadcrumb","itemListElement":[{"@type":"ListItem","position":1,"name":"Accueil","item":"https:\/\/yazmed.ma\/"},{"@type":"ListItem","position":2,"name":"Shop","item":"https:\/\/yazmed.ma\/shop-2\/"},{"@type":"ListItem","position":3,"name":"PINCE A BIOPSIE GYN\u00c9COLOGIQUE POUR FROTTIS"}]},{"@type":"WebSite","@id":"https:\/\/yazmed.ma\/#website","url":"https:\/\/yazmed.ma\/","name":"Yazmed","description":"LEADER DU MAT\u00c9RIEL M\u00c9DICAL AU MAROC","publisher":{"@id":"https:\/\/yazmed.ma\/#organization"},"potentialAction":[{"@type":"SearchAction","target":{"@type":"EntryPoint","urlTemplate":"https:\/\/yazmed.ma\/?s={search_term_string}"},"query-input":{"@type":"PropertyValueSpecification","valueRequired":true,"valueName":"search_term_string"}}],"inLanguage":"ary"},{"@type":"Organization","@id":"https:\/\/yazmed.ma\/#organization","name":"Yazmed Healthcare","url":"https:\/\/yazmed.ma\/","logo":{"@type":"ImageObject","inLanguage":"ary","@id":"https:\/\/yazmed.ma\/#\/schema\/logo\/image\/","url":"https:\/\/yazmed.ma\/wp-content\/uploads\/2024\/12\/3.png","contentUrl":"https:\/\/yazmed.ma\/wp-content\/uploads\/2024\/12\/3.png","width":250,"height":70,"caption":"Yazmed Healthcare"},"image":{"@id":"https:\/\/yazmed.ma\/#\/schema\/logo\/image\/"},"sameAs":["https:\/\/www.facebook.com\/azenkouky","https:\/\/www.instagram.com\/yazmedhealthcare","https:\/\/www.linkedin.com\/in\/yazmed-healthcare-1b4955295"]}]}},"_links":{"self":[{"href":"https:\/\/yazmed.ma\/ar\/wp-json\/wp\/v2\/product\/1433","targetHints":{"allow":["GET"]}}],"collection":[{"href":"https:\/\/yazmed.ma\/ar\/wp-json\/wp\/v2\/product"}],"about":[{"href":"https:\/\/yazmed.ma\/ar\/wp-json\/wp\/v2\/types\/product"}],"replies":[{"embeddable":true,"href":"https:\/\/yazmed.ma\/ar\/wp-json\/wp\/v2\/comments?post=1433"}],"version-history":[{"count":1,"href":"https:\/\/yazmed.ma\/ar\/wp-json\/wp\/v2\/product\/1433\/revisions"}],"predecessor-version":[{"id":2666,"href":"https:\/\/yazmed.ma\/ar\/wp-json\/wp\/v2\/product\/1433\/revisions\/2666"}],"wp:featuredmedia":[{"embeddable":true,"href":"https:\/\/yazmed.ma\/ar\/wp-json\/wp\/v2\/media\/2667"}],"wp:attachment":[{"href":"https:\/\/yazmed.ma\/ar\/wp-json\/wp\/v2\/media?parent=1433"}],"wp:term":[{"taxonomy":"product_brand","embeddable":true,"href":"https:\/\/yazmed.ma\/ar\/wp-json\/wp\/v2\/product_brand?post=1433"},{"taxonomy":"product_cat","embeddable":true,"href":"https:\/\/yazmed.ma\/ar\/wp-json\/wp\/v2\/product_cat?post=1433"},{"taxonomy":"product_tag","embeddable":true,"href":"https:\/\/yazmed.ma\/ar\/wp-json\/wp\/v2\/product_tag?post=1433"}],"curies":[{"name":"wp","href":"https:\/\/api.w.org\/{rel}","templated":true}]}}