{"id":1422,"date":"2024-12-24T15:43:31","date_gmt":"2024-12-24T15:43:31","guid":{"rendered":"https:\/\/yazmed.ma\/?post_type=product&#038;p=1422"},"modified":"2025-06-22T14:18:41","modified_gmt":"2025-06-22T14:18:41","slug":"fil-de-suture","status":"publish","type":"product","link":"https:\/\/yazmed.ma\/ar\/product\/fil-de-suture\/","title":{"rendered":"Fil de suture &#8211; Vicryl Rapide"},"content":{"rendered":"<p><em>CE 0086 &#8211; produit de classe III. Bo\u00eete de 36 fils de sutures vicryl rapide.<\/em>\u00a0Le\u00a0<strong>fil de suture r\u00e9sorbable Ethicon Vicryl Rapide\u00a0<\/strong>poss\u00e8de la capacit\u00e9 de r\u00e9sorption la plus rapide\u00a0: R\u00e9sorption en 7 \u00e0 10 jours, et r\u00e9sistance nulle apr\u00e8s 10 \u00e0 14 jours\u00a0! Le vicryl rapide est un fil tress\u00e9, compos\u00e9 de polyglactine 910 (90%\u00a0<a class=\"pstg-item-link pstg-theme- tooltipstered\" href=\"https:\/\/www.pmd-medical.com\/glossaire\/item\/acide-polyglycolique\" target=\"_blank\" rel=\"noopener\">acide polyglycolique<\/a>\u00a0et 10%\u00a0<a class=\"pstg-item-link pstg-theme- tooltipstered\" href=\"https:\/\/www.pmd-medical.com\/glossaire\/item\/acide-polylactique\" target=\"_blank\" rel=\"noopener\">acide polylactique<\/a>) ayant subi une\u00a0<a class=\"pstg-item-link pstg-theme- tooltipstered\" href=\"https:\/\/www.pmd-medical.com\/glossaire\/item\/enduction\" target=\"_blank\" rel=\"noopener\">enduction<\/a>\u00a0de polyglactine 370 et st\u00e9arate de calcium. Le\u00a0<strong>fil de suture vicryl rapide\u00a0<\/strong>est conseill\u00e9 pour le rapprochement des tissus mous lorsqu\u2019un soutien de courte dur\u00e9e est possible et quand une r\u00e9sorption rapide de la suture est b\u00e9n\u00e9fique\u00a0:<\/p>\n<ul>\n<li>Chirurgie p\u00e9diatrique : circoncision, hypospadias, phimosis<\/li>\n<li>Episiotomie<\/li>\n<li>Chirurgie dentaire<\/li>\n<li>Stomatologie<\/li>\n<\/ul>","protected":false},"excerpt":{"rendered":"<h4>Fil de suture Vicryl Rapide<\/h4>\n<p>Synth\u00e9tique tress\u00e9e r\u00e9sorbable de Johnson &amp; Johnson \u00e0 r\u00e9sorption rapide en polyglactine 910, temps de r\u00e9sistance 10 \u00e0 14 jours<\/p>\n<p>Fil de suture Vicryl Rapide est la suture synth\u00e9tique Ethicon \u00e0 absorption la plus rapide et est id\u00e9ale pour une utilisation dans le rapprochement superficiel des tissus mous de la peau et des muqueus<\/p>\n<p><img decoding=\"async\" class=\"\" src=\"https:\/\/promamec.com\/assets\/site\/images\/marques\/es999r0c40.png\" alt=\"Ethicon\" width=\"186\" height=\"43\" \/><\/p>","protected":false},"featured_media":2497,"comment_status":"open","ping_status":"closed","template":"","meta":[],"product_brand":[],"product_cat":[53],"product_tag":[106,107],"class_list":{"0":"post-1422","1":"product","2":"type-product","3":"status-publish","4":"has-post-thumbnail","6":"product_cat-instrumentation-sutures","7":"product_tag-fil-de-suture-vicryl-rapide","8":"product_tag-vicryl-rapide","10":"first","11":"instock","12":"taxable","13":"shipping-taxable","14":"purchasable","15":"product-type-variable"},"yoast_head":"<!-- This site is optimized with the Yoast SEO plugin v26.9 - https:\/\/yoast.com\/product\/yoast-seo-wordpress\/ -->\n<title>Fil de suture - Vicryl Rapide - YAZMED<\/title>\n<meta name=\"robots\" content=\"index, follow, max-snippet:-1, max-image-preview:large, max-video-preview:-1\" \/>\n<link rel=\"canonical\" href=\"https:\/\/yazmed.ma\/ar\/product\/fil-de-suture-vicryl-rapide\/\" \/>\n<meta property=\"og:locale\" content=\"ar_AR\" \/>\n<meta property=\"og:type\" content=\"article\" \/>\n<meta property=\"og:title\" content=\"Fil de suture - Vicryl Rapide - YAZMED\" \/>\n<meta property=\"og:description\" content=\"Fil de suture Vicryl Rapide Synth\u00e9tique tress\u00e9e r\u00e9sorbable de Johnson &amp; Johnson \u00e0 r\u00e9sorption rapide en polyglactine 910, temps de r\u00e9sistance 10 \u00e0 14 jours  Fil de suture Vicryl Rapide est la suture synth\u00e9tique Ethicon \u00e0 absorption la plus rapide et est id\u00e9ale pour une utilisation dans le rapprochement superficiel des tissus mous de la peau et des muqueus\" \/>\n<meta property=\"og:url\" content=\"https:\/\/yazmed.ma\/ar\/product\/fil-de-suture-vicryl-rapide\/\" \/>\n<meta property=\"og:site_name\" content=\"YAZMED\" \/>\n<meta property=\"article:publisher\" content=\"https:\/\/www.facebook.com\/azenkouky\" \/>\n<meta property=\"article:modified_time\" content=\"2025-06-22T14:18:41+00:00\" \/>\n<meta property=\"og:image\" content=\"https:\/\/yazmed.ma\/wp-content\/uploads\/2024\/12\/4d0712zifd.jpg\" \/>\n\t<meta property=\"og:image:width\" content=\"350\" \/>\n\t<meta property=\"og:image:height\" content=\"237\" \/>\n\t<meta property=\"og:image:type\" content=\"image\/jpeg\" \/>\n<meta name=\"twitter:card\" content=\"summary_large_image\" \/>\n<meta name=\"twitter:label1\" content=\"Est. reading time\" \/>\n\t<meta name=\"twitter:data1\" content=\"1 minute\" \/>\n<script type=\"application\/ld+json\" class=\"yoast-schema-graph\">{\"@context\":\"https:\/\/schema.org\",\"@graph\":[{\"@type\":\"WebPage\",\"@id\":\"https:\/\/yazmed.ma\/product\/fil-de-suture-vicryl-rapide\/\",\"url\":\"https:\/\/yazmed.ma\/product\/fil-de-suture-vicryl-rapide\/\",\"name\":\"Fil de suture - Vicryl Rapide - YAZMED\",\"isPartOf\":{\"@id\":\"https:\/\/yazmed.ma\/#website\"},\"primaryImageOfPage\":{\"@id\":\"https:\/\/yazmed.ma\/product\/fil-de-suture-vicryl-rapide\/#primaryimage\"},\"image\":{\"@id\":\"https:\/\/yazmed.ma\/product\/fil-de-suture-vicryl-rapide\/#primaryimage\"},\"thumbnailUrl\":\"https:\/\/yazmed.ma\/wp-content\/uploads\/2024\/12\/Fil-de-suture-\u2013-Vicryl-Rapide.webp\",\"datePublished\":\"2024-12-24T15:43:31+00:00\",\"dateModified\":\"2025-06-22T14:18:41+00:00\",\"breadcrumb\":{\"@id\":\"https:\/\/yazmed.ma\/product\/fil-de-suture-vicryl-rapide\/#breadcrumb\"},\"inLanguage\":\"ary\",\"potentialAction\":[{\"@type\":\"ReadAction\",\"target\":[\"https:\/\/yazmed.ma\/product\/fil-de-suture-vicryl-rapide\/\"]}]},{\"@type\":\"ImageObject\",\"inLanguage\":\"ary\",\"@id\":\"https:\/\/yazmed.ma\/product\/fil-de-suture-vicryl-rapide\/#primaryimage\",\"url\":\"https:\/\/yazmed.ma\/wp-content\/uploads\/2024\/12\/Fil-de-suture-\u2013-Vicryl-Rapide.webp\",\"contentUrl\":\"https:\/\/yazmed.ma\/wp-content\/uploads\/2024\/12\/Fil-de-suture-\u2013-Vicryl-Rapide.webp\",\"width\":350,\"height\":237,\"caption\":\"Fil de suture \u2013 Vicryl Rapide\"},{\"@type\":\"BreadcrumbList\",\"@id\":\"https:\/\/yazmed.ma\/product\/fil-de-suture-vicryl-rapide\/#breadcrumb\",\"itemListElement\":[{\"@type\":\"ListItem\",\"position\":1,\"name\":\"Accueil\",\"item\":\"https:\/\/yazmed.ma\/\"},{\"@type\":\"ListItem\",\"position\":2,\"name\":\"Shop\",\"item\":\"https:\/\/yazmed.ma\/shop-2\/\"},{\"@type\":\"ListItem\",\"position\":3,\"name\":\"Fil de suture &#8211; Vicryl Rapide\"}]},{\"@type\":\"WebSite\",\"@id\":\"https:\/\/yazmed.ma\/#website\",\"url\":\"https:\/\/yazmed.ma\/\",\"name\":\"Yazmed\",\"description\":\"LEADER DU MAT\u00c9RIEL M\u00c9DICAL AU MAROC\",\"publisher\":{\"@id\":\"https:\/\/yazmed.ma\/#organization\"},\"potentialAction\":[{\"@type\":\"SearchAction\",\"target\":{\"@type\":\"EntryPoint\",\"urlTemplate\":\"https:\/\/yazmed.ma\/?s={search_term_string}\"},\"query-input\":{\"@type\":\"PropertyValueSpecification\",\"valueRequired\":true,\"valueName\":\"search_term_string\"}}],\"inLanguage\":\"ary\"},{\"@type\":\"Organization\",\"@id\":\"https:\/\/yazmed.ma\/#organization\",\"name\":\"Yazmed Healthcare\",\"url\":\"https:\/\/yazmed.ma\/\",\"logo\":{\"@type\":\"ImageObject\",\"inLanguage\":\"ary\",\"@id\":\"https:\/\/yazmed.ma\/#\/schema\/logo\/image\/\",\"url\":\"https:\/\/yazmed.ma\/wp-content\/uploads\/2024\/12\/3.png\",\"contentUrl\":\"https:\/\/yazmed.ma\/wp-content\/uploads\/2024\/12\/3.png\",\"width\":250,\"height\":70,\"caption\":\"Yazmed Healthcare\"},\"image\":{\"@id\":\"https:\/\/yazmed.ma\/#\/schema\/logo\/image\/\"},\"sameAs\":[\"https:\/\/www.facebook.com\/azenkouky\",\"https:\/\/www.instagram.com\/yazmedhealthcare\",\"https:\/\/www.linkedin.com\/in\/yazmed-healthcare-1b4955295\"]}]}<\/script>\n<!-- \/ Yoast SEO plugin. -->","yoast_head_json":{"title":"Fil de suture - Vicryl Rapide - YAZMED","robots":{"index":"index","follow":"follow","max-snippet":"max-snippet:-1","max-image-preview":"max-image-preview:large","max-video-preview":"max-video-preview:-1"},"canonical":"https:\/\/yazmed.ma\/ar\/product\/fil-de-suture-vicryl-rapide\/","og_locale":"ar_AR","og_type":"article","og_title":"Fil de suture - Vicryl Rapide - YAZMED","og_description":"Fil de suture Vicryl Rapide Synth\u00e9tique tress\u00e9e r\u00e9sorbable de Johnson &amp; Johnson \u00e0 r\u00e9sorption rapide en polyglactine 910, temps de r\u00e9sistance 10 \u00e0 14 jours  Fil de suture Vicryl Rapide est la suture synth\u00e9tique Ethicon \u00e0 absorption la plus rapide et est id\u00e9ale pour une utilisation dans le rapprochement superficiel des tissus mous de la peau et des muqueus","og_url":"https:\/\/yazmed.ma\/ar\/product\/fil-de-suture-vicryl-rapide\/","og_site_name":"YAZMED","article_publisher":"https:\/\/www.facebook.com\/azenkouky","article_modified_time":"2025-06-22T14:18:41+00:00","og_image":[{"width":350,"height":237,"url":"https:\/\/yazmed.ma\/wp-content\/uploads\/2024\/12\/4d0712zifd.jpg","type":"image\/jpeg"}],"twitter_card":"summary_large_image","twitter_misc":{"Est. reading time":"1 minute"},"schema":{"@context":"https:\/\/schema.org","@graph":[{"@type":"WebPage","@id":"https:\/\/yazmed.ma\/product\/fil-de-suture-vicryl-rapide\/","url":"https:\/\/yazmed.ma\/product\/fil-de-suture-vicryl-rapide\/","name":"Fil de suture - Vicryl Rapide - YAZMED","isPartOf":{"@id":"https:\/\/yazmed.ma\/#website"},"primaryImageOfPage":{"@id":"https:\/\/yazmed.ma\/product\/fil-de-suture-vicryl-rapide\/#primaryimage"},"image":{"@id":"https:\/\/yazmed.ma\/product\/fil-de-suture-vicryl-rapide\/#primaryimage"},"thumbnailUrl":"https:\/\/yazmed.ma\/wp-content\/uploads\/2024\/12\/Fil-de-suture-\u2013-Vicryl-Rapide.webp","datePublished":"2024-12-24T15:43:31+00:00","dateModified":"2025-06-22T14:18:41+00:00","breadcrumb":{"@id":"https:\/\/yazmed.ma\/product\/fil-de-suture-vicryl-rapide\/#breadcrumb"},"inLanguage":"ary","potentialAction":[{"@type":"ReadAction","target":["https:\/\/yazmed.ma\/product\/fil-de-suture-vicryl-rapide\/"]}]},{"@type":"ImageObject","inLanguage":"ary","@id":"https:\/\/yazmed.ma\/product\/fil-de-suture-vicryl-rapide\/#primaryimage","url":"https:\/\/yazmed.ma\/wp-content\/uploads\/2024\/12\/Fil-de-suture-\u2013-Vicryl-Rapide.webp","contentUrl":"https:\/\/yazmed.ma\/wp-content\/uploads\/2024\/12\/Fil-de-suture-\u2013-Vicryl-Rapide.webp","width":350,"height":237,"caption":"Fil de suture \u2013 Vicryl Rapide"},{"@type":"BreadcrumbList","@id":"https:\/\/yazmed.ma\/product\/fil-de-suture-vicryl-rapide\/#breadcrumb","itemListElement":[{"@type":"ListItem","position":1,"name":"Accueil","item":"https:\/\/yazmed.ma\/"},{"@type":"ListItem","position":2,"name":"Shop","item":"https:\/\/yazmed.ma\/shop-2\/"},{"@type":"ListItem","position":3,"name":"Fil de suture &#8211; Vicryl Rapide"}]},{"@type":"WebSite","@id":"https:\/\/yazmed.ma\/#website","url":"https:\/\/yazmed.ma\/","name":"Yazmed","description":"LEADER DU MAT\u00c9RIEL M\u00c9DICAL AU MAROC","publisher":{"@id":"https:\/\/yazmed.ma\/#organization"},"potentialAction":[{"@type":"SearchAction","target":{"@type":"EntryPoint","urlTemplate":"https:\/\/yazmed.ma\/?s={search_term_string}"},"query-input":{"@type":"PropertyValueSpecification","valueRequired":true,"valueName":"search_term_string"}}],"inLanguage":"ary"},{"@type":"Organization","@id":"https:\/\/yazmed.ma\/#organization","name":"Yazmed Healthcare","url":"https:\/\/yazmed.ma\/","logo":{"@type":"ImageObject","inLanguage":"ary","@id":"https:\/\/yazmed.ma\/#\/schema\/logo\/image\/","url":"https:\/\/yazmed.ma\/wp-content\/uploads\/2024\/12\/3.png","contentUrl":"https:\/\/yazmed.ma\/wp-content\/uploads\/2024\/12\/3.png","width":250,"height":70,"caption":"Yazmed Healthcare"},"image":{"@id":"https:\/\/yazmed.ma\/#\/schema\/logo\/image\/"},"sameAs":["https:\/\/www.facebook.com\/azenkouky","https:\/\/www.instagram.com\/yazmedhealthcare","https:\/\/www.linkedin.com\/in\/yazmed-healthcare-1b4955295"]}]}},"_links":{"self":[{"href":"https:\/\/yazmed.ma\/ar\/wp-json\/wp\/v2\/product\/1422","targetHints":{"allow":["GET"]}}],"collection":[{"href":"https:\/\/yazmed.ma\/ar\/wp-json\/wp\/v2\/product"}],"about":[{"href":"https:\/\/yazmed.ma\/ar\/wp-json\/wp\/v2\/types\/product"}],"replies":[{"embeddable":true,"href":"https:\/\/yazmed.ma\/ar\/wp-json\/wp\/v2\/comments?post=1422"}],"version-history":[{"count":0,"href":"https:\/\/yazmed.ma\/ar\/wp-json\/wp\/v2\/product\/1422\/revisions"}],"wp:featuredmedia":[{"embeddable":true,"href":"https:\/\/yazmed.ma\/ar\/wp-json\/wp\/v2\/media\/2497"}],"wp:attachment":[{"href":"https:\/\/yazmed.ma\/ar\/wp-json\/wp\/v2\/media?parent=1422"}],"wp:term":[{"taxonomy":"product_brand","embeddable":true,"href":"https:\/\/yazmed.ma\/ar\/wp-json\/wp\/v2\/product_brand?post=1422"},{"taxonomy":"product_cat","embeddable":true,"href":"https:\/\/yazmed.ma\/ar\/wp-json\/wp\/v2\/product_cat?post=1422"},{"taxonomy":"product_tag","embeddable":true,"href":"https:\/\/yazmed.ma\/ar\/wp-json\/wp\/v2\/product_tag?post=1422"}],"curies":[{"name":"wp","href":"https:\/\/api.w.org\/{rel}","templated":true}]}}