{"id":1416,"date":"2024-12-24T15:18:46","date_gmt":"2024-12-24T15:18:46","guid":{"rendered":"https:\/\/yazmed.ma\/?post_type=product&#038;p=1416"},"modified":"2025-09-22T14:09:16","modified_gmt":"2025-09-22T14:09:16","slug":"speculum-vaginal-cusco-pliant-inox","status":"publish","type":"product","link":"https:\/\/yazmed.ma\/ar\/product\/speculum-vaginal-cusco-pliant-inox\/","title":{"rendered":"SP\u00c9CULUM VAGINAL CUSCO PLIANT INOX"},"content":{"rendered":"","protected":false},"excerpt":{"rendered":"<h4>\u00a0sp\u00e9culum cusco<\/h4>\n<p>vaginaux r\u00e9alis\u00e9s en acier inoxydable sont robustes et r\u00e9utilisables. Ils se nettoient en machine ou \u00e0 la main et sont autoclavables. Ils peuvent \u00eatre employ\u00e9s lors des examens gyn\u00e9cologiques courants (frottis vaginaux), la pose d\u2019une dispositif intra-ut\u00e9rin (st\u00e9rilet) et des petits actes de chirurgie etc.<\/p>\n<p>#GYN\u00c9COLOGIE#OBST\u00c9TRIQUE#FROTTIS<\/p>\n<h3>#Mat\u00e9riel gyn\u00e9cologie<\/h3>\n<p><img decoding=\"async\" src=\"https:\/\/www.dispoma.com\/wp-content\/uploads\/2020\/05\/asp-medical-logo.jpg\" alt=\"ASP MEDICAL\" \/><\/p>","protected":false},"featured_media":1417,"comment_status":"open","ping_status":"closed","template":"","meta":[],"product_brand":[],"product_cat":[53],"product_tag":[],"class_list":{"0":"post-1416","1":"product","2":"type-product","3":"status-publish","4":"has-post-thumbnail","6":"product_cat-instrumentation-sutures","8":"first","9":"instock","10":"taxable","11":"shipping-taxable","12":"purchasable","13":"product-type-simple"},"yoast_head":"<!-- This site is optimized with the Yoast SEO plugin v26.9 - https:\/\/yoast.com\/product\/yoast-seo-wordpress\/ -->\n<title>SP\u00c9CULUM VAGINAL CUSCO PLIANT INOX - YAZMED<\/title>\n<meta name=\"robots\" content=\"index, follow, max-snippet:-1, max-image-preview:large, max-video-preview:-1\" \/>\n<link rel=\"canonical\" href=\"https:\/\/yazmed.ma\/ar\/product\/speculum-vaginal-cusco-pliant-inox\/\" \/>\n<meta property=\"og:locale\" content=\"ar_AR\" \/>\n<meta property=\"og:type\" content=\"article\" \/>\n<meta property=\"og:title\" content=\"SP\u00c9CULUM VAGINAL CUSCO PLIANT INOX - YAZMED\" \/>\n<meta property=\"og:description\" content=\"\u00a0sp\u00e9culum cusco vaginaux r\u00e9alis\u00e9s en acier inoxydable sont robustes et r\u00e9utilisables. Ils se nettoient en machine ou \u00e0 la main et sont autoclavables. Ils peuvent \u00eatre employ\u00e9s lors des examens gyn\u00e9cologiques courants (frottis vaginaux), la pose d\u2019une dispositif intra-ut\u00e9rin (st\u00e9rilet) et des petits actes de chirurgie etc.  #GYN\u00c9COLOGIE#OBST\u00c9TRIQUE#FROTTIS #Mat\u00e9riel gyn\u00e9cologie\" \/>\n<meta property=\"og:url\" content=\"https:\/\/yazmed.ma\/ar\/product\/speculum-vaginal-cusco-pliant-inox\/\" \/>\n<meta property=\"og:site_name\" content=\"YAZMED\" \/>\n<meta property=\"article:publisher\" content=\"https:\/\/www.facebook.com\/azenkouky\" \/>\n<meta property=\"article:modified_time\" content=\"2025-09-22T14:09:16+00:00\" \/>\n<meta property=\"og:image\" content=\"https:\/\/yazmed.ma\/wp-content\/uploads\/2024\/12\/speculum-cusco.jpg\" \/>\n\t<meta property=\"og:image:width\" content=\"1000\" \/>\n\t<meta property=\"og:image:height\" content=\"1000\" \/>\n\t<meta property=\"og:image:type\" content=\"image\/jpeg\" \/>\n<meta name=\"twitter:card\" content=\"summary_large_image\" \/>\n<meta name=\"twitter:label1\" content=\"Est. reading time\" \/>\n\t<meta name=\"twitter:data1\" content=\"1 minute\" \/>\n<script type=\"application\/ld+json\" class=\"yoast-schema-graph\">{\"@context\":\"https:\/\/schema.org\",\"@graph\":[{\"@type\":\"WebPage\",\"@id\":\"https:\/\/yazmed.ma\/product\/speculum-vaginal-cusco-pliant-inox\/\",\"url\":\"https:\/\/yazmed.ma\/product\/speculum-vaginal-cusco-pliant-inox\/\",\"name\":\"SP\u00c9CULUM VAGINAL CUSCO PLIANT INOX - YAZMED\",\"isPartOf\":{\"@id\":\"https:\/\/yazmed.ma\/#website\"},\"primaryImageOfPage\":{\"@id\":\"https:\/\/yazmed.ma\/product\/speculum-vaginal-cusco-pliant-inox\/#primaryimage\"},\"image\":{\"@id\":\"https:\/\/yazmed.ma\/product\/speculum-vaginal-cusco-pliant-inox\/#primaryimage\"},\"thumbnailUrl\":\"https:\/\/yazmed.ma\/wp-content\/uploads\/2024\/12\/speculum-cusco.jpg\",\"datePublished\":\"2024-12-24T15:18:46+00:00\",\"dateModified\":\"2025-09-22T14:09:16+00:00\",\"breadcrumb\":{\"@id\":\"https:\/\/yazmed.ma\/product\/speculum-vaginal-cusco-pliant-inox\/#breadcrumb\"},\"inLanguage\":\"ary\",\"potentialAction\":[{\"@type\":\"ReadAction\",\"target\":[\"https:\/\/yazmed.ma\/product\/speculum-vaginal-cusco-pliant-inox\/\"]}]},{\"@type\":\"ImageObject\",\"inLanguage\":\"ary\",\"@id\":\"https:\/\/yazmed.ma\/product\/speculum-vaginal-cusco-pliant-inox\/#primaryimage\",\"url\":\"https:\/\/yazmed.ma\/wp-content\/uploads\/2024\/12\/speculum-cusco.jpg\",\"contentUrl\":\"https:\/\/yazmed.ma\/wp-content\/uploads\/2024\/12\/speculum-cusco.jpg\",\"width\":1000,\"height\":1000,\"caption\":\"speculum cusco\"},{\"@type\":\"BreadcrumbList\",\"@id\":\"https:\/\/yazmed.ma\/product\/speculum-vaginal-cusco-pliant-inox\/#breadcrumb\",\"itemListElement\":[{\"@type\":\"ListItem\",\"position\":1,\"name\":\"Accueil\",\"item\":\"https:\/\/yazmed.ma\/\"},{\"@type\":\"ListItem\",\"position\":2,\"name\":\"Shop\",\"item\":\"https:\/\/yazmed.ma\/shop-2\/\"},{\"@type\":\"ListItem\",\"position\":3,\"name\":\"SP\u00c9CULUM VAGINAL CUSCO PLIANT INOX\"}]},{\"@type\":\"WebSite\",\"@id\":\"https:\/\/yazmed.ma\/#website\",\"url\":\"https:\/\/yazmed.ma\/\",\"name\":\"Yazmed\",\"description\":\"LEADER DU MAT\u00c9RIEL M\u00c9DICAL AU MAROC\",\"publisher\":{\"@id\":\"https:\/\/yazmed.ma\/#organization\"},\"potentialAction\":[{\"@type\":\"SearchAction\",\"target\":{\"@type\":\"EntryPoint\",\"urlTemplate\":\"https:\/\/yazmed.ma\/?s={search_term_string}\"},\"query-input\":{\"@type\":\"PropertyValueSpecification\",\"valueRequired\":true,\"valueName\":\"search_term_string\"}}],\"inLanguage\":\"ary\"},{\"@type\":\"Organization\",\"@id\":\"https:\/\/yazmed.ma\/#organization\",\"name\":\"Yazmed Healthcare\",\"url\":\"https:\/\/yazmed.ma\/\",\"logo\":{\"@type\":\"ImageObject\",\"inLanguage\":\"ary\",\"@id\":\"https:\/\/yazmed.ma\/#\/schema\/logo\/image\/\",\"url\":\"https:\/\/yazmed.ma\/wp-content\/uploads\/2024\/12\/3.png\",\"contentUrl\":\"https:\/\/yazmed.ma\/wp-content\/uploads\/2024\/12\/3.png\",\"width\":250,\"height\":70,\"caption\":\"Yazmed Healthcare\"},\"image\":{\"@id\":\"https:\/\/yazmed.ma\/#\/schema\/logo\/image\/\"},\"sameAs\":[\"https:\/\/www.facebook.com\/azenkouky\",\"https:\/\/www.instagram.com\/yazmedhealthcare\",\"https:\/\/www.linkedin.com\/in\/yazmed-healthcare-1b4955295\"]}]}<\/script>\n<!-- \/ Yoast SEO plugin. -->","yoast_head_json":{"title":"SP\u00c9CULUM VAGINAL CUSCO PLIANT INOX - YAZMED","robots":{"index":"index","follow":"follow","max-snippet":"max-snippet:-1","max-image-preview":"max-image-preview:large","max-video-preview":"max-video-preview:-1"},"canonical":"https:\/\/yazmed.ma\/ar\/product\/speculum-vaginal-cusco-pliant-inox\/","og_locale":"ar_AR","og_type":"article","og_title":"SP\u00c9CULUM VAGINAL CUSCO PLIANT INOX - YAZMED","og_description":"\u00a0sp\u00e9culum cusco vaginaux r\u00e9alis\u00e9s en acier inoxydable sont robustes et r\u00e9utilisables. Ils se nettoient en machine ou \u00e0 la main et sont autoclavables. Ils peuvent \u00eatre employ\u00e9s lors des examens gyn\u00e9cologiques courants (frottis vaginaux), la pose d\u2019une dispositif intra-ut\u00e9rin (st\u00e9rilet) et des petits actes de chirurgie etc.  #GYN\u00c9COLOGIE#OBST\u00c9TRIQUE#FROTTIS #Mat\u00e9riel gyn\u00e9cologie","og_url":"https:\/\/yazmed.ma\/ar\/product\/speculum-vaginal-cusco-pliant-inox\/","og_site_name":"YAZMED","article_publisher":"https:\/\/www.facebook.com\/azenkouky","article_modified_time":"2025-09-22T14:09:16+00:00","og_image":[{"width":1000,"height":1000,"url":"https:\/\/yazmed.ma\/wp-content\/uploads\/2024\/12\/speculum-cusco.jpg","type":"image\/jpeg"}],"twitter_card":"summary_large_image","twitter_misc":{"Est. reading time":"1 minute"},"schema":{"@context":"https:\/\/schema.org","@graph":[{"@type":"WebPage","@id":"https:\/\/yazmed.ma\/product\/speculum-vaginal-cusco-pliant-inox\/","url":"https:\/\/yazmed.ma\/product\/speculum-vaginal-cusco-pliant-inox\/","name":"SP\u00c9CULUM VAGINAL CUSCO PLIANT INOX - YAZMED","isPartOf":{"@id":"https:\/\/yazmed.ma\/#website"},"primaryImageOfPage":{"@id":"https:\/\/yazmed.ma\/product\/speculum-vaginal-cusco-pliant-inox\/#primaryimage"},"image":{"@id":"https:\/\/yazmed.ma\/product\/speculum-vaginal-cusco-pliant-inox\/#primaryimage"},"thumbnailUrl":"https:\/\/yazmed.ma\/wp-content\/uploads\/2024\/12\/speculum-cusco.jpg","datePublished":"2024-12-24T15:18:46+00:00","dateModified":"2025-09-22T14:09:16+00:00","breadcrumb":{"@id":"https:\/\/yazmed.ma\/product\/speculum-vaginal-cusco-pliant-inox\/#breadcrumb"},"inLanguage":"ary","potentialAction":[{"@type":"ReadAction","target":["https:\/\/yazmed.ma\/product\/speculum-vaginal-cusco-pliant-inox\/"]}]},{"@type":"ImageObject","inLanguage":"ary","@id":"https:\/\/yazmed.ma\/product\/speculum-vaginal-cusco-pliant-inox\/#primaryimage","url":"https:\/\/yazmed.ma\/wp-content\/uploads\/2024\/12\/speculum-cusco.jpg","contentUrl":"https:\/\/yazmed.ma\/wp-content\/uploads\/2024\/12\/speculum-cusco.jpg","width":1000,"height":1000,"caption":"speculum cusco"},{"@type":"BreadcrumbList","@id":"https:\/\/yazmed.ma\/product\/speculum-vaginal-cusco-pliant-inox\/#breadcrumb","itemListElement":[{"@type":"ListItem","position":1,"name":"Accueil","item":"https:\/\/yazmed.ma\/"},{"@type":"ListItem","position":2,"name":"Shop","item":"https:\/\/yazmed.ma\/shop-2\/"},{"@type":"ListItem","position":3,"name":"SP\u00c9CULUM VAGINAL CUSCO PLIANT INOX"}]},{"@type":"WebSite","@id":"https:\/\/yazmed.ma\/#website","url":"https:\/\/yazmed.ma\/","name":"Yazmed","description":"LEADER DU MAT\u00c9RIEL M\u00c9DICAL AU MAROC","publisher":{"@id":"https:\/\/yazmed.ma\/#organization"},"potentialAction":[{"@type":"SearchAction","target":{"@type":"EntryPoint","urlTemplate":"https:\/\/yazmed.ma\/?s={search_term_string}"},"query-input":{"@type":"PropertyValueSpecification","valueRequired":true,"valueName":"search_term_string"}}],"inLanguage":"ary"},{"@type":"Organization","@id":"https:\/\/yazmed.ma\/#organization","name":"Yazmed Healthcare","url":"https:\/\/yazmed.ma\/","logo":{"@type":"ImageObject","inLanguage":"ary","@id":"https:\/\/yazmed.ma\/#\/schema\/logo\/image\/","url":"https:\/\/yazmed.ma\/wp-content\/uploads\/2024\/12\/3.png","contentUrl":"https:\/\/yazmed.ma\/wp-content\/uploads\/2024\/12\/3.png","width":250,"height":70,"caption":"Yazmed Healthcare"},"image":{"@id":"https:\/\/yazmed.ma\/#\/schema\/logo\/image\/"},"sameAs":["https:\/\/www.facebook.com\/azenkouky","https:\/\/www.instagram.com\/yazmedhealthcare","https:\/\/www.linkedin.com\/in\/yazmed-healthcare-1b4955295"]}]}},"_links":{"self":[{"href":"https:\/\/yazmed.ma\/ar\/wp-json\/wp\/v2\/product\/1416","targetHints":{"allow":["GET"]}}],"collection":[{"href":"https:\/\/yazmed.ma\/ar\/wp-json\/wp\/v2\/product"}],"about":[{"href":"https:\/\/yazmed.ma\/ar\/wp-json\/wp\/v2\/types\/product"}],"replies":[{"embeddable":true,"href":"https:\/\/yazmed.ma\/ar\/wp-json\/wp\/v2\/comments?post=1416"}],"version-history":[{"count":1,"href":"https:\/\/yazmed.ma\/ar\/wp-json\/wp\/v2\/product\/1416\/revisions"}],"predecessor-version":[{"id":2726,"href":"https:\/\/yazmed.ma\/ar\/wp-json\/wp\/v2\/product\/1416\/revisions\/2726"}],"wp:featuredmedia":[{"embeddable":true,"href":"https:\/\/yazmed.ma\/ar\/wp-json\/wp\/v2\/media\/1417"}],"wp:attachment":[{"href":"https:\/\/yazmed.ma\/ar\/wp-json\/wp\/v2\/media?parent=1416"}],"wp:term":[{"taxonomy":"product_brand","embeddable":true,"href":"https:\/\/yazmed.ma\/ar\/wp-json\/wp\/v2\/product_brand?post=1416"},{"taxonomy":"product_cat","embeddable":true,"href":"https:\/\/yazmed.ma\/ar\/wp-json\/wp\/v2\/product_cat?post=1416"},{"taxonomy":"product_tag","embeddable":true,"href":"https:\/\/yazmed.ma\/ar\/wp-json\/wp\/v2\/product_tag?post=1416"}],"curies":[{"name":"wp","href":"https:\/\/api.w.org\/{rel}","templated":true}]}}