{"id":1414,"date":"2024-12-24T15:13:38","date_gmt":"2024-12-24T15:13:38","guid":{"rendered":"https:\/\/yazmed.ma\/?post_type=product&#038;p=1414"},"modified":"2024-12-24T15:13:39","modified_gmt":"2024-12-24T15:13:39","slug":"cuvette-haricot-en-acier-inoxydable","status":"publish","type":"product","link":"https:\/\/yazmed.ma\/ar\/product\/cuvette-haricot-en-acier-inoxydable\/","title":{"rendered":"CUVETTE HARICOT EN ACIER INOXYDABLE"},"content":{"rendered":"","protected":false},"excerpt":{"rendered":"<p>Des r\u00e9cipients en acier inoxydable, en forme de haricot, adapt\u00e9s au rangement ou \u00e0 la r\u00e9ception provisoire d\u2019instruments ou de d\u00e9chets m\u00e9dicaux.<\/p>\n<p>Autoclavables et Chaleur s\u00e8che. Nettoyage \u00e0 l\u2019eau savonneuse ou d\u00e9tergent n\u2019attaquant pas l\u2019inox.<\/p>\n<p><strong>Taille:<\/strong>309 x 149 x 59 mm<\/p>","protected":false},"featured_media":1415,"comment_status":"open","ping_status":"closed","template":"","meta":[],"product_brand":[],"product_cat":[53],"product_tag":[],"class_list":{"0":"post-1414","1":"product","2":"type-product","3":"status-publish","4":"has-post-thumbnail","6":"product_cat-instrumentation-sutures","8":"first","9":"instock","10":"taxable","11":"shipping-taxable","12":"purchasable","13":"product-type-simple"},"yoast_head":"<!-- This site is optimized with the Yoast SEO plugin v26.9 - https:\/\/yoast.com\/product\/yoast-seo-wordpress\/ -->\n<title>CUVETTE HARICOT EN ACIER INOXYDABLE - YAZMED<\/title>\n<meta name=\"robots\" content=\"index, follow, max-snippet:-1, max-image-preview:large, max-video-preview:-1\" \/>\n<link rel=\"canonical\" href=\"https:\/\/yazmed.ma\/ar\/product\/cuvette-haricot-en-acier-inoxydable\/\" \/>\n<meta property=\"og:locale\" content=\"ar_AR\" \/>\n<meta property=\"og:type\" content=\"article\" \/>\n<meta property=\"og:title\" content=\"CUVETTE HARICOT EN ACIER INOXYDABLE - YAZMED\" \/>\n<meta property=\"og:description\" content=\"Des r\u00e9cipients en acier inoxydable, en forme de haricot, adapt\u00e9s au rangement ou \u00e0 la r\u00e9ception provisoire d\u2019instruments ou de d\u00e9chets m\u00e9dicaux.  Autoclavables et Chaleur s\u00e8che. Nettoyage \u00e0 l\u2019eau savonneuse ou d\u00e9tergent n\u2019attaquant pas l\u2019inox.  Taille:309 x 149 x 59 mm\" \/>\n<meta property=\"og:url\" content=\"https:\/\/yazmed.ma\/ar\/product\/cuvette-haricot-en-acier-inoxydable\/\" \/>\n<meta property=\"og:site_name\" content=\"YAZMED\" \/>\n<meta property=\"article:publisher\" content=\"https:\/\/www.facebook.com\/azenkouky\" \/>\n<meta property=\"article:modified_time\" content=\"2024-12-24T15:13:39+00:00\" \/>\n<meta property=\"og:image\" content=\"https:\/\/yazmed.ma\/wp-content\/uploads\/2024\/12\/d6b085421503f5ba811f6cc292710825xx.jpg\" \/>\n\t<meta property=\"og:image:width\" content=\"900\" \/>\n\t<meta property=\"og:image:height\" content=\"900\" \/>\n\t<meta property=\"og:image:type\" content=\"image\/jpeg\" \/>\n<meta name=\"twitter:card\" content=\"summary_large_image\" \/>\n<meta name=\"twitter:label1\" content=\"Est. reading time\" \/>\n\t<meta name=\"twitter:data1\" content=\"1 minute\" \/>\n<script type=\"application\/ld+json\" class=\"yoast-schema-graph\">{\"@context\":\"https:\/\/schema.org\",\"@graph\":[{\"@type\":\"WebPage\",\"@id\":\"https:\/\/yazmed.ma\/product\/cuvette-haricot-en-acier-inoxydable\/\",\"url\":\"https:\/\/yazmed.ma\/product\/cuvette-haricot-en-acier-inoxydable\/\",\"name\":\"CUVETTE HARICOT EN ACIER INOXYDABLE - YAZMED\",\"isPartOf\":{\"@id\":\"https:\/\/yazmed.ma\/#website\"},\"primaryImageOfPage\":{\"@id\":\"https:\/\/yazmed.ma\/product\/cuvette-haricot-en-acier-inoxydable\/#primaryimage\"},\"image\":{\"@id\":\"https:\/\/yazmed.ma\/product\/cuvette-haricot-en-acier-inoxydable\/#primaryimage\"},\"thumbnailUrl\":\"https:\/\/yazmed.ma\/wp-content\/uploads\/2024\/12\/d6b085421503f5ba811f6cc292710825xx.jpg\",\"datePublished\":\"2024-12-24T15:13:38+00:00\",\"dateModified\":\"2024-12-24T15:13:39+00:00\",\"breadcrumb\":{\"@id\":\"https:\/\/yazmed.ma\/product\/cuvette-haricot-en-acier-inoxydable\/#breadcrumb\"},\"inLanguage\":\"ary\",\"potentialAction\":[{\"@type\":\"ReadAction\",\"target\":[\"https:\/\/yazmed.ma\/product\/cuvette-haricot-en-acier-inoxydable\/\"]}]},{\"@type\":\"ImageObject\",\"inLanguage\":\"ary\",\"@id\":\"https:\/\/yazmed.ma\/product\/cuvette-haricot-en-acier-inoxydable\/#primaryimage\",\"url\":\"https:\/\/yazmed.ma\/wp-content\/uploads\/2024\/12\/d6b085421503f5ba811f6cc292710825xx.jpg\",\"contentUrl\":\"https:\/\/yazmed.ma\/wp-content\/uploads\/2024\/12\/d6b085421503f5ba811f6cc292710825xx.jpg\",\"width\":900,\"height\":900,\"caption\":\"CUVETTE HARICOT EN ACIER INOXYDABLE Yazmed Maroc\"},{\"@type\":\"BreadcrumbList\",\"@id\":\"https:\/\/yazmed.ma\/product\/cuvette-haricot-en-acier-inoxydable\/#breadcrumb\",\"itemListElement\":[{\"@type\":\"ListItem\",\"position\":1,\"name\":\"Accueil\",\"item\":\"https:\/\/yazmed.ma\/\"},{\"@type\":\"ListItem\",\"position\":2,\"name\":\"Shop\",\"item\":\"https:\/\/yazmed.ma\/shop-2\/\"},{\"@type\":\"ListItem\",\"position\":3,\"name\":\"CUVETTE HARICOT EN ACIER INOXYDABLE\"}]},{\"@type\":\"WebSite\",\"@id\":\"https:\/\/yazmed.ma\/#website\",\"url\":\"https:\/\/yazmed.ma\/\",\"name\":\"Yazmed\",\"description\":\"LEADER DU MAT\u00c9RIEL M\u00c9DICAL AU MAROC\",\"publisher\":{\"@id\":\"https:\/\/yazmed.ma\/#organization\"},\"potentialAction\":[{\"@type\":\"SearchAction\",\"target\":{\"@type\":\"EntryPoint\",\"urlTemplate\":\"https:\/\/yazmed.ma\/?s={search_term_string}\"},\"query-input\":{\"@type\":\"PropertyValueSpecification\",\"valueRequired\":true,\"valueName\":\"search_term_string\"}}],\"inLanguage\":\"ary\"},{\"@type\":\"Organization\",\"@id\":\"https:\/\/yazmed.ma\/#organization\",\"name\":\"Yazmed Healthcare\",\"url\":\"https:\/\/yazmed.ma\/\",\"logo\":{\"@type\":\"ImageObject\",\"inLanguage\":\"ary\",\"@id\":\"https:\/\/yazmed.ma\/#\/schema\/logo\/image\/\",\"url\":\"https:\/\/yazmed.ma\/wp-content\/uploads\/2024\/12\/3.png\",\"contentUrl\":\"https:\/\/yazmed.ma\/wp-content\/uploads\/2024\/12\/3.png\",\"width\":250,\"height\":70,\"caption\":\"Yazmed Healthcare\"},\"image\":{\"@id\":\"https:\/\/yazmed.ma\/#\/schema\/logo\/image\/\"},\"sameAs\":[\"https:\/\/www.facebook.com\/azenkouky\",\"https:\/\/www.instagram.com\/yazmedhealthcare\",\"https:\/\/www.linkedin.com\/in\/yazmed-healthcare-1b4955295\"]}]}<\/script>\n<!-- \/ Yoast SEO plugin. -->","yoast_head_json":{"title":"CUVETTE HARICOT EN ACIER INOXYDABLE - YAZMED","robots":{"index":"index","follow":"follow","max-snippet":"max-snippet:-1","max-image-preview":"max-image-preview:large","max-video-preview":"max-video-preview:-1"},"canonical":"https:\/\/yazmed.ma\/ar\/product\/cuvette-haricot-en-acier-inoxydable\/","og_locale":"ar_AR","og_type":"article","og_title":"CUVETTE HARICOT EN ACIER INOXYDABLE - YAZMED","og_description":"Des r\u00e9cipients en acier inoxydable, en forme de haricot, adapt\u00e9s au rangement ou \u00e0 la r\u00e9ception provisoire d\u2019instruments ou de d\u00e9chets m\u00e9dicaux.  Autoclavables et Chaleur s\u00e8che. Nettoyage \u00e0 l\u2019eau savonneuse ou d\u00e9tergent n\u2019attaquant pas l\u2019inox.  Taille:309 x 149 x 59 mm","og_url":"https:\/\/yazmed.ma\/ar\/product\/cuvette-haricot-en-acier-inoxydable\/","og_site_name":"YAZMED","article_publisher":"https:\/\/www.facebook.com\/azenkouky","article_modified_time":"2024-12-24T15:13:39+00:00","og_image":[{"width":900,"height":900,"url":"https:\/\/yazmed.ma\/wp-content\/uploads\/2024\/12\/d6b085421503f5ba811f6cc292710825xx.jpg","type":"image\/jpeg"}],"twitter_card":"summary_large_image","twitter_misc":{"Est. reading time":"1 minute"},"schema":{"@context":"https:\/\/schema.org","@graph":[{"@type":"WebPage","@id":"https:\/\/yazmed.ma\/product\/cuvette-haricot-en-acier-inoxydable\/","url":"https:\/\/yazmed.ma\/product\/cuvette-haricot-en-acier-inoxydable\/","name":"CUVETTE HARICOT EN ACIER INOXYDABLE - YAZMED","isPartOf":{"@id":"https:\/\/yazmed.ma\/#website"},"primaryImageOfPage":{"@id":"https:\/\/yazmed.ma\/product\/cuvette-haricot-en-acier-inoxydable\/#primaryimage"},"image":{"@id":"https:\/\/yazmed.ma\/product\/cuvette-haricot-en-acier-inoxydable\/#primaryimage"},"thumbnailUrl":"https:\/\/yazmed.ma\/wp-content\/uploads\/2024\/12\/d6b085421503f5ba811f6cc292710825xx.jpg","datePublished":"2024-12-24T15:13:38+00:00","dateModified":"2024-12-24T15:13:39+00:00","breadcrumb":{"@id":"https:\/\/yazmed.ma\/product\/cuvette-haricot-en-acier-inoxydable\/#breadcrumb"},"inLanguage":"ary","potentialAction":[{"@type":"ReadAction","target":["https:\/\/yazmed.ma\/product\/cuvette-haricot-en-acier-inoxydable\/"]}]},{"@type":"ImageObject","inLanguage":"ary","@id":"https:\/\/yazmed.ma\/product\/cuvette-haricot-en-acier-inoxydable\/#primaryimage","url":"https:\/\/yazmed.ma\/wp-content\/uploads\/2024\/12\/d6b085421503f5ba811f6cc292710825xx.jpg","contentUrl":"https:\/\/yazmed.ma\/wp-content\/uploads\/2024\/12\/d6b085421503f5ba811f6cc292710825xx.jpg","width":900,"height":900,"caption":"CUVETTE HARICOT EN ACIER INOXYDABLE Yazmed Maroc"},{"@type":"BreadcrumbList","@id":"https:\/\/yazmed.ma\/product\/cuvette-haricot-en-acier-inoxydable\/#breadcrumb","itemListElement":[{"@type":"ListItem","position":1,"name":"Accueil","item":"https:\/\/yazmed.ma\/"},{"@type":"ListItem","position":2,"name":"Shop","item":"https:\/\/yazmed.ma\/shop-2\/"},{"@type":"ListItem","position":3,"name":"CUVETTE HARICOT EN ACIER INOXYDABLE"}]},{"@type":"WebSite","@id":"https:\/\/yazmed.ma\/#website","url":"https:\/\/yazmed.ma\/","name":"Yazmed","description":"LEADER DU MAT\u00c9RIEL M\u00c9DICAL AU MAROC","publisher":{"@id":"https:\/\/yazmed.ma\/#organization"},"potentialAction":[{"@type":"SearchAction","target":{"@type":"EntryPoint","urlTemplate":"https:\/\/yazmed.ma\/?s={search_term_string}"},"query-input":{"@type":"PropertyValueSpecification","valueRequired":true,"valueName":"search_term_string"}}],"inLanguage":"ary"},{"@type":"Organization","@id":"https:\/\/yazmed.ma\/#organization","name":"Yazmed Healthcare","url":"https:\/\/yazmed.ma\/","logo":{"@type":"ImageObject","inLanguage":"ary","@id":"https:\/\/yazmed.ma\/#\/schema\/logo\/image\/","url":"https:\/\/yazmed.ma\/wp-content\/uploads\/2024\/12\/3.png","contentUrl":"https:\/\/yazmed.ma\/wp-content\/uploads\/2024\/12\/3.png","width":250,"height":70,"caption":"Yazmed Healthcare"},"image":{"@id":"https:\/\/yazmed.ma\/#\/schema\/logo\/image\/"},"sameAs":["https:\/\/www.facebook.com\/azenkouky","https:\/\/www.instagram.com\/yazmedhealthcare","https:\/\/www.linkedin.com\/in\/yazmed-healthcare-1b4955295"]}]}},"_links":{"self":[{"href":"https:\/\/yazmed.ma\/ar\/wp-json\/wp\/v2\/product\/1414","targetHints":{"allow":["GET"]}}],"collection":[{"href":"https:\/\/yazmed.ma\/ar\/wp-json\/wp\/v2\/product"}],"about":[{"href":"https:\/\/yazmed.ma\/ar\/wp-json\/wp\/v2\/types\/product"}],"replies":[{"embeddable":true,"href":"https:\/\/yazmed.ma\/ar\/wp-json\/wp\/v2\/comments?post=1414"}],"version-history":[{"count":0,"href":"https:\/\/yazmed.ma\/ar\/wp-json\/wp\/v2\/product\/1414\/revisions"}],"wp:featuredmedia":[{"embeddable":true,"href":"https:\/\/yazmed.ma\/ar\/wp-json\/wp\/v2\/media\/1415"}],"wp:attachment":[{"href":"https:\/\/yazmed.ma\/ar\/wp-json\/wp\/v2\/media?parent=1414"}],"wp:term":[{"taxonomy":"product_brand","embeddable":true,"href":"https:\/\/yazmed.ma\/ar\/wp-json\/wp\/v2\/product_brand?post=1414"},{"taxonomy":"product_cat","embeddable":true,"href":"https:\/\/yazmed.ma\/ar\/wp-json\/wp\/v2\/product_cat?post=1414"},{"taxonomy":"product_tag","embeddable":true,"href":"https:\/\/yazmed.ma\/ar\/wp-json\/wp\/v2\/product_tag?post=1414"}],"curies":[{"name":"wp","href":"https:\/\/api.w.org\/{rel}","templated":true}]}}