{"id":1411,"date":"2024-12-24T15:05:53","date_gmt":"2024-12-24T15:05:53","guid":{"rendered":"https:\/\/yazmed.ma\/?post_type=product&#038;p=1411"},"modified":"2024-12-24T15:05:53","modified_gmt":"2024-12-24T15:05:53","slug":"pince-kocher-courbe-avec-griffe-14cm-surgicon","status":"publish","type":"product","link":"https:\/\/yazmed.ma\/ar\/product\/pince-kocher-courbe-avec-griffe-14cm-surgicon\/","title":{"rendered":"PINCE KOCHER COURBE AVEC GRIFFE 14CM \/ SURGICON"},"content":{"rendered":"","protected":false},"excerpt":{"rendered":"<p>La \u00ab Pince Kocher courbe avec griffe 14cm \u00bb est un outil chirurgical de haute pr\u00e9cision, sp\u00e9cialement con\u00e7u pour offrir une prise exceptionnellement ferme et s\u00e9curis\u00e9e. Sa conception courb\u00e9e, associ\u00e9e \u00e0 des griffes, permet une manipulation optimale des tissus, en particulier dans les zones difficiles d\u2019acc\u00e8s ou lors de proc\u00e9dures complexes. Avec une longueur de 14 cm, elle offre une excellente port\u00e9e tout en maintenant une grande maniabilit\u00e9. Cette pince est particuli\u00e8rement utile dans les op\u00e9rations n\u00e9cessitant une adh\u00e9rence forte et pr\u00e9cise, comme dans le contr\u00f4le des saignements ou la manipulation de tissus denses. Sa robustesse et sa pr\u00e9cision font de la Pince Kocher courbe un instrument indispensable dans le domaine chirurgical.<\/p>","protected":false},"featured_media":1412,"comment_status":"open","ping_status":"closed","template":"","meta":[],"product_brand":[],"product_cat":[53],"product_tag":[],"class_list":{"0":"post-1411","1":"product","2":"type-product","3":"status-publish","4":"has-post-thumbnail","6":"product_cat-instrumentation-sutures","8":"first","9":"instock","10":"taxable","11":"shipping-taxable","12":"purchasable","13":"product-type-simple"},"yoast_head":"<!-- This site is optimized with the Yoast SEO plugin v26.9 - https:\/\/yoast.com\/product\/yoast-seo-wordpress\/ -->\n<title>PINCE KOCHER COURBE AVEC GRIFFE 14CM \/ SURGICON - YAZMED<\/title>\n<meta name=\"robots\" content=\"index, follow, max-snippet:-1, max-image-preview:large, max-video-preview:-1\" \/>\n<link rel=\"canonical\" href=\"https:\/\/yazmed.ma\/ar\/product\/pince-kocher-courbe-avec-griffe-14cm-surgicon\/\" \/>\n<meta property=\"og:locale\" content=\"ar_AR\" \/>\n<meta property=\"og:type\" content=\"article\" \/>\n<meta property=\"og:title\" content=\"PINCE KOCHER COURBE AVEC GRIFFE 14CM \/ SURGICON - YAZMED\" \/>\n<meta property=\"og:description\" content=\"La \u00ab Pince Kocher courbe avec griffe 14cm \u00bb est un outil chirurgical de haute pr\u00e9cision, sp\u00e9cialement con\u00e7u pour offrir une prise exceptionnellement ferme et s\u00e9curis\u00e9e. Sa conception courb\u00e9e, associ\u00e9e \u00e0 des griffes, permet une manipulation optimale des tissus, en particulier dans les zones difficiles d\u2019acc\u00e8s ou lors de proc\u00e9dures complexes. Avec une longueur de 14 cm, elle offre une excellente port\u00e9e tout en maintenant une grande maniabilit\u00e9. Cette pince est particuli\u00e8rement utile dans les op\u00e9rations n\u00e9cessitant une adh\u00e9rence forte et pr\u00e9cise, comme dans le contr\u00f4le des saignements ou la manipulation de tissus denses. Sa robustesse et sa pr\u00e9cision font de la Pince Kocher courbe un instrument indispensable dans le domaine chirurgical.\" \/>\n<meta property=\"og:url\" content=\"https:\/\/yazmed.ma\/ar\/product\/pince-kocher-courbe-avec-griffe-14cm-surgicon\/\" \/>\n<meta property=\"og:site_name\" content=\"YAZMED\" \/>\n<meta property=\"article:publisher\" content=\"https:\/\/www.facebook.com\/azenkouky\" \/>\n<meta property=\"og:image\" content=\"https:\/\/yazmed.ma\/wp-content\/uploads\/2024\/12\/pince-kocher-courbe-14.jpg\" \/>\n\t<meta property=\"og:image:width\" content=\"1000\" \/>\n\t<meta property=\"og:image:height\" content=\"1000\" \/>\n\t<meta property=\"og:image:type\" content=\"image\/jpeg\" \/>\n<meta name=\"twitter:card\" content=\"summary_large_image\" \/>\n<meta name=\"twitter:label1\" content=\"Est. reading time\" \/>\n\t<meta name=\"twitter:data1\" content=\"1 minute\" \/>\n<script type=\"application\/ld+json\" class=\"yoast-schema-graph\">{\"@context\":\"https:\/\/schema.org\",\"@graph\":[{\"@type\":\"WebPage\",\"@id\":\"https:\/\/yazmed.ma\/product\/pince-kocher-courbe-avec-griffe-14cm-surgicon\/\",\"url\":\"https:\/\/yazmed.ma\/product\/pince-kocher-courbe-avec-griffe-14cm-surgicon\/\",\"name\":\"PINCE KOCHER COURBE AVEC GRIFFE 14CM \/ SURGICON - YAZMED\",\"isPartOf\":{\"@id\":\"https:\/\/yazmed.ma\/#website\"},\"primaryImageOfPage\":{\"@id\":\"https:\/\/yazmed.ma\/product\/pince-kocher-courbe-avec-griffe-14cm-surgicon\/#primaryimage\"},\"image\":{\"@id\":\"https:\/\/yazmed.ma\/product\/pince-kocher-courbe-avec-griffe-14cm-surgicon\/#primaryimage\"},\"thumbnailUrl\":\"https:\/\/yazmed.ma\/wp-content\/uploads\/2024\/12\/pince-kocher-courbe-14.jpg\",\"datePublished\":\"2024-12-24T15:05:53+00:00\",\"breadcrumb\":{\"@id\":\"https:\/\/yazmed.ma\/product\/pince-kocher-courbe-avec-griffe-14cm-surgicon\/#breadcrumb\"},\"inLanguage\":\"ary\",\"potentialAction\":[{\"@type\":\"ReadAction\",\"target\":[\"https:\/\/yazmed.ma\/product\/pince-kocher-courbe-avec-griffe-14cm-surgicon\/\"]}]},{\"@type\":\"ImageObject\",\"inLanguage\":\"ary\",\"@id\":\"https:\/\/yazmed.ma\/product\/pince-kocher-courbe-avec-griffe-14cm-surgicon\/#primaryimage\",\"url\":\"https:\/\/yazmed.ma\/wp-content\/uploads\/2024\/12\/pince-kocher-courbe-14.jpg\",\"contentUrl\":\"https:\/\/yazmed.ma\/wp-content\/uploads\/2024\/12\/pince-kocher-courbe-14.jpg\",\"width\":1000,\"height\":1000,\"caption\":\"pince kocher courbe 14\"},{\"@type\":\"BreadcrumbList\",\"@id\":\"https:\/\/yazmed.ma\/product\/pince-kocher-courbe-avec-griffe-14cm-surgicon\/#breadcrumb\",\"itemListElement\":[{\"@type\":\"ListItem\",\"position\":1,\"name\":\"Accueil\",\"item\":\"https:\/\/yazmed.ma\/\"},{\"@type\":\"ListItem\",\"position\":2,\"name\":\"Shop\",\"item\":\"https:\/\/yazmed.ma\/shop-2\/\"},{\"@type\":\"ListItem\",\"position\":3,\"name\":\"PINCE KOCHER COURBE AVEC GRIFFE 14CM \/ SURGICON\"}]},{\"@type\":\"WebSite\",\"@id\":\"https:\/\/yazmed.ma\/#website\",\"url\":\"https:\/\/yazmed.ma\/\",\"name\":\"Yazmed\",\"description\":\"LEADER DU MAT\u00c9RIEL M\u00c9DICAL AU MAROC\",\"publisher\":{\"@id\":\"https:\/\/yazmed.ma\/#organization\"},\"potentialAction\":[{\"@type\":\"SearchAction\",\"target\":{\"@type\":\"EntryPoint\",\"urlTemplate\":\"https:\/\/yazmed.ma\/?s={search_term_string}\"},\"query-input\":{\"@type\":\"PropertyValueSpecification\",\"valueRequired\":true,\"valueName\":\"search_term_string\"}}],\"inLanguage\":\"ary\"},{\"@type\":\"Organization\",\"@id\":\"https:\/\/yazmed.ma\/#organization\",\"name\":\"Yazmed Healthcare\",\"url\":\"https:\/\/yazmed.ma\/\",\"logo\":{\"@type\":\"ImageObject\",\"inLanguage\":\"ary\",\"@id\":\"https:\/\/yazmed.ma\/#\/schema\/logo\/image\/\",\"url\":\"https:\/\/yazmed.ma\/wp-content\/uploads\/2024\/12\/3.png\",\"contentUrl\":\"https:\/\/yazmed.ma\/wp-content\/uploads\/2024\/12\/3.png\",\"width\":250,\"height\":70,\"caption\":\"Yazmed Healthcare\"},\"image\":{\"@id\":\"https:\/\/yazmed.ma\/#\/schema\/logo\/image\/\"},\"sameAs\":[\"https:\/\/www.facebook.com\/azenkouky\",\"https:\/\/www.instagram.com\/yazmedhealthcare\",\"https:\/\/www.linkedin.com\/in\/yazmed-healthcare-1b4955295\"]}]}<\/script>\n<!-- \/ Yoast SEO plugin. -->","yoast_head_json":{"title":"PINCE KOCHER COURBE AVEC GRIFFE 14CM \/ SURGICON - YAZMED","robots":{"index":"index","follow":"follow","max-snippet":"max-snippet:-1","max-image-preview":"max-image-preview:large","max-video-preview":"max-video-preview:-1"},"canonical":"https:\/\/yazmed.ma\/ar\/product\/pince-kocher-courbe-avec-griffe-14cm-surgicon\/","og_locale":"ar_AR","og_type":"article","og_title":"PINCE KOCHER COURBE AVEC GRIFFE 14CM \/ SURGICON - YAZMED","og_description":"La \u00ab Pince Kocher courbe avec griffe 14cm \u00bb est un outil chirurgical de haute pr\u00e9cision, sp\u00e9cialement con\u00e7u pour offrir une prise exceptionnellement ferme et s\u00e9curis\u00e9e. Sa conception courb\u00e9e, associ\u00e9e \u00e0 des griffes, permet une manipulation optimale des tissus, en particulier dans les zones difficiles d\u2019acc\u00e8s ou lors de proc\u00e9dures complexes. Avec une longueur de 14 cm, elle offre une excellente port\u00e9e tout en maintenant une grande maniabilit\u00e9. Cette pince est particuli\u00e8rement utile dans les op\u00e9rations n\u00e9cessitant une adh\u00e9rence forte et pr\u00e9cise, comme dans le contr\u00f4le des saignements ou la manipulation de tissus denses. Sa robustesse et sa pr\u00e9cision font de la Pince Kocher courbe un instrument indispensable dans le domaine chirurgical.","og_url":"https:\/\/yazmed.ma\/ar\/product\/pince-kocher-courbe-avec-griffe-14cm-surgicon\/","og_site_name":"YAZMED","article_publisher":"https:\/\/www.facebook.com\/azenkouky","og_image":[{"width":1000,"height":1000,"url":"https:\/\/yazmed.ma\/wp-content\/uploads\/2024\/12\/pince-kocher-courbe-14.jpg","type":"image\/jpeg"}],"twitter_card":"summary_large_image","twitter_misc":{"Est. reading time":"1 minute"},"schema":{"@context":"https:\/\/schema.org","@graph":[{"@type":"WebPage","@id":"https:\/\/yazmed.ma\/product\/pince-kocher-courbe-avec-griffe-14cm-surgicon\/","url":"https:\/\/yazmed.ma\/product\/pince-kocher-courbe-avec-griffe-14cm-surgicon\/","name":"PINCE KOCHER COURBE AVEC GRIFFE 14CM \/ SURGICON - YAZMED","isPartOf":{"@id":"https:\/\/yazmed.ma\/#website"},"primaryImageOfPage":{"@id":"https:\/\/yazmed.ma\/product\/pince-kocher-courbe-avec-griffe-14cm-surgicon\/#primaryimage"},"image":{"@id":"https:\/\/yazmed.ma\/product\/pince-kocher-courbe-avec-griffe-14cm-surgicon\/#primaryimage"},"thumbnailUrl":"https:\/\/yazmed.ma\/wp-content\/uploads\/2024\/12\/pince-kocher-courbe-14.jpg","datePublished":"2024-12-24T15:05:53+00:00","breadcrumb":{"@id":"https:\/\/yazmed.ma\/product\/pince-kocher-courbe-avec-griffe-14cm-surgicon\/#breadcrumb"},"inLanguage":"ary","potentialAction":[{"@type":"ReadAction","target":["https:\/\/yazmed.ma\/product\/pince-kocher-courbe-avec-griffe-14cm-surgicon\/"]}]},{"@type":"ImageObject","inLanguage":"ary","@id":"https:\/\/yazmed.ma\/product\/pince-kocher-courbe-avec-griffe-14cm-surgicon\/#primaryimage","url":"https:\/\/yazmed.ma\/wp-content\/uploads\/2024\/12\/pince-kocher-courbe-14.jpg","contentUrl":"https:\/\/yazmed.ma\/wp-content\/uploads\/2024\/12\/pince-kocher-courbe-14.jpg","width":1000,"height":1000,"caption":"pince kocher courbe 14"},{"@type":"BreadcrumbList","@id":"https:\/\/yazmed.ma\/product\/pince-kocher-courbe-avec-griffe-14cm-surgicon\/#breadcrumb","itemListElement":[{"@type":"ListItem","position":1,"name":"Accueil","item":"https:\/\/yazmed.ma\/"},{"@type":"ListItem","position":2,"name":"Shop","item":"https:\/\/yazmed.ma\/shop-2\/"},{"@type":"ListItem","position":3,"name":"PINCE KOCHER COURBE AVEC GRIFFE 14CM \/ SURGICON"}]},{"@type":"WebSite","@id":"https:\/\/yazmed.ma\/#website","url":"https:\/\/yazmed.ma\/","name":"Yazmed","description":"LEADER DU MAT\u00c9RIEL M\u00c9DICAL AU MAROC","publisher":{"@id":"https:\/\/yazmed.ma\/#organization"},"potentialAction":[{"@type":"SearchAction","target":{"@type":"EntryPoint","urlTemplate":"https:\/\/yazmed.ma\/?s={search_term_string}"},"query-input":{"@type":"PropertyValueSpecification","valueRequired":true,"valueName":"search_term_string"}}],"inLanguage":"ary"},{"@type":"Organization","@id":"https:\/\/yazmed.ma\/#organization","name":"Yazmed Healthcare","url":"https:\/\/yazmed.ma\/","logo":{"@type":"ImageObject","inLanguage":"ary","@id":"https:\/\/yazmed.ma\/#\/schema\/logo\/image\/","url":"https:\/\/yazmed.ma\/wp-content\/uploads\/2024\/12\/3.png","contentUrl":"https:\/\/yazmed.ma\/wp-content\/uploads\/2024\/12\/3.png","width":250,"height":70,"caption":"Yazmed Healthcare"},"image":{"@id":"https:\/\/yazmed.ma\/#\/schema\/logo\/image\/"},"sameAs":["https:\/\/www.facebook.com\/azenkouky","https:\/\/www.instagram.com\/yazmedhealthcare","https:\/\/www.linkedin.com\/in\/yazmed-healthcare-1b4955295"]}]}},"_links":{"self":[{"href":"https:\/\/yazmed.ma\/ar\/wp-json\/wp\/v2\/product\/1411","targetHints":{"allow":["GET"]}}],"collection":[{"href":"https:\/\/yazmed.ma\/ar\/wp-json\/wp\/v2\/product"}],"about":[{"href":"https:\/\/yazmed.ma\/ar\/wp-json\/wp\/v2\/types\/product"}],"replies":[{"embeddable":true,"href":"https:\/\/yazmed.ma\/ar\/wp-json\/wp\/v2\/comments?post=1411"}],"version-history":[{"count":0,"href":"https:\/\/yazmed.ma\/ar\/wp-json\/wp\/v2\/product\/1411\/revisions"}],"wp:featuredmedia":[{"embeddable":true,"href":"https:\/\/yazmed.ma\/ar\/wp-json\/wp\/v2\/media\/1412"}],"wp:attachment":[{"href":"https:\/\/yazmed.ma\/ar\/wp-json\/wp\/v2\/media?parent=1411"}],"wp:term":[{"taxonomy":"product_brand","embeddable":true,"href":"https:\/\/yazmed.ma\/ar\/wp-json\/wp\/v2\/product_brand?post=1411"},{"taxonomy":"product_cat","embeddable":true,"href":"https:\/\/yazmed.ma\/ar\/wp-json\/wp\/v2\/product_cat?post=1411"},{"taxonomy":"product_tag","embeddable":true,"href":"https:\/\/yazmed.ma\/ar\/wp-json\/wp\/v2\/product_tag?post=1411"}],"curies":[{"name":"wp","href":"https:\/\/api.w.org\/{rel}","templated":true}]}}