{"id":1398,"date":"2024-12-24T11:06:12","date_gmt":"2024-12-24T11:06:12","guid":{"rendered":"https:\/\/yazmed.ma\/?post_type=product&#038;p=1398"},"modified":"2025-06-20T16:29:10","modified_gmt":"2025-06-20T16:29:10","slug":"pince-pozzi-palmer-22cm","status":"publish","type":"product","link":"https:\/\/yazmed.ma\/ar\/product\/pince-pozzi-palmer-22cm\/","title":{"rendered":"PINCE POZZI-PALMER 22CM"},"content":{"rendered":"<p>Recommandations d\u2019utilisation : Ne pas utiliser avant st\u00e9rilisation Stocker dans un endroit propre, sec et \u00e9loign\u00e9 de toute substance corrosive Manipuler avec pr\u00e9caution Instrument \u00e0 entretenir selon les r\u00e8gles de bonnes pratiques de nettoyage Peut \u00eatre st\u00e9rilis\u00e9e (en autoclave \u00e0 134\u00b0C pendant 18 min) et d\u00e9contamin\u00e9e par immersion (\u00e0 l\u2019aide d\u2019un d\u00e9tergent et d\u2019un d\u00e9sinfectant compatible). Instrument \u00e0 usage professionnel pour la r\u00e9alisation des actes chirurgicaux.<\/p>","protected":false},"excerpt":{"rendered":"<h5>La pince Pozzi<\/h5>\n<h5>sont des\u00a0 instrument utilis\u00e9 en gyn\u00e9cologie obst\u00e9trique pour la pr\u00e9hension du col ut\u00e9rin.<\/h5>\n<h5>Elle permet au gyn\u00e9cologue de fixer ou exercer une traction sur le col ut\u00e9rin afin de faciliter l\u2019acc\u00e8s \u00e0 la cavit\u00e9<\/h5>\n<p>ut\u00e9rine lors de l\u2019introduction d\u2019instruments dans cette partie centrale de l\u2019ut\u00e9rus.<\/p>\n<p>Tr\u00e8s utilis\u00e9e lors de la pose du st\u00e9rilet,<\/p>\n<h5>la pince Pozzi, permet d\u2019atteindre ais\u00e9ment la zone du col de l\u2019ut\u00e9rus.<\/h5>\n<p>Equip\u00e9e d\u2019une grippe efficace, l\u2019acc\u00e8s \u00e0 la cavit\u00e9 ut\u00e9rine peut s\u2019effectuer sans ab\u00eemer l\u2019ut\u00e9rus.<\/p>\n<p>La pince\u00a0 pozzi est \u00e9galement utilis\u00e9e par le gyn\u00e9cologue pour d\u00e9tecter une maladie endocrinienne, un cancer ut\u00e9rin ou ovarien..<\/p>\n<p>La pince Pozzi est utilis\u00e9e pour la pr\u00e9hension du col ut\u00e9rin afin de fixer le col de l\u2019ut\u00e9rus lors de certaines interventions.<\/p>\n<p>GYN\u00c9COLOGIE OBST\u00c9TRIQUE<\/p>","protected":false},"featured_media":1399,"comment_status":"open","ping_status":"closed","template":"","meta":[],"product_brand":[],"product_cat":[53],"product_tag":[],"class_list":{"0":"post-1398","1":"product","2":"type-product","3":"status-publish","4":"has-post-thumbnail","6":"product_cat-instrumentation-sutures","8":"first","9":"instock","10":"taxable","11":"shipping-taxable","12":"purchasable","13":"product-type-variable"},"yoast_head":"<!-- This site is optimized with the Yoast SEO plugin v26.9 - https:\/\/yoast.com\/product\/yoast-seo-wordpress\/ -->\n<title>PINCE POZZI-PALMER 22CM - YAZMED<\/title>\n<meta name=\"robots\" content=\"index, follow, max-snippet:-1, max-image-preview:large, max-video-preview:-1\" \/>\n<link rel=\"canonical\" href=\"https:\/\/yazmed.ma\/ar\/product\/pince-pozzi-palmer-22cm\/\" \/>\n<meta property=\"og:locale\" content=\"ar_AR\" \/>\n<meta property=\"og:type\" content=\"article\" \/>\n<meta property=\"og:title\" content=\"PINCE POZZI-PALMER 22CM - YAZMED\" \/>\n<meta property=\"og:description\" content=\"La pince Pozzi sont des\u00a0 instrument utilis\u00e9 en gyn\u00e9cologie obst\u00e9trique pour la pr\u00e9hension du col ut\u00e9rin. Elle permet au gyn\u00e9cologue de fixer ou exercer une traction sur le col ut\u00e9rin afin de faciliter l\u2019acc\u00e8s \u00e0 la cavit\u00e9 ut\u00e9rine lors de l\u2019introduction d\u2019instruments dans cette partie centrale de l\u2019ut\u00e9rus.  Tr\u00e8s utilis\u00e9e lors de la pose du st\u00e9rilet, la pince Pozzi, permet d\u2019atteindre ais\u00e9ment la zone du col de l\u2019ut\u00e9rus. Equip\u00e9e d\u2019une grippe efficace, l\u2019acc\u00e8s \u00e0 la cavit\u00e9 ut\u00e9rine peut s\u2019effectuer sans ab\u00eemer l\u2019ut\u00e9rus.  La pince\u00a0 pozzi est \u00e9galement utilis\u00e9e par le gyn\u00e9cologue pour d\u00e9tecter une maladie endocrinienne, un cancer ut\u00e9rin ou ovarien..  La pince Pozzi est utilis\u00e9e pour la pr\u00e9hension du col ut\u00e9rin afin de fixer le col de l\u2019ut\u00e9rus lors de certaines interventions.  GYN\u00c9COLOGIE OBST\u00c9TRIQUE\" \/>\n<meta property=\"og:url\" content=\"https:\/\/yazmed.ma\/ar\/product\/pince-pozzi-palmer-22cm\/\" \/>\n<meta property=\"og:site_name\" content=\"YAZMED\" \/>\n<meta property=\"article:publisher\" content=\"https:\/\/www.facebook.com\/azenkouky\" \/>\n<meta property=\"article:modified_time\" content=\"2025-06-20T16:29:10+00:00\" \/>\n<meta property=\"og:image\" content=\"https:\/\/yazmed.ma\/wp-content\/uploads\/2024\/12\/Pince-Pozzi-Palmer.jpg\" \/>\n\t<meta property=\"og:image:width\" content=\"300\" \/>\n\t<meta property=\"og:image:height\" content=\"400\" \/>\n\t<meta property=\"og:image:type\" content=\"image\/jpeg\" \/>\n<meta name=\"twitter:card\" content=\"summary_large_image\" \/>\n<meta name=\"twitter:label1\" content=\"Est. reading time\" \/>\n\t<meta name=\"twitter:data1\" content=\"1 minute\" \/>\n<script type=\"application\/ld+json\" class=\"yoast-schema-graph\">{\"@context\":\"https:\/\/schema.org\",\"@graph\":[{\"@type\":\"WebPage\",\"@id\":\"https:\/\/yazmed.ma\/product\/pince-pozzi-palmer-22cm\/\",\"url\":\"https:\/\/yazmed.ma\/product\/pince-pozzi-palmer-22cm\/\",\"name\":\"PINCE POZZI-PALMER 22CM - YAZMED\",\"isPartOf\":{\"@id\":\"https:\/\/yazmed.ma\/#website\"},\"primaryImageOfPage\":{\"@id\":\"https:\/\/yazmed.ma\/product\/pince-pozzi-palmer-22cm\/#primaryimage\"},\"image\":{\"@id\":\"https:\/\/yazmed.ma\/product\/pince-pozzi-palmer-22cm\/#primaryimage\"},\"thumbnailUrl\":\"https:\/\/yazmed.ma\/wp-content\/uploads\/2024\/12\/Pince-Pozzi-Palmer.jpg\",\"datePublished\":\"2024-12-24T11:06:12+00:00\",\"dateModified\":\"2025-06-20T16:29:10+00:00\",\"breadcrumb\":{\"@id\":\"https:\/\/yazmed.ma\/product\/pince-pozzi-palmer-22cm\/#breadcrumb\"},\"inLanguage\":\"ary\",\"potentialAction\":[{\"@type\":\"ReadAction\",\"target\":[\"https:\/\/yazmed.ma\/product\/pince-pozzi-palmer-22cm\/\"]}]},{\"@type\":\"ImageObject\",\"inLanguage\":\"ary\",\"@id\":\"https:\/\/yazmed.ma\/product\/pince-pozzi-palmer-22cm\/#primaryimage\",\"url\":\"https:\/\/yazmed.ma\/wp-content\/uploads\/2024\/12\/Pince-Pozzi-Palmer.jpg\",\"contentUrl\":\"https:\/\/yazmed.ma\/wp-content\/uploads\/2024\/12\/Pince-Pozzi-Palmer.jpg\",\"width\":300,\"height\":400,\"caption\":\"Pince Pozzi Palmer\"},{\"@type\":\"BreadcrumbList\",\"@id\":\"https:\/\/yazmed.ma\/product\/pince-pozzi-palmer-22cm\/#breadcrumb\",\"itemListElement\":[{\"@type\":\"ListItem\",\"position\":1,\"name\":\"Accueil\",\"item\":\"https:\/\/yazmed.ma\/\"},{\"@type\":\"ListItem\",\"position\":2,\"name\":\"Shop\",\"item\":\"https:\/\/yazmed.ma\/shop-2\/\"},{\"@type\":\"ListItem\",\"position\":3,\"name\":\"PINCE POZZI-PALMER 22CM\"}]},{\"@type\":\"WebSite\",\"@id\":\"https:\/\/yazmed.ma\/#website\",\"url\":\"https:\/\/yazmed.ma\/\",\"name\":\"Yazmed\",\"description\":\"LEADER DU MAT\u00c9RIEL M\u00c9DICAL AU MAROC\",\"publisher\":{\"@id\":\"https:\/\/yazmed.ma\/#organization\"},\"potentialAction\":[{\"@type\":\"SearchAction\",\"target\":{\"@type\":\"EntryPoint\",\"urlTemplate\":\"https:\/\/yazmed.ma\/?s={search_term_string}\"},\"query-input\":{\"@type\":\"PropertyValueSpecification\",\"valueRequired\":true,\"valueName\":\"search_term_string\"}}],\"inLanguage\":\"ary\"},{\"@type\":\"Organization\",\"@id\":\"https:\/\/yazmed.ma\/#organization\",\"name\":\"Yazmed Healthcare\",\"url\":\"https:\/\/yazmed.ma\/\",\"logo\":{\"@type\":\"ImageObject\",\"inLanguage\":\"ary\",\"@id\":\"https:\/\/yazmed.ma\/#\/schema\/logo\/image\/\",\"url\":\"https:\/\/yazmed.ma\/wp-content\/uploads\/2024\/12\/3.png\",\"contentUrl\":\"https:\/\/yazmed.ma\/wp-content\/uploads\/2024\/12\/3.png\",\"width\":250,\"height\":70,\"caption\":\"Yazmed Healthcare\"},\"image\":{\"@id\":\"https:\/\/yazmed.ma\/#\/schema\/logo\/image\/\"},\"sameAs\":[\"https:\/\/www.facebook.com\/azenkouky\",\"https:\/\/www.instagram.com\/yazmedhealthcare\",\"https:\/\/www.linkedin.com\/in\/yazmed-healthcare-1b4955295\"]}]}<\/script>\n<!-- \/ Yoast SEO plugin. -->","yoast_head_json":{"title":"PINCE POZZI-PALMER 22CM - YAZMED","robots":{"index":"index","follow":"follow","max-snippet":"max-snippet:-1","max-image-preview":"max-image-preview:large","max-video-preview":"max-video-preview:-1"},"canonical":"https:\/\/yazmed.ma\/ar\/product\/pince-pozzi-palmer-22cm\/","og_locale":"ar_AR","og_type":"article","og_title":"PINCE POZZI-PALMER 22CM - YAZMED","og_description":"La pince Pozzi sont des\u00a0 instrument utilis\u00e9 en gyn\u00e9cologie obst\u00e9trique pour la pr\u00e9hension du col ut\u00e9rin. Elle permet au gyn\u00e9cologue de fixer ou exercer une traction sur le col ut\u00e9rin afin de faciliter l\u2019acc\u00e8s \u00e0 la cavit\u00e9 ut\u00e9rine lors de l\u2019introduction d\u2019instruments dans cette partie centrale de l\u2019ut\u00e9rus.  Tr\u00e8s utilis\u00e9e lors de la pose du st\u00e9rilet, la pince Pozzi, permet d\u2019atteindre ais\u00e9ment la zone du col de l\u2019ut\u00e9rus. Equip\u00e9e d\u2019une grippe efficace, l\u2019acc\u00e8s \u00e0 la cavit\u00e9 ut\u00e9rine peut s\u2019effectuer sans ab\u00eemer l\u2019ut\u00e9rus.  La pince\u00a0 pozzi est \u00e9galement utilis\u00e9e par le gyn\u00e9cologue pour d\u00e9tecter une maladie endocrinienne, un cancer ut\u00e9rin ou ovarien..  La pince Pozzi est utilis\u00e9e pour la pr\u00e9hension du col ut\u00e9rin afin de fixer le col de l\u2019ut\u00e9rus lors de certaines interventions.  GYN\u00c9COLOGIE OBST\u00c9TRIQUE","og_url":"https:\/\/yazmed.ma\/ar\/product\/pince-pozzi-palmer-22cm\/","og_site_name":"YAZMED","article_publisher":"https:\/\/www.facebook.com\/azenkouky","article_modified_time":"2025-06-20T16:29:10+00:00","og_image":[{"width":300,"height":400,"url":"https:\/\/yazmed.ma\/wp-content\/uploads\/2024\/12\/Pince-Pozzi-Palmer.jpg","type":"image\/jpeg"}],"twitter_card":"summary_large_image","twitter_misc":{"Est. reading time":"1 minute"},"schema":{"@context":"https:\/\/schema.org","@graph":[{"@type":"WebPage","@id":"https:\/\/yazmed.ma\/product\/pince-pozzi-palmer-22cm\/","url":"https:\/\/yazmed.ma\/product\/pince-pozzi-palmer-22cm\/","name":"PINCE POZZI-PALMER 22CM - YAZMED","isPartOf":{"@id":"https:\/\/yazmed.ma\/#website"},"primaryImageOfPage":{"@id":"https:\/\/yazmed.ma\/product\/pince-pozzi-palmer-22cm\/#primaryimage"},"image":{"@id":"https:\/\/yazmed.ma\/product\/pince-pozzi-palmer-22cm\/#primaryimage"},"thumbnailUrl":"https:\/\/yazmed.ma\/wp-content\/uploads\/2024\/12\/Pince-Pozzi-Palmer.jpg","datePublished":"2024-12-24T11:06:12+00:00","dateModified":"2025-06-20T16:29:10+00:00","breadcrumb":{"@id":"https:\/\/yazmed.ma\/product\/pince-pozzi-palmer-22cm\/#breadcrumb"},"inLanguage":"ary","potentialAction":[{"@type":"ReadAction","target":["https:\/\/yazmed.ma\/product\/pince-pozzi-palmer-22cm\/"]}]},{"@type":"ImageObject","inLanguage":"ary","@id":"https:\/\/yazmed.ma\/product\/pince-pozzi-palmer-22cm\/#primaryimage","url":"https:\/\/yazmed.ma\/wp-content\/uploads\/2024\/12\/Pince-Pozzi-Palmer.jpg","contentUrl":"https:\/\/yazmed.ma\/wp-content\/uploads\/2024\/12\/Pince-Pozzi-Palmer.jpg","width":300,"height":400,"caption":"Pince Pozzi Palmer"},{"@type":"BreadcrumbList","@id":"https:\/\/yazmed.ma\/product\/pince-pozzi-palmer-22cm\/#breadcrumb","itemListElement":[{"@type":"ListItem","position":1,"name":"Accueil","item":"https:\/\/yazmed.ma\/"},{"@type":"ListItem","position":2,"name":"Shop","item":"https:\/\/yazmed.ma\/shop-2\/"},{"@type":"ListItem","position":3,"name":"PINCE POZZI-PALMER 22CM"}]},{"@type":"WebSite","@id":"https:\/\/yazmed.ma\/#website","url":"https:\/\/yazmed.ma\/","name":"Yazmed","description":"LEADER DU MAT\u00c9RIEL M\u00c9DICAL AU MAROC","publisher":{"@id":"https:\/\/yazmed.ma\/#organization"},"potentialAction":[{"@type":"SearchAction","target":{"@type":"EntryPoint","urlTemplate":"https:\/\/yazmed.ma\/?s={search_term_string}"},"query-input":{"@type":"PropertyValueSpecification","valueRequired":true,"valueName":"search_term_string"}}],"inLanguage":"ary"},{"@type":"Organization","@id":"https:\/\/yazmed.ma\/#organization","name":"Yazmed Healthcare","url":"https:\/\/yazmed.ma\/","logo":{"@type":"ImageObject","inLanguage":"ary","@id":"https:\/\/yazmed.ma\/#\/schema\/logo\/image\/","url":"https:\/\/yazmed.ma\/wp-content\/uploads\/2024\/12\/3.png","contentUrl":"https:\/\/yazmed.ma\/wp-content\/uploads\/2024\/12\/3.png","width":250,"height":70,"caption":"Yazmed Healthcare"},"image":{"@id":"https:\/\/yazmed.ma\/#\/schema\/logo\/image\/"},"sameAs":["https:\/\/www.facebook.com\/azenkouky","https:\/\/www.instagram.com\/yazmedhealthcare","https:\/\/www.linkedin.com\/in\/yazmed-healthcare-1b4955295"]}]}},"_links":{"self":[{"href":"https:\/\/yazmed.ma\/ar\/wp-json\/wp\/v2\/product\/1398","targetHints":{"allow":["GET"]}}],"collection":[{"href":"https:\/\/yazmed.ma\/ar\/wp-json\/wp\/v2\/product"}],"about":[{"href":"https:\/\/yazmed.ma\/ar\/wp-json\/wp\/v2\/types\/product"}],"replies":[{"embeddable":true,"href":"https:\/\/yazmed.ma\/ar\/wp-json\/wp\/v2\/comments?post=1398"}],"version-history":[{"count":0,"href":"https:\/\/yazmed.ma\/ar\/wp-json\/wp\/v2\/product\/1398\/revisions"}],"wp:featuredmedia":[{"embeddable":true,"href":"https:\/\/yazmed.ma\/ar\/wp-json\/wp\/v2\/media\/1399"}],"wp:attachment":[{"href":"https:\/\/yazmed.ma\/ar\/wp-json\/wp\/v2\/media?parent=1398"}],"wp:term":[{"taxonomy":"product_brand","embeddable":true,"href":"https:\/\/yazmed.ma\/ar\/wp-json\/wp\/v2\/product_brand?post=1398"},{"taxonomy":"product_cat","embeddable":true,"href":"https:\/\/yazmed.ma\/ar\/wp-json\/wp\/v2\/product_cat?post=1398"},{"taxonomy":"product_tag","embeddable":true,"href":"https:\/\/yazmed.ma\/ar\/wp-json\/wp\/v2\/product_tag?post=1398"}],"curies":[{"name":"wp","href":"https:\/\/api.w.org\/{rel}","templated":true}]}}