{"id":1396,"date":"2024-12-24T11:03:47","date_gmt":"2024-12-24T11:03:47","guid":{"rendered":"https:\/\/yazmed.ma\/?post_type=product&#038;p=1396"},"modified":"2026-01-10T15:18:13","modified_gmt":"2026-01-10T15:18:13","slug":"tambour-de-sterilisation-inx304","status":"publish","type":"product","link":"https:\/\/yazmed.ma\/ar\/product\/tambour-de-sterilisation-inx304\/","title":{"rendered":"TAMBOUR DE ST\u00c9RILISATION \/ INX304"},"content":{"rendered":"<h3><strong><img decoding=\"async\" class=\"emoji\" role=\"img\" draggable=\"false\" src=\"https:\/\/s.w.org\/images\/core\/emoji\/16.0.1\/svg\/2705.svg\" alt=\"\u2705\" \/>\u00a0Caract\u00e9ristiques techniques<\/strong><\/h3>\n<p><strong><img decoding=\"async\" class=\"emoji\" role=\"img\" draggable=\"false\" src=\"https:\/\/s.w.org\/images\/core\/emoji\/16.0.1\/svg\/2705.svg\" alt=\"\u2705\" \/>\u00a0Mati\u00e8re<\/strong>\u00a0: Acier inoxydable (Inox 304 de qualit\u00e9 m\u00e9dicale).<\/p>\n<p><strong><img decoding=\"async\" class=\"emoji\" role=\"img\" draggable=\"false\" src=\"https:\/\/s.w.org\/images\/core\/emoji\/16.0.1\/svg\/2705.svg\" alt=\"\u2705\" \/>\u00a0Forme<\/strong>\u00a0: Cylindrique avec couvercle verrouillable.<\/p>\n<p><strong><img decoding=\"async\" class=\"emoji\" role=\"img\" draggable=\"false\" src=\"https:\/\/s.w.org\/images\/core\/emoji\/16.0.1\/svg\/2705.svg\" alt=\"\u2705\" \/>\u00a0Fermeture<\/strong>\u00a0: Syst\u00e8me de clips ou loquets pour une \u00e9tanch\u00e9it\u00e9 parfaite.<\/p>\n<p><strong><img decoding=\"async\" class=\"emoji\" role=\"img\" draggable=\"false\" src=\"https:\/\/s.w.org\/images\/core\/emoji\/16.0.1\/svg\/2705.svg\" alt=\"\u2705\" \/>\u00a0A\u00e9ration<\/strong>\u00a0: Orifices de ventilation lat\u00e9raux pour la st\u00e9rilisation \u00e0 la vapeur.<\/p>\n<p><strong><img decoding=\"async\" class=\"emoji\" role=\"img\" draggable=\"false\" src=\"https:\/\/s.w.org\/images\/core\/emoji\/16.0.1\/svg\/2705.svg\" alt=\"\u2705\" \/>\u00a0Entretien<\/strong>\u00a0: Facile \u00e0 nettoyer et \u00e0 d\u00e9sinfecter.<\/p>\n<p><strong><img decoding=\"async\" class=\"emoji\" role=\"img\" draggable=\"false\" src=\"https:\/\/s.w.org\/images\/core\/emoji\/16.0.1\/svg\/2705.svg\" alt=\"\u2705\" \/>\u00a0Usage<\/strong>\u00a0: R\u00e9utilisable et durable.<\/p>\n<p>&nbsp;<\/p>","protected":false},"excerpt":{"rendered":"<h4><strong>Tambour cylindrique inx304<\/strong><\/h4>\n<p><strong>accessoire essentiel<\/strong>\u00a0en milieu m\u00e9dical et chirurgical, utilis\u00e9 pour le\u00a0<strong>stockage, \u00a0<b><a title=\"St\u00e9rilisation (microbiologie)\" href=\"https:\/\/fr.wikipedia.org\/wiki\/St%C3%A9rilisation_(microbiologie)\">St\u00e9rilisation <\/a><\/b>et le transport du mat\u00e9riel<\/strong>. Fabriqu\u00e9 en\u00a0<strong>acier inoxydable de haute qualit\u00e9<\/strong>, il offre une\u00a0<strong>grande r\u00e9sistance \u00e0 la corrosion<\/strong>, \u00e0 la chaleur et aux produits de st\u00e9rilisation.<\/p>\n<p>Gr\u00e2ce \u00e0 sa\u00a0<strong>forme cylindrique<\/strong>\u00a0et \u00e0 son\u00a0<strong>couvercle herm\u00e9tique \u00e0 verrouillage s\u00e9curis\u00e9<\/strong>, le tambour garantit une\u00a0<strong>protection optimale du contenu<\/strong>\u00a0contre les contaminants ext\u00e9rieurs.<\/p>\n<p>&nbsp;<\/p>","protected":false},"featured_media":3092,"comment_status":"open","ping_status":"closed","template":"","meta":[],"product_brand":[],"product_cat":[53],"product_tag":[],"class_list":{"0":"post-1396","1":"product","2":"type-product","3":"status-publish","4":"has-post-thumbnail","6":"product_cat-instrumentation-sutures","8":"first","9":"instock","10":"taxable","11":"shipping-taxable","12":"purchasable","13":"product-type-simple"},"yoast_head":"<!-- This site is optimized with the Yoast SEO plugin v26.9 - https:\/\/yoast.com\/product\/yoast-seo-wordpress\/ -->\n<title>TAMBOUR DE ST\u00c9RILISATION \/ INX304 - YAZMED<\/title>\n<meta name=\"robots\" content=\"index, follow, max-snippet:-1, max-image-preview:large, max-video-preview:-1\" \/>\n<link rel=\"canonical\" href=\"https:\/\/yazmed.ma\/ar\/product\/tambour-de-sterilisation-upl\/\" \/>\n<meta property=\"og:locale\" content=\"ar_AR\" \/>\n<meta property=\"og:type\" content=\"article\" \/>\n<meta property=\"og:title\" content=\"TAMBOUR DE ST\u00c9RILISATION \/ INX304 - YAZMED\" \/>\n<meta property=\"og:description\" content=\"Tambour cylindrique inx304 accessoire essentiel\u00a0en milieu m\u00e9dical et chirurgical, utilis\u00e9 pour le\u00a0stockage, \u00a0St\u00e9rilisation et le transport du mat\u00e9riel. Fabriqu\u00e9 en\u00a0acier inoxydable de haute qualit\u00e9, il offre une\u00a0grande r\u00e9sistance \u00e0 la corrosion, \u00e0 la chaleur et aux produits de st\u00e9rilisation.  Gr\u00e2ce \u00e0 sa\u00a0forme cylindrique\u00a0et \u00e0 son\u00a0couvercle herm\u00e9tique \u00e0 verrouillage s\u00e9curis\u00e9, le tambour garantit une\u00a0protection optimale du contenu\u00a0contre les contaminants ext\u00e9rieurs.  &nbsp;\" \/>\n<meta property=\"og:url\" content=\"https:\/\/yazmed.ma\/ar\/product\/tambour-de-sterilisation-upl\/\" \/>\n<meta property=\"og:site_name\" content=\"YAZMED\" \/>\n<meta property=\"article:publisher\" content=\"https:\/\/www.facebook.com\/azenkouky\" \/>\n<meta property=\"article:modified_time\" content=\"2026-01-10T15:18:13+00:00\" \/>\n<meta property=\"og:image\" content=\"https:\/\/yazmed.ma\/wp-content\/uploads\/2024\/12\/IMG_8134.jpg\" \/>\n\t<meta property=\"og:image:width\" content=\"1000\" \/>\n\t<meta property=\"og:image:height\" content=\"1000\" \/>\n\t<meta property=\"og:image:type\" content=\"image\/jpeg\" \/>\n<meta name=\"twitter:card\" content=\"summary_large_image\" \/>\n<meta name=\"twitter:label1\" content=\"Est. reading time\" \/>\n\t<meta name=\"twitter:data1\" content=\"1 minute\" \/>\n<script type=\"application\/ld+json\" class=\"yoast-schema-graph\">{\"@context\":\"https:\/\/schema.org\",\"@graph\":[{\"@type\":\"WebPage\",\"@id\":\"https:\/\/yazmed.ma\/product\/tambour-de-sterilisation-upl\/\",\"url\":\"https:\/\/yazmed.ma\/product\/tambour-de-sterilisation-upl\/\",\"name\":\"TAMBOUR DE ST\u00c9RILISATION \/ INX304 - YAZMED\",\"isPartOf\":{\"@id\":\"https:\/\/yazmed.ma\/#website\"},\"primaryImageOfPage\":{\"@id\":\"https:\/\/yazmed.ma\/product\/tambour-de-sterilisation-upl\/#primaryimage\"},\"image\":{\"@id\":\"https:\/\/yazmed.ma\/product\/tambour-de-sterilisation-upl\/#primaryimage\"},\"thumbnailUrl\":\"https:\/\/yazmed.ma\/wp-content\/uploads\/2024\/12\/TAMBOUR-DE-STERILISATION-INX304.webp\",\"datePublished\":\"2024-12-24T11:03:47+00:00\",\"dateModified\":\"2026-01-10T15:18:13+00:00\",\"breadcrumb\":{\"@id\":\"https:\/\/yazmed.ma\/product\/tambour-de-sterilisation-upl\/#breadcrumb\"},\"inLanguage\":\"ary\",\"potentialAction\":[{\"@type\":\"ReadAction\",\"target\":[\"https:\/\/yazmed.ma\/product\/tambour-de-sterilisation-upl\/\"]}]},{\"@type\":\"ImageObject\",\"inLanguage\":\"ary\",\"@id\":\"https:\/\/yazmed.ma\/product\/tambour-de-sterilisation-upl\/#primaryimage\",\"url\":\"https:\/\/yazmed.ma\/wp-content\/uploads\/2024\/12\/TAMBOUR-DE-STERILISATION-INX304.webp\",\"contentUrl\":\"https:\/\/yazmed.ma\/wp-content\/uploads\/2024\/12\/TAMBOUR-DE-STERILISATION-INX304.webp\",\"width\":1000,\"height\":1000,\"caption\":\"TAMBOUR DE ST\u00c9RILISATION INX304\"},{\"@type\":\"BreadcrumbList\",\"@id\":\"https:\/\/yazmed.ma\/product\/tambour-de-sterilisation-upl\/#breadcrumb\",\"itemListElement\":[{\"@type\":\"ListItem\",\"position\":1,\"name\":\"Accueil\",\"item\":\"https:\/\/yazmed.ma\/\"},{\"@type\":\"ListItem\",\"position\":2,\"name\":\"Shop\",\"item\":\"https:\/\/yazmed.ma\/shop-2\/\"},{\"@type\":\"ListItem\",\"position\":3,\"name\":\"TAMBOUR DE ST\u00c9RILISATION \/ UPL\"}]},{\"@type\":\"WebSite\",\"@id\":\"https:\/\/yazmed.ma\/#website\",\"url\":\"https:\/\/yazmed.ma\/\",\"name\":\"Yazmed\",\"description\":\"LEADER DU MAT\u00c9RIEL M\u00c9DICAL AU MAROC\",\"publisher\":{\"@id\":\"https:\/\/yazmed.ma\/#organization\"},\"potentialAction\":[{\"@type\":\"SearchAction\",\"target\":{\"@type\":\"EntryPoint\",\"urlTemplate\":\"https:\/\/yazmed.ma\/?s={search_term_string}\"},\"query-input\":{\"@type\":\"PropertyValueSpecification\",\"valueRequired\":true,\"valueName\":\"search_term_string\"}}],\"inLanguage\":\"ary\"},{\"@type\":\"Organization\",\"@id\":\"https:\/\/yazmed.ma\/#organization\",\"name\":\"Yazmed Healthcare\",\"url\":\"https:\/\/yazmed.ma\/\",\"logo\":{\"@type\":\"ImageObject\",\"inLanguage\":\"ary\",\"@id\":\"https:\/\/yazmed.ma\/#\/schema\/logo\/image\/\",\"url\":\"https:\/\/yazmed.ma\/wp-content\/uploads\/2024\/12\/3.png\",\"contentUrl\":\"https:\/\/yazmed.ma\/wp-content\/uploads\/2024\/12\/3.png\",\"width\":250,\"height\":70,\"caption\":\"Yazmed Healthcare\"},\"image\":{\"@id\":\"https:\/\/yazmed.ma\/#\/schema\/logo\/image\/\"},\"sameAs\":[\"https:\/\/www.facebook.com\/azenkouky\",\"https:\/\/www.instagram.com\/yazmedhealthcare\",\"https:\/\/www.linkedin.com\/in\/yazmed-healthcare-1b4955295\"]}]}<\/script>\n<!-- \/ Yoast SEO plugin. -->","yoast_head_json":{"title":"TAMBOUR DE ST\u00c9RILISATION \/ INX304 - YAZMED","robots":{"index":"index","follow":"follow","max-snippet":"max-snippet:-1","max-image-preview":"max-image-preview:large","max-video-preview":"max-video-preview:-1"},"canonical":"https:\/\/yazmed.ma\/ar\/product\/tambour-de-sterilisation-upl\/","og_locale":"ar_AR","og_type":"article","og_title":"TAMBOUR DE ST\u00c9RILISATION \/ INX304 - YAZMED","og_description":"Tambour cylindrique inx304 accessoire essentiel\u00a0en milieu m\u00e9dical et chirurgical, utilis\u00e9 pour le\u00a0stockage, \u00a0St\u00e9rilisation et le transport du mat\u00e9riel. Fabriqu\u00e9 en\u00a0acier inoxydable de haute qualit\u00e9, il offre une\u00a0grande r\u00e9sistance \u00e0 la corrosion, \u00e0 la chaleur et aux produits de st\u00e9rilisation.  Gr\u00e2ce \u00e0 sa\u00a0forme cylindrique\u00a0et \u00e0 son\u00a0couvercle herm\u00e9tique \u00e0 verrouillage s\u00e9curis\u00e9, le tambour garantit une\u00a0protection optimale du contenu\u00a0contre les contaminants ext\u00e9rieurs.  &nbsp;","og_url":"https:\/\/yazmed.ma\/ar\/product\/tambour-de-sterilisation-upl\/","og_site_name":"YAZMED","article_publisher":"https:\/\/www.facebook.com\/azenkouky","article_modified_time":"2026-01-10T15:18:13+00:00","og_image":[{"width":1000,"height":1000,"url":"https:\/\/yazmed.ma\/wp-content\/uploads\/2024\/12\/IMG_8134.jpg","type":"image\/jpeg"}],"twitter_card":"summary_large_image","twitter_misc":{"Est. reading time":"1 minute"},"schema":{"@context":"https:\/\/schema.org","@graph":[{"@type":"WebPage","@id":"https:\/\/yazmed.ma\/product\/tambour-de-sterilisation-upl\/","url":"https:\/\/yazmed.ma\/product\/tambour-de-sterilisation-upl\/","name":"TAMBOUR DE ST\u00c9RILISATION \/ INX304 - YAZMED","isPartOf":{"@id":"https:\/\/yazmed.ma\/#website"},"primaryImageOfPage":{"@id":"https:\/\/yazmed.ma\/product\/tambour-de-sterilisation-upl\/#primaryimage"},"image":{"@id":"https:\/\/yazmed.ma\/product\/tambour-de-sterilisation-upl\/#primaryimage"},"thumbnailUrl":"https:\/\/yazmed.ma\/wp-content\/uploads\/2024\/12\/TAMBOUR-DE-STERILISATION-INX304.webp","datePublished":"2024-12-24T11:03:47+00:00","dateModified":"2026-01-10T15:18:13+00:00","breadcrumb":{"@id":"https:\/\/yazmed.ma\/product\/tambour-de-sterilisation-upl\/#breadcrumb"},"inLanguage":"ary","potentialAction":[{"@type":"ReadAction","target":["https:\/\/yazmed.ma\/product\/tambour-de-sterilisation-upl\/"]}]},{"@type":"ImageObject","inLanguage":"ary","@id":"https:\/\/yazmed.ma\/product\/tambour-de-sterilisation-upl\/#primaryimage","url":"https:\/\/yazmed.ma\/wp-content\/uploads\/2024\/12\/TAMBOUR-DE-STERILISATION-INX304.webp","contentUrl":"https:\/\/yazmed.ma\/wp-content\/uploads\/2024\/12\/TAMBOUR-DE-STERILISATION-INX304.webp","width":1000,"height":1000,"caption":"TAMBOUR DE ST\u00c9RILISATION INX304"},{"@type":"BreadcrumbList","@id":"https:\/\/yazmed.ma\/product\/tambour-de-sterilisation-upl\/#breadcrumb","itemListElement":[{"@type":"ListItem","position":1,"name":"Accueil","item":"https:\/\/yazmed.ma\/"},{"@type":"ListItem","position":2,"name":"Shop","item":"https:\/\/yazmed.ma\/shop-2\/"},{"@type":"ListItem","position":3,"name":"TAMBOUR DE ST\u00c9RILISATION \/ UPL"}]},{"@type":"WebSite","@id":"https:\/\/yazmed.ma\/#website","url":"https:\/\/yazmed.ma\/","name":"Yazmed","description":"LEADER DU MAT\u00c9RIEL M\u00c9DICAL AU MAROC","publisher":{"@id":"https:\/\/yazmed.ma\/#organization"},"potentialAction":[{"@type":"SearchAction","target":{"@type":"EntryPoint","urlTemplate":"https:\/\/yazmed.ma\/?s={search_term_string}"},"query-input":{"@type":"PropertyValueSpecification","valueRequired":true,"valueName":"search_term_string"}}],"inLanguage":"ary"},{"@type":"Organization","@id":"https:\/\/yazmed.ma\/#organization","name":"Yazmed Healthcare","url":"https:\/\/yazmed.ma\/","logo":{"@type":"ImageObject","inLanguage":"ary","@id":"https:\/\/yazmed.ma\/#\/schema\/logo\/image\/","url":"https:\/\/yazmed.ma\/wp-content\/uploads\/2024\/12\/3.png","contentUrl":"https:\/\/yazmed.ma\/wp-content\/uploads\/2024\/12\/3.png","width":250,"height":70,"caption":"Yazmed Healthcare"},"image":{"@id":"https:\/\/yazmed.ma\/#\/schema\/logo\/image\/"},"sameAs":["https:\/\/www.facebook.com\/azenkouky","https:\/\/www.instagram.com\/yazmedhealthcare","https:\/\/www.linkedin.com\/in\/yazmed-healthcare-1b4955295"]}]}},"_links":{"self":[{"href":"https:\/\/yazmed.ma\/ar\/wp-json\/wp\/v2\/product\/1396","targetHints":{"allow":["GET"]}}],"collection":[{"href":"https:\/\/yazmed.ma\/ar\/wp-json\/wp\/v2\/product"}],"about":[{"href":"https:\/\/yazmed.ma\/ar\/wp-json\/wp\/v2\/types\/product"}],"replies":[{"embeddable":true,"href":"https:\/\/yazmed.ma\/ar\/wp-json\/wp\/v2\/comments?post=1396"}],"version-history":[{"count":1,"href":"https:\/\/yazmed.ma\/ar\/wp-json\/wp\/v2\/product\/1396\/revisions"}],"predecessor-version":[{"id":3091,"href":"https:\/\/yazmed.ma\/ar\/wp-json\/wp\/v2\/product\/1396\/revisions\/3091"}],"wp:featuredmedia":[{"embeddable":true,"href":"https:\/\/yazmed.ma\/ar\/wp-json\/wp\/v2\/media\/3092"}],"wp:attachment":[{"href":"https:\/\/yazmed.ma\/ar\/wp-json\/wp\/v2\/media?parent=1396"}],"wp:term":[{"taxonomy":"product_brand","embeddable":true,"href":"https:\/\/yazmed.ma\/ar\/wp-json\/wp\/v2\/product_brand?post=1396"},{"taxonomy":"product_cat","embeddable":true,"href":"https:\/\/yazmed.ma\/ar\/wp-json\/wp\/v2\/product_cat?post=1396"},{"taxonomy":"product_tag","embeddable":true,"href":"https:\/\/yazmed.ma\/ar\/wp-json\/wp\/v2\/product_tag?post=1396"}],"curies":[{"name":"wp","href":"https:\/\/api.w.org\/{rel}","templated":true}]}}