{"id":1393,"date":"2024-12-24T10:55:47","date_gmt":"2024-12-24T10:55:47","guid":{"rendered":"https:\/\/yazmed.ma\/?post_type=product&#038;p=1393"},"modified":"2025-06-20T17:09:17","modified_gmt":"2025-06-20T17:09:17","slug":"punch-a-biopsie-sterile-aesthetic-group","status":"publish","type":"product","link":"https:\/\/yazmed.ma\/ar\/product\/punch-a-biopsie-sterile-aesthetic-group\/","title":{"rendered":"PUNCH \u00c0 BIOPSIE ST\u00c9RILE"},"content":{"rendered":"<p>&nbsp;<\/p>\n<p>&nbsp;<\/p>\n<p>&nbsp;<\/p>\n<p><img decoding=\"async\" class=\"wp-image-2441\" title=\"download\" src=\"https:\/\/yazmed.ma\/wp-content\/uploads\/2024\/12\/download-1-300x129.png\" alt=\"download\" width=\"123\" height=\"53\" srcset=\"https:\/\/yazmed.ma\/wp-content\/uploads\/2024\/12\/download-1-300x129.png 300w, https:\/\/yazmed.ma\/wp-content\/uploads\/2024\/12\/download-1-18x8.png 18w, https:\/\/yazmed.ma\/wp-content\/uploads\/2024\/12\/download-1-90x39.png 90w, https:\/\/yazmed.ma\/wp-content\/uploads\/2024\/12\/download-1.png 343w\" sizes=\"(max-width: 123px) 100vw, 123px\" \/><\/p>","protected":false},"excerpt":{"rendered":"<h5>Punch a biopsie<\/h5>\n<p>est une technique d\u2019ex\u00e9r\u00e8se tissulaire utilisant un outil circulaire tranchant (punch) permettant de pr\u00e9lever un \u00e9chantillon cylindrique de peau incluant l\u2019\u00e9piderme, le derme et parfois l\u2019hypoderme. L\u2019\u00e9chantillon est ensuite envoy\u00e9 pour une analyse histopathologique.<\/p>\n<h5>biopsie cutan\u00e9e au punch<\/h5>\n<p><img decoding=\"async\" class=\"wp-image-2441\" title=\"download\" src=\"https:\/\/yazmed.ma\/wp-content\/uploads\/2024\/12\/download-1-300x129.png\" alt=\"download\" width=\"111\" height=\"48\" srcset=\"https:\/\/yazmed.ma\/wp-content\/uploads\/2024\/12\/download-1-300x129.png 300w, https:\/\/yazmed.ma\/wp-content\/uploads\/2024\/12\/download-1-18x8.png 18w, https:\/\/yazmed.ma\/wp-content\/uploads\/2024\/12\/download-1-90x39.png 90w, https:\/\/yazmed.ma\/wp-content\/uploads\/2024\/12\/download-1.png 343w\" sizes=\"(max-width: 111px) 100vw, 111px\" \/><\/p>\n<p>&nbsp;<\/p>","protected":false},"featured_media":2442,"comment_status":"open","ping_status":"closed","template":"","meta":[],"product_brand":[],"product_cat":[52],"product_tag":[],"class_list":{"0":"post-1393","1":"product","2":"type-product","3":"status-publish","4":"has-post-thumbnail","6":"product_cat-consommable-medical","8":"first","9":"instock","10":"sale","11":"taxable","12":"shipping-taxable","13":"purchasable","14":"product-type-simple"},"yoast_head":"<!-- This site is optimized with the Yoast SEO plugin v26.9 - https:\/\/yoast.com\/product\/yoast-seo-wordpress\/ -->\n<title>PUNCH \u00c0 BIOPSIE ST\u00c9RILE - YAZMED<\/title>\n<meta name=\"robots\" content=\"index, follow, max-snippet:-1, max-image-preview:large, max-video-preview:-1\" \/>\n<link rel=\"canonical\" href=\"https:\/\/yazmed.ma\/ar\/product\/punch-a-biopsie-sterile-aesthetic-group\/\" \/>\n<meta property=\"og:locale\" content=\"ar_AR\" \/>\n<meta property=\"og:type\" content=\"article\" \/>\n<meta property=\"og:title\" content=\"PUNCH \u00c0 BIOPSIE ST\u00c9RILE - YAZMED\" \/>\n<meta property=\"og:description\" content=\"Punch a biopsie est une technique d\u2019ex\u00e9r\u00e8se tissulaire utilisant un outil circulaire tranchant (punch) permettant de pr\u00e9lever un \u00e9chantillon cylindrique de peau incluant l\u2019\u00e9piderme, le derme et parfois l\u2019hypoderme. L\u2019\u00e9chantillon est ensuite envoy\u00e9 pour une analyse histopathologique. biopsie cutan\u00e9e au punch   &nbsp;\" \/>\n<meta property=\"og:url\" content=\"https:\/\/yazmed.ma\/ar\/product\/punch-a-biopsie-sterile-aesthetic-group\/\" \/>\n<meta property=\"og:site_name\" content=\"YAZMED\" \/>\n<meta property=\"article:publisher\" content=\"https:\/\/www.facebook.com\/azenkouky\" \/>\n<meta property=\"article:modified_time\" content=\"2025-06-20T17:09:17+00:00\" \/>\n<meta property=\"og:image\" content=\"https:\/\/yazmed.ma\/wp-content\/uploads\/2024\/12\/punch-main.jpg\" \/>\n\t<meta property=\"og:image:width\" content=\"1000\" \/>\n\t<meta property=\"og:image:height\" content=\"1000\" \/>\n\t<meta property=\"og:image:type\" content=\"image\/jpeg\" \/>\n<meta name=\"twitter:card\" content=\"summary_large_image\" \/>\n<meta name=\"twitter:label1\" content=\"Est. reading time\" \/>\n\t<meta name=\"twitter:data1\" content=\"1 minute\" \/>\n<script type=\"application\/ld+json\" class=\"yoast-schema-graph\">{\"@context\":\"https:\/\/schema.org\",\"@graph\":[{\"@type\":\"WebPage\",\"@id\":\"https:\/\/yazmed.ma\/product\/punch-a-biopsie-sterile-aesthetic-group\/\",\"url\":\"https:\/\/yazmed.ma\/product\/punch-a-biopsie-sterile-aesthetic-group\/\",\"name\":\"PUNCH \u00c0 BIOPSIE ST\u00c9RILE - YAZMED\",\"isPartOf\":{\"@id\":\"https:\/\/yazmed.ma\/#website\"},\"primaryImageOfPage\":{\"@id\":\"https:\/\/yazmed.ma\/product\/punch-a-biopsie-sterile-aesthetic-group\/#primaryimage\"},\"image\":{\"@id\":\"https:\/\/yazmed.ma\/product\/punch-a-biopsie-sterile-aesthetic-group\/#primaryimage\"},\"thumbnailUrl\":\"https:\/\/yazmed.ma\/wp-content\/uploads\/2024\/12\/PUNCH-A-BIOPSIE.webp\",\"datePublished\":\"2024-12-24T10:55:47+00:00\",\"dateModified\":\"2025-06-20T17:09:17+00:00\",\"breadcrumb\":{\"@id\":\"https:\/\/yazmed.ma\/product\/punch-a-biopsie-sterile-aesthetic-group\/#breadcrumb\"},\"inLanguage\":\"ary\",\"potentialAction\":[{\"@type\":\"ReadAction\",\"target\":[\"https:\/\/yazmed.ma\/product\/punch-a-biopsie-sterile-aesthetic-group\/\"]}]},{\"@type\":\"ImageObject\",\"inLanguage\":\"ary\",\"@id\":\"https:\/\/yazmed.ma\/product\/punch-a-biopsie-sterile-aesthetic-group\/#primaryimage\",\"url\":\"https:\/\/yazmed.ma\/wp-content\/uploads\/2024\/12\/PUNCH-A-BIOPSIE.webp\",\"contentUrl\":\"https:\/\/yazmed.ma\/wp-content\/uploads\/2024\/12\/PUNCH-A-BIOPSIE.webp\",\"width\":450,\"height\":450,\"caption\":\"PUNCH A BIOPSIE\"},{\"@type\":\"BreadcrumbList\",\"@id\":\"https:\/\/yazmed.ma\/product\/punch-a-biopsie-sterile-aesthetic-group\/#breadcrumb\",\"itemListElement\":[{\"@type\":\"ListItem\",\"position\":1,\"name\":\"Accueil\",\"item\":\"https:\/\/yazmed.ma\/\"},{\"@type\":\"ListItem\",\"position\":2,\"name\":\"Shop\",\"item\":\"https:\/\/yazmed.ma\/shop-2\/\"},{\"@type\":\"ListItem\",\"position\":3,\"name\":\"PUNCH \u00c0 BIOPSIE DERMATOLOGIQUE ST\u00c9RILE\"}]},{\"@type\":\"WebSite\",\"@id\":\"https:\/\/yazmed.ma\/#website\",\"url\":\"https:\/\/yazmed.ma\/\",\"name\":\"Yazmed\",\"description\":\"LEADER DU MAT\u00c9RIEL M\u00c9DICAL AU MAROC\",\"publisher\":{\"@id\":\"https:\/\/yazmed.ma\/#organization\"},\"potentialAction\":[{\"@type\":\"SearchAction\",\"target\":{\"@type\":\"EntryPoint\",\"urlTemplate\":\"https:\/\/yazmed.ma\/?s={search_term_string}\"},\"query-input\":{\"@type\":\"PropertyValueSpecification\",\"valueRequired\":true,\"valueName\":\"search_term_string\"}}],\"inLanguage\":\"ary\"},{\"@type\":\"Organization\",\"@id\":\"https:\/\/yazmed.ma\/#organization\",\"name\":\"Yazmed Healthcare\",\"url\":\"https:\/\/yazmed.ma\/\",\"logo\":{\"@type\":\"ImageObject\",\"inLanguage\":\"ary\",\"@id\":\"https:\/\/yazmed.ma\/#\/schema\/logo\/image\/\",\"url\":\"https:\/\/yazmed.ma\/wp-content\/uploads\/2024\/12\/3.png\",\"contentUrl\":\"https:\/\/yazmed.ma\/wp-content\/uploads\/2024\/12\/3.png\",\"width\":250,\"height\":70,\"caption\":\"Yazmed Healthcare\"},\"image\":{\"@id\":\"https:\/\/yazmed.ma\/#\/schema\/logo\/image\/\"},\"sameAs\":[\"https:\/\/www.facebook.com\/azenkouky\",\"https:\/\/www.instagram.com\/yazmedhealthcare\",\"https:\/\/www.linkedin.com\/in\/yazmed-healthcare-1b4955295\"]}]}<\/script>\n<!-- \/ Yoast SEO plugin. -->","yoast_head_json":{"title":"PUNCH \u00c0 BIOPSIE ST\u00c9RILE - YAZMED","robots":{"index":"index","follow":"follow","max-snippet":"max-snippet:-1","max-image-preview":"max-image-preview:large","max-video-preview":"max-video-preview:-1"},"canonical":"https:\/\/yazmed.ma\/ar\/product\/punch-a-biopsie-sterile-aesthetic-group\/","og_locale":"ar_AR","og_type":"article","og_title":"PUNCH \u00c0 BIOPSIE ST\u00c9RILE - YAZMED","og_description":"Punch a biopsie est une technique d\u2019ex\u00e9r\u00e8se tissulaire utilisant un outil circulaire tranchant (punch) permettant de pr\u00e9lever un \u00e9chantillon cylindrique de peau incluant l\u2019\u00e9piderme, le derme et parfois l\u2019hypoderme. L\u2019\u00e9chantillon est ensuite envoy\u00e9 pour une analyse histopathologique. biopsie cutan\u00e9e au punch   &nbsp;","og_url":"https:\/\/yazmed.ma\/ar\/product\/punch-a-biopsie-sterile-aesthetic-group\/","og_site_name":"YAZMED","article_publisher":"https:\/\/www.facebook.com\/azenkouky","article_modified_time":"2025-06-20T17:09:17+00:00","og_image":[{"width":1000,"height":1000,"url":"https:\/\/yazmed.ma\/wp-content\/uploads\/2024\/12\/punch-main.jpg","type":"image\/jpeg"}],"twitter_card":"summary_large_image","twitter_misc":{"Est. reading time":"1 minute"},"schema":{"@context":"https:\/\/schema.org","@graph":[{"@type":"WebPage","@id":"https:\/\/yazmed.ma\/product\/punch-a-biopsie-sterile-aesthetic-group\/","url":"https:\/\/yazmed.ma\/product\/punch-a-biopsie-sterile-aesthetic-group\/","name":"PUNCH \u00c0 BIOPSIE ST\u00c9RILE - YAZMED","isPartOf":{"@id":"https:\/\/yazmed.ma\/#website"},"primaryImageOfPage":{"@id":"https:\/\/yazmed.ma\/product\/punch-a-biopsie-sterile-aesthetic-group\/#primaryimage"},"image":{"@id":"https:\/\/yazmed.ma\/product\/punch-a-biopsie-sterile-aesthetic-group\/#primaryimage"},"thumbnailUrl":"https:\/\/yazmed.ma\/wp-content\/uploads\/2024\/12\/PUNCH-A-BIOPSIE.webp","datePublished":"2024-12-24T10:55:47+00:00","dateModified":"2025-06-20T17:09:17+00:00","breadcrumb":{"@id":"https:\/\/yazmed.ma\/product\/punch-a-biopsie-sterile-aesthetic-group\/#breadcrumb"},"inLanguage":"ary","potentialAction":[{"@type":"ReadAction","target":["https:\/\/yazmed.ma\/product\/punch-a-biopsie-sterile-aesthetic-group\/"]}]},{"@type":"ImageObject","inLanguage":"ary","@id":"https:\/\/yazmed.ma\/product\/punch-a-biopsie-sterile-aesthetic-group\/#primaryimage","url":"https:\/\/yazmed.ma\/wp-content\/uploads\/2024\/12\/PUNCH-A-BIOPSIE.webp","contentUrl":"https:\/\/yazmed.ma\/wp-content\/uploads\/2024\/12\/PUNCH-A-BIOPSIE.webp","width":450,"height":450,"caption":"PUNCH A BIOPSIE"},{"@type":"BreadcrumbList","@id":"https:\/\/yazmed.ma\/product\/punch-a-biopsie-sterile-aesthetic-group\/#breadcrumb","itemListElement":[{"@type":"ListItem","position":1,"name":"Accueil","item":"https:\/\/yazmed.ma\/"},{"@type":"ListItem","position":2,"name":"Shop","item":"https:\/\/yazmed.ma\/shop-2\/"},{"@type":"ListItem","position":3,"name":"PUNCH \u00c0 BIOPSIE DERMATOLOGIQUE ST\u00c9RILE"}]},{"@type":"WebSite","@id":"https:\/\/yazmed.ma\/#website","url":"https:\/\/yazmed.ma\/","name":"Yazmed","description":"LEADER DU MAT\u00c9RIEL M\u00c9DICAL AU MAROC","publisher":{"@id":"https:\/\/yazmed.ma\/#organization"},"potentialAction":[{"@type":"SearchAction","target":{"@type":"EntryPoint","urlTemplate":"https:\/\/yazmed.ma\/?s={search_term_string}"},"query-input":{"@type":"PropertyValueSpecification","valueRequired":true,"valueName":"search_term_string"}}],"inLanguage":"ary"},{"@type":"Organization","@id":"https:\/\/yazmed.ma\/#organization","name":"Yazmed Healthcare","url":"https:\/\/yazmed.ma\/","logo":{"@type":"ImageObject","inLanguage":"ary","@id":"https:\/\/yazmed.ma\/#\/schema\/logo\/image\/","url":"https:\/\/yazmed.ma\/wp-content\/uploads\/2024\/12\/3.png","contentUrl":"https:\/\/yazmed.ma\/wp-content\/uploads\/2024\/12\/3.png","width":250,"height":70,"caption":"Yazmed Healthcare"},"image":{"@id":"https:\/\/yazmed.ma\/#\/schema\/logo\/image\/"},"sameAs":["https:\/\/www.facebook.com\/azenkouky","https:\/\/www.instagram.com\/yazmedhealthcare","https:\/\/www.linkedin.com\/in\/yazmed-healthcare-1b4955295"]}]}},"_links":{"self":[{"href":"https:\/\/yazmed.ma\/ar\/wp-json\/wp\/v2\/product\/1393","targetHints":{"allow":["GET"]}}],"collection":[{"href":"https:\/\/yazmed.ma\/ar\/wp-json\/wp\/v2\/product"}],"about":[{"href":"https:\/\/yazmed.ma\/ar\/wp-json\/wp\/v2\/types\/product"}],"replies":[{"embeddable":true,"href":"https:\/\/yazmed.ma\/ar\/wp-json\/wp\/v2\/comments?post=1393"}],"version-history":[{"count":0,"href":"https:\/\/yazmed.ma\/ar\/wp-json\/wp\/v2\/product\/1393\/revisions"}],"wp:featuredmedia":[{"embeddable":true,"href":"https:\/\/yazmed.ma\/ar\/wp-json\/wp\/v2\/media\/2442"}],"wp:attachment":[{"href":"https:\/\/yazmed.ma\/ar\/wp-json\/wp\/v2\/media?parent=1393"}],"wp:term":[{"taxonomy":"product_brand","embeddable":true,"href":"https:\/\/yazmed.ma\/ar\/wp-json\/wp\/v2\/product_brand?post=1393"},{"taxonomy":"product_cat","embeddable":true,"href":"https:\/\/yazmed.ma\/ar\/wp-json\/wp\/v2\/product_cat?post=1393"},{"taxonomy":"product_tag","embeddable":true,"href":"https:\/\/yazmed.ma\/ar\/wp-json\/wp\/v2\/product_tag?post=1393"}],"curies":[{"name":"wp","href":"https:\/\/api.w.org\/{rel}","templated":true}]}}