{"id":1387,"date":"2024-12-24T10:32:50","date_gmt":"2024-12-24T10:32:50","guid":{"rendered":"https:\/\/yazmed.ma\/?post_type=product&#038;p=1387"},"modified":"2025-06-23T12:45:44","modified_gmt":"2025-06-23T12:45:44","slug":"defibrillateur-semi-automatique","status":"publish","type":"product","link":"https:\/\/yazmed.ma\/ar\/product\/defibrillateur-semi-automatique\/","title":{"rendered":"D\u00e9fibrillateur semi automatique HR-501- HEART GUARDIAN"},"content":{"rendered":"<ul>\n<li>Autodiagnostic automatique\/manuel<\/li>\n<li>Analyse pr\u00e9cise de l\u2019imp\u00e9dance<\/li>\n<li>Audio guidage en anglais<\/li>\n<li>\u00c9lectrodes pouvant \u00eatre utilis\u00e9es aussi bien sur les adultes que sur les enfants<\/li>\n<li class=\"nitro-offscreen\">Batterie non rechargeable qui donne jusqu\u2019\u00e0 200 chocs<\/li>\n<li class=\"nitro-offscreen\">Analyse ECG\u00a0: 8,5\u00a0s<\/li>\n<li class=\"nitro-offscreen\">Charge : 8 secondes.<\/li>\n<li class=\"nitro-offscreen\">Max. Puissance de choc\u00a0: 150\u00a0J (adultes), 50\u00a0J (enfants)<\/li>\n<li class=\"nitro-offscreen\">Stockage des donn\u00e9es : 40 min (m\u00e9moire int\u00e9gr\u00e9e)<\/li>\n<li class=\"nitro-offscreen\">Protocole de transfert de donn\u00e9es : Bluetooth 2.0<\/li>\n<li class=\"nitro-offscreen\">Boutons de contr\u00f4le\u00a0:\u00a0alimentation, analyse, choc<\/li>\n<\/ul>","protected":false},"excerpt":{"rendered":"<h4>D\u00e9fibrillateur semi automatique HR-501- HEART GUARDIAN<\/h4>\n<p>Le Heart Guardian HR-501 est un appareil qui analyse automatiquement le rythme cardiaque des victimes d&rsquo;un arr\u00eat cardiaque et envoie un choc \u00e9lectrique au c\u0153ur pour lui permettre de retrouver son rythme normal.<\/p>\n<p>Le d\u00e9fibrillateur fournit une analyse pr\u00e9cise de l&rsquo;\u00e9tat corporel de la victime et configure le taux exact de chocs n\u00e9cessaires permettant une s\u00e9curit\u00e9 et des r\u00e9ponses plus rapides.<\/p>\n<p>Les utilisateurs doivent avoir suivi une formation de base sur les techniques de maintien de la vie ou un programme de formation en intervention d&rsquo;urgence m\u00e9dicale autoris\u00e9 par un m\u00e9decin.<\/p>\n<p>Accessoires du produit\u00a0:<\/p>\n<p>Sac de rangement.<\/p>\n<p>Batterie pr\u00e9charg\u00e9e<\/p>\n<p>(1)\u00e9lectrodes adh\u00e9sives.<\/p>\n<p>Manuel<\/p>\n<p>Stickers AED<\/p>\n<p><img decoding=\"async\" class=\"wp-image-2498 alignnone\" title=\"GAR\" src=\"https:\/\/yazmed.ma\/wp-content\/uploads\/2024\/12\/GAR.png\" alt=\"GAR\" width=\"103\" height=\"77\" srcset=\"https:\/\/yazmed.ma\/wp-content\/uploads\/2024\/12\/GAR.png 259w, https:\/\/yazmed.ma\/wp-content\/uploads\/2024\/12\/GAR-16x12.png 16w, https:\/\/yazmed.ma\/wp-content\/uploads\/2024\/12\/GAR-72x54.png 72w\" sizes=\"(max-width: 103px) 100vw, 103px\" \/><\/p>","protected":false},"featured_media":2499,"comment_status":"open","ping_status":"closed","template":"","meta":[],"product_brand":[],"product_cat":[51,50],"product_tag":[109,108],"class_list":{"0":"post-1387","1":"product","2":"type-product","3":"status-publish","4":"has-post-thumbnail","6":"product_cat-bloc-et-reanimation","7":"product_cat-appareillages-diagnostic","8":"product_tag-defibrillateur","9":"product_tag-defibrillateur-semi-automatique","11":"first","12":"instock","13":"taxable","14":"shipping-taxable","15":"purchasable","16":"product-type-simple"},"yoast_head":"<!-- This site is optimized with the Yoast SEO plugin v26.9 - https:\/\/yoast.com\/product\/yoast-seo-wordpress\/ -->\n<title>D\u00e9fibrillateur semi automatique HR-501- HEART GUARDIAN - YAZMED<\/title>\n<meta name=\"robots\" content=\"index, follow, max-snippet:-1, max-image-preview:large, max-video-preview:-1\" \/>\n<link rel=\"canonical\" href=\"https:\/\/yazmed.ma\/ar\/product\/defibrillateur-externe-automatique\/\" \/>\n<meta property=\"og:locale\" content=\"ar_AR\" \/>\n<meta property=\"og:type\" content=\"article\" \/>\n<meta property=\"og:title\" content=\"D\u00e9fibrillateur semi automatique HR-501- HEART GUARDIAN - YAZMED\" \/>\n<meta property=\"og:description\" content=\"D\u00e9fibrillateur semi automatique HR-501- HEART GUARDIAN Le Heart Guardian HR-501 est un appareil qui analyse automatiquement le rythme cardiaque des victimes d&#039;un arr\u00eat cardiaque et envoie un choc \u00e9lectrique au c\u0153ur pour lui permettre de retrouver son rythme normal.  Le d\u00e9fibrillateur fournit une analyse pr\u00e9cise de l&#039;\u00e9tat corporel de la victime et configure le taux exact de chocs n\u00e9cessaires permettant une s\u00e9curit\u00e9 et des r\u00e9ponses plus rapides.  Les utilisateurs doivent avoir suivi une formation de base sur les techniques de maintien de la vie ou un programme de formation en intervention d&#039;urgence m\u00e9dicale autoris\u00e9 par un m\u00e9decin.  Accessoires du produit\u00a0:  Sac de rangement.  Batterie pr\u00e9charg\u00e9e  (1)\u00e9lectrodes adh\u00e9sives.  Manuel  Stickers AED\" \/>\n<meta property=\"og:url\" content=\"https:\/\/yazmed.ma\/ar\/product\/defibrillateur-externe-automatique\/\" \/>\n<meta property=\"og:site_name\" content=\"YAZMED\" \/>\n<meta property=\"article:publisher\" content=\"https:\/\/www.facebook.com\/azenkouky\" \/>\n<meta property=\"article:modified_time\" content=\"2025-06-23T12:45:44+00:00\" \/>\n<meta property=\"og:image\" content=\"https:\/\/yazmed.ma\/wp-content\/uploads\/2024\/12\/Design-sans-titre-34.png\" \/>\n\t<meta property=\"og:image:width\" content=\"570\" \/>\n\t<meta property=\"og:image:height\" content=\"517\" \/>\n\t<meta property=\"og:image:type\" content=\"image\/png\" \/>\n<meta name=\"twitter:card\" content=\"summary_large_image\" \/>\n<meta name=\"twitter:label1\" content=\"Est. reading time\" \/>\n\t<meta name=\"twitter:data1\" content=\"1 minute\" \/>\n<script type=\"application\/ld+json\" class=\"yoast-schema-graph\">{\"@context\":\"https:\/\/schema.org\",\"@graph\":[{\"@type\":\"WebPage\",\"@id\":\"https:\/\/yazmed.ma\/product\/defibrillateur-externe-automatique\/\",\"url\":\"https:\/\/yazmed.ma\/product\/defibrillateur-externe-automatique\/\",\"name\":\"D\u00e9fibrillateur semi automatique HR-501- HEART GUARDIAN - YAZMED\",\"isPartOf\":{\"@id\":\"https:\/\/yazmed.ma\/#website\"},\"primaryImageOfPage\":{\"@id\":\"https:\/\/yazmed.ma\/product\/defibrillateur-externe-automatique\/#primaryimage\"},\"image\":{\"@id\":\"https:\/\/yazmed.ma\/product\/defibrillateur-externe-automatique\/#primaryimage\"},\"thumbnailUrl\":\"https:\/\/yazmed.ma\/wp-content\/uploads\/2024\/12\/Defibrillateur-semi-automatique-HR-501.webp\",\"datePublished\":\"2024-12-24T10:32:50+00:00\",\"dateModified\":\"2025-06-23T12:45:44+00:00\",\"breadcrumb\":{\"@id\":\"https:\/\/yazmed.ma\/product\/defibrillateur-externe-automatique\/#breadcrumb\"},\"inLanguage\":\"ary\",\"potentialAction\":[{\"@type\":\"ReadAction\",\"target\":[\"https:\/\/yazmed.ma\/product\/defibrillateur-externe-automatique\/\"]}]},{\"@type\":\"ImageObject\",\"inLanguage\":\"ary\",\"@id\":\"https:\/\/yazmed.ma\/product\/defibrillateur-externe-automatique\/#primaryimage\",\"url\":\"https:\/\/yazmed.ma\/wp-content\/uploads\/2024\/12\/Defibrillateur-semi-automatique-HR-501.webp\",\"contentUrl\":\"https:\/\/yazmed.ma\/wp-content\/uploads\/2024\/12\/Defibrillateur-semi-automatique-HR-501.webp\",\"width\":450,\"height\":450,\"caption\":\"D\u00e9fibrillateur semi automatique HR 501\"},{\"@type\":\"BreadcrumbList\",\"@id\":\"https:\/\/yazmed.ma\/product\/defibrillateur-externe-automatique\/#breadcrumb\",\"itemListElement\":[{\"@type\":\"ListItem\",\"position\":1,\"name\":\"Accueil\",\"item\":\"https:\/\/yazmed.ma\/\"},{\"@type\":\"ListItem\",\"position\":2,\"name\":\"Shop\",\"item\":\"https:\/\/yazmed.ma\/shop-2\/\"},{\"@type\":\"ListItem\",\"position\":3,\"name\":\"D\u00e9fibrillateur Cardiaque externe automatique\"}]},{\"@type\":\"WebSite\",\"@id\":\"https:\/\/yazmed.ma\/#website\",\"url\":\"https:\/\/yazmed.ma\/\",\"name\":\"Yazmed\",\"description\":\"LEADER DU MAT\u00c9RIEL M\u00c9DICAL AU MAROC\",\"publisher\":{\"@id\":\"https:\/\/yazmed.ma\/#organization\"},\"potentialAction\":[{\"@type\":\"SearchAction\",\"target\":{\"@type\":\"EntryPoint\",\"urlTemplate\":\"https:\/\/yazmed.ma\/?s={search_term_string}\"},\"query-input\":{\"@type\":\"PropertyValueSpecification\",\"valueRequired\":true,\"valueName\":\"search_term_string\"}}],\"inLanguage\":\"ary\"},{\"@type\":\"Organization\",\"@id\":\"https:\/\/yazmed.ma\/#organization\",\"name\":\"Yazmed Healthcare\",\"url\":\"https:\/\/yazmed.ma\/\",\"logo\":{\"@type\":\"ImageObject\",\"inLanguage\":\"ary\",\"@id\":\"https:\/\/yazmed.ma\/#\/schema\/logo\/image\/\",\"url\":\"https:\/\/yazmed.ma\/wp-content\/uploads\/2024\/12\/3.png\",\"contentUrl\":\"https:\/\/yazmed.ma\/wp-content\/uploads\/2024\/12\/3.png\",\"width\":250,\"height\":70,\"caption\":\"Yazmed Healthcare\"},\"image\":{\"@id\":\"https:\/\/yazmed.ma\/#\/schema\/logo\/image\/\"},\"sameAs\":[\"https:\/\/www.facebook.com\/azenkouky\",\"https:\/\/www.instagram.com\/yazmedhealthcare\",\"https:\/\/www.linkedin.com\/in\/yazmed-healthcare-1b4955295\"]}]}<\/script>\n<!-- \/ Yoast SEO plugin. -->","yoast_head_json":{"title":"D\u00e9fibrillateur semi automatique HR-501- HEART GUARDIAN - YAZMED","robots":{"index":"index","follow":"follow","max-snippet":"max-snippet:-1","max-image-preview":"max-image-preview:large","max-video-preview":"max-video-preview:-1"},"canonical":"https:\/\/yazmed.ma\/ar\/product\/defibrillateur-externe-automatique\/","og_locale":"ar_AR","og_type":"article","og_title":"D\u00e9fibrillateur semi automatique HR-501- HEART GUARDIAN - YAZMED","og_description":"D\u00e9fibrillateur semi automatique HR-501- HEART GUARDIAN Le Heart Guardian HR-501 est un appareil qui analyse automatiquement le rythme cardiaque des victimes d'un arr\u00eat cardiaque et envoie un choc \u00e9lectrique au c\u0153ur pour lui permettre de retrouver son rythme normal.  Le d\u00e9fibrillateur fournit une analyse pr\u00e9cise de l'\u00e9tat corporel de la victime et configure le taux exact de chocs n\u00e9cessaires permettant une s\u00e9curit\u00e9 et des r\u00e9ponses plus rapides.  Les utilisateurs doivent avoir suivi une formation de base sur les techniques de maintien de la vie ou un programme de formation en intervention d'urgence m\u00e9dicale autoris\u00e9 par un m\u00e9decin.  Accessoires du produit\u00a0:  Sac de rangement.  Batterie pr\u00e9charg\u00e9e  (1)\u00e9lectrodes adh\u00e9sives.  Manuel  Stickers AED","og_url":"https:\/\/yazmed.ma\/ar\/product\/defibrillateur-externe-automatique\/","og_site_name":"YAZMED","article_publisher":"https:\/\/www.facebook.com\/azenkouky","article_modified_time":"2025-06-23T12:45:44+00:00","og_image":[{"width":570,"height":517,"url":"https:\/\/yazmed.ma\/wp-content\/uploads\/2024\/12\/Design-sans-titre-34.png","type":"image\/png"}],"twitter_card":"summary_large_image","twitter_misc":{"Est. reading time":"1 minute"},"schema":{"@context":"https:\/\/schema.org","@graph":[{"@type":"WebPage","@id":"https:\/\/yazmed.ma\/product\/defibrillateur-externe-automatique\/","url":"https:\/\/yazmed.ma\/product\/defibrillateur-externe-automatique\/","name":"D\u00e9fibrillateur semi automatique HR-501- HEART GUARDIAN - YAZMED","isPartOf":{"@id":"https:\/\/yazmed.ma\/#website"},"primaryImageOfPage":{"@id":"https:\/\/yazmed.ma\/product\/defibrillateur-externe-automatique\/#primaryimage"},"image":{"@id":"https:\/\/yazmed.ma\/product\/defibrillateur-externe-automatique\/#primaryimage"},"thumbnailUrl":"https:\/\/yazmed.ma\/wp-content\/uploads\/2024\/12\/Defibrillateur-semi-automatique-HR-501.webp","datePublished":"2024-12-24T10:32:50+00:00","dateModified":"2025-06-23T12:45:44+00:00","breadcrumb":{"@id":"https:\/\/yazmed.ma\/product\/defibrillateur-externe-automatique\/#breadcrumb"},"inLanguage":"ary","potentialAction":[{"@type":"ReadAction","target":["https:\/\/yazmed.ma\/product\/defibrillateur-externe-automatique\/"]}]},{"@type":"ImageObject","inLanguage":"ary","@id":"https:\/\/yazmed.ma\/product\/defibrillateur-externe-automatique\/#primaryimage","url":"https:\/\/yazmed.ma\/wp-content\/uploads\/2024\/12\/Defibrillateur-semi-automatique-HR-501.webp","contentUrl":"https:\/\/yazmed.ma\/wp-content\/uploads\/2024\/12\/Defibrillateur-semi-automatique-HR-501.webp","width":450,"height":450,"caption":"D\u00e9fibrillateur semi automatique HR 501"},{"@type":"BreadcrumbList","@id":"https:\/\/yazmed.ma\/product\/defibrillateur-externe-automatique\/#breadcrumb","itemListElement":[{"@type":"ListItem","position":1,"name":"Accueil","item":"https:\/\/yazmed.ma\/"},{"@type":"ListItem","position":2,"name":"Shop","item":"https:\/\/yazmed.ma\/shop-2\/"},{"@type":"ListItem","position":3,"name":"D\u00e9fibrillateur Cardiaque externe automatique"}]},{"@type":"WebSite","@id":"https:\/\/yazmed.ma\/#website","url":"https:\/\/yazmed.ma\/","name":"Yazmed","description":"LEADER DU MAT\u00c9RIEL M\u00c9DICAL AU MAROC","publisher":{"@id":"https:\/\/yazmed.ma\/#organization"},"potentialAction":[{"@type":"SearchAction","target":{"@type":"EntryPoint","urlTemplate":"https:\/\/yazmed.ma\/?s={search_term_string}"},"query-input":{"@type":"PropertyValueSpecification","valueRequired":true,"valueName":"search_term_string"}}],"inLanguage":"ary"},{"@type":"Organization","@id":"https:\/\/yazmed.ma\/#organization","name":"Yazmed Healthcare","url":"https:\/\/yazmed.ma\/","logo":{"@type":"ImageObject","inLanguage":"ary","@id":"https:\/\/yazmed.ma\/#\/schema\/logo\/image\/","url":"https:\/\/yazmed.ma\/wp-content\/uploads\/2024\/12\/3.png","contentUrl":"https:\/\/yazmed.ma\/wp-content\/uploads\/2024\/12\/3.png","width":250,"height":70,"caption":"Yazmed Healthcare"},"image":{"@id":"https:\/\/yazmed.ma\/#\/schema\/logo\/image\/"},"sameAs":["https:\/\/www.facebook.com\/azenkouky","https:\/\/www.instagram.com\/yazmedhealthcare","https:\/\/www.linkedin.com\/in\/yazmed-healthcare-1b4955295"]}]}},"_links":{"self":[{"href":"https:\/\/yazmed.ma\/ar\/wp-json\/wp\/v2\/product\/1387","targetHints":{"allow":["GET"]}}],"collection":[{"href":"https:\/\/yazmed.ma\/ar\/wp-json\/wp\/v2\/product"}],"about":[{"href":"https:\/\/yazmed.ma\/ar\/wp-json\/wp\/v2\/types\/product"}],"replies":[{"embeddable":true,"href":"https:\/\/yazmed.ma\/ar\/wp-json\/wp\/v2\/comments?post=1387"}],"version-history":[{"count":0,"href":"https:\/\/yazmed.ma\/ar\/wp-json\/wp\/v2\/product\/1387\/revisions"}],"wp:featuredmedia":[{"embeddable":true,"href":"https:\/\/yazmed.ma\/ar\/wp-json\/wp\/v2\/media\/2499"}],"wp:attachment":[{"href":"https:\/\/yazmed.ma\/ar\/wp-json\/wp\/v2\/media?parent=1387"}],"wp:term":[{"taxonomy":"product_brand","embeddable":true,"href":"https:\/\/yazmed.ma\/ar\/wp-json\/wp\/v2\/product_brand?post=1387"},{"taxonomy":"product_cat","embeddable":true,"href":"https:\/\/yazmed.ma\/ar\/wp-json\/wp\/v2\/product_cat?post=1387"},{"taxonomy":"product_tag","embeddable":true,"href":"https:\/\/yazmed.ma\/ar\/wp-json\/wp\/v2\/product_tag?post=1387"}],"curies":[{"name":"wp","href":"https:\/\/api.w.org\/{rel}","templated":true}]}}