{"id":1385,"date":"2024-12-24T10:25:35","date_gmt":"2024-12-24T10:25:35","guid":{"rendered":"https:\/\/yazmed.ma\/?post_type=product&#038;p=1385"},"modified":"2025-07-02T19:34:28","modified_gmt":"2025-07-02T19:34:28","slug":"miroir-de-clar-spengler-pour-examen-orl","status":"publish","type":"product","link":"https:\/\/yazmed.ma\/ar\/product\/miroir-de-clar-spengler-pour-examen-orl\/","title":{"rendered":"Miroir de Clar &#8211; Spengler"},"content":{"rendered":"<p data-start=\"293\" data-end=\"606\">Le <strong data-start=\"296\" data-end=\"323\">Miroir de Clar Spengler<\/strong> est un instrument essentiel utilis\u00e9 en ORL (oto-rhino-laryngologie) pour l\u2019examen visuel des cavit\u00e9s nasales, pharyng\u00e9es et buccales. Con\u00e7u avec une finition de haute qualit\u00e9, il assure une excellente r\u00e9flexion lumineuse et une maniabilit\u00e9 optimale pour les professionnels de sant\u00e9.<\/p>\n<p data-start=\"608\" data-end=\"873\">Robuste et hygi\u00e9nique, ce miroir est facile \u00e0 d\u00e9sinfecter, ce qui le rend id\u00e9al pour une utilisation r\u00e9p\u00e9t\u00e9e en cabinets m\u00e9dicaux, cliniques et h\u00f4pitaux au Maroc. Le Miroir de Clar est un outil fiable pour les m\u00e9decins ORL, dentistes et sp\u00e9cialistes en diagnostics.<\/p>\n<p data-start=\"875\" data-end=\"962\">Disponible chez <strong data-start=\"891\" data-end=\"901\">Yazmed<\/strong>, fournisseur d\u2019\u00e9quipements m\u00e9dicaux professionnels au Maroc.<\/p>","protected":false},"excerpt":{"rendered":"<ul>\n<li>Bandeau m\u00e9tallique souple, adapt\u00e9 \u00e0\u00a0 toutes les morphologies.<\/li>\n<li>R\u00e9glage de la focale par ajustement du porte lampe : \u00e9clairage par LED.<\/li>\n<li>Alimentation : 2 piles CR 123 fournies.<\/li>\n<li>Voltage 3.5 V.<\/li>\n<li>Livr\u00e9s avec trousse de transport<\/li>\n<\/ul>\n<p><img decoding=\"async\" src=\"https:\/\/saharamed.ma\/assets\/images\/brands\/spengler.png\" \/><\/p>","protected":false},"featured_media":1386,"comment_status":"open","ping_status":"closed","template":"","meta":[],"product_brand":[],"product_cat":[50],"product_tag":[],"class_list":{"0":"post-1385","1":"product","2":"type-product","3":"status-publish","4":"has-post-thumbnail","6":"product_cat-appareillages-diagnostic","8":"first","9":"instock","10":"taxable","11":"shipping-taxable","12":"purchasable","13":"product-type-simple"},"yoast_head":"<!-- This site is optimized with the Yoast SEO plugin v26.9 - https:\/\/yoast.com\/product\/yoast-seo-wordpress\/ -->\n<title>Miroir de Clar - Spengler - YAZMED<\/title>\n<meta name=\"robots\" content=\"index, follow, max-snippet:-1, max-image-preview:large, max-video-preview:-1\" \/>\n<link rel=\"canonical\" href=\"https:\/\/yazmed.ma\/ar\/product\/miroir-de-clar-spengler\/\" \/>\n<meta property=\"og:locale\" content=\"ar_AR\" \/>\n<meta property=\"og:type\" content=\"article\" \/>\n<meta property=\"og:title\" content=\"Miroir de Clar - Spengler - YAZMED\" \/>\n<meta property=\"og:description\" content=\"Bandeau m\u00e9tallique souple, adapt\u00e9 \u00e0\u00a0 toutes les morphologies.  R\u00e9glage de la focale par ajustement du porte lampe : \u00e9clairage par LED.  Alimentation : 2 piles CR 123 fournies.  Voltage 3.5 V.  Livr\u00e9s avec trousse de transport\" \/>\n<meta property=\"og:url\" content=\"https:\/\/yazmed.ma\/ar\/product\/miroir-de-clar-spengler\/\" \/>\n<meta property=\"og:site_name\" content=\"YAZMED\" \/>\n<meta property=\"article:publisher\" content=\"https:\/\/www.facebook.com\/azenkouky\" \/>\n<meta property=\"article:modified_time\" content=\"2025-07-02T19:34:28+00:00\" \/>\n<meta property=\"og:image\" content=\"https:\/\/yazmed.ma\/wp-content\/uploads\/2024\/12\/bdd1def1-3d1f-42d8-b2ed-2fc73bce818d.jpg\" \/>\n\t<meta property=\"og:image:width\" content=\"960\" \/>\n\t<meta property=\"og:image:height\" content=\"960\" \/>\n\t<meta property=\"og:image:type\" content=\"image\/jpeg\" \/>\n<meta name=\"twitter:card\" content=\"summary_large_image\" \/>\n<meta name=\"twitter:label1\" content=\"Est. reading time\" \/>\n\t<meta name=\"twitter:data1\" content=\"1 minute\" \/>\n<script type=\"application\/ld+json\" class=\"yoast-schema-graph\">{\"@context\":\"https:\/\/schema.org\",\"@graph\":[{\"@type\":\"WebPage\",\"@id\":\"https:\/\/yazmed.ma\/product\/miroir-de-clar-spengler\/\",\"url\":\"https:\/\/yazmed.ma\/product\/miroir-de-clar-spengler\/\",\"name\":\"Miroir de Clar - Spengler - YAZMED\",\"isPartOf\":{\"@id\":\"https:\/\/yazmed.ma\/#website\"},\"primaryImageOfPage\":{\"@id\":\"https:\/\/yazmed.ma\/product\/miroir-de-clar-spengler\/#primaryimage\"},\"image\":{\"@id\":\"https:\/\/yazmed.ma\/product\/miroir-de-clar-spengler\/#primaryimage\"},\"thumbnailUrl\":\"https:\/\/yazmed.ma\/wp-content\/uploads\/2024\/12\/bdd1def1-3d1f-42d8-b2ed-2fc73bce818d.jpg\",\"datePublished\":\"2024-12-24T10:25:35+00:00\",\"dateModified\":\"2025-07-02T19:34:28+00:00\",\"breadcrumb\":{\"@id\":\"https:\/\/yazmed.ma\/product\/miroir-de-clar-spengler\/#breadcrumb\"},\"inLanguage\":\"ary\",\"potentialAction\":[{\"@type\":\"ReadAction\",\"target\":[\"https:\/\/yazmed.ma\/product\/miroir-de-clar-spengler\/\"]}]},{\"@type\":\"ImageObject\",\"inLanguage\":\"ary\",\"@id\":\"https:\/\/yazmed.ma\/product\/miroir-de-clar-spengler\/#primaryimage\",\"url\":\"https:\/\/yazmed.ma\/wp-content\/uploads\/2024\/12\/bdd1def1-3d1f-42d8-b2ed-2fc73bce818d.jpg\",\"contentUrl\":\"https:\/\/yazmed.ma\/wp-content\/uploads\/2024\/12\/bdd1def1-3d1f-42d8-b2ed-2fc73bce818d.jpg\",\"width\":960,\"height\":960,\"caption\":\"Miroir de Clar \u2013 Spengler\"},{\"@type\":\"BreadcrumbList\",\"@id\":\"https:\/\/yazmed.ma\/product\/miroir-de-clar-spengler\/#breadcrumb\",\"itemListElement\":[{\"@type\":\"ListItem\",\"position\":1,\"name\":\"Accueil\",\"item\":\"https:\/\/yazmed.ma\/\"},{\"@type\":\"ListItem\",\"position\":2,\"name\":\"Shop\",\"item\":\"https:\/\/yazmed.ma\/shop-2\/\"},{\"@type\":\"ListItem\",\"position\":3,\"name\":\"Miroir de Clar &#8211; Spengler\"}]},{\"@type\":\"WebSite\",\"@id\":\"https:\/\/yazmed.ma\/#website\",\"url\":\"https:\/\/yazmed.ma\/\",\"name\":\"Yazmed\",\"description\":\"LEADER DU MAT\u00c9RIEL M\u00c9DICAL AU MAROC\",\"publisher\":{\"@id\":\"https:\/\/yazmed.ma\/#organization\"},\"potentialAction\":[{\"@type\":\"SearchAction\",\"target\":{\"@type\":\"EntryPoint\",\"urlTemplate\":\"https:\/\/yazmed.ma\/?s={search_term_string}\"},\"query-input\":{\"@type\":\"PropertyValueSpecification\",\"valueRequired\":true,\"valueName\":\"search_term_string\"}}],\"inLanguage\":\"ary\"},{\"@type\":\"Organization\",\"@id\":\"https:\/\/yazmed.ma\/#organization\",\"name\":\"Yazmed Healthcare\",\"url\":\"https:\/\/yazmed.ma\/\",\"logo\":{\"@type\":\"ImageObject\",\"inLanguage\":\"ary\",\"@id\":\"https:\/\/yazmed.ma\/#\/schema\/logo\/image\/\",\"url\":\"https:\/\/yazmed.ma\/wp-content\/uploads\/2024\/12\/3.png\",\"contentUrl\":\"https:\/\/yazmed.ma\/wp-content\/uploads\/2024\/12\/3.png\",\"width\":250,\"height\":70,\"caption\":\"Yazmed Healthcare\"},\"image\":{\"@id\":\"https:\/\/yazmed.ma\/#\/schema\/logo\/image\/\"},\"sameAs\":[\"https:\/\/www.facebook.com\/azenkouky\",\"https:\/\/www.instagram.com\/yazmedhealthcare\",\"https:\/\/www.linkedin.com\/in\/yazmed-healthcare-1b4955295\"]}]}<\/script>\n<!-- \/ Yoast SEO plugin. -->","yoast_head_json":{"title":"Miroir de Clar - Spengler - YAZMED","robots":{"index":"index","follow":"follow","max-snippet":"max-snippet:-1","max-image-preview":"max-image-preview:large","max-video-preview":"max-video-preview:-1"},"canonical":"https:\/\/yazmed.ma\/ar\/product\/miroir-de-clar-spengler\/","og_locale":"ar_AR","og_type":"article","og_title":"Miroir de Clar - Spengler - YAZMED","og_description":"Bandeau m\u00e9tallique souple, adapt\u00e9 \u00e0\u00a0 toutes les morphologies.  R\u00e9glage de la focale par ajustement du porte lampe : \u00e9clairage par LED.  Alimentation : 2 piles CR 123 fournies.  Voltage 3.5 V.  Livr\u00e9s avec trousse de transport","og_url":"https:\/\/yazmed.ma\/ar\/product\/miroir-de-clar-spengler\/","og_site_name":"YAZMED","article_publisher":"https:\/\/www.facebook.com\/azenkouky","article_modified_time":"2025-07-02T19:34:28+00:00","og_image":[{"width":960,"height":960,"url":"https:\/\/yazmed.ma\/wp-content\/uploads\/2024\/12\/bdd1def1-3d1f-42d8-b2ed-2fc73bce818d.jpg","type":"image\/jpeg"}],"twitter_card":"summary_large_image","twitter_misc":{"Est. reading time":"1 minute"},"schema":{"@context":"https:\/\/schema.org","@graph":[{"@type":"WebPage","@id":"https:\/\/yazmed.ma\/product\/miroir-de-clar-spengler\/","url":"https:\/\/yazmed.ma\/product\/miroir-de-clar-spengler\/","name":"Miroir de Clar - Spengler - YAZMED","isPartOf":{"@id":"https:\/\/yazmed.ma\/#website"},"primaryImageOfPage":{"@id":"https:\/\/yazmed.ma\/product\/miroir-de-clar-spengler\/#primaryimage"},"image":{"@id":"https:\/\/yazmed.ma\/product\/miroir-de-clar-spengler\/#primaryimage"},"thumbnailUrl":"https:\/\/yazmed.ma\/wp-content\/uploads\/2024\/12\/bdd1def1-3d1f-42d8-b2ed-2fc73bce818d.jpg","datePublished":"2024-12-24T10:25:35+00:00","dateModified":"2025-07-02T19:34:28+00:00","breadcrumb":{"@id":"https:\/\/yazmed.ma\/product\/miroir-de-clar-spengler\/#breadcrumb"},"inLanguage":"ary","potentialAction":[{"@type":"ReadAction","target":["https:\/\/yazmed.ma\/product\/miroir-de-clar-spengler\/"]}]},{"@type":"ImageObject","inLanguage":"ary","@id":"https:\/\/yazmed.ma\/product\/miroir-de-clar-spengler\/#primaryimage","url":"https:\/\/yazmed.ma\/wp-content\/uploads\/2024\/12\/bdd1def1-3d1f-42d8-b2ed-2fc73bce818d.jpg","contentUrl":"https:\/\/yazmed.ma\/wp-content\/uploads\/2024\/12\/bdd1def1-3d1f-42d8-b2ed-2fc73bce818d.jpg","width":960,"height":960,"caption":"Miroir de Clar \u2013 Spengler"},{"@type":"BreadcrumbList","@id":"https:\/\/yazmed.ma\/product\/miroir-de-clar-spengler\/#breadcrumb","itemListElement":[{"@type":"ListItem","position":1,"name":"Accueil","item":"https:\/\/yazmed.ma\/"},{"@type":"ListItem","position":2,"name":"Shop","item":"https:\/\/yazmed.ma\/shop-2\/"},{"@type":"ListItem","position":3,"name":"Miroir de Clar &#8211; Spengler"}]},{"@type":"WebSite","@id":"https:\/\/yazmed.ma\/#website","url":"https:\/\/yazmed.ma\/","name":"Yazmed","description":"LEADER DU MAT\u00c9RIEL M\u00c9DICAL AU MAROC","publisher":{"@id":"https:\/\/yazmed.ma\/#organization"},"potentialAction":[{"@type":"SearchAction","target":{"@type":"EntryPoint","urlTemplate":"https:\/\/yazmed.ma\/?s={search_term_string}"},"query-input":{"@type":"PropertyValueSpecification","valueRequired":true,"valueName":"search_term_string"}}],"inLanguage":"ary"},{"@type":"Organization","@id":"https:\/\/yazmed.ma\/#organization","name":"Yazmed Healthcare","url":"https:\/\/yazmed.ma\/","logo":{"@type":"ImageObject","inLanguage":"ary","@id":"https:\/\/yazmed.ma\/#\/schema\/logo\/image\/","url":"https:\/\/yazmed.ma\/wp-content\/uploads\/2024\/12\/3.png","contentUrl":"https:\/\/yazmed.ma\/wp-content\/uploads\/2024\/12\/3.png","width":250,"height":70,"caption":"Yazmed Healthcare"},"image":{"@id":"https:\/\/yazmed.ma\/#\/schema\/logo\/image\/"},"sameAs":["https:\/\/www.facebook.com\/azenkouky","https:\/\/www.instagram.com\/yazmedhealthcare","https:\/\/www.linkedin.com\/in\/yazmed-healthcare-1b4955295"]}]}},"_links":{"self":[{"href":"https:\/\/yazmed.ma\/ar\/wp-json\/wp\/v2\/product\/1385","targetHints":{"allow":["GET"]}}],"collection":[{"href":"https:\/\/yazmed.ma\/ar\/wp-json\/wp\/v2\/product"}],"about":[{"href":"https:\/\/yazmed.ma\/ar\/wp-json\/wp\/v2\/types\/product"}],"replies":[{"embeddable":true,"href":"https:\/\/yazmed.ma\/ar\/wp-json\/wp\/v2\/comments?post=1385"}],"version-history":[{"count":0,"href":"https:\/\/yazmed.ma\/ar\/wp-json\/wp\/v2\/product\/1385\/revisions"}],"wp:featuredmedia":[{"embeddable":true,"href":"https:\/\/yazmed.ma\/ar\/wp-json\/wp\/v2\/media\/1386"}],"wp:attachment":[{"href":"https:\/\/yazmed.ma\/ar\/wp-json\/wp\/v2\/media?parent=1385"}],"wp:term":[{"taxonomy":"product_brand","embeddable":true,"href":"https:\/\/yazmed.ma\/ar\/wp-json\/wp\/v2\/product_brand?post=1385"},{"taxonomy":"product_cat","embeddable":true,"href":"https:\/\/yazmed.ma\/ar\/wp-json\/wp\/v2\/product_cat?post=1385"},{"taxonomy":"product_tag","embeddable":true,"href":"https:\/\/yazmed.ma\/ar\/wp-json\/wp\/v2\/product_tag?post=1385"}],"curies":[{"name":"wp","href":"https:\/\/api.w.org\/{rel}","templated":true}]}}