{"id":1383,"date":"2024-12-24T10:23:20","date_gmt":"2024-12-24T10:23:20","guid":{"rendered":"https:\/\/yazmed.ma\/?post_type=product&#038;p=1383"},"modified":"2025-12-23T16:28:39","modified_gmt":"2025-12-23T16:28:39","slug":"negatoscope-led-1-plage-plat","status":"publish","type":"product","link":"https:\/\/yazmed.ma\/ar\/product\/negatoscope-led-1-plage-plat\/","title":{"rendered":"NEGATOSCOPE LED 1 PLAGE PLAT"},"content":{"rendered":"<h3 data-start=\"487\" data-end=\"520\"><img decoding=\"async\" class=\"emoji\" role=\"img\" draggable=\"false\" src=\"https:\/\/s.w.org\/images\/core\/emoji\/16.0.1\/svg\/2705.svg\" alt=\"\u2705\" \/>\u00a0Caract\u00e9ristiques techniques :<\/h3>\n<p><strong data-start=\"526\" data-end=\"545\"><img decoding=\"async\" class=\"emoji\" role=\"img\" draggable=\"false\" src=\"https:\/\/s.w.org\/images\/core\/emoji\/16.0.1\/svg\/2705.svg\" alt=\"\u2705\" \/>\u00a0\u00c9clairage LED :<\/strong>\u00a050W \u2013 Longue dur\u00e9e de vie jusqu\u2019\u00e0\u00a0<strong data-start=\"580\" data-end=\"598\">100 000 heures<\/strong><\/p>\n<p><img decoding=\"async\" class=\"emoji\" role=\"img\" draggable=\"false\" src=\"https:\/\/s.w.org\/images\/core\/emoji\/16.0.1\/svg\/2705.svg\" alt=\"\u2705\" \/>\u00a0<strong data-start=\"604\" data-end=\"632\">Temp\u00e9rature de couleur :<\/strong> 10 000K pour une lumi\u00e8re blanche pure<\/p>\n<p><img decoding=\"async\" class=\"emoji\" style=\"background-color: #ffffff;\" role=\"img\" draggable=\"false\" src=\"https:\/\/s.w.org\/images\/core\/emoji\/16.0.1\/svg\/26a1.svg\" alt=\"\u26a1\" \/>\u00a0<strong data-start=\"675\" data-end=\"710\">Faible consommation \u00e9nerg\u00e9tique<\/strong><\/p>\n<p><img decoding=\"async\" class=\"emoji\" role=\"img\" draggable=\"false\" src=\"https:\/\/s.w.org\/images\/core\/emoji\/16.0.1\/svg\/2705.svg\" alt=\"\u2705\" \/>\u00a0<strong data-start=\"717\" data-end=\"739\">Cadre en aluminium<\/strong>\u00a0\u00e9l\u00e9gant avec\u00a0<strong data-start=\"753\" data-end=\"777\">interrupteur int\u00e9gr\u00e9<\/strong><\/p>\n<p><img decoding=\"async\" class=\"emoji\" role=\"img\" draggable=\"false\" src=\"https:\/\/s.w.org\/images\/core\/emoji\/16.0.1\/svg\/2705.svg\" alt=\"\u2705\" \/>\u00a0\u00a0<strong data-start=\"783\" data-end=\"802\">Fixation murale<\/strong> possible en position horizontale ou verticale<\/p>\n<p><img decoding=\"async\" class=\"emoji\" style=\"background-color: #ffffff;\" role=\"img\" draggable=\"false\" src=\"https:\/\/s.w.org\/images\/core\/emoji\/16.0.1\/svg\/1f310.svg\" alt=\"\ud83c\udf10\" \/>\u00a0<strong data-start=\"854\" data-end=\"894\">Variateur de lumi\u00e8re haute fr\u00e9quence<\/strong> : 50\/60 KHz<\/p>\n<p><img decoding=\"async\" class=\"emoji\" style=\"background-color: #ffffff;\" role=\"img\" draggable=\"false\" src=\"https:\/\/s.w.org\/images\/core\/emoji\/16.0.1\/svg\/1f50c.svg\" alt=\"\ud83d\udd0c\" \/>\u00a0<strong data-start=\"912\" data-end=\"925\">Voltage :<\/strong> 220V<\/p>\n<p><img decoding=\"async\" class=\"emoji\" role=\"img\" draggable=\"false\" src=\"https:\/\/s.w.org\/images\/core\/emoji\/16.0.1\/svg\/2705.svg\" alt=\"\u2705\" \/>\u00a0<strong data-start=\"936\" data-end=\"969\">Fonctionnement continu 24h\/24<\/strong><\/p>","protected":false},"excerpt":{"rendered":"<h4><strong data-start=\"216\" data-end=\"246\">n\u00e9gatoscope LED 1 plage<\/strong><\/h4>\n<p>pour une <strong data-start=\"263\" data-end=\"300\">lecture d&rsquo;<a title=\"Imagerie m\u00e9dicale\" href=\"https:\/\/fr.wikipedia.org\/wiki\/Imagerie_m%C3%A9dicale\">imagerie m\u00e9dicale<\/a>.pr\u00e9cise d<\/strong><strong data-start=\"263\" data-end=\"300\">es radiographies<\/strong>\u00a0dans les cabinets m\u00e9dicaux et les h\u00f4pitaux. Son\u00a0<strong data-start=\"349\" data-end=\"371\">design ultra-mince<\/strong>\u00a0alli\u00e9 \u00e0 une\u00a0<strong data-start=\"384\" data-end=\"411\">technologie\u00a0 avanc\u00e9e<\/strong> en fait un outil indispensable pour les professionnels de sant\u00e9 au Maroc. pour \u00a0des clich\u00e9s de qualit\u00e9<\/p>","protected":false},"featured_media":3030,"comment_status":"open","ping_status":"closed","template":"","meta":[],"product_brand":[],"product_cat":[54],"product_tag":[77,279],"class_list":{"0":"post-1383","1":"product","2":"type-product","3":"status-publish","4":"has-post-thumbnail","6":"product_cat-mobilier-medical","7":"product_tag-negatoscope","8":"product_tag-negatoscope-led","10":"first","11":"instock","12":"taxable","13":"shipping-taxable","14":"purchasable","15":"product-type-simple"},"yoast_head":"<!-- This site is optimized with the Yoast SEO plugin v26.9 - https:\/\/yoast.com\/product\/yoast-seo-wordpress\/ -->\n<title>NEGATOSCOPE LED 1 PLAGE PLAT - YAZMED<\/title>\n<meta name=\"robots\" content=\"index, follow, max-snippet:-1, max-image-preview:large, max-video-preview:-1\" \/>\n<link rel=\"canonical\" href=\"https:\/\/yazmed.ma\/ar\/product\/negatoscope-standard-a-tube-fluorescent-1-4-plages\/\" \/>\n<meta property=\"og:locale\" content=\"ar_AR\" \/>\n<meta property=\"og:type\" content=\"article\" \/>\n<meta property=\"og:title\" content=\"NEGATOSCOPE LED 1 PLAGE PLAT - YAZMED\" \/>\n<meta property=\"og:description\" content=\"n\u00e9gatoscope LED 1 plage pour une lecture d&#039;imagerie m\u00e9dicale.pr\u00e9cise des radiographies\u00a0dans les cabinets m\u00e9dicaux et les h\u00f4pitaux. Son\u00a0design ultra-mince\u00a0alli\u00e9 \u00e0 une\u00a0technologie\u00a0 avanc\u00e9e en fait un outil indispensable pour les professionnels de sant\u00e9 au Maroc. pour \u00a0des clich\u00e9s de qualit\u00e9\" \/>\n<meta property=\"og:url\" content=\"https:\/\/yazmed.ma\/ar\/product\/negatoscope-standard-a-tube-fluorescent-1-4-plages\/\" \/>\n<meta property=\"og:site_name\" content=\"YAZMED\" \/>\n<meta property=\"article:publisher\" content=\"https:\/\/www.facebook.com\/azenkouky\" \/>\n<meta property=\"article:modified_time\" content=\"2025-12-23T16:28:39+00:00\" \/>\n<meta property=\"og:image\" content=\"https:\/\/yazmed.ma\/wp-content\/uploads\/2024\/12\/Sans-titre-570-x-517-px-570-x-517-px-7.png\" \/>\n\t<meta property=\"og:image:width\" content=\"570\" \/>\n\t<meta property=\"og:image:height\" content=\"517\" \/>\n\t<meta property=\"og:image:type\" content=\"image\/png\" \/>\n<meta name=\"twitter:card\" content=\"summary_large_image\" \/>\n<meta name=\"twitter:label1\" content=\"Est. reading time\" \/>\n\t<meta name=\"twitter:data1\" content=\"1 minute\" \/>\n<script type=\"application\/ld+json\" class=\"yoast-schema-graph\">{\"@context\":\"https:\/\/schema.org\",\"@graph\":[{\"@type\":\"WebPage\",\"@id\":\"https:\/\/yazmed.ma\/product\/negatoscope-standard-a-tube-fluorescent-1-4-plages\/\",\"url\":\"https:\/\/yazmed.ma\/product\/negatoscope-standard-a-tube-fluorescent-1-4-plages\/\",\"name\":\"NEGATOSCOPE LED 1 PLAGE PLAT - YAZMED\",\"isPartOf\":{\"@id\":\"https:\/\/yazmed.ma\/#website\"},\"primaryImageOfPage\":{\"@id\":\"https:\/\/yazmed.ma\/product\/negatoscope-standard-a-tube-fluorescent-1-4-plages\/#primaryimage\"},\"image\":{\"@id\":\"https:\/\/yazmed.ma\/product\/negatoscope-standard-a-tube-fluorescent-1-4-plages\/#primaryimage\"},\"thumbnailUrl\":\"https:\/\/yazmed.ma\/wp-content\/uploads\/2024\/12\/NEGATOSCOPE-LED-1-PLAGE-PLAT.webp\",\"datePublished\":\"2024-12-24T10:23:20+00:00\",\"dateModified\":\"2025-12-23T16:28:39+00:00\",\"breadcrumb\":{\"@id\":\"https:\/\/yazmed.ma\/product\/negatoscope-standard-a-tube-fluorescent-1-4-plages\/#breadcrumb\"},\"inLanguage\":\"ary\",\"potentialAction\":[{\"@type\":\"ReadAction\",\"target\":[\"https:\/\/yazmed.ma\/product\/negatoscope-standard-a-tube-fluorescent-1-4-plages\/\"]}]},{\"@type\":\"ImageObject\",\"inLanguage\":\"ary\",\"@id\":\"https:\/\/yazmed.ma\/product\/negatoscope-standard-a-tube-fluorescent-1-4-plages\/#primaryimage\",\"url\":\"https:\/\/yazmed.ma\/wp-content\/uploads\/2024\/12\/NEGATOSCOPE-LED-1-PLAGE-PLAT.webp\",\"contentUrl\":\"https:\/\/yazmed.ma\/wp-content\/uploads\/2024\/12\/NEGATOSCOPE-LED-1-PLAGE-PLAT.webp\",\"width\":570,\"height\":517,\"caption\":\"NEGATOSCOPE-LED-1-PLAGE-PLAT\"},{\"@type\":\"BreadcrumbList\",\"@id\":\"https:\/\/yazmed.ma\/product\/negatoscope-standard-a-tube-fluorescent-1-4-plages\/#breadcrumb\",\"itemListElement\":[{\"@type\":\"ListItem\",\"position\":1,\"name\":\"Accueil\",\"item\":\"https:\/\/yazmed.ma\/\"},{\"@type\":\"ListItem\",\"position\":2,\"name\":\"Shop\",\"item\":\"https:\/\/yazmed.ma\/shop-2\/\"},{\"@type\":\"ListItem\",\"position\":3,\"name\":\"N\u00e9gatoscope standard \u00e0 tube fluorescent\"}]},{\"@type\":\"WebSite\",\"@id\":\"https:\/\/yazmed.ma\/#website\",\"url\":\"https:\/\/yazmed.ma\/\",\"name\":\"Yazmed\",\"description\":\"LEADER DU MAT\u00c9RIEL M\u00c9DICAL AU MAROC\",\"publisher\":{\"@id\":\"https:\/\/yazmed.ma\/#organization\"},\"potentialAction\":[{\"@type\":\"SearchAction\",\"target\":{\"@type\":\"EntryPoint\",\"urlTemplate\":\"https:\/\/yazmed.ma\/?s={search_term_string}\"},\"query-input\":{\"@type\":\"PropertyValueSpecification\",\"valueRequired\":true,\"valueName\":\"search_term_string\"}}],\"inLanguage\":\"ary\"},{\"@type\":\"Organization\",\"@id\":\"https:\/\/yazmed.ma\/#organization\",\"name\":\"Yazmed Healthcare\",\"url\":\"https:\/\/yazmed.ma\/\",\"logo\":{\"@type\":\"ImageObject\",\"inLanguage\":\"ary\",\"@id\":\"https:\/\/yazmed.ma\/#\/schema\/logo\/image\/\",\"url\":\"https:\/\/yazmed.ma\/wp-content\/uploads\/2024\/12\/3.png\",\"contentUrl\":\"https:\/\/yazmed.ma\/wp-content\/uploads\/2024\/12\/3.png\",\"width\":250,\"height\":70,\"caption\":\"Yazmed Healthcare\"},\"image\":{\"@id\":\"https:\/\/yazmed.ma\/#\/schema\/logo\/image\/\"},\"sameAs\":[\"https:\/\/www.facebook.com\/azenkouky\",\"https:\/\/www.instagram.com\/yazmedhealthcare\",\"https:\/\/www.linkedin.com\/in\/yazmed-healthcare-1b4955295\"]}]}<\/script>\n<!-- \/ Yoast SEO plugin. -->","yoast_head_json":{"title":"NEGATOSCOPE LED 1 PLAGE PLAT - YAZMED","robots":{"index":"index","follow":"follow","max-snippet":"max-snippet:-1","max-image-preview":"max-image-preview:large","max-video-preview":"max-video-preview:-1"},"canonical":"https:\/\/yazmed.ma\/ar\/product\/negatoscope-standard-a-tube-fluorescent-1-4-plages\/","og_locale":"ar_AR","og_type":"article","og_title":"NEGATOSCOPE LED 1 PLAGE PLAT - YAZMED","og_description":"n\u00e9gatoscope LED 1 plage pour une lecture d'imagerie m\u00e9dicale.pr\u00e9cise des radiographies\u00a0dans les cabinets m\u00e9dicaux et les h\u00f4pitaux. Son\u00a0design ultra-mince\u00a0alli\u00e9 \u00e0 une\u00a0technologie\u00a0 avanc\u00e9e en fait un outil indispensable pour les professionnels de sant\u00e9 au Maroc. pour \u00a0des clich\u00e9s de qualit\u00e9","og_url":"https:\/\/yazmed.ma\/ar\/product\/negatoscope-standard-a-tube-fluorescent-1-4-plages\/","og_site_name":"YAZMED","article_publisher":"https:\/\/www.facebook.com\/azenkouky","article_modified_time":"2025-12-23T16:28:39+00:00","og_image":[{"width":570,"height":517,"url":"https:\/\/yazmed.ma\/wp-content\/uploads\/2024\/12\/Sans-titre-570-x-517-px-570-x-517-px-7.png","type":"image\/png"}],"twitter_card":"summary_large_image","twitter_misc":{"Est. reading time":"1 minute"},"schema":{"@context":"https:\/\/schema.org","@graph":[{"@type":"WebPage","@id":"https:\/\/yazmed.ma\/product\/negatoscope-standard-a-tube-fluorescent-1-4-plages\/","url":"https:\/\/yazmed.ma\/product\/negatoscope-standard-a-tube-fluorescent-1-4-plages\/","name":"NEGATOSCOPE LED 1 PLAGE PLAT - YAZMED","isPartOf":{"@id":"https:\/\/yazmed.ma\/#website"},"primaryImageOfPage":{"@id":"https:\/\/yazmed.ma\/product\/negatoscope-standard-a-tube-fluorescent-1-4-plages\/#primaryimage"},"image":{"@id":"https:\/\/yazmed.ma\/product\/negatoscope-standard-a-tube-fluorescent-1-4-plages\/#primaryimage"},"thumbnailUrl":"https:\/\/yazmed.ma\/wp-content\/uploads\/2024\/12\/NEGATOSCOPE-LED-1-PLAGE-PLAT.webp","datePublished":"2024-12-24T10:23:20+00:00","dateModified":"2025-12-23T16:28:39+00:00","breadcrumb":{"@id":"https:\/\/yazmed.ma\/product\/negatoscope-standard-a-tube-fluorescent-1-4-plages\/#breadcrumb"},"inLanguage":"ary","potentialAction":[{"@type":"ReadAction","target":["https:\/\/yazmed.ma\/product\/negatoscope-standard-a-tube-fluorescent-1-4-plages\/"]}]},{"@type":"ImageObject","inLanguage":"ary","@id":"https:\/\/yazmed.ma\/product\/negatoscope-standard-a-tube-fluorescent-1-4-plages\/#primaryimage","url":"https:\/\/yazmed.ma\/wp-content\/uploads\/2024\/12\/NEGATOSCOPE-LED-1-PLAGE-PLAT.webp","contentUrl":"https:\/\/yazmed.ma\/wp-content\/uploads\/2024\/12\/NEGATOSCOPE-LED-1-PLAGE-PLAT.webp","width":570,"height":517,"caption":"NEGATOSCOPE-LED-1-PLAGE-PLAT"},{"@type":"BreadcrumbList","@id":"https:\/\/yazmed.ma\/product\/negatoscope-standard-a-tube-fluorescent-1-4-plages\/#breadcrumb","itemListElement":[{"@type":"ListItem","position":1,"name":"Accueil","item":"https:\/\/yazmed.ma\/"},{"@type":"ListItem","position":2,"name":"Shop","item":"https:\/\/yazmed.ma\/shop-2\/"},{"@type":"ListItem","position":3,"name":"N\u00e9gatoscope standard \u00e0 tube fluorescent"}]},{"@type":"WebSite","@id":"https:\/\/yazmed.ma\/#website","url":"https:\/\/yazmed.ma\/","name":"Yazmed","description":"LEADER DU MAT\u00c9RIEL M\u00c9DICAL AU MAROC","publisher":{"@id":"https:\/\/yazmed.ma\/#organization"},"potentialAction":[{"@type":"SearchAction","target":{"@type":"EntryPoint","urlTemplate":"https:\/\/yazmed.ma\/?s={search_term_string}"},"query-input":{"@type":"PropertyValueSpecification","valueRequired":true,"valueName":"search_term_string"}}],"inLanguage":"ary"},{"@type":"Organization","@id":"https:\/\/yazmed.ma\/#organization","name":"Yazmed Healthcare","url":"https:\/\/yazmed.ma\/","logo":{"@type":"ImageObject","inLanguage":"ary","@id":"https:\/\/yazmed.ma\/#\/schema\/logo\/image\/","url":"https:\/\/yazmed.ma\/wp-content\/uploads\/2024\/12\/3.png","contentUrl":"https:\/\/yazmed.ma\/wp-content\/uploads\/2024\/12\/3.png","width":250,"height":70,"caption":"Yazmed Healthcare"},"image":{"@id":"https:\/\/yazmed.ma\/#\/schema\/logo\/image\/"},"sameAs":["https:\/\/www.facebook.com\/azenkouky","https:\/\/www.instagram.com\/yazmedhealthcare","https:\/\/www.linkedin.com\/in\/yazmed-healthcare-1b4955295"]}]}},"_links":{"self":[{"href":"https:\/\/yazmed.ma\/ar\/wp-json\/wp\/v2\/product\/1383","targetHints":{"allow":["GET"]}}],"collection":[{"href":"https:\/\/yazmed.ma\/ar\/wp-json\/wp\/v2\/product"}],"about":[{"href":"https:\/\/yazmed.ma\/ar\/wp-json\/wp\/v2\/types\/product"}],"replies":[{"embeddable":true,"href":"https:\/\/yazmed.ma\/ar\/wp-json\/wp\/v2\/comments?post=1383"}],"version-history":[{"count":1,"href":"https:\/\/yazmed.ma\/ar\/wp-json\/wp\/v2\/product\/1383\/revisions"}],"predecessor-version":[{"id":3029,"href":"https:\/\/yazmed.ma\/ar\/wp-json\/wp\/v2\/product\/1383\/revisions\/3029"}],"wp:featuredmedia":[{"embeddable":true,"href":"https:\/\/yazmed.ma\/ar\/wp-json\/wp\/v2\/media\/3030"}],"wp:attachment":[{"href":"https:\/\/yazmed.ma\/ar\/wp-json\/wp\/v2\/media?parent=1383"}],"wp:term":[{"taxonomy":"product_brand","embeddable":true,"href":"https:\/\/yazmed.ma\/ar\/wp-json\/wp\/v2\/product_brand?post=1383"},{"taxonomy":"product_cat","embeddable":true,"href":"https:\/\/yazmed.ma\/ar\/wp-json\/wp\/v2\/product_cat?post=1383"},{"taxonomy":"product_tag","embeddable":true,"href":"https:\/\/yazmed.ma\/ar\/wp-json\/wp\/v2\/product_tag?post=1383"}],"curies":[{"name":"wp","href":"https:\/\/api.w.org\/{rel}","templated":true}]}}