{"id":1378,"date":"2024-12-24T10:12:42","date_gmt":"2024-12-24T10:12:42","guid":{"rendered":"https:\/\/yazmed.ma\/?post_type=product&#038;p=1378"},"modified":"2025-07-02T19:36:06","modified_gmt":"2025-07-02T19:36:06","slug":"thermometre-infrarouge-sans-contact-beurer-maroc","status":"publish","type":"product","link":"https:\/\/yazmed.ma\/ar\/product\/thermometre-infrarouge-sans-contact-beurer-maroc\/","title":{"rendered":"Thermom\u00e8tre infrarouge sans contact &#8211; Beurer Maroc"},"content":{"rendered":"<p data-start=\"327\" data-end=\"659\">Le <strong data-start=\"330\" data-end=\"376\">thermom\u00e8tre infrarouge sans contact Beurer<\/strong> est un appareil moderne con\u00e7u pour mesurer la temp\u00e9rature corporelle rapidement, avec pr\u00e9cision et sans contact direct. Id\u00e9al pour une utilisation \u00e0 domicile, en clinique ou en milieu professionnel, il r\u00e9duit les risques de contamination crois\u00e9e gr\u00e2ce \u00e0 sa technologie sans contact.<\/p>\n<p data-start=\"661\" data-end=\"912\">Facile d\u2019utilisation, ce thermom\u00e8tre Beurer affiche les r\u00e9sultats en quelques secondes sur un \u00e9cran digital clair, avec une pr\u00e9cision fiable. Il convient particuli\u00e8rement aux enfants, adultes et patients n\u00e9cessitant une prise de temp\u00e9rature fr\u00e9quente.<\/p>\n<p data-start=\"914\" data-end=\"1063\">Disponible chez <strong data-start=\"930\" data-end=\"940\">Yazmed<\/strong>, fournisseur d\u2019\u00e9quipements m\u00e9dicaux au Maroc, ce thermom\u00e8tre est un outil indispensable pour le suivi sanitaire quotidien.<\/p>","protected":false},"excerpt":{"rendered":"<p><strong>Garantie :<\/strong>\u00a03 ans<\/p>\n<p>Mesurer la fi\u00e8vre en toute simplicit\u00e9\u00a0! Avec le thermom\u00e8tre sans contact FT 85, vous mesurez facilement la temp\u00e9rature corporelle, ambiante et superficielle.<\/p>\n<p><strong>Fonction m\u00e9moire<\/strong><\/p>\n<p>60\u00a0emplacements de m\u00e9moire<\/p>\n<p><strong>Zone de mesure<\/strong><\/p>\n<p>La temp\u00e9rature est mesur\u00e9e au niveau du front<\/p>\n<p><strong>Mesure sans contact<\/strong><\/p>\n<p>Hygi\u00e9nique et s\u00fbre sans contact avec la peau<\/p>\n<p><strong>Temp\u00e9rature superficielle<\/strong><\/p>\n<p>Temp\u00e9rature superficielle d&rsquo;objets et de liquides<\/p>\n<p><strong>Indication par smileys<\/strong><\/p>\n<p>Smiley content &#8211; Tout va bien, smiley triste = &gt;\u00a038\u00a0\u00b0C<\/p>\n<p><strong>Temp\u00e9rature ambiante<\/strong><\/p>\n<p>L&rsquo;appareil affiche la temp\u00e9rature ambiante<\/p>\n<p><strong>Affichage de la temp\u00e9rature<\/strong><\/p>\n<p>Affichage de la temp\u00e9rature \u00e0\u00a0l&rsquo;\u00e9cran (\u00b0C\/\u00b0F)<\/p>\n<ul>\n<li>Enregistrement de la temp\u00e9rature corporelle, ambiante et superficielle<\/li>\n<li>Mesure hygi\u00e9nique et s\u00fbre sans contact avec la peau<\/li>\n<li>Mesure quasi instantan\u00e9e<\/li>\n<li>Technique de mesure infrarouge<\/li>\n<li>Alerte de fi\u00e8vre\u00a0: \u00e0\u00a0partir de 38 \u00b0C<\/li>\n<li>Affichage de \u00b0C et \u00b0F<\/li>\n<li>Contr\u00f4le du son (On\/Off)<\/li>\n<li>Distance de mesure 2 \u00e0\u00a03 cm<\/li>\n<li>Exactitude de la mesure\u00a0:<\/li>\n<li>Front\u00a0: \u00b10,2\u00a0\u00b0C\u00a0: 34\u00a0\u00b0C-42,2\u00a0\u00b0C (\u00b10,4\u00a0\u00b0F\u00a0: 93,2\u00a0\u00b0F-108\u00a0\u00b0F)<\/li>\n<li>Objet\u00a0: \u00b14\u00a0% ou \u00b12\u00a0\u00b0C (\u00b14\u00a0\u00b0F) \u00e0\u00a00 &#8211; 80\u00a0\u00b0C<\/li>\n<li>(-32\u00a0\u00b0F &#8211; 176\u00a0\u00b0F)<\/li>\n<li>60 m\u00e9moires (temp\u00e9rature corporelle)<\/li>\n<li>Arr\u00eat automatique<\/li>\n<li>Signal sonore \u00e0\u00a0la fin de la mesure s\u00e9lectionnable<\/li>\n<li>Dispositif m\u00e9dical<\/li>\n<\/ul>","protected":false},"featured_media":1906,"comment_status":"open","ping_status":"closed","template":"","meta":[],"product_brand":[],"product_cat":[50],"product_tag":[],"class_list":{"0":"post-1378","1":"product","2":"type-product","3":"status-publish","4":"has-post-thumbnail","6":"product_cat-appareillages-diagnostic","8":"first","9":"instock","10":"taxable","11":"shipping-taxable","12":"purchasable","13":"product-type-simple"},"yoast_head":"<!-- This site is optimized with the Yoast SEO plugin v26.9 - https:\/\/yoast.com\/product\/yoast-seo-wordpress\/ -->\n<title>Thermom\u00e8tre infrarouge sans contact - Beurer Maroc - YAZMED<\/title>\n<meta name=\"robots\" content=\"index, follow, max-snippet:-1, max-image-preview:large, max-video-preview:-1\" \/>\n<link rel=\"canonical\" href=\"https:\/\/yazmed.ma\/ar\/product\/thermometre-infrarouge-sans-contact-beurer\/\" \/>\n<meta property=\"og:locale\" content=\"ar_AR\" \/>\n<meta property=\"og:type\" content=\"article\" \/>\n<meta property=\"og:title\" content=\"Thermom\u00e8tre infrarouge sans contact - Beurer Maroc - YAZMED\" \/>\n<meta property=\"og:description\" content=\"Garantie :\u00a03 ans  Mesurer la fi\u00e8vre en toute simplicit\u00e9\u00a0! Avec le thermom\u00e8tre sans contact FT 85, vous mesurez facilement la temp\u00e9rature corporelle, ambiante et superficielle.  Fonction m\u00e9moire  60\u00a0emplacements de m\u00e9moire  Zone de mesure  La temp\u00e9rature est mesur\u00e9e au niveau du front  Mesure sans contact  Hygi\u00e9nique et s\u00fbre sans contact avec la peau  Temp\u00e9rature superficielle  Temp\u00e9rature superficielle d&#039;objets et de liquides  Indication par smileys  Smiley content - Tout va bien, smiley triste = &gt;\u00a038\u00a0\u00b0C  Temp\u00e9rature ambiante  L&#039;appareil affiche la temp\u00e9rature ambiante  Affichage de la temp\u00e9rature  Affichage de la temp\u00e9rature \u00e0\u00a0l&#039;\u00e9cran (\u00b0C\/\u00b0F)   Enregistrement de la temp\u00e9rature corporelle, ambiante et superficielle  Mesure hygi\u00e9nique et s\u00fbre sans contact avec la peau  Mesure quasi instantan\u00e9e  Technique de mesure infrarouge  Alerte de fi\u00e8vre\u00a0: \u00e0\u00a0partir de 38 \u00b0C  Affichage de \u00b0C et \u00b0F  Contr\u00f4le du son (On\/Off)  Distance de mesure 2 \u00e0\u00a03 cm  Exactitude de la mesure\u00a0:  Front\u00a0: \u00b10,2\u00a0\u00b0C\u00a0: 34\u00a0\u00b0C-42,2\u00a0\u00b0C (\u00b10,4\u00a0\u00b0F\u00a0: 93,2\u00a0\u00b0F-108\u00a0\u00b0F)  Objet\u00a0: \u00b14\u00a0% ou \u00b12\u00a0\u00b0C (\u00b14\u00a0\u00b0F) \u00e0\u00a00 - 80\u00a0\u00b0C  (-32\u00a0\u00b0F - 176\u00a0\u00b0F)  60 m\u00e9moires (temp\u00e9rature corporelle)  Arr\u00eat automatique  Signal sonore \u00e0\u00a0la fin de la mesure s\u00e9lectionnable  Dispositif m\u00e9dical\" \/>\n<meta property=\"og:url\" content=\"https:\/\/yazmed.ma\/ar\/product\/thermometre-infrarouge-sans-contact-beurer\/\" \/>\n<meta property=\"og:site_name\" content=\"YAZMED\" \/>\n<meta property=\"article:publisher\" content=\"https:\/\/www.facebook.com\/azenkouky\" \/>\n<meta property=\"article:modified_time\" content=\"2025-07-02T19:36:06+00:00\" \/>\n<meta property=\"og:image\" content=\"https:\/\/yazmed.ma\/wp-content\/uploads\/2024\/12\/Design-sans-titre-81.png\" \/>\n\t<meta property=\"og:image:width\" content=\"570\" \/>\n\t<meta property=\"og:image:height\" content=\"517\" \/>\n\t<meta property=\"og:image:type\" content=\"image\/png\" \/>\n<meta name=\"twitter:card\" content=\"summary_large_image\" \/>\n<meta name=\"twitter:label1\" content=\"Est. reading time\" \/>\n\t<meta name=\"twitter:data1\" content=\"1 minute\" \/>\n<script type=\"application\/ld+json\" class=\"yoast-schema-graph\">{\"@context\":\"https:\/\/schema.org\",\"@graph\":[{\"@type\":\"WebPage\",\"@id\":\"https:\/\/yazmed.ma\/product\/thermometre-infrarouge-sans-contact-beurer\/\",\"url\":\"https:\/\/yazmed.ma\/product\/thermometre-infrarouge-sans-contact-beurer\/\",\"name\":\"Thermom\u00e8tre infrarouge sans contact - Beurer Maroc - YAZMED\",\"isPartOf\":{\"@id\":\"https:\/\/yazmed.ma\/#website\"},\"primaryImageOfPage\":{\"@id\":\"https:\/\/yazmed.ma\/product\/thermometre-infrarouge-sans-contact-beurer\/#primaryimage\"},\"image\":{\"@id\":\"https:\/\/yazmed.ma\/product\/thermometre-infrarouge-sans-contact-beurer\/#primaryimage\"},\"thumbnailUrl\":\"https:\/\/yazmed.ma\/wp-content\/uploads\/2024\/12\/Design-sans-titre-81.png\",\"datePublished\":\"2024-12-24T10:12:42+00:00\",\"dateModified\":\"2025-07-02T19:36:06+00:00\",\"breadcrumb\":{\"@id\":\"https:\/\/yazmed.ma\/product\/thermometre-infrarouge-sans-contact-beurer\/#breadcrumb\"},\"inLanguage\":\"ary\",\"potentialAction\":[{\"@type\":\"ReadAction\",\"target\":[\"https:\/\/yazmed.ma\/product\/thermometre-infrarouge-sans-contact-beurer\/\"]}]},{\"@type\":\"ImageObject\",\"inLanguage\":\"ary\",\"@id\":\"https:\/\/yazmed.ma\/product\/thermometre-infrarouge-sans-contact-beurer\/#primaryimage\",\"url\":\"https:\/\/yazmed.ma\/wp-content\/uploads\/2024\/12\/Design-sans-titre-81.png\",\"contentUrl\":\"https:\/\/yazmed.ma\/wp-content\/uploads\/2024\/12\/Design-sans-titre-81.png\",\"width\":570,\"height\":517,\"caption\":\"Thermom\u00e8tre infrarouge sans contact \u2013 Beurer Yazmed Maroc\"},{\"@type\":\"BreadcrumbList\",\"@id\":\"https:\/\/yazmed.ma\/product\/thermometre-infrarouge-sans-contact-beurer\/#breadcrumb\",\"itemListElement\":[{\"@type\":\"ListItem\",\"position\":1,\"name\":\"Accueil\",\"item\":\"https:\/\/yazmed.ma\/\"},{\"@type\":\"ListItem\",\"position\":2,\"name\":\"Shop\",\"item\":\"https:\/\/yazmed.ma\/shop-2\/\"},{\"@type\":\"ListItem\",\"position\":3,\"name\":\"Thermom\u00e8tre infrarouge sans contact &#8211; Beurer\"}]},{\"@type\":\"WebSite\",\"@id\":\"https:\/\/yazmed.ma\/#website\",\"url\":\"https:\/\/yazmed.ma\/\",\"name\":\"Yazmed\",\"description\":\"LEADER DU MAT\u00c9RIEL M\u00c9DICAL AU MAROC\",\"publisher\":{\"@id\":\"https:\/\/yazmed.ma\/#organization\"},\"potentialAction\":[{\"@type\":\"SearchAction\",\"target\":{\"@type\":\"EntryPoint\",\"urlTemplate\":\"https:\/\/yazmed.ma\/?s={search_term_string}\"},\"query-input\":{\"@type\":\"PropertyValueSpecification\",\"valueRequired\":true,\"valueName\":\"search_term_string\"}}],\"inLanguage\":\"ary\"},{\"@type\":\"Organization\",\"@id\":\"https:\/\/yazmed.ma\/#organization\",\"name\":\"Yazmed Healthcare\",\"url\":\"https:\/\/yazmed.ma\/\",\"logo\":{\"@type\":\"ImageObject\",\"inLanguage\":\"ary\",\"@id\":\"https:\/\/yazmed.ma\/#\/schema\/logo\/image\/\",\"url\":\"https:\/\/yazmed.ma\/wp-content\/uploads\/2024\/12\/3.png\",\"contentUrl\":\"https:\/\/yazmed.ma\/wp-content\/uploads\/2024\/12\/3.png\",\"width\":250,\"height\":70,\"caption\":\"Yazmed Healthcare\"},\"image\":{\"@id\":\"https:\/\/yazmed.ma\/#\/schema\/logo\/image\/\"},\"sameAs\":[\"https:\/\/www.facebook.com\/azenkouky\",\"https:\/\/www.instagram.com\/yazmedhealthcare\",\"https:\/\/www.linkedin.com\/in\/yazmed-healthcare-1b4955295\"]}]}<\/script>\n<!-- \/ Yoast SEO plugin. -->","yoast_head_json":{"title":"Thermom\u00e8tre infrarouge sans contact - Beurer Maroc - YAZMED","robots":{"index":"index","follow":"follow","max-snippet":"max-snippet:-1","max-image-preview":"max-image-preview:large","max-video-preview":"max-video-preview:-1"},"canonical":"https:\/\/yazmed.ma\/ar\/product\/thermometre-infrarouge-sans-contact-beurer\/","og_locale":"ar_AR","og_type":"article","og_title":"Thermom\u00e8tre infrarouge sans contact - Beurer Maroc - YAZMED","og_description":"Garantie :\u00a03 ans  Mesurer la fi\u00e8vre en toute simplicit\u00e9\u00a0! Avec le thermom\u00e8tre sans contact FT 85, vous mesurez facilement la temp\u00e9rature corporelle, ambiante et superficielle.  Fonction m\u00e9moire  60\u00a0emplacements de m\u00e9moire  Zone de mesure  La temp\u00e9rature est mesur\u00e9e au niveau du front  Mesure sans contact  Hygi\u00e9nique et s\u00fbre sans contact avec la peau  Temp\u00e9rature superficielle  Temp\u00e9rature superficielle d'objets et de liquides  Indication par smileys  Smiley content - Tout va bien, smiley triste = &gt;\u00a038\u00a0\u00b0C  Temp\u00e9rature ambiante  L'appareil affiche la temp\u00e9rature ambiante  Affichage de la temp\u00e9rature  Affichage de la temp\u00e9rature \u00e0\u00a0l'\u00e9cran (\u00b0C\/\u00b0F)   Enregistrement de la temp\u00e9rature corporelle, ambiante et superficielle  Mesure hygi\u00e9nique et s\u00fbre sans contact avec la peau  Mesure quasi instantan\u00e9e  Technique de mesure infrarouge  Alerte de fi\u00e8vre\u00a0: \u00e0\u00a0partir de 38 \u00b0C  Affichage de \u00b0C et \u00b0F  Contr\u00f4le du son (On\/Off)  Distance de mesure 2 \u00e0\u00a03 cm  Exactitude de la mesure\u00a0:  Front\u00a0: \u00b10,2\u00a0\u00b0C\u00a0: 34\u00a0\u00b0C-42,2\u00a0\u00b0C (\u00b10,4\u00a0\u00b0F\u00a0: 93,2\u00a0\u00b0F-108\u00a0\u00b0F)  Objet\u00a0: \u00b14\u00a0% ou \u00b12\u00a0\u00b0C (\u00b14\u00a0\u00b0F) \u00e0\u00a00 - 80\u00a0\u00b0C  (-32\u00a0\u00b0F - 176\u00a0\u00b0F)  60 m\u00e9moires (temp\u00e9rature corporelle)  Arr\u00eat automatique  Signal sonore \u00e0\u00a0la fin de la mesure s\u00e9lectionnable  Dispositif m\u00e9dical","og_url":"https:\/\/yazmed.ma\/ar\/product\/thermometre-infrarouge-sans-contact-beurer\/","og_site_name":"YAZMED","article_publisher":"https:\/\/www.facebook.com\/azenkouky","article_modified_time":"2025-07-02T19:36:06+00:00","og_image":[{"width":570,"height":517,"url":"https:\/\/yazmed.ma\/wp-content\/uploads\/2024\/12\/Design-sans-titre-81.png","type":"image\/png"}],"twitter_card":"summary_large_image","twitter_misc":{"Est. reading time":"1 minute"},"schema":{"@context":"https:\/\/schema.org","@graph":[{"@type":"WebPage","@id":"https:\/\/yazmed.ma\/product\/thermometre-infrarouge-sans-contact-beurer\/","url":"https:\/\/yazmed.ma\/product\/thermometre-infrarouge-sans-contact-beurer\/","name":"Thermom\u00e8tre infrarouge sans contact - Beurer Maroc - YAZMED","isPartOf":{"@id":"https:\/\/yazmed.ma\/#website"},"primaryImageOfPage":{"@id":"https:\/\/yazmed.ma\/product\/thermometre-infrarouge-sans-contact-beurer\/#primaryimage"},"image":{"@id":"https:\/\/yazmed.ma\/product\/thermometre-infrarouge-sans-contact-beurer\/#primaryimage"},"thumbnailUrl":"https:\/\/yazmed.ma\/wp-content\/uploads\/2024\/12\/Design-sans-titre-81.png","datePublished":"2024-12-24T10:12:42+00:00","dateModified":"2025-07-02T19:36:06+00:00","breadcrumb":{"@id":"https:\/\/yazmed.ma\/product\/thermometre-infrarouge-sans-contact-beurer\/#breadcrumb"},"inLanguage":"ary","potentialAction":[{"@type":"ReadAction","target":["https:\/\/yazmed.ma\/product\/thermometre-infrarouge-sans-contact-beurer\/"]}]},{"@type":"ImageObject","inLanguage":"ary","@id":"https:\/\/yazmed.ma\/product\/thermometre-infrarouge-sans-contact-beurer\/#primaryimage","url":"https:\/\/yazmed.ma\/wp-content\/uploads\/2024\/12\/Design-sans-titre-81.png","contentUrl":"https:\/\/yazmed.ma\/wp-content\/uploads\/2024\/12\/Design-sans-titre-81.png","width":570,"height":517,"caption":"Thermom\u00e8tre infrarouge sans contact \u2013 Beurer Yazmed Maroc"},{"@type":"BreadcrumbList","@id":"https:\/\/yazmed.ma\/product\/thermometre-infrarouge-sans-contact-beurer\/#breadcrumb","itemListElement":[{"@type":"ListItem","position":1,"name":"Accueil","item":"https:\/\/yazmed.ma\/"},{"@type":"ListItem","position":2,"name":"Shop","item":"https:\/\/yazmed.ma\/shop-2\/"},{"@type":"ListItem","position":3,"name":"Thermom\u00e8tre infrarouge sans contact &#8211; Beurer"}]},{"@type":"WebSite","@id":"https:\/\/yazmed.ma\/#website","url":"https:\/\/yazmed.ma\/","name":"Yazmed","description":"LEADER DU MAT\u00c9RIEL M\u00c9DICAL AU MAROC","publisher":{"@id":"https:\/\/yazmed.ma\/#organization"},"potentialAction":[{"@type":"SearchAction","target":{"@type":"EntryPoint","urlTemplate":"https:\/\/yazmed.ma\/?s={search_term_string}"},"query-input":{"@type":"PropertyValueSpecification","valueRequired":true,"valueName":"search_term_string"}}],"inLanguage":"ary"},{"@type":"Organization","@id":"https:\/\/yazmed.ma\/#organization","name":"Yazmed Healthcare","url":"https:\/\/yazmed.ma\/","logo":{"@type":"ImageObject","inLanguage":"ary","@id":"https:\/\/yazmed.ma\/#\/schema\/logo\/image\/","url":"https:\/\/yazmed.ma\/wp-content\/uploads\/2024\/12\/3.png","contentUrl":"https:\/\/yazmed.ma\/wp-content\/uploads\/2024\/12\/3.png","width":250,"height":70,"caption":"Yazmed Healthcare"},"image":{"@id":"https:\/\/yazmed.ma\/#\/schema\/logo\/image\/"},"sameAs":["https:\/\/www.facebook.com\/azenkouky","https:\/\/www.instagram.com\/yazmedhealthcare","https:\/\/www.linkedin.com\/in\/yazmed-healthcare-1b4955295"]}]}},"_links":{"self":[{"href":"https:\/\/yazmed.ma\/ar\/wp-json\/wp\/v2\/product\/1378","targetHints":{"allow":["GET"]}}],"collection":[{"href":"https:\/\/yazmed.ma\/ar\/wp-json\/wp\/v2\/product"}],"about":[{"href":"https:\/\/yazmed.ma\/ar\/wp-json\/wp\/v2\/types\/product"}],"replies":[{"embeddable":true,"href":"https:\/\/yazmed.ma\/ar\/wp-json\/wp\/v2\/comments?post=1378"}],"version-history":[{"count":1,"href":"https:\/\/yazmed.ma\/ar\/wp-json\/wp\/v2\/product\/1378\/revisions"}],"predecessor-version":[{"id":2593,"href":"https:\/\/yazmed.ma\/ar\/wp-json\/wp\/v2\/product\/1378\/revisions\/2593"}],"wp:featuredmedia":[{"embeddable":true,"href":"https:\/\/yazmed.ma\/ar\/wp-json\/wp\/v2\/media\/1906"}],"wp:attachment":[{"href":"https:\/\/yazmed.ma\/ar\/wp-json\/wp\/v2\/media?parent=1378"}],"wp:term":[{"taxonomy":"product_brand","embeddable":true,"href":"https:\/\/yazmed.ma\/ar\/wp-json\/wp\/v2\/product_brand?post=1378"},{"taxonomy":"product_cat","embeddable":true,"href":"https:\/\/yazmed.ma\/ar\/wp-json\/wp\/v2\/product_cat?post=1378"},{"taxonomy":"product_tag","embeddable":true,"href":"https:\/\/yazmed.ma\/ar\/wp-json\/wp\/v2\/product_tag?post=1378"}],"curies":[{"name":"wp","href":"https:\/\/api.w.org\/{rel}","templated":true}]}}