{"id":1375,"date":"2024-12-24T10:08:48","date_gmt":"2024-12-24T10:08:48","guid":{"rendered":"https:\/\/yazmed.ma\/?post_type=product&#038;p=1375"},"modified":"2025-08-05T12:41:08","modified_gmt":"2025-08-05T12:41:08","slug":"thermometre-multifonctions-beurer-ft-65","status":"publish","type":"product","link":"https:\/\/yazmed.ma\/ar\/product\/thermometre-multifonctions-beurer-ft-65\/","title":{"rendered":"Thermom\u00e8tre Multifonctions Beurer FT 65"},"content":{"rendered":"<p>Un appareil polyvalent\u00a0! En plus de mesurer la temp\u00e9rature dans l&rsquo;oreille et sur le front, ce thermom\u00e8tre peut \u00e9galement d\u00e9terminer la temp\u00e9rature superficielle d&rsquo;un objet. Son alarme de fi\u00e8vre ainsi que l&rsquo;affichage de la date et de l&rsquo;heure rendent la mesure simple et confortable.<\/p>\n<p><strong>Alerte de fi\u00e8vre optique<\/strong><\/p>\n<p>Signalement des temp\u00e9ratures normales et \u00e9lev\u00e9es gr\u00e2ce \u00e0 des voyants LED &#8211; vert = tout va bien &#8211; rouge = alarme de fi\u00e8vre, temp\u00e9rature (\u00e0 partir de 38 \u00b0C<\/p>\n<p><img decoding=\"async\" class=\"\" src=\"https:\/\/eclazon.ma\/wp-content\/uploads\/2024\/07\/telechargement-200x100.jpg\" width=\"94\" height=\"47\" \/><\/p>\n<p>&nbsp;<\/p>","protected":false},"excerpt":{"rendered":"<h4>Le\u00a0<strong>Thermom\u00e8tre Multifonctions Beurer FT 65<\/strong><\/h4>\n<p>est un appareil de mesure rapide et pr\u00e9cis, con\u00e7u pour prendre la temp\u00e9rature de mani\u00e8re pratique et fiable. Ce\u00a0<a href=\"https:\/\/fr.wikipedia.org\/wiki\/Thermom%C3%A8tre\">thermom\u00e8tre<\/a>\u00a0infrarouge propose plusieurs modes de mesure pour r\u00e9pondre \u00e0 tous vos besoins de sant\u00e9, que ce soit pour les adultes ou les enfants.<\/p>\n<p><img decoding=\"async\" class=\"\" src=\"https:\/\/eclazon.ma\/wp-content\/uploads\/2024\/07\/telechargement-200x100.jpg\" width=\"114\" height=\"57\" \/><\/p>","protected":false},"featured_media":1905,"comment_status":"open","ping_status":"closed","template":"","meta":[],"product_brand":[196],"product_cat":[50],"product_tag":[199],"class_list":{"0":"post-1375","1":"product","2":"type-product","3":"status-publish","4":"has-post-thumbnail","6":"product_brand-beurer","7":"product_cat-appareillages-diagnostic","8":"product_tag-thermometre","10":"first","11":"instock","12":"taxable","13":"shipping-taxable","14":"purchasable","15":"product-type-simple"},"yoast_head":"<!-- This site is optimized with the Yoast SEO plugin v26.9 - https:\/\/yoast.com\/product\/yoast-seo-wordpress\/ -->\n<title>Thermom\u00e8tre Multifonctions Beurer FT 65 - YAZMED<\/title>\n<meta name=\"robots\" content=\"index, follow, max-snippet:-1, max-image-preview:large, max-video-preview:-1\" \/>\n<link rel=\"canonical\" href=\"https:\/\/yazmed.ma\/ar\/product\/thermometre-multifonctions-beurer\/\" \/>\n<meta property=\"og:locale\" content=\"ar_AR\" \/>\n<meta property=\"og:type\" content=\"article\" \/>\n<meta property=\"og:title\" content=\"Thermom\u00e8tre Multifonctions Beurer FT 65 - YAZMED\" \/>\n<meta property=\"og:description\" content=\"Le\u00a0Thermom\u00e8tre Multifonctions Beurer FT 65 est un appareil de mesure rapide et pr\u00e9cis, con\u00e7u pour prendre la temp\u00e9rature de mani\u00e8re pratique et fiable. Ce\u00a0thermom\u00e8tre\u00a0infrarouge propose plusieurs modes de mesure pour r\u00e9pondre \u00e0 tous vos besoins de sant\u00e9, que ce soit pour les adultes ou les enfants.\" \/>\n<meta property=\"og:url\" content=\"https:\/\/yazmed.ma\/ar\/product\/thermometre-multifonctions-beurer\/\" \/>\n<meta property=\"og:site_name\" content=\"YAZMED\" \/>\n<meta property=\"article:publisher\" content=\"https:\/\/www.facebook.com\/azenkouky\" \/>\n<meta property=\"article:modified_time\" content=\"2025-08-05T12:41:08+00:00\" \/>\n<meta property=\"og:image\" content=\"https:\/\/yazmed.ma\/wp-content\/uploads\/2024\/12\/Design-sans-titre-80-1.png\" \/>\n\t<meta property=\"og:image:width\" content=\"570\" \/>\n\t<meta property=\"og:image:height\" content=\"517\" \/>\n\t<meta property=\"og:image:type\" content=\"image\/png\" \/>\n<meta name=\"twitter:card\" content=\"summary_large_image\" \/>\n<meta name=\"twitter:label1\" content=\"Est. reading time\" \/>\n\t<meta name=\"twitter:data1\" content=\"1 minute\" \/>\n<script type=\"application\/ld+json\" class=\"yoast-schema-graph\">{\"@context\":\"https:\/\/schema.org\",\"@graph\":[{\"@type\":\"WebPage\",\"@id\":\"https:\/\/yazmed.ma\/product\/thermometre-multifonctions-beurer\/\",\"url\":\"https:\/\/yazmed.ma\/product\/thermometre-multifonctions-beurer\/\",\"name\":\"Thermom\u00e8tre Multifonctions Beurer FT 65 - YAZMED\",\"isPartOf\":{\"@id\":\"https:\/\/yazmed.ma\/#website\"},\"primaryImageOfPage\":{\"@id\":\"https:\/\/yazmed.ma\/product\/thermometre-multifonctions-beurer\/#primaryimage\"},\"image\":{\"@id\":\"https:\/\/yazmed.ma\/product\/thermometre-multifonctions-beurer\/#primaryimage\"},\"thumbnailUrl\":\"https:\/\/yazmed.ma\/wp-content\/uploads\/2024\/12\/Design-sans-titre-80-1.png\",\"datePublished\":\"2024-12-24T10:08:48+00:00\",\"dateModified\":\"2025-08-05T12:41:08+00:00\",\"breadcrumb\":{\"@id\":\"https:\/\/yazmed.ma\/product\/thermometre-multifonctions-beurer\/#breadcrumb\"},\"inLanguage\":\"ary\",\"potentialAction\":[{\"@type\":\"ReadAction\",\"target\":[\"https:\/\/yazmed.ma\/product\/thermometre-multifonctions-beurer\/\"]}]},{\"@type\":\"ImageObject\",\"inLanguage\":\"ary\",\"@id\":\"https:\/\/yazmed.ma\/product\/thermometre-multifonctions-beurer\/#primaryimage\",\"url\":\"https:\/\/yazmed.ma\/wp-content\/uploads\/2024\/12\/Design-sans-titre-80-1.png\",\"contentUrl\":\"https:\/\/yazmed.ma\/wp-content\/uploads\/2024\/12\/Design-sans-titre-80-1.png\",\"width\":570,\"height\":517,\"caption\":\"Thermom\u00e8tre multifonctions \u2013 Beurer Yazmed Maroc\"},{\"@type\":\"BreadcrumbList\",\"@id\":\"https:\/\/yazmed.ma\/product\/thermometre-multifonctions-beurer\/#breadcrumb\",\"itemListElement\":[{\"@type\":\"ListItem\",\"position\":1,\"name\":\"Accueil\",\"item\":\"https:\/\/yazmed.ma\/\"},{\"@type\":\"ListItem\",\"position\":2,\"name\":\"Shop\",\"item\":\"https:\/\/yazmed.ma\/shop-2\/\"},{\"@type\":\"ListItem\",\"position\":3,\"name\":\"Thermom\u00e8tre multifonctions &#8211; Beurer\"}]},{\"@type\":\"WebSite\",\"@id\":\"https:\/\/yazmed.ma\/#website\",\"url\":\"https:\/\/yazmed.ma\/\",\"name\":\"Yazmed\",\"description\":\"LEADER DU MAT\u00c9RIEL M\u00c9DICAL AU MAROC\",\"publisher\":{\"@id\":\"https:\/\/yazmed.ma\/#organization\"},\"potentialAction\":[{\"@type\":\"SearchAction\",\"target\":{\"@type\":\"EntryPoint\",\"urlTemplate\":\"https:\/\/yazmed.ma\/?s={search_term_string}\"},\"query-input\":{\"@type\":\"PropertyValueSpecification\",\"valueRequired\":true,\"valueName\":\"search_term_string\"}}],\"inLanguage\":\"ary\"},{\"@type\":\"Organization\",\"@id\":\"https:\/\/yazmed.ma\/#organization\",\"name\":\"Yazmed Healthcare\",\"url\":\"https:\/\/yazmed.ma\/\",\"logo\":{\"@type\":\"ImageObject\",\"inLanguage\":\"ary\",\"@id\":\"https:\/\/yazmed.ma\/#\/schema\/logo\/image\/\",\"url\":\"https:\/\/yazmed.ma\/wp-content\/uploads\/2024\/12\/3.png\",\"contentUrl\":\"https:\/\/yazmed.ma\/wp-content\/uploads\/2024\/12\/3.png\",\"width\":250,\"height\":70,\"caption\":\"Yazmed Healthcare\"},\"image\":{\"@id\":\"https:\/\/yazmed.ma\/#\/schema\/logo\/image\/\"},\"sameAs\":[\"https:\/\/www.facebook.com\/azenkouky\",\"https:\/\/www.instagram.com\/yazmedhealthcare\",\"https:\/\/www.linkedin.com\/in\/yazmed-healthcare-1b4955295\"]}]}<\/script>\n<!-- \/ Yoast SEO plugin. -->","yoast_head_json":{"title":"Thermom\u00e8tre Multifonctions Beurer FT 65 - YAZMED","robots":{"index":"index","follow":"follow","max-snippet":"max-snippet:-1","max-image-preview":"max-image-preview:large","max-video-preview":"max-video-preview:-1"},"canonical":"https:\/\/yazmed.ma\/ar\/product\/thermometre-multifonctions-beurer\/","og_locale":"ar_AR","og_type":"article","og_title":"Thermom\u00e8tre Multifonctions Beurer FT 65 - YAZMED","og_description":"Le\u00a0Thermom\u00e8tre Multifonctions Beurer FT 65 est un appareil de mesure rapide et pr\u00e9cis, con\u00e7u pour prendre la temp\u00e9rature de mani\u00e8re pratique et fiable. Ce\u00a0thermom\u00e8tre\u00a0infrarouge propose plusieurs modes de mesure pour r\u00e9pondre \u00e0 tous vos besoins de sant\u00e9, que ce soit pour les adultes ou les enfants.","og_url":"https:\/\/yazmed.ma\/ar\/product\/thermometre-multifonctions-beurer\/","og_site_name":"YAZMED","article_publisher":"https:\/\/www.facebook.com\/azenkouky","article_modified_time":"2025-08-05T12:41:08+00:00","og_image":[{"width":570,"height":517,"url":"https:\/\/yazmed.ma\/wp-content\/uploads\/2024\/12\/Design-sans-titre-80-1.png","type":"image\/png"}],"twitter_card":"summary_large_image","twitter_misc":{"Est. reading time":"1 minute"},"schema":{"@context":"https:\/\/schema.org","@graph":[{"@type":"WebPage","@id":"https:\/\/yazmed.ma\/product\/thermometre-multifonctions-beurer\/","url":"https:\/\/yazmed.ma\/product\/thermometre-multifonctions-beurer\/","name":"Thermom\u00e8tre Multifonctions Beurer FT 65 - YAZMED","isPartOf":{"@id":"https:\/\/yazmed.ma\/#website"},"primaryImageOfPage":{"@id":"https:\/\/yazmed.ma\/product\/thermometre-multifonctions-beurer\/#primaryimage"},"image":{"@id":"https:\/\/yazmed.ma\/product\/thermometre-multifonctions-beurer\/#primaryimage"},"thumbnailUrl":"https:\/\/yazmed.ma\/wp-content\/uploads\/2024\/12\/Design-sans-titre-80-1.png","datePublished":"2024-12-24T10:08:48+00:00","dateModified":"2025-08-05T12:41:08+00:00","breadcrumb":{"@id":"https:\/\/yazmed.ma\/product\/thermometre-multifonctions-beurer\/#breadcrumb"},"inLanguage":"ary","potentialAction":[{"@type":"ReadAction","target":["https:\/\/yazmed.ma\/product\/thermometre-multifonctions-beurer\/"]}]},{"@type":"ImageObject","inLanguage":"ary","@id":"https:\/\/yazmed.ma\/product\/thermometre-multifonctions-beurer\/#primaryimage","url":"https:\/\/yazmed.ma\/wp-content\/uploads\/2024\/12\/Design-sans-titre-80-1.png","contentUrl":"https:\/\/yazmed.ma\/wp-content\/uploads\/2024\/12\/Design-sans-titre-80-1.png","width":570,"height":517,"caption":"Thermom\u00e8tre multifonctions \u2013 Beurer Yazmed Maroc"},{"@type":"BreadcrumbList","@id":"https:\/\/yazmed.ma\/product\/thermometre-multifonctions-beurer\/#breadcrumb","itemListElement":[{"@type":"ListItem","position":1,"name":"Accueil","item":"https:\/\/yazmed.ma\/"},{"@type":"ListItem","position":2,"name":"Shop","item":"https:\/\/yazmed.ma\/shop-2\/"},{"@type":"ListItem","position":3,"name":"Thermom\u00e8tre multifonctions &#8211; Beurer"}]},{"@type":"WebSite","@id":"https:\/\/yazmed.ma\/#website","url":"https:\/\/yazmed.ma\/","name":"Yazmed","description":"LEADER DU MAT\u00c9RIEL M\u00c9DICAL AU MAROC","publisher":{"@id":"https:\/\/yazmed.ma\/#organization"},"potentialAction":[{"@type":"SearchAction","target":{"@type":"EntryPoint","urlTemplate":"https:\/\/yazmed.ma\/?s={search_term_string}"},"query-input":{"@type":"PropertyValueSpecification","valueRequired":true,"valueName":"search_term_string"}}],"inLanguage":"ary"},{"@type":"Organization","@id":"https:\/\/yazmed.ma\/#organization","name":"Yazmed Healthcare","url":"https:\/\/yazmed.ma\/","logo":{"@type":"ImageObject","inLanguage":"ary","@id":"https:\/\/yazmed.ma\/#\/schema\/logo\/image\/","url":"https:\/\/yazmed.ma\/wp-content\/uploads\/2024\/12\/3.png","contentUrl":"https:\/\/yazmed.ma\/wp-content\/uploads\/2024\/12\/3.png","width":250,"height":70,"caption":"Yazmed Healthcare"},"image":{"@id":"https:\/\/yazmed.ma\/#\/schema\/logo\/image\/"},"sameAs":["https:\/\/www.facebook.com\/azenkouky","https:\/\/www.instagram.com\/yazmedhealthcare","https:\/\/www.linkedin.com\/in\/yazmed-healthcare-1b4955295"]}]}},"_links":{"self":[{"href":"https:\/\/yazmed.ma\/ar\/wp-json\/wp\/v2\/product\/1375","targetHints":{"allow":["GET"]}}],"collection":[{"href":"https:\/\/yazmed.ma\/ar\/wp-json\/wp\/v2\/product"}],"about":[{"href":"https:\/\/yazmed.ma\/ar\/wp-json\/wp\/v2\/types\/product"}],"replies":[{"embeddable":true,"href":"https:\/\/yazmed.ma\/ar\/wp-json\/wp\/v2\/comments?post=1375"}],"version-history":[{"count":1,"href":"https:\/\/yazmed.ma\/ar\/wp-json\/wp\/v2\/product\/1375\/revisions"}],"predecessor-version":[{"id":2688,"href":"https:\/\/yazmed.ma\/ar\/wp-json\/wp\/v2\/product\/1375\/revisions\/2688"}],"wp:featuredmedia":[{"embeddable":true,"href":"https:\/\/yazmed.ma\/ar\/wp-json\/wp\/v2\/media\/1905"}],"wp:attachment":[{"href":"https:\/\/yazmed.ma\/ar\/wp-json\/wp\/v2\/media?parent=1375"}],"wp:term":[{"taxonomy":"product_brand","embeddable":true,"href":"https:\/\/yazmed.ma\/ar\/wp-json\/wp\/v2\/product_brand?post=1375"},{"taxonomy":"product_cat","embeddable":true,"href":"https:\/\/yazmed.ma\/ar\/wp-json\/wp\/v2\/product_cat?post=1375"},{"taxonomy":"product_tag","embeddable":true,"href":"https:\/\/yazmed.ma\/ar\/wp-json\/wp\/v2\/product_tag?post=1375"}],"curies":[{"name":"wp","href":"https:\/\/api.w.org\/{rel}","templated":true}]}}