{"id":1370,"date":"2024-12-24T10:03:07","date_gmt":"2024-12-24T10:03:07","guid":{"rendered":"https:\/\/yazmed.ma\/?post_type=product&#038;p=1370"},"modified":"2025-06-19T18:34:34","modified_gmt":"2025-06-19T18:34:34","slug":"scie-a-platre-gold-ii-hebu","status":"publish","type":"product","link":"https:\/\/yazmed.ma\/ar\/product\/scie-a-platre-gold-ii-hebu\/","title":{"rendered":"Scie \u00e0  pl\u00e2tre GOLD II &#8211; Au Meilleur Prix Maroc"},"content":{"rendered":"","protected":false},"excerpt":{"rendered":"<p>&nbsp;<\/p>\n<h4>SCIE\u00a0 A PLATRE<\/h4>\n<h5>\u00a0scie a pl\u00e2tre oscillante de conception nouvelle permet de d\u00e9couper tous les pansements en pl\u00e2tre et en mati\u00e8re synth\u00e9tique de mani\u00e8re rapide, s\u00fbre, silencieuse et pr\u00e9cise. Ce r\u00e9sultat est garanti par son moteur particuli\u00e8rement puissant dot\u00e9 d&rsquo;une r\u00e9gulation \u00e9lectronique de la vitesse et d&rsquo;un d\u00e9marrage progressif m\u00e9nageant le mat\u00e9riel.<\/h5>\n<h5>Le refroidissement du moteur s&rsquo;effectue en application du principe de circulation d&rsquo;air. De l&rsquo;air frais est aspir\u00e9 \u00e0\u00a0l&rsquo;extr\u00e9mit\u00e9 du moteur. Ainsi l&rsquo;unit\u00e9 d&rsquo;entra\u00eenement est prot\u00e9g\u00e9e du colmatage par le pl\u00e2tre ou la mati\u00e8re synth\u00e9tique.<\/h5>\n<h5>Pour lui assurer une longue dur\u00e9e de vie, la scie oscillant GOLD II est fabriqu\u00e9e uniquement avec des mat\u00e9riaux de haute qualit\u00e9.<\/h5>\n<p><strong>Caract\u00e9ristique techniques:<\/strong><\/p>\n<ul>\n<li>Raccordement \u00e9lectrique : 220-240V 50\/60 Hz.<\/li>\n<li>Puissance nominal : 250W.<\/li>\n<li>Oscillations : 12.000 &#8211; 21.000 min-1.<\/li>\n<li>Poids : 1,3 Kg sans c\u00e2ble &#8211; 1,7 Kg avec c\u00e2ble<\/li>\n<li>Longueur c\u00e2ble : 4,5 m.<\/li>\n<li>Niveau sonore : 68-82 dB (A).<\/li>\n<\/ul>\n<p><strong>Garantie: 3 ans<\/strong><\/p>\n<h3 class=\"shipping\"><img decoding=\"async\" src=\"https:\/\/saharamed.ma\/assets\/images\/shipped.png\" alt=\"Livraison gratuite au Maroc\" \/><\/h3>\n<div>Livraison gratuite au Maroc<\/div>\n<div>\n<h4 class=\"payment ng-star-inserted\"><img decoding=\"async\" src=\"https:\/\/saharamed.ma\/assets\/images\/refund.png\" alt=\"Paiement \u00e0 la livraison Maroc\" \/><\/h4>\n<p>Au Meilleur Prix Maroc<\/p>\n<\/div>","protected":false},"featured_media":2421,"comment_status":"open","ping_status":"closed","template":"","meta":[],"product_brand":[],"product_cat":[50],"product_tag":[],"class_list":{"0":"post-1370","1":"product","2":"type-product","3":"status-publish","4":"has-post-thumbnail","6":"product_cat-appareillages-diagnostic","8":"first","9":"instock","10":"sale","11":"taxable","12":"shipping-taxable","13":"purchasable","14":"product-type-simple"},"yoast_head":"<!-- This site is optimized with the Yoast SEO plugin v26.9 - https:\/\/yoast.com\/product\/yoast-seo-wordpress\/ -->\n<title>Scie \u00e0 pl\u00e2tre GOLD II - Au Meilleur Prix Maroc - YAZMED<\/title>\n<meta name=\"robots\" content=\"index, follow, max-snippet:-1, max-image-preview:large, max-video-preview:-1\" \/>\n<link rel=\"canonical\" href=\"https:\/\/yazmed.ma\/ar\/product\/scie-a-platre-gold-ii-hebu\/\" \/>\n<meta property=\"og:locale\" content=\"ar_AR\" \/>\n<meta property=\"og:type\" content=\"article\" \/>\n<meta property=\"og:title\" content=\"Scie \u00e0 pl\u00e2tre GOLD II - Au Meilleur Prix Maroc - YAZMED\" \/>\n<meta property=\"og:description\" content=\"&nbsp; SCIE\u00a0 A PLATRE \u00a0scie a pl\u00e2tre oscillante de conception nouvelle permet de d\u00e9couper tous les pansements en pl\u00e2tre et en mati\u00e8re synth\u00e9tique de mani\u00e8re rapide, s\u00fbre, silencieuse et pr\u00e9cise. Ce r\u00e9sultat est garanti par son moteur particuli\u00e8rement puissant dot\u00e9 d&#039;une r\u00e9gulation \u00e9lectronique de la vitesse et d&#039;un d\u00e9marrage progressif m\u00e9nageant le mat\u00e9riel. Le refroidissement du moteur s&#039;effectue en application du principe de circulation d&#039;air. De l&#039;air frais est aspir\u00e9 \u00e0\u00a0l&#039;extr\u00e9mit\u00e9 du moteur. Ainsi l&#039;unit\u00e9 d&#039;entra\u00eenement est prot\u00e9g\u00e9e du colmatage par le pl\u00e2tre ou la mati\u00e8re synth\u00e9tique. Pour lui assurer une longue dur\u00e9e de vie, la scie oscillant GOLD II est fabriqu\u00e9e uniquement avec des mat\u00e9riaux de haute qualit\u00e9. Caract\u00e9ristique techniques:   Raccordement \u00e9lectrique : 220-240V 50\/60 Hz.  Puissance nominal : 250W.  Oscillations : 12.000 - 21.000 min-1.  Poids : 1,3 Kg sans c\u00e2ble - 1,7 Kg avec c\u00e2ble  Longueur c\u00e2ble : 4,5 m.  Niveau sonore : 68-82 dB (A).  Garantie: 3 ans  Livraison gratuite au Maroc   Au Meilleur Prix Maroc\" \/>\n<meta property=\"og:url\" content=\"https:\/\/yazmed.ma\/ar\/product\/scie-a-platre-gold-ii-hebu\/\" \/>\n<meta property=\"og:site_name\" content=\"YAZMED\" \/>\n<meta property=\"article:publisher\" content=\"https:\/\/www.facebook.com\/azenkouky\" \/>\n<meta property=\"article:modified_time\" content=\"2025-06-19T18:34:34+00:00\" \/>\n<meta property=\"og:image\" content=\"https:\/\/yazmed.ma\/wp-content\/uploads\/2024\/12\/d2bfdba8-0138-444a-8272-dcace7e306b9.jpg\" \/>\n\t<meta property=\"og:image:width\" content=\"960\" \/>\n\t<meta property=\"og:image:height\" content=\"960\" \/>\n\t<meta property=\"og:image:type\" content=\"image\/jpeg\" \/>\n<meta name=\"twitter:card\" content=\"summary_large_image\" \/>\n<meta name=\"twitter:label1\" content=\"Est. reading time\" \/>\n\t<meta name=\"twitter:data1\" content=\"1 minute\" \/>\n<script type=\"application\/ld+json\" class=\"yoast-schema-graph\">{\"@context\":\"https:\/\/schema.org\",\"@graph\":[{\"@type\":\"WebPage\",\"@id\":\"https:\/\/yazmed.ma\/product\/scie-a-platre-gold-ii-hebu\/\",\"url\":\"https:\/\/yazmed.ma\/product\/scie-a-platre-gold-ii-hebu\/\",\"name\":\"Scie \u00e0 pl\u00e2tre GOLD II - Au Meilleur Prix Maroc - YAZMED\",\"isPartOf\":{\"@id\":\"https:\/\/yazmed.ma\/#website\"},\"primaryImageOfPage\":{\"@id\":\"https:\/\/yazmed.ma\/product\/scie-a-platre-gold-ii-hebu\/#primaryimage\"},\"image\":{\"@id\":\"https:\/\/yazmed.ma\/product\/scie-a-platre-gold-ii-hebu\/#primaryimage\"},\"thumbnailUrl\":\"https:\/\/yazmed.ma\/wp-content\/uploads\/2024\/12\/SCIE-A-PLATRE.webp\",\"datePublished\":\"2024-12-24T10:03:07+00:00\",\"dateModified\":\"2025-06-19T18:34:34+00:00\",\"breadcrumb\":{\"@id\":\"https:\/\/yazmed.ma\/product\/scie-a-platre-gold-ii-hebu\/#breadcrumb\"},\"inLanguage\":\"ary\",\"potentialAction\":[{\"@type\":\"ReadAction\",\"target\":[\"https:\/\/yazmed.ma\/product\/scie-a-platre-gold-ii-hebu\/\"]}]},{\"@type\":\"ImageObject\",\"inLanguage\":\"ary\",\"@id\":\"https:\/\/yazmed.ma\/product\/scie-a-platre-gold-ii-hebu\/#primaryimage\",\"url\":\"https:\/\/yazmed.ma\/wp-content\/uploads\/2024\/12\/SCIE-A-PLATRE.webp\",\"contentUrl\":\"https:\/\/yazmed.ma\/wp-content\/uploads\/2024\/12\/SCIE-A-PLATRE.webp\",\"width\":960,\"height\":960,\"caption\":\"SCIE A PLATRE\"},{\"@type\":\"BreadcrumbList\",\"@id\":\"https:\/\/yazmed.ma\/product\/scie-a-platre-gold-ii-hebu\/#breadcrumb\",\"itemListElement\":[{\"@type\":\"ListItem\",\"position\":1,\"name\":\"Accueil\",\"item\":\"https:\/\/yazmed.ma\/\"},{\"@type\":\"ListItem\",\"position\":2,\"name\":\"Shop\",\"item\":\"https:\/\/yazmed.ma\/shop-2\/\"},{\"@type\":\"ListItem\",\"position\":3,\"name\":\"Scie \u00e0 pl\u00e2tre GOLD II &#8211; HEBU\"}]},{\"@type\":\"WebSite\",\"@id\":\"https:\/\/yazmed.ma\/#website\",\"url\":\"https:\/\/yazmed.ma\/\",\"name\":\"Yazmed\",\"description\":\"LEADER DU MAT\u00c9RIEL M\u00c9DICAL AU MAROC\",\"publisher\":{\"@id\":\"https:\/\/yazmed.ma\/#organization\"},\"potentialAction\":[{\"@type\":\"SearchAction\",\"target\":{\"@type\":\"EntryPoint\",\"urlTemplate\":\"https:\/\/yazmed.ma\/?s={search_term_string}\"},\"query-input\":{\"@type\":\"PropertyValueSpecification\",\"valueRequired\":true,\"valueName\":\"search_term_string\"}}],\"inLanguage\":\"ary\"},{\"@type\":\"Organization\",\"@id\":\"https:\/\/yazmed.ma\/#organization\",\"name\":\"Yazmed Healthcare\",\"url\":\"https:\/\/yazmed.ma\/\",\"logo\":{\"@type\":\"ImageObject\",\"inLanguage\":\"ary\",\"@id\":\"https:\/\/yazmed.ma\/#\/schema\/logo\/image\/\",\"url\":\"https:\/\/yazmed.ma\/wp-content\/uploads\/2024\/12\/3.png\",\"contentUrl\":\"https:\/\/yazmed.ma\/wp-content\/uploads\/2024\/12\/3.png\",\"width\":250,\"height\":70,\"caption\":\"Yazmed Healthcare\"},\"image\":{\"@id\":\"https:\/\/yazmed.ma\/#\/schema\/logo\/image\/\"},\"sameAs\":[\"https:\/\/www.facebook.com\/azenkouky\",\"https:\/\/www.instagram.com\/yazmedhealthcare\",\"https:\/\/www.linkedin.com\/in\/yazmed-healthcare-1b4955295\"]}]}<\/script>\n<!-- \/ Yoast SEO plugin. -->","yoast_head_json":{"title":"Scie \u00e0 pl\u00e2tre GOLD II - Au Meilleur Prix Maroc - YAZMED","robots":{"index":"index","follow":"follow","max-snippet":"max-snippet:-1","max-image-preview":"max-image-preview:large","max-video-preview":"max-video-preview:-1"},"canonical":"https:\/\/yazmed.ma\/ar\/product\/scie-a-platre-gold-ii-hebu\/","og_locale":"ar_AR","og_type":"article","og_title":"Scie \u00e0 pl\u00e2tre GOLD II - Au Meilleur Prix Maroc - YAZMED","og_description":"&nbsp; SCIE\u00a0 A PLATRE \u00a0scie a pl\u00e2tre oscillante de conception nouvelle permet de d\u00e9couper tous les pansements en pl\u00e2tre et en mati\u00e8re synth\u00e9tique de mani\u00e8re rapide, s\u00fbre, silencieuse et pr\u00e9cise. Ce r\u00e9sultat est garanti par son moteur particuli\u00e8rement puissant dot\u00e9 d'une r\u00e9gulation \u00e9lectronique de la vitesse et d'un d\u00e9marrage progressif m\u00e9nageant le mat\u00e9riel. Le refroidissement du moteur s'effectue en application du principe de circulation d'air. De l'air frais est aspir\u00e9 \u00e0\u00a0l'extr\u00e9mit\u00e9 du moteur. Ainsi l'unit\u00e9 d'entra\u00eenement est prot\u00e9g\u00e9e du colmatage par le pl\u00e2tre ou la mati\u00e8re synth\u00e9tique. Pour lui assurer une longue dur\u00e9e de vie, la scie oscillant GOLD II est fabriqu\u00e9e uniquement avec des mat\u00e9riaux de haute qualit\u00e9. Caract\u00e9ristique techniques:   Raccordement \u00e9lectrique : 220-240V 50\/60 Hz.  Puissance nominal : 250W.  Oscillations : 12.000 - 21.000 min-1.  Poids : 1,3 Kg sans c\u00e2ble - 1,7 Kg avec c\u00e2ble  Longueur c\u00e2ble : 4,5 m.  Niveau sonore : 68-82 dB (A).  Garantie: 3 ans  Livraison gratuite au Maroc   Au Meilleur Prix Maroc","og_url":"https:\/\/yazmed.ma\/ar\/product\/scie-a-platre-gold-ii-hebu\/","og_site_name":"YAZMED","article_publisher":"https:\/\/www.facebook.com\/azenkouky","article_modified_time":"2025-06-19T18:34:34+00:00","og_image":[{"width":960,"height":960,"url":"https:\/\/yazmed.ma\/wp-content\/uploads\/2024\/12\/d2bfdba8-0138-444a-8272-dcace7e306b9.jpg","type":"image\/jpeg"}],"twitter_card":"summary_large_image","twitter_misc":{"Est. reading time":"1 minute"},"schema":{"@context":"https:\/\/schema.org","@graph":[{"@type":"WebPage","@id":"https:\/\/yazmed.ma\/product\/scie-a-platre-gold-ii-hebu\/","url":"https:\/\/yazmed.ma\/product\/scie-a-platre-gold-ii-hebu\/","name":"Scie \u00e0 pl\u00e2tre GOLD II - Au Meilleur Prix Maroc - YAZMED","isPartOf":{"@id":"https:\/\/yazmed.ma\/#website"},"primaryImageOfPage":{"@id":"https:\/\/yazmed.ma\/product\/scie-a-platre-gold-ii-hebu\/#primaryimage"},"image":{"@id":"https:\/\/yazmed.ma\/product\/scie-a-platre-gold-ii-hebu\/#primaryimage"},"thumbnailUrl":"https:\/\/yazmed.ma\/wp-content\/uploads\/2024\/12\/SCIE-A-PLATRE.webp","datePublished":"2024-12-24T10:03:07+00:00","dateModified":"2025-06-19T18:34:34+00:00","breadcrumb":{"@id":"https:\/\/yazmed.ma\/product\/scie-a-platre-gold-ii-hebu\/#breadcrumb"},"inLanguage":"ary","potentialAction":[{"@type":"ReadAction","target":["https:\/\/yazmed.ma\/product\/scie-a-platre-gold-ii-hebu\/"]}]},{"@type":"ImageObject","inLanguage":"ary","@id":"https:\/\/yazmed.ma\/product\/scie-a-platre-gold-ii-hebu\/#primaryimage","url":"https:\/\/yazmed.ma\/wp-content\/uploads\/2024\/12\/SCIE-A-PLATRE.webp","contentUrl":"https:\/\/yazmed.ma\/wp-content\/uploads\/2024\/12\/SCIE-A-PLATRE.webp","width":960,"height":960,"caption":"SCIE A PLATRE"},{"@type":"BreadcrumbList","@id":"https:\/\/yazmed.ma\/product\/scie-a-platre-gold-ii-hebu\/#breadcrumb","itemListElement":[{"@type":"ListItem","position":1,"name":"Accueil","item":"https:\/\/yazmed.ma\/"},{"@type":"ListItem","position":2,"name":"Shop","item":"https:\/\/yazmed.ma\/shop-2\/"},{"@type":"ListItem","position":3,"name":"Scie \u00e0 pl\u00e2tre GOLD II &#8211; HEBU"}]},{"@type":"WebSite","@id":"https:\/\/yazmed.ma\/#website","url":"https:\/\/yazmed.ma\/","name":"Yazmed","description":"LEADER DU MAT\u00c9RIEL M\u00c9DICAL AU MAROC","publisher":{"@id":"https:\/\/yazmed.ma\/#organization"},"potentialAction":[{"@type":"SearchAction","target":{"@type":"EntryPoint","urlTemplate":"https:\/\/yazmed.ma\/?s={search_term_string}"},"query-input":{"@type":"PropertyValueSpecification","valueRequired":true,"valueName":"search_term_string"}}],"inLanguage":"ary"},{"@type":"Organization","@id":"https:\/\/yazmed.ma\/#organization","name":"Yazmed Healthcare","url":"https:\/\/yazmed.ma\/","logo":{"@type":"ImageObject","inLanguage":"ary","@id":"https:\/\/yazmed.ma\/#\/schema\/logo\/image\/","url":"https:\/\/yazmed.ma\/wp-content\/uploads\/2024\/12\/3.png","contentUrl":"https:\/\/yazmed.ma\/wp-content\/uploads\/2024\/12\/3.png","width":250,"height":70,"caption":"Yazmed Healthcare"},"image":{"@id":"https:\/\/yazmed.ma\/#\/schema\/logo\/image\/"},"sameAs":["https:\/\/www.facebook.com\/azenkouky","https:\/\/www.instagram.com\/yazmedhealthcare","https:\/\/www.linkedin.com\/in\/yazmed-healthcare-1b4955295"]}]}},"_links":{"self":[{"href":"https:\/\/yazmed.ma\/ar\/wp-json\/wp\/v2\/product\/1370","targetHints":{"allow":["GET"]}}],"collection":[{"href":"https:\/\/yazmed.ma\/ar\/wp-json\/wp\/v2\/product"}],"about":[{"href":"https:\/\/yazmed.ma\/ar\/wp-json\/wp\/v2\/types\/product"}],"replies":[{"embeddable":true,"href":"https:\/\/yazmed.ma\/ar\/wp-json\/wp\/v2\/comments?post=1370"}],"version-history":[{"count":0,"href":"https:\/\/yazmed.ma\/ar\/wp-json\/wp\/v2\/product\/1370\/revisions"}],"wp:featuredmedia":[{"embeddable":true,"href":"https:\/\/yazmed.ma\/ar\/wp-json\/wp\/v2\/media\/2421"}],"wp:attachment":[{"href":"https:\/\/yazmed.ma\/ar\/wp-json\/wp\/v2\/media?parent=1370"}],"wp:term":[{"taxonomy":"product_brand","embeddable":true,"href":"https:\/\/yazmed.ma\/ar\/wp-json\/wp\/v2\/product_brand?post=1370"},{"taxonomy":"product_cat","embeddable":true,"href":"https:\/\/yazmed.ma\/ar\/wp-json\/wp\/v2\/product_cat?post=1370"},{"taxonomy":"product_tag","embeddable":true,"href":"https:\/\/yazmed.ma\/ar\/wp-json\/wp\/v2\/product_tag?post=1370"}],"curies":[{"name":"wp","href":"https:\/\/api.w.org\/{rel}","templated":true}]}}