{"id":1365,"date":"2024-12-24T09:56:25","date_gmt":"2024-12-24T09:56:25","guid":{"rendered":"https:\/\/yazmed.ma\/?post_type=product&#038;p=1365"},"modified":"2025-04-03T21:04:41","modified_gmt":"2025-04-03T21:04:41","slug":"fauteuil-gynecologique-electrique","status":"publish","type":"product","link":"https:\/\/yazmed.ma\/ar\/product\/fauteuil-gynecologique-electrique\/","title":{"rendered":"Fauteuil gyn\u00e9cologique \u00e9lectrique"},"content":{"rendered":"","protected":false},"excerpt":{"rendered":"<p><strong>Origine : Espagne<\/strong><\/p>\n<p>&#8211; R\u00e9glage de la hauteur par moteur \u00e9lectrique avec commande manuelle.<\/p>\n<p>&#8211; Dossier r\u00e9glable par v\u00e9rin \u00e0\u00a0gaz.<\/p>\n<p>&#8211; Coussin cervical ergonomique.<\/p>\n<p>&#8211; Repose pieds r\u00e9glable par leviers.<\/p>\n<p>&#8211; Jambi\u00e8res gyn\u00e9cologiques r\u00e9glables et rotatives.<\/p>\n<p>&#8211; Plateau en acier inoxydable amovible sous le si\u00e8ge.<\/p>\n<p>&#8211; Mousse standard 5 cm + 1 cm et densit\u00e9 30Kg\/m\u00c2\u00b3.<\/p>\n<p>&#8211; Similicuir : protection Permablock (antibact\u00e9rienne, antimicrobienne et antimycosique).<\/p>\n<p>&#8211; Finition : peinture poudre \u00e9poxy cuite au four \u00e0\u00a0210\u00b0C.<\/p>\n<p>&#8211; Les moteurs se conforment aux normes de s\u00e9curit\u00e9 europ\u00e9ennes.<\/p>\n<ul>\n<li>Couleurs disponibles : Noir \/ Argent\u00e9e<\/li>\n<\/ul>\n<p><img decoding=\"async\" src=\"https:\/\/saharamed.ma\/assets\/images\/brands\/mobercas.png\" \/><\/p>","protected":false},"featured_media":2021,"comment_status":"open","ping_status":"closed","template":"","meta":[],"product_brand":[],"product_cat":[54],"product_tag":[],"class_list":{"0":"post-1365","1":"product","2":"type-product","3":"status-publish","4":"has-post-thumbnail","6":"product_cat-mobilier-medical","8":"first","9":"instock","10":"taxable","11":"shipping-taxable","12":"purchasable","13":"product-type-simple"},"yoast_head":"<!-- This site is optimized with the Yoast SEO plugin v26.9 - https:\/\/yoast.com\/product\/yoast-seo-wordpress\/ -->\n<title>Fauteuil gyn\u00e9cologique \u00e9lectrique - YAZMED<\/title>\n<meta name=\"robots\" content=\"index, follow, max-snippet:-1, max-image-preview:large, max-video-preview:-1\" \/>\n<link rel=\"canonical\" href=\"https:\/\/yazmed.ma\/ar\/product\/fauteuil-gynecologique-electrique\/\" \/>\n<meta property=\"og:locale\" content=\"ar_AR\" \/>\n<meta property=\"og:type\" content=\"article\" \/>\n<meta property=\"og:title\" content=\"Fauteuil gyn\u00e9cologique \u00e9lectrique - YAZMED\" \/>\n<meta property=\"og:description\" content=\"Origine : Espagne  - R\u00e9glage de la hauteur par moteur \u00e9lectrique avec commande manuelle.  - Dossier r\u00e9glable par v\u00e9rin \u00e0\u00a0gaz.  - Coussin cervical ergonomique.  - Repose pieds r\u00e9glable par leviers.  - Jambi\u00e8res gyn\u00e9cologiques r\u00e9glables et rotatives.  - Plateau en acier inoxydable amovible sous le si\u00e8ge.  - Mousse standard 5 cm + 1 cm et densit\u00e9 30Kg\/m\u00c2\u00b3.  - Similicuir : protection Permablock (antibact\u00e9rienne, antimicrobienne et antimycosique).  - Finition : peinture poudre \u00e9poxy cuite au four \u00e0\u00a0210\u00b0C.  - Les moteurs se conforment aux normes de s\u00e9curit\u00e9 europ\u00e9ennes.   Couleurs disponibles : Noir \/ Argent\u00e9e\" \/>\n<meta property=\"og:url\" content=\"https:\/\/yazmed.ma\/ar\/product\/fauteuil-gynecologique-electrique\/\" \/>\n<meta property=\"og:site_name\" content=\"YAZMED\" \/>\n<meta property=\"article:publisher\" content=\"https:\/\/www.facebook.com\/azenkouky\" \/>\n<meta property=\"article:modified_time\" content=\"2025-04-03T21:04:41+00:00\" \/>\n<meta property=\"og:image\" content=\"https:\/\/yazmed.ma\/wp-content\/uploads\/2024\/12\/Sans-titre-570-x-517-px-570-x-517-px-570-x-517-px-1.png\" \/>\n\t<meta property=\"og:image:width\" content=\"570\" \/>\n\t<meta property=\"og:image:height\" content=\"517\" \/>\n\t<meta property=\"og:image:type\" content=\"image\/png\" \/>\n<meta name=\"twitter:card\" content=\"summary_large_image\" \/>\n<meta name=\"twitter:label1\" content=\"Est. reading time\" \/>\n\t<meta name=\"twitter:data1\" content=\"1 minute\" \/>\n<script type=\"application\/ld+json\" class=\"yoast-schema-graph\">{\"@context\":\"https:\/\/schema.org\",\"@graph\":[{\"@type\":\"WebPage\",\"@id\":\"https:\/\/yazmed.ma\/product\/fauteuil-gynecologique-electrique\/\",\"url\":\"https:\/\/yazmed.ma\/product\/fauteuil-gynecologique-electrique\/\",\"name\":\"Fauteuil gyn\u00e9cologique \u00e9lectrique - YAZMED\",\"isPartOf\":{\"@id\":\"https:\/\/yazmed.ma\/#website\"},\"primaryImageOfPage\":{\"@id\":\"https:\/\/yazmed.ma\/product\/fauteuil-gynecologique-electrique\/#primaryimage\"},\"image\":{\"@id\":\"https:\/\/yazmed.ma\/product\/fauteuil-gynecologique-electrique\/#primaryimage\"},\"thumbnailUrl\":\"https:\/\/yazmed.ma\/wp-content\/uploads\/2024\/12\/Sans-titre-570-x-517-px-570-x-517-px-570-x-517-px-1.png\",\"datePublished\":\"2024-12-24T09:56:25+00:00\",\"dateModified\":\"2025-04-03T21:04:41+00:00\",\"breadcrumb\":{\"@id\":\"https:\/\/yazmed.ma\/product\/fauteuil-gynecologique-electrique\/#breadcrumb\"},\"inLanguage\":\"ary\",\"potentialAction\":[{\"@type\":\"ReadAction\",\"target\":[\"https:\/\/yazmed.ma\/product\/fauteuil-gynecologique-electrique\/\"]}]},{\"@type\":\"ImageObject\",\"inLanguage\":\"ary\",\"@id\":\"https:\/\/yazmed.ma\/product\/fauteuil-gynecologique-electrique\/#primaryimage\",\"url\":\"https:\/\/yazmed.ma\/wp-content\/uploads\/2024\/12\/Sans-titre-570-x-517-px-570-x-517-px-570-x-517-px-1.png\",\"contentUrl\":\"https:\/\/yazmed.ma\/wp-content\/uploads\/2024\/12\/Sans-titre-570-x-517-px-570-x-517-px-570-x-517-px-1.png\",\"width\":570,\"height\":517,\"caption\":\"Fauteuil gyn\u00e9cologique \u00e9lectrique Yazmed\"},{\"@type\":\"BreadcrumbList\",\"@id\":\"https:\/\/yazmed.ma\/product\/fauteuil-gynecologique-electrique\/#breadcrumb\",\"itemListElement\":[{\"@type\":\"ListItem\",\"position\":1,\"name\":\"Accueil\",\"item\":\"https:\/\/yazmed.ma\/\"},{\"@type\":\"ListItem\",\"position\":2,\"name\":\"Shop\",\"item\":\"https:\/\/yazmed.ma\/shop-2\/\"},{\"@type\":\"ListItem\",\"position\":3,\"name\":\"Fauteuil gyn\u00e9cologique \u00e9lectrique\"}]},{\"@type\":\"WebSite\",\"@id\":\"https:\/\/yazmed.ma\/#website\",\"url\":\"https:\/\/yazmed.ma\/\",\"name\":\"Yazmed\",\"description\":\"LEADER DU MAT\u00c9RIEL M\u00c9DICAL AU MAROC\",\"publisher\":{\"@id\":\"https:\/\/yazmed.ma\/#organization\"},\"potentialAction\":[{\"@type\":\"SearchAction\",\"target\":{\"@type\":\"EntryPoint\",\"urlTemplate\":\"https:\/\/yazmed.ma\/?s={search_term_string}\"},\"query-input\":{\"@type\":\"PropertyValueSpecification\",\"valueRequired\":true,\"valueName\":\"search_term_string\"}}],\"inLanguage\":\"ary\"},{\"@type\":\"Organization\",\"@id\":\"https:\/\/yazmed.ma\/#organization\",\"name\":\"Yazmed Healthcare\",\"url\":\"https:\/\/yazmed.ma\/\",\"logo\":{\"@type\":\"ImageObject\",\"inLanguage\":\"ary\",\"@id\":\"https:\/\/yazmed.ma\/#\/schema\/logo\/image\/\",\"url\":\"https:\/\/yazmed.ma\/wp-content\/uploads\/2024\/12\/3.png\",\"contentUrl\":\"https:\/\/yazmed.ma\/wp-content\/uploads\/2024\/12\/3.png\",\"width\":250,\"height\":70,\"caption\":\"Yazmed Healthcare\"},\"image\":{\"@id\":\"https:\/\/yazmed.ma\/#\/schema\/logo\/image\/\"},\"sameAs\":[\"https:\/\/www.facebook.com\/azenkouky\",\"https:\/\/www.instagram.com\/yazmedhealthcare\",\"https:\/\/www.linkedin.com\/in\/yazmed-healthcare-1b4955295\"]}]}<\/script>\n<!-- \/ Yoast SEO plugin. -->","yoast_head_json":{"title":"Fauteuil gyn\u00e9cologique \u00e9lectrique - YAZMED","robots":{"index":"index","follow":"follow","max-snippet":"max-snippet:-1","max-image-preview":"max-image-preview:large","max-video-preview":"max-video-preview:-1"},"canonical":"https:\/\/yazmed.ma\/ar\/product\/fauteuil-gynecologique-electrique\/","og_locale":"ar_AR","og_type":"article","og_title":"Fauteuil gyn\u00e9cologique \u00e9lectrique - YAZMED","og_description":"Origine : Espagne  - R\u00e9glage de la hauteur par moteur \u00e9lectrique avec commande manuelle.  - Dossier r\u00e9glable par v\u00e9rin \u00e0\u00a0gaz.  - Coussin cervical ergonomique.  - Repose pieds r\u00e9glable par leviers.  - Jambi\u00e8res gyn\u00e9cologiques r\u00e9glables et rotatives.  - Plateau en acier inoxydable amovible sous le si\u00e8ge.  - Mousse standard 5 cm + 1 cm et densit\u00e9 30Kg\/m\u00c2\u00b3.  - Similicuir : protection Permablock (antibact\u00e9rienne, antimicrobienne et antimycosique).  - Finition : peinture poudre \u00e9poxy cuite au four \u00e0\u00a0210\u00b0C.  - Les moteurs se conforment aux normes de s\u00e9curit\u00e9 europ\u00e9ennes.   Couleurs disponibles : Noir \/ Argent\u00e9e","og_url":"https:\/\/yazmed.ma\/ar\/product\/fauteuil-gynecologique-electrique\/","og_site_name":"YAZMED","article_publisher":"https:\/\/www.facebook.com\/azenkouky","article_modified_time":"2025-04-03T21:04:41+00:00","og_image":[{"width":570,"height":517,"url":"https:\/\/yazmed.ma\/wp-content\/uploads\/2024\/12\/Sans-titre-570-x-517-px-570-x-517-px-570-x-517-px-1.png","type":"image\/png"}],"twitter_card":"summary_large_image","twitter_misc":{"Est. reading time":"1 minute"},"schema":{"@context":"https:\/\/schema.org","@graph":[{"@type":"WebPage","@id":"https:\/\/yazmed.ma\/product\/fauteuil-gynecologique-electrique\/","url":"https:\/\/yazmed.ma\/product\/fauteuil-gynecologique-electrique\/","name":"Fauteuil gyn\u00e9cologique \u00e9lectrique - YAZMED","isPartOf":{"@id":"https:\/\/yazmed.ma\/#website"},"primaryImageOfPage":{"@id":"https:\/\/yazmed.ma\/product\/fauteuil-gynecologique-electrique\/#primaryimage"},"image":{"@id":"https:\/\/yazmed.ma\/product\/fauteuil-gynecologique-electrique\/#primaryimage"},"thumbnailUrl":"https:\/\/yazmed.ma\/wp-content\/uploads\/2024\/12\/Sans-titre-570-x-517-px-570-x-517-px-570-x-517-px-1.png","datePublished":"2024-12-24T09:56:25+00:00","dateModified":"2025-04-03T21:04:41+00:00","breadcrumb":{"@id":"https:\/\/yazmed.ma\/product\/fauteuil-gynecologique-electrique\/#breadcrumb"},"inLanguage":"ary","potentialAction":[{"@type":"ReadAction","target":["https:\/\/yazmed.ma\/product\/fauteuil-gynecologique-electrique\/"]}]},{"@type":"ImageObject","inLanguage":"ary","@id":"https:\/\/yazmed.ma\/product\/fauteuil-gynecologique-electrique\/#primaryimage","url":"https:\/\/yazmed.ma\/wp-content\/uploads\/2024\/12\/Sans-titre-570-x-517-px-570-x-517-px-570-x-517-px-1.png","contentUrl":"https:\/\/yazmed.ma\/wp-content\/uploads\/2024\/12\/Sans-titre-570-x-517-px-570-x-517-px-570-x-517-px-1.png","width":570,"height":517,"caption":"Fauteuil gyn\u00e9cologique \u00e9lectrique Yazmed"},{"@type":"BreadcrumbList","@id":"https:\/\/yazmed.ma\/product\/fauteuil-gynecologique-electrique\/#breadcrumb","itemListElement":[{"@type":"ListItem","position":1,"name":"Accueil","item":"https:\/\/yazmed.ma\/"},{"@type":"ListItem","position":2,"name":"Shop","item":"https:\/\/yazmed.ma\/shop-2\/"},{"@type":"ListItem","position":3,"name":"Fauteuil gyn\u00e9cologique \u00e9lectrique"}]},{"@type":"WebSite","@id":"https:\/\/yazmed.ma\/#website","url":"https:\/\/yazmed.ma\/","name":"Yazmed","description":"LEADER DU MAT\u00c9RIEL M\u00c9DICAL AU MAROC","publisher":{"@id":"https:\/\/yazmed.ma\/#organization"},"potentialAction":[{"@type":"SearchAction","target":{"@type":"EntryPoint","urlTemplate":"https:\/\/yazmed.ma\/?s={search_term_string}"},"query-input":{"@type":"PropertyValueSpecification","valueRequired":true,"valueName":"search_term_string"}}],"inLanguage":"ary"},{"@type":"Organization","@id":"https:\/\/yazmed.ma\/#organization","name":"Yazmed Healthcare","url":"https:\/\/yazmed.ma\/","logo":{"@type":"ImageObject","inLanguage":"ary","@id":"https:\/\/yazmed.ma\/#\/schema\/logo\/image\/","url":"https:\/\/yazmed.ma\/wp-content\/uploads\/2024\/12\/3.png","contentUrl":"https:\/\/yazmed.ma\/wp-content\/uploads\/2024\/12\/3.png","width":250,"height":70,"caption":"Yazmed Healthcare"},"image":{"@id":"https:\/\/yazmed.ma\/#\/schema\/logo\/image\/"},"sameAs":["https:\/\/www.facebook.com\/azenkouky","https:\/\/www.instagram.com\/yazmedhealthcare","https:\/\/www.linkedin.com\/in\/yazmed-healthcare-1b4955295"]}]}},"_links":{"self":[{"href":"https:\/\/yazmed.ma\/ar\/wp-json\/wp\/v2\/product\/1365","targetHints":{"allow":["GET"]}}],"collection":[{"href":"https:\/\/yazmed.ma\/ar\/wp-json\/wp\/v2\/product"}],"about":[{"href":"https:\/\/yazmed.ma\/ar\/wp-json\/wp\/v2\/types\/product"}],"replies":[{"embeddable":true,"href":"https:\/\/yazmed.ma\/ar\/wp-json\/wp\/v2\/comments?post=1365"}],"version-history":[{"count":0,"href":"https:\/\/yazmed.ma\/ar\/wp-json\/wp\/v2\/product\/1365\/revisions"}],"wp:featuredmedia":[{"embeddable":true,"href":"https:\/\/yazmed.ma\/ar\/wp-json\/wp\/v2\/media\/2021"}],"wp:attachment":[{"href":"https:\/\/yazmed.ma\/ar\/wp-json\/wp\/v2\/media?parent=1365"}],"wp:term":[{"taxonomy":"product_brand","embeddable":true,"href":"https:\/\/yazmed.ma\/ar\/wp-json\/wp\/v2\/product_brand?post=1365"},{"taxonomy":"product_cat","embeddable":true,"href":"https:\/\/yazmed.ma\/ar\/wp-json\/wp\/v2\/product_cat?post=1365"},{"taxonomy":"product_tag","embeddable":true,"href":"https:\/\/yazmed.ma\/ar\/wp-json\/wp\/v2\/product_tag?post=1365"}],"curies":[{"name":"wp","href":"https:\/\/api.w.org\/{rel}","templated":true}]}}