{"id":1363,"date":"2024-12-24T09:49:27","date_gmt":"2024-12-24T09:49:27","guid":{"rendered":"https:\/\/yazmed.ma\/?post_type=product&#038;p=1363"},"modified":"2024-12-24T09:49:28","modified_gmt":"2024-12-24T09:49:28","slug":"chariot-de-soins-pediatrique-metale","status":"publish","type":"product","link":"https:\/\/yazmed.ma\/ar\/product\/chariot-de-soins-pediatrique-metale\/","title":{"rendered":"Chariot de soins p\u00e9diatrique m\u00e9tale"},"content":{"rendered":"","protected":false},"excerpt":{"rendered":"<p>Le chariot MX-31EMG Fabriqu\u00e9 en m\u00e9tal \u00e9poxy.<\/p>\n<ul>\n<li>\u00a0\u00a0Plateau de travail sup\u00e9rieur en\u00a0ABS avec plateforme aditionnelle coulissante.<\/li>\n<li>\u00a0\u00a0Poign\u00e9e de pouss\u00e9e.<\/li>\n<li>\u00a0\u00a0Fermeture centrale \u00e0\u00a0 cl\u00e9.<\/li>\n<li>\u00a0\u00a0R\u00e9partition de tiroirs : 3 tiroirs de 76 mm ,1 tiroir de 155 mm, 1 tiroir de 234 mm.<\/li>\n<li>\u00a0\u00a0Systeme de retour automatique sur tous les tiroirs.<\/li>\n<li>\u00a0\u00a04 roulettes en acier de 125 mm : 2 avec freins<\/li>\n<\/ul>\n<p>et 1 avec contr\u00f4le directionnel.<\/p>\n<p>&nbsp;<\/p>","protected":false},"featured_media":1364,"comment_status":"open","ping_status":"closed","template":"","meta":[],"product_brand":[],"product_cat":[54],"product_tag":[],"class_list":{"0":"post-1363","1":"product","2":"type-product","3":"status-publish","4":"has-post-thumbnail","6":"product_cat-mobilier-medical","8":"first","9":"instock","10":"taxable","11":"shipping-taxable","12":"purchasable","13":"product-type-simple"},"yoast_head":"<!-- This site is optimized with the Yoast SEO plugin v26.9 - https:\/\/yoast.com\/product\/yoast-seo-wordpress\/ -->\n<title>Chariot de soins p\u00e9diatrique m\u00e9tale - YAZMED<\/title>\n<meta name=\"robots\" content=\"index, follow, max-snippet:-1, max-image-preview:large, max-video-preview:-1\" \/>\n<link rel=\"canonical\" href=\"https:\/\/yazmed.ma\/ar\/product\/chariot-de-soins-pediatrique-metale\/\" \/>\n<meta property=\"og:locale\" content=\"ar_AR\" \/>\n<meta property=\"og:type\" content=\"article\" \/>\n<meta property=\"og:title\" content=\"Chariot de soins p\u00e9diatrique m\u00e9tale - YAZMED\" \/>\n<meta property=\"og:description\" content=\"Le chariot MX-31EMG Fabriqu\u00e9 en m\u00e9tal \u00e9poxy.   \u00a0\u00a0Plateau de travail sup\u00e9rieur en\u00a0ABS avec plateforme aditionnelle coulissante.  \u00a0\u00a0Poign\u00e9e de pouss\u00e9e.  \u00a0\u00a0Fermeture centrale \u00e0\u00a0 cl\u00e9.  \u00a0\u00a0R\u00e9partition de tiroirs : 3 tiroirs de 76 mm ,1 tiroir de 155 mm, 1 tiroir de 234 mm.  \u00a0\u00a0Systeme de retour automatique sur tous les tiroirs.  \u00a0\u00a04 roulettes en acier de 125 mm : 2 avec freins  et 1 avec contr\u00f4le directionnel.  &nbsp;\" \/>\n<meta property=\"og:url\" content=\"https:\/\/yazmed.ma\/ar\/product\/chariot-de-soins-pediatrique-metale\/\" \/>\n<meta property=\"og:site_name\" content=\"YAZMED\" \/>\n<meta property=\"article:publisher\" content=\"https:\/\/www.facebook.com\/azenkouky\" \/>\n<meta property=\"article:modified_time\" content=\"2024-12-24T09:49:28+00:00\" \/>\n<meta property=\"og:image\" content=\"https:\/\/yazmed.ma\/wp-content\/uploads\/2024\/12\/aea333e4-eaec-49ca-a4b1-a1d080af889e.jpg\" \/>\n\t<meta property=\"og:image:width\" content=\"800\" \/>\n\t<meta property=\"og:image:height\" content=\"800\" \/>\n\t<meta property=\"og:image:type\" content=\"image\/jpeg\" \/>\n<meta name=\"twitter:card\" content=\"summary_large_image\" \/>\n<meta name=\"twitter:label1\" content=\"Est. reading time\" \/>\n\t<meta name=\"twitter:data1\" content=\"1 minute\" \/>\n<script type=\"application\/ld+json\" class=\"yoast-schema-graph\">{\"@context\":\"https:\/\/schema.org\",\"@graph\":[{\"@type\":\"WebPage\",\"@id\":\"https:\/\/yazmed.ma\/product\/chariot-de-soins-pediatrique-metale\/\",\"url\":\"https:\/\/yazmed.ma\/product\/chariot-de-soins-pediatrique-metale\/\",\"name\":\"Chariot de soins p\u00e9diatrique m\u00e9tale - YAZMED\",\"isPartOf\":{\"@id\":\"https:\/\/yazmed.ma\/#website\"},\"primaryImageOfPage\":{\"@id\":\"https:\/\/yazmed.ma\/product\/chariot-de-soins-pediatrique-metale\/#primaryimage\"},\"image\":{\"@id\":\"https:\/\/yazmed.ma\/product\/chariot-de-soins-pediatrique-metale\/#primaryimage\"},\"thumbnailUrl\":\"https:\/\/yazmed.ma\/wp-content\/uploads\/2024\/12\/aea333e4-eaec-49ca-a4b1-a1d080af889e.jpg\",\"datePublished\":\"2024-12-24T09:49:27+00:00\",\"dateModified\":\"2024-12-24T09:49:28+00:00\",\"breadcrumb\":{\"@id\":\"https:\/\/yazmed.ma\/product\/chariot-de-soins-pediatrique-metale\/#breadcrumb\"},\"inLanguage\":\"ary\",\"potentialAction\":[{\"@type\":\"ReadAction\",\"target\":[\"https:\/\/yazmed.ma\/product\/chariot-de-soins-pediatrique-metale\/\"]}]},{\"@type\":\"ImageObject\",\"inLanguage\":\"ary\",\"@id\":\"https:\/\/yazmed.ma\/product\/chariot-de-soins-pediatrique-metale\/#primaryimage\",\"url\":\"https:\/\/yazmed.ma\/wp-content\/uploads\/2024\/12\/aea333e4-eaec-49ca-a4b1-a1d080af889e.jpg\",\"contentUrl\":\"https:\/\/yazmed.ma\/wp-content\/uploads\/2024\/12\/aea333e4-eaec-49ca-a4b1-a1d080af889e.jpg\",\"width\":800,\"height\":800,\"caption\":\"Chariot de soins p\u00e9diatrique m\u00e9tale Yazmed Maroc\"},{\"@type\":\"BreadcrumbList\",\"@id\":\"https:\/\/yazmed.ma\/product\/chariot-de-soins-pediatrique-metale\/#breadcrumb\",\"itemListElement\":[{\"@type\":\"ListItem\",\"position\":1,\"name\":\"Accueil\",\"item\":\"https:\/\/yazmed.ma\/\"},{\"@type\":\"ListItem\",\"position\":2,\"name\":\"Shop\",\"item\":\"https:\/\/yazmed.ma\/shop-2\/\"},{\"@type\":\"ListItem\",\"position\":3,\"name\":\"Chariot de soins p\u00e9diatrique m\u00e9tale\"}]},{\"@type\":\"WebSite\",\"@id\":\"https:\/\/yazmed.ma\/#website\",\"url\":\"https:\/\/yazmed.ma\/\",\"name\":\"Yazmed\",\"description\":\"LEADER DU MAT\u00c9RIEL M\u00c9DICAL AU MAROC\",\"publisher\":{\"@id\":\"https:\/\/yazmed.ma\/#organization\"},\"potentialAction\":[{\"@type\":\"SearchAction\",\"target\":{\"@type\":\"EntryPoint\",\"urlTemplate\":\"https:\/\/yazmed.ma\/?s={search_term_string}\"},\"query-input\":{\"@type\":\"PropertyValueSpecification\",\"valueRequired\":true,\"valueName\":\"search_term_string\"}}],\"inLanguage\":\"ary\"},{\"@type\":\"Organization\",\"@id\":\"https:\/\/yazmed.ma\/#organization\",\"name\":\"Yazmed Healthcare\",\"url\":\"https:\/\/yazmed.ma\/\",\"logo\":{\"@type\":\"ImageObject\",\"inLanguage\":\"ary\",\"@id\":\"https:\/\/yazmed.ma\/#\/schema\/logo\/image\/\",\"url\":\"https:\/\/yazmed.ma\/wp-content\/uploads\/2024\/12\/3.png\",\"contentUrl\":\"https:\/\/yazmed.ma\/wp-content\/uploads\/2024\/12\/3.png\",\"width\":250,\"height\":70,\"caption\":\"Yazmed Healthcare\"},\"image\":{\"@id\":\"https:\/\/yazmed.ma\/#\/schema\/logo\/image\/\"},\"sameAs\":[\"https:\/\/www.facebook.com\/azenkouky\",\"https:\/\/www.instagram.com\/yazmedhealthcare\",\"https:\/\/www.linkedin.com\/in\/yazmed-healthcare-1b4955295\"]}]}<\/script>\n<!-- \/ Yoast SEO plugin. -->","yoast_head_json":{"title":"Chariot de soins p\u00e9diatrique m\u00e9tale - YAZMED","robots":{"index":"index","follow":"follow","max-snippet":"max-snippet:-1","max-image-preview":"max-image-preview:large","max-video-preview":"max-video-preview:-1"},"canonical":"https:\/\/yazmed.ma\/ar\/product\/chariot-de-soins-pediatrique-metale\/","og_locale":"ar_AR","og_type":"article","og_title":"Chariot de soins p\u00e9diatrique m\u00e9tale - YAZMED","og_description":"Le chariot MX-31EMG Fabriqu\u00e9 en m\u00e9tal \u00e9poxy.   \u00a0\u00a0Plateau de travail sup\u00e9rieur en\u00a0ABS avec plateforme aditionnelle coulissante.  \u00a0\u00a0Poign\u00e9e de pouss\u00e9e.  \u00a0\u00a0Fermeture centrale \u00e0\u00a0 cl\u00e9.  \u00a0\u00a0R\u00e9partition de tiroirs : 3 tiroirs de 76 mm ,1 tiroir de 155 mm, 1 tiroir de 234 mm.  \u00a0\u00a0Systeme de retour automatique sur tous les tiroirs.  \u00a0\u00a04 roulettes en acier de 125 mm : 2 avec freins  et 1 avec contr\u00f4le directionnel.  &nbsp;","og_url":"https:\/\/yazmed.ma\/ar\/product\/chariot-de-soins-pediatrique-metale\/","og_site_name":"YAZMED","article_publisher":"https:\/\/www.facebook.com\/azenkouky","article_modified_time":"2024-12-24T09:49:28+00:00","og_image":[{"width":800,"height":800,"url":"https:\/\/yazmed.ma\/wp-content\/uploads\/2024\/12\/aea333e4-eaec-49ca-a4b1-a1d080af889e.jpg","type":"image\/jpeg"}],"twitter_card":"summary_large_image","twitter_misc":{"Est. reading time":"1 minute"},"schema":{"@context":"https:\/\/schema.org","@graph":[{"@type":"WebPage","@id":"https:\/\/yazmed.ma\/product\/chariot-de-soins-pediatrique-metale\/","url":"https:\/\/yazmed.ma\/product\/chariot-de-soins-pediatrique-metale\/","name":"Chariot de soins p\u00e9diatrique m\u00e9tale - YAZMED","isPartOf":{"@id":"https:\/\/yazmed.ma\/#website"},"primaryImageOfPage":{"@id":"https:\/\/yazmed.ma\/product\/chariot-de-soins-pediatrique-metale\/#primaryimage"},"image":{"@id":"https:\/\/yazmed.ma\/product\/chariot-de-soins-pediatrique-metale\/#primaryimage"},"thumbnailUrl":"https:\/\/yazmed.ma\/wp-content\/uploads\/2024\/12\/aea333e4-eaec-49ca-a4b1-a1d080af889e.jpg","datePublished":"2024-12-24T09:49:27+00:00","dateModified":"2024-12-24T09:49:28+00:00","breadcrumb":{"@id":"https:\/\/yazmed.ma\/product\/chariot-de-soins-pediatrique-metale\/#breadcrumb"},"inLanguage":"ary","potentialAction":[{"@type":"ReadAction","target":["https:\/\/yazmed.ma\/product\/chariot-de-soins-pediatrique-metale\/"]}]},{"@type":"ImageObject","inLanguage":"ary","@id":"https:\/\/yazmed.ma\/product\/chariot-de-soins-pediatrique-metale\/#primaryimage","url":"https:\/\/yazmed.ma\/wp-content\/uploads\/2024\/12\/aea333e4-eaec-49ca-a4b1-a1d080af889e.jpg","contentUrl":"https:\/\/yazmed.ma\/wp-content\/uploads\/2024\/12\/aea333e4-eaec-49ca-a4b1-a1d080af889e.jpg","width":800,"height":800,"caption":"Chariot de soins p\u00e9diatrique m\u00e9tale Yazmed Maroc"},{"@type":"BreadcrumbList","@id":"https:\/\/yazmed.ma\/product\/chariot-de-soins-pediatrique-metale\/#breadcrumb","itemListElement":[{"@type":"ListItem","position":1,"name":"Accueil","item":"https:\/\/yazmed.ma\/"},{"@type":"ListItem","position":2,"name":"Shop","item":"https:\/\/yazmed.ma\/shop-2\/"},{"@type":"ListItem","position":3,"name":"Chariot de soins p\u00e9diatrique m\u00e9tale"}]},{"@type":"WebSite","@id":"https:\/\/yazmed.ma\/#website","url":"https:\/\/yazmed.ma\/","name":"Yazmed","description":"LEADER DU MAT\u00c9RIEL M\u00c9DICAL AU MAROC","publisher":{"@id":"https:\/\/yazmed.ma\/#organization"},"potentialAction":[{"@type":"SearchAction","target":{"@type":"EntryPoint","urlTemplate":"https:\/\/yazmed.ma\/?s={search_term_string}"},"query-input":{"@type":"PropertyValueSpecification","valueRequired":true,"valueName":"search_term_string"}}],"inLanguage":"ary"},{"@type":"Organization","@id":"https:\/\/yazmed.ma\/#organization","name":"Yazmed Healthcare","url":"https:\/\/yazmed.ma\/","logo":{"@type":"ImageObject","inLanguage":"ary","@id":"https:\/\/yazmed.ma\/#\/schema\/logo\/image\/","url":"https:\/\/yazmed.ma\/wp-content\/uploads\/2024\/12\/3.png","contentUrl":"https:\/\/yazmed.ma\/wp-content\/uploads\/2024\/12\/3.png","width":250,"height":70,"caption":"Yazmed Healthcare"},"image":{"@id":"https:\/\/yazmed.ma\/#\/schema\/logo\/image\/"},"sameAs":["https:\/\/www.facebook.com\/azenkouky","https:\/\/www.instagram.com\/yazmedhealthcare","https:\/\/www.linkedin.com\/in\/yazmed-healthcare-1b4955295"]}]}},"_links":{"self":[{"href":"https:\/\/yazmed.ma\/ar\/wp-json\/wp\/v2\/product\/1363","targetHints":{"allow":["GET"]}}],"collection":[{"href":"https:\/\/yazmed.ma\/ar\/wp-json\/wp\/v2\/product"}],"about":[{"href":"https:\/\/yazmed.ma\/ar\/wp-json\/wp\/v2\/types\/product"}],"replies":[{"embeddable":true,"href":"https:\/\/yazmed.ma\/ar\/wp-json\/wp\/v2\/comments?post=1363"}],"version-history":[{"count":0,"href":"https:\/\/yazmed.ma\/ar\/wp-json\/wp\/v2\/product\/1363\/revisions"}],"wp:featuredmedia":[{"embeddable":true,"href":"https:\/\/yazmed.ma\/ar\/wp-json\/wp\/v2\/media\/1364"}],"wp:attachment":[{"href":"https:\/\/yazmed.ma\/ar\/wp-json\/wp\/v2\/media?parent=1363"}],"wp:term":[{"taxonomy":"product_brand","embeddable":true,"href":"https:\/\/yazmed.ma\/ar\/wp-json\/wp\/v2\/product_brand?post=1363"},{"taxonomy":"product_cat","embeddable":true,"href":"https:\/\/yazmed.ma\/ar\/wp-json\/wp\/v2\/product_cat?post=1363"},{"taxonomy":"product_tag","embeddable":true,"href":"https:\/\/yazmed.ma\/ar\/wp-json\/wp\/v2\/product_tag?post=1363"}],"curies":[{"name":"wp","href":"https:\/\/api.w.org\/{rel}","templated":true}]}}