{"id":1357,"date":"2024-12-24T09:38:57","date_gmt":"2024-12-24T09:38:57","guid":{"rendered":"https:\/\/yazmed.ma\/?post_type=product&#038;p=1357"},"modified":"2025-07-02T19:38:48","modified_gmt":"2025-07-02T19:38:48","slug":"holter-ecg-3-pistes-pour-suivi-cardiaque-maroc","status":"publish","type":"product","link":"https:\/\/yazmed.ma\/ar\/product\/holter-ecg-3-pistes-pour-suivi-cardiaque-maroc\/","title":{"rendered":"Holter Rythmique ECG 3 pistes6 &#8211;  Maroc"},"content":{"rendered":"<p data-start=\"299\" data-end=\"664\">Le <strong data-start=\"302\" data-end=\"335\">Holter rythmique ECG 3 pistes<\/strong> est un dispositif portable de surveillance cardiaque continue, con\u00e7u pour enregistrer l\u2019activit\u00e9 \u00e9lectrique du c\u0153ur sur une p\u00e9riode prolong\u00e9e, g\u00e9n\u00e9ralement 24 \u00e0 48 heures. Gr\u00e2ce \u00e0 ses trois pistes, il offre une qualit\u00e9 d\u2019enregistrement optimale pour d\u00e9tecter les arythmies, les troubles du rythme et autres anomalies cardiaques.<\/p>\n<p data-start=\"666\" data-end=\"972\">Compact et l\u00e9ger, cet appareil est facile \u00e0 porter au quotidien, permettant un suivi pr\u00e9cis et non invasif de la sant\u00e9 cardiaque des patients. Id\u00e9al pour les cardiologues, h\u00f4pitaux et cliniques au Maroc, le Holter ECG 3 pistes facilite le diagnostic et la prise en charge des pathologies cardiovasculaires.<\/p>\n<p data-start=\"974\" data-end=\"1122\">Disponible chez <strong data-start=\"990\" data-end=\"1000\">Yazmed<\/strong>, fournisseur d\u2019\u00e9quipements m\u00e9dicaux professionnels au Maroc, cet appareil respecte les normes internationales de qualit\u00e9.<\/p>","protected":false},"excerpt":{"rendered":"<p>Le Holter est un dispositif qui capte l&rsquo;activit\u00e9 \u00e9lectrique du c\u0153ur et l&rsquo;enregistre en continu sur un support num\u00e9rique &#8211; enregistrement de l&rsquo;ECG sur une p\u00e9riode de 24\u00a0heures.<\/p>\n<p><strong>Caract\u00e9ristiques :<\/strong><\/p>\n<p>* Affichage\u00a0: 3 pistes<\/p>\n<p>* Temps d&rsquo;enregistrement : 24 H<\/p>\n<p>* Interface : USB 2.0<\/p>\n<p>* Pr\u00e9cision d&rsquo;\u00e9chantillonnage : 12 Bit<\/p>\n<p>* Alimentation : 2 Piles alcalines<\/p>\n<p>* Niveau Sonore : 30&lt; dB<\/p>\n<p>* CMRR : &gt;60 dB<\/p>\n<p>* Vitesse de Scan : 25 mm\/s<\/p>\n<p>* Caract\u00e9ristiques de basse fr\u00e9quence: Constante de temps &gt; 3.2s<\/p>\n<p>* Sensibilit\u00e9 standard : 10mm\/mV \u00b1 5%<\/p>\n<p>* Voltage : 1mV \u00b1 5%<\/p>\n<p>* Dimensions : 111 x 60 x 25 mm<\/p>\n<p>* Poids Net : 105 g<\/p>\n<p><strong>Accessoires fournis :<\/strong><\/p>\n<p>&#8211; C\u00e2ble de plomb<\/p>\n<p>&#8211; Sachet d&rsquo;\u00e9lectrodes<\/p>\n<p>&#8211; C\u00e2ble USB + Cl\u00e9 USB<\/p>\n<p>&#8211; Code d&rsquo;installation via site Internet (QR)<\/p>\n<p>&#8211; Etui pour Holter<\/p>\n<p>&#8211; Manuel d&rsquo;utilisation<\/p>","protected":false},"featured_media":1873,"comment_status":"open","ping_status":"closed","template":"","meta":[],"product_brand":[],"product_cat":[50,58],"product_tag":[],"class_list":{"0":"post-1357","1":"product","2":"type-product","3":"status-publish","4":"has-post-thumbnail","6":"product_cat-appareillages-diagnostic","7":"product_cat-nouvelle-collection","9":"first","10":"instock","11":"taxable","12":"shipping-taxable","13":"purchasable","14":"product-type-simple"},"yoast_head":"<!-- This site is optimized with the Yoast SEO plugin v26.9 - https:\/\/yoast.com\/product\/yoast-seo-wordpress\/ -->\n<title>Holter Rythmique ECG 3 pistes6 - Maroc - YAZMED<\/title>\n<meta name=\"robots\" content=\"index, follow, max-snippet:-1, max-image-preview:large, max-video-preview:-1\" \/>\n<link rel=\"canonical\" href=\"https:\/\/yazmed.ma\/ar\/product\/holter-rythmique-ecg-3-pistes\/\" \/>\n<meta property=\"og:locale\" content=\"ar_AR\" \/>\n<meta property=\"og:type\" content=\"article\" \/>\n<meta property=\"og:title\" content=\"Holter Rythmique ECG 3 pistes6 - Maroc - YAZMED\" \/>\n<meta property=\"og:description\" content=\"Le Holter est un dispositif qui capte l&#039;activit\u00e9 \u00e9lectrique du c\u0153ur et l&#039;enregistre en continu sur un support num\u00e9rique - enregistrement de l&#039;ECG sur une p\u00e9riode de 24\u00a0heures.  Caract\u00e9ristiques :  * Affichage\u00a0: 3 pistes  * Temps d&#039;enregistrement : 24 H  * Interface : USB 2.0  * Pr\u00e9cision d&#039;\u00e9chantillonnage : 12 Bit  * Alimentation : 2 Piles alcalines  * Niveau Sonore : 30&lt; dB  * CMRR : &gt;60 dB  * Vitesse de Scan : 25 mm\/s  * Caract\u00e9ristiques de basse fr\u00e9quence: Constante de temps &gt; 3.2s  * Sensibilit\u00e9 standard : 10mm\/mV \u00b1 5%  * Voltage : 1mV \u00b1 5%  * Dimensions : 111 x 60 x 25 mm  * Poids Net : 105 g  Accessoires fournis :  - C\u00e2ble de plomb  - Sachet d&#039;\u00e9lectrodes  - C\u00e2ble USB + Cl\u00e9 USB  - Code d&#039;installation via site Internet (QR)  - Etui pour Holter  - Manuel d&#039;utilisation\" \/>\n<meta property=\"og:url\" content=\"https:\/\/yazmed.ma\/ar\/product\/holter-rythmique-ecg-3-pistes\/\" \/>\n<meta property=\"og:site_name\" content=\"YAZMED\" \/>\n<meta property=\"article:publisher\" content=\"https:\/\/www.facebook.com\/azenkouky\" \/>\n<meta property=\"article:modified_time\" content=\"2025-07-02T19:38:48+00:00\" \/>\n<meta property=\"og:image\" content=\"https:\/\/yazmed.ma\/wp-content\/uploads\/2024\/12\/Design-sans-titre-50.png\" \/>\n\t<meta property=\"og:image:width\" content=\"570\" \/>\n\t<meta property=\"og:image:height\" content=\"517\" \/>\n\t<meta property=\"og:image:type\" content=\"image\/png\" \/>\n<meta name=\"twitter:card\" content=\"summary_large_image\" \/>\n<meta name=\"twitter:label1\" content=\"Est. reading time\" \/>\n\t<meta name=\"twitter:data1\" content=\"1 minute\" \/>\n<script type=\"application\/ld+json\" class=\"yoast-schema-graph\">{\"@context\":\"https:\/\/schema.org\",\"@graph\":[{\"@type\":\"WebPage\",\"@id\":\"https:\/\/yazmed.ma\/product\/holter-rythmique-ecg-3-pistes\/\",\"url\":\"https:\/\/yazmed.ma\/product\/holter-rythmique-ecg-3-pistes\/\",\"name\":\"Holter Rythmique ECG 3 pistes6 - Maroc - YAZMED\",\"isPartOf\":{\"@id\":\"https:\/\/yazmed.ma\/#website\"},\"primaryImageOfPage\":{\"@id\":\"https:\/\/yazmed.ma\/product\/holter-rythmique-ecg-3-pistes\/#primaryimage\"},\"image\":{\"@id\":\"https:\/\/yazmed.ma\/product\/holter-rythmique-ecg-3-pistes\/#primaryimage\"},\"thumbnailUrl\":\"https:\/\/yazmed.ma\/wp-content\/uploads\/2024\/12\/Design-sans-titre-50.png\",\"datePublished\":\"2024-12-24T09:38:57+00:00\",\"dateModified\":\"2025-07-02T19:38:48+00:00\",\"breadcrumb\":{\"@id\":\"https:\/\/yazmed.ma\/product\/holter-rythmique-ecg-3-pistes\/#breadcrumb\"},\"inLanguage\":\"ary\",\"potentialAction\":[{\"@type\":\"ReadAction\",\"target\":[\"https:\/\/yazmed.ma\/product\/holter-rythmique-ecg-3-pistes\/\"]}]},{\"@type\":\"ImageObject\",\"inLanguage\":\"ary\",\"@id\":\"https:\/\/yazmed.ma\/product\/holter-rythmique-ecg-3-pistes\/#primaryimage\",\"url\":\"https:\/\/yazmed.ma\/wp-content\/uploads\/2024\/12\/Design-sans-titre-50.png\",\"contentUrl\":\"https:\/\/yazmed.ma\/wp-content\/uploads\/2024\/12\/Design-sans-titre-50.png\",\"width\":570,\"height\":517,\"caption\":\"Holter Rythmique ECG 3 pistes Yazmed Maroc\"},{\"@type\":\"BreadcrumbList\",\"@id\":\"https:\/\/yazmed.ma\/product\/holter-rythmique-ecg-3-pistes\/#breadcrumb\",\"itemListElement\":[{\"@type\":\"ListItem\",\"position\":1,\"name\":\"Accueil\",\"item\":\"https:\/\/yazmed.ma\/\"},{\"@type\":\"ListItem\",\"position\":2,\"name\":\"Shop\",\"item\":\"https:\/\/yazmed.ma\/shop-2\/\"},{\"@type\":\"ListItem\",\"position\":3,\"name\":\"Holter Rythmique ECG 3 pistes\"}]},{\"@type\":\"WebSite\",\"@id\":\"https:\/\/yazmed.ma\/#website\",\"url\":\"https:\/\/yazmed.ma\/\",\"name\":\"Yazmed\",\"description\":\"LEADER DU MAT\u00c9RIEL M\u00c9DICAL AU MAROC\",\"publisher\":{\"@id\":\"https:\/\/yazmed.ma\/#organization\"},\"potentialAction\":[{\"@type\":\"SearchAction\",\"target\":{\"@type\":\"EntryPoint\",\"urlTemplate\":\"https:\/\/yazmed.ma\/?s={search_term_string}\"},\"query-input\":{\"@type\":\"PropertyValueSpecification\",\"valueRequired\":true,\"valueName\":\"search_term_string\"}}],\"inLanguage\":\"ary\"},{\"@type\":\"Organization\",\"@id\":\"https:\/\/yazmed.ma\/#organization\",\"name\":\"Yazmed Healthcare\",\"url\":\"https:\/\/yazmed.ma\/\",\"logo\":{\"@type\":\"ImageObject\",\"inLanguage\":\"ary\",\"@id\":\"https:\/\/yazmed.ma\/#\/schema\/logo\/image\/\",\"url\":\"https:\/\/yazmed.ma\/wp-content\/uploads\/2024\/12\/3.png\",\"contentUrl\":\"https:\/\/yazmed.ma\/wp-content\/uploads\/2024\/12\/3.png\",\"width\":250,\"height\":70,\"caption\":\"Yazmed Healthcare\"},\"image\":{\"@id\":\"https:\/\/yazmed.ma\/#\/schema\/logo\/image\/\"},\"sameAs\":[\"https:\/\/www.facebook.com\/azenkouky\",\"https:\/\/www.instagram.com\/yazmedhealthcare\",\"https:\/\/www.linkedin.com\/in\/yazmed-healthcare-1b4955295\"]}]}<\/script>\n<!-- \/ Yoast SEO plugin. -->","yoast_head_json":{"title":"Holter Rythmique ECG 3 pistes6 - Maroc - YAZMED","robots":{"index":"index","follow":"follow","max-snippet":"max-snippet:-1","max-image-preview":"max-image-preview:large","max-video-preview":"max-video-preview:-1"},"canonical":"https:\/\/yazmed.ma\/ar\/product\/holter-rythmique-ecg-3-pistes\/","og_locale":"ar_AR","og_type":"article","og_title":"Holter Rythmique ECG 3 pistes6 - Maroc - YAZMED","og_description":"Le Holter est un dispositif qui capte l'activit\u00e9 \u00e9lectrique du c\u0153ur et l'enregistre en continu sur un support num\u00e9rique - enregistrement de l'ECG sur une p\u00e9riode de 24\u00a0heures.  Caract\u00e9ristiques :  * Affichage\u00a0: 3 pistes  * Temps d'enregistrement : 24 H  * Interface : USB 2.0  * Pr\u00e9cision d'\u00e9chantillonnage : 12 Bit  * Alimentation : 2 Piles alcalines  * Niveau Sonore : 30&lt; dB  * CMRR : &gt;60 dB  * Vitesse de Scan : 25 mm\/s  * Caract\u00e9ristiques de basse fr\u00e9quence: Constante de temps &gt; 3.2s  * Sensibilit\u00e9 standard : 10mm\/mV \u00b1 5%  * Voltage : 1mV \u00b1 5%  * Dimensions : 111 x 60 x 25 mm  * Poids Net : 105 g  Accessoires fournis :  - C\u00e2ble de plomb  - Sachet d'\u00e9lectrodes  - C\u00e2ble USB + Cl\u00e9 USB  - Code d'installation via site Internet (QR)  - Etui pour Holter  - Manuel d'utilisation","og_url":"https:\/\/yazmed.ma\/ar\/product\/holter-rythmique-ecg-3-pistes\/","og_site_name":"YAZMED","article_publisher":"https:\/\/www.facebook.com\/azenkouky","article_modified_time":"2025-07-02T19:38:48+00:00","og_image":[{"width":570,"height":517,"url":"https:\/\/yazmed.ma\/wp-content\/uploads\/2024\/12\/Design-sans-titre-50.png","type":"image\/png"}],"twitter_card":"summary_large_image","twitter_misc":{"Est. reading time":"1 minute"},"schema":{"@context":"https:\/\/schema.org","@graph":[{"@type":"WebPage","@id":"https:\/\/yazmed.ma\/product\/holter-rythmique-ecg-3-pistes\/","url":"https:\/\/yazmed.ma\/product\/holter-rythmique-ecg-3-pistes\/","name":"Holter Rythmique ECG 3 pistes6 - Maroc - YAZMED","isPartOf":{"@id":"https:\/\/yazmed.ma\/#website"},"primaryImageOfPage":{"@id":"https:\/\/yazmed.ma\/product\/holter-rythmique-ecg-3-pistes\/#primaryimage"},"image":{"@id":"https:\/\/yazmed.ma\/product\/holter-rythmique-ecg-3-pistes\/#primaryimage"},"thumbnailUrl":"https:\/\/yazmed.ma\/wp-content\/uploads\/2024\/12\/Design-sans-titre-50.png","datePublished":"2024-12-24T09:38:57+00:00","dateModified":"2025-07-02T19:38:48+00:00","breadcrumb":{"@id":"https:\/\/yazmed.ma\/product\/holter-rythmique-ecg-3-pistes\/#breadcrumb"},"inLanguage":"ary","potentialAction":[{"@type":"ReadAction","target":["https:\/\/yazmed.ma\/product\/holter-rythmique-ecg-3-pistes\/"]}]},{"@type":"ImageObject","inLanguage":"ary","@id":"https:\/\/yazmed.ma\/product\/holter-rythmique-ecg-3-pistes\/#primaryimage","url":"https:\/\/yazmed.ma\/wp-content\/uploads\/2024\/12\/Design-sans-titre-50.png","contentUrl":"https:\/\/yazmed.ma\/wp-content\/uploads\/2024\/12\/Design-sans-titre-50.png","width":570,"height":517,"caption":"Holter Rythmique ECG 3 pistes Yazmed Maroc"},{"@type":"BreadcrumbList","@id":"https:\/\/yazmed.ma\/product\/holter-rythmique-ecg-3-pistes\/#breadcrumb","itemListElement":[{"@type":"ListItem","position":1,"name":"Accueil","item":"https:\/\/yazmed.ma\/"},{"@type":"ListItem","position":2,"name":"Shop","item":"https:\/\/yazmed.ma\/shop-2\/"},{"@type":"ListItem","position":3,"name":"Holter Rythmique ECG 3 pistes"}]},{"@type":"WebSite","@id":"https:\/\/yazmed.ma\/#website","url":"https:\/\/yazmed.ma\/","name":"Yazmed","description":"LEADER DU MAT\u00c9RIEL M\u00c9DICAL AU MAROC","publisher":{"@id":"https:\/\/yazmed.ma\/#organization"},"potentialAction":[{"@type":"SearchAction","target":{"@type":"EntryPoint","urlTemplate":"https:\/\/yazmed.ma\/?s={search_term_string}"},"query-input":{"@type":"PropertyValueSpecification","valueRequired":true,"valueName":"search_term_string"}}],"inLanguage":"ary"},{"@type":"Organization","@id":"https:\/\/yazmed.ma\/#organization","name":"Yazmed Healthcare","url":"https:\/\/yazmed.ma\/","logo":{"@type":"ImageObject","inLanguage":"ary","@id":"https:\/\/yazmed.ma\/#\/schema\/logo\/image\/","url":"https:\/\/yazmed.ma\/wp-content\/uploads\/2024\/12\/3.png","contentUrl":"https:\/\/yazmed.ma\/wp-content\/uploads\/2024\/12\/3.png","width":250,"height":70,"caption":"Yazmed Healthcare"},"image":{"@id":"https:\/\/yazmed.ma\/#\/schema\/logo\/image\/"},"sameAs":["https:\/\/www.facebook.com\/azenkouky","https:\/\/www.instagram.com\/yazmedhealthcare","https:\/\/www.linkedin.com\/in\/yazmed-healthcare-1b4955295"]}]}},"_links":{"self":[{"href":"https:\/\/yazmed.ma\/ar\/wp-json\/wp\/v2\/product\/1357","targetHints":{"allow":["GET"]}}],"collection":[{"href":"https:\/\/yazmed.ma\/ar\/wp-json\/wp\/v2\/product"}],"about":[{"href":"https:\/\/yazmed.ma\/ar\/wp-json\/wp\/v2\/types\/product"}],"replies":[{"embeddable":true,"href":"https:\/\/yazmed.ma\/ar\/wp-json\/wp\/v2\/comments?post=1357"}],"version-history":[{"count":1,"href":"https:\/\/yazmed.ma\/ar\/wp-json\/wp\/v2\/product\/1357\/revisions"}],"predecessor-version":[{"id":2594,"href":"https:\/\/yazmed.ma\/ar\/wp-json\/wp\/v2\/product\/1357\/revisions\/2594"}],"wp:featuredmedia":[{"embeddable":true,"href":"https:\/\/yazmed.ma\/ar\/wp-json\/wp\/v2\/media\/1873"}],"wp:attachment":[{"href":"https:\/\/yazmed.ma\/ar\/wp-json\/wp\/v2\/media?parent=1357"}],"wp:term":[{"taxonomy":"product_brand","embeddable":true,"href":"https:\/\/yazmed.ma\/ar\/wp-json\/wp\/v2\/product_brand?post=1357"},{"taxonomy":"product_cat","embeddable":true,"href":"https:\/\/yazmed.ma\/ar\/wp-json\/wp\/v2\/product_cat?post=1357"},{"taxonomy":"product_tag","embeddable":true,"href":"https:\/\/yazmed.ma\/ar\/wp-json\/wp\/v2\/product_tag?post=1357"}],"curies":[{"name":"wp","href":"https:\/\/api.w.org\/{rel}","templated":true}]}}